{"id":5208,"date":"2022-02-20T21:58:44","date_gmt":"2022-02-20T21:58:44","guid":{"rendered":"https:\/\/medicinasinc.com\/pt\/?post_type=product&#038;p=5208"},"modified":"2022-07-05T23:22:50","modified_gmt":"2022-07-05T23:22:50","slug":"buy-imovane-zopiclone-7-5-mg","status":"publish","type":"product","link":"https:\/\/medicinasinc.com\/pt\/product\/buy-imovane-zopiclone-7-5-mg\/","title":{"rendered":"Compre Imovane Zopiclona 7,5 mg"},"content":{"rendered":"<p>Os comprimidos de Imovane Zopiclone podem ser adquiridos online.<\/p>\n<p>Os comprimidos de Imovane Zopiclone podem ser adquiridos online.<\/p>\n<p>Imovane: Zopiclone pertence \u00e0 classe de medicamentos sedativo-hipn\u00f3ticos. \u00c9 prescrito para o al\u00edvio sintom\u00e1tico de problemas de sono a curto prazo.<\/p>\n","protected":false},"excerpt":{"rendered":"<div class=\"woocommerce-product-details__short-description\">\n<p>Compre zopiclone 7,5mg comprimidos online, zopiclone 7,5mg uk, zopiclone online, zopiclone eu, zopiclone singapore, zopiclone uk, zopiclone amazon, zopiclone 7,5mg comprimidos no dia seguinte entrega<\/p>\n<p>Os comprimidos de Imovane Zopiclone podem ser adquiridos online.<\/p>\n<p>Imovane: Zopiclone \u00e9 um medicamento sedativo-hipn\u00f3tico. \u00c9 usado para tratar problemas de sono a curto prazo e como tratamento sintom\u00e1tico.<\/p>\n<p>Imovane (Zopiclone) pode ser comprado on-line com uma receita m\u00e9dica v\u00e1lida australiana. Bestglobalmeds.com oferece frete gr\u00e1tis em todos os itens de prescri\u00e7\u00e3o para a Austr\u00e1lia.<\/p>\n<p>Imovane (Zopiclone) \u00e9 um medicamento sedativo-hipn\u00f3tico. \u00c9 usado para tratar problemas de sono a curto prazo e como tratamento sintom\u00e1tico.<\/p>\n<\/p><\/div>\n","protected":false},"featured_media":5226,"comment_status":"open","ping_status":"closed","template":"","meta":[],"product_brand":[],"product_cat":[1117],"product_tag":[1365,1366,1367,1368,1362,1364,1363,1369],"class_list":{"0":"post-5208","1":"product","2":"type-product","3":"status-publish","4":"has-post-thumbnail","6":"product_cat-compre-pilulas-para-dor-sono-e-sexo","7":"product_tag-buy-zopiclone-eu","8":"product_tag-buy-zopiclone-online","9":"product_tag-buy-zopiclone-singapore","10":"product_tag-buy-zopiclone-uk","11":"product_tag-comprar-zopiclone-7-5mg-comprimidos-entrega-no-dia-seguinte","12":"product_tag-buy-zopiclone-7-5mg-uk","13":"product_tag-buy-zopiclone-7-5mg-tablets-online","14":"product_tag-zopiclone-amazon","16":"first","17":"instock","18":"shipping-taxable","19":"purchasable","20":"product-type-variable","21":"has-default-attributes"},"yoast_head":"<!-- This site is optimized with the Yoast SEO plugin v27.3 - https:\/\/yoast.com\/product\/yoast-seo-wordpress\/ -->\n<title>Compre Imovane Zopiclone 7,5mg - Best Best Global Meds<\/title>\n<meta name=\"description\" content=\"compre zopiclone 7.5mg comprimidos online, compre zopiclone 7.5mg uk, compre zopiclone online, compre zopiclone eu, compre zopiclone singapore, compre zopiclone uk, zopiclone amazon, compre zopiclone 7.5mg comprimidos entrega no dia seguinte,\" \/>\n<meta name=\"robots\" content=\"index, follow, max-snippet:-1, max-image-preview:large, max-video-preview:-1\" \/>\n<link rel=\"canonical\" href=\"https:\/\/medicinasinc.com\/pt\/product\/buy-imovane-zopiclone-7-5-mg\/\" \/>\n<meta property=\"og:locale\" content=\"pt_PT\" \/>\n<meta property=\"og:type\" content=\"article\" \/>\n<meta property=\"og:title\" content=\"Compre Imovane Zopiclone 7,5mg - Best Best Global Meds\" \/>\n<meta property=\"og:description\" content=\"compre zopiclone 7.5mg comprimidos online, compre zopiclone 7.5mg uk, compre zopiclone online, compre zopiclone eu, compre zopiclone singapore, compre zopiclone uk, zopiclone amazon, compre zopiclone 7.5mg comprimidos entrega no dia seguinte,\" \/>\n<meta property=\"og:url\" content=\"https:\/\/medicinasinc.com\/pt\/product\/buy-imovane-zopiclone-7-5-mg\/\" \/>\n<meta property=\"og:site_name\" content=\"Medicinas Inc\" \/>\n<meta property=\"article:modified_time\" content=\"2022-07-05T23:22:50+00:00\" \/>\n<meta property=\"og:image\" content=\"https:\/\/medicinasinc.com\/pt\/wp-content\/uploads\/sites\/20\/2022\/02\/Buy-Imovane-Zopiclone-7.5-mg.jpg\" \/>\n\t<meta property=\"og:image:width\" content=\"570\" \/>\n\t<meta property=\"og:image:height\" content=\"340\" \/>\n\t<meta property=\"og:image:type\" content=\"image\/jpeg\" \/>\n<meta name=\"twitter:card\" content=\"summary_large_image\" \/>\n<meta name=\"twitter:label1\" content=\"Tempo estimado de leitura\" \/>\n\t<meta name=\"twitter:data1\" content=\"1 minuto\" \/>\n<script type=\"application\/ld+json\" class=\"yoast-schema-graph\">{\"@context\":\"https:\\\/\\\/schema.org\",\"@graph\":[{\"@type\":\"WebPage\",\"@id\":\"https:\\\/\\\/medicinasinc.com\\\/pt\\\/product\\\/buy-imovane-zopiclone-7-5-mg\\\/\",\"url\":\"https:\\\/\\\/medicinasinc.com\\\/pt\\\/product\\\/buy-imovane-zopiclone-7-5-mg\\\/\",\"name\":\"Compre Imovane Zopiclone 7,5mg - Best Best Global Meds\",\"isPartOf\":{\"@id\":\"https:\\\/\\\/medicinasinc.com\\\/pt\\\/#website\"},\"primaryImageOfPage\":{\"@id\":\"https:\\\/\\\/medicinasinc.com\\\/pt\\\/product\\\/buy-imovane-zopiclone-7-5-mg\\\/#primaryimage\"},\"image\":{\"@id\":\"https:\\\/\\\/medicinasinc.com\\\/pt\\\/product\\\/buy-imovane-zopiclone-7-5-mg\\\/#primaryimage\"},\"thumbnailUrl\":\"https:\\\/\\\/medicinasinc.com\\\/pt\\\/wp-content\\\/uploads\\\/sites\\\/20\\\/2022\\\/02\\\/Buy-Imovane-Zopiclone-7.5-mg.jpg\",\"datePublished\":\"2022-02-20T21:58:44+00:00\",\"dateModified\":\"2022-07-05T23:22:50+00:00\",\"description\":\"compre zopiclone 7.5mg comprimidos online, compre zopiclone 7.5mg uk, compre zopiclone online, compre zopiclone eu, compre zopiclone singapore, compre zopiclone uk, zopiclone amazon, compre zopiclone 7.5mg comprimidos entrega no dia seguinte,\",\"breadcrumb\":{\"@id\":\"https:\\\/\\\/medicinasinc.com\\\/pt\\\/product\\\/buy-imovane-zopiclone-7-5-mg\\\/#breadcrumb\"},\"inLanguage\":\"pt-PT\",\"potentialAction\":[{\"@type\":\"ReadAction\",\"target\":[\"https:\\\/\\\/medicinasinc.com\\\/pt\\\/product\\\/buy-imovane-zopiclone-7-5-mg\\\/\"]}]},{\"@type\":\"ImageObject\",\"inLanguage\":\"pt-PT\",\"@id\":\"https:\\\/\\\/medicinasinc.com\\\/pt\\\/product\\\/buy-imovane-zopiclone-7-5-mg\\\/#primaryimage\",\"url\":\"https:\\\/\\\/medicinasinc.com\\\/pt\\\/wp-content\\\/uploads\\\/sites\\\/20\\\/2022\\\/02\\\/Buy-Imovane-Zopiclone-7.5-mg.jpg\",\"contentUrl\":\"https:\\\/\\\/medicinasinc.com\\\/pt\\\/wp-content\\\/uploads\\\/sites\\\/20\\\/2022\\\/02\\\/Buy-Imovane-Zopiclone-7.5-mg.jpg\",\"width\":570,\"height\":340},{\"@type\":\"BreadcrumbList\",\"@id\":\"https:\\\/\\\/medicinasinc.com\\\/pt\\\/product\\\/buy-imovane-zopiclone-7-5-mg\\\/#breadcrumb\",\"itemListElement\":[{\"@type\":\"ListItem\",\"position\":1,\"name\":\"Comprar\",\"item\":\"https:\\\/\\\/medicinasinc.com\\\/pt\\\/comprar\\\/\"},{\"@type\":\"ListItem\",\"position\":2,\"name\":\"Compre Imovane Zopiclona 7,5 mg\"}]},{\"@type\":\"WebSite\",\"@id\":\"https:\\\/\\\/medicinasinc.com\\\/pt\\\/#website\",\"url\":\"https:\\\/\\\/medicinasinc.com\\\/pt\\\/\",\"name\":\"Medicinas Inc\",\"description\":\"Health Medical Clinic\",\"potentialAction\":[{\"@type\":\"SearchAction\",\"target\":{\"@type\":\"EntryPoint\",\"urlTemplate\":\"https:\\\/\\\/medicinasinc.com\\\/pt\\\/?s={search_term_string}\"},\"query-input\":{\"@type\":\"PropertyValueSpecification\",\"valueRequired\":true,\"valueName\":\"search_term_string\"}}],\"inLanguage\":\"pt-PT\"}]}<\/script>\n<!-- \/ Yoast SEO plugin. -->","yoast_head_json":{"title":"Compre Imovane Zopiclone 7,5mg - Best Best Global Meds","description":"compre zopiclone 7.5mg comprimidos online, compre zopiclone 7.5mg uk, compre zopiclone online, compre zopiclone eu, compre zopiclone singapore, compre zopiclone uk, zopiclone amazon, compre zopiclone 7.5mg comprimidos entrega no dia seguinte,","robots":{"index":"index","follow":"follow","max-snippet":"max-snippet:-1","max-image-preview":"max-image-preview:large","max-video-preview":"max-video-preview:-1"},"canonical":"https:\/\/medicinasinc.com\/pt\/product\/buy-imovane-zopiclone-7-5-mg\/","og_locale":"pt_PT","og_type":"article","og_title":"Compre Imovane Zopiclone 7,5mg - Best Best Global Meds","og_description":"compre zopiclone 7.5mg comprimidos online, compre zopiclone 7.5mg uk, compre zopiclone online, compre zopiclone eu, compre zopiclone singapore, compre zopiclone uk, zopiclone amazon, compre zopiclone 7.5mg comprimidos entrega no dia seguinte,","og_url":"https:\/\/medicinasinc.com\/pt\/product\/buy-imovane-zopiclone-7-5-mg\/","og_site_name":"Medicinas Inc","article_modified_time":"2022-07-05T23:22:50+00:00","og_image":[{"width":570,"height":340,"url":"https:\/\/medicinasinc.com\/pt\/wp-content\/uploads\/sites\/20\/2022\/02\/Buy-Imovane-Zopiclone-7.5-mg.jpg","type":"image\/jpeg"}],"twitter_card":"summary_large_image","twitter_misc":{"Tempo estimado de leitura":"1 minuto"},"schema":{"@context":"https:\/\/schema.org","@graph":[{"@type":"WebPage","@id":"https:\/\/medicinasinc.com\/pt\/product\/buy-imovane-zopiclone-7-5-mg\/","url":"https:\/\/medicinasinc.com\/pt\/product\/buy-imovane-zopiclone-7-5-mg\/","name":"Compre Imovane Zopiclone 7,5mg - Best Best Global Meds","isPartOf":{"@id":"https:\/\/medicinasinc.com\/pt\/#website"},"primaryImageOfPage":{"@id":"https:\/\/medicinasinc.com\/pt\/product\/buy-imovane-zopiclone-7-5-mg\/#primaryimage"},"image":{"@id":"https:\/\/medicinasinc.com\/pt\/product\/buy-imovane-zopiclone-7-5-mg\/#primaryimage"},"thumbnailUrl":"https:\/\/medicinasinc.com\/pt\/wp-content\/uploads\/sites\/20\/2022\/02\/Buy-Imovane-Zopiclone-7.5-mg.jpg","datePublished":"2022-02-20T21:58:44+00:00","dateModified":"2022-07-05T23:22:50+00:00","description":"compre zopiclone 7.5mg comprimidos online, compre zopiclone 7.5mg uk, compre zopiclone online, compre zopiclone eu, compre zopiclone singapore, compre zopiclone uk, zopiclone amazon, compre zopiclone 7.5mg comprimidos entrega no dia seguinte,","breadcrumb":{"@id":"https:\/\/medicinasinc.com\/pt\/product\/buy-imovane-zopiclone-7-5-mg\/#breadcrumb"},"inLanguage":"pt-PT","potentialAction":[{"@type":"ReadAction","target":["https:\/\/medicinasinc.com\/pt\/product\/buy-imovane-zopiclone-7-5-mg\/"]}]},{"@type":"ImageObject","inLanguage":"pt-PT","@id":"https:\/\/medicinasinc.com\/pt\/product\/buy-imovane-zopiclone-7-5-mg\/#primaryimage","url":"https:\/\/medicinasinc.com\/pt\/wp-content\/uploads\/sites\/20\/2022\/02\/Buy-Imovane-Zopiclone-7.5-mg.jpg","contentUrl":"https:\/\/medicinasinc.com\/pt\/wp-content\/uploads\/sites\/20\/2022\/02\/Buy-Imovane-Zopiclone-7.5-mg.jpg","width":570,"height":340},{"@type":"BreadcrumbList","@id":"https:\/\/medicinasinc.com\/pt\/product\/buy-imovane-zopiclone-7-5-mg\/#breadcrumb","itemListElement":[{"@type":"ListItem","position":1,"name":"Comprar","item":"https:\/\/medicinasinc.com\/pt\/comprar\/"},{"@type":"ListItem","position":2,"name":"Compre Imovane Zopiclona 7,5 mg"}]},{"@type":"WebSite","@id":"https:\/\/medicinasinc.com\/pt\/#website","url":"https:\/\/medicinasinc.com\/pt\/","name":"Medicinas Inc","description":"Health Medical Clinic","potentialAction":[{"@type":"SearchAction","target":{"@type":"EntryPoint","urlTemplate":"https:\/\/medicinasinc.com\/pt\/?s={search_term_string}"},"query-input":{"@type":"PropertyValueSpecification","valueRequired":true,"valueName":"search_term_string"}}],"inLanguage":"pt-PT"}]}},"_links":{"self":[{"href":"https:\/\/medicinasinc.com\/pt\/wp-json\/wp\/v2\/product\/5208","targetHints":{"allow":["GET"]}}],"collection":[{"href":"https:\/\/medicinasinc.com\/pt\/wp-json\/wp\/v2\/product"}],"about":[{"href":"https:\/\/medicinasinc.com\/pt\/wp-json\/wp\/v2\/types\/product"}],"replies":[{"embeddable":true,"href":"https:\/\/medicinasinc.com\/pt\/wp-json\/wp\/v2\/comments?post=5208"}],"wp:featuredmedia":[{"embeddable":true,"href":"https:\/\/medicinasinc.com\/pt\/wp-json\/wp\/v2\/media\/5226"}],"wp:attachment":[{"href":"https:\/\/medicinasinc.com\/pt\/wp-json\/wp\/v2\/media?parent=5208"}],"wp:term":[{"taxonomy":"product_brand","embeddable":true,"href":"https:\/\/medicinasinc.com\/pt\/wp-json\/wp\/v2\/product_brand?post=5208"},{"taxonomy":"product_cat","embeddable":true,"href":"https:\/\/medicinasinc.com\/pt\/wp-json\/wp\/v2\/product_cat?post=5208"},{"taxonomy":"product_tag","embeddable":true,"href":"https:\/\/medicinasinc.com\/pt\/wp-json\/wp\/v2\/product_tag?post=5208"}],"curies":[{"name":"wp","href":"https:\/\/api.w.org\/{rel}","templated":true}]}}