{"id":5207,"date":"2022-02-20T21:57:05","date_gmt":"2022-02-20T21:57:05","guid":{"rendered":"https:\/\/medicinasinc.com\/pt\/?post_type=product&#038;p=5207"},"modified":"2022-07-05T23:23:05","modified_gmt":"2022-07-05T23:23:05","slug":"comprar-imitrex-sumatriptano-100-mg","status":"publish","type":"product","link":"https:\/\/medicinasinc.com\/pt\/product\/comprar-imitrex-sumatriptano-100-mg\/","title":{"rendered":"Compre Imitrex Sumatriptano 100 mg"},"content":{"rendered":"<div class=\"product-next-previous\">\n<div class=\"product-prev\">\n<p>Compre on-line Imitrex 100mg comprimidos Informa\u00e7\u00f5es sobre o Imitrex (marca e gen\u00e9rico)<\/p>\n<p>Bestglobalmeds.com\u00a0atualmente vende o marca Imitrex, comumente conhecida como Imigran, fabricada pela GSK na Turquia e Aspen na Austr\u00e1lia. Al\u00e9m disso, carregamos a marca GSK Imitrex do Canad\u00e1. Sumatriptano est\u00e1 dispon\u00edvel genericamente na Pharma Science no Canad\u00e1, Sun Pharma na \u00cdndia (Suminat) e Dexcel Pharma e Accord Pharma no Reino Unido.<\/p>\n<p>Dosagem<\/p>\n<p>Imitrex vem em uma variedade de formula\u00e7\u00f5es e n\u00edveis de dosagem. O Imitrex e o Sumatriptano est\u00e3o dispon\u00edveis nas formas farmac\u00eauticas de comprimidos de 50 mg e 100 mg. Al\u00e9m disso, fornecemos comprimidos gen\u00e9ricos de Imitrex 25 mg. Al\u00e9m disso, a marca Imitrex est\u00e1 dispon\u00edvel em embalagens de spray nasal de 20 mg, frascos injet\u00e1veis \u200b\u200bde 6 mg\/0,5 ml, kits iniciais de dose estat\u00edstica e cartuchos de dose estat\u00edstica.<\/p>\n<p>Uso<\/p>\n<p>Imitrex (Sumatriptano) \u00e9 um medicamento usado para tratar enxaquecas. Imitrex n\u00e3o previne enxaquecas nem diminui a sua frequ\u00eancia. \u00c9 usado apenas para tratar os sintomas de enxaqueca que j\u00e1 come\u00e7aram. Ajuda no al\u00edvio de dores de cabe\u00e7a, desconforto e outros sintomas de enxaqueca, como n\u00e1useas, v\u00f4mitos e sensibilidade \u00e0 luz ou ao som. Sumatriptano \u00e9 um membro da classe de medicamentos triptanos. Este medicamento funciona interferindo com uma subst\u00e2ncia qu\u00edmica natural (serotonina) que causa a constri\u00e7\u00e3o das art\u00e9rias sangu\u00edneas do c\u00e9rebro. Al\u00e9m disso, aliviar\u00e1 a dor influenciando nervos espec\u00edficos no c\u00e9rebro.<\/p>\n<p>Consequ\u00eancias<\/p>\n<p>Consulte seu m\u00e9dico imediatamente se tiver algum dos seguintes efeitos colaterais graves: t\u00f3rax, mand\u00edbula ou esquerdo dor no bra\u00e7o; diarreia sanguinolenta; desmaio; batimentos card\u00edacos r\u00e1pidos, irregulares e acelerados; problemas mentais\/de humor; dor severa de est\u00f4mago\/abdominal; dor tor\u00e1cica intensa; convuls\u00f5es; fala arrastada; altera\u00e7\u00f5es visuais. A seguir est\u00e3o alguns dos efeitos adversos mais prevalentes: \u2022 Tonturas e sonol\u00eancia; \u2022 Sensa\u00e7\u00f5es de formigamento\/dorm\u00eancia\/comich\u00e3o\/calor; \u2022 Rubor.<br \/> \u2022 Press\u00e3o arterial elevada \u2014 Verifique regularmente a sua press\u00e3o arterial para garantir a seguran\u00e7a;<br \/> \u2022 Exaust\u00e3o; \u2022 Fraqueza<\/p>\n<p>Contra-indica\u00e7\u00f5es e Intera\u00e7\u00f5es<\/p>\n<p>Imitrex n\u00e3o deve ser usado para tratar uma cefaleia tensional comum ou uma que resulte em perda de movimento em um lado do corpo. Imitrex n\u00e3o deve ser utilizado se for al\u00e9rgico ao sumatriptano ou se tiver as seguintes condi\u00e7\u00f5es: \u2022 Hist\u00f3ria de ataque card\u00edaco ou acidente vascular cerebral; \u2022 Certos dist\u00farbios do ritmo card\u00edaco; \u2022 Problemas de circula\u00e7\u00e3o resultando em falta de suprimento de sangue para o corpo; \u2022 Problemas card\u00edacos; \u2022 Doen\u00e7a hep\u00e1tica ou renal; \u2022 Press\u00e3o arterial alta n\u00e3o controlada;<\/p>\n<p>Imitrex n\u00e3o deve ser tomado dentro de 24 horas ap\u00f3s o uso de qualquer outro tratamento de enxaqueca. Informe o seu m\u00e9dico sobre todos os medicamentos atuais que voc\u00ea est\u00e1 tomando, incluindo medicamentos prescritos, de venda livre e fitoter\u00e1picos, incluindo IMAOs, inibidores seletivos de recapta\u00e7\u00e3o de serotonina e inibidores de recapta\u00e7\u00e3o de norepinefrina. A sumatriptana pode causar tontura ou sonol\u00eancia. \u00c1lcool ou maconha podem aumentar sua tontura ou sonol\u00eancia. Evite dirigir, operar m\u00e1quinas ou realizar qualquer outra atividade que requeira aten\u00e7\u00e3o. Consuma bebidas alco\u00f3licas com modera\u00e7\u00e3o. Imitrex n\u00e3o \u00e9 conhecido por causar danos ao feto. Se estiver gr\u00e1vida, consulte o seu m\u00e9dico. A sumatriptana \u00e9 excretada no leite materno e pode causar danos ao lactente. A amamenta\u00e7\u00e3o deve ser evitada por 12 horas ap\u00f3s o uso de Imitrex. O Imitrex n\u00e3o \u00e9 recomendado para menores de 18 anos.<\/p>\n<p>Perguntas e respostas<br \/> Por que o Imitrex \u00e9 mais barato no Canad\u00e1 do que nos Estados Unidos?<\/p>\n<p>Em geral , todos os pre\u00e7os dos medicamentos, n\u00e3o apenas o Imitrex, s\u00e3o mais razo\u00e1veis \u200b\u200bquando comprados no Canad\u00e1, pois o governo regula o pre\u00e7o dos medicamentos de marca e gen\u00e9ricos. Al\u00e9m disso, desde nosso in\u00edcio em 2006, nosso objetivo foi fornecer medicamentos seguros e baratos para o povo dos Estados Unidos.<\/p>\n<p>Comprar Imitrex em sua farm\u00e1cia \u00e9 seguro?<\/p>\n<p>Nossos produtos s\u00e3o provenientes exclusivamente de instala\u00e7\u00f5es que foram certificadas por autoridades dos pa\u00edses de onde s\u00e3o importados. CanadaPharmacyOnline.com emprega um rigoroso procedimento de sele\u00e7\u00e3o para nossos parceiros para garantir que voc\u00ea, nosso cliente, receba a medica\u00e7\u00e3o mais segura poss\u00edvel. Al\u00e9m disso, somos uma farm\u00e1cia canadense certificada que cumpre todas as leis provinciais.<\/p>\n<p>Quanto custa o Imitrex 100 mg gen\u00e9rico na sua farm\u00e1cia?<\/p>\n<p>O Imitrex 100 mg gen\u00e9rico est\u00e1 dispon\u00edvel por um pre\u00e7o t\u00e3o baixo por US$ 28,99 para 12 comprimidos, enquanto a dosagem de 50 mg est\u00e1 dispon\u00edvel por apenas US$ 57,99 para 18 comprimidos.<\/p>\n<p>Quanto custa um comprimido?<\/p>\n<p>Imitrex 100 mg est\u00e1 dispon\u00edvel como gen\u00e9rico por US$ 2,27 por comprimido e em forma de marca por US$ 8,67 por comprimido em nossa farm\u00e1cia.<\/p>\n<p>Quanto custa o frete?<\/p>\n<p>Nosso pre\u00e7o de entrega com taxa fixa \u00e9 de US$ 10,00 por pedido. Nossa farm\u00e1cia est\u00e1 empenhada em fornecer a voc\u00ea o menor pre\u00e7o poss\u00edvel em itens de alta qualidade.<\/p>\n<p>Como fa\u00e7o um pedido na sua farm\u00e1cia?<\/p>\n<p>\u00c9 muito f\u00e1cil encomendar Imitrex conosco . Voc\u00ea pode fazer seu pedido online ou por telefone com o Atendimento ao Cliente. Visite nossa p\u00e1gina Como fazer o pedido para obter informa\u00e7\u00f5es adicionais ou para iniciar o processo de pedido.<\/p>\n<p>O pre\u00e7o do Imitrex \u00e9 competitivo?<\/p>\n<p>Sim, temos orgulho em oferecer alguns dos pre\u00e7os mais baixos dispon\u00edveis nas farm\u00e1cias canadenses. Em raras situa\u00e7\u00f5es, podemos igualar ou superar os pre\u00e7os de nossos concorrentes. Por favor, entre em contato com nosso atendimento ao cliente pelo telefone 1866.920.3784.<\/p>\n<p>Posso comprar o Imitrex de voc\u00ea no balc\u00e3o?<\/p>\n<p>N\u00e3o, o Imitrex s\u00f3 est\u00e1 dispon\u00edvel com uma receita v\u00e1lida do seu m\u00e9dico. Sem receita m\u00e9dica v\u00e1lida, n\u00e3o vendemos este produto.<\/p>\n<p>Imitrex 50 mg vs. Imitrex 100 mg: qual \u00e9 a diferen\u00e7a?<\/p>\n<p>A diferen\u00e7a de dose reflete a quantidade de ingrediente(s) ativo(s) ) inclu\u00eddo no medicamento.<\/p>\n<p>Mecanismo de a\u00e7\u00e3o do Imitrex<\/p>\n<\/p><\/div><\/div>\n<div class=\"product-next-previous\">\n<div class=\"product-prev\"><\/div><\/div>\n","protected":false},"excerpt":{"rendered":"<div class=\"woocommerce-product-details__short-description\">\n<p>Os comprimidos de Imitrex Sumatriptano 100mg podem ser comprados online. O imitrex \u00e9 um agonista do receptor de serotonina 5-HT1B\/1D (triptano) aprovado para o tratamento imediato de enxaquecas em adultos com ou sem aura.<\/p>\n<p>O sumatriptano pode ser adquirido on-line em nossa farm\u00e1cia on-line registrada no Reino Unido.<\/p>\n<p> p&gt; <\/p>\n<p>Sumatriptano \u00e9 um medicamento para enxaqueca com um r\u00e1pido in\u00edcio de a\u00e7\u00e3o. Pre\u00e7o mais baixo garantido no Reino Unido.<\/p>\n<p>Os comprimidos para al\u00edvio da enxaqueca de Sumatriptano podem ser comprados on-line com seguran\u00e7a em uma farm\u00e1cia do Reino Unido.<\/p>\n<p>Sumatriptano \u00e9 uma forma gen\u00e9rica de Imigran que \u00e9 mais barata. <\/p>\n<p>Compre Imitrex (Sumatriptano) com desconto em uma farm\u00e1cia licenciada da Best global meds&#8230;. 50mg100mg<\/p>\n<p>Compre Imitrex online hoje em nossa farm\u00e1cia canadense!<\/p>\n<\/p><\/div>\n","protected":false},"featured_media":5224,"comment_status":"open","ping_status":"closed","template":"","meta":[],"product_brand":[],"product_cat":[1117],"product_tag":[1339,1346,1356,1341,1342,1344,1345,1340,1361,1359,1348,1360,1357,1343,1351,1352,1353,1358,1349,1350,1347,1354,1355,1338],"class_list":{"0":"post-5207","1":"product","2":"type-product","3":"status-publish","4":"has-post-thumbnail","6":"product_cat-compre-pilulas-para-dor-sono-e-sexo","7":"product_tag-comprar-sumatriptano-online-eua","8":"product_tag-is-sumatriptano-imitrex","9":"product_tag-efeitos-colaterais-do-sumatriptano","10":"product_tag-imitrex-spray-nasal-sumatriptano","11":"product_tag-imitrex-sumatriptano","12":"product_tag-imitrex-vs-sumatriptan","13":"product_tag-injeo-sumatriptano-imitrex","14":"product_tag-faz-imitrex-genrico-sumatriptano","15":"product_tag-onde-comprar-sumatriptano-sem-receita","16":"product_tag-para-que-serve-sumatriptano-100-mg","17":"product_tag-preo-do-comprimido-de-sumatriptano-imitrex-50-mg","18":"product_tag-quando-deve-sumatriptano-imitrex-ser-evitado","19":"product_tag-sumatriptano-succinato-imitrex","20":"product_tag-imitrex-sumatriptano-succinato","21":"product_tag-sumatriptan-50mg","22":"product_tag-sumatriptan-imitrex","23":"product_tag-sumatriptan-imitrex-patch","24":"product_tag-sumatriptan-vs-imitrex","25":"product_tag-sumatriptano-100-mg-on-line","26":"product_tag-sumatriptano-50-mg-de-venda-livre","27":"product_tag--sumatriptano-o-mesmo-que-imitrex","28":"product_tag-sumatriptano-imitrex-treximet","29":"product_tag-sumatriptano-de-venda-livre-eua","30":"product_tag-um-paciente-est-sofrendo-de-enxaqueca-dor-de-cabea-qual--a-ao-de-sumatriptano-imitrex","32":"first","33":"instock","34":"shipping-taxable","35":"purchasable","36":"product-type-variable","37":"has-default-attributes"},"yoast_head":"<!-- This site is optimized with the Yoast SEO plugin v27.3 - https:\/\/yoast.com\/product\/yoast-seo-wordpress\/ -->\n<title>Compre imitrex Sumatriptano 100 mg - Best Global Meds<\/title>\n<meta name=\"description\" content=\"Compre imitrex Sumatriptano 100 mg\u00a0comprimidos para al\u00edvio da enxaqueca com seguran\u00e7a em uma farm\u00e1cia on-line do Reino Unido. A sumatriptana\u00a0\u00e9 uma vers\u00e3o gen\u00e9rica e mais barata do Imigran.\" \/>\n<meta name=\"robots\" content=\"index, follow, max-snippet:-1, max-image-preview:large, max-video-preview:-1\" \/>\n<link rel=\"canonical\" href=\"https:\/\/medicinasinc.com\/pt\/product\/comprar-imitrex-sumatriptano-100-mg\/\" \/>\n<meta property=\"og:locale\" content=\"pt_PT\" \/>\n<meta property=\"og:type\" content=\"article\" \/>\n<meta property=\"og:title\" content=\"Compre imitrex Sumatriptano 100 mg - Best Global Meds\" \/>\n<meta property=\"og:description\" content=\"Compre imitrex Sumatriptano 100 mg\u00a0comprimidos para al\u00edvio da enxaqueca com seguran\u00e7a em uma farm\u00e1cia on-line do Reino Unido. A sumatriptana\u00a0\u00e9 uma vers\u00e3o gen\u00e9rica e mais barata do Imigran.\" \/>\n<meta property=\"og:url\" content=\"https:\/\/medicinasinc.com\/pt\/product\/comprar-imitrex-sumatriptano-100-mg\/\" \/>\n<meta property=\"og:site_name\" content=\"Medicinas Inc\" \/>\n<meta property=\"article:modified_time\" content=\"2022-07-05T23:23:05+00:00\" \/>\n<meta property=\"og:image\" content=\"https:\/\/medicinasinc.com\/pt\/wp-content\/uploads\/sites\/20\/2022\/02\/Buy-imitrex-Sumatriptan-100-mg.jpg\" \/>\n\t<meta property=\"og:image:width\" content=\"846\" \/>\n\t<meta property=\"og:image:height\" content=\"600\" \/>\n\t<meta property=\"og:image:type\" content=\"image\/jpeg\" \/>\n<meta name=\"twitter:card\" content=\"summary_large_image\" \/>\n<meta name=\"twitter:label1\" content=\"Tempo estimado de leitura\" \/>\n\t<meta name=\"twitter:data1\" content=\"4 minutos\" \/>\n<script type=\"application\/ld+json\" class=\"yoast-schema-graph\">{\"@context\":\"https:\\\/\\\/schema.org\",\"@graph\":[{\"@type\":\"WebPage\",\"@id\":\"https:\\\/\\\/medicinasinc.com\\\/pt\\\/product\\\/comprar-imitrex-sumatriptano-100-mg\\\/\",\"url\":\"https:\\\/\\\/medicinasinc.com\\\/pt\\\/product\\\/comprar-imitrex-sumatriptano-100-mg\\\/\",\"name\":\"Compre imitrex Sumatriptano 100 mg - Best Global Meds\",\"isPartOf\":{\"@id\":\"https:\\\/\\\/medicinasinc.com\\\/pt\\\/#website\"},\"primaryImageOfPage\":{\"@id\":\"https:\\\/\\\/medicinasinc.com\\\/pt\\\/product\\\/comprar-imitrex-sumatriptano-100-mg\\\/#primaryimage\"},\"image\":{\"@id\":\"https:\\\/\\\/medicinasinc.com\\\/pt\\\/product\\\/comprar-imitrex-sumatriptano-100-mg\\\/#primaryimage\"},\"thumbnailUrl\":\"https:\\\/\\\/medicinasinc.com\\\/pt\\\/wp-content\\\/uploads\\\/sites\\\/20\\\/2022\\\/02\\\/Buy-imitrex-Sumatriptan-100-mg.jpg\",\"datePublished\":\"2022-02-20T21:57:05+00:00\",\"dateModified\":\"2022-07-05T23:23:05+00:00\",\"description\":\"Compre imitrex Sumatriptano 100 mg\u00a0comprimidos para al\u00edvio da enxaqueca com seguran\u00e7a em uma farm\u00e1cia on-line do Reino Unido. A sumatriptana\u00a0\u00e9 uma vers\u00e3o gen\u00e9rica e mais barata do Imigran.\",\"breadcrumb\":{\"@id\":\"https:\\\/\\\/medicinasinc.com\\\/pt\\\/product\\\/comprar-imitrex-sumatriptano-100-mg\\\/#breadcrumb\"},\"inLanguage\":\"pt-PT\",\"potentialAction\":[{\"@type\":\"ReadAction\",\"target\":[\"https:\\\/\\\/medicinasinc.com\\\/pt\\\/product\\\/comprar-imitrex-sumatriptano-100-mg\\\/\"]}]},{\"@type\":\"ImageObject\",\"inLanguage\":\"pt-PT\",\"@id\":\"https:\\\/\\\/medicinasinc.com\\\/pt\\\/product\\\/comprar-imitrex-sumatriptano-100-mg\\\/#primaryimage\",\"url\":\"https:\\\/\\\/medicinasinc.com\\\/pt\\\/wp-content\\\/uploads\\\/sites\\\/20\\\/2022\\\/02\\\/Buy-imitrex-Sumatriptan-100-mg.jpg\",\"contentUrl\":\"https:\\\/\\\/medicinasinc.com\\\/pt\\\/wp-content\\\/uploads\\\/sites\\\/20\\\/2022\\\/02\\\/Buy-imitrex-Sumatriptan-100-mg.jpg\",\"width\":846,\"height\":600},{\"@type\":\"BreadcrumbList\",\"@id\":\"https:\\\/\\\/medicinasinc.com\\\/pt\\\/product\\\/comprar-imitrex-sumatriptano-100-mg\\\/#breadcrumb\",\"itemListElement\":[{\"@type\":\"ListItem\",\"position\":1,\"name\":\"Comprar\",\"item\":\"https:\\\/\\\/medicinasinc.com\\\/pt\\\/comprar\\\/\"},{\"@type\":\"ListItem\",\"position\":2,\"name\":\"Compre Imitrex Sumatriptano 100 mg\"}]},{\"@type\":\"WebSite\",\"@id\":\"https:\\\/\\\/medicinasinc.com\\\/pt\\\/#website\",\"url\":\"https:\\\/\\\/medicinasinc.com\\\/pt\\\/\",\"name\":\"Medicinas Inc\",\"description\":\"Health Medical Clinic\",\"potentialAction\":[{\"@type\":\"SearchAction\",\"target\":{\"@type\":\"EntryPoint\",\"urlTemplate\":\"https:\\\/\\\/medicinasinc.com\\\/pt\\\/?s={search_term_string}\"},\"query-input\":{\"@type\":\"PropertyValueSpecification\",\"valueRequired\":true,\"valueName\":\"search_term_string\"}}],\"inLanguage\":\"pt-PT\"}]}<\/script>\n<!-- \/ Yoast SEO plugin. -->","yoast_head_json":{"title":"Compre imitrex Sumatriptano 100 mg - Best Global Meds","description":"Compre imitrex Sumatriptano 100 mg\u00a0comprimidos para al\u00edvio da enxaqueca com seguran\u00e7a em uma farm\u00e1cia on-line do Reino Unido. A sumatriptana\u00a0\u00e9 uma vers\u00e3o gen\u00e9rica e mais barata do Imigran.","robots":{"index":"index","follow":"follow","max-snippet":"max-snippet:-1","max-image-preview":"max-image-preview:large","max-video-preview":"max-video-preview:-1"},"canonical":"https:\/\/medicinasinc.com\/pt\/product\/comprar-imitrex-sumatriptano-100-mg\/","og_locale":"pt_PT","og_type":"article","og_title":"Compre imitrex Sumatriptano 100 mg - Best Global Meds","og_description":"Compre imitrex Sumatriptano 100 mg\u00a0comprimidos para al\u00edvio da enxaqueca com seguran\u00e7a em uma farm\u00e1cia on-line do Reino Unido. A sumatriptana\u00a0\u00e9 uma vers\u00e3o gen\u00e9rica e mais barata do Imigran.","og_url":"https:\/\/medicinasinc.com\/pt\/product\/comprar-imitrex-sumatriptano-100-mg\/","og_site_name":"Medicinas Inc","article_modified_time":"2022-07-05T23:23:05+00:00","og_image":[{"width":846,"height":600,"url":"https:\/\/medicinasinc.com\/pt\/wp-content\/uploads\/sites\/20\/2022\/02\/Buy-imitrex-Sumatriptan-100-mg.jpg","type":"image\/jpeg"}],"twitter_card":"summary_large_image","twitter_misc":{"Tempo estimado de leitura":"4 minutos"},"schema":{"@context":"https:\/\/schema.org","@graph":[{"@type":"WebPage","@id":"https:\/\/medicinasinc.com\/pt\/product\/comprar-imitrex-sumatriptano-100-mg\/","url":"https:\/\/medicinasinc.com\/pt\/product\/comprar-imitrex-sumatriptano-100-mg\/","name":"Compre imitrex Sumatriptano 100 mg - Best Global Meds","isPartOf":{"@id":"https:\/\/medicinasinc.com\/pt\/#website"},"primaryImageOfPage":{"@id":"https:\/\/medicinasinc.com\/pt\/product\/comprar-imitrex-sumatriptano-100-mg\/#primaryimage"},"image":{"@id":"https:\/\/medicinasinc.com\/pt\/product\/comprar-imitrex-sumatriptano-100-mg\/#primaryimage"},"thumbnailUrl":"https:\/\/medicinasinc.com\/pt\/wp-content\/uploads\/sites\/20\/2022\/02\/Buy-imitrex-Sumatriptan-100-mg.jpg","datePublished":"2022-02-20T21:57:05+00:00","dateModified":"2022-07-05T23:23:05+00:00","description":"Compre imitrex Sumatriptano 100 mg\u00a0comprimidos para al\u00edvio da enxaqueca com seguran\u00e7a em uma farm\u00e1cia on-line do Reino Unido. A sumatriptana\u00a0\u00e9 uma vers\u00e3o gen\u00e9rica e mais barata do Imigran.","breadcrumb":{"@id":"https:\/\/medicinasinc.com\/pt\/product\/comprar-imitrex-sumatriptano-100-mg\/#breadcrumb"},"inLanguage":"pt-PT","potentialAction":[{"@type":"ReadAction","target":["https:\/\/medicinasinc.com\/pt\/product\/comprar-imitrex-sumatriptano-100-mg\/"]}]},{"@type":"ImageObject","inLanguage":"pt-PT","@id":"https:\/\/medicinasinc.com\/pt\/product\/comprar-imitrex-sumatriptano-100-mg\/#primaryimage","url":"https:\/\/medicinasinc.com\/pt\/wp-content\/uploads\/sites\/20\/2022\/02\/Buy-imitrex-Sumatriptan-100-mg.jpg","contentUrl":"https:\/\/medicinasinc.com\/pt\/wp-content\/uploads\/sites\/20\/2022\/02\/Buy-imitrex-Sumatriptan-100-mg.jpg","width":846,"height":600},{"@type":"BreadcrumbList","@id":"https:\/\/medicinasinc.com\/pt\/product\/comprar-imitrex-sumatriptano-100-mg\/#breadcrumb","itemListElement":[{"@type":"ListItem","position":1,"name":"Comprar","item":"https:\/\/medicinasinc.com\/pt\/comprar\/"},{"@type":"ListItem","position":2,"name":"Compre Imitrex Sumatriptano 100 mg"}]},{"@type":"WebSite","@id":"https:\/\/medicinasinc.com\/pt\/#website","url":"https:\/\/medicinasinc.com\/pt\/","name":"Medicinas Inc","description":"Health Medical Clinic","potentialAction":[{"@type":"SearchAction","target":{"@type":"EntryPoint","urlTemplate":"https:\/\/medicinasinc.com\/pt\/?s={search_term_string}"},"query-input":{"@type":"PropertyValueSpecification","valueRequired":true,"valueName":"search_term_string"}}],"inLanguage":"pt-PT"}]}},"_links":{"self":[{"href":"https:\/\/medicinasinc.com\/pt\/wp-json\/wp\/v2\/product\/5207","targetHints":{"allow":["GET"]}}],"collection":[{"href":"https:\/\/medicinasinc.com\/pt\/wp-json\/wp\/v2\/product"}],"about":[{"href":"https:\/\/medicinasinc.com\/pt\/wp-json\/wp\/v2\/types\/product"}],"replies":[{"embeddable":true,"href":"https:\/\/medicinasinc.com\/pt\/wp-json\/wp\/v2\/comments?post=5207"}],"wp:featuredmedia":[{"embeddable":true,"href":"https:\/\/medicinasinc.com\/pt\/wp-json\/wp\/v2\/media\/5224"}],"wp:attachment":[{"href":"https:\/\/medicinasinc.com\/pt\/wp-json\/wp\/v2\/media?parent=5207"}],"wp:term":[{"taxonomy":"product_brand","embeddable":true,"href":"https:\/\/medicinasinc.com\/pt\/wp-json\/wp\/v2\/product_brand?post=5207"},{"taxonomy":"product_cat","embeddable":true,"href":"https:\/\/medicinasinc.com\/pt\/wp-json\/wp\/v2\/product_cat?post=5207"},{"taxonomy":"product_tag","embeddable":true,"href":"https:\/\/medicinasinc.com\/pt\/wp-json\/wp\/v2\/product_tag?post=5207"}],"curies":[{"name":"wp","href":"https:\/\/api.w.org\/{rel}","templated":true}]}}