{"id":5184,"date":"2022-02-20T21:36:32","date_gmt":"2022-02-20T21:36:32","guid":{"rendered":"https:\/\/medicinasinc.com\/pt\/?post_type=product&#038;p=5184"},"modified":"2022-07-05T23:23:33","modified_gmt":"2022-07-05T23:23:33","slug":"comprar-hidrocodona-10-325mg","status":"publish","type":"product","link":"https:\/\/medicinasinc.com\/pt\/product\/comprar-hidrocodona-10-325mg\/","title":{"rendered":"Compre Hidrocodona 10\/325mg"},"content":{"rendered":"<p>Onde comprar\u00a0Hydrocodone 10\/325mg?<\/p>\n<p>Como o Hydrocodone \u00e9 um analg\u00e9sico poderoso, voc\u00ea pode compr\u00e1-lo on-line sem receita m\u00e9dica. A papoula do \u00f3pio produz code\u00edna, que \u00e9 usada para fazer esta droga. Quando a hidrocodona \u00e9 produzida a partir da code\u00edna, os efeitos de al\u00edvio da dor s\u00e3o mais fortes e duram mais tempo. Como resultado, os m\u00e9dicos geralmente prescrevem hidrocodona em vez de code\u00edna para tratar dores intensas.<\/p>\n<p>No c\u00e9rebro, a hidrocodona altera o equil\u00edbrio qu\u00edmico, bloqueando a a\u00e7\u00e3o dos receptores de dor e aliviando o usu\u00e1rio de qualquer percep\u00e7\u00e3o de dor. <\/p>\n<p>Devido \u00e0 natureza aguda e cr\u00f4nica da dor da fratura, a hidrocodona \u00e9 uma das melhores op\u00e7\u00f5es para trat\u00e1-la. Quando as pessoas n\u00e3o conseguem dormir \u00e0 noite por causa da dor, a hidrocodona pode ajud\u00e1-las a relaxar e permitir que descansem por algumas horas.<\/p>\n<p>A hidrocodona s\u00f3 deve ser tomada por aqueles que est\u00e3o sentindo dor como um resultado de fraturas \u00f3sseas, segundo parecer m\u00e9dico. Aqueles com outros tipos de dor, como espasmos, feridas ou pontos de uma cirurgia, ainda podem tom\u00e1-lo. A hidrocodona \u00e9 um dos analg\u00e9sicos mais eficazes em qualquer uma dessas situa\u00e7\u00f5es.<\/p>\n<p>As dosagens de hidrocodona devem ser cuidadosamente monitoradas. Este medicamento pode ter efeitos colaterais graves se for usado na quantidade errada. A depend\u00eancia deste medicamento \u00e9 um efeito colateral comum de receber dosagens incorretas. Devido ao seu grande potencial de abuso e depend\u00eancia, a hidrocodona deve ser usada com modera\u00e7\u00e3o e com pouca frequ\u00eancia. Hydrocodone n\u00e3o deve ser tomado mais de 20 mg por dia por aqueles que sofrem de dor cr\u00f4nica. Qualquer dose em excesso pode levar \u00e0 depend\u00eancia e, eventualmente, ao v\u00edcio.<\/p>\n<p>As precau\u00e7\u00f5es com a hidrocodona incluem certificar-se de que a dosagem correta seja tomada em todos os momentos. Este medicamento pode causar s\u00e9rios efeitos negativos se tomado em quantidades erradas. A hidrocodona n\u00e3o deve ser comprada por pessoas com asma ou dificuldades respirat\u00f3rias porque promove a respira\u00e7\u00e3o superficial, o que pode ser um grande problema para elas. Comece com pequenas doses se voc\u00ea comprar hidrocodona on-line sem receita m\u00e9dica, para que voc\u00ea possa saber o quanto seu corpo precisa.<\/p>\n<p>A hidrocodona \u00e9 conhecida por causar uma variedade de efeitos colaterais desagrad\u00e1veis, incluindo sonol\u00eancia, tontura e n\u00e1usea. Quando voc\u00ea compra hidrocodona on-line sem receita m\u00e9dica e toma, certifique-se de ter uma dieta bem equilibrada para evitar problemas digestivos e intestinais.<\/p>\n","protected":false},"excerpt":{"rendered":"<div class=\"woocommerce-product-details__short-description\">\n<p>Melhor lugar para comprar Hydrocodone 10 325mg online. Medicamentos legais podem ser encontrados na Best Global Meds, uma renomada farm\u00e1cia online. Voc\u00ea pode economizar tempo e dinheiro fazendo seu pedido on-line.<\/p>\n<p>Onde obter Hydrocodone 10\/325mg on-line?<\/p>\n<p>As mulheres gr\u00e1vidas devem consultar seus m\u00e9dicos antes de tomar este medicamento porque est\u00e1 em Classe B de gravidez da FDA, o que significa que n\u00e3o h\u00e1 como determinar como isso afetar\u00e1 um feto ou filhote.<\/p>\n<p>\u00c0 venda: Percocet 10\/325mg &#8211; Compre sem receita m\u00e9dica&#8230;<\/p>\n<p>Farm\u00e1cias on-line recomendadas para comprar Vicodin.<\/p>\n<\/p><\/div>\n","protected":false},"featured_media":5203,"comment_status":"open","ping_status":"closed","template":"","meta":[],"product_brand":[],"product_cat":[1117],"product_tag":[1316,1321,1315,1325,1297,1311,1337,1308,1322,1324,1323,1299,1300,1317,1319,1320,1312,1302,1336,1334,1318,1298,1326,1327,1328,1329,1330,1331,1332,1333,1309,1310,1313,1335],"class_list":{"0":"post-5184","1":"product","2":"type-product","3":"status-publish","4":"has-post-thumbnail","6":"product_cat-compre-pilulas-para-dor-sono-e-sexo","7":"product_tag-cheap-hydrocodone","8":"product_tag-online-compre-watson-540-500-mg","9":"product_tag-buy-hydrocodone-online-bitcoins","10":"product_tag-compra-hidrocodona","11":"product_tag-compre-watson-online","12":"product_tag-watson-hydrocodone-dor-perda-plulas","13":"product_tag-watson-plulas-sem-prescrio-share","14":"product_tag-dosagem-de-watson","15":"product_tag-ordem-hidrocodona","16":"product_tag-encomendar-online-watson-540-500-mg","17":"product_tag-pedido-hidrocodona-online","18":"product_tag-generic-watson","19":"product_tag-generic-watson-pills-for-sale-in-usa","20":"product_tag-hidrocodona","21":"product_tag-hidrocodona-watson","22":"product_tag-lortab","23":"product_tag-watson-medicao","24":"product_tag-medicamento-sem-receita","25":"product_tag-watson-medicina","26":"product_tag-watson-853-plula-branca","27":"product_tag-plulas-de-hidrocodona","28":"product_tag-plulas-genricas-para-venda-nos-eua","29":"product_tag-watson","30":"product_tag-watson-325-mg","31":"product_tag-watson-325mg","32":"product_tag-watson-540","33":"product_tag-watson-540-500-mg-comprar-online","34":"product_tag-watson-853-hidrocodona-10-325-mg","35":"product_tag-watson-853-hidrocodona-10-325-mg--um-comprimido-de-cor-branco-e-formato-cpsula-projetado-para-o-tratamento-da-dor","36":"product_tag-watson-853-hidrocodona-online","37":"product_tag-watson--vender-no-reino-unido","38":"product_tag-watson--venda-nos-eua","39":"product_tag-watson-alvio-da-dor-comprimido","40":"product_tag-watson-lortab","42":"first","43":"instock","44":"shipping-taxable","45":"purchasable","46":"product-type-variable","47":"has-default-attributes"},"yoast_head":"<!-- This site is optimized with the Yoast SEO plugin v27.3 - https:\/\/yoast.com\/product\/yoast-seo-wordpress\/ -->\n<title>Compre Hydrocodone 10\/325mg - Best Best Global Meds<\/title>\n<meta name=\"description\" content=\"Compre Hydrocodone 10 325mg para venda no Reino Unido, Europa online ao melhor pre\u00e7o. Best Global Meds \u00e9 uma farm\u00e1cia online confi\u00e1vel com medicamentos legais. Encomende online e proteja o seu tempo e dinheiro.\" \/>\n<meta name=\"robots\" content=\"index, follow, max-snippet:-1, max-image-preview:large, max-video-preview:-1\" \/>\n<link rel=\"canonical\" href=\"https:\/\/medicinasinc.com\/pt\/product\/comprar-hidrocodona-10-325mg\/\" \/>\n<meta property=\"og:locale\" content=\"pt_PT\" \/>\n<meta property=\"og:type\" content=\"article\" \/>\n<meta property=\"og:title\" content=\"Compre Hydrocodone 10\/325mg - Best Best Global Meds\" \/>\n<meta property=\"og:description\" content=\"Compre Hydrocodone 10 325mg para venda no Reino Unido, Europa online ao melhor pre\u00e7o. Best Global Meds \u00e9 uma farm\u00e1cia online confi\u00e1vel com medicamentos legais. Encomende online e proteja o seu tempo e dinheiro.\" \/>\n<meta property=\"og:url\" content=\"https:\/\/medicinasinc.com\/pt\/product\/comprar-hidrocodona-10-325mg\/\" \/>\n<meta property=\"og:site_name\" content=\"Medicinas Inc\" \/>\n<meta property=\"article:modified_time\" content=\"2022-07-05T23:23:33+00:00\" \/>\n<meta property=\"og:image\" content=\"https:\/\/medicinasinc.com\/pt\/wp-content\/uploads\/sites\/20\/2022\/02\/buy-hydrocodone-10-325mg-online.jpg\" \/>\n\t<meta property=\"og:image:width\" content=\"600\" \/>\n\t<meta property=\"og:image:height\" content=\"600\" \/>\n\t<meta property=\"og:image:type\" content=\"image\/jpeg\" \/>\n<meta name=\"twitter:card\" content=\"summary_large_image\" \/>\n<meta name=\"twitter:label1\" content=\"Tempo estimado de leitura\" \/>\n\t<meta name=\"twitter:data1\" content=\"2 minutos\" \/>\n<script type=\"application\/ld+json\" class=\"yoast-schema-graph\">{\"@context\":\"https:\\\/\\\/schema.org\",\"@graph\":[{\"@type\":\"WebPage\",\"@id\":\"https:\\\/\\\/medicinasinc.com\\\/pt\\\/product\\\/comprar-hidrocodona-10-325mg\\\/\",\"url\":\"https:\\\/\\\/medicinasinc.com\\\/pt\\\/product\\\/comprar-hidrocodona-10-325mg\\\/\",\"name\":\"Compre Hydrocodone 10\\\/325mg - Best Best Global Meds\",\"isPartOf\":{\"@id\":\"https:\\\/\\\/medicinasinc.com\\\/pt\\\/#website\"},\"primaryImageOfPage\":{\"@id\":\"https:\\\/\\\/medicinasinc.com\\\/pt\\\/product\\\/comprar-hidrocodona-10-325mg\\\/#primaryimage\"},\"image\":{\"@id\":\"https:\\\/\\\/medicinasinc.com\\\/pt\\\/product\\\/comprar-hidrocodona-10-325mg\\\/#primaryimage\"},\"thumbnailUrl\":\"https:\\\/\\\/medicinasinc.com\\\/pt\\\/wp-content\\\/uploads\\\/sites\\\/20\\\/2022\\\/02\\\/buy-hydrocodone-10-325mg-online.jpg\",\"datePublished\":\"2022-02-20T21:36:32+00:00\",\"dateModified\":\"2022-07-05T23:23:33+00:00\",\"description\":\"Compre Hydrocodone 10 325mg para venda no Reino Unido, Europa online ao melhor pre\u00e7o. Best Global Meds \u00e9 uma farm\u00e1cia online confi\u00e1vel com medicamentos legais. Encomende online e proteja o seu tempo e dinheiro.\",\"breadcrumb\":{\"@id\":\"https:\\\/\\\/medicinasinc.com\\\/pt\\\/product\\\/comprar-hidrocodona-10-325mg\\\/#breadcrumb\"},\"inLanguage\":\"pt-PT\",\"potentialAction\":[{\"@type\":\"ReadAction\",\"target\":[\"https:\\\/\\\/medicinasinc.com\\\/pt\\\/product\\\/comprar-hidrocodona-10-325mg\\\/\"]}]},{\"@type\":\"ImageObject\",\"inLanguage\":\"pt-PT\",\"@id\":\"https:\\\/\\\/medicinasinc.com\\\/pt\\\/product\\\/comprar-hidrocodona-10-325mg\\\/#primaryimage\",\"url\":\"https:\\\/\\\/medicinasinc.com\\\/pt\\\/wp-content\\\/uploads\\\/sites\\\/20\\\/2022\\\/02\\\/buy-hydrocodone-10-325mg-online.jpg\",\"contentUrl\":\"https:\\\/\\\/medicinasinc.com\\\/pt\\\/wp-content\\\/uploads\\\/sites\\\/20\\\/2022\\\/02\\\/buy-hydrocodone-10-325mg-online.jpg\",\"width\":600,\"height\":600},{\"@type\":\"BreadcrumbList\",\"@id\":\"https:\\\/\\\/medicinasinc.com\\\/pt\\\/product\\\/comprar-hidrocodona-10-325mg\\\/#breadcrumb\",\"itemListElement\":[{\"@type\":\"ListItem\",\"position\":1,\"name\":\"Comprar\",\"item\":\"https:\\\/\\\/medicinasinc.com\\\/pt\\\/comprar\\\/\"},{\"@type\":\"ListItem\",\"position\":2,\"name\":\"Compre Hidrocodona 10\\\/325mg\"}]},{\"@type\":\"WebSite\",\"@id\":\"https:\\\/\\\/medicinasinc.com\\\/pt\\\/#website\",\"url\":\"https:\\\/\\\/medicinasinc.com\\\/pt\\\/\",\"name\":\"Medicinas Inc\",\"description\":\"Health Medical Clinic\",\"potentialAction\":[{\"@type\":\"SearchAction\",\"target\":{\"@type\":\"EntryPoint\",\"urlTemplate\":\"https:\\\/\\\/medicinasinc.com\\\/pt\\\/?s={search_term_string}\"},\"query-input\":{\"@type\":\"PropertyValueSpecification\",\"valueRequired\":true,\"valueName\":\"search_term_string\"}}],\"inLanguage\":\"pt-PT\"}]}<\/script>\n<!-- \/ Yoast SEO plugin. -->","yoast_head_json":{"title":"Compre Hydrocodone 10\/325mg - Best Best Global Meds","description":"Compre Hydrocodone 10 325mg para venda no Reino Unido, Europa online ao melhor pre\u00e7o. Best Global Meds \u00e9 uma farm\u00e1cia online confi\u00e1vel com medicamentos legais. Encomende online e proteja o seu tempo e dinheiro.","robots":{"index":"index","follow":"follow","max-snippet":"max-snippet:-1","max-image-preview":"max-image-preview:large","max-video-preview":"max-video-preview:-1"},"canonical":"https:\/\/medicinasinc.com\/pt\/product\/comprar-hidrocodona-10-325mg\/","og_locale":"pt_PT","og_type":"article","og_title":"Compre Hydrocodone 10\/325mg - Best Best Global Meds","og_description":"Compre Hydrocodone 10 325mg para venda no Reino Unido, Europa online ao melhor pre\u00e7o. Best Global Meds \u00e9 uma farm\u00e1cia online confi\u00e1vel com medicamentos legais. Encomende online e proteja o seu tempo e dinheiro.","og_url":"https:\/\/medicinasinc.com\/pt\/product\/comprar-hidrocodona-10-325mg\/","og_site_name":"Medicinas Inc","article_modified_time":"2022-07-05T23:23:33+00:00","og_image":[{"width":600,"height":600,"url":"https:\/\/medicinasinc.com\/pt\/wp-content\/uploads\/sites\/20\/2022\/02\/buy-hydrocodone-10-325mg-online.jpg","type":"image\/jpeg"}],"twitter_card":"summary_large_image","twitter_misc":{"Tempo estimado de leitura":"2 minutos"},"schema":{"@context":"https:\/\/schema.org","@graph":[{"@type":"WebPage","@id":"https:\/\/medicinasinc.com\/pt\/product\/comprar-hidrocodona-10-325mg\/","url":"https:\/\/medicinasinc.com\/pt\/product\/comprar-hidrocodona-10-325mg\/","name":"Compre Hydrocodone 10\/325mg - Best Best Global Meds","isPartOf":{"@id":"https:\/\/medicinasinc.com\/pt\/#website"},"primaryImageOfPage":{"@id":"https:\/\/medicinasinc.com\/pt\/product\/comprar-hidrocodona-10-325mg\/#primaryimage"},"image":{"@id":"https:\/\/medicinasinc.com\/pt\/product\/comprar-hidrocodona-10-325mg\/#primaryimage"},"thumbnailUrl":"https:\/\/medicinasinc.com\/pt\/wp-content\/uploads\/sites\/20\/2022\/02\/buy-hydrocodone-10-325mg-online.jpg","datePublished":"2022-02-20T21:36:32+00:00","dateModified":"2022-07-05T23:23:33+00:00","description":"Compre Hydrocodone 10 325mg para venda no Reino Unido, Europa online ao melhor pre\u00e7o. Best Global Meds \u00e9 uma farm\u00e1cia online confi\u00e1vel com medicamentos legais. Encomende online e proteja o seu tempo e dinheiro.","breadcrumb":{"@id":"https:\/\/medicinasinc.com\/pt\/product\/comprar-hidrocodona-10-325mg\/#breadcrumb"},"inLanguage":"pt-PT","potentialAction":[{"@type":"ReadAction","target":["https:\/\/medicinasinc.com\/pt\/product\/comprar-hidrocodona-10-325mg\/"]}]},{"@type":"ImageObject","inLanguage":"pt-PT","@id":"https:\/\/medicinasinc.com\/pt\/product\/comprar-hidrocodona-10-325mg\/#primaryimage","url":"https:\/\/medicinasinc.com\/pt\/wp-content\/uploads\/sites\/20\/2022\/02\/buy-hydrocodone-10-325mg-online.jpg","contentUrl":"https:\/\/medicinasinc.com\/pt\/wp-content\/uploads\/sites\/20\/2022\/02\/buy-hydrocodone-10-325mg-online.jpg","width":600,"height":600},{"@type":"BreadcrumbList","@id":"https:\/\/medicinasinc.com\/pt\/product\/comprar-hidrocodona-10-325mg\/#breadcrumb","itemListElement":[{"@type":"ListItem","position":1,"name":"Comprar","item":"https:\/\/medicinasinc.com\/pt\/comprar\/"},{"@type":"ListItem","position":2,"name":"Compre Hidrocodona 10\/325mg"}]},{"@type":"WebSite","@id":"https:\/\/medicinasinc.com\/pt\/#website","url":"https:\/\/medicinasinc.com\/pt\/","name":"Medicinas Inc","description":"Health Medical Clinic","potentialAction":[{"@type":"SearchAction","target":{"@type":"EntryPoint","urlTemplate":"https:\/\/medicinasinc.com\/pt\/?s={search_term_string}"},"query-input":{"@type":"PropertyValueSpecification","valueRequired":true,"valueName":"search_term_string"}}],"inLanguage":"pt-PT"}]}},"_links":{"self":[{"href":"https:\/\/medicinasinc.com\/pt\/wp-json\/wp\/v2\/product\/5184","targetHints":{"allow":["GET"]}}],"collection":[{"href":"https:\/\/medicinasinc.com\/pt\/wp-json\/wp\/v2\/product"}],"about":[{"href":"https:\/\/medicinasinc.com\/pt\/wp-json\/wp\/v2\/types\/product"}],"replies":[{"embeddable":true,"href":"https:\/\/medicinasinc.com\/pt\/wp-json\/wp\/v2\/comments?post=5184"}],"wp:featuredmedia":[{"embeddable":true,"href":"https:\/\/medicinasinc.com\/pt\/wp-json\/wp\/v2\/media\/5203"}],"wp:attachment":[{"href":"https:\/\/medicinasinc.com\/pt\/wp-json\/wp\/v2\/media?parent=5184"}],"wp:term":[{"taxonomy":"product_brand","embeddable":true,"href":"https:\/\/medicinasinc.com\/pt\/wp-json\/wp\/v2\/product_brand?post=5184"},{"taxonomy":"product_cat","embeddable":true,"href":"https:\/\/medicinasinc.com\/pt\/wp-json\/wp\/v2\/product_cat?post=5184"},{"taxonomy":"product_tag","embeddable":true,"href":"https:\/\/medicinasinc.com\/pt\/wp-json\/wp\/v2\/product_tag?post=5184"}],"curies":[{"name":"wp","href":"https:\/\/api.w.org\/{rel}","templated":true}]}}