{"id":5183,"date":"2022-02-20T21:35:10","date_gmt":"2022-02-20T21:35:10","guid":{"rendered":"https:\/\/medicinasinc.com\/pt\/?post_type=product&#038;p=5183"},"modified":"2022-07-05T23:23:50","modified_gmt":"2022-07-05T23:23:50","slug":"hidrocodona-10-500mg","status":"publish","type":"product","link":"https:\/\/medicinasinc.com\/pt\/product\/hidrocodona-10-500mg\/","title":{"rendered":"Hidrocodona 10\/500mg"},"content":{"rendered":"<div class=\"product-next-previous\">\n<div class=\"product-prev\">\n<p>Os comprimidos de hidrocodona 10\/500mg est\u00e3o dispon\u00edveis para compra on-line no momento.<\/p>\n<p>Combina\u00e7\u00e3o de alta qualidade medicamento para controle da dor moderada a grave, Watson 540 (Hydrocodone) 500 mg \u00e9 Watson 540 (Hydrocodone). Acetaminophen e Hydrocodone s\u00e3o usados \u200b\u200bna formula\u00e7\u00e3o de Hydrocodone para venda. O acetaminofeno n\u00e3o opioide e o hidrocodona opioide s\u00e3o analg\u00e9sicos.<\/p>\n<p>No c\u00e9rebro, esse medicamento altera a maneira como o corpo responde e sente dor. A temperatura de um indiv\u00edduo tamb\u00e9m pode ser reduzida com o uso deste medicamento.<\/p>\n<p>Devido aos efeitos adversos significativos da respira\u00e7\u00e3o superficial\/lenta que podem ocorrer quando voc\u00ea compra hidrocodona on-line, n\u00e3o \u00e9 recomendado para crian\u00e7as menores de 6 anos anos de idade.<\/p>\n<p>Antes de iniciar este medicamento, certifique-se de ler o Folheto Informativo do Paciente que lhe foi fornecido pelo seu m\u00e9dico.<\/p>\n<p>Comprar hidrocodona pode ser tomado por via oral, com ou sem refei\u00e7\u00f5es , dependendo da prefer\u00eancia do usu\u00e1rio. Consulte seu m\u00e9dico ou profissional de sa\u00fade antes de tomar o medicamento se sentir n\u00e1useas.<\/p>\n<p>O que h\u00e1 em cada comprimido de Watson 540?<\/p>\n<p>Estearato de s\u00f3dio de magn\u00e9sio<br \/> Celulose microcristalina<br \/> CrospovidonasCroscarmelose \u00c9 feito de Estearato de S\u00f3dio<br \/> AmidosPovidona<br \/> \u00d3xido de Polietileno Tereftalato<br \/> Cont\u00e9m P\u00d3 COR No. 10 D&amp;C Amarelo<\/p>\n<p>&nbsp;<\/p>\n<p>Dependendo da resposta geral do paciente e da condi\u00e7\u00e3o m\u00e9dica, a dosagem deste medicamento pode variar. Nunca tente aumentar a dosagem do medicamento e s\u00f3 pare de tom\u00e1-lo se o seu m\u00e9dico o instruir a faz\u00ea-lo.<\/p>\n<p>A interrup\u00e7\u00e3o abrupta do medicamento pode levar \u00e0 abstin\u00eancia. Para evitar sintomas de abstin\u00eancia, siga as instru\u00e7\u00f5es do seu m\u00e9dico para reduzir gradualmente a dosagem do medicamento.<\/p>\n<p>As compras online de hidrocodona podem levar \u00e0 depend\u00eancia \u00e0s vezes. Recomenda-se que a dosagem especificada do medicamento n\u00e3o seja excedida para evitar a depend\u00eancia de drogas.<\/p>\n<p>Alergia:<\/p>\n<p>Pergunte ao seu m\u00e9dico ou profissional de sa\u00fade se voc\u00ea pode usar este medicamento porque voc\u00ea \u00e9 al\u00e9rgico aos ingredientes acetaminofeno e hidrocodona. A rea\u00e7\u00e3o de um indiv\u00edduo a este produto pode ser adversamente afetada pela presen\u00e7a de subst\u00e2ncias ativas em sua formula\u00e7\u00e3o.<\/p>\n<p>Sonol\u00eancia:<\/p>\n<p>Pode ocorrer sonol\u00eancia ou tontura como efeito colateral deste medicamento. Deve-se evitar dirigir, usar m\u00e1quinas ou qualquer outra atividade que exija total aten\u00e7\u00e3o ou alerta. Evite participar de qualquer uma dessas atividades at\u00e9 ter certeza de que pode faz\u00ea-lo sem encontrar dificuldades.<\/p>\n<p>Gravidez:<\/p>\n<p>As mulheres gr\u00e1vidas s\u00e3o aconselhadas a n\u00e3o tomar este medicamento. S\u00f3 use este medicamento se for absolutamente necess\u00e1rio. Consulte o seu m\u00e9dico ou farmac\u00eautico para saber sobre as vantagens e desvantagens de tomar este medicamento durante a gravidez.<\/p>\n<p>Amamenta\u00e7\u00e3o<\/p>\n<p>Tomar este medicamento durante a amamenta\u00e7\u00e3o pode ter um efeito adverso na sa\u00fade do beb\u00ea. Os m\u00e9dicos devem ser consultados rapidamente se o beb\u00ea apresentar sintomas estranhos, como dificuldade para respirar ou letargia, bem como problemas para comer.<\/p>\n<p>V\u00f4mitos, tonturas, sonol\u00eancia e constipa\u00e7\u00e3o podem ocorrer como resultado do uso de hidrocodona. \u00c0 medida que a medica\u00e7\u00e3o \u00e9 continuada, alguns desses efeitos adversos podem diminuir em gravidade ao longo do tempo. Se algum desses sintomas piorar, voc\u00ea deve procurar atendimento m\u00e9dico de emerg\u00eancia para encontrar uma solu\u00e7\u00e3o.<\/p>\n<p>Voc\u00ea deve consumir muita fibra e beber muita \u00e1gua para evitar a constipa\u00e7\u00e3o. Tome um laxante para aliviar os sintomas da constipa\u00e7\u00e3o, se precisar. Voc\u00ea deve consultar seu m\u00e9dico antes de tomar um laxante.<\/p>\n<p>Voc\u00ea deve se levantar lentamente de uma postura deitada ou sentada se quiser minimizar os sintomas de tontura e tontura.<\/p>\n<\/p><\/div><\/div>\n","protected":false},"excerpt":{"rendered":"<div class=\"woocommerce-product-details__short-description\">\n<p>Comprar comprimidos de Hydrocodone 10\/500mg \u00e0 venda no Reino Unido, UE e Europa pode ser adquirido on-line em nosso site. A dihidrocodeinona (hidrocodona) \u00e9 um opi\u00f3ide semimanufaturado derivado da code\u00edna e da teba\u00edna, dois sedativos comumente encontrados.<\/p>\n<p>Para dor moderada a intensa, o ingrediente ativo do Watson 540 (hidrocodona) \u00e9 500 mg de hidrocodona. Acetaminophen e Hydrocodone s\u00e3o usados \u200b\u200bna formula\u00e7\u00e3o de Hydrocodone para venda. A hidroxicodona \u00e9 um analg\u00e9sico opi\u00f3ide, enquanto o acetaminofeno n\u00e3o \u00e9 opi\u00f3ide.<\/p>\n<\/p><\/div>\n","protected":false},"featured_media":5201,"comment_status":"open","ping_status":"closed","template":"","meta":[],"product_brand":[],"product_cat":[1117],"product_tag":[1297,1311,1314,1308,1299,1300,1301,1312,1302,1307,1298,1304,1303,1305,1306,1309,1310,1313],"class_list":{"0":"post-5183","1":"product","2":"type-product","3":"status-publish","4":"has-post-thumbnail","6":"product_cat-compre-pilulas-para-dor-sono-e-sexo","7":"product_tag-compre-watson-online","8":"product_tag-watson-hydrocodone-dor-perda-plulas","9":"product_tag-watson-plulas-sem-prescrio","10":"product_tag-dosagem-de-watson","11":"product_tag-generic-watson","12":"product_tag-generic-watson-pills-for-sale-in-usa","13":"product_tag-hidrocodona-para-venda","14":"product_tag-watson-medicao","15":"product_tag-medicamento-sem-receita","16":"product_tag-watson-540-medicina","17":"product_tag-plulas-genricas-para-venda-nos-eua","18":"product_tag-watson-500mg","19":"product_tag-watson-500-mg","20":"product_tag-watson-540-hidrocodona-500-mg","21":"product_tag-watson-540-hidrocodona-online","22":"product_tag-watson--vender-no-reino-unido","23":"product_tag-watson--venda-nos-eua","24":"product_tag-watson-alvio-da-dor-comprimido","26":"first","27":"instock","28":"shipping-taxable","29":"purchasable","30":"product-type-variable","31":"has-default-attributes"},"yoast_head":"<!-- This site is optimized with the Yoast SEO plugin v27.3 - https:\/\/yoast.com\/product\/yoast-seo-wordpress\/ -->\n<title>Compre Hydrocodone 10\/500mg - Best Best Global Meds<\/title>\n<meta name=\"description\" content=\"Compre comprimidos de Hydrocodone 10\/500mg para venda online no Reino Unido, UE, Europa. A hidrocodona ou dihidrocodeinona \u00e9 um opi\u00f3ide semi-manufaturado inferido de dois dos sedativos mais comuns, code\u00edna e teba\u00edna.\" \/>\n<meta name=\"robots\" content=\"index, follow, max-snippet:-1, max-image-preview:large, max-video-preview:-1\" \/>\n<link rel=\"canonical\" href=\"https:\/\/medicinasinc.com\/pt\/product\/hidrocodona-10-500mg\/\" \/>\n<meta property=\"og:locale\" content=\"pt_PT\" \/>\n<meta property=\"og:type\" content=\"article\" \/>\n<meta property=\"og:title\" content=\"Compre Hydrocodone 10\/500mg - Best Best Global Meds\" \/>\n<meta property=\"og:description\" content=\"Compre comprimidos de Hydrocodone 10\/500mg para venda online no Reino Unido, UE, Europa. A hidrocodona ou dihidrocodeinona \u00e9 um opi\u00f3ide semi-manufaturado inferido de dois dos sedativos mais comuns, code\u00edna e teba\u00edna.\" \/>\n<meta property=\"og:url\" content=\"https:\/\/medicinasinc.com\/pt\/product\/hidrocodona-10-500mg\/\" \/>\n<meta property=\"og:site_name\" content=\"Medicinas Inc\" \/>\n<meta property=\"article:modified_time\" content=\"2022-07-05T23:23:50+00:00\" \/>\n<meta property=\"og:image\" content=\"https:\/\/medicinasinc.com\/pt\/wp-content\/uploads\/sites\/20\/2022\/02\/buy-hydrocodone-10-500mg-pills-online.jpg\" \/>\n\t<meta property=\"og:image:width\" content=\"600\" \/>\n\t<meta property=\"og:image:height\" content=\"600\" \/>\n\t<meta property=\"og:image:type\" content=\"image\/jpeg\" \/>\n<meta name=\"twitter:card\" content=\"summary_large_image\" \/>\n<meta name=\"twitter:label1\" content=\"Tempo estimado de leitura\" \/>\n\t<meta name=\"twitter:data1\" content=\"3 minutos\" \/>\n<script type=\"application\/ld+json\" class=\"yoast-schema-graph\">{\"@context\":\"https:\\\/\\\/schema.org\",\"@graph\":[{\"@type\":\"WebPage\",\"@id\":\"https:\\\/\\\/medicinasinc.com\\\/pt\\\/product\\\/hidrocodona-10-500mg\\\/\",\"url\":\"https:\\\/\\\/medicinasinc.com\\\/pt\\\/product\\\/hidrocodona-10-500mg\\\/\",\"name\":\"Compre Hydrocodone 10\\\/500mg - Best Best Global Meds\",\"isPartOf\":{\"@id\":\"https:\\\/\\\/medicinasinc.com\\\/pt\\\/#website\"},\"primaryImageOfPage\":{\"@id\":\"https:\\\/\\\/medicinasinc.com\\\/pt\\\/product\\\/hidrocodona-10-500mg\\\/#primaryimage\"},\"image\":{\"@id\":\"https:\\\/\\\/medicinasinc.com\\\/pt\\\/product\\\/hidrocodona-10-500mg\\\/#primaryimage\"},\"thumbnailUrl\":\"https:\\\/\\\/medicinasinc.com\\\/pt\\\/wp-content\\\/uploads\\\/sites\\\/20\\\/2022\\\/02\\\/buy-hydrocodone-10-500mg-pills-online.jpg\",\"datePublished\":\"2022-02-20T21:35:10+00:00\",\"dateModified\":\"2022-07-05T23:23:50+00:00\",\"description\":\"Compre comprimidos de Hydrocodone 10\\\/500mg para venda online no Reino Unido, UE, Europa. A hidrocodona ou dihidrocodeinona \u00e9 um opi\u00f3ide semi-manufaturado inferido de dois dos sedativos mais comuns, code\u00edna e teba\u00edna.\",\"breadcrumb\":{\"@id\":\"https:\\\/\\\/medicinasinc.com\\\/pt\\\/product\\\/hidrocodona-10-500mg\\\/#breadcrumb\"},\"inLanguage\":\"pt-PT\",\"potentialAction\":[{\"@type\":\"ReadAction\",\"target\":[\"https:\\\/\\\/medicinasinc.com\\\/pt\\\/product\\\/hidrocodona-10-500mg\\\/\"]}]},{\"@type\":\"ImageObject\",\"inLanguage\":\"pt-PT\",\"@id\":\"https:\\\/\\\/medicinasinc.com\\\/pt\\\/product\\\/hidrocodona-10-500mg\\\/#primaryimage\",\"url\":\"https:\\\/\\\/medicinasinc.com\\\/pt\\\/wp-content\\\/uploads\\\/sites\\\/20\\\/2022\\\/02\\\/buy-hydrocodone-10-500mg-pills-online.jpg\",\"contentUrl\":\"https:\\\/\\\/medicinasinc.com\\\/pt\\\/wp-content\\\/uploads\\\/sites\\\/20\\\/2022\\\/02\\\/buy-hydrocodone-10-500mg-pills-online.jpg\",\"width\":600,\"height\":600},{\"@type\":\"BreadcrumbList\",\"@id\":\"https:\\\/\\\/medicinasinc.com\\\/pt\\\/product\\\/hidrocodona-10-500mg\\\/#breadcrumb\",\"itemListElement\":[{\"@type\":\"ListItem\",\"position\":1,\"name\":\"Comprar\",\"item\":\"https:\\\/\\\/medicinasinc.com\\\/pt\\\/comprar\\\/\"},{\"@type\":\"ListItem\",\"position\":2,\"name\":\"Hidrocodona 10\\\/500mg\"}]},{\"@type\":\"WebSite\",\"@id\":\"https:\\\/\\\/medicinasinc.com\\\/pt\\\/#website\",\"url\":\"https:\\\/\\\/medicinasinc.com\\\/pt\\\/\",\"name\":\"Medicinas Inc\",\"description\":\"Health Medical Clinic\",\"potentialAction\":[{\"@type\":\"SearchAction\",\"target\":{\"@type\":\"EntryPoint\",\"urlTemplate\":\"https:\\\/\\\/medicinasinc.com\\\/pt\\\/?s={search_term_string}\"},\"query-input\":{\"@type\":\"PropertyValueSpecification\",\"valueRequired\":true,\"valueName\":\"search_term_string\"}}],\"inLanguage\":\"pt-PT\"}]}<\/script>\n<!-- \/ Yoast SEO plugin. -->","yoast_head_json":{"title":"Compre Hydrocodone 10\/500mg - Best Best Global Meds","description":"Compre comprimidos de Hydrocodone 10\/500mg para venda online no Reino Unido, UE, Europa. A hidrocodona ou dihidrocodeinona \u00e9 um opi\u00f3ide semi-manufaturado inferido de dois dos sedativos mais comuns, code\u00edna e teba\u00edna.","robots":{"index":"index","follow":"follow","max-snippet":"max-snippet:-1","max-image-preview":"max-image-preview:large","max-video-preview":"max-video-preview:-1"},"canonical":"https:\/\/medicinasinc.com\/pt\/product\/hidrocodona-10-500mg\/","og_locale":"pt_PT","og_type":"article","og_title":"Compre Hydrocodone 10\/500mg - Best Best Global Meds","og_description":"Compre comprimidos de Hydrocodone 10\/500mg para venda online no Reino Unido, UE, Europa. A hidrocodona ou dihidrocodeinona \u00e9 um opi\u00f3ide semi-manufaturado inferido de dois dos sedativos mais comuns, code\u00edna e teba\u00edna.","og_url":"https:\/\/medicinasinc.com\/pt\/product\/hidrocodona-10-500mg\/","og_site_name":"Medicinas Inc","article_modified_time":"2022-07-05T23:23:50+00:00","og_image":[{"width":600,"height":600,"url":"https:\/\/medicinasinc.com\/pt\/wp-content\/uploads\/sites\/20\/2022\/02\/buy-hydrocodone-10-500mg-pills-online.jpg","type":"image\/jpeg"}],"twitter_card":"summary_large_image","twitter_misc":{"Tempo estimado de leitura":"3 minutos"},"schema":{"@context":"https:\/\/schema.org","@graph":[{"@type":"WebPage","@id":"https:\/\/medicinasinc.com\/pt\/product\/hidrocodona-10-500mg\/","url":"https:\/\/medicinasinc.com\/pt\/product\/hidrocodona-10-500mg\/","name":"Compre Hydrocodone 10\/500mg - Best Best Global Meds","isPartOf":{"@id":"https:\/\/medicinasinc.com\/pt\/#website"},"primaryImageOfPage":{"@id":"https:\/\/medicinasinc.com\/pt\/product\/hidrocodona-10-500mg\/#primaryimage"},"image":{"@id":"https:\/\/medicinasinc.com\/pt\/product\/hidrocodona-10-500mg\/#primaryimage"},"thumbnailUrl":"https:\/\/medicinasinc.com\/pt\/wp-content\/uploads\/sites\/20\/2022\/02\/buy-hydrocodone-10-500mg-pills-online.jpg","datePublished":"2022-02-20T21:35:10+00:00","dateModified":"2022-07-05T23:23:50+00:00","description":"Compre comprimidos de Hydrocodone 10\/500mg para venda online no Reino Unido, UE, Europa. A hidrocodona ou dihidrocodeinona \u00e9 um opi\u00f3ide semi-manufaturado inferido de dois dos sedativos mais comuns, code\u00edna e teba\u00edna.","breadcrumb":{"@id":"https:\/\/medicinasinc.com\/pt\/product\/hidrocodona-10-500mg\/#breadcrumb"},"inLanguage":"pt-PT","potentialAction":[{"@type":"ReadAction","target":["https:\/\/medicinasinc.com\/pt\/product\/hidrocodona-10-500mg\/"]}]},{"@type":"ImageObject","inLanguage":"pt-PT","@id":"https:\/\/medicinasinc.com\/pt\/product\/hidrocodona-10-500mg\/#primaryimage","url":"https:\/\/medicinasinc.com\/pt\/wp-content\/uploads\/sites\/20\/2022\/02\/buy-hydrocodone-10-500mg-pills-online.jpg","contentUrl":"https:\/\/medicinasinc.com\/pt\/wp-content\/uploads\/sites\/20\/2022\/02\/buy-hydrocodone-10-500mg-pills-online.jpg","width":600,"height":600},{"@type":"BreadcrumbList","@id":"https:\/\/medicinasinc.com\/pt\/product\/hidrocodona-10-500mg\/#breadcrumb","itemListElement":[{"@type":"ListItem","position":1,"name":"Comprar","item":"https:\/\/medicinasinc.com\/pt\/comprar\/"},{"@type":"ListItem","position":2,"name":"Hidrocodona 10\/500mg"}]},{"@type":"WebSite","@id":"https:\/\/medicinasinc.com\/pt\/#website","url":"https:\/\/medicinasinc.com\/pt\/","name":"Medicinas Inc","description":"Health Medical Clinic","potentialAction":[{"@type":"SearchAction","target":{"@type":"EntryPoint","urlTemplate":"https:\/\/medicinasinc.com\/pt\/?s={search_term_string}"},"query-input":{"@type":"PropertyValueSpecification","valueRequired":true,"valueName":"search_term_string"}}],"inLanguage":"pt-PT"}]}},"_links":{"self":[{"href":"https:\/\/medicinasinc.com\/pt\/wp-json\/wp\/v2\/product\/5183","targetHints":{"allow":["GET"]}}],"collection":[{"href":"https:\/\/medicinasinc.com\/pt\/wp-json\/wp\/v2\/product"}],"about":[{"href":"https:\/\/medicinasinc.com\/pt\/wp-json\/wp\/v2\/types\/product"}],"replies":[{"embeddable":true,"href":"https:\/\/medicinasinc.com\/pt\/wp-json\/wp\/v2\/comments?post=5183"}],"wp:featuredmedia":[{"embeddable":true,"href":"https:\/\/medicinasinc.com\/pt\/wp-json\/wp\/v2\/media\/5201"}],"wp:attachment":[{"href":"https:\/\/medicinasinc.com\/pt\/wp-json\/wp\/v2\/media?parent=5183"}],"wp:term":[{"taxonomy":"product_brand","embeddable":true,"href":"https:\/\/medicinasinc.com\/pt\/wp-json\/wp\/v2\/product_brand?post=5183"},{"taxonomy":"product_cat","embeddable":true,"href":"https:\/\/medicinasinc.com\/pt\/wp-json\/wp\/v2\/product_cat?post=5183"},{"taxonomy":"product_tag","embeddable":true,"href":"https:\/\/medicinasinc.com\/pt\/wp-json\/wp\/v2\/product_tag?post=5183"}],"curies":[{"name":"wp","href":"https:\/\/api.w.org\/{rel}","templated":true}]}}