{"id":5182,"date":"2022-02-20T21:32:53","date_gmt":"2022-02-20T21:32:53","guid":{"rendered":"https:\/\/medicinasinc.com\/pt\/?post_type=product&#038;p=5182"},"modified":"2022-07-05T23:24:05","modified_gmt":"2022-07-05T23:24:05","slug":"comprar-fentanil-transdermico-sistema-patch","status":"publish","type":"product","link":"https:\/\/medicinasinc.com\/pt\/product\/comprar-fentanil-transdermico-sistema-patch\/","title":{"rendered":"Compre o adesivo para sistema transd\u00e9rmico de fentanil"},"content":{"rendered":"<div class=\"product-next-previous\">\n<div class=\"product-prev\">\n<p>Os Adesivos Transd\u00e9rmicos de Fentanil est\u00e3o dispon\u00edveis para compra<br \/> Co Fentanil \u00e9 o qu\u00ea?<\/p>\n<p>Opi\u00f3ides s\u00e3o uma classe de medicamentos que incluem fentanil. Se voc\u00ea sofre de dor cr\u00f4nica (de longo prazo) e j\u00e1 est\u00e1 tomando um medicamento opi\u00f3ide (narc\u00f3tico), pode se beneficiar do uso de fentanil.<\/p>\n<p>Qual \u200b\u200b\u00e9 o pre\u00e7o do co-fentanil?<\/p>\n<p>Qual \u200b\u200b\u00e9 o pre\u00e7o do co-fentanil?<\/p>\n<p> p&gt; <\/p>\n<p>PocketPills oferece Co Fentanyl sem nenhum custo. Se o seu seguro cobrir o custo do Co Fentanyl, voc\u00ea poder\u00e1 obt\u00ea-lo por um pre\u00e7o reduzido. Os custos de distribui\u00e7\u00e3o e entrega devem ser considerados no custo final da sua compra de Co Fentanyl.<\/p>\n<p>Quanto \u00e9 a taxa de distribui\u00e7\u00e3o de Co Fentanyl?<\/p>\n<p>Encomendar Co Fentanyl de n\u00f3s vem com uma taxa de distribui\u00e7\u00e3o de apenas $0. Se voc\u00ea est\u00e1 procurando o pre\u00e7o mais barato de Co Fentanyl no Canad\u00e1, a Pocketpills est\u00e1 aqui para ajudar.<br \/> Certifique-se de aproveitar nossa oferta de frete gr\u00e1tis no Canad\u00e1.<\/p>\n<p>Nome do medicamento: Co-Fentanyl <\/p>\n<p>Toxicidades<\/p>\n<p>Uma variedade de medicamentos tem o potencial de induzir consequ\u00eancias indesej\u00e1veis.<\/p>\n<p>Quando um medicamento \u00e9 usado conforme prescrito, podem ocorrer efeitos colaterais inesperados. . \u00c9 poss\u00edvel que os efeitos colaterais sejam leves ou graves, bem como duradouros ou de curta dura\u00e7\u00e3o.<\/p>\n<p>Nem todos que tomam Co Fentanil experimentam os seguintes efeitos colaterais (Fentanil-transd\u00e9rmico).<\/p>\n<p>Fale com seu m\u00e9dico se estiver preocupado com os efeitos colaterais do Co Fentanil (Fentanil-transd\u00e9rmico).<\/p>\n<p>Pelo menos 1% dos usu\u00e1rios de Co Fentanil tiveram os seguintes efeitos adversos (Fentanil-transd\u00e9rmico) . \u00c9 poss\u00edvel que alguns desses efeitos adversos desapare\u00e7am por conta pr\u00f3pria com o tempo.<\/p>\n<p>Se voc\u00ea notar algum desses efeitos adversos e eles forem inc\u00f4modos ou graves, entre em contato com seu m\u00e9dico. Se voc\u00ea estiver tendo problemas com efeitos colaterais, pe\u00e7a ajuda ao seu farmac\u00eautico.<\/p>\n<p>confus\u00e3o<br \/> Constipa\u00e7\u00e3o<br \/> constipa\u00e7\u00e3o dificuldade em focar sonol\u00eancia e tontura \u00e0 noite<br \/> Sentir-se ansioso, corar , e ter dor de cabe\u00e7a s\u00e3o todos sintomas de boca seca.<br \/> falta de mem\u00f3ria<br \/> desconforto ou coceira no local da aplica\u00e7\u00e3o<\/p>\n<p>Perguntas frequentes sobre Co Fentanil<br \/> Para comprar Co Fentanyl Online, Voc\u00ea Precisa Saber Como.<\/p>\n<p>Se voc\u00ea tiver uma receita v\u00e1lida do seu m\u00e9dico, voc\u00ea pode comprar Co Fentanyl online no PocketPills. Voc\u00ea pode come\u00e7ar enviando sua receita, comprando uma recarga ou conversando com um de nossos m\u00e9dicos canadenses para receber uma receita online, transferindo quaisquer receitas existentes para nossa farm\u00e1cia. Uma receita para Co Fentanil: Para onde eu vou daqui?<\/p>\n<p>No pocketpills.com, voc\u00ea pode falar com um m\u00e9dico canadense pela internet. Durante sua consulta, nossos m\u00e9dicos podem prescrever medicamentos para voc\u00ea pela internet. Sem custo adicional, voc\u00ea pode receber sua receita em sua casa discretamente e em sua embalagem original ap\u00f3s receb\u00ea-la.<\/p>\n<p>Em quanto tempo posso esperar meu pacote?<\/p>\n<p>Sim! Em alguns lugares, podemos oferecer entrega no mesmo dia. Al\u00e9m da entrega no dia seguinte, tamb\u00e9m fornecemos envio noturno.<br \/> Quanto custa o envio do Co Fentanyl para o Canad\u00e1?<br \/> Os custos de envio do Co Fentanyl para voc\u00ea no Canad\u00e1 s\u00e3o totalmente gratuitos. As taxas de dispensa\u00e7\u00e3o reduzidas e o frete gr\u00e1tis oferecidos pela Pocketpills facilitam para os canadenses receberem os medicamentos de que precisam.<br \/> Entrega de Co Fentanyl para minha casa?<br \/> Se voc\u00ea solicitou medicamentos prescritos conosco no Canad\u00e1 com um certificado v\u00e1lido prescri\u00e7\u00e3o, poder\u00edamos enviar Co Fentanyl \u00e0 sua porta. Contacte-nos se n\u00e3o tiver a certeza se entregamos na sua regi\u00e3o.<br \/> Onde posso obter Co Fentanyl gratuitamente no Canad\u00e1?<br \/> Se tiver um plano de seguro de sa\u00fade que cubra Co Fentanyl, pode obt\u00ea-lo gratuitamente no Canad\u00e1. Descubra se voc\u00ea \u00e9 eleg\u00edvel para receber Co Fentanyl gratuitamente entrando em contato com seu provedor ou conosco.<br \/> Onde posso encontrar um m\u00e9dico para obter Co Fentanyl?<br \/> Sim. Para saber se voc\u00ea \u00e9 eleg\u00edvel para uma receita de Co Fentanyl, voc\u00ea pode agendar uma consulta online com um m\u00e9dico canadense atrav\u00e9s do Best Global Meds.<br \/> Sem receita, posso comprar Co Fentanyl?<br \/> Para comprar Co Fentanyl de n\u00f3s, voc\u00ea deve ter uma receita m\u00e9dica v\u00e1lida. Se voc\u00ea precisar de receita m\u00e9dica, entre em contato conosco. Voc\u00ea pode entrar em contato com um de nossos m\u00e9dicos sempre que for conveniente para voc\u00ea.<\/p>\n<p>&nbsp;<\/p>\n<p>Este medicamento \u00e9 usado para tratar a dor cr\u00f4nica (como devido ao c\u00e2ncer). Analg\u00e9sicos opi\u00f3ides (narc\u00f3ticos), dos quais o fentanil \u00e9 um membro, s\u00e3o um tipo comum de analg\u00e9sico. Ele altera a maneira como seu corpo percebe e reage \u00e0 dor, agindo no c\u00e9rebro.<\/p>\n<p>O fentanil em forma de adesivo n\u00e3o deve ser usado para tratar dores leves ou de curta dura\u00e7\u00e3o. &#8220;como&#8221; n\u00e3o \u00e9 um termo apropriado para este medicamento.<\/p>\n<\/p><\/div><\/div>\n","protected":false},"excerpt":{"rendered":"<p>No Reino Unido, \u00e9 poss\u00edvel comprar adesivos de fentanil online, assim como fentanil em geral, bem como adesivos de fentanil \u00e0 venda l\u00e1.<\/p>\n<p>Os adesivos de fentanil s\u00e3o usados \u200b\u200bpara tratar a dor cr\u00f4nica&amp;#8230 ;. Ao coletar prescri\u00e7\u00f5es ou obter medicamentos adicionais, mencione o adesivo que voc\u00ea usa ao seu farmac\u00eautico.<\/p>\n","protected":false},"featured_media":5199,"comment_status":"open","ping_status":"closed","template":"","meta":[],"product_brand":[],"product_cat":[1117],"product_tag":[1247,1248,1249,1250,1251,1252,1258,1292,1256,1280,1291,1253,1276,1255,1283,1286,1285,1287,1267,1268,1271,1272,1273,1277,1289,1260,1262,1263,1259,1264,1269,1270,1274,1278,1284,1288,1265,1266,1254,1294,1295,1261,1282,1281,1257,1275,1290,1279,1293,1296],"class_list":{"0":"post-5182","1":"product","2":"type-product","3":"status-publish","4":"has-post-thumbnail","6":"product_cat-compre-pilulas-para-dor-sono-e-sexo","7":"product_tag-adesivo-de-100-mg-de-fentanil","8":"product_tag-100-mg-fentanil-patch-street-price","9":"product_tag-adesivo-de-12-microgramas-de-fentanil","10":"product_tag-25-mcg-fentanil-patch-equivalente","11":"product_tag-adesivo-de-50-mg-de-fentanil","12":"product_tag-75-mg-fentanil-emplastro","13":"product_tag-adesivo-de-fentanil","14":"product_tag-fumeiro-fentanil-patch","15":"product_tag-fentanil-gel-patch","16":"product_tag-adesivo-transdrmico-de-fentanil","17":"product_tag-broto-fentanil-remendo","18":"product_tag-best-place-to-put-fentanyl-patch","19":"product_tag-fentanil-patch-pacote-insero","20":"product_tag-comer-fentanil-patch","21":"product_tag-como-aplicar-o-patch-de-fentanil","22":"product_tag-como-diminuir-o-adesivo-de-fentanil-sem-retirada","23":"product_tag-como-fumar-um-adesivo-de-fentanil","24":"product_tag-como-usar-o-patch-de-fentanil","25":"product_tag-eliminao-de-adesivo-de-fentanil","26":"product_tag-dosagem-de-adesivo-de-fentanil","27":"product_tag-dosagens-de-adesivo-de-fentanil","28":"product_tag-doses-de-adesivo-de-fentanil","29":"product_tag-fentanil-patch-doses-12-mcg","30":"product_tag-efeitos-colaterais-do-adesivo-de-fentanil","31":"product_tag-extrao-de-patch-de-mallinckrodt-fentanil","32":"product_tag-fentanil-patch-100mcg","33":"product_tag-fentanil-patch-50-mcg","34":"product_tag-fentanil-patch-75-mcg","35":"product_tag-fentanyl-patch-100-mcg","36":"product_tag-fentanyl-patch-application","37":"product_tag-fentanyl-patch-dosage-12-mcg","38":"product_tag-fentanyl-patch-dosage-chart","39":"product_tag-fentanyl-patch-dosing","40":"product_tag-fentanyl-patch-uses","41":"product_tag-how-to-break-down-fentanyl-patch","42":"product_tag-injetar-fentanil-patch","43":"product_tag-marcas-de-patch-de-fentanil","44":"product_tag-fentanil-remendo-mastigando","45":"product_tag-melhor-maneira-de-ficar-chapado-com-o-patch-de-fentanil","46":"product_tag-o-que--fentanil-patch","47":"product_tag-onde-colocar-o-remendo-de-fentanil","48":"product_tag-fentanil-patch-25-mcg-street-value","49":"product_tag-quanto-tempo-leva-para-um-adesivo-de-fentanil-entrar-em-ao","50":"product_tag-quanto-tempo-um-patch-fentanil-fica-no-seu-sistema","51":"product_tag-fentanil-patch-de-dor","52":"product_tag-fentanil-patch-para-venda","53":"product_tag-sandoz-fentanil-patch","54":"product_tag-retiradas-de-adesivo-de-fentanil","55":"product_tag-valor-de-rua-do-patch-de-fentanil","56":"product_tag-where-to-put-fentanyl-patch","58":"first","59":"instock","60":"shipping-taxable","61":"purchasable","62":"product-type-variable","63":"has-default-attributes"},"yoast_head":"<!-- This site is optimized with the Yoast SEO plugin v27.3 - https:\/\/yoast.com\/product\/yoast-seo-wordpress\/ -->\n<title>Compre o adesivo transd\u00e9rmico de fentanil - Best Best Global Meds<\/title>\n<meta name=\"description\" content=\"Compre o adesivo de fentanil online no Reino Unido, o custo dos adesivos de fentanil no Reino Unido, compre adesivos de fentanil no Reino Unido, pre\u00e7o de mercado de fentanil no Reino Unido, adesivo de fentanil \u00e0 venda no Reino Unido\" \/>\n<meta name=\"robots\" content=\"index, follow, max-snippet:-1, max-image-preview:large, max-video-preview:-1\" \/>\n<link rel=\"canonical\" href=\"https:\/\/medicinasinc.com\/pt\/product\/comprar-fentanil-transdermico-sistema-patch\/\" \/>\n<meta property=\"og:locale\" content=\"pt_PT\" \/>\n<meta property=\"og:type\" content=\"article\" \/>\n<meta property=\"og:title\" content=\"Compre o adesivo transd\u00e9rmico de fentanil - Best Best Global Meds\" \/>\n<meta property=\"og:description\" content=\"Compre o adesivo de fentanil online no Reino Unido, o custo dos adesivos de fentanil no Reino Unido, compre adesivos de fentanil no Reino Unido, pre\u00e7o de mercado de fentanil no Reino Unido, adesivo de fentanil \u00e0 venda no Reino Unido\" \/>\n<meta property=\"og:url\" content=\"https:\/\/medicinasinc.com\/pt\/product\/comprar-fentanil-transdermico-sistema-patch\/\" \/>\n<meta property=\"og:site_name\" content=\"Medicinas Inc\" \/>\n<meta property=\"article:modified_time\" content=\"2022-07-05T23:24:05+00:00\" \/>\n<meta property=\"og:image\" content=\"https:\/\/medicinasinc.com\/pt\/wp-content\/uploads\/sites\/20\/2022\/02\/buy-fentanyl-transdermal-system-patch.jpg\" \/>\n\t<meta property=\"og:image:width\" content=\"600\" \/>\n\t<meta property=\"og:image:height\" content=\"600\" \/>\n\t<meta property=\"og:image:type\" content=\"image\/jpeg\" \/>\n<meta name=\"twitter:card\" content=\"summary_large_image\" \/>\n<meta name=\"twitter:label1\" content=\"Tempo estimado de leitura\" \/>\n\t<meta name=\"twitter:data1\" content=\"4 minutos\" \/>\n<script type=\"application\/ld+json\" class=\"yoast-schema-graph\">{\"@context\":\"https:\\\/\\\/schema.org\",\"@graph\":[{\"@type\":\"WebPage\",\"@id\":\"https:\\\/\\\/medicinasinc.com\\\/pt\\\/product\\\/comprar-fentanil-transdermico-sistema-patch\\\/\",\"url\":\"https:\\\/\\\/medicinasinc.com\\\/pt\\\/product\\\/comprar-fentanil-transdermico-sistema-patch\\\/\",\"name\":\"Compre o adesivo transd\u00e9rmico de fentanil - Best Best Global Meds\",\"isPartOf\":{\"@id\":\"https:\\\/\\\/medicinasinc.com\\\/pt\\\/#website\"},\"primaryImageOfPage\":{\"@id\":\"https:\\\/\\\/medicinasinc.com\\\/pt\\\/product\\\/comprar-fentanil-transdermico-sistema-patch\\\/#primaryimage\"},\"image\":{\"@id\":\"https:\\\/\\\/medicinasinc.com\\\/pt\\\/product\\\/comprar-fentanil-transdermico-sistema-patch\\\/#primaryimage\"},\"thumbnailUrl\":\"https:\\\/\\\/medicinasinc.com\\\/pt\\\/wp-content\\\/uploads\\\/sites\\\/20\\\/2022\\\/02\\\/buy-fentanyl-transdermal-system-patch.jpg\",\"datePublished\":\"2022-02-20T21:32:53+00:00\",\"dateModified\":\"2022-07-05T23:24:05+00:00\",\"description\":\"Compre o adesivo de fentanil online no Reino Unido, o custo dos adesivos de fentanil no Reino Unido, compre adesivos de fentanil no Reino Unido, pre\u00e7o de mercado de fentanil no Reino Unido, adesivo de fentanil \u00e0 venda no Reino Unido\",\"breadcrumb\":{\"@id\":\"https:\\\/\\\/medicinasinc.com\\\/pt\\\/product\\\/comprar-fentanil-transdermico-sistema-patch\\\/#breadcrumb\"},\"inLanguage\":\"pt-PT\",\"potentialAction\":[{\"@type\":\"ReadAction\",\"target\":[\"https:\\\/\\\/medicinasinc.com\\\/pt\\\/product\\\/comprar-fentanil-transdermico-sistema-patch\\\/\"]}]},{\"@type\":\"ImageObject\",\"inLanguage\":\"pt-PT\",\"@id\":\"https:\\\/\\\/medicinasinc.com\\\/pt\\\/product\\\/comprar-fentanil-transdermico-sistema-patch\\\/#primaryimage\",\"url\":\"https:\\\/\\\/medicinasinc.com\\\/pt\\\/wp-content\\\/uploads\\\/sites\\\/20\\\/2022\\\/02\\\/buy-fentanyl-transdermal-system-patch.jpg\",\"contentUrl\":\"https:\\\/\\\/medicinasinc.com\\\/pt\\\/wp-content\\\/uploads\\\/sites\\\/20\\\/2022\\\/02\\\/buy-fentanyl-transdermal-system-patch.jpg\",\"width\":600,\"height\":600},{\"@type\":\"BreadcrumbList\",\"@id\":\"https:\\\/\\\/medicinasinc.com\\\/pt\\\/product\\\/comprar-fentanil-transdermico-sistema-patch\\\/#breadcrumb\",\"itemListElement\":[{\"@type\":\"ListItem\",\"position\":1,\"name\":\"Comprar\",\"item\":\"https:\\\/\\\/medicinasinc.com\\\/pt\\\/comprar\\\/\"},{\"@type\":\"ListItem\",\"position\":2,\"name\":\"Compre o adesivo para sistema transd\u00e9rmico de fentanil\"}]},{\"@type\":\"WebSite\",\"@id\":\"https:\\\/\\\/medicinasinc.com\\\/pt\\\/#website\",\"url\":\"https:\\\/\\\/medicinasinc.com\\\/pt\\\/\",\"name\":\"Medicinas Inc\",\"description\":\"Health Medical Clinic\",\"potentialAction\":[{\"@type\":\"SearchAction\",\"target\":{\"@type\":\"EntryPoint\",\"urlTemplate\":\"https:\\\/\\\/medicinasinc.com\\\/pt\\\/?s={search_term_string}\"},\"query-input\":{\"@type\":\"PropertyValueSpecification\",\"valueRequired\":true,\"valueName\":\"search_term_string\"}}],\"inLanguage\":\"pt-PT\"}]}<\/script>\n<!-- \/ Yoast SEO plugin. -->","yoast_head_json":{"title":"Compre o adesivo transd\u00e9rmico de fentanil - Best Best Global Meds","description":"Compre o adesivo de fentanil online no Reino Unido, o custo dos adesivos de fentanil no Reino Unido, compre adesivos de fentanil no Reino Unido, pre\u00e7o de mercado de fentanil no Reino Unido, adesivo de fentanil \u00e0 venda no Reino Unido","robots":{"index":"index","follow":"follow","max-snippet":"max-snippet:-1","max-image-preview":"max-image-preview:large","max-video-preview":"max-video-preview:-1"},"canonical":"https:\/\/medicinasinc.com\/pt\/product\/comprar-fentanil-transdermico-sistema-patch\/","og_locale":"pt_PT","og_type":"article","og_title":"Compre o adesivo transd\u00e9rmico de fentanil - Best Best Global Meds","og_description":"Compre o adesivo de fentanil online no Reino Unido, o custo dos adesivos de fentanil no Reino Unido, compre adesivos de fentanil no Reino Unido, pre\u00e7o de mercado de fentanil no Reino Unido, adesivo de fentanil \u00e0 venda no Reino Unido","og_url":"https:\/\/medicinasinc.com\/pt\/product\/comprar-fentanil-transdermico-sistema-patch\/","og_site_name":"Medicinas Inc","article_modified_time":"2022-07-05T23:24:05+00:00","og_image":[{"width":600,"height":600,"url":"https:\/\/medicinasinc.com\/pt\/wp-content\/uploads\/sites\/20\/2022\/02\/buy-fentanyl-transdermal-system-patch.jpg","type":"image\/jpeg"}],"twitter_card":"summary_large_image","twitter_misc":{"Tempo estimado de leitura":"4 minutos"},"schema":{"@context":"https:\/\/schema.org","@graph":[{"@type":"WebPage","@id":"https:\/\/medicinasinc.com\/pt\/product\/comprar-fentanil-transdermico-sistema-patch\/","url":"https:\/\/medicinasinc.com\/pt\/product\/comprar-fentanil-transdermico-sistema-patch\/","name":"Compre o adesivo transd\u00e9rmico de fentanil - Best Best Global Meds","isPartOf":{"@id":"https:\/\/medicinasinc.com\/pt\/#website"},"primaryImageOfPage":{"@id":"https:\/\/medicinasinc.com\/pt\/product\/comprar-fentanil-transdermico-sistema-patch\/#primaryimage"},"image":{"@id":"https:\/\/medicinasinc.com\/pt\/product\/comprar-fentanil-transdermico-sistema-patch\/#primaryimage"},"thumbnailUrl":"https:\/\/medicinasinc.com\/pt\/wp-content\/uploads\/sites\/20\/2022\/02\/buy-fentanyl-transdermal-system-patch.jpg","datePublished":"2022-02-20T21:32:53+00:00","dateModified":"2022-07-05T23:24:05+00:00","description":"Compre o adesivo de fentanil online no Reino Unido, o custo dos adesivos de fentanil no Reino Unido, compre adesivos de fentanil no Reino Unido, pre\u00e7o de mercado de fentanil no Reino Unido, adesivo de fentanil \u00e0 venda no Reino Unido","breadcrumb":{"@id":"https:\/\/medicinasinc.com\/pt\/product\/comprar-fentanil-transdermico-sistema-patch\/#breadcrumb"},"inLanguage":"pt-PT","potentialAction":[{"@type":"ReadAction","target":["https:\/\/medicinasinc.com\/pt\/product\/comprar-fentanil-transdermico-sistema-patch\/"]}]},{"@type":"ImageObject","inLanguage":"pt-PT","@id":"https:\/\/medicinasinc.com\/pt\/product\/comprar-fentanil-transdermico-sistema-patch\/#primaryimage","url":"https:\/\/medicinasinc.com\/pt\/wp-content\/uploads\/sites\/20\/2022\/02\/buy-fentanyl-transdermal-system-patch.jpg","contentUrl":"https:\/\/medicinasinc.com\/pt\/wp-content\/uploads\/sites\/20\/2022\/02\/buy-fentanyl-transdermal-system-patch.jpg","width":600,"height":600},{"@type":"BreadcrumbList","@id":"https:\/\/medicinasinc.com\/pt\/product\/comprar-fentanil-transdermico-sistema-patch\/#breadcrumb","itemListElement":[{"@type":"ListItem","position":1,"name":"Comprar","item":"https:\/\/medicinasinc.com\/pt\/comprar\/"},{"@type":"ListItem","position":2,"name":"Compre o adesivo para sistema transd\u00e9rmico de fentanil"}]},{"@type":"WebSite","@id":"https:\/\/medicinasinc.com\/pt\/#website","url":"https:\/\/medicinasinc.com\/pt\/","name":"Medicinas Inc","description":"Health Medical Clinic","potentialAction":[{"@type":"SearchAction","target":{"@type":"EntryPoint","urlTemplate":"https:\/\/medicinasinc.com\/pt\/?s={search_term_string}"},"query-input":{"@type":"PropertyValueSpecification","valueRequired":true,"valueName":"search_term_string"}}],"inLanguage":"pt-PT"}]}},"_links":{"self":[{"href":"https:\/\/medicinasinc.com\/pt\/wp-json\/wp\/v2\/product\/5182","targetHints":{"allow":["GET"]}}],"collection":[{"href":"https:\/\/medicinasinc.com\/pt\/wp-json\/wp\/v2\/product"}],"about":[{"href":"https:\/\/medicinasinc.com\/pt\/wp-json\/wp\/v2\/types\/product"}],"replies":[{"embeddable":true,"href":"https:\/\/medicinasinc.com\/pt\/wp-json\/wp\/v2\/comments?post=5182"}],"wp:featuredmedia":[{"embeddable":true,"href":"https:\/\/medicinasinc.com\/pt\/wp-json\/wp\/v2\/media\/5199"}],"wp:attachment":[{"href":"https:\/\/medicinasinc.com\/pt\/wp-json\/wp\/v2\/media?parent=5182"}],"wp:term":[{"taxonomy":"product_brand","embeddable":true,"href":"https:\/\/medicinasinc.com\/pt\/wp-json\/wp\/v2\/product_brand?post=5182"},{"taxonomy":"product_cat","embeddable":true,"href":"https:\/\/medicinasinc.com\/pt\/wp-json\/wp\/v2\/product_cat?post=5182"},{"taxonomy":"product_tag","embeddable":true,"href":"https:\/\/medicinasinc.com\/pt\/wp-json\/wp\/v2\/product_tag?post=5182"}],"curies":[{"name":"wp","href":"https:\/\/api.w.org\/{rel}","templated":true}]}}