{"id":5151,"date":"2022-02-20T21:07:35","date_gmt":"2022-02-20T21:07:35","guid":{"rendered":"https:\/\/medicinasinc.com\/pt\/?post_type=product&#038;p=5151"},"modified":"2022-07-05T23:24:19","modified_gmt":"2022-07-05T23:24:19","slug":"comprar-diazepam-10-mg","status":"publish","type":"product","link":"https:\/\/medicinasinc.com\/pt\/product\/comprar-diazepam-10-mg\/","title":{"rendered":"Compre Diazepam 10mg"},"content":{"rendered":"<p>Compre 10mg de Dextripam online (Diazepam)<\/p>\n<p>Diazepam 10mg para venda online no Reino Unido, Europa ao melhor pre\u00e7o est\u00e1 dispon\u00edvel aqui. Medicamentos legais est\u00e3o dispon\u00edveis em bestglobalmeds.com, uma farm\u00e1cia online confi\u00e1vel. Voc\u00ea pode economizar tempo e dinheiro fazendo seu pedido online.<\/p>\n<p>Os comprimidos de Dextripam 10mg podem ser adquiridos online. O diazepam \u00e9 um medicamento usado para tratar ansiedade, sintomas de abstin\u00eancia de \u00e1lcool ou c\u00e3ibras musculares.<\/p>\n<p>Uma dose de 10 mg de diazepam pode ser comprada no Reino Unido. Diazepam (Valium 10 mg) pode ser adquirido em bestsleepingtablets.com. Temos um bom estoque de p\u00edlulas de Diazepam em estoque!<\/p>\n<p>Diazepam (Valium Gen\u00e9rico) e outros&#8230; podem ser comparados, cupons impressos podem ser obtidos e estrat\u00e9gias de economia de dinheiro podem ser encontradas. Voc\u00ea pode fazer um pedido on-line e receb\u00ea-lo na sua porta.<\/p>\n<div class=\"product-next-previous\">\n<div class=\"product-prev\"><\/div><\/div>\n","protected":false},"excerpt":{"rendered":"<p>Compre Diazepam 10 mg para venda online no Reino Unido, Europa ao melhor pre\u00e7o dispon\u00edvel aqui. Medicamentos legais est\u00e3o dispon\u00edveis em medicinasinc.com\/pt, uma farm\u00e1cia online de confian\u00e7a. Voc\u00ea pode economizar tempo e dinheiro fazendo seu pedido online.<\/p>\n<p>Os comprimidos de Dextripam 10mg podem ser adquiridos online. O diazepam \u00e9 um medicamento usado para tratar ansiedade, sintomas de abstin\u00eancia de \u00e1lcool ou c\u00e3ibras musculares.<\/p>\n<p>Uma dose de 10 mg de diazepam pode ser comprada no Reino Unido. Diazepam (Valium 10 mg) pode ser adquirido em bestsleepingtablets.com. Temos um bom estoque de comprimidos de Diazepam em estoque!<\/p>\n<p>Diazepam (Valium Gen\u00e9rico) e outros&#8230; podem ser comparados, cupons impressos podem ser obtidos e estrat\u00e9gias de economia de dinheiro podem ser encontradas. Voc\u00ea pode fazer um pedido on-line e receb\u00ea-lo na sua porta.<\/p>\n","protected":false},"featured_media":5170,"comment_status":"open","ping_status":"closed","template":"","meta":[],"product_brand":[],"product_cat":[1117],"product_tag":[],"class_list":{"0":"post-5151","1":"product","2":"type-product","3":"status-publish","4":"has-post-thumbnail","6":"product_cat-compre-pilulas-para-dor-sono-e-sexo","8":"first","9":"instock","10":"shipping-taxable","11":"purchasable","12":"product-type-variable","13":"has-default-attributes"},"yoast_head":"<!-- This site is optimized with the Yoast SEO plugin v27.3 - https:\/\/yoast.com\/product\/yoast-seo-wordpress\/ -->\n<title>Compre Diazepam 10 mg - Best Best Global Meds<\/title>\n<meta name=\"description\" content=\"Compre Diazepam 10 mg para venda no Reino Unido, Europa online ao melhor pre\u00e7o. medicinasinc.com\/pt \u00e9 uma farm\u00e1cia online de confian\u00e7a com medicamentos legais. Encomende online e proteja o seu tempo e dinheiro.\" \/>\n<meta name=\"robots\" content=\"index, follow, max-snippet:-1, max-image-preview:large, max-video-preview:-1\" \/>\n<link rel=\"canonical\" href=\"https:\/\/medicinasinc.com\/pt\/product\/comprar-diazepam-10-mg\/\" \/>\n<meta property=\"og:locale\" content=\"pt_PT\" \/>\n<meta property=\"og:type\" content=\"article\" \/>\n<meta property=\"og:title\" content=\"Compre Diazepam 10 mg - Best Best Global Meds\" \/>\n<meta property=\"og:description\" content=\"Compre Diazepam 10 mg para venda no Reino Unido, Europa online ao melhor pre\u00e7o. medicinasinc.com\/pt \u00e9 uma farm\u00e1cia online de confian\u00e7a com medicamentos legais. Encomende online e proteja o seu tempo e dinheiro.\" \/>\n<meta property=\"og:url\" content=\"https:\/\/medicinasinc.com\/pt\/product\/comprar-diazepam-10-mg\/\" \/>\n<meta property=\"og:site_name\" content=\"Medicinas Inc\" \/>\n<meta property=\"article:modified_time\" content=\"2022-07-05T23:24:19+00:00\" \/>\n<meta property=\"og:image\" content=\"https:\/\/medicinasinc.com\/pt\/wp-content\/uploads\/sites\/20\/2022\/02\/Buy-Diazepam-10-mg.jpg\" \/>\n\t<meta property=\"og:image:width\" content=\"400\" \/>\n\t<meta property=\"og:image:height\" content=\"400\" \/>\n\t<meta property=\"og:image:type\" content=\"image\/jpeg\" \/>\n<meta name=\"twitter:card\" content=\"summary_large_image\" \/>\n<meta name=\"twitter:label1\" content=\"Tempo estimado de leitura\" \/>\n\t<meta name=\"twitter:data1\" content=\"1 minuto\" \/>\n<script type=\"application\/ld+json\" class=\"yoast-schema-graph\">{\"@context\":\"https:\\\/\\\/schema.org\",\"@graph\":[{\"@type\":\"WebPage\",\"@id\":\"https:\\\/\\\/medicinasinc.com\\\/pt\\\/product\\\/comprar-diazepam-10-mg\\\/\",\"url\":\"https:\\\/\\\/medicinasinc.com\\\/pt\\\/product\\\/comprar-diazepam-10-mg\\\/\",\"name\":\"Compre Diazepam 10 mg - Best Best Global Meds\",\"isPartOf\":{\"@id\":\"https:\\\/\\\/medicinasinc.com\\\/pt\\\/#website\"},\"primaryImageOfPage\":{\"@id\":\"https:\\\/\\\/medicinasinc.com\\\/pt\\\/product\\\/comprar-diazepam-10-mg\\\/#primaryimage\"},\"image\":{\"@id\":\"https:\\\/\\\/medicinasinc.com\\\/pt\\\/product\\\/comprar-diazepam-10-mg\\\/#primaryimage\"},\"thumbnailUrl\":\"https:\\\/\\\/medicinasinc.com\\\/pt\\\/wp-content\\\/uploads\\\/sites\\\/20\\\/2022\\\/02\\\/Buy-Diazepam-10-mg.jpg\",\"datePublished\":\"2022-02-20T21:07:35+00:00\",\"dateModified\":\"2022-07-05T23:24:19+00:00\",\"description\":\"Compre Diazepam 10 mg para venda no Reino Unido, Europa online ao melhor pre\u00e7o. medicinasinc.com\\\/pt \u00e9 uma farm\u00e1cia online de confian\u00e7a com medicamentos legais. Encomende online e proteja o seu tempo e dinheiro.\",\"breadcrumb\":{\"@id\":\"https:\\\/\\\/medicinasinc.com\\\/pt\\\/product\\\/comprar-diazepam-10-mg\\\/#breadcrumb\"},\"inLanguage\":\"pt-PT\",\"potentialAction\":[{\"@type\":\"ReadAction\",\"target\":[\"https:\\\/\\\/medicinasinc.com\\\/pt\\\/product\\\/comprar-diazepam-10-mg\\\/\"]}]},{\"@type\":\"ImageObject\",\"inLanguage\":\"pt-PT\",\"@id\":\"https:\\\/\\\/medicinasinc.com\\\/pt\\\/product\\\/comprar-diazepam-10-mg\\\/#primaryimage\",\"url\":\"https:\\\/\\\/medicinasinc.com\\\/pt\\\/wp-content\\\/uploads\\\/sites\\\/20\\\/2022\\\/02\\\/Buy-Diazepam-10-mg.jpg\",\"contentUrl\":\"https:\\\/\\\/medicinasinc.com\\\/pt\\\/wp-content\\\/uploads\\\/sites\\\/20\\\/2022\\\/02\\\/Buy-Diazepam-10-mg.jpg\",\"width\":400,\"height\":400},{\"@type\":\"BreadcrumbList\",\"@id\":\"https:\\\/\\\/medicinasinc.com\\\/pt\\\/product\\\/comprar-diazepam-10-mg\\\/#breadcrumb\",\"itemListElement\":[{\"@type\":\"ListItem\",\"position\":1,\"name\":\"Comprar\",\"item\":\"https:\\\/\\\/medicinasinc.com\\\/pt\\\/comprar\\\/\"},{\"@type\":\"ListItem\",\"position\":2,\"name\":\"Compre Diazepam 10mg\"}]},{\"@type\":\"WebSite\",\"@id\":\"https:\\\/\\\/medicinasinc.com\\\/pt\\\/#website\",\"url\":\"https:\\\/\\\/medicinasinc.com\\\/pt\\\/\",\"name\":\"Medicinas Inc\",\"description\":\"Health Medical Clinic\",\"potentialAction\":[{\"@type\":\"SearchAction\",\"target\":{\"@type\":\"EntryPoint\",\"urlTemplate\":\"https:\\\/\\\/medicinasinc.com\\\/pt\\\/?s={search_term_string}\"},\"query-input\":{\"@type\":\"PropertyValueSpecification\",\"valueRequired\":true,\"valueName\":\"search_term_string\"}}],\"inLanguage\":\"pt-PT\"}]}<\/script>\n<!-- \/ Yoast SEO plugin. -->","yoast_head_json":{"title":"Compre Diazepam 10 mg - Best Best Global Meds","description":"Compre Diazepam 10 mg para venda no Reino Unido, Europa online ao melhor pre\u00e7o. medicinasinc.com\/pt \u00e9 uma farm\u00e1cia online de confian\u00e7a com medicamentos legais. Encomende online e proteja o seu tempo e dinheiro.","robots":{"index":"index","follow":"follow","max-snippet":"max-snippet:-1","max-image-preview":"max-image-preview:large","max-video-preview":"max-video-preview:-1"},"canonical":"https:\/\/medicinasinc.com\/pt\/product\/comprar-diazepam-10-mg\/","og_locale":"pt_PT","og_type":"article","og_title":"Compre Diazepam 10 mg - Best Best Global Meds","og_description":"Compre Diazepam 10 mg para venda no Reino Unido, Europa online ao melhor pre\u00e7o. medicinasinc.com\/pt \u00e9 uma farm\u00e1cia online de confian\u00e7a com medicamentos legais. Encomende online e proteja o seu tempo e dinheiro.","og_url":"https:\/\/medicinasinc.com\/pt\/product\/comprar-diazepam-10-mg\/","og_site_name":"Medicinas Inc","article_modified_time":"2022-07-05T23:24:19+00:00","og_image":[{"width":400,"height":400,"url":"https:\/\/medicinasinc.com\/pt\/wp-content\/uploads\/sites\/20\/2022\/02\/Buy-Diazepam-10-mg.jpg","type":"image\/jpeg"}],"twitter_card":"summary_large_image","twitter_misc":{"Tempo estimado de leitura":"1 minuto"},"schema":{"@context":"https:\/\/schema.org","@graph":[{"@type":"WebPage","@id":"https:\/\/medicinasinc.com\/pt\/product\/comprar-diazepam-10-mg\/","url":"https:\/\/medicinasinc.com\/pt\/product\/comprar-diazepam-10-mg\/","name":"Compre Diazepam 10 mg - Best Best Global Meds","isPartOf":{"@id":"https:\/\/medicinasinc.com\/pt\/#website"},"primaryImageOfPage":{"@id":"https:\/\/medicinasinc.com\/pt\/product\/comprar-diazepam-10-mg\/#primaryimage"},"image":{"@id":"https:\/\/medicinasinc.com\/pt\/product\/comprar-diazepam-10-mg\/#primaryimage"},"thumbnailUrl":"https:\/\/medicinasinc.com\/pt\/wp-content\/uploads\/sites\/20\/2022\/02\/Buy-Diazepam-10-mg.jpg","datePublished":"2022-02-20T21:07:35+00:00","dateModified":"2022-07-05T23:24:19+00:00","description":"Compre Diazepam 10 mg para venda no Reino Unido, Europa online ao melhor pre\u00e7o. medicinasinc.com\/pt \u00e9 uma farm\u00e1cia online de confian\u00e7a com medicamentos legais. Encomende online e proteja o seu tempo e dinheiro.","breadcrumb":{"@id":"https:\/\/medicinasinc.com\/pt\/product\/comprar-diazepam-10-mg\/#breadcrumb"},"inLanguage":"pt-PT","potentialAction":[{"@type":"ReadAction","target":["https:\/\/medicinasinc.com\/pt\/product\/comprar-diazepam-10-mg\/"]}]},{"@type":"ImageObject","inLanguage":"pt-PT","@id":"https:\/\/medicinasinc.com\/pt\/product\/comprar-diazepam-10-mg\/#primaryimage","url":"https:\/\/medicinasinc.com\/pt\/wp-content\/uploads\/sites\/20\/2022\/02\/Buy-Diazepam-10-mg.jpg","contentUrl":"https:\/\/medicinasinc.com\/pt\/wp-content\/uploads\/sites\/20\/2022\/02\/Buy-Diazepam-10-mg.jpg","width":400,"height":400},{"@type":"BreadcrumbList","@id":"https:\/\/medicinasinc.com\/pt\/product\/comprar-diazepam-10-mg\/#breadcrumb","itemListElement":[{"@type":"ListItem","position":1,"name":"Comprar","item":"https:\/\/medicinasinc.com\/pt\/comprar\/"},{"@type":"ListItem","position":2,"name":"Compre Diazepam 10mg"}]},{"@type":"WebSite","@id":"https:\/\/medicinasinc.com\/pt\/#website","url":"https:\/\/medicinasinc.com\/pt\/","name":"Medicinas Inc","description":"Health Medical Clinic","potentialAction":[{"@type":"SearchAction","target":{"@type":"EntryPoint","urlTemplate":"https:\/\/medicinasinc.com\/pt\/?s={search_term_string}"},"query-input":{"@type":"PropertyValueSpecification","valueRequired":true,"valueName":"search_term_string"}}],"inLanguage":"pt-PT"}]}},"_links":{"self":[{"href":"https:\/\/medicinasinc.com\/pt\/wp-json\/wp\/v2\/product\/5151","targetHints":{"allow":["GET"]}}],"collection":[{"href":"https:\/\/medicinasinc.com\/pt\/wp-json\/wp\/v2\/product"}],"about":[{"href":"https:\/\/medicinasinc.com\/pt\/wp-json\/wp\/v2\/types\/product"}],"replies":[{"embeddable":true,"href":"https:\/\/medicinasinc.com\/pt\/wp-json\/wp\/v2\/comments?post=5151"}],"wp:featuredmedia":[{"embeddable":true,"href":"https:\/\/medicinasinc.com\/pt\/wp-json\/wp\/v2\/media\/5170"}],"wp:attachment":[{"href":"https:\/\/medicinasinc.com\/pt\/wp-json\/wp\/v2\/media?parent=5151"}],"wp:term":[{"taxonomy":"product_brand","embeddable":true,"href":"https:\/\/medicinasinc.com\/pt\/wp-json\/wp\/v2\/product_brand?post=5151"},{"taxonomy":"product_cat","embeddable":true,"href":"https:\/\/medicinasinc.com\/pt\/wp-json\/wp\/v2\/product_cat?post=5151"},{"taxonomy":"product_tag","embeddable":true,"href":"https:\/\/medicinasinc.com\/pt\/wp-json\/wp\/v2\/product_tag?post=5151"}],"curies":[{"name":"wp","href":"https:\/\/api.w.org\/{rel}","templated":true}]}}