{"id":5149,"date":"2022-02-20T21:05:49","date_gmt":"2022-02-20T21:05:49","guid":{"rendered":"https:\/\/medicinasinc.com\/pt\/?post_type=product&#038;p=5149"},"modified":"2022-07-05T23:24:55","modified_gmt":"2022-07-05T23:24:55","slug":"comprar-codeina-sulfato-30-mg","status":"publish","type":"product","link":"https:\/\/medicinasinc.com\/pt\/product\/comprar-codeina-sulfato-30-mg\/","title":{"rendered":"Compre sulfato de code\u00edna 30 mg"},"content":{"rendered":"<p>compra on-line de 30mg de code\u00edna fosfato<\/p>\n<p>Code\u00edna\u00a0(fosfato)\u00a030mg\u00a0comprimidos\/comprimidos:<\/p>\n<p>Code\u00edna\u00a0(fosfato) cura a dor ou a tosse. Um analg\u00e9sico e tosse em um, esta droga \u00e9 um analg\u00e9sico narc\u00f3tico.<\/p>\n<p>Voc\u00ea pode comprar Fosfato de Code\u00edna 30 mg na internet e entreg\u00e1-lo durante a noite \u00e0 sua porta via FedEx, sem necessidade de receita m\u00e9dica, pois desde que voc\u00ea esteja nos EUA.<\/p>\n<p>Fosfato de code\u00edna 30 mg est\u00e1 dispon\u00edvel para compra on-line, com entrega r\u00e1pida, segura e rastre\u00e1vel para todas as compras. Agora \u00e9 a hora de comprar fosfato de code\u00edna online.<\/p>\n<p>Comprimidos de fosfato de code\u00edna (30 mg). A code\u00edna \u00e9 um analg\u00e9sico poderoso que s\u00f3 pode ser obtido mediante receita m\u00e9dica. Um potente opi\u00e1ceo e narc\u00f3tico que funciona bem. Encomende\u00a0..<\/p>\n<p>sedativos vendidos sem receita Atualmente no mercado. A code\u00edna \u00e9 um analg\u00e9sico que pode ser usado para tratar ou prevenir desconforto moderado a grave. Tamb\u00e9m pode ser usado para tratar uma variedade de doen\u00e7as. A code\u00edna est\u00e1 dispon\u00edvel on-line sem receita m\u00e9dica a um pre\u00e7o bastante razo\u00e1vel.<\/p>\n","protected":false},"excerpt":{"rendered":"<p>Code\u00edna\u00a0(fosfato)\u00a0comprimidos\/comprimidos de 30 mg: a code\u00edna (fosfato) \u00e9 usada para aliviar a tosse e a dor. Um analg\u00e9sico e tosse em um, este medicamento \u00e9 analg\u00e9sico narc\u00f3tico.<\/p>\n<p>Voc\u00ea pode comprar Fosfato de Code\u00edna\u00a030 mg na Internet e entreg\u00e1-lo durante a noite \u00e0 sua porta via FedEx, sem necessidade de receita m\u00e9dica, pois desde que voc\u00ea esteja nos EUA.<\/p>\n<p>Fosfato de code\u00edna 30 mg est\u00e1 dispon\u00edvel para compra on-line, com entrega r\u00e1pida, segura e rastre\u00e1vel para todas as compras. Agora \u00e9 a hora de comprar fosfato de code\u00edna online.<\/p>\n<p>Comprimidos de fosfato de code\u00edna (30 mg). A code\u00edna \u00e9 um analg\u00e9sico poderoso que s\u00f3 pode ser obtido mediante receita m\u00e9dica. Um potente opi\u00e1ceo e narc\u00f3tico que funciona bem. Encomende\u00a0..<\/p>\n<p>sedativos vendidos sem receita Atualmente no mercado. A code\u00edna \u00e9 um analg\u00e9sico que pode ser usado para tratar ou prevenir desconforto moderado a grave. Tamb\u00e9m pode ser usado para tratar uma variedade de doen\u00e7as. A code\u00edna est\u00e1 dispon\u00edvel on-line sem receita m\u00e9dica a um pre\u00e7o bastante razo\u00e1vel.<\/p>\n","protected":false},"featured_media":5166,"comment_status":"open","ping_status":"closed","template":"","meta":[],"product_brand":[],"product_cat":[1117],"product_tag":[],"class_list":{"0":"post-5149","1":"product","2":"type-product","3":"status-publish","4":"has-post-thumbnail","6":"product_cat-compre-pilulas-para-dor-sono-e-sexo","8":"first","9":"instock","10":"shipping-taxable","11":"purchasable","12":"product-type-variable","13":"has-default-attributes"},"yoast_head":"<!-- This site is optimized with the Yoast SEO plugin v27.3 - https:\/\/yoast.com\/product\/yoast-seo-wordpress\/ -->\n<title>Compre sulfato de code\u00edna 30 mg - Best Best Global Meds<\/title>\n<meta name=\"description\" content=\"Compre sulfato de code\u00edna 30 mg\u00a0on-line, envio noturno, medicamentos de marca, entrega via FedEx, DPD sem necessidade de prescri\u00e7\u00e3o, EUA, Reino Unido, entrega na Europa.\" \/>\n<meta name=\"robots\" content=\"index, follow, max-snippet:-1, max-image-preview:large, max-video-preview:-1\" \/>\n<link rel=\"canonical\" href=\"https:\/\/medicinasinc.com\/pt\/product\/comprar-codeina-sulfato-30-mg\/\" \/>\n<meta property=\"og:locale\" content=\"pt_PT\" \/>\n<meta property=\"og:type\" content=\"article\" \/>\n<meta property=\"og:title\" content=\"Compre sulfato de code\u00edna 30 mg - Best Best Global Meds\" \/>\n<meta property=\"og:description\" content=\"Compre sulfato de code\u00edna 30 mg\u00a0on-line, envio noturno, medicamentos de marca, entrega via FedEx, DPD sem necessidade de prescri\u00e7\u00e3o, EUA, Reino Unido, entrega na Europa.\" \/>\n<meta property=\"og:url\" content=\"https:\/\/medicinasinc.com\/pt\/product\/comprar-codeina-sulfato-30-mg\/\" \/>\n<meta property=\"og:site_name\" content=\"Medicinas Inc\" \/>\n<meta property=\"article:modified_time\" content=\"2022-07-05T23:24:55+00:00\" \/>\n<meta property=\"og:image\" content=\"https:\/\/medicinasinc.com\/pt\/wp-content\/uploads\/sites\/20\/2022\/02\/buy-codeine-sulfate-30mg-online.jpg\" \/>\n\t<meta property=\"og:image:width\" content=\"600\" \/>\n\t<meta property=\"og:image:height\" content=\"600\" \/>\n\t<meta property=\"og:image:type\" content=\"image\/jpeg\" \/>\n<meta name=\"twitter:card\" content=\"summary_large_image\" \/>\n<meta name=\"twitter:label1\" content=\"Tempo estimado de leitura\" \/>\n\t<meta name=\"twitter:data1\" content=\"1 minuto\" \/>\n<script type=\"application\/ld+json\" class=\"yoast-schema-graph\">{\"@context\":\"https:\\\/\\\/schema.org\",\"@graph\":[{\"@type\":\"WebPage\",\"@id\":\"https:\\\/\\\/medicinasinc.com\\\/pt\\\/product\\\/comprar-codeina-sulfato-30-mg\\\/\",\"url\":\"https:\\\/\\\/medicinasinc.com\\\/pt\\\/product\\\/comprar-codeina-sulfato-30-mg\\\/\",\"name\":\"Compre sulfato de code\u00edna 30 mg - Best Best Global Meds\",\"isPartOf\":{\"@id\":\"https:\\\/\\\/medicinasinc.com\\\/pt\\\/#website\"},\"primaryImageOfPage\":{\"@id\":\"https:\\\/\\\/medicinasinc.com\\\/pt\\\/product\\\/comprar-codeina-sulfato-30-mg\\\/#primaryimage\"},\"image\":{\"@id\":\"https:\\\/\\\/medicinasinc.com\\\/pt\\\/product\\\/comprar-codeina-sulfato-30-mg\\\/#primaryimage\"},\"thumbnailUrl\":\"https:\\\/\\\/medicinasinc.com\\\/pt\\\/wp-content\\\/uploads\\\/sites\\\/20\\\/2022\\\/02\\\/buy-codeine-sulfate-30mg-online.jpg\",\"datePublished\":\"2022-02-20T21:05:49+00:00\",\"dateModified\":\"2022-07-05T23:24:55+00:00\",\"description\":\"Compre sulfato de code\u00edna 30 mg\u00a0on-line, envio noturno, medicamentos de marca, entrega via FedEx, DPD sem necessidade de prescri\u00e7\u00e3o, EUA, Reino Unido, entrega na Europa.\",\"breadcrumb\":{\"@id\":\"https:\\\/\\\/medicinasinc.com\\\/pt\\\/product\\\/comprar-codeina-sulfato-30-mg\\\/#breadcrumb\"},\"inLanguage\":\"pt-PT\",\"potentialAction\":[{\"@type\":\"ReadAction\",\"target\":[\"https:\\\/\\\/medicinasinc.com\\\/pt\\\/product\\\/comprar-codeina-sulfato-30-mg\\\/\"]}]},{\"@type\":\"ImageObject\",\"inLanguage\":\"pt-PT\",\"@id\":\"https:\\\/\\\/medicinasinc.com\\\/pt\\\/product\\\/comprar-codeina-sulfato-30-mg\\\/#primaryimage\",\"url\":\"https:\\\/\\\/medicinasinc.com\\\/pt\\\/wp-content\\\/uploads\\\/sites\\\/20\\\/2022\\\/02\\\/buy-codeine-sulfate-30mg-online.jpg\",\"contentUrl\":\"https:\\\/\\\/medicinasinc.com\\\/pt\\\/wp-content\\\/uploads\\\/sites\\\/20\\\/2022\\\/02\\\/buy-codeine-sulfate-30mg-online.jpg\",\"width\":600,\"height\":600},{\"@type\":\"BreadcrumbList\",\"@id\":\"https:\\\/\\\/medicinasinc.com\\\/pt\\\/product\\\/comprar-codeina-sulfato-30-mg\\\/#breadcrumb\",\"itemListElement\":[{\"@type\":\"ListItem\",\"position\":1,\"name\":\"Comprar\",\"item\":\"https:\\\/\\\/medicinasinc.com\\\/pt\\\/comprar\\\/\"},{\"@type\":\"ListItem\",\"position\":2,\"name\":\"Compre sulfato de code\u00edna 30 mg\"}]},{\"@type\":\"WebSite\",\"@id\":\"https:\\\/\\\/medicinasinc.com\\\/pt\\\/#website\",\"url\":\"https:\\\/\\\/medicinasinc.com\\\/pt\\\/\",\"name\":\"Medicinas Inc\",\"description\":\"Health Medical Clinic\",\"potentialAction\":[{\"@type\":\"SearchAction\",\"target\":{\"@type\":\"EntryPoint\",\"urlTemplate\":\"https:\\\/\\\/medicinasinc.com\\\/pt\\\/?s={search_term_string}\"},\"query-input\":{\"@type\":\"PropertyValueSpecification\",\"valueRequired\":true,\"valueName\":\"search_term_string\"}}],\"inLanguage\":\"pt-PT\"}]}<\/script>\n<!-- \/ Yoast SEO plugin. -->","yoast_head_json":{"title":"Compre sulfato de code\u00edna 30 mg - Best Best Global Meds","description":"Compre sulfato de code\u00edna 30 mg\u00a0on-line, envio noturno, medicamentos de marca, entrega via FedEx, DPD sem necessidade de prescri\u00e7\u00e3o, EUA, Reino Unido, entrega na Europa.","robots":{"index":"index","follow":"follow","max-snippet":"max-snippet:-1","max-image-preview":"max-image-preview:large","max-video-preview":"max-video-preview:-1"},"canonical":"https:\/\/medicinasinc.com\/pt\/product\/comprar-codeina-sulfato-30-mg\/","og_locale":"pt_PT","og_type":"article","og_title":"Compre sulfato de code\u00edna 30 mg - Best Best Global Meds","og_description":"Compre sulfato de code\u00edna 30 mg\u00a0on-line, envio noturno, medicamentos de marca, entrega via FedEx, DPD sem necessidade de prescri\u00e7\u00e3o, EUA, Reino Unido, entrega na Europa.","og_url":"https:\/\/medicinasinc.com\/pt\/product\/comprar-codeina-sulfato-30-mg\/","og_site_name":"Medicinas Inc","article_modified_time":"2022-07-05T23:24:55+00:00","og_image":[{"width":600,"height":600,"url":"https:\/\/medicinasinc.com\/pt\/wp-content\/uploads\/sites\/20\/2022\/02\/buy-codeine-sulfate-30mg-online.jpg","type":"image\/jpeg"}],"twitter_card":"summary_large_image","twitter_misc":{"Tempo estimado de leitura":"1 minuto"},"schema":{"@context":"https:\/\/schema.org","@graph":[{"@type":"WebPage","@id":"https:\/\/medicinasinc.com\/pt\/product\/comprar-codeina-sulfato-30-mg\/","url":"https:\/\/medicinasinc.com\/pt\/product\/comprar-codeina-sulfato-30-mg\/","name":"Compre sulfato de code\u00edna 30 mg - Best Best Global Meds","isPartOf":{"@id":"https:\/\/medicinasinc.com\/pt\/#website"},"primaryImageOfPage":{"@id":"https:\/\/medicinasinc.com\/pt\/product\/comprar-codeina-sulfato-30-mg\/#primaryimage"},"image":{"@id":"https:\/\/medicinasinc.com\/pt\/product\/comprar-codeina-sulfato-30-mg\/#primaryimage"},"thumbnailUrl":"https:\/\/medicinasinc.com\/pt\/wp-content\/uploads\/sites\/20\/2022\/02\/buy-codeine-sulfate-30mg-online.jpg","datePublished":"2022-02-20T21:05:49+00:00","dateModified":"2022-07-05T23:24:55+00:00","description":"Compre sulfato de code\u00edna 30 mg\u00a0on-line, envio noturno, medicamentos de marca, entrega via FedEx, DPD sem necessidade de prescri\u00e7\u00e3o, EUA, Reino Unido, entrega na Europa.","breadcrumb":{"@id":"https:\/\/medicinasinc.com\/pt\/product\/comprar-codeina-sulfato-30-mg\/#breadcrumb"},"inLanguage":"pt-PT","potentialAction":[{"@type":"ReadAction","target":["https:\/\/medicinasinc.com\/pt\/product\/comprar-codeina-sulfato-30-mg\/"]}]},{"@type":"ImageObject","inLanguage":"pt-PT","@id":"https:\/\/medicinasinc.com\/pt\/product\/comprar-codeina-sulfato-30-mg\/#primaryimage","url":"https:\/\/medicinasinc.com\/pt\/wp-content\/uploads\/sites\/20\/2022\/02\/buy-codeine-sulfate-30mg-online.jpg","contentUrl":"https:\/\/medicinasinc.com\/pt\/wp-content\/uploads\/sites\/20\/2022\/02\/buy-codeine-sulfate-30mg-online.jpg","width":600,"height":600},{"@type":"BreadcrumbList","@id":"https:\/\/medicinasinc.com\/pt\/product\/comprar-codeina-sulfato-30-mg\/#breadcrumb","itemListElement":[{"@type":"ListItem","position":1,"name":"Comprar","item":"https:\/\/medicinasinc.com\/pt\/comprar\/"},{"@type":"ListItem","position":2,"name":"Compre sulfato de code\u00edna 30 mg"}]},{"@type":"WebSite","@id":"https:\/\/medicinasinc.com\/pt\/#website","url":"https:\/\/medicinasinc.com\/pt\/","name":"Medicinas Inc","description":"Health Medical Clinic","potentialAction":[{"@type":"SearchAction","target":{"@type":"EntryPoint","urlTemplate":"https:\/\/medicinasinc.com\/pt\/?s={search_term_string}"},"query-input":{"@type":"PropertyValueSpecification","valueRequired":true,"valueName":"search_term_string"}}],"inLanguage":"pt-PT"}]}},"_links":{"self":[{"href":"https:\/\/medicinasinc.com\/pt\/wp-json\/wp\/v2\/product\/5149","targetHints":{"allow":["GET"]}}],"collection":[{"href":"https:\/\/medicinasinc.com\/pt\/wp-json\/wp\/v2\/product"}],"about":[{"href":"https:\/\/medicinasinc.com\/pt\/wp-json\/wp\/v2\/types\/product"}],"replies":[{"embeddable":true,"href":"https:\/\/medicinasinc.com\/pt\/wp-json\/wp\/v2\/comments?post=5149"}],"wp:featuredmedia":[{"embeddable":true,"href":"https:\/\/medicinasinc.com\/pt\/wp-json\/wp\/v2\/media\/5166"}],"wp:attachment":[{"href":"https:\/\/medicinasinc.com\/pt\/wp-json\/wp\/v2\/media?parent=5149"}],"wp:term":[{"taxonomy":"product_brand","embeddable":true,"href":"https:\/\/medicinasinc.com\/pt\/wp-json\/wp\/v2\/product_brand?post=5149"},{"taxonomy":"product_cat","embeddable":true,"href":"https:\/\/medicinasinc.com\/pt\/wp-json\/wp\/v2\/product_cat?post=5149"},{"taxonomy":"product_tag","embeddable":true,"href":"https:\/\/medicinasinc.com\/pt\/wp-json\/wp\/v2\/product_tag?post=5149"}],"curies":[{"name":"wp","href":"https:\/\/api.w.org\/{rel}","templated":true}]}}