{"id":5148,"date":"2022-02-20T21:04:44","date_gmt":"2022-02-20T21:04:44","guid":{"rendered":"https:\/\/medicinasinc.com\/pt\/?post_type=product&#038;p=5148"},"modified":"2022-07-05T23:25:09","modified_gmt":"2022-07-05T23:25:09","slug":"buy-bunex-0-2mg-buprenorfina","status":"publish","type":"product","link":"https:\/\/medicinasinc.com\/pt\/product\/buy-bunex-0-2mg-buprenorfina\/","title":{"rendered":"Compre Bunex 0,2mg (Buprenorfina)"},"content":{"rendered":"<p>Os comprimidos de Buprenorfina Bunex podem ser comprados pela Internet.<\/p>\n<p>Onde posso obter Buprenorfina? Onde posso obter buprenorfina sem receita?<\/p>\n<p>\u00c9 um analg\u00e9sico semi-sint\u00e9tico desenvolvido a partir de compostos qu\u00edmicos naturais da papoula do \u00f3pio. A papoula do \u00f3pio \u00e9 a fonte da subst\u00e2ncia qu\u00edmica teba\u00edna, que \u00e9 usada para fazer buprenorfina. Como a buprenorfina \u00e9 semissint\u00e9tica, \u00e9 um opi\u00f3ide sint\u00e9tico. Todas as drogas origin\u00e1rias da papoula do \u00f3pio s\u00e3o chamadas de opi\u00f3ides na comunidade m\u00e9dica. Os opi\u00f3ides est\u00e3o entre os analg\u00e9sicos mais eficazes dispon\u00edveis, com efeitos que superam em muito os da maioria das outras drogas.<\/p>\n<p>Em que sentido a droga Buprenorfina funciona? Onde Comprar Buprenorfina<\/p>\n<p>Depois de ser absorvida pela corrente sangu\u00ednea, a buprenorfina tem um efeito sobre o sistema nervoso. Isso ocorre quando a buprenorfina entra no c\u00e9rebro, onde bloqueia as termina\u00e7\u00f5es nervosas que transmitem a dor. A buprenorfina n\u00e3o trata a causa subjacente do desconforto do paciente; em vez disso, reduz a percep\u00e7\u00e3o deles, permitindo-lhes relaxar.<\/p>\n<p>As pessoas recebem buprenorfina regularmente. A dor de espasmos musculares \u00e9 a raz\u00e3o mais comum pela qual as pessoas tomam buprenorfina. Se voc\u00ea sentir um espasmo, considere comprar buprenorfina para ver se isso pode ajud\u00e1-lo a lidar com o desconforto.<br \/> Pacientes que foram submetidos a cirurgias ou est\u00e3o lidando com fraturas geralmente recebem buprenorfina por m\u00e9dicos. A buprenorfina ajuda esses indiv\u00edduos a controlar suas dores at\u00e9 que se curem da fonte subjacente de seus desconfortos.<\/p>\n<p>Em que sentido a droga Buprenorfina funciona? Onde Comprar Buprenorfina<\/p>\n<p>O n\u00edvel de desconforto e for\u00e7a mental de uma pessoa influenciam muito a dosagem de buprenorfina. Normalmente, uma dose baixa de 8 mg deve ser tentada primeiro e, se n\u00e3o funcionar, uma dose mais alta de 16 mg deve ser tentada. A buprenorfina pode ser aumentada para 24 mg, mesmo que 16 mg sejam ineficazes. Em geral, se voc\u00ea planeja comprar buprenorfina on-line sem receita m\u00e9dica, n\u00e3o ultrapasse essa dosagem recomendada.<\/p>\n<p>Em que sentido o medicamento Buprenorfina funciona? Onde comprar buprenorfina<\/p>\n<p>Para mulheres gr\u00e1vidas, a buprenorfina n\u00e3o \u00e9 um tratamento adequado porque tem um impacto significativo nos sistemas reprodutivos das mulheres. Tomar buprenorfina pode ser perigoso para algumas pessoas sens\u00edveis aos opi\u00f3ides. Devido aos perigos do uso de buprenorfina para pacientes com c\u00e2ncer, eles devem consultar um m\u00e9dico antes de comprar buprenorfina online.<\/p>\n<p>Al\u00e9m de sonol\u00eancia, pregui\u00e7a, tontura, dores de cabe\u00e7a e n\u00e1useas, a buprenorfina pode causar uma variedade de outros efeitos adversos . Al\u00e9m disso, algumas pessoas podem experimentar uma mudan\u00e7a no sentido do tato, caso em que devem procurar atendimento m\u00e9dico.<\/p>\n<p>A a\u00e7\u00e3o da buprenorfina<br \/> Aplica\u00e7\u00f5es da buprenorfina<br \/> Rea\u00e7\u00f5es adversas \u00e0 Sintomas de buprenorfina do v\u00edcio em buprenorfina<\/p>\n","protected":false},"excerpt":{"rendered":"<p>Compre Bunex 0,2mg (Buprenorfina) \u00e0 venda no Reino Unido, UE online De medicinasinc.com\/pt farm\u00e1cia a pre\u00e7os baratos e acess\u00edveis com envio seguro e r\u00e1pido<\/p>\n<p>Compre Bunex 0,2mg (Buprenorfina) online -De medicinasinc.com\/pt farm\u00e1cia online a pre\u00e7os baratos e acess\u00edveis com envio seguro e r\u00e1pido.Contacte-nos em info@medicinasinc.com\/pt<\/p>\n<p>Compre Bunex 0.2mg (Buprenorfina) online<\/p>\n<p> Pre\u00e7os de Bunex 0,2mg (Buprenorfina) online<\/p>\n<p>Pre\u00e7os de Bunex 0,2mg (Buprenorfina)<\/p>\n<p>&nbsp;<\/p>\n<p>compre Bunex 0,2mg (Buprenorfina)<\/p>\n","protected":false},"featured_media":5164,"comment_status":"open","ping_status":"closed","template":"","meta":[],"product_brand":[],"product_cat":[1117],"product_tag":[1241,1242,1237,1238,1239,1240,1243,1245,1244,1246],"class_list":{"0":"post-5148","1":"product","2":"type-product","3":"status-publish","4":"has-post-thumbnail","6":"product_cat-compre-pilulas-para-dor-sono-e-sexo","7":"product_tag-bunex-buprenorfina-8mg","8":"product_tag-bunex-buprenorfina-online","9":"product_tag-bunex-buprenorphine-0-20mg","10":"product_tag-bunex-buprenorphine-0-20mg-and-steroids","11":"product_tag-bunex-buprenorphine-0-20mg-online","12":"product_tag-bunex-buprenorphine-0-2mg-by-safe-pharma","13":"product_tag-bunex-buprenorfina","14":"product_tag-cbt-pharmaceuticals-shop-pain-killers-bunex-buprenorphine-20-mg","15":"product_tag-comprar-buprenorfina-bunex-0-20mg","16":"product_tag-tramapartramadol-hcl-paracetamol-preo-3-comprar-online-bunexbuprenorfina","18":"first","19":"instock","20":"shipping-taxable","21":"purchasable","22":"product-type-variable","23":"has-default-attributes"},"yoast_head":"<!-- This site is optimized with the Yoast SEO plugin v27.3 - https:\/\/yoast.com\/product\/yoast-seo-wordpress\/ -->\n<title>Compre Bunex 0,2mg (Buprenorfina) - Researchem<\/title>\n<meta name=\"description\" content=\"Compre Bunex 0,2mg (Buprenorfina) para venda no Reino Unido, UE online De medicinasinc.com\/pt farm\u00e1cia a pre\u00e7os baratos e acess\u00edveis com envio seguro e r\u00e1pido\" \/>\n<meta name=\"robots\" content=\"index, follow, max-snippet:-1, max-image-preview:large, max-video-preview:-1\" \/>\n<link rel=\"canonical\" href=\"https:\/\/medicinasinc.com\/pt\/product\/buy-bunex-0-2mg-buprenorfina\/\" \/>\n<meta property=\"og:locale\" content=\"pt_PT\" \/>\n<meta property=\"og:type\" content=\"article\" \/>\n<meta property=\"og:title\" content=\"Compre Bunex 0,2mg (Buprenorfina) - Researchem\" \/>\n<meta property=\"og:description\" content=\"Compre Bunex 0,2mg (Buprenorfina) para venda no Reino Unido, UE online De medicinasinc.com\/pt farm\u00e1cia a pre\u00e7os baratos e acess\u00edveis com envio seguro e r\u00e1pido\" \/>\n<meta property=\"og:url\" content=\"https:\/\/medicinasinc.com\/pt\/product\/buy-bunex-0-2mg-buprenorfina\/\" \/>\n<meta property=\"og:site_name\" content=\"Medicinas Inc\" \/>\n<meta property=\"article:modified_time\" content=\"2022-07-05T23:25:09+00:00\" \/>\n<meta property=\"og:image\" content=\"https:\/\/medicinasinc.com\/pt\/wp-content\/uploads\/sites\/20\/2022\/02\/Buy-Bunex-0.2mg.jpg\" \/>\n\t<meta property=\"og:image:width\" content=\"600\" \/>\n\t<meta property=\"og:image:height\" content=\"600\" \/>\n\t<meta property=\"og:image:type\" content=\"image\/jpeg\" \/>\n<meta name=\"twitter:card\" content=\"summary_large_image\" \/>\n<meta name=\"twitter:label1\" content=\"Tempo estimado de leitura\" \/>\n\t<meta name=\"twitter:data1\" content=\"2 minutos\" \/>\n<script type=\"application\/ld+json\" class=\"yoast-schema-graph\">{\"@context\":\"https:\\\/\\\/schema.org\",\"@graph\":[{\"@type\":\"WebPage\",\"@id\":\"https:\\\/\\\/medicinasinc.com\\\/pt\\\/product\\\/buy-bunex-0-2mg-buprenorfina\\\/\",\"url\":\"https:\\\/\\\/medicinasinc.com\\\/pt\\\/product\\\/buy-bunex-0-2mg-buprenorfina\\\/\",\"name\":\"Compre Bunex 0,2mg (Buprenorfina) - Researchem\",\"isPartOf\":{\"@id\":\"https:\\\/\\\/medicinasinc.com\\\/pt\\\/#website\"},\"primaryImageOfPage\":{\"@id\":\"https:\\\/\\\/medicinasinc.com\\\/pt\\\/product\\\/buy-bunex-0-2mg-buprenorfina\\\/#primaryimage\"},\"image\":{\"@id\":\"https:\\\/\\\/medicinasinc.com\\\/pt\\\/product\\\/buy-bunex-0-2mg-buprenorfina\\\/#primaryimage\"},\"thumbnailUrl\":\"https:\\\/\\\/medicinasinc.com\\\/pt\\\/wp-content\\\/uploads\\\/sites\\\/20\\\/2022\\\/02\\\/Buy-Bunex-0.2mg.jpg\",\"datePublished\":\"2022-02-20T21:04:44+00:00\",\"dateModified\":\"2022-07-05T23:25:09+00:00\",\"description\":\"Compre Bunex 0,2mg (Buprenorfina) para venda no Reino Unido, UE online De medicinasinc.com\\\/pt farm\u00e1cia a pre\u00e7os baratos e acess\u00edveis com envio seguro e r\u00e1pido\",\"breadcrumb\":{\"@id\":\"https:\\\/\\\/medicinasinc.com\\\/pt\\\/product\\\/buy-bunex-0-2mg-buprenorfina\\\/#breadcrumb\"},\"inLanguage\":\"pt-PT\",\"potentialAction\":[{\"@type\":\"ReadAction\",\"target\":[\"https:\\\/\\\/medicinasinc.com\\\/pt\\\/product\\\/buy-bunex-0-2mg-buprenorfina\\\/\"]}]},{\"@type\":\"ImageObject\",\"inLanguage\":\"pt-PT\",\"@id\":\"https:\\\/\\\/medicinasinc.com\\\/pt\\\/product\\\/buy-bunex-0-2mg-buprenorfina\\\/#primaryimage\",\"url\":\"https:\\\/\\\/medicinasinc.com\\\/pt\\\/wp-content\\\/uploads\\\/sites\\\/20\\\/2022\\\/02\\\/Buy-Bunex-0.2mg.jpg\",\"contentUrl\":\"https:\\\/\\\/medicinasinc.com\\\/pt\\\/wp-content\\\/uploads\\\/sites\\\/20\\\/2022\\\/02\\\/Buy-Bunex-0.2mg.jpg\",\"width\":600,\"height\":600},{\"@type\":\"BreadcrumbList\",\"@id\":\"https:\\\/\\\/medicinasinc.com\\\/pt\\\/product\\\/buy-bunex-0-2mg-buprenorfina\\\/#breadcrumb\",\"itemListElement\":[{\"@type\":\"ListItem\",\"position\":1,\"name\":\"Comprar\",\"item\":\"https:\\\/\\\/medicinasinc.com\\\/pt\\\/comprar\\\/\"},{\"@type\":\"ListItem\",\"position\":2,\"name\":\"Compre Bunex 0,2mg (Buprenorfina)\"}]},{\"@type\":\"WebSite\",\"@id\":\"https:\\\/\\\/medicinasinc.com\\\/pt\\\/#website\",\"url\":\"https:\\\/\\\/medicinasinc.com\\\/pt\\\/\",\"name\":\"Medicinas Inc\",\"description\":\"Health Medical Clinic\",\"potentialAction\":[{\"@type\":\"SearchAction\",\"target\":{\"@type\":\"EntryPoint\",\"urlTemplate\":\"https:\\\/\\\/medicinasinc.com\\\/pt\\\/?s={search_term_string}\"},\"query-input\":{\"@type\":\"PropertyValueSpecification\",\"valueRequired\":true,\"valueName\":\"search_term_string\"}}],\"inLanguage\":\"pt-PT\"}]}<\/script>\n<!-- \/ Yoast SEO plugin. -->","yoast_head_json":{"title":"Compre Bunex 0,2mg (Buprenorfina) - Researchem","description":"Compre Bunex 0,2mg (Buprenorfina) para venda no Reino Unido, UE online De medicinasinc.com\/pt farm\u00e1cia a pre\u00e7os baratos e acess\u00edveis com envio seguro e r\u00e1pido","robots":{"index":"index","follow":"follow","max-snippet":"max-snippet:-1","max-image-preview":"max-image-preview:large","max-video-preview":"max-video-preview:-1"},"canonical":"https:\/\/medicinasinc.com\/pt\/product\/buy-bunex-0-2mg-buprenorfina\/","og_locale":"pt_PT","og_type":"article","og_title":"Compre Bunex 0,2mg (Buprenorfina) - Researchem","og_description":"Compre Bunex 0,2mg (Buprenorfina) para venda no Reino Unido, UE online De medicinasinc.com\/pt farm\u00e1cia a pre\u00e7os baratos e acess\u00edveis com envio seguro e r\u00e1pido","og_url":"https:\/\/medicinasinc.com\/pt\/product\/buy-bunex-0-2mg-buprenorfina\/","og_site_name":"Medicinas Inc","article_modified_time":"2022-07-05T23:25:09+00:00","og_image":[{"width":600,"height":600,"url":"https:\/\/medicinasinc.com\/pt\/wp-content\/uploads\/sites\/20\/2022\/02\/Buy-Bunex-0.2mg.jpg","type":"image\/jpeg"}],"twitter_card":"summary_large_image","twitter_misc":{"Tempo estimado de leitura":"2 minutos"},"schema":{"@context":"https:\/\/schema.org","@graph":[{"@type":"WebPage","@id":"https:\/\/medicinasinc.com\/pt\/product\/buy-bunex-0-2mg-buprenorfina\/","url":"https:\/\/medicinasinc.com\/pt\/product\/buy-bunex-0-2mg-buprenorfina\/","name":"Compre Bunex 0,2mg (Buprenorfina) - Researchem","isPartOf":{"@id":"https:\/\/medicinasinc.com\/pt\/#website"},"primaryImageOfPage":{"@id":"https:\/\/medicinasinc.com\/pt\/product\/buy-bunex-0-2mg-buprenorfina\/#primaryimage"},"image":{"@id":"https:\/\/medicinasinc.com\/pt\/product\/buy-bunex-0-2mg-buprenorfina\/#primaryimage"},"thumbnailUrl":"https:\/\/medicinasinc.com\/pt\/wp-content\/uploads\/sites\/20\/2022\/02\/Buy-Bunex-0.2mg.jpg","datePublished":"2022-02-20T21:04:44+00:00","dateModified":"2022-07-05T23:25:09+00:00","description":"Compre Bunex 0,2mg (Buprenorfina) para venda no Reino Unido, UE online De medicinasinc.com\/pt farm\u00e1cia a pre\u00e7os baratos e acess\u00edveis com envio seguro e r\u00e1pido","breadcrumb":{"@id":"https:\/\/medicinasinc.com\/pt\/product\/buy-bunex-0-2mg-buprenorfina\/#breadcrumb"},"inLanguage":"pt-PT","potentialAction":[{"@type":"ReadAction","target":["https:\/\/medicinasinc.com\/pt\/product\/buy-bunex-0-2mg-buprenorfina\/"]}]},{"@type":"ImageObject","inLanguage":"pt-PT","@id":"https:\/\/medicinasinc.com\/pt\/product\/buy-bunex-0-2mg-buprenorfina\/#primaryimage","url":"https:\/\/medicinasinc.com\/pt\/wp-content\/uploads\/sites\/20\/2022\/02\/Buy-Bunex-0.2mg.jpg","contentUrl":"https:\/\/medicinasinc.com\/pt\/wp-content\/uploads\/sites\/20\/2022\/02\/Buy-Bunex-0.2mg.jpg","width":600,"height":600},{"@type":"BreadcrumbList","@id":"https:\/\/medicinasinc.com\/pt\/product\/buy-bunex-0-2mg-buprenorfina\/#breadcrumb","itemListElement":[{"@type":"ListItem","position":1,"name":"Comprar","item":"https:\/\/medicinasinc.com\/pt\/comprar\/"},{"@type":"ListItem","position":2,"name":"Compre Bunex 0,2mg (Buprenorfina)"}]},{"@type":"WebSite","@id":"https:\/\/medicinasinc.com\/pt\/#website","url":"https:\/\/medicinasinc.com\/pt\/","name":"Medicinas Inc","description":"Health Medical Clinic","potentialAction":[{"@type":"SearchAction","target":{"@type":"EntryPoint","urlTemplate":"https:\/\/medicinasinc.com\/pt\/?s={search_term_string}"},"query-input":{"@type":"PropertyValueSpecification","valueRequired":true,"valueName":"search_term_string"}}],"inLanguage":"pt-PT"}]}},"_links":{"self":[{"href":"https:\/\/medicinasinc.com\/pt\/wp-json\/wp\/v2\/product\/5148","targetHints":{"allow":["GET"]}}],"collection":[{"href":"https:\/\/medicinasinc.com\/pt\/wp-json\/wp\/v2\/product"}],"about":[{"href":"https:\/\/medicinasinc.com\/pt\/wp-json\/wp\/v2\/types\/product"}],"replies":[{"embeddable":true,"href":"https:\/\/medicinasinc.com\/pt\/wp-json\/wp\/v2\/comments?post=5148"}],"wp:featuredmedia":[{"embeddable":true,"href":"https:\/\/medicinasinc.com\/pt\/wp-json\/wp\/v2\/media\/5164"}],"wp:attachment":[{"href":"https:\/\/medicinasinc.com\/pt\/wp-json\/wp\/v2\/media?parent=5148"}],"wp:term":[{"taxonomy":"product_brand","embeddable":true,"href":"https:\/\/medicinasinc.com\/pt\/wp-json\/wp\/v2\/product_brand?post=5148"},{"taxonomy":"product_cat","embeddable":true,"href":"https:\/\/medicinasinc.com\/pt\/wp-json\/wp\/v2\/product_cat?post=5148"},{"taxonomy":"product_tag","embeddable":true,"href":"https:\/\/medicinasinc.com\/pt\/wp-json\/wp\/v2\/product_tag?post=5148"}],"curies":[{"name":"wp","href":"https:\/\/api.w.org\/{rel}","templated":true}]}}