{"id":5125,"date":"2022-02-20T20:43:45","date_gmt":"2022-02-20T20:43:45","guid":{"rendered":"https:\/\/medicinasinc.com\/pt\/?post_type=product&#038;p=5125"},"modified":"2022-07-05T23:25:25","modified_gmt":"2022-07-05T23:25:25","slug":"buy-ativan-0-5mg-1mg-2mg","status":"publish","type":"product","link":"https:\/\/medicinasinc.com\/pt\/product\/buy-ativan-0-5mg-1mg-2mg\/","title":{"rendered":"Compre Ativan 0,5mg, 1mg, 2mg"},"content":{"rendered":"<p>O melhor lugar para comprar Ativan \u00e9 na internet Exatamente o que \u00e9 Lorazepam e como funciona?<br \/> Para comprar Ativan online, clique aqui. Os benzodiazep\u00ednicos, dos quais o lorazepam \u00e9 membro, s\u00e3o uma classe de medicamentos. Ao aumentar a atividade de neurotransmissores cerebrais espec\u00edficos, acredita-se que o lorazepam seja eficaz.<\/p>\n<p>Para aliviar a ansiedade e as convuls\u00f5es, o lorazepam \u00e9 prescrito.<\/p>\n<p>Comprar lorazepam na Internet ou em um fonte fora dos Estados Unidos est\u00e1 repleta de perigos. Os medicamentos vendidos e distribu\u00eddos em outros pa\u00edses que n\u00e3o os Estados Unidos n\u00e3o atendem aos requisitos da FDA sobre uso seguro (FDA). \u00c9 poss\u00edvel que essas p\u00edlulas n\u00e3o venham de uma farm\u00e1cia leg\u00edtima ou incluam subst\u00e2ncias nocivas.<\/p>\n<p>Leia com aten\u00e7\u00e3o.<br \/> Se voc\u00ea tem miastenia gravis, glaucoma de \u00e2ngulo fechado, insufici\u00eancia respirat\u00f3ria grave ou uma alergia ao Valium ou a um medicamento compar\u00e1vel, voc\u00ea deve evitar tomar lorazepam.<\/p>\n<p>O medicamento lorazepam n\u00e3o deve ser tomado por mulheres gr\u00e1vidas. Quando administrado a um beb\u00ea, este medicamento tem o potencial de induzir graves anormalidades no nascimento ou sintomas de abstin\u00eancia com risco de vida.<\/p>\n<p>Somente aqueles que receberam Lorazepam devem tom\u00e1-lo, pois pode ser viciante. O abuso de drogas pode levar ao v\u00edcio, overdose ou morte se o medicamento for mal utilizado de alguma forma. Qualquer pessoa com hist\u00f3rico de abuso ou depend\u00eancia de drogas nunca deve receber este medicamento. Certifique-se de que o medicamento seja mantido em um local seguro, onde n\u00e3o possa ser acessado por outras pessoas.<\/p>\n<p>Se voc\u00ea usar lorazepam com \u00e1lcool, opi\u00f3ides ou outros medicamentos que o deixam sonolento ou retardam a respira\u00e7\u00e3o, pode ser fatal efeitos adversos.<\/p>\n<p>Antes de usar qualquer medicamento, consulte seu m\u00e9dico.<br \/> as seguintes condi\u00e7\u00f5es exigem a interrup\u00e7\u00e3o imediata do tratamento com lorazepam<\/p>\n<p>glaucoma de \u00e2ngulo estreito; ou<\/p>\n<p>Um hist\u00f3rico de alergias a benzodiazep\u00ednicos (diazepam, alprazolam, Ativan, Klonopin, Restoril, Tranxene, Valium, Versed, Xanax e outros).<\/p>\n<p>Se voc\u00ea tiver algum dos seguintes condi\u00e7\u00f5es, voc\u00ea n\u00e3o deve tomar lorazepam:<\/p>\n<p>DPOC (doen\u00e7a pulmonar obstrutiva cr\u00f4nica) ou apn\u00e9ia do sono (respira\u00e7\u00e3o que pausa durante o sono) s\u00e3o exemplos de problemas respirat\u00f3rios.<\/p>\n<p>depend\u00eancia de drogas ou \u00e1lcool <\/p>\n<p>sintomas de tristeza, mau humor ou idea\u00e7\u00e3o ou a\u00e7\u00e3o suicida<\/p>\n<p>doen\u00e7a dos rins ou do f\u00edgado<\/p>\n<p>convuls\u00f5es involunt\u00e1rias<\/p>\n<p>glaucoma. <\/p>\n<p>Usar lorazepam durante a gravidez aumenta o risco de seu filho se tornar viciado na medica\u00e7\u00e3o. Ap\u00f3s o nascimento, o rec\u00e9m-nascido pode experimentar sintomas de abstin\u00eancia com risco de vida como resultado disso. Cuidados m\u00e9dicos podem ser necess\u00e1rios por v\u00e1rias semanas para beb\u00eas nascidos viciados em drogas viciantes.<\/p>\n<p>Preciso tomar lorazepam de uma maneira espec\u00edfica?<br \/> Lorazepam deve ser usado exatamente como prescrito. Leia todas as recomenda\u00e7\u00f5es e instru\u00e7\u00f5es de medicamentos no r\u00f3tulo da prescri\u00e7\u00e3o. Sempre siga as instru\u00e7\u00f5es do seu m\u00e9dico ao tomar lorazepam. Quanto mais voc\u00ea usar este medicamento, mais prov\u00e1vel ser\u00e1 que voc\u00ea precise informar o seu m\u00e9dico.<\/p>\n<p>Lorazepam pode causar depend\u00eancia. O uso indevido pode levar ao v\u00edcio, overdose ou at\u00e9 mesmo \u00e0 morte. Descarte o medicamento em uma \u00e1rea fora do alcance de outras pessoas. \u00c9 crime distribuir ou vender este medicamento.<\/p>\n<p>Me\u00e7a o medicamento l\u00edquido com cuidado. Obtenha um instrumento de medi\u00e7\u00e3o de dose ou use a seringa fornecida (n\u00e3o uma colher de cozinha).<\/p>\n<p>A menos que indicado de outra forma pelo seu m\u00e9dico, n\u00e3o tome lorazepam por mais de quatro meses de cada vez. Se seus sintomas n\u00e3o melhorarem ou piorarem, entre em contato com seu m\u00e9dico.<\/p>\n<p>Ao tomar este medicamento a longo prazo, voc\u00ea pode precisar de exames m\u00e9dicos regulares.<\/p>\n<p>Se voc\u00ea parar de repente tomando este medicamento, voc\u00ea corre o risco de experimentar efeitos colaterais desagrad\u00e1veis. Marque uma consulta com seu m\u00e9dico para saber como parar de tomar este medicamento.<\/p>\n<p>N\u00e3o exponha a umidade ou altas temperaturas; armazene em temperatura ambiente.<\/p>\n<p>Refrigere o l\u00edquido lorazepam para armazenamento a longo prazo. N\u00e3o mantenha l\u00edquidos que n\u00e3o foram utilizados em 90 dias.<\/p>\n<p>Mantenha um registro de seus medicamentos. Voc\u00ea deve ficar atento a qualquer pessoa que abuse ou fa\u00e7a uso indevido.<\/p>\n","protected":false},"excerpt":{"rendered":"<p>Lorazepam 0,5 mg, 1 mg, 2 mg pre\u00e7os on-line, compra ativan 2mg on-line, compre Lorazepam comprimidos on-line.<\/p>\n<p>Tramadol 50mg alto pre\u00e7o on-line de lorazepam (Ativan) comprimido de 2mg. Tamb\u00e9m \u00e9 empregado no tratamento da ansiedade.<\/p>\n<p>p\u00edlulas\/comprimidos de Lorazepam (Ativan) 2mg<\/p>\n<p>Ansiedade, tristeza e ins\u00f4nia s\u00e3o efeitos colaterais comuns do medicamento para ansiedade Ativan ( Lorazepam) (dificuldade para dormir). \u00c9 um tipo de benzodiazepina.<\/p>\n<p>Sem receita m\u00e9dica, voc\u00ea pode comprar Lorazepam 2mg comprimidos online (sem RX).<\/p>\n","protected":false},"featured_media":5144,"comment_status":"open","ping_status":"closed","template":"","meta":[],"product_brand":[],"product_cat":[1117],"product_tag":[1196,1195,1198,1200,1206,1203,1204,1205,1207,1215,1221,1210,1211,1213,1216,1217,1219,1222,1223,1197,1201,1234,1235,1224,1232,1229,1208,1220,1199,1209,1212,1231,1227,1228,1226,1225,1233,1236,1202,1230,1214,1218],"class_list":{"0":"post-5125","1":"product","2":"type-product","3":"status-publish","4":"has-post-thumbnail","6":"product_cat-compre-pilulas-para-dor-sono-e-sexo","7":"product_tag-ativan-1-mg-comprimidos","8":"product_tag-ativan-1-mg-comprimidos-sublinguais","9":"product_tag-ativan-1mg-tablet-dose","10":"product_tag-ativan-2-mg-comprimidos","11":"product_tag-ativan-2mg-tablet-in-hindi","12":"product_tag-ativan-2mg-pill","13":"product_tag-ativan-2mg-side-effects","14":"product_tag-ativan-2mg-tablet","15":"product_tag-ativan-2mg-tablet-online-order-amazon","16":"product_tag-ativan-tablet-0-5mg","17":"product_tag-ativan-tablets-sublingual","18":"product_tag-ativan-tab-0-5-mg","19":"product_tag-ativan-tab-1mg","20":"product_tag-ativan-tab-1mg-precio","21":"product_tag-ativan-tablets-1mg","22":"product_tag-ativan-tablets-2-5-mg","23":"product_tag-ativar-tablets-comprar","24":"product_tag-ativan-tablets-uk","25":"product_tag-ativan-tablets-uses","26":"product_tag-ativan-1-tab","27":"product_tag-guia-ativo-2","28":"product_tag-o-que-ativan-comprimidos-parece-se","29":"product_tag-o-que-ativan-comprimidos-se-parece","30":"product_tag-buy-ativan-online","31":"product_tag-tivan-2mg-comprimido","32":"product_tag-pfizer-tablet-2mg","33":"product_tag-ativan-dosagem-2mg","34":"product_tag-ativan-comprimidos-dosagem","35":"product_tag-efeitos-colaterais-ativan-1mg-tablet","36":"product_tag-farmcia-ativa","37":"product_tag-ativan-tab-1mg-50","38":"product_tag-tab-ativan-1mg-uses-in-hindi","39":"product_tag-lorazepam-2-mg-tablet-online-delivery","40":"product_tag-lorazepam-comprimidos-ativan-2mg","41":"product_tag-pode-ativan-comprimidos-ser-injetados","42":"product_tag-pode-ativan-comprimidos-ser-esmagados","43":"product_tag-para-o-que-so-comprimidos-ativan","44":"product_tag-para-que-servem-os-comprimidos-de-ativan","45":"product_tag-preo-ativo-2-5-mg","46":"product_tag-tab-ativan-1","47":"product_tag-ativan-tablet","48":"product_tag-ativan-tablets-austral1lia","50":"first","51":"instock","52":"shipping-taxable","53":"purchasable","54":"product-type-variable"},"yoast_head":"<!-- This site is optimized with the Yoast SEO plugin v27.3 - https:\/\/yoast.com\/product\/yoast-seo-wordpress\/ -->\n<title>Compre Ativan 2mg - Compre Ativan 1mg - Compre Ativan 0,5mg - Melhores Medicamentos Globais<\/title>\n<meta name=\"description\" content=\"Compre Lorazepam Tablets Online, compre Lorazepam online, compre Ativan online, Lorazepam 0,5 mg, 1 mg, 2 mg pre\u00e7os online,\u00a0compre ativan 2mg\u00a0online Reino Unido, Europa\" \/>\n<meta name=\"robots\" content=\"index, follow, max-snippet:-1, max-image-preview:large, max-video-preview:-1\" \/>\n<link rel=\"canonical\" href=\"https:\/\/medicinasinc.com\/pt\/product\/buy-ativan-0-5mg-1mg-2mg\/\" \/>\n<meta property=\"og:locale\" content=\"pt_PT\" \/>\n<meta property=\"og:type\" content=\"article\" \/>\n<meta property=\"og:title\" content=\"Compre Ativan 2mg - Compre Ativan 1mg - Compre Ativan 0,5mg - Melhores Medicamentos Globais\" \/>\n<meta property=\"og:description\" content=\"Compre Lorazepam Tablets Online, compre Lorazepam online, compre Ativan online, Lorazepam 0,5 mg, 1 mg, 2 mg pre\u00e7os online,\u00a0compre ativan 2mg\u00a0online Reino Unido, Europa\" \/>\n<meta property=\"og:url\" content=\"https:\/\/medicinasinc.com\/pt\/product\/buy-ativan-0-5mg-1mg-2mg\/\" \/>\n<meta property=\"og:site_name\" content=\"Medicinas Inc\" \/>\n<meta property=\"article:modified_time\" content=\"2022-07-05T23:25:25+00:00\" \/>\n<meta property=\"og:image\" content=\"https:\/\/medicinasinc.com\/pt\/wp-content\/uploads\/sites\/20\/2022\/02\/Buy-Ativan-Online-1.jpg\" \/>\n\t<meta property=\"og:image:width\" content=\"300\" \/>\n\t<meta property=\"og:image:height\" content=\"300\" \/>\n\t<meta property=\"og:image:type\" content=\"image\/jpeg\" \/>\n<meta name=\"twitter:card\" content=\"summary_large_image\" \/>\n<meta name=\"twitter:label1\" content=\"Tempo estimado de leitura\" \/>\n\t<meta name=\"twitter:data1\" content=\"3 minutos\" \/>\n<script type=\"application\/ld+json\" class=\"yoast-schema-graph\">{\"@context\":\"https:\\\/\\\/schema.org\",\"@graph\":[{\"@type\":\"WebPage\",\"@id\":\"https:\\\/\\\/medicinasinc.com\\\/pt\\\/product\\\/buy-ativan-0-5mg-1mg-2mg\\\/\",\"url\":\"https:\\\/\\\/medicinasinc.com\\\/pt\\\/product\\\/buy-ativan-0-5mg-1mg-2mg\\\/\",\"name\":\"Compre Ativan 2mg - Compre Ativan 1mg - Compre Ativan 0,5mg - Melhores Medicamentos Globais\",\"isPartOf\":{\"@id\":\"https:\\\/\\\/medicinasinc.com\\\/pt\\\/#website\"},\"primaryImageOfPage\":{\"@id\":\"https:\\\/\\\/medicinasinc.com\\\/pt\\\/product\\\/buy-ativan-0-5mg-1mg-2mg\\\/#primaryimage\"},\"image\":{\"@id\":\"https:\\\/\\\/medicinasinc.com\\\/pt\\\/product\\\/buy-ativan-0-5mg-1mg-2mg\\\/#primaryimage\"},\"thumbnailUrl\":\"https:\\\/\\\/medicinasinc.com\\\/pt\\\/wp-content\\\/uploads\\\/sites\\\/20\\\/2022\\\/02\\\/Buy-Ativan-Online-1.jpg\",\"datePublished\":\"2022-02-20T20:43:45+00:00\",\"dateModified\":\"2022-07-05T23:25:25+00:00\",\"description\":\"Compre Lorazepam Tablets Online, compre Lorazepam online, compre Ativan online, Lorazepam 0,5 mg, 1 mg, 2 mg pre\u00e7os online,\u00a0compre ativan 2mg\u00a0online Reino Unido, Europa\",\"breadcrumb\":{\"@id\":\"https:\\\/\\\/medicinasinc.com\\\/pt\\\/product\\\/buy-ativan-0-5mg-1mg-2mg\\\/#breadcrumb\"},\"inLanguage\":\"pt-PT\",\"potentialAction\":[{\"@type\":\"ReadAction\",\"target\":[\"https:\\\/\\\/medicinasinc.com\\\/pt\\\/product\\\/buy-ativan-0-5mg-1mg-2mg\\\/\"]}]},{\"@type\":\"ImageObject\",\"inLanguage\":\"pt-PT\",\"@id\":\"https:\\\/\\\/medicinasinc.com\\\/pt\\\/product\\\/buy-ativan-0-5mg-1mg-2mg\\\/#primaryimage\",\"url\":\"https:\\\/\\\/medicinasinc.com\\\/pt\\\/wp-content\\\/uploads\\\/sites\\\/20\\\/2022\\\/02\\\/Buy-Ativan-Online-1.jpg\",\"contentUrl\":\"https:\\\/\\\/medicinasinc.com\\\/pt\\\/wp-content\\\/uploads\\\/sites\\\/20\\\/2022\\\/02\\\/Buy-Ativan-Online-1.jpg\",\"width\":300,\"height\":300},{\"@type\":\"BreadcrumbList\",\"@id\":\"https:\\\/\\\/medicinasinc.com\\\/pt\\\/product\\\/buy-ativan-0-5mg-1mg-2mg\\\/#breadcrumb\",\"itemListElement\":[{\"@type\":\"ListItem\",\"position\":1,\"name\":\"Comprar\",\"item\":\"https:\\\/\\\/medicinasinc.com\\\/pt\\\/comprar\\\/\"},{\"@type\":\"ListItem\",\"position\":2,\"name\":\"Compre Ativan 0,5mg, 1mg, 2mg\"}]},{\"@type\":\"WebSite\",\"@id\":\"https:\\\/\\\/medicinasinc.com\\\/pt\\\/#website\",\"url\":\"https:\\\/\\\/medicinasinc.com\\\/pt\\\/\",\"name\":\"Medicinas Inc\",\"description\":\"Health Medical Clinic\",\"potentialAction\":[{\"@type\":\"SearchAction\",\"target\":{\"@type\":\"EntryPoint\",\"urlTemplate\":\"https:\\\/\\\/medicinasinc.com\\\/pt\\\/?s={search_term_string}\"},\"query-input\":{\"@type\":\"PropertyValueSpecification\",\"valueRequired\":true,\"valueName\":\"search_term_string\"}}],\"inLanguage\":\"pt-PT\"}]}<\/script>\n<!-- \/ Yoast SEO plugin. -->","yoast_head_json":{"title":"Compre Ativan 2mg - Compre Ativan 1mg - Compre Ativan 0,5mg - Melhores Medicamentos Globais","description":"Compre Lorazepam Tablets Online, compre Lorazepam online, compre Ativan online, Lorazepam 0,5 mg, 1 mg, 2 mg pre\u00e7os online,\u00a0compre ativan 2mg\u00a0online Reino Unido, Europa","robots":{"index":"index","follow":"follow","max-snippet":"max-snippet:-1","max-image-preview":"max-image-preview:large","max-video-preview":"max-video-preview:-1"},"canonical":"https:\/\/medicinasinc.com\/pt\/product\/buy-ativan-0-5mg-1mg-2mg\/","og_locale":"pt_PT","og_type":"article","og_title":"Compre Ativan 2mg - Compre Ativan 1mg - Compre Ativan 0,5mg - Melhores Medicamentos Globais","og_description":"Compre Lorazepam Tablets Online, compre Lorazepam online, compre Ativan online, Lorazepam 0,5 mg, 1 mg, 2 mg pre\u00e7os online,\u00a0compre ativan 2mg\u00a0online Reino Unido, Europa","og_url":"https:\/\/medicinasinc.com\/pt\/product\/buy-ativan-0-5mg-1mg-2mg\/","og_site_name":"Medicinas Inc","article_modified_time":"2022-07-05T23:25:25+00:00","og_image":[{"width":300,"height":300,"url":"https:\/\/medicinasinc.com\/pt\/wp-content\/uploads\/sites\/20\/2022\/02\/Buy-Ativan-Online-1.jpg","type":"image\/jpeg"}],"twitter_card":"summary_large_image","twitter_misc":{"Tempo estimado de leitura":"3 minutos"},"schema":{"@context":"https:\/\/schema.org","@graph":[{"@type":"WebPage","@id":"https:\/\/medicinasinc.com\/pt\/product\/buy-ativan-0-5mg-1mg-2mg\/","url":"https:\/\/medicinasinc.com\/pt\/product\/buy-ativan-0-5mg-1mg-2mg\/","name":"Compre Ativan 2mg - Compre Ativan 1mg - Compre Ativan 0,5mg - Melhores Medicamentos Globais","isPartOf":{"@id":"https:\/\/medicinasinc.com\/pt\/#website"},"primaryImageOfPage":{"@id":"https:\/\/medicinasinc.com\/pt\/product\/buy-ativan-0-5mg-1mg-2mg\/#primaryimage"},"image":{"@id":"https:\/\/medicinasinc.com\/pt\/product\/buy-ativan-0-5mg-1mg-2mg\/#primaryimage"},"thumbnailUrl":"https:\/\/medicinasinc.com\/pt\/wp-content\/uploads\/sites\/20\/2022\/02\/Buy-Ativan-Online-1.jpg","datePublished":"2022-02-20T20:43:45+00:00","dateModified":"2022-07-05T23:25:25+00:00","description":"Compre Lorazepam Tablets Online, compre Lorazepam online, compre Ativan online, Lorazepam 0,5 mg, 1 mg, 2 mg pre\u00e7os online,\u00a0compre ativan 2mg\u00a0online Reino Unido, Europa","breadcrumb":{"@id":"https:\/\/medicinasinc.com\/pt\/product\/buy-ativan-0-5mg-1mg-2mg\/#breadcrumb"},"inLanguage":"pt-PT","potentialAction":[{"@type":"ReadAction","target":["https:\/\/medicinasinc.com\/pt\/product\/buy-ativan-0-5mg-1mg-2mg\/"]}]},{"@type":"ImageObject","inLanguage":"pt-PT","@id":"https:\/\/medicinasinc.com\/pt\/product\/buy-ativan-0-5mg-1mg-2mg\/#primaryimage","url":"https:\/\/medicinasinc.com\/pt\/wp-content\/uploads\/sites\/20\/2022\/02\/Buy-Ativan-Online-1.jpg","contentUrl":"https:\/\/medicinasinc.com\/pt\/wp-content\/uploads\/sites\/20\/2022\/02\/Buy-Ativan-Online-1.jpg","width":300,"height":300},{"@type":"BreadcrumbList","@id":"https:\/\/medicinasinc.com\/pt\/product\/buy-ativan-0-5mg-1mg-2mg\/#breadcrumb","itemListElement":[{"@type":"ListItem","position":1,"name":"Comprar","item":"https:\/\/medicinasinc.com\/pt\/comprar\/"},{"@type":"ListItem","position":2,"name":"Compre Ativan 0,5mg, 1mg, 2mg"}]},{"@type":"WebSite","@id":"https:\/\/medicinasinc.com\/pt\/#website","url":"https:\/\/medicinasinc.com\/pt\/","name":"Medicinas Inc","description":"Health Medical Clinic","potentialAction":[{"@type":"SearchAction","target":{"@type":"EntryPoint","urlTemplate":"https:\/\/medicinasinc.com\/pt\/?s={search_term_string}"},"query-input":{"@type":"PropertyValueSpecification","valueRequired":true,"valueName":"search_term_string"}}],"inLanguage":"pt-PT"}]}},"_links":{"self":[{"href":"https:\/\/medicinasinc.com\/pt\/wp-json\/wp\/v2\/product\/5125","targetHints":{"allow":["GET"]}}],"collection":[{"href":"https:\/\/medicinasinc.com\/pt\/wp-json\/wp\/v2\/product"}],"about":[{"href":"https:\/\/medicinasinc.com\/pt\/wp-json\/wp\/v2\/types\/product"}],"replies":[{"embeddable":true,"href":"https:\/\/medicinasinc.com\/pt\/wp-json\/wp\/v2\/comments?post=5125"}],"wp:featuredmedia":[{"embeddable":true,"href":"https:\/\/medicinasinc.com\/pt\/wp-json\/wp\/v2\/media\/5144"}],"wp:attachment":[{"href":"https:\/\/medicinasinc.com\/pt\/wp-json\/wp\/v2\/media?parent=5125"}],"wp:term":[{"taxonomy":"product_brand","embeddable":true,"href":"https:\/\/medicinasinc.com\/pt\/wp-json\/wp\/v2\/product_brand?post=5125"},{"taxonomy":"product_cat","embeddable":true,"href":"https:\/\/medicinasinc.com\/pt\/wp-json\/wp\/v2\/product_cat?post=5125"},{"taxonomy":"product_tag","embeddable":true,"href":"https:\/\/medicinasinc.com\/pt\/wp-json\/wp\/v2\/product_tag?post=5125"}],"curies":[{"name":"wp","href":"https:\/\/api.w.org\/{rel}","templated":true}]}}