{"id":5124,"date":"2022-02-20T20:42:48","date_gmt":"2022-02-20T20:42:48","guid":{"rendered":"https:\/\/medicinasinc.com\/pt\/?post_type=product&#038;p=5124"},"modified":"2022-07-05T23:25:39","modified_gmt":"2022-07-05T23:25:39","slug":"comprar-ambien-10-mg","status":"publish","type":"product","link":"https:\/\/medicinasinc.com\/pt\/product\/comprar-ambien-10-mg\/","title":{"rendered":"Compre Ambien 10 mg"},"content":{"rendered":"<div class=\"ty-tabs cm-j-tabs clearfix\">\n<p>compre Ambien 10mg online<\/p>\n<h2><a href=\"https:\/\/www.bestglobalmeds.com\/category\/blog\/\" target=\"_blank\" rel=\"noopener\">Compre Ambien 10mg entrega noturna<\/a><\/h2>\n<h2>Compre Ambien 10mg on-line<\/h2>\n<p>O menor pre\u00e7o dos EUA de\u00a0<em>Ambien<\/em>\u00a0(<em>Zolpidem<\/em>\u00a05mg &amp;\u00a0<em>10mg<\/em>) Comprimidos e o primeiro servi\u00e7o m\u00e9dico on-line registrado legalmente dos EUA a oferec\u00ea-lo. Entrega gratuita rastreada no Reino Unido.Ambien, Zolpidem, ambien\u00a0<em>10mg<\/em>, Zolpidem Tartrate, compre p\u00edlulas para dormir on-line, compre anti-ansiedade on-line, antidepressivos,\u00a0<em>compre ambien<\/em>\u00a0sem receita m\u00e9dica.<\/p>\n<ul class=\"ty-tabs__list\">\n<li id=\"description\" class=\"ty-tabs__item cm-js active\"><a class=\"ty-tabs__a\">Descri\u00e7\u00e3o<\/a><\/li>\n<li id=\"product_tab_9\" class=\"ty-tabs__item cm-js\"><a class=\"ty-tabs__a\">Informa\u00e7\u00f5es do paciente<\/a><\/li>\n<\/ul><\/div>\n<div id=\"tabs_content \" class=\"cm-tabs-content ty-tabs__content clearfix\">\n<div id=\"content_description\" class=\"ty-wysiwyg-content content-description active\">\n<div>\n<div class=\"product-description\">\n<h4>Durma com Zolpidem e Ambien<\/h4>\n<table>\n<thead>\n<tr>\n<th>Zolpidem<\/th>\n<th>Quantidade<\/th>\n<th>Tipo<\/th>\n<th>Estoque<\/th>\n<p> th&gt; <\/tr>\n<\/thead>\n<tbody>\n<tr>\n<th>Ambien<\/th>\n<th>5mg<\/th>\n<th>Comprimidos<\/th>\n<th>Compre EUA\u2713<\/th>\n<\/tr>\n<tr>\n<td>Zolpidem comprimidos<\/td>\n<td>5mg<\/td>\n<td>P\u00edlulas<\/td>\n<td>On-line EUA \u2713<\/td>\n<\/tr>\n<tr>\n<td>Comprimidos Ambien<\/td>\n<td>10mg<\/td>\n<td>Medicina e<\/td>\n<td>EUA \u2713<\/td>\n<\/tr>\n<\/tbody>\n<\/table>\n<h4>Precau\u00e7\u00f5es antes de tomar Zolpidem<\/h4>\n<p>Existem precau\u00e7\u00f5es que devem ser consideradas antes de decidir pegue. Em certas circunst\u00e2ncias, pode n\u00e3o ser a escolha de medicamento mais adequada. Pergunte a um m\u00e9dico sobre sua adequa\u00e7\u00e3o \u00e0 sa\u00fade em tom\u00e1-lo como tratamento para ins\u00f4nia. Se voc\u00ea tiver alguma das seguintes circunst\u00e2ncias, procure orienta\u00e7\u00e3o m\u00e9dica:<\/p>\n<ul>\n<li>Hist\u00f3rico de alcoolismo ou abuso de drogas<\/li>\n<li>Gr\u00e1vida ou planejando engravidar<\/li>\n<li>Tem uma condi\u00e7\u00e3o respirat\u00f3ria (bronquite, asma ou enfisema)<\/li>\n<li>Hist\u00f3rico de doen\u00e7a hep\u00e1tica ou renal<\/li>\n<li>Tem miastenia gravis (dist\u00farbio nervoso resultante do enfraquecimento dos m\u00fasculos)<\/li>\n<li>Alergias a qualquer um dos ingredientes<\/li>\n<li>Tem transtorno de personalidade recorrente ou depress\u00e3o<\/li>\n<li>Tem apn\u00e9ia do sono<\/li>\n<li>Idosos<\/li>\n<\/ul>\n<p>Em muito raros Em alguns casos, tomar Ambien pode resultar em rea\u00e7\u00f5es adversas, incluindo incha\u00e7o dos l\u00e1bios, face, garganta e l\u00edngua ou dificuldade em respirar. Tamb\u00e9m \u00e9 aconselh\u00e1vel que n\u00e3o seja usado continuamente por mais de 4 semanas, pois pode levar a sintomas de abstin\u00eancia, como v\u00f4mitos, n\u00e1useas, ansiedade e c\u00f3licas estomacais. Conhecido como um <a href=\"https:\/\/globalhomemed.com\/\">tratamento de curta dura\u00e7\u00e3o para\u00a0ins\u00f4nia<\/a>, existe a possibilidade de ter problemas para dormir depois que voc\u00ea parar de us\u00e1-lo. \u00c9 chamado de \u201cins\u00f4nia de rebote\u201d que eventualmente desaparece ap\u00f3s um ou dois dias. Sempre consulte seu m\u00e9dico sobre o uso deste medicamento para dormir.<\/p>\n<h2>compre Ambien 10mg online<\/h2>\n<\/p><\/div><\/div><\/div><\/div>\n","protected":false},"excerpt":{"rendered":"<p>Compre p\u00edlulas de Ambien 10mg online. Ambien \u00e9 utilizado para tratar um dist\u00farbio do sono. O comprimido de descarga imediata \u00e9 utilizado para ajud\u00e1-lo a cochilar quando for para o sof\u00e1 pela primeira vez.<\/p>\n<p>Ambien, Zolpidem, ambien\u00a0<em>10mg<\/em>, Tartarato de Zolpidem, comprar p\u00edlulas para dormir on-line, comprar anti ansiedade on-line, antidepressivos,\u00a0<em>compre ambien<\/em>\u00a0sem receita m\u00e9dica.<\/p>\n","protected":false},"featured_media":5142,"comment_status":"open","ping_status":"closed","template":"","meta":[],"product_brand":[],"product_cat":[1117],"product_tag":[],"class_list":{"0":"post-5124","1":"product","2":"type-product","3":"status-publish","4":"has-post-thumbnail","6":"product_cat-compre-pilulas-para-dor-sono-e-sexo","8":"first","9":"instock","10":"shipping-taxable","11":"purchasable","12":"product-type-variable","13":"has-default-attributes"},"yoast_head":"<!-- This site is optimized with the Yoast SEO plugin v27.3 - https:\/\/yoast.com\/product\/yoast-seo-wordpress\/ -->\n<title>Compre Ambien 10 mg - Ambien 10 mg - Best Global Meds<\/title>\n<meta name=\"description\" content=\"Compre Ambien 10 mg, Ambien, Zolpidem, ambien\u00a010mg, Zolpidem Tartrate, compre p\u00edlulas para dormir on-line, compre anti-ansiedade on-line, antidepressivos,\u00a0compre ambien\u00a0sem receita m\u00e9dica.\" \/>\n<meta name=\"robots\" content=\"index, follow, max-snippet:-1, max-image-preview:large, max-video-preview:-1\" \/>\n<link rel=\"canonical\" href=\"https:\/\/medicinasinc.com\/pt\/product\/comprar-ambien-10-mg\/\" \/>\n<meta property=\"og:locale\" content=\"pt_PT\" \/>\n<meta property=\"og:type\" content=\"article\" \/>\n<meta property=\"og:title\" content=\"Compre Ambien 10 mg - Ambien 10 mg - Best Global Meds\" \/>\n<meta property=\"og:description\" content=\"Compre Ambien 10 mg, Ambien, Zolpidem, ambien\u00a010mg, Zolpidem Tartrate, compre p\u00edlulas para dormir on-line, compre anti-ansiedade on-line, antidepressivos,\u00a0compre ambien\u00a0sem receita m\u00e9dica.\" \/>\n<meta property=\"og:url\" content=\"https:\/\/medicinasinc.com\/pt\/product\/comprar-ambien-10-mg\/\" \/>\n<meta property=\"og:site_name\" content=\"Medicinas Inc\" \/>\n<meta property=\"article:modified_time\" content=\"2022-07-05T23:25:39+00:00\" \/>\n<meta property=\"og:image\" content=\"https:\/\/medicinasinc.com\/pt\/wp-content\/uploads\/sites\/20\/2022\/02\/Buy-Ambien-10mg.jpg\" \/>\n\t<meta property=\"og:image:width\" content=\"225\" \/>\n\t<meta property=\"og:image:height\" content=\"225\" \/>\n\t<meta property=\"og:image:type\" content=\"image\/jpeg\" \/>\n<meta name=\"twitter:card\" content=\"summary_large_image\" \/>\n<meta name=\"twitter:label1\" content=\"Tempo estimado de leitura\" \/>\n\t<meta name=\"twitter:data1\" content=\"2 minutos\" \/>\n<script type=\"application\/ld+json\" class=\"yoast-schema-graph\">{\"@context\":\"https:\\\/\\\/schema.org\",\"@graph\":[{\"@type\":\"WebPage\",\"@id\":\"https:\\\/\\\/medicinasinc.com\\\/pt\\\/product\\\/comprar-ambien-10-mg\\\/\",\"url\":\"https:\\\/\\\/medicinasinc.com\\\/pt\\\/product\\\/comprar-ambien-10-mg\\\/\",\"name\":\"Compre Ambien 10 mg - Ambien 10 mg - Best Global Meds\",\"isPartOf\":{\"@id\":\"https:\\\/\\\/medicinasinc.com\\\/pt\\\/#website\"},\"primaryImageOfPage\":{\"@id\":\"https:\\\/\\\/medicinasinc.com\\\/pt\\\/product\\\/comprar-ambien-10-mg\\\/#primaryimage\"},\"image\":{\"@id\":\"https:\\\/\\\/medicinasinc.com\\\/pt\\\/product\\\/comprar-ambien-10-mg\\\/#primaryimage\"},\"thumbnailUrl\":\"https:\\\/\\\/medicinasinc.com\\\/pt\\\/wp-content\\\/uploads\\\/sites\\\/20\\\/2022\\\/02\\\/Buy-Ambien-10mg.jpg\",\"datePublished\":\"2022-02-20T20:42:48+00:00\",\"dateModified\":\"2022-07-05T23:25:39+00:00\",\"description\":\"Compre Ambien 10 mg, Ambien, Zolpidem, ambien\u00a010mg, Zolpidem Tartrate, compre p\u00edlulas para dormir on-line, compre anti-ansiedade on-line, antidepressivos,\u00a0compre ambien\u00a0sem receita m\u00e9dica.\",\"breadcrumb\":{\"@id\":\"https:\\\/\\\/medicinasinc.com\\\/pt\\\/product\\\/comprar-ambien-10-mg\\\/#breadcrumb\"},\"inLanguage\":\"pt-PT\",\"potentialAction\":[{\"@type\":\"ReadAction\",\"target\":[\"https:\\\/\\\/medicinasinc.com\\\/pt\\\/product\\\/comprar-ambien-10-mg\\\/\"]}]},{\"@type\":\"ImageObject\",\"inLanguage\":\"pt-PT\",\"@id\":\"https:\\\/\\\/medicinasinc.com\\\/pt\\\/product\\\/comprar-ambien-10-mg\\\/#primaryimage\",\"url\":\"https:\\\/\\\/medicinasinc.com\\\/pt\\\/wp-content\\\/uploads\\\/sites\\\/20\\\/2022\\\/02\\\/Buy-Ambien-10mg.jpg\",\"contentUrl\":\"https:\\\/\\\/medicinasinc.com\\\/pt\\\/wp-content\\\/uploads\\\/sites\\\/20\\\/2022\\\/02\\\/Buy-Ambien-10mg.jpg\",\"width\":225,\"height\":225},{\"@type\":\"BreadcrumbList\",\"@id\":\"https:\\\/\\\/medicinasinc.com\\\/pt\\\/product\\\/comprar-ambien-10-mg\\\/#breadcrumb\",\"itemListElement\":[{\"@type\":\"ListItem\",\"position\":1,\"name\":\"Comprar\",\"item\":\"https:\\\/\\\/medicinasinc.com\\\/pt\\\/comprar\\\/\"},{\"@type\":\"ListItem\",\"position\":2,\"name\":\"Compre Ambien 10 mg\"}]},{\"@type\":\"WebSite\",\"@id\":\"https:\\\/\\\/medicinasinc.com\\\/pt\\\/#website\",\"url\":\"https:\\\/\\\/medicinasinc.com\\\/pt\\\/\",\"name\":\"Medicinas Inc\",\"description\":\"Health Medical Clinic\",\"potentialAction\":[{\"@type\":\"SearchAction\",\"target\":{\"@type\":\"EntryPoint\",\"urlTemplate\":\"https:\\\/\\\/medicinasinc.com\\\/pt\\\/?s={search_term_string}\"},\"query-input\":{\"@type\":\"PropertyValueSpecification\",\"valueRequired\":true,\"valueName\":\"search_term_string\"}}],\"inLanguage\":\"pt-PT\"}]}<\/script>\n<!-- \/ Yoast SEO plugin. -->","yoast_head_json":{"title":"Compre Ambien 10 mg - Ambien 10 mg - Best Global Meds","description":"Compre Ambien 10 mg, Ambien, Zolpidem, ambien\u00a010mg, Zolpidem Tartrate, compre p\u00edlulas para dormir on-line, compre anti-ansiedade on-line, antidepressivos,\u00a0compre ambien\u00a0sem receita m\u00e9dica.","robots":{"index":"index","follow":"follow","max-snippet":"max-snippet:-1","max-image-preview":"max-image-preview:large","max-video-preview":"max-video-preview:-1"},"canonical":"https:\/\/medicinasinc.com\/pt\/product\/comprar-ambien-10-mg\/","og_locale":"pt_PT","og_type":"article","og_title":"Compre Ambien 10 mg - Ambien 10 mg - Best Global Meds","og_description":"Compre Ambien 10 mg, Ambien, Zolpidem, ambien\u00a010mg, Zolpidem Tartrate, compre p\u00edlulas para dormir on-line, compre anti-ansiedade on-line, antidepressivos,\u00a0compre ambien\u00a0sem receita m\u00e9dica.","og_url":"https:\/\/medicinasinc.com\/pt\/product\/comprar-ambien-10-mg\/","og_site_name":"Medicinas Inc","article_modified_time":"2022-07-05T23:25:39+00:00","og_image":[{"width":225,"height":225,"url":"https:\/\/medicinasinc.com\/pt\/wp-content\/uploads\/sites\/20\/2022\/02\/Buy-Ambien-10mg.jpg","type":"image\/jpeg"}],"twitter_card":"summary_large_image","twitter_misc":{"Tempo estimado de leitura":"2 minutos"},"schema":{"@context":"https:\/\/schema.org","@graph":[{"@type":"WebPage","@id":"https:\/\/medicinasinc.com\/pt\/product\/comprar-ambien-10-mg\/","url":"https:\/\/medicinasinc.com\/pt\/product\/comprar-ambien-10-mg\/","name":"Compre Ambien 10 mg - Ambien 10 mg - Best Global Meds","isPartOf":{"@id":"https:\/\/medicinasinc.com\/pt\/#website"},"primaryImageOfPage":{"@id":"https:\/\/medicinasinc.com\/pt\/product\/comprar-ambien-10-mg\/#primaryimage"},"image":{"@id":"https:\/\/medicinasinc.com\/pt\/product\/comprar-ambien-10-mg\/#primaryimage"},"thumbnailUrl":"https:\/\/medicinasinc.com\/pt\/wp-content\/uploads\/sites\/20\/2022\/02\/Buy-Ambien-10mg.jpg","datePublished":"2022-02-20T20:42:48+00:00","dateModified":"2022-07-05T23:25:39+00:00","description":"Compre Ambien 10 mg, Ambien, Zolpidem, ambien\u00a010mg, Zolpidem Tartrate, compre p\u00edlulas para dormir on-line, compre anti-ansiedade on-line, antidepressivos,\u00a0compre ambien\u00a0sem receita m\u00e9dica.","breadcrumb":{"@id":"https:\/\/medicinasinc.com\/pt\/product\/comprar-ambien-10-mg\/#breadcrumb"},"inLanguage":"pt-PT","potentialAction":[{"@type":"ReadAction","target":["https:\/\/medicinasinc.com\/pt\/product\/comprar-ambien-10-mg\/"]}]},{"@type":"ImageObject","inLanguage":"pt-PT","@id":"https:\/\/medicinasinc.com\/pt\/product\/comprar-ambien-10-mg\/#primaryimage","url":"https:\/\/medicinasinc.com\/pt\/wp-content\/uploads\/sites\/20\/2022\/02\/Buy-Ambien-10mg.jpg","contentUrl":"https:\/\/medicinasinc.com\/pt\/wp-content\/uploads\/sites\/20\/2022\/02\/Buy-Ambien-10mg.jpg","width":225,"height":225},{"@type":"BreadcrumbList","@id":"https:\/\/medicinasinc.com\/pt\/product\/comprar-ambien-10-mg\/#breadcrumb","itemListElement":[{"@type":"ListItem","position":1,"name":"Comprar","item":"https:\/\/medicinasinc.com\/pt\/comprar\/"},{"@type":"ListItem","position":2,"name":"Compre Ambien 10 mg"}]},{"@type":"WebSite","@id":"https:\/\/medicinasinc.com\/pt\/#website","url":"https:\/\/medicinasinc.com\/pt\/","name":"Medicinas Inc","description":"Health Medical Clinic","potentialAction":[{"@type":"SearchAction","target":{"@type":"EntryPoint","urlTemplate":"https:\/\/medicinasinc.com\/pt\/?s={search_term_string}"},"query-input":{"@type":"PropertyValueSpecification","valueRequired":true,"valueName":"search_term_string"}}],"inLanguage":"pt-PT"}]}},"_links":{"self":[{"href":"https:\/\/medicinasinc.com\/pt\/wp-json\/wp\/v2\/product\/5124","targetHints":{"allow":["GET"]}}],"collection":[{"href":"https:\/\/medicinasinc.com\/pt\/wp-json\/wp\/v2\/product"}],"about":[{"href":"https:\/\/medicinasinc.com\/pt\/wp-json\/wp\/v2\/types\/product"}],"replies":[{"embeddable":true,"href":"https:\/\/medicinasinc.com\/pt\/wp-json\/wp\/v2\/comments?post=5124"}],"wp:featuredmedia":[{"embeddable":true,"href":"https:\/\/medicinasinc.com\/pt\/wp-json\/wp\/v2\/media\/5142"}],"wp:attachment":[{"href":"https:\/\/medicinasinc.com\/pt\/wp-json\/wp\/v2\/media?parent=5124"}],"wp:term":[{"taxonomy":"product_brand","embeddable":true,"href":"https:\/\/medicinasinc.com\/pt\/wp-json\/wp\/v2\/product_brand?post=5124"},{"taxonomy":"product_cat","embeddable":true,"href":"https:\/\/medicinasinc.com\/pt\/wp-json\/wp\/v2\/product_cat?post=5124"},{"taxonomy":"product_tag","embeddable":true,"href":"https:\/\/medicinasinc.com\/pt\/wp-json\/wp\/v2\/product_tag?post=5124"}],"curies":[{"name":"wp","href":"https:\/\/api.w.org\/{rel}","templated":true}]}}