{"id":5123,"date":"2022-02-20T20:39:42","date_gmt":"2022-02-20T20:39:42","guid":{"rendered":"https:\/\/medicinasinc.com\/pt\/?post_type=product&#038;p=5123"},"modified":"2022-07-05T23:25:55","modified_gmt":"2022-07-05T23:25:55","slug":"comprar-alprox-2mg-xanax","status":"publish","type":"product","link":"https:\/\/medicinasinc.com\/pt\/product\/comprar-alprox-2mg-xanax\/","title":{"rendered":"Compre Alprox 2mg (Xanax)"},"content":{"rendered":"<p>Procurando XANAX 2mg \u00e0 venda a um pre\u00e7o razo\u00e1vel? Aproveite as taxas baixas da Best Global Meds e a entrega r\u00e1pida de XANAX 2mg \u00e0 sua porta!<\/p>\n<p>No Reino Unido, voc\u00ea pode comprar Alprazolam online. Marca do Reino Unido\/UE de Alprazolam (Xanax) 2mg&#8230; Rem\u00e9dio para ansiedade, comprimido de 2 mg \u00e9 mais forte no Reino Unido.<\/p>\n<p>Onde posso comprar Xanax online? Onde posso comprar o Xanax 2MG online? Onde posso comprar Xanax 1MG on-line?<\/p>\n<p>Efeitos sedativos e sedativos s\u00e3o poss\u00edveis com Xanax.<\/p>\n<p>Xanax 2Mg Comprar on-line Reino Unido \u00c9 convulsivo ver o pedido Xanax Overnight morfologicamente. Waxier Wilburn desafia a compra de Xanax Online Reddit, subtilizando a oferta de uma maneira mais exigente.<\/p>\n<p>Xanax sem receita m\u00e9dica pode ser comprado mais barato online. Onde posso comprar fentermina a granel pelo menor pre\u00e7o? Imagens de gen\u00e9ricos de 2mg xanax<\/p>\n<p>Este medicamento \u00e9 usado para tratar transtornos de p\u00e2nico e transtornos de ansiedade, como medo intenso inesperado e tens\u00e3o causada pelo estresse. Alprazolam \u00e9 0,5 mg, 1 mg, 2 mg comprimido. \u00c9 melhor come\u00e7ar com uma dose baixa e ir subindo para uma maior. Para evitar sintomas de abstin\u00eancia, como convuls\u00f5es, comportamento agressivo, vis\u00e3o turva, etc. se voc\u00ea parar de tomar este medicamento de repente.<\/p>\n<p>Alprazolam 0,5 MG Tablet pode ser tomado com ou sem alimentos, de acordo com sua prefer\u00eancia. N\u00e3o exceda a dosagem recomendada. Se voc\u00ea notar algum efeito colateral, marque uma consulta com seu m\u00e9dico imediatamente. Para evitar quaisquer sintomas de abstin\u00eancia, n\u00e3o pare de tomar o medicamento sem antes consultar o seu m\u00e9dico!<\/p>\n<p>O que est\u00e1 envolvido no processo<br \/> A hiperpolariza\u00e7\u00e3o e a estabilidade da membrana neuronal s\u00e3o alcan\u00e7adas atrav\u00e9s da intera\u00e7\u00e3o deste medicamento com o cloreto canais, o que impede a excita\u00e7\u00e3o celular adicional.<\/p>\n","protected":false},"excerpt":{"rendered":"<p>P\u00edlulas de aproximadamente 2mg podem ser compradas online (Xanax). O que \u00e9 Alprox 2mg? \u00c9 poss\u00edvel compr\u00e1-lo online? Alprox 2mg est\u00e1 dispon\u00edvel ao balc\u00e3o?<\/p>\n<p>Compre Alprazolam Xanax 2 mg Tablet no Reino Unido, Europa na nossa farm\u00e1cia online Best Global medicamentos com entrega global r\u00e1pida! Voc\u00ea descobrir\u00e1 os melhores pre\u00e7os de Alprazolam 2 MG Tablet aqui!<\/p>\n<p>Xanax 2 mg comprimido \u00e9 usado para tratar dist\u00farbios de p\u00e2nico e ansiedade, como medo intenso inesperado e tens\u00e3o causada pelo estresse. Compre Xanax 2 mg comprimido. \u00c9 melhor come\u00e7ar com uma dose baixa e ir subindo para uma maior. Sintomas de abstin\u00eancia, incluindo convuls\u00f5es, comportamento agressivo, vis\u00e3o turva e outros, podem ocorrer se voc\u00ea parar de tomar este medicamento de repente.<\/p>\n","protected":false},"featured_media":5140,"comment_status":"open","ping_status":"closed","template":"","meta":[],"product_brand":[],"product_cat":[703],"product_tag":[1125,1126,1127,1128,1129,1166,1132,1133,1134,1180,1148,1138,1131,1139,1152,1153,1140,1144,1145,1146,1147,1184,1187,1149,1141,1142,1150,1151,1143,1155,1157,1158,1162,1163,1164,1165,1130,1167,1136,1171,1182,1169,1168,1135,1172,1173,1174,1175,1137,1188,1176,1177,1179,1178,1185,1186,1183,1170,1192,1194,1193,1154,1156,1189,1181,1190,1159,1191,1160,1161],"class_list":{"0":"post-5123","1":"product","2":"type-product","3":"status-publish","4":"has-post-thumbnail","6":"product_cat-compre-drogas-psicodelicas","7":"product_tag-alprazolam-25","8":"product_tag-alprazolam-25-para-gatos","9":"product_tag-alprazolam-0-25-mg","10":"product_tag-alprazolam-0-5-mg-price","11":"product_tag-alprazolam-1mg-azul","12":"product_tag-alprazolam-amarelo","13":"product_tag-alprazolam-azul","14":"product_tag-alprazolam-blue-pill","15":"product_tag-alprazolam-bottle","16":"product_tag-greenstone-alprazolam","17":"product_tag-alprazolam-muscular-relaxant-dose","18":"product_tag-alprazolam-dosis-para-dormir-profundamente","19":"product_tag-alprazolam-e-lcool","20":"product_tag-alprazolam-efectos-secundarios","21":"product_tag-p-de-alprazolam","22":"product_tag-alprazolam-p-para-venda","23":"product_tag-alprazolam-for-dogs","24":"product_tag-alprazolam-for-sleep","25":"product_tag-alprazolam-from-mexico","26":"product_tag-alprazolam-intensol","27":"product_tag-alprazolam-interactions","28":"product_tag-lquido-alprazolam","29":"product_tag-mexicano-alprazolam-2mg","30":"product_tag-alprazolam-online","31":"product_tag-alprazolam-para-ces-online","32":"product_tag-efeitos-colaterais-do-alprazolam-para-ces","33":"product_tag-alprazolam-para-dormir","34":"product_tag-alprazolam-para-que-serve","35":"product_tag-alprazolam-para-venda","36":"product_tag-pronncia-de-alprazolam","37":"product_tag-alprazolam-refill-rules","38":"product_tag-alprazolam-reviews","39":"product_tag-alprazolam-vs-clonazepam","40":"product_tag-alprazolam-vs-lorazepam","41":"product_tag-alprazolam-xanax","42":"product_tag-alprazolam-xr","43":"product_tag-alprazolam-2mg-barras","44":"product_tag-buy-alprazolam","45":"product_tag-alprazolam-cachorros","46":"product_tag-clonazepam-vs-alprazolam","47":"product_tag-como-comprar-alprazolam-online","48":"product_tag-compra-alprazolam","49":"product_tag-comprar-alprazolam-online","50":"product_tag-custo-de-alprazolam","51":"product_tag-diazepam-vs-alprazolam","52":"product_tag-diferena-entre-alprazolam-e-lorazepam","53":"product_tag-diferena-entre-lorazepam-e-alprazolam","54":"product_tag-doctors-that-prescribe-alprazolam-near-me","55":"product_tag-alprazolam-dose-para-ces","56":"product_tag-encomendar-alprazolam-online","57":"product_tag-farmapram-alprazolam","58":"product_tag-farmapram-alprazolam-2mg","59":"product_tag-flualprazolam-vs-alprazolam","60":"product_tag-gripe-alprazolam","61":"product_tag-lorazepam-vs-alprazolam","62":"product_tag-lorazepam-vs-alprazolam-reddit","63":"product_tag--alprazolam-uma-substncia-controlada","64":"product_tag-pode-alprazolam-te-levantar","65":"product_tag-o-melhor-lugar-para-comprar-alprazolam-online","66":"product_tag-onde-comprar-alprazolam-online","67":"product_tag-o-que--alprazolam-usado-para-compartilhamento","68":"product_tag-preo-do-alprazolam","69":"product_tag-alprazolam-psiconauta","70":"product_tag-purchase-alprazolam-online","71":"product_tag-quanto-tempo-ou-alprazolam-ltimo-em-urina-reddit","72":"product_tag-sandoz-alprazolam","73":"product_tag-sntese-de-alprazolam","74":"product_tag-snort-alprazolam","75":"product_tag-alprazolam-urina-tempo-de-deteco","76":"product_tag-uso-de-alprazolam","78":"first","79":"instock","80":"shipping-taxable","81":"purchasable","82":"product-type-variable"},"yoast_head":"<!-- This site is optimized with the Yoast SEO plugin v27.2 - https:\/\/yoast.com\/product\/yoast-seo-wordpress\/ -->\n<title>Compre Alprox 2mg (Xanax) - Encomende Xanax - Best Best Global Meds<\/title>\n<meta name=\"description\" content=\"Compre p\u00edlulas de Alprox 2mg online (Xanax). comprar Alprox online, Alprox online, comprar alprox online, comprar xanax, Comprar Alprazolam Xanax 2 mg Tablet Reino Unido, Europa\" \/>\n<meta name=\"robots\" content=\"index, follow, max-snippet:-1, max-image-preview:large, max-video-preview:-1\" \/>\n<link rel=\"canonical\" href=\"https:\/\/medicinasinc.com\/pt\/product\/comprar-alprox-2mg-xanax\/\" \/>\n<meta property=\"og:locale\" content=\"pt_PT\" \/>\n<meta property=\"og:type\" content=\"article\" \/>\n<meta property=\"og:title\" content=\"Compre Alprox 2mg (Xanax) - Encomende Xanax - Best Best Global Meds\" \/>\n<meta property=\"og:description\" content=\"Compre p\u00edlulas de Alprox 2mg online (Xanax). comprar Alprox online, Alprox online, comprar alprox online, comprar xanax, Comprar Alprazolam Xanax 2 mg Tablet Reino Unido, Europa\" \/>\n<meta property=\"og:url\" content=\"https:\/\/medicinasinc.com\/pt\/product\/comprar-alprox-2mg-xanax\/\" \/>\n<meta property=\"og:site_name\" content=\"Medicinas Inc\" \/>\n<meta property=\"article:modified_time\" content=\"2022-07-05T23:25:55+00:00\" \/>\n<meta property=\"og:image\" content=\"https:\/\/medicinasinc.com\/pt\/wp-content\/uploads\/sites\/20\/2022\/02\/Buy-Alprox-2mg.jpg\" \/>\n\t<meta property=\"og:image:width\" content=\"600\" \/>\n\t<meta property=\"og:image:height\" content=\"600\" \/>\n\t<meta property=\"og:image:type\" content=\"image\/jpeg\" \/>\n<meta name=\"twitter:card\" content=\"summary_large_image\" \/>\n<meta name=\"twitter:label1\" content=\"Tempo estimado de leitura\" \/>\n\t<meta name=\"twitter:data1\" content=\"2 minutos\" \/>\n<script type=\"application\/ld+json\" class=\"yoast-schema-graph\">{\"@context\":\"https:\/\/schema.org\",\"@graph\":[{\"@type\":\"WebPage\",\"@id\":\"https:\/\/medicinasinc.com\/pt\/product\/comprar-alprox-2mg-xanax\/\",\"url\":\"https:\/\/medicinasinc.com\/pt\/product\/comprar-alprox-2mg-xanax\/\",\"name\":\"Compre Alprox 2mg (Xanax) - Encomende Xanax - Best Best Global Meds\",\"isPartOf\":{\"@id\":\"https:\/\/medicinasinc.com\/pt\/#website\"},\"primaryImageOfPage\":{\"@id\":\"https:\/\/medicinasinc.com\/pt\/product\/comprar-alprox-2mg-xanax\/#primaryimage\"},\"image\":{\"@id\":\"https:\/\/medicinasinc.com\/pt\/product\/comprar-alprox-2mg-xanax\/#primaryimage\"},\"thumbnailUrl\":\"https:\/\/medicinasinc.com\/pt\/wp-content\/uploads\/sites\/20\/2022\/02\/Buy-Alprox-2mg.jpg\",\"datePublished\":\"2022-02-20T20:39:42+00:00\",\"dateModified\":\"2022-07-05T23:25:55+00:00\",\"description\":\"Compre p\u00edlulas de Alprox 2mg online (Xanax). comprar Alprox online, Alprox online, comprar alprox online, comprar xanax, Comprar Alprazolam Xanax 2 mg Tablet Reino Unido, Europa\",\"breadcrumb\":{\"@id\":\"https:\/\/medicinasinc.com\/pt\/product\/comprar-alprox-2mg-xanax\/#breadcrumb\"},\"inLanguage\":\"pt-PT\",\"potentialAction\":[{\"@type\":\"ReadAction\",\"target\":[\"https:\/\/medicinasinc.com\/pt\/product\/comprar-alprox-2mg-xanax\/\"]}]},{\"@type\":\"ImageObject\",\"inLanguage\":\"pt-PT\",\"@id\":\"https:\/\/medicinasinc.com\/pt\/product\/comprar-alprox-2mg-xanax\/#primaryimage\",\"url\":\"https:\/\/medicinasinc.com\/pt\/wp-content\/uploads\/sites\/20\/2022\/02\/Buy-Alprox-2mg.jpg\",\"contentUrl\":\"https:\/\/medicinasinc.com\/pt\/wp-content\/uploads\/sites\/20\/2022\/02\/Buy-Alprox-2mg.jpg\",\"width\":600,\"height\":600},{\"@type\":\"BreadcrumbList\",\"@id\":\"https:\/\/medicinasinc.com\/pt\/product\/comprar-alprox-2mg-xanax\/#breadcrumb\",\"itemListElement\":[{\"@type\":\"ListItem\",\"position\":1,\"name\":\"Comprar\",\"item\":\"https:\/\/medicinasinc.com\/pt\/comprar\/\"},{\"@type\":\"ListItem\",\"position\":2,\"name\":\"Compre Alprox 2mg (Xanax)\"}]},{\"@type\":\"WebSite\",\"@id\":\"https:\/\/medicinasinc.com\/pt\/#website\",\"url\":\"https:\/\/medicinasinc.com\/pt\/\",\"name\":\"Medicinas Inc\",\"description\":\"Health Medical Clinic\",\"potentialAction\":[{\"@type\":\"SearchAction\",\"target\":{\"@type\":\"EntryPoint\",\"urlTemplate\":\"https:\/\/medicinasinc.com\/pt\/?s={search_term_string}\"},\"query-input\":{\"@type\":\"PropertyValueSpecification\",\"valueRequired\":true,\"valueName\":\"search_term_string\"}}],\"inLanguage\":\"pt-PT\"}]}<\/script>\n<!-- \/ Yoast SEO plugin. -->","yoast_head_json":{"title":"Compre Alprox 2mg (Xanax) - Encomende Xanax - Best Best Global Meds","description":"Compre p\u00edlulas de Alprox 2mg online (Xanax). comprar Alprox online, Alprox online, comprar alprox online, comprar xanax, Comprar Alprazolam Xanax 2 mg Tablet Reino Unido, Europa","robots":{"index":"index","follow":"follow","max-snippet":"max-snippet:-1","max-image-preview":"max-image-preview:large","max-video-preview":"max-video-preview:-1"},"canonical":"https:\/\/medicinasinc.com\/pt\/product\/comprar-alprox-2mg-xanax\/","og_locale":"pt_PT","og_type":"article","og_title":"Compre Alprox 2mg (Xanax) - Encomende Xanax - Best Best Global Meds","og_description":"Compre p\u00edlulas de Alprox 2mg online (Xanax). comprar Alprox online, Alprox online, comprar alprox online, comprar xanax, Comprar Alprazolam Xanax 2 mg Tablet Reino Unido, Europa","og_url":"https:\/\/medicinasinc.com\/pt\/product\/comprar-alprox-2mg-xanax\/","og_site_name":"Medicinas Inc","article_modified_time":"2022-07-05T23:25:55+00:00","og_image":[{"width":600,"height":600,"url":"https:\/\/medicinasinc.com\/pt\/wp-content\/uploads\/sites\/20\/2022\/02\/Buy-Alprox-2mg.jpg","type":"image\/jpeg"}],"twitter_card":"summary_large_image","twitter_misc":{"Tempo estimado de leitura":"2 minutos"},"schema":{"@context":"https:\/\/schema.org","@graph":[{"@type":"WebPage","@id":"https:\/\/medicinasinc.com\/pt\/product\/comprar-alprox-2mg-xanax\/","url":"https:\/\/medicinasinc.com\/pt\/product\/comprar-alprox-2mg-xanax\/","name":"Compre Alprox 2mg (Xanax) - Encomende Xanax - Best Best Global Meds","isPartOf":{"@id":"https:\/\/medicinasinc.com\/pt\/#website"},"primaryImageOfPage":{"@id":"https:\/\/medicinasinc.com\/pt\/product\/comprar-alprox-2mg-xanax\/#primaryimage"},"image":{"@id":"https:\/\/medicinasinc.com\/pt\/product\/comprar-alprox-2mg-xanax\/#primaryimage"},"thumbnailUrl":"https:\/\/medicinasinc.com\/pt\/wp-content\/uploads\/sites\/20\/2022\/02\/Buy-Alprox-2mg.jpg","datePublished":"2022-02-20T20:39:42+00:00","dateModified":"2022-07-05T23:25:55+00:00","description":"Compre p\u00edlulas de Alprox 2mg online (Xanax). comprar Alprox online, Alprox online, comprar alprox online, comprar xanax, Comprar Alprazolam Xanax 2 mg Tablet Reino Unido, Europa","breadcrumb":{"@id":"https:\/\/medicinasinc.com\/pt\/product\/comprar-alprox-2mg-xanax\/#breadcrumb"},"inLanguage":"pt-PT","potentialAction":[{"@type":"ReadAction","target":["https:\/\/medicinasinc.com\/pt\/product\/comprar-alprox-2mg-xanax\/"]}]},{"@type":"ImageObject","inLanguage":"pt-PT","@id":"https:\/\/medicinasinc.com\/pt\/product\/comprar-alprox-2mg-xanax\/#primaryimage","url":"https:\/\/medicinasinc.com\/pt\/wp-content\/uploads\/sites\/20\/2022\/02\/Buy-Alprox-2mg.jpg","contentUrl":"https:\/\/medicinasinc.com\/pt\/wp-content\/uploads\/sites\/20\/2022\/02\/Buy-Alprox-2mg.jpg","width":600,"height":600},{"@type":"BreadcrumbList","@id":"https:\/\/medicinasinc.com\/pt\/product\/comprar-alprox-2mg-xanax\/#breadcrumb","itemListElement":[{"@type":"ListItem","position":1,"name":"Comprar","item":"https:\/\/medicinasinc.com\/pt\/comprar\/"},{"@type":"ListItem","position":2,"name":"Compre Alprox 2mg (Xanax)"}]},{"@type":"WebSite","@id":"https:\/\/medicinasinc.com\/pt\/#website","url":"https:\/\/medicinasinc.com\/pt\/","name":"Medicinas Inc","description":"Health Medical Clinic","potentialAction":[{"@type":"SearchAction","target":{"@type":"EntryPoint","urlTemplate":"https:\/\/medicinasinc.com\/pt\/?s={search_term_string}"},"query-input":{"@type":"PropertyValueSpecification","valueRequired":true,"valueName":"search_term_string"}}],"inLanguage":"pt-PT"}]}},"_links":{"self":[{"href":"https:\/\/medicinasinc.com\/pt\/wp-json\/wp\/v2\/product\/5123","targetHints":{"allow":["GET"]}}],"collection":[{"href":"https:\/\/medicinasinc.com\/pt\/wp-json\/wp\/v2\/product"}],"about":[{"href":"https:\/\/medicinasinc.com\/pt\/wp-json\/wp\/v2\/types\/product"}],"replies":[{"embeddable":true,"href":"https:\/\/medicinasinc.com\/pt\/wp-json\/wp\/v2\/comments?post=5123"}],"wp:featuredmedia":[{"embeddable":true,"href":"https:\/\/medicinasinc.com\/pt\/wp-json\/wp\/v2\/media\/5140"}],"wp:attachment":[{"href":"https:\/\/medicinasinc.com\/pt\/wp-json\/wp\/v2\/media?parent=5123"}],"wp:term":[{"taxonomy":"product_brand","embeddable":true,"href":"https:\/\/medicinasinc.com\/pt\/wp-json\/wp\/v2\/product_brand?post=5123"},{"taxonomy":"product_cat","embeddable":true,"href":"https:\/\/medicinasinc.com\/pt\/wp-json\/wp\/v2\/product_cat?post=5123"},{"taxonomy":"product_tag","embeddable":true,"href":"https:\/\/medicinasinc.com\/pt\/wp-json\/wp\/v2\/product_tag?post=5123"}],"curies":[{"name":"wp","href":"https:\/\/api.w.org\/{rel}","templated":true}]}}