{"id":5122,"date":"2022-02-20T20:38:15","date_gmt":"2022-02-20T20:38:15","guid":{"rendered":"https:\/\/medicinasinc.com\/pt\/?post_type=product&#038;p=5122"},"modified":"2022-07-05T23:26:11","modified_gmt":"2022-07-05T23:26:11","slug":"comprar-adderall-30-mg","status":"publish","type":"product","link":"https:\/\/medicinasinc.com\/pt\/product\/comprar-adderall-30-mg\/","title":{"rendered":"Compre Adderall 30 mg"},"content":{"rendered":"<p>Compre Adderall 30mg Oral Pills Online Usando Bitcoin. Al\u00e9m disso, \u00e9 usado para tratar transtorno de d\u00e9ficit de aten\u00e7\u00e3o e hiperatividade (TDAH) e narcolepsia.<\/p>\n<p>Compre Adderall 30 mg on-line com entrega global r\u00e1pida em nossa farm\u00e1cia on-line Global Med! Voc\u00ea encontrar\u00e1 o melhor Adderall 30 mg para compra aqui!<\/p>\n<p>O Adderall 30 MG \u00e9 um medicamento de prescri\u00e7\u00e3o que \u00e9 criado pela mistura e dextroanfetamina. Esses dois componentes atuam como os principais estimulantes do sistema nervoso. Al\u00e9m disso, esses estimulantes t\u00eam um efeito sobre as subst\u00e2ncias qu\u00edmicas do c\u00e9rebro e os neur\u00f4nios que regulam o impulso e a hiperatividade. O medicamento \u00e9 usado principalmente para tratar narcolepsia e transtorno de d\u00e9ficit de aten\u00e7\u00e3o e hiperatividade (TDAH). O consumo \u00e9 permitido em um n\u00famero limitado de na\u00e7\u00f5es, ou seja, Canad\u00e1 e Estados Unidos.<\/p>\n<p>O problema mais s\u00e9rio com Comprar Adderall 30Mg Online \u00e9 esta palavra que come\u00e7a com W<\/p>\n<p>Cada filha ou menino nasce com uma mem\u00f3ria bastante boa.<\/p>\n<p>Compre Adderall 30mg. N\u00e3o h\u00e1 exig\u00eancia de receita m\u00e9dica. O envio \u00e9 totalmente seguro e discreto. A entrega est\u00e1 dispon\u00edvel durante a noite. Dinheiro garantido reembolsado.<\/p>\n<p>Voc\u00ea pode comprar p\u00edlulas Adderall sem receita m\u00e9dica on-line, adderall no computador aberto e posso comprar Adderall on-line.<\/p>\n<p>Precau\u00e7\u00f5es de dosagem:<\/p>\n<p> Embora uma pessoa possa precisar de Adderall XR, ela deve consultar um m\u00e9dico antes da primeira dose se tiver uma tireoide hiperativa, press\u00e3o alta moderada a grave, glaucoma, qualquer doen\u00e7a card\u00edaca ou se for viciado em drogas ou \u00e1lcool. Al\u00e9m disso, os indiv\u00edduos s\u00e3o aconselhados a n\u00e3o abusar da dosagem do medicamento, pois isso pode resultar em grandes efeitos negativos para o cora\u00e7\u00e3o ou, na pior das hip\u00f3teses, morte.<\/p>\n<p>Resultado positivo:<\/p>\n<p>Como acontece com qualquer subst\u00e2ncia, com\u00ea-la tem uma s\u00e9rie de efeitos, tanto positivos quanto ruins. Al\u00e9m disso, Adderall 30 MG tem. Observou-se que utiliz\u00e1-lo por um per\u00edodo de tempo mais curto, conforme recomendado por um m\u00e9dico, tem um efeito ben\u00e9fico na sa\u00fade de uma pessoa, prevenindo os sintomas de TDAH. Isso ocorre pelas seguintes raz\u00f5es:<\/p>\n<p>Ele aumenta os n\u00edveis de neurotransmissores como dopamina e norepinefrina em nossos c\u00e9rebros. Al\u00e9m disso, esses compostos espec\u00edficos no c\u00e9rebro servem para aumentar os n\u00edveis de energia, aten\u00e7\u00e3o e foco.<br \/> A medica\u00e7\u00e3o pode acelerar a frequ\u00eancia card\u00edaca e sustentar o suprimento de sangue para os m\u00fasculos.<br \/> O uso consistente conforme prescrito pelos m\u00e9dicos pode resultam em aumento de energia e vigor, o que \u00e9 considerado compar\u00e1vel ao consumo de coca\u00edna.<br \/> Resultado Negativo:<\/p>\n<p>Devido ao fato de Adderall 30 MG ser um medicamento altamente sens\u00edvel, consumi-lo sem orienta\u00e7\u00e3o m\u00e9dica a prescri\u00e7\u00e3o pode ter um efeito ruim em sua sa\u00fade.<\/p>\n<p>Irritabilidade<br \/> Redu\u00e7\u00e3o de peso prejudicial \u00e0 sa\u00fade como resultado da supress\u00e3o do apetite<br \/> Ins\u00f4nia e padr\u00f5es de sono interrompidos<br \/> Complica\u00e7\u00f5es card\u00edacas graves<\/p>\n<p>&nbsp;<\/p>\n<p>&nbsp;<\/p>\n<p>&nbsp;<\/p>\n<p>Em caso de abuso:<\/p>\n<p>Os m\u00e9dicos sempre aconselharam pacientes a usar a medica\u00e7\u00e3o com cautela, e se Adderall 30 MG foi abusado, resultou em aumento dos n\u00edveis de energia e forte revigoramento. Al\u00e9m disso, o uso excessivo desta \u00faltima subst\u00e2ncia pode resultar em sintomas desagrad\u00e1veis, como:<\/p>\n<p>Redu\u00e7\u00e3o da aten\u00e7\u00e3o em tarefas espec\u00edficas<br \/> Depress\u00e3o e lentid\u00e3o<br \/> Mantenha estes pontos de fadiga em mente:<\/p>\n<p>Al\u00e9m disso, existem alguns itens a serem considerados antes de usar Adderall 30 MG.<\/p>\n<p>Os pesquisadores aconselharam os indiv\u00edduos a n\u00e3o ingeri-lo se tivessem tomado inibidores da MAO, como linezolida, inje\u00e7\u00e3o de azul de metileno, isocarboxazida ou rasagilina nos 14 dias anteriores, pois isso pode resultar em uma intera\u00e7\u00e3o farmacol\u00f3gica grave, o que certamente n\u00e3o \u00e9 saud\u00e1vel.<\/p>\n<p>Al\u00e9m disso, uma pessoa al\u00e9rgica a medicamentos estimulantes deve evit\u00e1-la, ou se ela j\u00e1 est\u00e1 lidando com a a seguir:<\/p>\n<p>Qualquer doen\u00e7a arterial coronariana grave ou doen\u00e7a card\u00edaca<br \/> Hipertens\u00e3o (normal a alta)<br \/> Ansiedade e estresse em um n\u00edvel mais alto<br \/> Depend\u00eancia de drogas ou \u00e1lcool<br \/> E se algu\u00e9m for dependente de Adderall XR?<\/p>\n<p>A depend\u00eancia de tal subst\u00e2ncia pode se manifestar de duas maneiras: psicologicamente e fisicamente.<\/p>\n<p>Se uma pessoa a toma diariamente e se torna arraigada em sua vida, ela desenvolver\u00e1 uma depend\u00eancia psicol\u00f3gica ou v\u00edcio nisso. Al\u00e9m disso, restringir o acesso a ele por qualquer motivo pode ser angustiante, e indiv\u00edduos mentalmente viciados teriam estresse ou dores de cabe\u00e7a regulares.<\/p>\n<p>Al\u00e9m disso, para indiv\u00edduos mentalmente dependentes, o consumo frequentemente atinge n\u00edveis perigosos e eles s\u00e3o compelidos a continuar a beber mesmo com risco de vida. No entanto, uma cura est\u00e1 dispon\u00edvel neste caso. Esse padr\u00e3o comportamental pode ser alterado por meio de tratamento psiqui\u00e1trico. Segundo especialistas, uma terapia chamada terapia cognitivo-comportamental pode ser ben\u00e9fica.<\/p>\n<p>Segundo, quando uma pessoa est\u00e1 acostumada a ter um n\u00edvel mais alto de dopamina dispon\u00edvel em seu c\u00e9rebro, a redu\u00e7\u00e3o do Adderall XR pode resultar em uma diminui\u00e7\u00e3o da dopamina n\u00edveis, resultando no seguinte:<\/p>\n<p>&nbsp;<\/p>\n<p>Depress\u00e3o ou exaust\u00e3o<br \/> Dormir de forma n\u00e3o natural ou permanecer acordado por per\u00edodos de tempo extraordinariamente longos<\/p>\n<p>\u00c9 \u00e9 necess\u00e1rio enfatizar aqui que a depend\u00eancia f\u00edsica pode provocar uma vontade de consumir mais da subst\u00e2ncia para manter a satisfa\u00e7\u00e3o, o que pode resultar em uma variedade de efeitos adversos e overdose.<\/p>\n<p>No entanto, ingeri-los apenas com orienta\u00e7\u00e3o especializada ou com a m\u00e1xima prud\u00eancia pode proteger as pessoas de consequ\u00eancias negativas.<\/p>\n","protected":false},"excerpt":{"rendered":"<p>Compre Adderall 30 mg no Reino Unido e na Europa na nossa farm\u00e1cia online Best Global Meds com entrega internacional r\u00e1pida! Voc\u00ea encontrar\u00e1 o melhor Adderall 30 mg para compra aqui!<\/p>\n<p>Compre Adderall 30mg online. Compre Adderall 30 mg online de um dos maiores comerciantes online ao melhor pre\u00e7o. Adderall tamb\u00e9m \u00e9 conhecido como anfetamina e dextroanfetamina e \u00e9 usado para tratar o transtorno de d\u00e9ficit de aten\u00e7\u00e3o e hiperatividade (TDAH) (transtorno de d\u00e9ficit de aten\u00e7\u00e3o e hiperatividade).<\/p>\n<p>O Adderall 30 MG \u00e9 um medicamento de prescri\u00e7\u00e3o criado pela mistura e dextroanfetamina. Esses dois componentes atuam como os principais estimulantes do sistema nervoso. Al\u00e9m disso, esses estimulantes t\u00eam um efeito sobre as subst\u00e2ncias qu\u00edmicas do c\u00e9rebro e os neur\u00f4nios que regulam o impulso e a hiperatividade.<\/p>\n","protected":false},"featured_media":5138,"comment_status":"open","ping_status":"closed","template":"","meta":[],"product_brand":[],"product_cat":[1117],"product_tag":[1120,1122,1119,1123,1124,1121,1118],"class_list":{"0":"post-5122","1":"product","2":"type-product","3":"status-publish","4":"has-post-thumbnail","6":"product_cat-compre-pilulas-para-dor-sono-e-sexo","7":"product_tag-como-comprar-adderall-30-mg-on-line","8":"product_tag-compra-adderall-30-mg-on-line","9":"product_tag-compre-adderall-30-mg-online","10":"product_tag-o-melhor-lugar-para-comprar-adderall-30-mg-online","11":"product_tag-onde-comprar-adderall-30-mg-on-line","12":"product_tag-order-adderall-30-mg-online","13":"product_tag-adderall-30-mg-para-venda","15":"first","16":"instock","17":"shipping-taxable","18":"purchasable","19":"product-type-variable","20":"has-default-attributes"},"yoast_head":"<!-- This site is optimized with the Yoast SEO plugin v27.3 - https:\/\/yoast.com\/product\/yoast-seo-wordpress\/ -->\n<title>Compre Adderall 30 mg - Adderall 30 mg - Best Global Meds<\/title>\n<meta name=\"description\" content=\"Compre comprimidos de Adderall 30mg online. Compre Adderall online 30 mg de um dos melhores varejistas online ao melhor pre\u00e7o. Adderall tamb\u00e9m \u00e9 conhecido como anfetamina e dextroanfetamina usada para o tratamento de TDAH (transtorno de d\u00e9ficit de aten\u00e7\u00e3o e hiperatividade).\" \/>\n<meta name=\"robots\" content=\"index, follow, max-snippet:-1, max-image-preview:large, max-video-preview:-1\" \/>\n<link rel=\"canonical\" href=\"https:\/\/medicinasinc.com\/pt\/product\/comprar-adderall-30-mg\/\" \/>\n<meta property=\"og:locale\" content=\"pt_PT\" \/>\n<meta property=\"og:type\" content=\"article\" \/>\n<meta property=\"og:title\" content=\"Compre Adderall 30 mg - Adderall 30 mg - Best Global Meds\" \/>\n<meta property=\"og:description\" content=\"Compre comprimidos de Adderall 30mg online. Compre Adderall online 30 mg de um dos melhores varejistas online ao melhor pre\u00e7o. Adderall tamb\u00e9m \u00e9 conhecido como anfetamina e dextroanfetamina usada para o tratamento de TDAH (transtorno de d\u00e9ficit de aten\u00e7\u00e3o e hiperatividade).\" \/>\n<meta property=\"og:url\" content=\"https:\/\/medicinasinc.com\/pt\/product\/comprar-adderall-30-mg\/\" \/>\n<meta property=\"og:site_name\" content=\"Medicinas Inc\" \/>\n<meta property=\"article:modified_time\" content=\"2022-07-05T23:26:11+00:00\" \/>\n<meta property=\"og:image\" content=\"https:\/\/medicinasinc.com\/pt\/wp-content\/uploads\/sites\/20\/2022\/02\/Buy-Adderall-30-MG.jpg\" \/>\n\t<meta property=\"og:image:width\" content=\"392\" \/>\n\t<meta property=\"og:image:height\" content=\"300\" \/>\n\t<meta property=\"og:image:type\" content=\"image\/jpeg\" \/>\n<meta name=\"twitter:card\" content=\"summary_large_image\" \/>\n<meta name=\"twitter:label1\" content=\"Tempo estimado de leitura\" \/>\n\t<meta name=\"twitter:data1\" content=\"4 minutos\" \/>\n<script type=\"application\/ld+json\" class=\"yoast-schema-graph\">{\"@context\":\"https:\\\/\\\/schema.org\",\"@graph\":[{\"@type\":\"WebPage\",\"@id\":\"https:\\\/\\\/medicinasinc.com\\\/pt\\\/product\\\/comprar-adderall-30-mg\\\/\",\"url\":\"https:\\\/\\\/medicinasinc.com\\\/pt\\\/product\\\/comprar-adderall-30-mg\\\/\",\"name\":\"Compre Adderall 30 mg - Adderall 30 mg - Best Global Meds\",\"isPartOf\":{\"@id\":\"https:\\\/\\\/medicinasinc.com\\\/pt\\\/#website\"},\"primaryImageOfPage\":{\"@id\":\"https:\\\/\\\/medicinasinc.com\\\/pt\\\/product\\\/comprar-adderall-30-mg\\\/#primaryimage\"},\"image\":{\"@id\":\"https:\\\/\\\/medicinasinc.com\\\/pt\\\/product\\\/comprar-adderall-30-mg\\\/#primaryimage\"},\"thumbnailUrl\":\"https:\\\/\\\/medicinasinc.com\\\/pt\\\/wp-content\\\/uploads\\\/sites\\\/20\\\/2022\\\/02\\\/Buy-Adderall-30-MG.jpg\",\"datePublished\":\"2022-02-20T20:38:15+00:00\",\"dateModified\":\"2022-07-05T23:26:11+00:00\",\"description\":\"Compre comprimidos de Adderall 30mg online. Compre Adderall online 30 mg de um dos melhores varejistas online ao melhor pre\u00e7o. Adderall tamb\u00e9m \u00e9 conhecido como anfetamina e dextroanfetamina usada para o tratamento de TDAH (transtorno de d\u00e9ficit de aten\u00e7\u00e3o e hiperatividade).\",\"breadcrumb\":{\"@id\":\"https:\\\/\\\/medicinasinc.com\\\/pt\\\/product\\\/comprar-adderall-30-mg\\\/#breadcrumb\"},\"inLanguage\":\"pt-PT\",\"potentialAction\":[{\"@type\":\"ReadAction\",\"target\":[\"https:\\\/\\\/medicinasinc.com\\\/pt\\\/product\\\/comprar-adderall-30-mg\\\/\"]}]},{\"@type\":\"ImageObject\",\"inLanguage\":\"pt-PT\",\"@id\":\"https:\\\/\\\/medicinasinc.com\\\/pt\\\/product\\\/comprar-adderall-30-mg\\\/#primaryimage\",\"url\":\"https:\\\/\\\/medicinasinc.com\\\/pt\\\/wp-content\\\/uploads\\\/sites\\\/20\\\/2022\\\/02\\\/Buy-Adderall-30-MG.jpg\",\"contentUrl\":\"https:\\\/\\\/medicinasinc.com\\\/pt\\\/wp-content\\\/uploads\\\/sites\\\/20\\\/2022\\\/02\\\/Buy-Adderall-30-MG.jpg\",\"width\":392,\"height\":300},{\"@type\":\"BreadcrumbList\",\"@id\":\"https:\\\/\\\/medicinasinc.com\\\/pt\\\/product\\\/comprar-adderall-30-mg\\\/#breadcrumb\",\"itemListElement\":[{\"@type\":\"ListItem\",\"position\":1,\"name\":\"Comprar\",\"item\":\"https:\\\/\\\/medicinasinc.com\\\/pt\\\/comprar\\\/\"},{\"@type\":\"ListItem\",\"position\":2,\"name\":\"Compre Adderall 30 mg\"}]},{\"@type\":\"WebSite\",\"@id\":\"https:\\\/\\\/medicinasinc.com\\\/pt\\\/#website\",\"url\":\"https:\\\/\\\/medicinasinc.com\\\/pt\\\/\",\"name\":\"Medicinas Inc\",\"description\":\"Health Medical Clinic\",\"potentialAction\":[{\"@type\":\"SearchAction\",\"target\":{\"@type\":\"EntryPoint\",\"urlTemplate\":\"https:\\\/\\\/medicinasinc.com\\\/pt\\\/?s={search_term_string}\"},\"query-input\":{\"@type\":\"PropertyValueSpecification\",\"valueRequired\":true,\"valueName\":\"search_term_string\"}}],\"inLanguage\":\"pt-PT\"}]}<\/script>\n<!-- \/ Yoast SEO plugin. -->","yoast_head_json":{"title":"Compre Adderall 30 mg - Adderall 30 mg - Best Global Meds","description":"Compre comprimidos de Adderall 30mg online. Compre Adderall online 30 mg de um dos melhores varejistas online ao melhor pre\u00e7o. Adderall tamb\u00e9m \u00e9 conhecido como anfetamina e dextroanfetamina usada para o tratamento de TDAH (transtorno de d\u00e9ficit de aten\u00e7\u00e3o e hiperatividade).","robots":{"index":"index","follow":"follow","max-snippet":"max-snippet:-1","max-image-preview":"max-image-preview:large","max-video-preview":"max-video-preview:-1"},"canonical":"https:\/\/medicinasinc.com\/pt\/product\/comprar-adderall-30-mg\/","og_locale":"pt_PT","og_type":"article","og_title":"Compre Adderall 30 mg - Adderall 30 mg - Best Global Meds","og_description":"Compre comprimidos de Adderall 30mg online. Compre Adderall online 30 mg de um dos melhores varejistas online ao melhor pre\u00e7o. Adderall tamb\u00e9m \u00e9 conhecido como anfetamina e dextroanfetamina usada para o tratamento de TDAH (transtorno de d\u00e9ficit de aten\u00e7\u00e3o e hiperatividade).","og_url":"https:\/\/medicinasinc.com\/pt\/product\/comprar-adderall-30-mg\/","og_site_name":"Medicinas Inc","article_modified_time":"2022-07-05T23:26:11+00:00","og_image":[{"width":392,"height":300,"url":"https:\/\/medicinasinc.com\/pt\/wp-content\/uploads\/sites\/20\/2022\/02\/Buy-Adderall-30-MG.jpg","type":"image\/jpeg"}],"twitter_card":"summary_large_image","twitter_misc":{"Tempo estimado de leitura":"4 minutos"},"schema":{"@context":"https:\/\/schema.org","@graph":[{"@type":"WebPage","@id":"https:\/\/medicinasinc.com\/pt\/product\/comprar-adderall-30-mg\/","url":"https:\/\/medicinasinc.com\/pt\/product\/comprar-adderall-30-mg\/","name":"Compre Adderall 30 mg - Adderall 30 mg - Best Global Meds","isPartOf":{"@id":"https:\/\/medicinasinc.com\/pt\/#website"},"primaryImageOfPage":{"@id":"https:\/\/medicinasinc.com\/pt\/product\/comprar-adderall-30-mg\/#primaryimage"},"image":{"@id":"https:\/\/medicinasinc.com\/pt\/product\/comprar-adderall-30-mg\/#primaryimage"},"thumbnailUrl":"https:\/\/medicinasinc.com\/pt\/wp-content\/uploads\/sites\/20\/2022\/02\/Buy-Adderall-30-MG.jpg","datePublished":"2022-02-20T20:38:15+00:00","dateModified":"2022-07-05T23:26:11+00:00","description":"Compre comprimidos de Adderall 30mg online. Compre Adderall online 30 mg de um dos melhores varejistas online ao melhor pre\u00e7o. Adderall tamb\u00e9m \u00e9 conhecido como anfetamina e dextroanfetamina usada para o tratamento de TDAH (transtorno de d\u00e9ficit de aten\u00e7\u00e3o e hiperatividade).","breadcrumb":{"@id":"https:\/\/medicinasinc.com\/pt\/product\/comprar-adderall-30-mg\/#breadcrumb"},"inLanguage":"pt-PT","potentialAction":[{"@type":"ReadAction","target":["https:\/\/medicinasinc.com\/pt\/product\/comprar-adderall-30-mg\/"]}]},{"@type":"ImageObject","inLanguage":"pt-PT","@id":"https:\/\/medicinasinc.com\/pt\/product\/comprar-adderall-30-mg\/#primaryimage","url":"https:\/\/medicinasinc.com\/pt\/wp-content\/uploads\/sites\/20\/2022\/02\/Buy-Adderall-30-MG.jpg","contentUrl":"https:\/\/medicinasinc.com\/pt\/wp-content\/uploads\/sites\/20\/2022\/02\/Buy-Adderall-30-MG.jpg","width":392,"height":300},{"@type":"BreadcrumbList","@id":"https:\/\/medicinasinc.com\/pt\/product\/comprar-adderall-30-mg\/#breadcrumb","itemListElement":[{"@type":"ListItem","position":1,"name":"Comprar","item":"https:\/\/medicinasinc.com\/pt\/comprar\/"},{"@type":"ListItem","position":2,"name":"Compre Adderall 30 mg"}]},{"@type":"WebSite","@id":"https:\/\/medicinasinc.com\/pt\/#website","url":"https:\/\/medicinasinc.com\/pt\/","name":"Medicinas Inc","description":"Health Medical Clinic","potentialAction":[{"@type":"SearchAction","target":{"@type":"EntryPoint","urlTemplate":"https:\/\/medicinasinc.com\/pt\/?s={search_term_string}"},"query-input":{"@type":"PropertyValueSpecification","valueRequired":true,"valueName":"search_term_string"}}],"inLanguage":"pt-PT"}]}},"_links":{"self":[{"href":"https:\/\/medicinasinc.com\/pt\/wp-json\/wp\/v2\/product\/5122","targetHints":{"allow":["GET"]}}],"collection":[{"href":"https:\/\/medicinasinc.com\/pt\/wp-json\/wp\/v2\/product"}],"about":[{"href":"https:\/\/medicinasinc.com\/pt\/wp-json\/wp\/v2\/types\/product"}],"replies":[{"embeddable":true,"href":"https:\/\/medicinasinc.com\/pt\/wp-json\/wp\/v2\/comments?post=5122"}],"wp:featuredmedia":[{"embeddable":true,"href":"https:\/\/medicinasinc.com\/pt\/wp-json\/wp\/v2\/media\/5138"}],"wp:attachment":[{"href":"https:\/\/medicinasinc.com\/pt\/wp-json\/wp\/v2\/media?parent=5122"}],"wp:term":[{"taxonomy":"product_brand","embeddable":true,"href":"https:\/\/medicinasinc.com\/pt\/wp-json\/wp\/v2\/product_brand?post=5122"},{"taxonomy":"product_cat","embeddable":true,"href":"https:\/\/medicinasinc.com\/pt\/wp-json\/wp\/v2\/product_cat?post=5122"},{"taxonomy":"product_tag","embeddable":true,"href":"https:\/\/medicinasinc.com\/pt\/wp-json\/wp\/v2\/product_tag?post=5122"}],"curies":[{"name":"wp","href":"https:\/\/api.w.org\/{rel}","templated":true}]}}