{"id":5096,"date":"2022-02-20T20:15:06","date_gmt":"2022-02-20T20:15:06","guid":{"rendered":"https:\/\/medicinasinc.com\/pt\/?post_type=product&#038;p=5096"},"modified":"2022-07-05T23:26:24","modified_gmt":"2022-07-05T23:26:24","slug":"toranja-erva-estirpe","status":"publish","type":"product","link":"https:\/\/medicinasinc.com\/pt\/product\/toranja-erva-estirpe\/","title":{"rendered":"Linhagem de Erva da Grapefruit"},"content":{"rendered":"<p><strong>Compra online de maconha Grapefruit de alta qualidade<\/strong><\/p>\n<p>Grapefruit \u00e9 uma variedade sativa quase pura. Foi criado cruzando Cinderella 99 com uma sativa desconhecida com sabor de toranja. Esta n\u00e3o \u00e9 uma variedade de maconha recreativa; ele tamb\u00e9m oferece uma infinidade de caracter\u00edsticas m\u00e9dicas. Depois de algumas baforadas, voc\u00ea se sentir\u00e1 menos estressado, deprimido e com dor.<\/p>\n<p><strong>Sativa<\/strong>\u00a0\u2013 100%<\/p>\n<p><strong>THC<\/strong> &gt;: 17-20%<\/p>\n<h3><strong>Informa\u00e7\u00f5es importantes sobre envio<\/strong><\/h3>\n<ul>\n<li><strong>Frete gr\u00e1tis para pedidos de US$ 175 ou mais<\/strong><\/li>\n<li>Estamos localizados na costa oeste do Canad\u00e1<\/li>\n<li><strong>Os pedidos levar\u00e3o cerca de 3 dias \u00fateis para chegar<\/strong>\u00a0ap\u00f3s o Canada Post receber o pacote *supondo que n\u00e3o haja atrasos do Canad\u00e1 Correio*<\/li>\n<li>Os pacotes ser\u00e3o enviados com base no hor\u00e1rio\u00a0<strong>quando o pagamento for recebido<\/strong>\u00a0N\u00c3O quando o pedido for feito.<\/li>\n<li>Pedidos com pagamento recebidos entre 12h PST e 12h PST (meia-noite ao meio-dia) ser\u00e1 enviado no mesmo dia.<\/li>\n<li>Pedidos com pagamento recebido ap\u00f3s 12h PST (meio-dia) ser\u00e3o enviados no dia seguinte.<\/li>\n<\/ul>\n<div class=\" product-next-previous\">\n<div class=\"product-prev\"><\/div><\/div>\n","protected":false},"excerpt":{"rendered":"<div class=\"woocommerce-product-details__short-description\">\n<p>Grapefruit \u00e9 uma variedade de maconha sativa altamente poderosa criada pelo cruzamento da Cinderella 99 com a Grapefruit. A toranja tem propriedades revitalizantes e induz sentimentos de alegria. Esta variedade tem um perfil de sabor tropical e uma fragr\u00e2ncia c\u00edtrica.<\/p>\n<p>Compre Grapefruit Marijuana Strain \u00e9 uma variedade de maconha sativa altamente poderosa criada pelo cruzamento de Cinderella 99 com Grapefruit. Estirpe de maconha de toranja \u00e0 venda online<\/p>\n<p>Maconha de toranja da mais alta qualidade dispon\u00edvel online.<\/p>\n<p>A cannabis de toranja \u00e9 uma variedade sativa. 70% H\u00edbrido Dominante Sativa \/ 30% Indica THC: 20%\u201325%, CBN: 1%<\/p>\n<\/p><\/div>\n","protected":false},"featured_media":5115,"comment_status":"open","ping_status":"closed","template":"","meta":[],"product_brand":[],"product_cat":[778],"product_tag":[1060,1065,1066,1067,1068,1073,1074,1075,1076,1081,1082,1083,1084,1089,1090,1091,1092,1097,1098,1099,1100,1105,1106,1107,1108,1113,1115,1114,1104,1088,1093,1094,1095,1109,1110,1096,1101,1102,1111,1112,1103,1087,1064,1079,1063,1072,1077,1086,1071,1061,1062,1069,1070,1078,1080,1085,1116],"class_list":{"0":"post-5096","1":"product","2":"type-product","3":"status-publish","4":"has-post-thumbnail","6":"product_cat-erva-a-venda","7":"product_tag-buy-grapefruit-strain-online-in-australia","8":"product_tag-buy-grapefruit-strain-online-in-china","9":"product_tag-buy-grapefruit-strain-online-in-croatia","10":"product_tag-buy-grapefruit-strain-online-in-denmark","11":"product_tag-buy-grapefruit-strain-online-in-england","12":"product_tag-buy-grapefruit-strain-online-in-ireland","13":"product_tag-buy-grapefruit-strain-online-in-italy","14":"product_tag-buy-grapefruit-strain-online-in-japan","15":"product_tag-buy-grapefruit-strain-online-in-malta","16":"product_tag-buy-grapefruit-strain-online-in-scotland","17":"product_tag-buy-grapefruit-strain-online-in-spain","18":"product_tag-buy-grapefruit-strain-online-in-switzerland","19":"product_tag-buy-grapefruit-strain-online-in-turkey","20":"product_tag-buy-weed-online-in-austria","21":"product_tag-buy-weed-online-in-belarus","22":"product_tag-buy-weed-online-in-bulgary","23":"product_tag-buy-weed-online-in-canada","24":"product_tag-buy-weed-online-in-finland","25":"product_tag-buy-weed-online-in-france","26":"product_tag-buy-weed-online-in-germany","27":"product_tag-buy-weed-online-in-hungary","28":"product_tag-buy-weed-online-in-mexico","29":"product_tag-buy-weed-online-in-new-zealand","30":"product_tag-buy-weed-online-in-pillipines","31":"product_tag-buy-weed-online-in-russia","32":"product_tag-buy-weed-online-in-usa","33":"product_tag-cheap-grapefruit-marijuana-for-sale-online","34":"product_tag-compre-erva-on-line-online-no-uk","35":"product_tag-compre-erva-on-line-em-malta","36":"product_tag-comprar-erva-daninha-online-na-austrlia","37":"product_tag-comprar-erva-daninha-online-na-china","38":"product_tag-comprar-erva-daninha-online-na-crocia","39":"product_tag-buy-weed-online-na-dinamarca","40":"product_tag-comprar-erva-daninha-online-na-esccia","41":"product_tag-comprar-erva-daninha-online-na-espanha","42":"product_tag-buy-weed-online-in-england","43":"product_tag-buy-weed-online-in-ireland","44":"product_tag-comprar-erva-daninha-online-na-itlia","45":"product_tag-comprar-maconha-online-na-sua","46":"product_tag-comprar-erva-daninha-online-na-turquia","47":"product_tag-comprar-erva-daninha-online-no-japo","48":"product_tag-buy-grapefruit-weed-strain-online","49":"product_tag-buy-grapefruit-strain-on-line-no-canad","50":"product_tag-comprar-toranja-cepa-on-line-em-pillipines","51":"product_tag-comprar-toranja-estirpe-online-na-bulgria","52":"product_tag-comprar-toranja-estirpe-online-na-hungria","53":"product_tag-buy-grapefruit-strain-online-in-mexico","54":"product_tag-buy-grapefruit-strain-online-online-in-uk","55":"product_tag-comprar-toranja-estirpe-online-na-alemanha","56":"product_tag-buy-grapefruit-strain-online-in-austria","57":"product_tag-comprar-toranja-estirpe-online-na-bielorrssia","58":"product_tag-buy-grapefruit-strain-online-in-finland","59":"product_tag-buy-grapefruit-strain-online-in-france","60":"product_tag-buy-grapefruit-strain-online-in-new-zealand","61":"product_tag-comprar-toranja-cepa-online-na-rssia","62":"product_tag-buy-grapefruit-strain-online-nos-eua","63":"product_tag-grapefruit-weed-for-sale-online","65":"first","66":"instock","67":"shipping-taxable","68":"purchasable","69":"product-type-variable","70":"has-default-attributes"},"yoast_head":"<!-- This site is optimized with the Yoast SEO plugin v27.3 - https:\/\/yoast.com\/product\/yoast-seo-wordpress\/ -->\n<title>Compre Grapefruit Weed Strain - Best Best Global Meds<\/title>\n<meta name=\"description\" content=\"Compre Grapefruit Weed Strain \u00e9 uma potente variedade de maconha sativa feita atrav\u00e9s de um cruzamento de Cinderella 99. Compre Grapefruit Marijuana Strain online\" \/>\n<meta name=\"robots\" content=\"index, follow, max-snippet:-1, max-image-preview:large, max-video-preview:-1\" \/>\n<link rel=\"canonical\" href=\"https:\/\/medicinasinc.com\/pt\/product\/toranja-erva-estirpe\/\" \/>\n<meta property=\"og:locale\" content=\"pt_PT\" \/>\n<meta property=\"og:type\" content=\"article\" \/>\n<meta property=\"og:title\" content=\"Compre Grapefruit Weed Strain - Best Best Global Meds\" \/>\n<meta property=\"og:description\" content=\"Compre Grapefruit Weed Strain \u00e9 uma potente variedade de maconha sativa feita atrav\u00e9s de um cruzamento de Cinderella 99. Compre Grapefruit Marijuana Strain online\" \/>\n<meta property=\"og:url\" content=\"https:\/\/medicinasinc.com\/pt\/product\/toranja-erva-estirpe\/\" \/>\n<meta property=\"og:site_name\" content=\"Medicinas Inc\" \/>\n<meta property=\"article:modified_time\" content=\"2022-07-05T23:26:24+00:00\" \/>\n<meta property=\"og:image\" content=\"https:\/\/medicinasinc.com\/pt\/wp-content\/uploads\/sites\/20\/2022\/02\/Buy-Grapefruit-Weed-Strain.jpg\" \/>\n\t<meta property=\"og:image:width\" content=\"600\" \/>\n\t<meta property=\"og:image:height\" content=\"600\" \/>\n\t<meta property=\"og:image:type\" content=\"image\/jpeg\" \/>\n<meta name=\"twitter:card\" content=\"summary_large_image\" \/>\n<meta name=\"twitter:label1\" content=\"Tempo estimado de leitura\" \/>\n\t<meta name=\"twitter:data1\" content=\"1 minuto\" \/>\n<script type=\"application\/ld+json\" class=\"yoast-schema-graph\">{\"@context\":\"https:\\\/\\\/schema.org\",\"@graph\":[{\"@type\":\"WebPage\",\"@id\":\"https:\\\/\\\/medicinasinc.com\\\/pt\\\/product\\\/toranja-erva-estirpe\\\/\",\"url\":\"https:\\\/\\\/medicinasinc.com\\\/pt\\\/product\\\/toranja-erva-estirpe\\\/\",\"name\":\"Compre Grapefruit Weed Strain - Best Best Global Meds\",\"isPartOf\":{\"@id\":\"https:\\\/\\\/medicinasinc.com\\\/pt\\\/#website\"},\"primaryImageOfPage\":{\"@id\":\"https:\\\/\\\/medicinasinc.com\\\/pt\\\/product\\\/toranja-erva-estirpe\\\/#primaryimage\"},\"image\":{\"@id\":\"https:\\\/\\\/medicinasinc.com\\\/pt\\\/product\\\/toranja-erva-estirpe\\\/#primaryimage\"},\"thumbnailUrl\":\"https:\\\/\\\/medicinasinc.com\\\/pt\\\/wp-content\\\/uploads\\\/sites\\\/20\\\/2022\\\/02\\\/Buy-Grapefruit-Weed-Strain.jpg\",\"datePublished\":\"2022-02-20T20:15:06+00:00\",\"dateModified\":\"2022-07-05T23:26:24+00:00\",\"description\":\"Compre Grapefruit Weed Strain \u00e9 uma potente variedade de maconha sativa feita atrav\u00e9s de um cruzamento de Cinderella 99. Compre Grapefruit Marijuana Strain online\",\"breadcrumb\":{\"@id\":\"https:\\\/\\\/medicinasinc.com\\\/pt\\\/product\\\/toranja-erva-estirpe\\\/#breadcrumb\"},\"inLanguage\":\"pt-PT\",\"potentialAction\":[{\"@type\":\"ReadAction\",\"target\":[\"https:\\\/\\\/medicinasinc.com\\\/pt\\\/product\\\/toranja-erva-estirpe\\\/\"]}]},{\"@type\":\"ImageObject\",\"inLanguage\":\"pt-PT\",\"@id\":\"https:\\\/\\\/medicinasinc.com\\\/pt\\\/product\\\/toranja-erva-estirpe\\\/#primaryimage\",\"url\":\"https:\\\/\\\/medicinasinc.com\\\/pt\\\/wp-content\\\/uploads\\\/sites\\\/20\\\/2022\\\/02\\\/Buy-Grapefruit-Weed-Strain.jpg\",\"contentUrl\":\"https:\\\/\\\/medicinasinc.com\\\/pt\\\/wp-content\\\/uploads\\\/sites\\\/20\\\/2022\\\/02\\\/Buy-Grapefruit-Weed-Strain.jpg\",\"width\":600,\"height\":600},{\"@type\":\"BreadcrumbList\",\"@id\":\"https:\\\/\\\/medicinasinc.com\\\/pt\\\/product\\\/toranja-erva-estirpe\\\/#breadcrumb\",\"itemListElement\":[{\"@type\":\"ListItem\",\"position\":1,\"name\":\"Comprar\",\"item\":\"https:\\\/\\\/medicinasinc.com\\\/pt\\\/comprar\\\/\"},{\"@type\":\"ListItem\",\"position\":2,\"name\":\"Linhagem de Erva da Grapefruit\"}]},{\"@type\":\"WebSite\",\"@id\":\"https:\\\/\\\/medicinasinc.com\\\/pt\\\/#website\",\"url\":\"https:\\\/\\\/medicinasinc.com\\\/pt\\\/\",\"name\":\"Medicinas Inc\",\"description\":\"Health Medical Clinic\",\"potentialAction\":[{\"@type\":\"SearchAction\",\"target\":{\"@type\":\"EntryPoint\",\"urlTemplate\":\"https:\\\/\\\/medicinasinc.com\\\/pt\\\/?s={search_term_string}\"},\"query-input\":{\"@type\":\"PropertyValueSpecification\",\"valueRequired\":true,\"valueName\":\"search_term_string\"}}],\"inLanguage\":\"pt-PT\"}]}<\/script>\n<!-- \/ Yoast SEO plugin. -->","yoast_head_json":{"title":"Compre Grapefruit Weed Strain - Best Best Global Meds","description":"Compre Grapefruit Weed Strain \u00e9 uma potente variedade de maconha sativa feita atrav\u00e9s de um cruzamento de Cinderella 99. Compre Grapefruit Marijuana Strain online","robots":{"index":"index","follow":"follow","max-snippet":"max-snippet:-1","max-image-preview":"max-image-preview:large","max-video-preview":"max-video-preview:-1"},"canonical":"https:\/\/medicinasinc.com\/pt\/product\/toranja-erva-estirpe\/","og_locale":"pt_PT","og_type":"article","og_title":"Compre Grapefruit Weed Strain - Best Best Global Meds","og_description":"Compre Grapefruit Weed Strain \u00e9 uma potente variedade de maconha sativa feita atrav\u00e9s de um cruzamento de Cinderella 99. Compre Grapefruit Marijuana Strain online","og_url":"https:\/\/medicinasinc.com\/pt\/product\/toranja-erva-estirpe\/","og_site_name":"Medicinas Inc","article_modified_time":"2022-07-05T23:26:24+00:00","og_image":[{"width":600,"height":600,"url":"https:\/\/medicinasinc.com\/pt\/wp-content\/uploads\/sites\/20\/2022\/02\/Buy-Grapefruit-Weed-Strain.jpg","type":"image\/jpeg"}],"twitter_card":"summary_large_image","twitter_misc":{"Tempo estimado de leitura":"1 minuto"},"schema":{"@context":"https:\/\/schema.org","@graph":[{"@type":"WebPage","@id":"https:\/\/medicinasinc.com\/pt\/product\/toranja-erva-estirpe\/","url":"https:\/\/medicinasinc.com\/pt\/product\/toranja-erva-estirpe\/","name":"Compre Grapefruit Weed Strain - Best Best Global Meds","isPartOf":{"@id":"https:\/\/medicinasinc.com\/pt\/#website"},"primaryImageOfPage":{"@id":"https:\/\/medicinasinc.com\/pt\/product\/toranja-erva-estirpe\/#primaryimage"},"image":{"@id":"https:\/\/medicinasinc.com\/pt\/product\/toranja-erva-estirpe\/#primaryimage"},"thumbnailUrl":"https:\/\/medicinasinc.com\/pt\/wp-content\/uploads\/sites\/20\/2022\/02\/Buy-Grapefruit-Weed-Strain.jpg","datePublished":"2022-02-20T20:15:06+00:00","dateModified":"2022-07-05T23:26:24+00:00","description":"Compre Grapefruit Weed Strain \u00e9 uma potente variedade de maconha sativa feita atrav\u00e9s de um cruzamento de Cinderella 99. Compre Grapefruit Marijuana Strain online","breadcrumb":{"@id":"https:\/\/medicinasinc.com\/pt\/product\/toranja-erva-estirpe\/#breadcrumb"},"inLanguage":"pt-PT","potentialAction":[{"@type":"ReadAction","target":["https:\/\/medicinasinc.com\/pt\/product\/toranja-erva-estirpe\/"]}]},{"@type":"ImageObject","inLanguage":"pt-PT","@id":"https:\/\/medicinasinc.com\/pt\/product\/toranja-erva-estirpe\/#primaryimage","url":"https:\/\/medicinasinc.com\/pt\/wp-content\/uploads\/sites\/20\/2022\/02\/Buy-Grapefruit-Weed-Strain.jpg","contentUrl":"https:\/\/medicinasinc.com\/pt\/wp-content\/uploads\/sites\/20\/2022\/02\/Buy-Grapefruit-Weed-Strain.jpg","width":600,"height":600},{"@type":"BreadcrumbList","@id":"https:\/\/medicinasinc.com\/pt\/product\/toranja-erva-estirpe\/#breadcrumb","itemListElement":[{"@type":"ListItem","position":1,"name":"Comprar","item":"https:\/\/medicinasinc.com\/pt\/comprar\/"},{"@type":"ListItem","position":2,"name":"Linhagem de Erva da Grapefruit"}]},{"@type":"WebSite","@id":"https:\/\/medicinasinc.com\/pt\/#website","url":"https:\/\/medicinasinc.com\/pt\/","name":"Medicinas Inc","description":"Health Medical Clinic","potentialAction":[{"@type":"SearchAction","target":{"@type":"EntryPoint","urlTemplate":"https:\/\/medicinasinc.com\/pt\/?s={search_term_string}"},"query-input":{"@type":"PropertyValueSpecification","valueRequired":true,"valueName":"search_term_string"}}],"inLanguage":"pt-PT"}]}},"_links":{"self":[{"href":"https:\/\/medicinasinc.com\/pt\/wp-json\/wp\/v2\/product\/5096","targetHints":{"allow":["GET"]}}],"collection":[{"href":"https:\/\/medicinasinc.com\/pt\/wp-json\/wp\/v2\/product"}],"about":[{"href":"https:\/\/medicinasinc.com\/pt\/wp-json\/wp\/v2\/types\/product"}],"replies":[{"embeddable":true,"href":"https:\/\/medicinasinc.com\/pt\/wp-json\/wp\/v2\/comments?post=5096"}],"wp:featuredmedia":[{"embeddable":true,"href":"https:\/\/medicinasinc.com\/pt\/wp-json\/wp\/v2\/media\/5115"}],"wp:attachment":[{"href":"https:\/\/medicinasinc.com\/pt\/wp-json\/wp\/v2\/media?parent=5096"}],"wp:term":[{"taxonomy":"product_brand","embeddable":true,"href":"https:\/\/medicinasinc.com\/pt\/wp-json\/wp\/v2\/product_brand?post=5096"},{"taxonomy":"product_cat","embeddable":true,"href":"https:\/\/medicinasinc.com\/pt\/wp-json\/wp\/v2\/product_cat?post=5096"},{"taxonomy":"product_tag","embeddable":true,"href":"https:\/\/medicinasinc.com\/pt\/wp-json\/wp\/v2\/product_tag?post=5096"}],"curies":[{"name":"wp","href":"https:\/\/api.w.org\/{rel}","templated":true}]}}