{"id":5095,"date":"2022-02-20T20:14:14","date_gmt":"2022-02-20T20:14:14","guid":{"rendered":"https:\/\/medicinasinc.com\/pt\/?post_type=product&#038;p=5095"},"modified":"2022-07-05T23:26:37","modified_gmt":"2022-07-05T23:26:37","slug":"atum-quem","status":"publish","type":"product","link":"https:\/\/medicinasinc.com\/pt\/product\/atum-quem\/","title":{"rendered":"Tuna Kush"},"content":{"rendered":"<p><strong>Tamanho do broto: M\u00e9dio<\/strong><br \/> <strong>Textura: Ligeiramente pegajosa \/ Ligeiramente pegajosa<br \/> Sabores: Terroso \/ Amadeirado \/ Pungente<\/strong><\/p>\n<div class=\"product-next-previous\">\n<div class=\"product-prev\">Tuna Kush \u00e9 um fen\u00f4meno da Col\u00fambia Brit\u00e2nica que est\u00e1 voltando aos mercados norte-americanos de cannabis medicinal. Esta ra\u00e7a foi apelidada de uma das mais potentes do mercado, gerando pepitas compactas e grossas que s\u00e3o densamente revestidas de resina. Embora o Tuna Kush n\u00e3o seja conhecido por ter altos rendimentos, o que emerge desses talos mais finos ser\u00e1 potente e saboroso. Dito isto, se esta variedade chegar ao seu cultivo, voc\u00ea pode querer melhorar seus filtros de carbono, pois esse bot\u00e3o cheira mal! Espere uma combina\u00e7\u00e3o de gamb\u00e1 pungente, combust\u00edvel e uma do\u00e7ura delicada.<\/div><\/div>\n","protected":false},"excerpt":{"rendered":"<p>Compre Tuna Kush \u00e9 uma das variedades de cannabis indica mais potentes dispon\u00edveis para venda. Um toke induzir\u00e1 uma profunda sensa\u00e7\u00e3o de alegria e relaxamento.<\/p>\n<p>Bluefin Tuna Kush \u00e9 uma variedade h\u00edbrida dominante Indica que combina o melhor de Blueberry e BC famoso Tuna Kush.<\/p>\n","protected":false},"featured_media":5113,"comment_status":"open","ping_status":"closed","template":"","meta":[],"product_brand":[],"product_cat":[778],"product_tag":[],"class_list":{"0":"post-5095","1":"product","2":"type-product","3":"status-publish","4":"has-post-thumbnail","6":"product_cat-erva-a-venda","8":"first","9":"instock","10":"shipping-taxable","11":"purchasable","12":"product-type-variable","13":"has-default-attributes"},"yoast_head":"<!-- This site is optimized with the Yoast SEO plugin v27.3 - https:\/\/yoast.com\/product\/yoast-seo-wordpress\/ -->\n<title>Compre Tuna Kush - Tuna Kush - Melhores Medicamentos Globais<\/title>\n<meta name=\"description\" content=\"A erva Tuna Kush \u00e0 venda \u00e9 uma das variedades de cannabis indica mais potentes dispon\u00edveis. Uma tragada o colocar\u00e1 em um profundo estado de euforia e relaxamento.\" \/>\n<meta name=\"robots\" content=\"index, follow, max-snippet:-1, max-image-preview:large, max-video-preview:-1\" \/>\n<link rel=\"canonical\" href=\"https:\/\/medicinasinc.com\/pt\/product\/atum-quem\/\" \/>\n<meta property=\"og:locale\" content=\"pt_PT\" \/>\n<meta property=\"og:type\" content=\"article\" \/>\n<meta property=\"og:title\" content=\"Compre Tuna Kush - Tuna Kush - Melhores Medicamentos Globais\" \/>\n<meta property=\"og:description\" content=\"A erva Tuna Kush \u00e0 venda \u00e9 uma das variedades de cannabis indica mais potentes dispon\u00edveis. Uma tragada o colocar\u00e1 em um profundo estado de euforia e relaxamento.\" \/>\n<meta property=\"og:url\" content=\"https:\/\/medicinasinc.com\/pt\/product\/atum-quem\/\" \/>\n<meta property=\"og:site_name\" content=\"Medicinas Inc\" \/>\n<meta property=\"article:modified_time\" content=\"2022-07-05T23:26:37+00:00\" \/>\n<meta property=\"og:image\" content=\"https:\/\/medicinasinc.com\/pt\/wp-content\/uploads\/sites\/20\/2022\/02\/Buy-Tuna-Kush.jpg\" \/>\n\t<meta property=\"og:image:width\" content=\"1024\" \/>\n\t<meta property=\"og:image:height\" content=\"768\" \/>\n\t<meta property=\"og:image:type\" content=\"image\/jpeg\" \/>\n<meta name=\"twitter:card\" content=\"summary_large_image\" \/>\n<meta name=\"twitter:label1\" content=\"Tempo estimado de leitura\" \/>\n\t<meta name=\"twitter:data1\" content=\"1 minuto\" \/>\n<script type=\"application\/ld+json\" class=\"yoast-schema-graph\">{\"@context\":\"https:\\\/\\\/schema.org\",\"@graph\":[{\"@type\":\"WebPage\",\"@id\":\"https:\\\/\\\/medicinasinc.com\\\/pt\\\/product\\\/atum-quem\\\/\",\"url\":\"https:\\\/\\\/medicinasinc.com\\\/pt\\\/product\\\/atum-quem\\\/\",\"name\":\"Compre Tuna Kush - Tuna Kush - Melhores Medicamentos Globais\",\"isPartOf\":{\"@id\":\"https:\\\/\\\/medicinasinc.com\\\/pt\\\/#website\"},\"primaryImageOfPage\":{\"@id\":\"https:\\\/\\\/medicinasinc.com\\\/pt\\\/product\\\/atum-quem\\\/#primaryimage\"},\"image\":{\"@id\":\"https:\\\/\\\/medicinasinc.com\\\/pt\\\/product\\\/atum-quem\\\/#primaryimage\"},\"thumbnailUrl\":\"https:\\\/\\\/medicinasinc.com\\\/pt\\\/wp-content\\\/uploads\\\/sites\\\/20\\\/2022\\\/02\\\/Buy-Tuna-Kush.jpg\",\"datePublished\":\"2022-02-20T20:14:14+00:00\",\"dateModified\":\"2022-07-05T23:26:37+00:00\",\"description\":\"A erva Tuna Kush \u00e0 venda \u00e9 uma das variedades de cannabis indica mais potentes dispon\u00edveis. Uma tragada o colocar\u00e1 em um profundo estado de euforia e relaxamento.\",\"breadcrumb\":{\"@id\":\"https:\\\/\\\/medicinasinc.com\\\/pt\\\/product\\\/atum-quem\\\/#breadcrumb\"},\"inLanguage\":\"pt-PT\",\"potentialAction\":[{\"@type\":\"ReadAction\",\"target\":[\"https:\\\/\\\/medicinasinc.com\\\/pt\\\/product\\\/atum-quem\\\/\"]}]},{\"@type\":\"ImageObject\",\"inLanguage\":\"pt-PT\",\"@id\":\"https:\\\/\\\/medicinasinc.com\\\/pt\\\/product\\\/atum-quem\\\/#primaryimage\",\"url\":\"https:\\\/\\\/medicinasinc.com\\\/pt\\\/wp-content\\\/uploads\\\/sites\\\/20\\\/2022\\\/02\\\/Buy-Tuna-Kush.jpg\",\"contentUrl\":\"https:\\\/\\\/medicinasinc.com\\\/pt\\\/wp-content\\\/uploads\\\/sites\\\/20\\\/2022\\\/02\\\/Buy-Tuna-Kush.jpg\",\"width\":1024,\"height\":768},{\"@type\":\"BreadcrumbList\",\"@id\":\"https:\\\/\\\/medicinasinc.com\\\/pt\\\/product\\\/atum-quem\\\/#breadcrumb\",\"itemListElement\":[{\"@type\":\"ListItem\",\"position\":1,\"name\":\"Comprar\",\"item\":\"https:\\\/\\\/medicinasinc.com\\\/pt\\\/comprar\\\/\"},{\"@type\":\"ListItem\",\"position\":2,\"name\":\"Tuna Kush\"}]},{\"@type\":\"WebSite\",\"@id\":\"https:\\\/\\\/medicinasinc.com\\\/pt\\\/#website\",\"url\":\"https:\\\/\\\/medicinasinc.com\\\/pt\\\/\",\"name\":\"Medicinas Inc\",\"description\":\"Health Medical Clinic\",\"potentialAction\":[{\"@type\":\"SearchAction\",\"target\":{\"@type\":\"EntryPoint\",\"urlTemplate\":\"https:\\\/\\\/medicinasinc.com\\\/pt\\\/?s={search_term_string}\"},\"query-input\":{\"@type\":\"PropertyValueSpecification\",\"valueRequired\":true,\"valueName\":\"search_term_string\"}}],\"inLanguage\":\"pt-PT\"}]}<\/script>\n<!-- \/ Yoast SEO plugin. -->","yoast_head_json":{"title":"Compre Tuna Kush - Tuna Kush - Melhores Medicamentos Globais","description":"A erva Tuna Kush \u00e0 venda \u00e9 uma das variedades de cannabis indica mais potentes dispon\u00edveis. Uma tragada o colocar\u00e1 em um profundo estado de euforia e relaxamento.","robots":{"index":"index","follow":"follow","max-snippet":"max-snippet:-1","max-image-preview":"max-image-preview:large","max-video-preview":"max-video-preview:-1"},"canonical":"https:\/\/medicinasinc.com\/pt\/product\/atum-quem\/","og_locale":"pt_PT","og_type":"article","og_title":"Compre Tuna Kush - Tuna Kush - Melhores Medicamentos Globais","og_description":"A erva Tuna Kush \u00e0 venda \u00e9 uma das variedades de cannabis indica mais potentes dispon\u00edveis. Uma tragada o colocar\u00e1 em um profundo estado de euforia e relaxamento.","og_url":"https:\/\/medicinasinc.com\/pt\/product\/atum-quem\/","og_site_name":"Medicinas Inc","article_modified_time":"2022-07-05T23:26:37+00:00","og_image":[{"width":1024,"height":768,"url":"https:\/\/medicinasinc.com\/pt\/wp-content\/uploads\/sites\/20\/2022\/02\/Buy-Tuna-Kush.jpg","type":"image\/jpeg"}],"twitter_card":"summary_large_image","twitter_misc":{"Tempo estimado de leitura":"1 minuto"},"schema":{"@context":"https:\/\/schema.org","@graph":[{"@type":"WebPage","@id":"https:\/\/medicinasinc.com\/pt\/product\/atum-quem\/","url":"https:\/\/medicinasinc.com\/pt\/product\/atum-quem\/","name":"Compre Tuna Kush - Tuna Kush - Melhores Medicamentos Globais","isPartOf":{"@id":"https:\/\/medicinasinc.com\/pt\/#website"},"primaryImageOfPage":{"@id":"https:\/\/medicinasinc.com\/pt\/product\/atum-quem\/#primaryimage"},"image":{"@id":"https:\/\/medicinasinc.com\/pt\/product\/atum-quem\/#primaryimage"},"thumbnailUrl":"https:\/\/medicinasinc.com\/pt\/wp-content\/uploads\/sites\/20\/2022\/02\/Buy-Tuna-Kush.jpg","datePublished":"2022-02-20T20:14:14+00:00","dateModified":"2022-07-05T23:26:37+00:00","description":"A erva Tuna Kush \u00e0 venda \u00e9 uma das variedades de cannabis indica mais potentes dispon\u00edveis. Uma tragada o colocar\u00e1 em um profundo estado de euforia e relaxamento.","breadcrumb":{"@id":"https:\/\/medicinasinc.com\/pt\/product\/atum-quem\/#breadcrumb"},"inLanguage":"pt-PT","potentialAction":[{"@type":"ReadAction","target":["https:\/\/medicinasinc.com\/pt\/product\/atum-quem\/"]}]},{"@type":"ImageObject","inLanguage":"pt-PT","@id":"https:\/\/medicinasinc.com\/pt\/product\/atum-quem\/#primaryimage","url":"https:\/\/medicinasinc.com\/pt\/wp-content\/uploads\/sites\/20\/2022\/02\/Buy-Tuna-Kush.jpg","contentUrl":"https:\/\/medicinasinc.com\/pt\/wp-content\/uploads\/sites\/20\/2022\/02\/Buy-Tuna-Kush.jpg","width":1024,"height":768},{"@type":"BreadcrumbList","@id":"https:\/\/medicinasinc.com\/pt\/product\/atum-quem\/#breadcrumb","itemListElement":[{"@type":"ListItem","position":1,"name":"Comprar","item":"https:\/\/medicinasinc.com\/pt\/comprar\/"},{"@type":"ListItem","position":2,"name":"Tuna Kush"}]},{"@type":"WebSite","@id":"https:\/\/medicinasinc.com\/pt\/#website","url":"https:\/\/medicinasinc.com\/pt\/","name":"Medicinas Inc","description":"Health Medical Clinic","potentialAction":[{"@type":"SearchAction","target":{"@type":"EntryPoint","urlTemplate":"https:\/\/medicinasinc.com\/pt\/?s={search_term_string}"},"query-input":{"@type":"PropertyValueSpecification","valueRequired":true,"valueName":"search_term_string"}}],"inLanguage":"pt-PT"}]}},"_links":{"self":[{"href":"https:\/\/medicinasinc.com\/pt\/wp-json\/wp\/v2\/product\/5095","targetHints":{"allow":["GET"]}}],"collection":[{"href":"https:\/\/medicinasinc.com\/pt\/wp-json\/wp\/v2\/product"}],"about":[{"href":"https:\/\/medicinasinc.com\/pt\/wp-json\/wp\/v2\/types\/product"}],"replies":[{"embeddable":true,"href":"https:\/\/medicinasinc.com\/pt\/wp-json\/wp\/v2\/comments?post=5095"}],"wp:featuredmedia":[{"embeddable":true,"href":"https:\/\/medicinasinc.com\/pt\/wp-json\/wp\/v2\/media\/5113"}],"wp:attachment":[{"href":"https:\/\/medicinasinc.com\/pt\/wp-json\/wp\/v2\/media?parent=5095"}],"wp:term":[{"taxonomy":"product_brand","embeddable":true,"href":"https:\/\/medicinasinc.com\/pt\/wp-json\/wp\/v2\/product_brand?post=5095"},{"taxonomy":"product_cat","embeddable":true,"href":"https:\/\/medicinasinc.com\/pt\/wp-json\/wp\/v2\/product_cat?post=5095"},{"taxonomy":"product_tag","embeddable":true,"href":"https:\/\/medicinasinc.com\/pt\/wp-json\/wp\/v2\/product_tag?post=5095"}],"curies":[{"name":"wp","href":"https:\/\/api.w.org\/{rel}","templated":true}]}}