{"id":5094,"date":"2022-02-20T20:12:57","date_gmt":"2022-02-20T20:12:57","guid":{"rendered":"https:\/\/medicinasinc.com\/pt\/?post_type=product&#038;p=5094"},"modified":"2022-07-05T23:26:54","modified_gmt":"2022-07-05T23:26:54","slug":"compre-pink-kush","status":"publish","type":"product","link":"https:\/\/medicinasinc.com\/pt\/product\/compre-pink-kush\/","title":{"rendered":"Compre Pink Kush"},"content":{"rendered":"<p><strong>Compra online de Pink Kush<\/strong><\/p>\n<p>Pink Kush, como seu irm\u00e3o OG Kush, \u00e9 um h\u00edbrido indica-dominante altamente procurado com potentes efeitos focados no corpo. P\u00ealos rosados \u200b\u200bemergem de bot\u00f5es verdes brilhantes que s\u00e3o pouco vis\u00edveis sob uma camada de tricomas semelhantes a a\u00e7\u00facar, conferindo uma doce fragr\u00e2ncia de baunilha e doce. Acredita-se que a efic\u00e1cia dessa cepa seja esmagadora, e mesmo pequenas doses foram encontradas para aliviar a dor, a ins\u00f4nia e a perda de apetite. A flora\u00e7\u00e3o do Pink Kush leva de 10 a 11 semanas, mas os enormes rendimentos dos bot\u00f5es de primeira linha fazem a espera valer a pena.<\/p>\n<div class=\"product-next-previous\">\n<div class=\"product-prev\"><\/div><\/div>\n","protected":false},"excerpt":{"rendered":"<p>Compre a cannabis Pink Kush e outras variedades de ervas daninhas AAA+ no dispens\u00e1rio online favorito da Europa. Fa\u00e7a seu pedido hoje e aproveite a entrega gratuita em todos os pedidos acima de US$ 150!<\/p>\n<p>Pink Kush, como seu irm\u00e3o OG Kush, \u00e9 um h\u00edbrido de dominante indica altamente procurado com efeitos potentes focados no corpo.<\/p>\n<div>\n<p class=\"percentage\"><span class=\"heading\">THC:\u00a0<\/span>25%<\/p>\n<\/p><\/div>\n<div class=\"panel-heading\">Pode aliviar <i class=\"fa fa-info-circle\" title=\"Isen\u00e7\u00e3o de responsabilidade: Todas as informa\u00e7\u00f5es de cepas de cannabis exibidas neste site s\u00e3o baseadas em avalia\u00e7\u00f5es de usu\u00e1rios. Os dados de cepas exibidos devem ser tratados como uma ferramenta informativa e n\u00e3o como recomenda\u00e7\u00e3o m\u00e9dica. Consulte seu m\u00e9dico antes de usar cannabis para fins m\u00e9dicos.\" data-toggle=\"tooltip\" data-placement=\"right\"><\/i><\/div>\n<div class=\"panel-body well tags-list\">Perda de apetite,\u00a0dor cr\u00f4nica,\u00a0depress\u00e3o,\u00a0ins\u00f4nia,\u00a0n\u00e1usea<\/div>\n<ul>\n<li>AAAAA representa o melhor dos melhores!<\/li>\n<li>Entre em contato conosco para pedidos no atacado<\/li>\n<li>Envio para todo o mundo.<\/li>\n<\/ul>\n","protected":false},"featured_media":5111,"comment_status":"open","ping_status":"closed","template":"","meta":[],"product_brand":[],"product_cat":[778],"product_tag":[1049,1050,1051,1052,1053,634,1057,1058,1059,1056,1054,1055],"class_list":{"0":"post-5094","1":"product","2":"type-product","3":"status-publish","4":"has-post-thumbnail","6":"product_cat-erva-a-venda","7":"product_tag-buy-cannabis-online-uk","8":"product_tag-buy-medical-marijuana-online-uk","9":"product_tag-buy-nembutal","10":"product_tag-cepas-de-ervas-daninhas-hbridas","11":"product_tag-variedades-de-maconha-online","12":"product_tag-comprar-marijuana-online-uk","13":"product_tag-comprimidos-de-dor-para-venda","14":"product_tag-recreativo-maconha-dispensrio","15":"product_tag-erva-daninha-para-venda-na-italia","16":"product_tag-oxycontin-80-mg","17":"product_tag-vendas-online-de-maconha","18":"product_tag-on-line-medical-marijuana-vendas","20":"first","21":"instock","22":"shipping-taxable","23":"purchasable","24":"product-type-variable","25":"has-default-attributes"},"yoast_head":"<!-- This site is optimized with the Yoast SEO plugin v27.3 - https:\/\/yoast.com\/product\/yoast-seo-wordpress\/ -->\n<title>Compre Pink Kush Online - Melhores Melhores Medicamentos Globais<\/title>\n<meta name=\"description\" content=\"Compre a variedade de ervas daninhas Pink Kush e mais ervas daninhas AAA + do dispens\u00e1rio on-line favorito da Europa. Encomende hoje e aproveite o frete gr\u00e1tis em todos os pedidos acima de $ 150!\" \/>\n<meta name=\"robots\" content=\"index, follow, max-snippet:-1, max-image-preview:large, max-video-preview:-1\" \/>\n<link rel=\"canonical\" href=\"https:\/\/medicinasinc.com\/pt\/product\/compre-pink-kush\/\" \/>\n<meta property=\"og:locale\" content=\"pt_PT\" \/>\n<meta property=\"og:type\" content=\"article\" \/>\n<meta property=\"og:title\" content=\"Compre Pink Kush Online - Melhores Melhores Medicamentos Globais\" \/>\n<meta property=\"og:description\" content=\"Compre a variedade de ervas daninhas Pink Kush e mais ervas daninhas AAA + do dispens\u00e1rio on-line favorito da Europa. Encomende hoje e aproveite o frete gr\u00e1tis em todos os pedidos acima de $ 150!\" \/>\n<meta property=\"og:url\" content=\"https:\/\/medicinasinc.com\/pt\/product\/compre-pink-kush\/\" \/>\n<meta property=\"og:site_name\" content=\"Medicinas Inc\" \/>\n<meta property=\"article:modified_time\" content=\"2022-07-05T23:26:54+00:00\" \/>\n<meta property=\"og:image\" content=\"https:\/\/medicinasinc.com\/pt\/wp-content\/uploads\/sites\/20\/2022\/02\/Buy-Pink-Kush.jpg\" \/>\n\t<meta property=\"og:image:width\" content=\"450\" \/>\n\t<meta property=\"og:image:height\" content=\"450\" \/>\n\t<meta property=\"og:image:type\" content=\"image\/jpeg\" \/>\n<meta name=\"twitter:card\" content=\"summary_large_image\" \/>\n<meta name=\"twitter:label1\" content=\"Tempo estimado de leitura\" \/>\n\t<meta name=\"twitter:data1\" content=\"1 minuto\" \/>\n<script type=\"application\/ld+json\" class=\"yoast-schema-graph\">{\"@context\":\"https:\\\/\\\/schema.org\",\"@graph\":[{\"@type\":\"WebPage\",\"@id\":\"https:\\\/\\\/medicinasinc.com\\\/pt\\\/product\\\/compre-pink-kush\\\/\",\"url\":\"https:\\\/\\\/medicinasinc.com\\\/pt\\\/product\\\/compre-pink-kush\\\/\",\"name\":\"Compre Pink Kush Online - Melhores Melhores Medicamentos Globais\",\"isPartOf\":{\"@id\":\"https:\\\/\\\/medicinasinc.com\\\/pt\\\/#website\"},\"primaryImageOfPage\":{\"@id\":\"https:\\\/\\\/medicinasinc.com\\\/pt\\\/product\\\/compre-pink-kush\\\/#primaryimage\"},\"image\":{\"@id\":\"https:\\\/\\\/medicinasinc.com\\\/pt\\\/product\\\/compre-pink-kush\\\/#primaryimage\"},\"thumbnailUrl\":\"https:\\\/\\\/medicinasinc.com\\\/pt\\\/wp-content\\\/uploads\\\/sites\\\/20\\\/2022\\\/02\\\/Buy-Pink-Kush.jpg\",\"datePublished\":\"2022-02-20T20:12:57+00:00\",\"dateModified\":\"2022-07-05T23:26:54+00:00\",\"description\":\"Compre a variedade de ervas daninhas Pink Kush e mais ervas daninhas AAA + do dispens\u00e1rio on-line favorito da Europa. Encomende hoje e aproveite o frete gr\u00e1tis em todos os pedidos acima de $ 150!\",\"breadcrumb\":{\"@id\":\"https:\\\/\\\/medicinasinc.com\\\/pt\\\/product\\\/compre-pink-kush\\\/#breadcrumb\"},\"inLanguage\":\"pt-PT\",\"potentialAction\":[{\"@type\":\"ReadAction\",\"target\":[\"https:\\\/\\\/medicinasinc.com\\\/pt\\\/product\\\/compre-pink-kush\\\/\"]}]},{\"@type\":\"ImageObject\",\"inLanguage\":\"pt-PT\",\"@id\":\"https:\\\/\\\/medicinasinc.com\\\/pt\\\/product\\\/compre-pink-kush\\\/#primaryimage\",\"url\":\"https:\\\/\\\/medicinasinc.com\\\/pt\\\/wp-content\\\/uploads\\\/sites\\\/20\\\/2022\\\/02\\\/Buy-Pink-Kush.jpg\",\"contentUrl\":\"https:\\\/\\\/medicinasinc.com\\\/pt\\\/wp-content\\\/uploads\\\/sites\\\/20\\\/2022\\\/02\\\/Buy-Pink-Kush.jpg\",\"width\":450,\"height\":450},{\"@type\":\"BreadcrumbList\",\"@id\":\"https:\\\/\\\/medicinasinc.com\\\/pt\\\/product\\\/compre-pink-kush\\\/#breadcrumb\",\"itemListElement\":[{\"@type\":\"ListItem\",\"position\":1,\"name\":\"Comprar\",\"item\":\"https:\\\/\\\/medicinasinc.com\\\/pt\\\/comprar\\\/\"},{\"@type\":\"ListItem\",\"position\":2,\"name\":\"Compre Pink Kush\"}]},{\"@type\":\"WebSite\",\"@id\":\"https:\\\/\\\/medicinasinc.com\\\/pt\\\/#website\",\"url\":\"https:\\\/\\\/medicinasinc.com\\\/pt\\\/\",\"name\":\"Medicinas Inc\",\"description\":\"Health Medical Clinic\",\"potentialAction\":[{\"@type\":\"SearchAction\",\"target\":{\"@type\":\"EntryPoint\",\"urlTemplate\":\"https:\\\/\\\/medicinasinc.com\\\/pt\\\/?s={search_term_string}\"},\"query-input\":{\"@type\":\"PropertyValueSpecification\",\"valueRequired\":true,\"valueName\":\"search_term_string\"}}],\"inLanguage\":\"pt-PT\"}]}<\/script>\n<!-- \/ Yoast SEO plugin. -->","yoast_head_json":{"title":"Compre Pink Kush Online - Melhores Melhores Medicamentos Globais","description":"Compre a variedade de ervas daninhas Pink Kush e mais ervas daninhas AAA + do dispens\u00e1rio on-line favorito da Europa. Encomende hoje e aproveite o frete gr\u00e1tis em todos os pedidos acima de $ 150!","robots":{"index":"index","follow":"follow","max-snippet":"max-snippet:-1","max-image-preview":"max-image-preview:large","max-video-preview":"max-video-preview:-1"},"canonical":"https:\/\/medicinasinc.com\/pt\/product\/compre-pink-kush\/","og_locale":"pt_PT","og_type":"article","og_title":"Compre Pink Kush Online - Melhores Melhores Medicamentos Globais","og_description":"Compre a variedade de ervas daninhas Pink Kush e mais ervas daninhas AAA + do dispens\u00e1rio on-line favorito da Europa. Encomende hoje e aproveite o frete gr\u00e1tis em todos os pedidos acima de $ 150!","og_url":"https:\/\/medicinasinc.com\/pt\/product\/compre-pink-kush\/","og_site_name":"Medicinas Inc","article_modified_time":"2022-07-05T23:26:54+00:00","og_image":[{"width":450,"height":450,"url":"https:\/\/medicinasinc.com\/pt\/wp-content\/uploads\/sites\/20\/2022\/02\/Buy-Pink-Kush.jpg","type":"image\/jpeg"}],"twitter_card":"summary_large_image","twitter_misc":{"Tempo estimado de leitura":"1 minuto"},"schema":{"@context":"https:\/\/schema.org","@graph":[{"@type":"WebPage","@id":"https:\/\/medicinasinc.com\/pt\/product\/compre-pink-kush\/","url":"https:\/\/medicinasinc.com\/pt\/product\/compre-pink-kush\/","name":"Compre Pink Kush Online - Melhores Melhores Medicamentos Globais","isPartOf":{"@id":"https:\/\/medicinasinc.com\/pt\/#website"},"primaryImageOfPage":{"@id":"https:\/\/medicinasinc.com\/pt\/product\/compre-pink-kush\/#primaryimage"},"image":{"@id":"https:\/\/medicinasinc.com\/pt\/product\/compre-pink-kush\/#primaryimage"},"thumbnailUrl":"https:\/\/medicinasinc.com\/pt\/wp-content\/uploads\/sites\/20\/2022\/02\/Buy-Pink-Kush.jpg","datePublished":"2022-02-20T20:12:57+00:00","dateModified":"2022-07-05T23:26:54+00:00","description":"Compre a variedade de ervas daninhas Pink Kush e mais ervas daninhas AAA + do dispens\u00e1rio on-line favorito da Europa. Encomende hoje e aproveite o frete gr\u00e1tis em todos os pedidos acima de $ 150!","breadcrumb":{"@id":"https:\/\/medicinasinc.com\/pt\/product\/compre-pink-kush\/#breadcrumb"},"inLanguage":"pt-PT","potentialAction":[{"@type":"ReadAction","target":["https:\/\/medicinasinc.com\/pt\/product\/compre-pink-kush\/"]}]},{"@type":"ImageObject","inLanguage":"pt-PT","@id":"https:\/\/medicinasinc.com\/pt\/product\/compre-pink-kush\/#primaryimage","url":"https:\/\/medicinasinc.com\/pt\/wp-content\/uploads\/sites\/20\/2022\/02\/Buy-Pink-Kush.jpg","contentUrl":"https:\/\/medicinasinc.com\/pt\/wp-content\/uploads\/sites\/20\/2022\/02\/Buy-Pink-Kush.jpg","width":450,"height":450},{"@type":"BreadcrumbList","@id":"https:\/\/medicinasinc.com\/pt\/product\/compre-pink-kush\/#breadcrumb","itemListElement":[{"@type":"ListItem","position":1,"name":"Comprar","item":"https:\/\/medicinasinc.com\/pt\/comprar\/"},{"@type":"ListItem","position":2,"name":"Compre Pink Kush"}]},{"@type":"WebSite","@id":"https:\/\/medicinasinc.com\/pt\/#website","url":"https:\/\/medicinasinc.com\/pt\/","name":"Medicinas Inc","description":"Health Medical Clinic","potentialAction":[{"@type":"SearchAction","target":{"@type":"EntryPoint","urlTemplate":"https:\/\/medicinasinc.com\/pt\/?s={search_term_string}"},"query-input":{"@type":"PropertyValueSpecification","valueRequired":true,"valueName":"search_term_string"}}],"inLanguage":"pt-PT"}]}},"_links":{"self":[{"href":"https:\/\/medicinasinc.com\/pt\/wp-json\/wp\/v2\/product\/5094","targetHints":{"allow":["GET"]}}],"collection":[{"href":"https:\/\/medicinasinc.com\/pt\/wp-json\/wp\/v2\/product"}],"about":[{"href":"https:\/\/medicinasinc.com\/pt\/wp-json\/wp\/v2\/types\/product"}],"replies":[{"embeddable":true,"href":"https:\/\/medicinasinc.com\/pt\/wp-json\/wp\/v2\/comments?post=5094"}],"wp:featuredmedia":[{"embeddable":true,"href":"https:\/\/medicinasinc.com\/pt\/wp-json\/wp\/v2\/media\/5111"}],"wp:attachment":[{"href":"https:\/\/medicinasinc.com\/pt\/wp-json\/wp\/v2\/media?parent=5094"}],"wp:term":[{"taxonomy":"product_brand","embeddable":true,"href":"https:\/\/medicinasinc.com\/pt\/wp-json\/wp\/v2\/product_brand?post=5094"},{"taxonomy":"product_cat","embeddable":true,"href":"https:\/\/medicinasinc.com\/pt\/wp-json\/wp\/v2\/product_cat?post=5094"},{"taxonomy":"product_tag","embeddable":true,"href":"https:\/\/medicinasinc.com\/pt\/wp-json\/wp\/v2\/product_tag?post=5094"}],"curies":[{"name":"wp","href":"https:\/\/api.w.org\/{rel}","templated":true}]}}