{"id":5093,"date":"2022-02-20T20:12:04","date_gmt":"2022-02-20T20:12:04","guid":{"rendered":"https:\/\/medicinasinc.com\/pt\/?post_type=product&#038;p=5093"},"modified":"2022-07-05T23:27:07","modified_gmt":"2022-07-05T23:27:07","slug":"comprar-cereja-gorila-cola","status":"publish","type":"product","link":"https:\/\/medicinasinc.com\/pt\/product\/comprar-cereja-gorila-cola\/","title":{"rendered":"Compre Cola Cherry Gorilla"},"content":{"rendered":"<p><strong>Compre maconha Cherry Gorilla online.<\/strong><\/p>\n<p>A maconha Cherry Gorilla pode ser comprada online. Compre a variedade de cannabis Cherry Gorilla. Um H\u00edbrido contendo 50% de Sativa e 50% de Indica THC: 17\u201318%<\/p>\n<p>Efeitos<br \/> Corpo Elevado, Cerebral, Feliz, Relaxante, Elevador<br \/> Pode Aliviar<br \/> Depress\u00e3o, Fadiga, Ins\u00f4nia, N\u00e1usea, Estresse<br \/> Sabores<br \/> Cereja, Caf\u00e9, Diesel, Doce<\/p>\n","protected":false},"excerpt":{"rendered":"<div class=\"woocommerce-product-details__short-description\">\n<p>Compre a maconha Cherry Gorilla Glue no mercado negro pelo melhor pre\u00e7o. Todos os nossos produtos s\u00e3o criados usando componentes totalmente naturais e livres de THC. Fa\u00e7a seu pedido online hoje!<\/p>\n<p>Cherry Gorilla Marijuana pode ser comprada online. Entrega e rastreamento 100% garantidos, bem como uma grande variedade de Comest\u00edveis, Concentrados, Sativas, Indicas e H\u00edbridos.<\/p>\n<p>Cherry Gorilla, \u00e0s vezes chamado de &amp;#8220 ;Cola de gorila de cereja,&#8221; \u00e9 uma variedade h\u00edbrida rara e equilibrada (50 indica\/50 sativa) produzida por cruzamento.<\/p>\n<\/p><\/div>\n","protected":false},"featured_media":5109,"comment_status":"open","ping_status":"closed","template":"","meta":[],"product_brand":[],"product_cat":[778],"product_tag":[1041,1044,1045,1046,1042,1048,1047,1043],"class_list":{"0":"post-5093","1":"product","2":"type-product","3":"status-publish","4":"has-post-thumbnail","6":"product_cat-erva-a-venda","7":"product_tag-cereja-cola-estirpe-folha","8":"product_tag-cherry-gorilla-strain-effects","9":"product_tag-cherry-gorilla-strain-leafly","10":"product_tag-cherry-gorilla-strain-reddit","11":"product_tag-cereja-gorila-f2","12":"product_tag-gorila-cereja-fruta","13":"product_tag-cherry-gorilla-strain-review","14":"product_tag-sementes-de-cereja-gorila","16":"first","17":"instock","18":"shipping-taxable","19":"purchasable","20":"product-type-variable","21":"has-default-attributes"},"yoast_head":"<!-- This site is optimized with the Yoast SEO plugin v27.3 - https:\/\/yoast.com\/product\/yoast-seo-wordpress\/ -->\n<title>Compre Cherry Gorilla Glue - tamb\u00e9m conhecida como Cherry Gorilla Glue - Best Global Meds<\/title>\n<meta name=\"description\" content=\"Compre a maconha Cherry Gorilla Glue Online ao melhor pre\u00e7o do mercado. Todos os nossos produtos s\u00e3o feitos com ingredientes naturais puros e livres de THC. Pe\u00e7a online agora!\" \/>\n<meta name=\"robots\" content=\"index, follow, max-snippet:-1, max-image-preview:large, max-video-preview:-1\" \/>\n<link rel=\"canonical\" href=\"https:\/\/medicinasinc.com\/pt\/product\/comprar-cereja-gorila-cola\/\" \/>\n<meta property=\"og:locale\" content=\"pt_PT\" \/>\n<meta property=\"og:type\" content=\"article\" \/>\n<meta property=\"og:title\" content=\"Compre Cherry Gorilla Glue - tamb\u00e9m conhecida como Cherry Gorilla Glue - Best Global Meds\" \/>\n<meta property=\"og:description\" content=\"Compre a maconha Cherry Gorilla Glue Online ao melhor pre\u00e7o do mercado. Todos os nossos produtos s\u00e3o feitos com ingredientes naturais puros e livres de THC. Pe\u00e7a online agora!\" \/>\n<meta property=\"og:url\" content=\"https:\/\/medicinasinc.com\/pt\/product\/comprar-cereja-gorila-cola\/\" \/>\n<meta property=\"og:site_name\" content=\"Medicinas Inc\" \/>\n<meta property=\"article:modified_time\" content=\"2022-07-05T23:27:07+00:00\" \/>\n<meta property=\"og:image\" content=\"https:\/\/medicinasinc.com\/pt\/wp-content\/uploads\/sites\/20\/2022\/02\/Buy-Cherry-Gorilla-Marijuana.jpg\" \/>\n\t<meta property=\"og:image:width\" content=\"1080\" \/>\n\t<meta property=\"og:image:height\" content=\"1080\" \/>\n\t<meta property=\"og:image:type\" content=\"image\/jpeg\" \/>\n<meta name=\"twitter:card\" content=\"summary_large_image\" \/>\n<meta name=\"twitter:label1\" content=\"Tempo estimado de leitura\" \/>\n\t<meta name=\"twitter:data1\" content=\"1 minuto\" \/>\n<script type=\"application\/ld+json\" class=\"yoast-schema-graph\">{\"@context\":\"https:\\\/\\\/schema.org\",\"@graph\":[{\"@type\":\"WebPage\",\"@id\":\"https:\\\/\\\/medicinasinc.com\\\/pt\\\/product\\\/comprar-cereja-gorila-cola\\\/\",\"url\":\"https:\\\/\\\/medicinasinc.com\\\/pt\\\/product\\\/comprar-cereja-gorila-cola\\\/\",\"name\":\"Compre Cherry Gorilla Glue - tamb\u00e9m conhecida como Cherry Gorilla Glue - Best Global Meds\",\"isPartOf\":{\"@id\":\"https:\\\/\\\/medicinasinc.com\\\/pt\\\/#website\"},\"primaryImageOfPage\":{\"@id\":\"https:\\\/\\\/medicinasinc.com\\\/pt\\\/product\\\/comprar-cereja-gorila-cola\\\/#primaryimage\"},\"image\":{\"@id\":\"https:\\\/\\\/medicinasinc.com\\\/pt\\\/product\\\/comprar-cereja-gorila-cola\\\/#primaryimage\"},\"thumbnailUrl\":\"https:\\\/\\\/medicinasinc.com\\\/pt\\\/wp-content\\\/uploads\\\/sites\\\/20\\\/2022\\\/02\\\/Buy-Cherry-Gorilla-Marijuana.jpg\",\"datePublished\":\"2022-02-20T20:12:04+00:00\",\"dateModified\":\"2022-07-05T23:27:07+00:00\",\"description\":\"Compre a maconha Cherry Gorilla Glue Online ao melhor pre\u00e7o do mercado. Todos os nossos produtos s\u00e3o feitos com ingredientes naturais puros e livres de THC. Pe\u00e7a online agora!\",\"breadcrumb\":{\"@id\":\"https:\\\/\\\/medicinasinc.com\\\/pt\\\/product\\\/comprar-cereja-gorila-cola\\\/#breadcrumb\"},\"inLanguage\":\"pt-PT\",\"potentialAction\":[{\"@type\":\"ReadAction\",\"target\":[\"https:\\\/\\\/medicinasinc.com\\\/pt\\\/product\\\/comprar-cereja-gorila-cola\\\/\"]}]},{\"@type\":\"ImageObject\",\"inLanguage\":\"pt-PT\",\"@id\":\"https:\\\/\\\/medicinasinc.com\\\/pt\\\/product\\\/comprar-cereja-gorila-cola\\\/#primaryimage\",\"url\":\"https:\\\/\\\/medicinasinc.com\\\/pt\\\/wp-content\\\/uploads\\\/sites\\\/20\\\/2022\\\/02\\\/Buy-Cherry-Gorilla-Marijuana.jpg\",\"contentUrl\":\"https:\\\/\\\/medicinasinc.com\\\/pt\\\/wp-content\\\/uploads\\\/sites\\\/20\\\/2022\\\/02\\\/Buy-Cherry-Gorilla-Marijuana.jpg\",\"width\":1080,\"height\":1080},{\"@type\":\"BreadcrumbList\",\"@id\":\"https:\\\/\\\/medicinasinc.com\\\/pt\\\/product\\\/comprar-cereja-gorila-cola\\\/#breadcrumb\",\"itemListElement\":[{\"@type\":\"ListItem\",\"position\":1,\"name\":\"Comprar\",\"item\":\"https:\\\/\\\/medicinasinc.com\\\/pt\\\/comprar\\\/\"},{\"@type\":\"ListItem\",\"position\":2,\"name\":\"Compre Cola Cherry Gorilla\"}]},{\"@type\":\"WebSite\",\"@id\":\"https:\\\/\\\/medicinasinc.com\\\/pt\\\/#website\",\"url\":\"https:\\\/\\\/medicinasinc.com\\\/pt\\\/\",\"name\":\"Medicinas Inc\",\"description\":\"Health Medical Clinic\",\"potentialAction\":[{\"@type\":\"SearchAction\",\"target\":{\"@type\":\"EntryPoint\",\"urlTemplate\":\"https:\\\/\\\/medicinasinc.com\\\/pt\\\/?s={search_term_string}\"},\"query-input\":{\"@type\":\"PropertyValueSpecification\",\"valueRequired\":true,\"valueName\":\"search_term_string\"}}],\"inLanguage\":\"pt-PT\"}]}<\/script>\n<!-- \/ Yoast SEO plugin. -->","yoast_head_json":{"title":"Compre Cherry Gorilla Glue - tamb\u00e9m conhecida como Cherry Gorilla Glue - Best Global Meds","description":"Compre a maconha Cherry Gorilla Glue Online ao melhor pre\u00e7o do mercado. Todos os nossos produtos s\u00e3o feitos com ingredientes naturais puros e livres de THC. Pe\u00e7a online agora!","robots":{"index":"index","follow":"follow","max-snippet":"max-snippet:-1","max-image-preview":"max-image-preview:large","max-video-preview":"max-video-preview:-1"},"canonical":"https:\/\/medicinasinc.com\/pt\/product\/comprar-cereja-gorila-cola\/","og_locale":"pt_PT","og_type":"article","og_title":"Compre Cherry Gorilla Glue - tamb\u00e9m conhecida como Cherry Gorilla Glue - Best Global Meds","og_description":"Compre a maconha Cherry Gorilla Glue Online ao melhor pre\u00e7o do mercado. Todos os nossos produtos s\u00e3o feitos com ingredientes naturais puros e livres de THC. Pe\u00e7a online agora!","og_url":"https:\/\/medicinasinc.com\/pt\/product\/comprar-cereja-gorila-cola\/","og_site_name":"Medicinas Inc","article_modified_time":"2022-07-05T23:27:07+00:00","og_image":[{"width":1080,"height":1080,"url":"https:\/\/medicinasinc.com\/pt\/wp-content\/uploads\/sites\/20\/2022\/02\/Buy-Cherry-Gorilla-Marijuana.jpg","type":"image\/jpeg"}],"twitter_card":"summary_large_image","twitter_misc":{"Tempo estimado de leitura":"1 minuto"},"schema":{"@context":"https:\/\/schema.org","@graph":[{"@type":"WebPage","@id":"https:\/\/medicinasinc.com\/pt\/product\/comprar-cereja-gorila-cola\/","url":"https:\/\/medicinasinc.com\/pt\/product\/comprar-cereja-gorila-cola\/","name":"Compre Cherry Gorilla Glue - tamb\u00e9m conhecida como Cherry Gorilla Glue - Best Global Meds","isPartOf":{"@id":"https:\/\/medicinasinc.com\/pt\/#website"},"primaryImageOfPage":{"@id":"https:\/\/medicinasinc.com\/pt\/product\/comprar-cereja-gorila-cola\/#primaryimage"},"image":{"@id":"https:\/\/medicinasinc.com\/pt\/product\/comprar-cereja-gorila-cola\/#primaryimage"},"thumbnailUrl":"https:\/\/medicinasinc.com\/pt\/wp-content\/uploads\/sites\/20\/2022\/02\/Buy-Cherry-Gorilla-Marijuana.jpg","datePublished":"2022-02-20T20:12:04+00:00","dateModified":"2022-07-05T23:27:07+00:00","description":"Compre a maconha Cherry Gorilla Glue Online ao melhor pre\u00e7o do mercado. Todos os nossos produtos s\u00e3o feitos com ingredientes naturais puros e livres de THC. Pe\u00e7a online agora!","breadcrumb":{"@id":"https:\/\/medicinasinc.com\/pt\/product\/comprar-cereja-gorila-cola\/#breadcrumb"},"inLanguage":"pt-PT","potentialAction":[{"@type":"ReadAction","target":["https:\/\/medicinasinc.com\/pt\/product\/comprar-cereja-gorila-cola\/"]}]},{"@type":"ImageObject","inLanguage":"pt-PT","@id":"https:\/\/medicinasinc.com\/pt\/product\/comprar-cereja-gorila-cola\/#primaryimage","url":"https:\/\/medicinasinc.com\/pt\/wp-content\/uploads\/sites\/20\/2022\/02\/Buy-Cherry-Gorilla-Marijuana.jpg","contentUrl":"https:\/\/medicinasinc.com\/pt\/wp-content\/uploads\/sites\/20\/2022\/02\/Buy-Cherry-Gorilla-Marijuana.jpg","width":1080,"height":1080},{"@type":"BreadcrumbList","@id":"https:\/\/medicinasinc.com\/pt\/product\/comprar-cereja-gorila-cola\/#breadcrumb","itemListElement":[{"@type":"ListItem","position":1,"name":"Comprar","item":"https:\/\/medicinasinc.com\/pt\/comprar\/"},{"@type":"ListItem","position":2,"name":"Compre Cola Cherry Gorilla"}]},{"@type":"WebSite","@id":"https:\/\/medicinasinc.com\/pt\/#website","url":"https:\/\/medicinasinc.com\/pt\/","name":"Medicinas Inc","description":"Health Medical Clinic","potentialAction":[{"@type":"SearchAction","target":{"@type":"EntryPoint","urlTemplate":"https:\/\/medicinasinc.com\/pt\/?s={search_term_string}"},"query-input":{"@type":"PropertyValueSpecification","valueRequired":true,"valueName":"search_term_string"}}],"inLanguage":"pt-PT"}]}},"_links":{"self":[{"href":"https:\/\/medicinasinc.com\/pt\/wp-json\/wp\/v2\/product\/5093","targetHints":{"allow":["GET"]}}],"collection":[{"href":"https:\/\/medicinasinc.com\/pt\/wp-json\/wp\/v2\/product"}],"about":[{"href":"https:\/\/medicinasinc.com\/pt\/wp-json\/wp\/v2\/types\/product"}],"replies":[{"embeddable":true,"href":"https:\/\/medicinasinc.com\/pt\/wp-json\/wp\/v2\/comments?post=5093"}],"wp:featuredmedia":[{"embeddable":true,"href":"https:\/\/medicinasinc.com\/pt\/wp-json\/wp\/v2\/media\/5109"}],"wp:attachment":[{"href":"https:\/\/medicinasinc.com\/pt\/wp-json\/wp\/v2\/media?parent=5093"}],"wp:term":[{"taxonomy":"product_brand","embeddable":true,"href":"https:\/\/medicinasinc.com\/pt\/wp-json\/wp\/v2\/product_brand?post=5093"},{"taxonomy":"product_cat","embeddable":true,"href":"https:\/\/medicinasinc.com\/pt\/wp-json\/wp\/v2\/product_cat?post=5093"},{"taxonomy":"product_tag","embeddable":true,"href":"https:\/\/medicinasinc.com\/pt\/wp-json\/wp\/v2\/product_tag?post=5093"}],"curies":[{"name":"wp","href":"https:\/\/api.w.org\/{rel}","templated":true}]}}