{"id":5068,"date":"2022-02-20T19:50:54","date_gmt":"2022-02-20T19:50:54","guid":{"rendered":"https:\/\/medicinasinc.com\/pt\/?post_type=product&#038;p=5068"},"modified":"2022-07-05T23:27:54","modified_gmt":"2022-07-05T23:27:54","slug":"comprar-super-limao-neblina","status":"publish","type":"product","link":"https:\/\/medicinasinc.com\/pt\/product\/comprar-super-limao-neblina\/","title":{"rendered":"Compre Super Lemon Haze"},"content":{"rendered":"<p>Compra online de Super Lamon Haze<\/p>\n<p>Esta deliciosa variedade de lim\u00e3o \u00e9 uma variedade de bom rendimento que \u00e9 adequada para qualquer grupo veterano. Super Lemon Haze \u00e9 uma das variedades mais populares, especialmente entre os entusiastas indianos, e converteu-as com sucesso em sativa. Sem d\u00favida, Super Lemon Haze \u00e9 \u00fanico. Este vencedor da Cannabis Cup \u00e9 um cruzamento entre Lemon Skunk e Super Silver Haze, tornando-se uma variedade de pedigree e uma das melhores sativas dispon\u00edveis hoje. Voc\u00ea pode comprar Super Lamon Haze online e encontr\u00e1-lo \u00e0 venda online. Este h\u00edbrido sativa-dominante realmente faz jus ao seu nome, com um poderoso aroma lim\u00f4nico que cheira incr\u00edvel. Super Lemon Haze come\u00e7a devagar, mas com firmeza, chegando a uma tremenda euforia que faz voc\u00ea querer pular da cadeira de emo\u00e7\u00e3o. Esta variedade tamb\u00e9m \u00e9 uma vers\u00e3o m\u00e9dica popular, pois pode ser usada para tratar uma ampla variedade de doen\u00e7as.<\/p>\n<p>Efeitos<\/p>\n<p>Todos esses efeitos super-sativa s\u00e3o baseados em energia. No entanto, a principal caracter\u00edstica \u00e9 que \u00e9 uma \u00f3tima tentativa cotidiana devido \u00e0 sua capacidade de torn\u00e1-la eficaz e ocasionalmente inovadora. O Super Lemon Haze \u00e9 capaz de acalm\u00e1-lo o suficiente para fazer voc\u00ea se sentir bem. Super Lemon Haze \u00e9 o companheiro despreocupado ideal. Se voc\u00ea tem um longo dia pela frente e precisa fazer as coisas com cuidado, esta sativa \u00e9 o caminho a percorrer.<br \/> Voc\u00ea ter\u00e1 meio quilo deste bot\u00e3o delicioso para manter todos no sal\u00e3o, e outro para te puxar para cima. Super Lemon Haze n\u00e3o tem impacto nas start-ups. Seu efeito pode produzir uma agrad\u00e1vel sensa\u00e7\u00e3o cerebral, que permite que voc\u00ea pense com mais clareza e lembre-se de informa\u00e7\u00f5es que, de outra forma, voc\u00ea poderia esquecer. Al\u00e9m disso, acredita-se que essa press\u00e3o fa\u00e7a voc\u00ea se sentir um pouco brincalh\u00e3o, o que \u00e9 ideal para uma noite rom\u00e2ntica. O perfume: Um bot\u00e3o perfumado deve evocar imagens de frutas c\u00edtricas. Super Lemon Haze tem um sabor adocicado de lim\u00e3o com um toque de especiarias e um aroma extremamente \u00e1cido. O sabor doce do lim\u00e3o \u00e9 equilibrado por um toque de terra e especiarias, criando uma experi\u00eancia maravilhosa. Super Lemon Haze tem um cheiro extremamente agrad\u00e1vel. Esta sativa tem um aroma agrad\u00e1vel e refrescante, e a base de lim\u00e3o deve permanecer em sua l\u00edngua. \u00c9 como se voc\u00ea estivesse inalando um peda\u00e7o de doce com um distinto tom de ervas.<\/p>\n<p>Vantagens m\u00e9dicas<\/p>\n<p>Super Lemon Haze \u00e9 sugerido para uma variedade de doen\u00e7as e sintomas. O cansa\u00e7o cr\u00f4nico \u00e9 facilmente combatido com esta potente cepa devido \u00e0 sua capacidade de incutir um estado de esp\u00edrito est\u00e1vel e elevado que o estimula at\u00e9 mesmo a fazer as coisas. Al\u00e9m disso, essa variedade \u00e9 boa para combater o estresse e a tristeza. Super Lemon Haze tem a capacidade de tratar uma variedade de ang\u00fastias associadas a um estilo de vida de alto estresse, e pode se livrar prontamente de pequenas dores e dores, como enxaquecas, dores de cabe\u00e7a, articula\u00e7\u00f5es e espasmos musculares. Super Lemon Haze \u00e9 um analg\u00e9sico para todos os fins e confi\u00e1vel que relaxa e formigando o corpo, disfar\u00e7ando quaisquer outros problemas f\u00edsicos que possam ocorrer. O sabor e o aroma edificantes contribuem para sua atratividade, tornando-o agrad\u00e1vel mesmo para pessoas que provavelmente n\u00e3o usar\u00e3o cannabis para tratar sua doen\u00e7a.<\/p>\n","protected":false},"excerpt":{"rendered":"<div class=\"woocommerce-product-details__short-description\">\n<p>Compre a variedade de maconha Super Lemon Haze no Reino Unido e na Europa. \u00c9 um h\u00edbrido forte c\u00edtrico e doce com domin\u00e2ncia Sativa. Esta flor \u00e9 o resultado de um cruzamento entre lemon skunk e silver haze.<\/p>\n<p>Compra online da variedade de maconha Super Lemon Haze.<\/p>\n<p>Super Lemon Haze \u00e9 um h\u00edbrido Sativa Dominante &#8211; 80% Sativa \/ 20% Indica. O teor de THC Indica \u00e9 de 25%, o teor de CBD \u00e9 de 1% e o teor de CBN \u00e9 de 2%.<\/p>\n<\/p><\/div>\n","protected":false},"featured_media":5085,"comment_status":"open","ping_status":"closed","template":"","meta":[],"product_brand":[],"product_cat":[778],"product_tag":[1023,1019,1022,1020,1024,487,1021,486],"class_list":{"0":"post-5068","1":"product","2":"type-product","3":"status-publish","4":"has-post-thumbnail","6":"product_cat-erva-a-venda","7":"product_tag-efeitos-super-limo-neblina","8":"product_tag-is-super-lemon-haze-psychedelic","9":"product_tag-sementes-super-limo-neblina-autoflorescentes","10":"product_tag-sementes-de-neblina-de-limo-para-venda","11":"product_tag-super-lemon-haze-seeds-eua","12":"product_tag-sementes-de-super-limo-neblina","13":"product_tag-super-limo-neblina-autoflorescente","14":"product_tag-preo-super-limo-neblina","16":"first","17":"instock","18":"shipping-taxable","19":"purchasable","20":"product-type-variable","21":"has-default-attributes"},"yoast_head":"<!-- This site is optimized with the Yoast SEO plugin v27.3 - https:\/\/yoast.com\/product\/yoast-seo-wordpress\/ -->\n<title>Compre Super Lemon Haze - Melhores Melhores Medicamentos Globais<\/title>\n<meta name=\"description\" content=\"Compre a variedade de maconha Super Lemon Haze no Reino Unido, o c\u00edtrico pungente da Europa e o doce h\u00edbrido com domin\u00e2ncia Sativa. Esta flor \u00e9 um cruzamento de skunk de lim\u00e3o &amp; n\u00e9voa de prata.\" \/>\n<meta name=\"robots\" content=\"index, follow, max-snippet:-1, max-image-preview:large, max-video-preview:-1\" \/>\n<link rel=\"canonical\" href=\"https:\/\/medicinasinc.com\/pt\/product\/comprar-super-limao-neblina\/\" \/>\n<meta property=\"og:locale\" content=\"pt_PT\" \/>\n<meta property=\"og:type\" content=\"article\" \/>\n<meta property=\"og:title\" content=\"Compre Super Lemon Haze - Melhores Melhores Medicamentos Globais\" \/>\n<meta property=\"og:description\" content=\"Compre a variedade de maconha Super Lemon Haze no Reino Unido, o c\u00edtrico pungente da Europa e o doce h\u00edbrido com domin\u00e2ncia Sativa. Esta flor \u00e9 um cruzamento de skunk de lim\u00e3o &amp; n\u00e9voa de prata.\" \/>\n<meta property=\"og:url\" content=\"https:\/\/medicinasinc.com\/pt\/product\/comprar-super-limao-neblina\/\" \/>\n<meta property=\"og:site_name\" content=\"Medicinas Inc\" \/>\n<meta property=\"article:modified_time\" content=\"2022-07-05T23:27:54+00:00\" \/>\n<meta property=\"og:image\" content=\"https:\/\/medicinasinc.com\/pt\/wp-content\/uploads\/sites\/20\/2022\/02\/Buy-Super-Lemon-Haze.jpg\" \/>\n\t<meta property=\"og:image:width\" content=\"1080\" \/>\n\t<meta property=\"og:image:height\" content=\"1080\" \/>\n\t<meta property=\"og:image:type\" content=\"image\/jpeg\" \/>\n<meta name=\"twitter:card\" content=\"summary_large_image\" \/>\n<meta name=\"twitter:label1\" content=\"Tempo estimado de leitura\" \/>\n\t<meta name=\"twitter:data1\" content=\"3 minutos\" \/>\n<script type=\"application\/ld+json\" class=\"yoast-schema-graph\">{\"@context\":\"https:\\\/\\\/schema.org\",\"@graph\":[{\"@type\":\"WebPage\",\"@id\":\"https:\\\/\\\/medicinasinc.com\\\/pt\\\/product\\\/comprar-super-limao-neblina\\\/\",\"url\":\"https:\\\/\\\/medicinasinc.com\\\/pt\\\/product\\\/comprar-super-limao-neblina\\\/\",\"name\":\"Compre Super Lemon Haze - Melhores Melhores Medicamentos Globais\",\"isPartOf\":{\"@id\":\"https:\\\/\\\/medicinasinc.com\\\/pt\\\/#website\"},\"primaryImageOfPage\":{\"@id\":\"https:\\\/\\\/medicinasinc.com\\\/pt\\\/product\\\/comprar-super-limao-neblina\\\/#primaryimage\"},\"image\":{\"@id\":\"https:\\\/\\\/medicinasinc.com\\\/pt\\\/product\\\/comprar-super-limao-neblina\\\/#primaryimage\"},\"thumbnailUrl\":\"https:\\\/\\\/medicinasinc.com\\\/pt\\\/wp-content\\\/uploads\\\/sites\\\/20\\\/2022\\\/02\\\/Buy-Super-Lemon-Haze.jpg\",\"datePublished\":\"2022-02-20T19:50:54+00:00\",\"dateModified\":\"2022-07-05T23:27:54+00:00\",\"description\":\"Compre a variedade de maconha Super Lemon Haze no Reino Unido, o c\u00edtrico pungente da Europa e o doce h\u00edbrido com domin\u00e2ncia Sativa. Esta flor \u00e9 um cruzamento de skunk de lim\u00e3o &amp; n\u00e9voa de prata.\",\"breadcrumb\":{\"@id\":\"https:\\\/\\\/medicinasinc.com\\\/pt\\\/product\\\/comprar-super-limao-neblina\\\/#breadcrumb\"},\"inLanguage\":\"pt-PT\",\"potentialAction\":[{\"@type\":\"ReadAction\",\"target\":[\"https:\\\/\\\/medicinasinc.com\\\/pt\\\/product\\\/comprar-super-limao-neblina\\\/\"]}]},{\"@type\":\"ImageObject\",\"inLanguage\":\"pt-PT\",\"@id\":\"https:\\\/\\\/medicinasinc.com\\\/pt\\\/product\\\/comprar-super-limao-neblina\\\/#primaryimage\",\"url\":\"https:\\\/\\\/medicinasinc.com\\\/pt\\\/wp-content\\\/uploads\\\/sites\\\/20\\\/2022\\\/02\\\/Buy-Super-Lemon-Haze.jpg\",\"contentUrl\":\"https:\\\/\\\/medicinasinc.com\\\/pt\\\/wp-content\\\/uploads\\\/sites\\\/20\\\/2022\\\/02\\\/Buy-Super-Lemon-Haze.jpg\",\"width\":1080,\"height\":1080},{\"@type\":\"BreadcrumbList\",\"@id\":\"https:\\\/\\\/medicinasinc.com\\\/pt\\\/product\\\/comprar-super-limao-neblina\\\/#breadcrumb\",\"itemListElement\":[{\"@type\":\"ListItem\",\"position\":1,\"name\":\"Comprar\",\"item\":\"https:\\\/\\\/medicinasinc.com\\\/pt\\\/comprar\\\/\"},{\"@type\":\"ListItem\",\"position\":2,\"name\":\"Compre Super Lemon Haze\"}]},{\"@type\":\"WebSite\",\"@id\":\"https:\\\/\\\/medicinasinc.com\\\/pt\\\/#website\",\"url\":\"https:\\\/\\\/medicinasinc.com\\\/pt\\\/\",\"name\":\"Medicinas Inc\",\"description\":\"Health Medical Clinic\",\"potentialAction\":[{\"@type\":\"SearchAction\",\"target\":{\"@type\":\"EntryPoint\",\"urlTemplate\":\"https:\\\/\\\/medicinasinc.com\\\/pt\\\/?s={search_term_string}\"},\"query-input\":{\"@type\":\"PropertyValueSpecification\",\"valueRequired\":true,\"valueName\":\"search_term_string\"}}],\"inLanguage\":\"pt-PT\"}]}<\/script>\n<!-- \/ Yoast SEO plugin. -->","yoast_head_json":{"title":"Compre Super Lemon Haze - Melhores Melhores Medicamentos Globais","description":"Compre a variedade de maconha Super Lemon Haze no Reino Unido, o c\u00edtrico pungente da Europa e o doce h\u00edbrido com domin\u00e2ncia Sativa. Esta flor \u00e9 um cruzamento de skunk de lim\u00e3o &amp; n\u00e9voa de prata.","robots":{"index":"index","follow":"follow","max-snippet":"max-snippet:-1","max-image-preview":"max-image-preview:large","max-video-preview":"max-video-preview:-1"},"canonical":"https:\/\/medicinasinc.com\/pt\/product\/comprar-super-limao-neblina\/","og_locale":"pt_PT","og_type":"article","og_title":"Compre Super Lemon Haze - Melhores Melhores Medicamentos Globais","og_description":"Compre a variedade de maconha Super Lemon Haze no Reino Unido, o c\u00edtrico pungente da Europa e o doce h\u00edbrido com domin\u00e2ncia Sativa. Esta flor \u00e9 um cruzamento de skunk de lim\u00e3o &amp; n\u00e9voa de prata.","og_url":"https:\/\/medicinasinc.com\/pt\/product\/comprar-super-limao-neblina\/","og_site_name":"Medicinas Inc","article_modified_time":"2022-07-05T23:27:54+00:00","og_image":[{"width":1080,"height":1080,"url":"https:\/\/medicinasinc.com\/pt\/wp-content\/uploads\/sites\/20\/2022\/02\/Buy-Super-Lemon-Haze.jpg","type":"image\/jpeg"}],"twitter_card":"summary_large_image","twitter_misc":{"Tempo estimado de leitura":"3 minutos"},"schema":{"@context":"https:\/\/schema.org","@graph":[{"@type":"WebPage","@id":"https:\/\/medicinasinc.com\/pt\/product\/comprar-super-limao-neblina\/","url":"https:\/\/medicinasinc.com\/pt\/product\/comprar-super-limao-neblina\/","name":"Compre Super Lemon Haze - Melhores Melhores Medicamentos Globais","isPartOf":{"@id":"https:\/\/medicinasinc.com\/pt\/#website"},"primaryImageOfPage":{"@id":"https:\/\/medicinasinc.com\/pt\/product\/comprar-super-limao-neblina\/#primaryimage"},"image":{"@id":"https:\/\/medicinasinc.com\/pt\/product\/comprar-super-limao-neblina\/#primaryimage"},"thumbnailUrl":"https:\/\/medicinasinc.com\/pt\/wp-content\/uploads\/sites\/20\/2022\/02\/Buy-Super-Lemon-Haze.jpg","datePublished":"2022-02-20T19:50:54+00:00","dateModified":"2022-07-05T23:27:54+00:00","description":"Compre a variedade de maconha Super Lemon Haze no Reino Unido, o c\u00edtrico pungente da Europa e o doce h\u00edbrido com domin\u00e2ncia Sativa. Esta flor \u00e9 um cruzamento de skunk de lim\u00e3o &amp; n\u00e9voa de prata.","breadcrumb":{"@id":"https:\/\/medicinasinc.com\/pt\/product\/comprar-super-limao-neblina\/#breadcrumb"},"inLanguage":"pt-PT","potentialAction":[{"@type":"ReadAction","target":["https:\/\/medicinasinc.com\/pt\/product\/comprar-super-limao-neblina\/"]}]},{"@type":"ImageObject","inLanguage":"pt-PT","@id":"https:\/\/medicinasinc.com\/pt\/product\/comprar-super-limao-neblina\/#primaryimage","url":"https:\/\/medicinasinc.com\/pt\/wp-content\/uploads\/sites\/20\/2022\/02\/Buy-Super-Lemon-Haze.jpg","contentUrl":"https:\/\/medicinasinc.com\/pt\/wp-content\/uploads\/sites\/20\/2022\/02\/Buy-Super-Lemon-Haze.jpg","width":1080,"height":1080},{"@type":"BreadcrumbList","@id":"https:\/\/medicinasinc.com\/pt\/product\/comprar-super-limao-neblina\/#breadcrumb","itemListElement":[{"@type":"ListItem","position":1,"name":"Comprar","item":"https:\/\/medicinasinc.com\/pt\/comprar\/"},{"@type":"ListItem","position":2,"name":"Compre Super Lemon Haze"}]},{"@type":"WebSite","@id":"https:\/\/medicinasinc.com\/pt\/#website","url":"https:\/\/medicinasinc.com\/pt\/","name":"Medicinas Inc","description":"Health Medical Clinic","potentialAction":[{"@type":"SearchAction","target":{"@type":"EntryPoint","urlTemplate":"https:\/\/medicinasinc.com\/pt\/?s={search_term_string}"},"query-input":{"@type":"PropertyValueSpecification","valueRequired":true,"valueName":"search_term_string"}}],"inLanguage":"pt-PT"}]}},"_links":{"self":[{"href":"https:\/\/medicinasinc.com\/pt\/wp-json\/wp\/v2\/product\/5068","targetHints":{"allow":["GET"]}}],"collection":[{"href":"https:\/\/medicinasinc.com\/pt\/wp-json\/wp\/v2\/product"}],"about":[{"href":"https:\/\/medicinasinc.com\/pt\/wp-json\/wp\/v2\/types\/product"}],"replies":[{"embeddable":true,"href":"https:\/\/medicinasinc.com\/pt\/wp-json\/wp\/v2\/comments?post=5068"}],"wp:featuredmedia":[{"embeddable":true,"href":"https:\/\/medicinasinc.com\/pt\/wp-json\/wp\/v2\/media\/5085"}],"wp:attachment":[{"href":"https:\/\/medicinasinc.com\/pt\/wp-json\/wp\/v2\/media?parent=5068"}],"wp:term":[{"taxonomy":"product_brand","embeddable":true,"href":"https:\/\/medicinasinc.com\/pt\/wp-json\/wp\/v2\/product_brand?post=5068"},{"taxonomy":"product_cat","embeddable":true,"href":"https:\/\/medicinasinc.com\/pt\/wp-json\/wp\/v2\/product_cat?post=5068"},{"taxonomy":"product_tag","embeddable":true,"href":"https:\/\/medicinasinc.com\/pt\/wp-json\/wp\/v2\/product_tag?post=5068"}],"curies":[{"name":"wp","href":"https:\/\/api.w.org\/{rel}","templated":true}]}}