{"id":5066,"date":"2022-02-20T19:49:25","date_gmt":"2022-02-20T19:49:25","guid":{"rendered":"https:\/\/medicinasinc.com\/pt\/?post_type=product&#038;p=5066"},"modified":"2022-07-05T23:28:08","modified_gmt":"2022-07-05T23:28:08","slug":"comprar-snoops-sonho-maconha","status":"publish","type":"product","link":"https:\/\/medicinasinc.com\/pt\/product\/comprar-snoops-sonho-maconha\/","title":{"rendered":"Compre maconha Snoop&#8217;s Dream"},"content":{"rendered":"<p><strong>A variedade de maconha Snoops Dream pode ser comprada online.<\/strong><\/p>\n<p>A variedade de maconha Snoops Dream pode ser comprada online.<\/p>\n<p>Efeitos<br \/> Criativo, Energizante , Euforia, Giggly, Happy, Relaxing, Uplifting<br \/> Pode Aliviar<br \/> Transtorno Bipolar, Dor Cr\u00f4nica, Depress\u00e3o, Fadiga, Dores de Cabe\u00e7a, Ins\u00f4nia, TPM, PTSD, Stress<br \/> Sabores<br \/> Berry, Mirtilo, Amanteigado, Pinho, A\u00e7ucarado, Doce, Baunilha<\/p>\n","protected":false},"excerpt":{"rendered":"<p>A variedade de maconha Snoops Dream pode ser comprada online. Snoop&#8217;s Dream \u00e9 uma variedade de maconha desenvolvida por Snoop Dogg. H\u00edbrido &#8211; 50% Sativa, 50% Indica THC: 26%<\/p>\n<p>Snoop&#8217;s Dream \u00e9 uma variedade de cannabis com o nome do artista de hip hop Snoop Dog. Ele mostrou um interesse consider\u00e1vel no setor de maconha.<\/p>\n<p>Snoop&#8217;s Dream \u00e9 uma variedade de maconha desenvolvida por Snoop Dogg. H\u00edbrido &#8211; 50% Sativa, 50% Indica Teor de THC: 26%. Oferecemos a possibilidade de comprar maconha medicinal online, cera e estilha\u00e7ar e maconha.<\/p>\n","protected":false},"featured_media":5083,"comment_status":"open","ping_status":"closed","template":"","meta":[],"product_brand":[],"product_cat":[778],"product_tag":[1017,1014,1013,1015,1011,1016,1012,1018],"class_list":{"0":"post-5066","1":"product","2":"type-product","3":"status-publish","4":"has-post-thumbnail","6":"product_cat-erva-a-venda","7":"product_tag-bisbilhoteiros","8":"product_tag-cepas-de-folhas-por-bisbilhoteiros","9":"product_tag-growing-snoops-dream","10":"product_tag-master-kush-price","11":"product_tag-preo-sonho-azul","12":"product_tag-snoop-dawg-strain-redbud-roots","13":"product_tag-linhagem-de-cachorro-sonho","14":"product_tag-bisbilhoteiro-sonho-wikileaf","16":"first","17":"instock","18":"shipping-taxable","19":"purchasable","20":"product-type-variable","21":"has-default-attributes"},"yoast_head":"<!-- This site is optimized with the Yoast SEO plugin v27.3 - https:\/\/yoast.com\/product\/yoast-seo-wordpress\/ -->\n<title>Compre Snoops Dream Marijuana - Melhores Melhores Medicamentos Globais<\/title>\n<meta name=\"description\" content=\"Cruzando o Blue Dream com Master Kush, duas variedades vibrantes e poderosas que dizem ser ... Esta \u00e9 a melhor plataforma para comprar maconha Snoop&#039;s Dream \u00e0 venda.\" \/>\n<meta name=\"robots\" content=\"index, follow, max-snippet:-1, max-image-preview:large, max-video-preview:-1\" \/>\n<link rel=\"canonical\" href=\"https:\/\/medicinasinc.com\/pt\/product\/comprar-snoops-sonho-maconha\/\" \/>\n<meta property=\"og:locale\" content=\"pt_PT\" \/>\n<meta property=\"og:type\" content=\"article\" \/>\n<meta property=\"og:title\" content=\"Compre Snoops Dream Marijuana - Melhores Melhores Medicamentos Globais\" \/>\n<meta property=\"og:description\" content=\"Cruzando o Blue Dream com Master Kush, duas variedades vibrantes e poderosas que dizem ser ... Esta \u00e9 a melhor plataforma para comprar maconha Snoop&#039;s Dream \u00e0 venda.\" \/>\n<meta property=\"og:url\" content=\"https:\/\/medicinasinc.com\/pt\/product\/comprar-snoops-sonho-maconha\/\" \/>\n<meta property=\"og:site_name\" content=\"Medicinas Inc\" \/>\n<meta property=\"article:modified_time\" content=\"2022-07-05T23:28:08+00:00\" \/>\n<meta property=\"og:image\" content=\"https:\/\/medicinasinc.com\/pt\/wp-content\/uploads\/sites\/20\/2022\/02\/Buy-Snoops-Dream-Marijuana.jpg\" \/>\n\t<meta property=\"og:image:width\" content=\"2000\" \/>\n\t<meta property=\"og:image:height\" content=\"1333\" \/>\n\t<meta property=\"og:image:type\" content=\"image\/jpeg\" \/>\n<meta name=\"twitter:card\" content=\"summary_large_image\" \/>\n<meta name=\"twitter:label1\" content=\"Tempo estimado de leitura\" \/>\n\t<meta name=\"twitter:data1\" content=\"1 minuto\" \/>\n<script type=\"application\/ld+json\" class=\"yoast-schema-graph\">{\"@context\":\"https:\\\/\\\/schema.org\",\"@graph\":[{\"@type\":\"WebPage\",\"@id\":\"https:\\\/\\\/medicinasinc.com\\\/pt\\\/product\\\/comprar-snoops-sonho-maconha\\\/\",\"url\":\"https:\\\/\\\/medicinasinc.com\\\/pt\\\/product\\\/comprar-snoops-sonho-maconha\\\/\",\"name\":\"Compre Snoops Dream Marijuana - Melhores Melhores Medicamentos Globais\",\"isPartOf\":{\"@id\":\"https:\\\/\\\/medicinasinc.com\\\/pt\\\/#website\"},\"primaryImageOfPage\":{\"@id\":\"https:\\\/\\\/medicinasinc.com\\\/pt\\\/product\\\/comprar-snoops-sonho-maconha\\\/#primaryimage\"},\"image\":{\"@id\":\"https:\\\/\\\/medicinasinc.com\\\/pt\\\/product\\\/comprar-snoops-sonho-maconha\\\/#primaryimage\"},\"thumbnailUrl\":\"https:\\\/\\\/medicinasinc.com\\\/pt\\\/wp-content\\\/uploads\\\/sites\\\/20\\\/2022\\\/02\\\/Buy-Snoops-Dream-Marijuana.jpg\",\"datePublished\":\"2022-02-20T19:49:25+00:00\",\"dateModified\":\"2022-07-05T23:28:08+00:00\",\"description\":\"Cruzando o Blue Dream com Master Kush, duas variedades vibrantes e poderosas que dizem ser ... Esta \u00e9 a melhor plataforma para comprar maconha Snoop's Dream \u00e0 venda.\",\"breadcrumb\":{\"@id\":\"https:\\\/\\\/medicinasinc.com\\\/pt\\\/product\\\/comprar-snoops-sonho-maconha\\\/#breadcrumb\"},\"inLanguage\":\"pt-PT\",\"potentialAction\":[{\"@type\":\"ReadAction\",\"target\":[\"https:\\\/\\\/medicinasinc.com\\\/pt\\\/product\\\/comprar-snoops-sonho-maconha\\\/\"]}]},{\"@type\":\"ImageObject\",\"inLanguage\":\"pt-PT\",\"@id\":\"https:\\\/\\\/medicinasinc.com\\\/pt\\\/product\\\/comprar-snoops-sonho-maconha\\\/#primaryimage\",\"url\":\"https:\\\/\\\/medicinasinc.com\\\/pt\\\/wp-content\\\/uploads\\\/sites\\\/20\\\/2022\\\/02\\\/Buy-Snoops-Dream-Marijuana.jpg\",\"contentUrl\":\"https:\\\/\\\/medicinasinc.com\\\/pt\\\/wp-content\\\/uploads\\\/sites\\\/20\\\/2022\\\/02\\\/Buy-Snoops-Dream-Marijuana.jpg\",\"width\":2000,\"height\":1333},{\"@type\":\"BreadcrumbList\",\"@id\":\"https:\\\/\\\/medicinasinc.com\\\/pt\\\/product\\\/comprar-snoops-sonho-maconha\\\/#breadcrumb\",\"itemListElement\":[{\"@type\":\"ListItem\",\"position\":1,\"name\":\"Comprar\",\"item\":\"https:\\\/\\\/medicinasinc.com\\\/pt\\\/comprar\\\/\"},{\"@type\":\"ListItem\",\"position\":2,\"name\":\"Compre maconha Snoop&#8217;s Dream\"}]},{\"@type\":\"WebSite\",\"@id\":\"https:\\\/\\\/medicinasinc.com\\\/pt\\\/#website\",\"url\":\"https:\\\/\\\/medicinasinc.com\\\/pt\\\/\",\"name\":\"Medicinas Inc\",\"description\":\"Health Medical Clinic\",\"potentialAction\":[{\"@type\":\"SearchAction\",\"target\":{\"@type\":\"EntryPoint\",\"urlTemplate\":\"https:\\\/\\\/medicinasinc.com\\\/pt\\\/?s={search_term_string}\"},\"query-input\":{\"@type\":\"PropertyValueSpecification\",\"valueRequired\":true,\"valueName\":\"search_term_string\"}}],\"inLanguage\":\"pt-PT\"}]}<\/script>\n<!-- \/ Yoast SEO plugin. -->","yoast_head_json":{"title":"Compre Snoops Dream Marijuana - Melhores Melhores Medicamentos Globais","description":"Cruzando o Blue Dream com Master Kush, duas variedades vibrantes e poderosas que dizem ser ... Esta \u00e9 a melhor plataforma para comprar maconha Snoop's Dream \u00e0 venda.","robots":{"index":"index","follow":"follow","max-snippet":"max-snippet:-1","max-image-preview":"max-image-preview:large","max-video-preview":"max-video-preview:-1"},"canonical":"https:\/\/medicinasinc.com\/pt\/product\/comprar-snoops-sonho-maconha\/","og_locale":"pt_PT","og_type":"article","og_title":"Compre Snoops Dream Marijuana - Melhores Melhores Medicamentos Globais","og_description":"Cruzando o Blue Dream com Master Kush, duas variedades vibrantes e poderosas que dizem ser ... Esta \u00e9 a melhor plataforma para comprar maconha Snoop's Dream \u00e0 venda.","og_url":"https:\/\/medicinasinc.com\/pt\/product\/comprar-snoops-sonho-maconha\/","og_site_name":"Medicinas Inc","article_modified_time":"2022-07-05T23:28:08+00:00","og_image":[{"width":2000,"height":1333,"url":"https:\/\/medicinasinc.com\/pt\/wp-content\/uploads\/sites\/20\/2022\/02\/Buy-Snoops-Dream-Marijuana.jpg","type":"image\/jpeg"}],"twitter_card":"summary_large_image","twitter_misc":{"Tempo estimado de leitura":"1 minuto"},"schema":{"@context":"https:\/\/schema.org","@graph":[{"@type":"WebPage","@id":"https:\/\/medicinasinc.com\/pt\/product\/comprar-snoops-sonho-maconha\/","url":"https:\/\/medicinasinc.com\/pt\/product\/comprar-snoops-sonho-maconha\/","name":"Compre Snoops Dream Marijuana - Melhores Melhores Medicamentos Globais","isPartOf":{"@id":"https:\/\/medicinasinc.com\/pt\/#website"},"primaryImageOfPage":{"@id":"https:\/\/medicinasinc.com\/pt\/product\/comprar-snoops-sonho-maconha\/#primaryimage"},"image":{"@id":"https:\/\/medicinasinc.com\/pt\/product\/comprar-snoops-sonho-maconha\/#primaryimage"},"thumbnailUrl":"https:\/\/medicinasinc.com\/pt\/wp-content\/uploads\/sites\/20\/2022\/02\/Buy-Snoops-Dream-Marijuana.jpg","datePublished":"2022-02-20T19:49:25+00:00","dateModified":"2022-07-05T23:28:08+00:00","description":"Cruzando o Blue Dream com Master Kush, duas variedades vibrantes e poderosas que dizem ser ... Esta \u00e9 a melhor plataforma para comprar maconha Snoop's Dream \u00e0 venda.","breadcrumb":{"@id":"https:\/\/medicinasinc.com\/pt\/product\/comprar-snoops-sonho-maconha\/#breadcrumb"},"inLanguage":"pt-PT","potentialAction":[{"@type":"ReadAction","target":["https:\/\/medicinasinc.com\/pt\/product\/comprar-snoops-sonho-maconha\/"]}]},{"@type":"ImageObject","inLanguage":"pt-PT","@id":"https:\/\/medicinasinc.com\/pt\/product\/comprar-snoops-sonho-maconha\/#primaryimage","url":"https:\/\/medicinasinc.com\/pt\/wp-content\/uploads\/sites\/20\/2022\/02\/Buy-Snoops-Dream-Marijuana.jpg","contentUrl":"https:\/\/medicinasinc.com\/pt\/wp-content\/uploads\/sites\/20\/2022\/02\/Buy-Snoops-Dream-Marijuana.jpg","width":2000,"height":1333},{"@type":"BreadcrumbList","@id":"https:\/\/medicinasinc.com\/pt\/product\/comprar-snoops-sonho-maconha\/#breadcrumb","itemListElement":[{"@type":"ListItem","position":1,"name":"Comprar","item":"https:\/\/medicinasinc.com\/pt\/comprar\/"},{"@type":"ListItem","position":2,"name":"Compre maconha Snoop&#8217;s Dream"}]},{"@type":"WebSite","@id":"https:\/\/medicinasinc.com\/pt\/#website","url":"https:\/\/medicinasinc.com\/pt\/","name":"Medicinas Inc","description":"Health Medical Clinic","potentialAction":[{"@type":"SearchAction","target":{"@type":"EntryPoint","urlTemplate":"https:\/\/medicinasinc.com\/pt\/?s={search_term_string}"},"query-input":{"@type":"PropertyValueSpecification","valueRequired":true,"valueName":"search_term_string"}}],"inLanguage":"pt-PT"}]}},"_links":{"self":[{"href":"https:\/\/medicinasinc.com\/pt\/wp-json\/wp\/v2\/product\/5066","targetHints":{"allow":["GET"]}}],"collection":[{"href":"https:\/\/medicinasinc.com\/pt\/wp-json\/wp\/v2\/product"}],"about":[{"href":"https:\/\/medicinasinc.com\/pt\/wp-json\/wp\/v2\/types\/product"}],"replies":[{"embeddable":true,"href":"https:\/\/medicinasinc.com\/pt\/wp-json\/wp\/v2\/comments?post=5066"}],"wp:featuredmedia":[{"embeddable":true,"href":"https:\/\/medicinasinc.com\/pt\/wp-json\/wp\/v2\/media\/5083"}],"wp:attachment":[{"href":"https:\/\/medicinasinc.com\/pt\/wp-json\/wp\/v2\/media?parent=5066"}],"wp:term":[{"taxonomy":"product_brand","embeddable":true,"href":"https:\/\/medicinasinc.com\/pt\/wp-json\/wp\/v2\/product_brand?post=5066"},{"taxonomy":"product_cat","embeddable":true,"href":"https:\/\/medicinasinc.com\/pt\/wp-json\/wp\/v2\/product_cat?post=5066"},{"taxonomy":"product_tag","embeddable":true,"href":"https:\/\/medicinasinc.com\/pt\/wp-json\/wp\/v2\/product_tag?post=5066"}],"curies":[{"name":"wp","href":"https:\/\/api.w.org\/{rel}","templated":true}]}}