{"id":5047,"date":"2022-02-20T19:35:13","date_gmt":"2022-02-20T19:35:13","guid":{"rendered":"https:\/\/medicinasinc.com\/pt\/?post_type=product&#038;p=5047"},"modified":"2022-07-05T23:28:22","modified_gmt":"2022-07-05T23:28:22","slug":"comprar-dragao-roxo-maconha-aaaaa","status":"publish","type":"product","link":"https:\/\/medicinasinc.com\/pt\/product\/comprar-dragao-roxo-maconha-aaaaa\/","title":{"rendered":"Compre maconha Purple Dragon (AAAAA)"},"content":{"rendered":"<p>Purple Dragon cannabis (AAAAA) &#8211; 30% Sativa \/ 60% Indica<\/p>\n<p>Purple Dragon \u00e9 uma variedade h\u00edbrida com domin\u00e2ncia indica criada pelo cruzamento da potente Purple Urkle com a Blue Dragon. Purple Dragon d\u00e1 uma alta equilibrada que acalma e relaxa a mente e o corpo. Esta variedade gera um aroma bastante incomum, combinando s\u00e1lvia almiscarada com um sabor floral distinto que permanece no paladar. Depois de inalar essa tens\u00e3o, a mente fica energizada e uma forte euforia dissipa rapidamente a preocupa\u00e7\u00e3o e a depress\u00e3o. Purple Dragon primeiro oferece aos usu\u00e1rios uma clareza mental estimulante e estimulante; no entanto, esses benef\u00edcios desaparecem gradualmente para deixar os usu\u00e1rios com horas de al\u00edvio da dor e seda\u00e7\u00e3o. Dores e dores corporais gerais diminuir\u00e3o \u00e0 medida que o corpo do usu\u00e1rio entrar gradualmente em um estado de relaxamento sentido tanto f\u00edsica quanto mentalmente. O Purple Dragon \u00e9 uma op\u00e7\u00e3o de tratamento \u00fatil para uma variedade de doen\u00e7as, incluindo ansiedade, depress\u00e3o, transtornos de humor, exaust\u00e3o f\u00edsica, enxaquecas \/ dores de cabe\u00e7a, dor cr\u00f4nica e perda de apetite.<\/p>\n<div class=\"product-next-previous\">\n<div class=\"product-prev\"><\/div><\/div>\n","protected":false},"excerpt":{"rendered":"<p>Purple Dragon Crassula (Crassula multicava) \u00e9 uma suculenta impressionante e colorida que tem grandes&#8230; Compre tr\u00eas ou mais itens e receba-os por US$ 10,80 cada.<\/p>\n<ul>\n<li>AAAAA representa o melhor dos melhores!<\/li>\n<li>Contate-nos para pedidos no atacado<\/li>\n<li>Em todo o mundo envio.<\/li>\n<\/ul>\n","protected":false},"featured_media":5067,"comment_status":"open","ping_status":"closed","template":"","meta":[],"product_brand":[],"product_cat":[778],"product_tag":[1008,1007,1006,1010,1009],"class_list":{"0":"post-5047","1":"product","2":"type-product","3":"status-publish","4":"has-post-thumbnail","6":"product_cat-erva-a-venda","7":"product_tag-resenhas-de-drago-roxo","8":"product_tag-desenho-de-drago-roxo-e-verde","9":"product_tag-nomes-de-drago-verde-e-roxo","10":"product_tag-purple-dragon-stuffed-animal-big","11":"product_tag-site-de-tesoura-de-drago-roxo","13":"first","14":"instock","15":"shipping-taxable","16":"purchasable","17":"product-type-variable","18":"has-default-attributes"},"yoast_head":"<!-- This site is optimized with the Yoast SEO plugin v27.3 - https:\/\/yoast.com\/product\/yoast-seo-wordpress\/ -->\n<title>Compre Purple Dragon (AAAA) - Best Best Best Global Meds<\/title>\n<meta name=\"description\" content=\"Compre a variedade de maconha Purple Dragon. Et\u00e9reo e surreal, o drag\u00e3o roxo \u00e9 o guardi\u00e3o dos cristais sobrenaturais. Pintado Digital por Tobias Vyseri.\" \/>\n<meta name=\"robots\" content=\"index, follow, max-snippet:-1, max-image-preview:large, max-video-preview:-1\" \/>\n<link rel=\"canonical\" href=\"https:\/\/medicinasinc.com\/pt\/product\/comprar-dragao-roxo-maconha-aaaaa\/\" \/>\n<meta property=\"og:locale\" content=\"pt_PT\" \/>\n<meta property=\"og:type\" content=\"article\" \/>\n<meta property=\"og:title\" content=\"Compre Purple Dragon (AAAA) - Best Best Best Global Meds\" \/>\n<meta property=\"og:description\" content=\"Compre a variedade de maconha Purple Dragon. Et\u00e9reo e surreal, o drag\u00e3o roxo \u00e9 o guardi\u00e3o dos cristais sobrenaturais. Pintado Digital por Tobias Vyseri.\" \/>\n<meta property=\"og:url\" content=\"https:\/\/medicinasinc.com\/pt\/product\/comprar-dragao-roxo-maconha-aaaaa\/\" \/>\n<meta property=\"og:site_name\" content=\"Medicinas Inc\" \/>\n<meta property=\"article:modified_time\" content=\"2022-07-05T23:28:22+00:00\" \/>\n<meta property=\"og:image\" content=\"https:\/\/medicinasinc.com\/pt\/wp-content\/uploads\/sites\/20\/2022\/02\/Buy-Purple-Dragon.jpg\" \/>\n\t<meta property=\"og:image:width\" content=\"541\" \/>\n\t<meta property=\"og:image:height\" content=\"459\" \/>\n\t<meta property=\"og:image:type\" content=\"image\/jpeg\" \/>\n<meta name=\"twitter:card\" content=\"summary_large_image\" \/>\n<meta name=\"twitter:label1\" content=\"Tempo estimado de leitura\" \/>\n\t<meta name=\"twitter:data1\" content=\"1 minuto\" \/>\n<script type=\"application\/ld+json\" class=\"yoast-schema-graph\">{\"@context\":\"https:\\\/\\\/schema.org\",\"@graph\":[{\"@type\":\"WebPage\",\"@id\":\"https:\\\/\\\/medicinasinc.com\\\/pt\\\/product\\\/comprar-dragao-roxo-maconha-aaaaa\\\/\",\"url\":\"https:\\\/\\\/medicinasinc.com\\\/pt\\\/product\\\/comprar-dragao-roxo-maconha-aaaaa\\\/\",\"name\":\"Compre Purple Dragon (AAAA) - Best Best Best Global Meds\",\"isPartOf\":{\"@id\":\"https:\\\/\\\/medicinasinc.com\\\/pt\\\/#website\"},\"primaryImageOfPage\":{\"@id\":\"https:\\\/\\\/medicinasinc.com\\\/pt\\\/product\\\/comprar-dragao-roxo-maconha-aaaaa\\\/#primaryimage\"},\"image\":{\"@id\":\"https:\\\/\\\/medicinasinc.com\\\/pt\\\/product\\\/comprar-dragao-roxo-maconha-aaaaa\\\/#primaryimage\"},\"thumbnailUrl\":\"https:\\\/\\\/medicinasinc.com\\\/pt\\\/wp-content\\\/uploads\\\/sites\\\/20\\\/2022\\\/02\\\/Buy-Purple-Dragon.jpg\",\"datePublished\":\"2022-02-20T19:35:13+00:00\",\"dateModified\":\"2022-07-05T23:28:22+00:00\",\"description\":\"Compre a variedade de maconha Purple Dragon. Et\u00e9reo e surreal, o drag\u00e3o roxo \u00e9 o guardi\u00e3o dos cristais sobrenaturais. Pintado Digital por Tobias Vyseri.\",\"breadcrumb\":{\"@id\":\"https:\\\/\\\/medicinasinc.com\\\/pt\\\/product\\\/comprar-dragao-roxo-maconha-aaaaa\\\/#breadcrumb\"},\"inLanguage\":\"pt-PT\",\"potentialAction\":[{\"@type\":\"ReadAction\",\"target\":[\"https:\\\/\\\/medicinasinc.com\\\/pt\\\/product\\\/comprar-dragao-roxo-maconha-aaaaa\\\/\"]}]},{\"@type\":\"ImageObject\",\"inLanguage\":\"pt-PT\",\"@id\":\"https:\\\/\\\/medicinasinc.com\\\/pt\\\/product\\\/comprar-dragao-roxo-maconha-aaaaa\\\/#primaryimage\",\"url\":\"https:\\\/\\\/medicinasinc.com\\\/pt\\\/wp-content\\\/uploads\\\/sites\\\/20\\\/2022\\\/02\\\/Buy-Purple-Dragon.jpg\",\"contentUrl\":\"https:\\\/\\\/medicinasinc.com\\\/pt\\\/wp-content\\\/uploads\\\/sites\\\/20\\\/2022\\\/02\\\/Buy-Purple-Dragon.jpg\",\"width\":541,\"height\":459},{\"@type\":\"BreadcrumbList\",\"@id\":\"https:\\\/\\\/medicinasinc.com\\\/pt\\\/product\\\/comprar-dragao-roxo-maconha-aaaaa\\\/#breadcrumb\",\"itemListElement\":[{\"@type\":\"ListItem\",\"position\":1,\"name\":\"Comprar\",\"item\":\"https:\\\/\\\/medicinasinc.com\\\/pt\\\/comprar\\\/\"},{\"@type\":\"ListItem\",\"position\":2,\"name\":\"Compre maconha Purple Dragon (AAAAA)\"}]},{\"@type\":\"WebSite\",\"@id\":\"https:\\\/\\\/medicinasinc.com\\\/pt\\\/#website\",\"url\":\"https:\\\/\\\/medicinasinc.com\\\/pt\\\/\",\"name\":\"Medicinas Inc\",\"description\":\"Health Medical Clinic\",\"potentialAction\":[{\"@type\":\"SearchAction\",\"target\":{\"@type\":\"EntryPoint\",\"urlTemplate\":\"https:\\\/\\\/medicinasinc.com\\\/pt\\\/?s={search_term_string}\"},\"query-input\":{\"@type\":\"PropertyValueSpecification\",\"valueRequired\":true,\"valueName\":\"search_term_string\"}}],\"inLanguage\":\"pt-PT\"}]}<\/script>\n<!-- \/ Yoast SEO plugin. -->","yoast_head_json":{"title":"Compre Purple Dragon (AAAA) - Best Best Best Global Meds","description":"Compre a variedade de maconha Purple Dragon. Et\u00e9reo e surreal, o drag\u00e3o roxo \u00e9 o guardi\u00e3o dos cristais sobrenaturais. Pintado Digital por Tobias Vyseri.","robots":{"index":"index","follow":"follow","max-snippet":"max-snippet:-1","max-image-preview":"max-image-preview:large","max-video-preview":"max-video-preview:-1"},"canonical":"https:\/\/medicinasinc.com\/pt\/product\/comprar-dragao-roxo-maconha-aaaaa\/","og_locale":"pt_PT","og_type":"article","og_title":"Compre Purple Dragon (AAAA) - Best Best Best Global Meds","og_description":"Compre a variedade de maconha Purple Dragon. Et\u00e9reo e surreal, o drag\u00e3o roxo \u00e9 o guardi\u00e3o dos cristais sobrenaturais. Pintado Digital por Tobias Vyseri.","og_url":"https:\/\/medicinasinc.com\/pt\/product\/comprar-dragao-roxo-maconha-aaaaa\/","og_site_name":"Medicinas Inc","article_modified_time":"2022-07-05T23:28:22+00:00","og_image":[{"width":541,"height":459,"url":"https:\/\/medicinasinc.com\/pt\/wp-content\/uploads\/sites\/20\/2022\/02\/Buy-Purple-Dragon.jpg","type":"image\/jpeg"}],"twitter_card":"summary_large_image","twitter_misc":{"Tempo estimado de leitura":"1 minuto"},"schema":{"@context":"https:\/\/schema.org","@graph":[{"@type":"WebPage","@id":"https:\/\/medicinasinc.com\/pt\/product\/comprar-dragao-roxo-maconha-aaaaa\/","url":"https:\/\/medicinasinc.com\/pt\/product\/comprar-dragao-roxo-maconha-aaaaa\/","name":"Compre Purple Dragon (AAAA) - Best Best Best Global Meds","isPartOf":{"@id":"https:\/\/medicinasinc.com\/pt\/#website"},"primaryImageOfPage":{"@id":"https:\/\/medicinasinc.com\/pt\/product\/comprar-dragao-roxo-maconha-aaaaa\/#primaryimage"},"image":{"@id":"https:\/\/medicinasinc.com\/pt\/product\/comprar-dragao-roxo-maconha-aaaaa\/#primaryimage"},"thumbnailUrl":"https:\/\/medicinasinc.com\/pt\/wp-content\/uploads\/sites\/20\/2022\/02\/Buy-Purple-Dragon.jpg","datePublished":"2022-02-20T19:35:13+00:00","dateModified":"2022-07-05T23:28:22+00:00","description":"Compre a variedade de maconha Purple Dragon. Et\u00e9reo e surreal, o drag\u00e3o roxo \u00e9 o guardi\u00e3o dos cristais sobrenaturais. Pintado Digital por Tobias Vyseri.","breadcrumb":{"@id":"https:\/\/medicinasinc.com\/pt\/product\/comprar-dragao-roxo-maconha-aaaaa\/#breadcrumb"},"inLanguage":"pt-PT","potentialAction":[{"@type":"ReadAction","target":["https:\/\/medicinasinc.com\/pt\/product\/comprar-dragao-roxo-maconha-aaaaa\/"]}]},{"@type":"ImageObject","inLanguage":"pt-PT","@id":"https:\/\/medicinasinc.com\/pt\/product\/comprar-dragao-roxo-maconha-aaaaa\/#primaryimage","url":"https:\/\/medicinasinc.com\/pt\/wp-content\/uploads\/sites\/20\/2022\/02\/Buy-Purple-Dragon.jpg","contentUrl":"https:\/\/medicinasinc.com\/pt\/wp-content\/uploads\/sites\/20\/2022\/02\/Buy-Purple-Dragon.jpg","width":541,"height":459},{"@type":"BreadcrumbList","@id":"https:\/\/medicinasinc.com\/pt\/product\/comprar-dragao-roxo-maconha-aaaaa\/#breadcrumb","itemListElement":[{"@type":"ListItem","position":1,"name":"Comprar","item":"https:\/\/medicinasinc.com\/pt\/comprar\/"},{"@type":"ListItem","position":2,"name":"Compre maconha Purple Dragon (AAAAA)"}]},{"@type":"WebSite","@id":"https:\/\/medicinasinc.com\/pt\/#website","url":"https:\/\/medicinasinc.com\/pt\/","name":"Medicinas Inc","description":"Health Medical Clinic","potentialAction":[{"@type":"SearchAction","target":{"@type":"EntryPoint","urlTemplate":"https:\/\/medicinasinc.com\/pt\/?s={search_term_string}"},"query-input":{"@type":"PropertyValueSpecification","valueRequired":true,"valueName":"search_term_string"}}],"inLanguage":"pt-PT"}]}},"_links":{"self":[{"href":"https:\/\/medicinasinc.com\/pt\/wp-json\/wp\/v2\/product\/5047","targetHints":{"allow":["GET"]}}],"collection":[{"href":"https:\/\/medicinasinc.com\/pt\/wp-json\/wp\/v2\/product"}],"about":[{"href":"https:\/\/medicinasinc.com\/pt\/wp-json\/wp\/v2\/types\/product"}],"replies":[{"embeddable":true,"href":"https:\/\/medicinasinc.com\/pt\/wp-json\/wp\/v2\/comments?post=5047"}],"wp:featuredmedia":[{"embeddable":true,"href":"https:\/\/medicinasinc.com\/pt\/wp-json\/wp\/v2\/media\/5067"}],"wp:attachment":[{"href":"https:\/\/medicinasinc.com\/pt\/wp-json\/wp\/v2\/media?parent=5047"}],"wp:term":[{"taxonomy":"product_brand","embeddable":true,"href":"https:\/\/medicinasinc.com\/pt\/wp-json\/wp\/v2\/product_brand?post=5047"},{"taxonomy":"product_cat","embeddable":true,"href":"https:\/\/medicinasinc.com\/pt\/wp-json\/wp\/v2\/product_cat?post=5047"},{"taxonomy":"product_tag","embeddable":true,"href":"https:\/\/medicinasinc.com\/pt\/wp-json\/wp\/v2\/product_tag?post=5047"}],"curies":[{"name":"wp","href":"https:\/\/api.w.org\/{rel}","templated":true}]}}