{"id":5046,"date":"2022-02-20T19:34:10","date_gmt":"2022-02-20T19:34:10","guid":{"rendered":"https:\/\/medicinasinc.com\/pt\/?post_type=product&#038;p=5046"},"modified":"2022-07-05T23:28:37","modified_gmt":"2022-07-05T23:28:37","slug":"comprar-chocolate-fondue-cepa","status":"publish","type":"product","link":"https:\/\/medicinasinc.com\/pt\/product\/comprar-chocolate-fondue-cepa\/","title":{"rendered":"Compre uma variedade de fondue de chocolate"},"content":{"rendered":"<p>Informa\u00e7\u00f5es sobre a Linhagem de Fondue de Chocolate<\/p>\n<p>O Fondue de Chocolate \u00e9 um cruzamento com domin\u00e2ncia Sativa desenvolvido pela DNA Genetics que combina os poderes de eleva\u00e7\u00e3o do Chocolope com os efeitos calmantes e sabores \u00fanicos do Queijo Exodus.<\/p>\n<p>Os efeitos do fondue de chocolate acalmam o corpo e acalmam a mente, levando voc\u00ea a um estado de consci\u00eancia agrad\u00e1vel. Esta variedade de cannabis \u00e9 \u00f3tima de dia ou de noite devido \u00e0 sua fragr\u00e2ncia diversificada e sabores doces.<\/p>\n<p>Propriedades medicinais da variedade de fondue de chocolate<\/p>\n<p>Existem in\u00fameras raz\u00f5es para usar variedades de cannabis. A seguir est\u00e3o as seis principais raz\u00f5es para considerar empreg\u00e1-los. Naturalmente, quanto maior a pot\u00eancia, mais forte a alta!<\/p>\n<p>1 \u2013 Alivia a dor cr\u00f4nica<\/p>\n<p>A cannabis cont\u00e9m uma composi\u00e7\u00e3o qu\u00edmica que auxilia na redu\u00e7\u00e3o da dor. Geralmente, a cor da cannabis tamb\u00e9m indica sua pot\u00eancia. Muitas pessoas descobriram que isso \u00e9 verdade.<\/p>\n<p>2 &#8211; Aumento da capacidade dos pulm\u00f5es<\/p>\n<p>Voc\u00ea est\u00e1 ciente? Fumar cannabis \u00e9 muito superior a fumar cigarros. Al\u00e9m disso, ir\u00e1 ajud\u00e1-lo a aumentar a capacidade pulmonar.<\/p>\n<p>3 \u2013 Obesidade<\/p>\n<p>A grande maioria dos usu\u00e1rios de maconha n\u00e3o \u00e9 obesa. Isso ocorre porque o uso regular desta flor de maconha ajudar\u00e1 voc\u00ea a controlar seu consumo de calorias.<\/p>\n<p>4 \u2013 Preven\u00e7\u00e3o do Diabetes<\/p>\n<p>Uma vez diagnosticado com diabetes, voc\u00ea o ter\u00e1 pelo resto de sua vida vida. Voc\u00ea pode simplesmente gerenciar seus n\u00edveis de a\u00e7\u00facar no sangue para que eles n\u00e3o continuem a subir.<\/p>\n<p>A cannabis pode ajudar na estabiliza\u00e7\u00e3o do a\u00e7\u00facar no sangue e na redu\u00e7\u00e3o da press\u00e3o arterial!<\/p>\n<p>5 \u2013 Auxilia indiv\u00edduos deprimidos<\/p>\n<p> p&gt; <\/p>\n<p>Algumas pessoas ficam deprimidas sem perceber. A cannabis pode ajudar a acalmar seu humor em caso de depress\u00e3o.<\/p>\n<p>Onde comprar uma variedade de fondue de chocolate no Canad\u00e1<\/p>\n<p>Embora existam outros dispens\u00e1rios no Canad\u00e1 onde voc\u00ea pode obter fondue de chocolate cepa de ervas daninhas, nosso dispens\u00e1rio no Mail Order Marijuana oferece alguns dos produtos da mais alta qualidade dispon\u00edveis.<\/p>\n<p>Garantimos que voc\u00ea receber\u00e1 produtos de alta qualidade ou devolveremos seu dinheiro!<\/p>\n<p>Al\u00e9m disso , pedidos acima de US$ 100 recebem frete gr\u00e1tis!<\/p>\n","protected":false},"excerpt":{"rendered":"<div class=\"woocommerce-product-details__short-description\">\n<p>Compre on-line uma variedade de fondue de chocolate de qualidade. Chocolate Fondue Strain \u00e9 um h\u00edbrido sativa dominante \u2013 80% Sativa \/ 20% Indica THC: 17%<\/p>\n<\/p><\/div>\n","protected":false},"featured_media":5065,"comment_status":"open","ping_status":"closed","template":"","meta":[],"product_brand":[],"product_cat":[778],"product_tag":[1005,1004],"class_list":{"0":"post-5046","1":"product","2":"type-product","3":"status-publish","4":"has-post-thumbnail","6":"product_cat-erva-a-venda","7":"product_tag-chocolate-fudge-estirpe","8":"product_tag-cheese-fondue-strain","10":"first","11":"instock","12":"shipping-taxable","13":"purchasable","14":"product-type-variable","15":"has-default-attributes"},"yoast_head":"<!-- This site is optimized with the Yoast SEO plugin v27.3 - https:\/\/yoast.com\/product\/yoast-seo-wordpress\/ -->\n<title>Compre linha de fondue de chocolate de qualidade on-line - melhores medicamentos globais<\/title>\n<meta name=\"description\" content=\"Compre online a variedade de fondue de chocolate de qualidade. Chocolate Fondue Strain \u00e9 um h\u00edbrido sativa dominante \u2013 80% Sativa \/ 20% Indica THC: 17%\" \/>\n<meta name=\"robots\" content=\"index, follow, max-snippet:-1, max-image-preview:large, max-video-preview:-1\" \/>\n<link rel=\"canonical\" href=\"https:\/\/medicinasinc.com\/pt\/product\/comprar-chocolate-fondue-cepa\/\" \/>\n<meta property=\"og:locale\" content=\"pt_PT\" \/>\n<meta property=\"og:type\" content=\"article\" \/>\n<meta property=\"og:title\" content=\"Compre linha de fondue de chocolate de qualidade on-line - melhores medicamentos globais\" \/>\n<meta property=\"og:description\" content=\"Compre online a variedade de fondue de chocolate de qualidade. Chocolate Fondue Strain \u00e9 um h\u00edbrido sativa dominante \u2013 80% Sativa \/ 20% Indica THC: 17%\" \/>\n<meta property=\"og:url\" content=\"https:\/\/medicinasinc.com\/pt\/product\/comprar-chocolate-fondue-cepa\/\" \/>\n<meta property=\"og:site_name\" content=\"Medicinas Inc\" \/>\n<meta property=\"article:modified_time\" content=\"2022-07-05T23:28:37+00:00\" \/>\n<meta property=\"og:image\" content=\"https:\/\/medicinasinc.com\/pt\/wp-content\/uploads\/sites\/20\/2022\/02\/Buy-Quality-Chocolate-Fondue.jpg\" \/>\n\t<meta property=\"og:image:width\" content=\"667\" \/>\n\t<meta property=\"og:image:height\" content=\"1000\" \/>\n\t<meta property=\"og:image:type\" content=\"image\/jpeg\" \/>\n<meta name=\"twitter:card\" content=\"summary_large_image\" \/>\n<meta name=\"twitter:label1\" content=\"Tempo estimado de leitura\" \/>\n\t<meta name=\"twitter:data1\" content=\"2 minutos\" \/>\n<script type=\"application\/ld+json\" class=\"yoast-schema-graph\">{\"@context\":\"https:\\\/\\\/schema.org\",\"@graph\":[{\"@type\":\"WebPage\",\"@id\":\"https:\\\/\\\/medicinasinc.com\\\/pt\\\/product\\\/comprar-chocolate-fondue-cepa\\\/\",\"url\":\"https:\\\/\\\/medicinasinc.com\\\/pt\\\/product\\\/comprar-chocolate-fondue-cepa\\\/\",\"name\":\"Compre linha de fondue de chocolate de qualidade on-line - melhores medicamentos globais\",\"isPartOf\":{\"@id\":\"https:\\\/\\\/medicinasinc.com\\\/pt\\\/#website\"},\"primaryImageOfPage\":{\"@id\":\"https:\\\/\\\/medicinasinc.com\\\/pt\\\/product\\\/comprar-chocolate-fondue-cepa\\\/#primaryimage\"},\"image\":{\"@id\":\"https:\\\/\\\/medicinasinc.com\\\/pt\\\/product\\\/comprar-chocolate-fondue-cepa\\\/#primaryimage\"},\"thumbnailUrl\":\"https:\\\/\\\/medicinasinc.com\\\/pt\\\/wp-content\\\/uploads\\\/sites\\\/20\\\/2022\\\/02\\\/Buy-Quality-Chocolate-Fondue.jpg\",\"datePublished\":\"2022-02-20T19:34:10+00:00\",\"dateModified\":\"2022-07-05T23:28:37+00:00\",\"description\":\"Compre online a variedade de fondue de chocolate de qualidade. Chocolate Fondue Strain \u00e9 um h\u00edbrido sativa dominante \u2013 80% Sativa \\\/ 20% Indica THC: 17%\",\"breadcrumb\":{\"@id\":\"https:\\\/\\\/medicinasinc.com\\\/pt\\\/product\\\/comprar-chocolate-fondue-cepa\\\/#breadcrumb\"},\"inLanguage\":\"pt-PT\",\"potentialAction\":[{\"@type\":\"ReadAction\",\"target\":[\"https:\\\/\\\/medicinasinc.com\\\/pt\\\/product\\\/comprar-chocolate-fondue-cepa\\\/\"]}]},{\"@type\":\"ImageObject\",\"inLanguage\":\"pt-PT\",\"@id\":\"https:\\\/\\\/medicinasinc.com\\\/pt\\\/product\\\/comprar-chocolate-fondue-cepa\\\/#primaryimage\",\"url\":\"https:\\\/\\\/medicinasinc.com\\\/pt\\\/wp-content\\\/uploads\\\/sites\\\/20\\\/2022\\\/02\\\/Buy-Quality-Chocolate-Fondue.jpg\",\"contentUrl\":\"https:\\\/\\\/medicinasinc.com\\\/pt\\\/wp-content\\\/uploads\\\/sites\\\/20\\\/2022\\\/02\\\/Buy-Quality-Chocolate-Fondue.jpg\",\"width\":667,\"height\":1000},{\"@type\":\"BreadcrumbList\",\"@id\":\"https:\\\/\\\/medicinasinc.com\\\/pt\\\/product\\\/comprar-chocolate-fondue-cepa\\\/#breadcrumb\",\"itemListElement\":[{\"@type\":\"ListItem\",\"position\":1,\"name\":\"Comprar\",\"item\":\"https:\\\/\\\/medicinasinc.com\\\/pt\\\/comprar\\\/\"},{\"@type\":\"ListItem\",\"position\":2,\"name\":\"Compre uma variedade de fondue de chocolate\"}]},{\"@type\":\"WebSite\",\"@id\":\"https:\\\/\\\/medicinasinc.com\\\/pt\\\/#website\",\"url\":\"https:\\\/\\\/medicinasinc.com\\\/pt\\\/\",\"name\":\"Medicinas Inc\",\"description\":\"Health Medical Clinic\",\"potentialAction\":[{\"@type\":\"SearchAction\",\"target\":{\"@type\":\"EntryPoint\",\"urlTemplate\":\"https:\\\/\\\/medicinasinc.com\\\/pt\\\/?s={search_term_string}\"},\"query-input\":{\"@type\":\"PropertyValueSpecification\",\"valueRequired\":true,\"valueName\":\"search_term_string\"}}],\"inLanguage\":\"pt-PT\"}]}<\/script>\n<!-- \/ Yoast SEO plugin. -->","yoast_head_json":{"title":"Compre linha de fondue de chocolate de qualidade on-line - melhores medicamentos globais","description":"Compre online a variedade de fondue de chocolate de qualidade. Chocolate Fondue Strain \u00e9 um h\u00edbrido sativa dominante \u2013 80% Sativa \/ 20% Indica THC: 17%","robots":{"index":"index","follow":"follow","max-snippet":"max-snippet:-1","max-image-preview":"max-image-preview:large","max-video-preview":"max-video-preview:-1"},"canonical":"https:\/\/medicinasinc.com\/pt\/product\/comprar-chocolate-fondue-cepa\/","og_locale":"pt_PT","og_type":"article","og_title":"Compre linha de fondue de chocolate de qualidade on-line - melhores medicamentos globais","og_description":"Compre online a variedade de fondue de chocolate de qualidade. Chocolate Fondue Strain \u00e9 um h\u00edbrido sativa dominante \u2013 80% Sativa \/ 20% Indica THC: 17%","og_url":"https:\/\/medicinasinc.com\/pt\/product\/comprar-chocolate-fondue-cepa\/","og_site_name":"Medicinas Inc","article_modified_time":"2022-07-05T23:28:37+00:00","og_image":[{"width":667,"height":1000,"url":"https:\/\/medicinasinc.com\/pt\/wp-content\/uploads\/sites\/20\/2022\/02\/Buy-Quality-Chocolate-Fondue.jpg","type":"image\/jpeg"}],"twitter_card":"summary_large_image","twitter_misc":{"Tempo estimado de leitura":"2 minutos"},"schema":{"@context":"https:\/\/schema.org","@graph":[{"@type":"WebPage","@id":"https:\/\/medicinasinc.com\/pt\/product\/comprar-chocolate-fondue-cepa\/","url":"https:\/\/medicinasinc.com\/pt\/product\/comprar-chocolate-fondue-cepa\/","name":"Compre linha de fondue de chocolate de qualidade on-line - melhores medicamentos globais","isPartOf":{"@id":"https:\/\/medicinasinc.com\/pt\/#website"},"primaryImageOfPage":{"@id":"https:\/\/medicinasinc.com\/pt\/product\/comprar-chocolate-fondue-cepa\/#primaryimage"},"image":{"@id":"https:\/\/medicinasinc.com\/pt\/product\/comprar-chocolate-fondue-cepa\/#primaryimage"},"thumbnailUrl":"https:\/\/medicinasinc.com\/pt\/wp-content\/uploads\/sites\/20\/2022\/02\/Buy-Quality-Chocolate-Fondue.jpg","datePublished":"2022-02-20T19:34:10+00:00","dateModified":"2022-07-05T23:28:37+00:00","description":"Compre online a variedade de fondue de chocolate de qualidade. Chocolate Fondue Strain \u00e9 um h\u00edbrido sativa dominante \u2013 80% Sativa \/ 20% Indica THC: 17%","breadcrumb":{"@id":"https:\/\/medicinasinc.com\/pt\/product\/comprar-chocolate-fondue-cepa\/#breadcrumb"},"inLanguage":"pt-PT","potentialAction":[{"@type":"ReadAction","target":["https:\/\/medicinasinc.com\/pt\/product\/comprar-chocolate-fondue-cepa\/"]}]},{"@type":"ImageObject","inLanguage":"pt-PT","@id":"https:\/\/medicinasinc.com\/pt\/product\/comprar-chocolate-fondue-cepa\/#primaryimage","url":"https:\/\/medicinasinc.com\/pt\/wp-content\/uploads\/sites\/20\/2022\/02\/Buy-Quality-Chocolate-Fondue.jpg","contentUrl":"https:\/\/medicinasinc.com\/pt\/wp-content\/uploads\/sites\/20\/2022\/02\/Buy-Quality-Chocolate-Fondue.jpg","width":667,"height":1000},{"@type":"BreadcrumbList","@id":"https:\/\/medicinasinc.com\/pt\/product\/comprar-chocolate-fondue-cepa\/#breadcrumb","itemListElement":[{"@type":"ListItem","position":1,"name":"Comprar","item":"https:\/\/medicinasinc.com\/pt\/comprar\/"},{"@type":"ListItem","position":2,"name":"Compre uma variedade de fondue de chocolate"}]},{"@type":"WebSite","@id":"https:\/\/medicinasinc.com\/pt\/#website","url":"https:\/\/medicinasinc.com\/pt\/","name":"Medicinas Inc","description":"Health Medical Clinic","potentialAction":[{"@type":"SearchAction","target":{"@type":"EntryPoint","urlTemplate":"https:\/\/medicinasinc.com\/pt\/?s={search_term_string}"},"query-input":{"@type":"PropertyValueSpecification","valueRequired":true,"valueName":"search_term_string"}}],"inLanguage":"pt-PT"}]}},"_links":{"self":[{"href":"https:\/\/medicinasinc.com\/pt\/wp-json\/wp\/v2\/product\/5046","targetHints":{"allow":["GET"]}}],"collection":[{"href":"https:\/\/medicinasinc.com\/pt\/wp-json\/wp\/v2\/product"}],"about":[{"href":"https:\/\/medicinasinc.com\/pt\/wp-json\/wp\/v2\/types\/product"}],"replies":[{"embeddable":true,"href":"https:\/\/medicinasinc.com\/pt\/wp-json\/wp\/v2\/comments?post=5046"}],"wp:featuredmedia":[{"embeddable":true,"href":"https:\/\/medicinasinc.com\/pt\/wp-json\/wp\/v2\/media\/5065"}],"wp:attachment":[{"href":"https:\/\/medicinasinc.com\/pt\/wp-json\/wp\/v2\/media?parent=5046"}],"wp:term":[{"taxonomy":"product_brand","embeddable":true,"href":"https:\/\/medicinasinc.com\/pt\/wp-json\/wp\/v2\/product_brand?post=5046"},{"taxonomy":"product_cat","embeddable":true,"href":"https:\/\/medicinasinc.com\/pt\/wp-json\/wp\/v2\/product_cat?post=5046"},{"taxonomy":"product_tag","embeddable":true,"href":"https:\/\/medicinasinc.com\/pt\/wp-json\/wp\/v2\/product_tag?post=5046"}],"curies":[{"name":"wp","href":"https:\/\/api.w.org\/{rel}","templated":true}]}}