{"id":5044,"date":"2022-02-20T19:31:39","date_gmt":"2022-02-20T19:31:39","guid":{"rendered":"https:\/\/medicinasinc.com\/pt\/?post_type=product&#038;p=5044"},"modified":"2022-07-05T23:29:17","modified_gmt":"2022-07-05T23:29:17","slug":"comprar-roxo-destrocos-maconha","status":"publish","type":"product","link":"https:\/\/medicinasinc.com\/pt\/product\/comprar-roxo-destrocos-maconha\/","title":{"rendered":"Compre maconha Purple Wreck"},"content":{"rendered":"<div class=\"et_pb_column et_pb_column_3_8 et_pb_column_inner et_pb_column_inner_4 \">\n<div class=\"et_pb_module et_pb_text et_pb_text_6 et_pb_bg_layout_light et_pb_text_align_left\">\n<div class=\"et_pb_text_inner\">\n<p>Purple Wreck Marijuana for Sale<\/p>\n<p>Purple Wreck is an variedade h\u00edbrida indica-dominante que tem a capacidade de impressionar at\u00e9 o consumidor de cannabis mais experiente. Purple Wreck \u00e9 uma mistura entre a extremamente popular sativa Trainwreck e a colorida e arom\u00e1tica Purple Urkle. Foi criado pela DNA Genetics, os famosos criadores por tr\u00e1s de Chocolope e LA Confidential. Purple Wreck \u00e9 uma excelente escolha para consumo no final do dia devido ao seu corpo forte, calmante, alto e sabor arrojado. A Analytical 360, uma instala\u00e7\u00e3o de testes de cannabis, descobriu que amostras da cepa continham n\u00edveis de THC variando de 10% a impressionantes 31%.<\/p>\n<p>Purple Wreck se distingue por suas flores enormes e de formato perfeito. Esses bot\u00f5es t\u00eam a apar\u00eancia de \u00e1rvores de Natal em miniatura, afinando de uma base larga para uma ponta pontiaguda. Sua estrutura parece ser um cruzamento entre indica e sativa \u2013 embora compactas e densas por dentro, as folhas espiralam para fora com uma textura fofa por fora. A verdadeira estrela da variedade s\u00e3o essas folhas, que deslumbram os consumidores com uma combina\u00e7\u00e3o manchada de verde azeitona, roxo e violeta. Esses tons roxos s\u00e3o causados \u200b\u200bpelo clima mais frio que a m\u00e9dia, ativando os pigmentos de antocianina no DNA da cepa. Finalmente, tricomas brancos pegajosos cobrem toda a superf\u00edcie dessas enormes pepitas, conferindo uma apar\u00eancia gelada e \u00famida.<\/p>\n<p>Os h\u00edbridos de cannabis s\u00e3o um cruzamento entre variedades indica e sativa. Embora as conversas sobre variedades de cannabis tendam a se concentrar nas distin\u00e7\u00f5es entre sativa e indica, esse \u00e9 apenas um aspecto da imagem. De fato, a maioria das cultivares de maconha dispon\u00edveis agora n\u00e3o s\u00e3o sativa pura. Normalmente, eles ser\u00e3o h\u00edbridos dominantes indica ou sativa, ou uma combina\u00e7\u00e3o 50\/50 dos dois. Compra de naufr\u00e1gio roxo on-line<\/p>\n<p>Compra on-line de naufr\u00e1gio roxo<\/p>\n<\/p><\/div><\/div><\/div>\n<div class=\"product-next-previous\">\n<div class=\"product- anterior\"><\/div><\/div>\n","protected":false},"excerpt":{"rendered":"<p>Destrui\u00e7\u00e3o Roxa &#8211; Compre Purple Wreck Online &#8211; Purple Wreck \u00e9 um h\u00edbrido com domin\u00e2ncia indica que tem a capacidade de impressionar at\u00e9 o usu\u00e1rio mais experiente de cannabis.<\/p>\n<p>A variedade de maconha Purple Wreck pode ser comprada on-line.<\/p>\n<p>A maconha Purple Wreck \u00e9 uma indica variedade de maconha. H\u00edbrido dominante &#8211; 60% Indica \/ 40% Sativa Teor de THC de sativa: 18\u201325%<\/p>\n<p>1 oz. pedido m\u00ednimo<\/p>\n<p>&nbsp;<\/p>\n","protected":false},"featured_media":5061,"comment_status":"open","ping_status":"closed","template":"","meta":[],"product_brand":[],"product_cat":[778],"product_tag":[993,989,991,988,995,990,994,992],"class_list":{"0":"post-5044","1":"product","2":"type-product","3":"status-publish","4":"has-post-thumbnail","6":"product_cat-erva-a-venda","7":"product_tag-roxo-wreck-strain-allbud","8":"product_tag-efeitos-de-tenso-de-trem-roxo","9":"product_tag-prpura-destruio-folha","10":"product_tag-preo-do-naufrgio-roxo","11":"product_tag-preo-do-trem-naufrgio","12":"product_tag-reviso-roxo-trainwreck-strain","13":"product_tag-prpura-destruio-estirpe-reserva-privada","14":"product_tag-roxo-naufrgio-sativa-ou-indica","16":"first","17":"instock","18":"shipping-taxable","19":"purchasable","20":"product-type-simple"},"yoast_head":"<!-- This site is optimized with the Yoast SEO plugin v27.3 - https:\/\/yoast.com\/product\/yoast-seo-wordpress\/ -->\n<title>Compre Purple Wreck Marijuana - Melhores Melhores Medicamentos Globais<\/title>\n<meta name=\"description\" content=\"Compre maconha Purple Wreck Online - Purple Wreck \u00e9 um h\u00edbrido de domin\u00e2ncia indica com o poder de impressionar at\u00e9 mesmo consumidores experientes de cannabis.\" \/>\n<meta name=\"robots\" content=\"index, follow, max-snippet:-1, max-image-preview:large, max-video-preview:-1\" \/>\n<link rel=\"canonical\" href=\"https:\/\/medicinasinc.com\/pt\/product\/comprar-roxo-destrocos-maconha\/\" \/>\n<meta property=\"og:locale\" content=\"pt_PT\" \/>\n<meta property=\"og:type\" content=\"article\" \/>\n<meta property=\"og:title\" content=\"Compre Purple Wreck Marijuana - Melhores Melhores Medicamentos Globais\" \/>\n<meta property=\"og:description\" content=\"Compre maconha Purple Wreck Online - Purple Wreck \u00e9 um h\u00edbrido de domin\u00e2ncia indica com o poder de impressionar at\u00e9 mesmo consumidores experientes de cannabis.\" \/>\n<meta property=\"og:url\" content=\"https:\/\/medicinasinc.com\/pt\/product\/comprar-roxo-destrocos-maconha\/\" \/>\n<meta property=\"og:site_name\" content=\"Medicinas Inc\" \/>\n<meta property=\"article:modified_time\" content=\"2022-07-05T23:29:17+00:00\" \/>\n<meta property=\"og:image\" content=\"https:\/\/medicinasinc.com\/pt\/wp-content\/uploads\/sites\/20\/2022\/02\/Buy-Purple-Wreck-Marijuana-1.jpg\" \/>\n\t<meta property=\"og:image:width\" content=\"1245\" \/>\n\t<meta property=\"og:image:height\" content=\"1024\" \/>\n\t<meta property=\"og:image:type\" content=\"image\/jpeg\" \/>\n<meta name=\"twitter:card\" content=\"summary_large_image\" \/>\n<meta name=\"twitter:label1\" content=\"Tempo estimado de leitura\" \/>\n\t<meta name=\"twitter:data1\" content=\"2 minutos\" \/>\n<script type=\"application\/ld+json\" class=\"yoast-schema-graph\">{\"@context\":\"https:\\\/\\\/schema.org\",\"@graph\":[{\"@type\":\"WebPage\",\"@id\":\"https:\\\/\\\/medicinasinc.com\\\/pt\\\/product\\\/comprar-roxo-destrocos-maconha\\\/\",\"url\":\"https:\\\/\\\/medicinasinc.com\\\/pt\\\/product\\\/comprar-roxo-destrocos-maconha\\\/\",\"name\":\"Compre Purple Wreck Marijuana - Melhores Melhores Medicamentos Globais\",\"isPartOf\":{\"@id\":\"https:\\\/\\\/medicinasinc.com\\\/pt\\\/#website\"},\"primaryImageOfPage\":{\"@id\":\"https:\\\/\\\/medicinasinc.com\\\/pt\\\/product\\\/comprar-roxo-destrocos-maconha\\\/#primaryimage\"},\"image\":{\"@id\":\"https:\\\/\\\/medicinasinc.com\\\/pt\\\/product\\\/comprar-roxo-destrocos-maconha\\\/#primaryimage\"},\"thumbnailUrl\":\"https:\\\/\\\/medicinasinc.com\\\/pt\\\/wp-content\\\/uploads\\\/sites\\\/20\\\/2022\\\/02\\\/Buy-Purple-Wreck-Marijuana-1.jpg\",\"datePublished\":\"2022-02-20T19:31:39+00:00\",\"dateModified\":\"2022-07-05T23:29:17+00:00\",\"description\":\"Compre maconha Purple Wreck Online - Purple Wreck \u00e9 um h\u00edbrido de domin\u00e2ncia indica com o poder de impressionar at\u00e9 mesmo consumidores experientes de cannabis.\",\"breadcrumb\":{\"@id\":\"https:\\\/\\\/medicinasinc.com\\\/pt\\\/product\\\/comprar-roxo-destrocos-maconha\\\/#breadcrumb\"},\"inLanguage\":\"pt-PT\",\"potentialAction\":[{\"@type\":\"ReadAction\",\"target\":[\"https:\\\/\\\/medicinasinc.com\\\/pt\\\/product\\\/comprar-roxo-destrocos-maconha\\\/\"]}]},{\"@type\":\"ImageObject\",\"inLanguage\":\"pt-PT\",\"@id\":\"https:\\\/\\\/medicinasinc.com\\\/pt\\\/product\\\/comprar-roxo-destrocos-maconha\\\/#primaryimage\",\"url\":\"https:\\\/\\\/medicinasinc.com\\\/pt\\\/wp-content\\\/uploads\\\/sites\\\/20\\\/2022\\\/02\\\/Buy-Purple-Wreck-Marijuana-1.jpg\",\"contentUrl\":\"https:\\\/\\\/medicinasinc.com\\\/pt\\\/wp-content\\\/uploads\\\/sites\\\/20\\\/2022\\\/02\\\/Buy-Purple-Wreck-Marijuana-1.jpg\",\"width\":1245,\"height\":1024},{\"@type\":\"BreadcrumbList\",\"@id\":\"https:\\\/\\\/medicinasinc.com\\\/pt\\\/product\\\/comprar-roxo-destrocos-maconha\\\/#breadcrumb\",\"itemListElement\":[{\"@type\":\"ListItem\",\"position\":1,\"name\":\"Comprar\",\"item\":\"https:\\\/\\\/medicinasinc.com\\\/pt\\\/comprar\\\/\"},{\"@type\":\"ListItem\",\"position\":2,\"name\":\"Compre maconha Purple Wreck\"}]},{\"@type\":\"WebSite\",\"@id\":\"https:\\\/\\\/medicinasinc.com\\\/pt\\\/#website\",\"url\":\"https:\\\/\\\/medicinasinc.com\\\/pt\\\/\",\"name\":\"Medicinas Inc\",\"description\":\"Health Medical Clinic\",\"potentialAction\":[{\"@type\":\"SearchAction\",\"target\":{\"@type\":\"EntryPoint\",\"urlTemplate\":\"https:\\\/\\\/medicinasinc.com\\\/pt\\\/?s={search_term_string}\"},\"query-input\":{\"@type\":\"PropertyValueSpecification\",\"valueRequired\":true,\"valueName\":\"search_term_string\"}}],\"inLanguage\":\"pt-PT\"}]}<\/script>\n<!-- \/ Yoast SEO plugin. -->","yoast_head_json":{"title":"Compre Purple Wreck Marijuana - Melhores Melhores Medicamentos Globais","description":"Compre maconha Purple Wreck Online - Purple Wreck \u00e9 um h\u00edbrido de domin\u00e2ncia indica com o poder de impressionar at\u00e9 mesmo consumidores experientes de cannabis.","robots":{"index":"index","follow":"follow","max-snippet":"max-snippet:-1","max-image-preview":"max-image-preview:large","max-video-preview":"max-video-preview:-1"},"canonical":"https:\/\/medicinasinc.com\/pt\/product\/comprar-roxo-destrocos-maconha\/","og_locale":"pt_PT","og_type":"article","og_title":"Compre Purple Wreck Marijuana - Melhores Melhores Medicamentos Globais","og_description":"Compre maconha Purple Wreck Online - Purple Wreck \u00e9 um h\u00edbrido de domin\u00e2ncia indica com o poder de impressionar at\u00e9 mesmo consumidores experientes de cannabis.","og_url":"https:\/\/medicinasinc.com\/pt\/product\/comprar-roxo-destrocos-maconha\/","og_site_name":"Medicinas Inc","article_modified_time":"2022-07-05T23:29:17+00:00","og_image":[{"width":1245,"height":1024,"url":"https:\/\/medicinasinc.com\/pt\/wp-content\/uploads\/sites\/20\/2022\/02\/Buy-Purple-Wreck-Marijuana-1.jpg","type":"image\/jpeg"}],"twitter_card":"summary_large_image","twitter_misc":{"Tempo estimado de leitura":"2 minutos"},"schema":{"@context":"https:\/\/schema.org","@graph":[{"@type":"WebPage","@id":"https:\/\/medicinasinc.com\/pt\/product\/comprar-roxo-destrocos-maconha\/","url":"https:\/\/medicinasinc.com\/pt\/product\/comprar-roxo-destrocos-maconha\/","name":"Compre Purple Wreck Marijuana - Melhores Melhores Medicamentos Globais","isPartOf":{"@id":"https:\/\/medicinasinc.com\/pt\/#website"},"primaryImageOfPage":{"@id":"https:\/\/medicinasinc.com\/pt\/product\/comprar-roxo-destrocos-maconha\/#primaryimage"},"image":{"@id":"https:\/\/medicinasinc.com\/pt\/product\/comprar-roxo-destrocos-maconha\/#primaryimage"},"thumbnailUrl":"https:\/\/medicinasinc.com\/pt\/wp-content\/uploads\/sites\/20\/2022\/02\/Buy-Purple-Wreck-Marijuana-1.jpg","datePublished":"2022-02-20T19:31:39+00:00","dateModified":"2022-07-05T23:29:17+00:00","description":"Compre maconha Purple Wreck Online - Purple Wreck \u00e9 um h\u00edbrido de domin\u00e2ncia indica com o poder de impressionar at\u00e9 mesmo consumidores experientes de cannabis.","breadcrumb":{"@id":"https:\/\/medicinasinc.com\/pt\/product\/comprar-roxo-destrocos-maconha\/#breadcrumb"},"inLanguage":"pt-PT","potentialAction":[{"@type":"ReadAction","target":["https:\/\/medicinasinc.com\/pt\/product\/comprar-roxo-destrocos-maconha\/"]}]},{"@type":"ImageObject","inLanguage":"pt-PT","@id":"https:\/\/medicinasinc.com\/pt\/product\/comprar-roxo-destrocos-maconha\/#primaryimage","url":"https:\/\/medicinasinc.com\/pt\/wp-content\/uploads\/sites\/20\/2022\/02\/Buy-Purple-Wreck-Marijuana-1.jpg","contentUrl":"https:\/\/medicinasinc.com\/pt\/wp-content\/uploads\/sites\/20\/2022\/02\/Buy-Purple-Wreck-Marijuana-1.jpg","width":1245,"height":1024},{"@type":"BreadcrumbList","@id":"https:\/\/medicinasinc.com\/pt\/product\/comprar-roxo-destrocos-maconha\/#breadcrumb","itemListElement":[{"@type":"ListItem","position":1,"name":"Comprar","item":"https:\/\/medicinasinc.com\/pt\/comprar\/"},{"@type":"ListItem","position":2,"name":"Compre maconha Purple Wreck"}]},{"@type":"WebSite","@id":"https:\/\/medicinasinc.com\/pt\/#website","url":"https:\/\/medicinasinc.com\/pt\/","name":"Medicinas Inc","description":"Health Medical Clinic","potentialAction":[{"@type":"SearchAction","target":{"@type":"EntryPoint","urlTemplate":"https:\/\/medicinasinc.com\/pt\/?s={search_term_string}"},"query-input":{"@type":"PropertyValueSpecification","valueRequired":true,"valueName":"search_term_string"}}],"inLanguage":"pt-PT"}]}},"_links":{"self":[{"href":"https:\/\/medicinasinc.com\/pt\/wp-json\/wp\/v2\/product\/5044","targetHints":{"allow":["GET"]}}],"collection":[{"href":"https:\/\/medicinasinc.com\/pt\/wp-json\/wp\/v2\/product"}],"about":[{"href":"https:\/\/medicinasinc.com\/pt\/wp-json\/wp\/v2\/types\/product"}],"replies":[{"embeddable":true,"href":"https:\/\/medicinasinc.com\/pt\/wp-json\/wp\/v2\/comments?post=5044"}],"wp:featuredmedia":[{"embeddable":true,"href":"https:\/\/medicinasinc.com\/pt\/wp-json\/wp\/v2\/media\/5061"}],"wp:attachment":[{"href":"https:\/\/medicinasinc.com\/pt\/wp-json\/wp\/v2\/media?parent=5044"}],"wp:term":[{"taxonomy":"product_brand","embeddable":true,"href":"https:\/\/medicinasinc.com\/pt\/wp-json\/wp\/v2\/product_brand?post=5044"},{"taxonomy":"product_cat","embeddable":true,"href":"https:\/\/medicinasinc.com\/pt\/wp-json\/wp\/v2\/product_cat?post=5044"},{"taxonomy":"product_tag","embeddable":true,"href":"https:\/\/medicinasinc.com\/pt\/wp-json\/wp\/v2\/product_tag?post=5044"}],"curies":[{"name":"wp","href":"https:\/\/api.w.org\/{rel}","templated":true}]}}