{"id":5037,"date":"2022-02-20T19:24:52","date_gmt":"2022-02-20T19:24:52","guid":{"rendered":"https:\/\/medicinasinc.com\/pt\/?post_type=product&#038;p=5037"},"modified":"2022-07-05T23:29:31","modified_gmt":"2022-07-05T23:29:31","slug":"comprar-nirvana-especial-cannabis","status":"publish","type":"product","link":"https:\/\/medicinasinc.com\/pt\/product\/comprar-nirvana-especial-cannabis\/","title":{"rendered":"Compre Nirvana Special Cannabis"},"content":{"rendered":"<p>Nirvana Special \u00e9 uma cepa h\u00edbrida dominante sativa \u00fanica (75% sativa\/25% indica) produzida pela mistura das ic\u00f4nicas cepas Jock Horror e Oaxaca Sativa. Este bot\u00e3o tranquilo venceu a HighLife Cup de 2008 em Amsterd\u00e3, levando para casa a medalha de ouro de Melhor Bio no geral. Com seu potente conte\u00fado de THC funcional, mas criativo, alto e impressionante de 26 a 27%, n\u00e3o \u00e9 de admirar que o Nirvana Special seja uma variedade t\u00e3o popular! A alta do Nirvana Special come\u00e7a com uma explos\u00e3o de energia elevada que deixa voc\u00ea se sentindo alegre e motivado. Voc\u00ea se sentir\u00e1 revigorado e extremamente criativo, o que o torna excelente para qualquer tarefa mental ou simplesmente sair. Esses efeitos, juntamente com o alto teor de THC, tornam o Nirvana Special ideal para tratar fadiga cr\u00f4nica, depress\u00e3o, estresse cr\u00f4nico, ins\u00f4nia e perda de apetite. Este bot\u00e3o tem um sabor de skunk doce e frutado com uma expira\u00e7\u00e3o bastante azeda. O aroma \u00e9 um pouco skunky e arom\u00e1tico, com um forte tom frutado azedo. Os bot\u00f5es especiais do Nirvana s\u00e3o pepitas fofas e verdes mentoladas em forma de pipoca cobertas de tricomas de cristal de areia clara.<\/p>\n<p>H\u00edbrido Dominante Sativa \u2013 75% Sativa \/ 25% Indica<\/p>\n<p>THC: 26-27% <\/p>\n<p>Uso comum: depress\u00e3o, fadiga, ins\u00f4nia, perda de apetite, estresse<\/p>\n<p>Efeitos: criativo, energizante, feliz, motivador, animador<\/p>\n","protected":false},"excerpt":{"rendered":"<p>Nirvana Special Cannabis Strain USA. Esta \u00e9 uma variedade h\u00edbrida dominante rara (75% sativa\/25% indica).<em>Compre Nirvana Special Cannabis<\/em>\u00a0Cerpe.<\/p>\n","protected":false},"featured_media":5054,"comment_status":"open","ping_status":"closed","template":"","meta":[],"product_brand":[],"product_cat":[778],"product_tag":[],"class_list":{"0":"post-5037","1":"product","2":"type-product","3":"status-publish","4":"has-post-thumbnail","6":"product_cat-erva-a-venda","8":"first","9":"instock","10":"shipping-taxable","11":"purchasable","12":"product-type-variable","13":"has-default-attributes"},"yoast_head":"<!-- This site is optimized with the Yoast SEO plugin v27.3 - https:\/\/yoast.com\/product\/yoast-seo-wordpress\/ -->\n<title>Compre Nirvana Special Cannabis - Best Best Global Meds<\/title>\n<meta name=\"description\" content=\"Nirvana Special Cannabis Strain EUA. Esta \u00e9 uma cepa h\u00edbrida dominante rara (75% sativa\/25% indica). Compre Nirvana Special Cannabis Strain.\" \/>\n<meta name=\"robots\" content=\"index, follow, max-snippet:-1, max-image-preview:large, max-video-preview:-1\" \/>\n<link rel=\"canonical\" href=\"https:\/\/medicinasinc.com\/pt\/product\/comprar-nirvana-especial-cannabis\/\" \/>\n<meta property=\"og:locale\" content=\"pt_PT\" \/>\n<meta property=\"og:type\" content=\"article\" \/>\n<meta property=\"og:title\" content=\"Compre Nirvana Special Cannabis - Best Best Global Meds\" \/>\n<meta property=\"og:description\" content=\"Nirvana Special Cannabis Strain EUA. Esta \u00e9 uma cepa h\u00edbrida dominante rara (75% sativa\/25% indica). Compre Nirvana Special Cannabis Strain.\" \/>\n<meta property=\"og:url\" content=\"https:\/\/medicinasinc.com\/pt\/product\/comprar-nirvana-especial-cannabis\/\" \/>\n<meta property=\"og:site_name\" content=\"Medicinas Inc\" \/>\n<meta property=\"article:modified_time\" content=\"2022-07-05T23:29:31+00:00\" \/>\n<meta property=\"og:image\" content=\"https:\/\/medicinasinc.com\/pt\/wp-content\/uploads\/sites\/20\/2022\/02\/Buy-Nirvana-Special-Cannabis.jpg\" \/>\n\t<meta property=\"og:image:width\" content=\"1920\" \/>\n\t<meta property=\"og:image:height\" content=\"1920\" \/>\n\t<meta property=\"og:image:type\" content=\"image\/jpeg\" \/>\n<meta name=\"twitter:card\" content=\"summary_large_image\" \/>\n<meta name=\"twitter:label1\" content=\"Tempo estimado de leitura\" \/>\n\t<meta name=\"twitter:data1\" content=\"1 minuto\" \/>\n<script type=\"application\/ld+json\" class=\"yoast-schema-graph\">{\"@context\":\"https:\\\/\\\/schema.org\",\"@graph\":[{\"@type\":\"WebPage\",\"@id\":\"https:\\\/\\\/medicinasinc.com\\\/pt\\\/product\\\/comprar-nirvana-especial-cannabis\\\/\",\"url\":\"https:\\\/\\\/medicinasinc.com\\\/pt\\\/product\\\/comprar-nirvana-especial-cannabis\\\/\",\"name\":\"Compre Nirvana Special Cannabis - Best Best Global Meds\",\"isPartOf\":{\"@id\":\"https:\\\/\\\/medicinasinc.com\\\/pt\\\/#website\"},\"primaryImageOfPage\":{\"@id\":\"https:\\\/\\\/medicinasinc.com\\\/pt\\\/product\\\/comprar-nirvana-especial-cannabis\\\/#primaryimage\"},\"image\":{\"@id\":\"https:\\\/\\\/medicinasinc.com\\\/pt\\\/product\\\/comprar-nirvana-especial-cannabis\\\/#primaryimage\"},\"thumbnailUrl\":\"https:\\\/\\\/medicinasinc.com\\\/pt\\\/wp-content\\\/uploads\\\/sites\\\/20\\\/2022\\\/02\\\/Buy-Nirvana-Special-Cannabis.jpg\",\"datePublished\":\"2022-02-20T19:24:52+00:00\",\"dateModified\":\"2022-07-05T23:29:31+00:00\",\"description\":\"Nirvana Special Cannabis Strain EUA. Esta \u00e9 uma cepa h\u00edbrida dominante rara (75% sativa\\\/25% indica). Compre Nirvana Special Cannabis Strain.\",\"breadcrumb\":{\"@id\":\"https:\\\/\\\/medicinasinc.com\\\/pt\\\/product\\\/comprar-nirvana-especial-cannabis\\\/#breadcrumb\"},\"inLanguage\":\"pt-PT\",\"potentialAction\":[{\"@type\":\"ReadAction\",\"target\":[\"https:\\\/\\\/medicinasinc.com\\\/pt\\\/product\\\/comprar-nirvana-especial-cannabis\\\/\"]}]},{\"@type\":\"ImageObject\",\"inLanguage\":\"pt-PT\",\"@id\":\"https:\\\/\\\/medicinasinc.com\\\/pt\\\/product\\\/comprar-nirvana-especial-cannabis\\\/#primaryimage\",\"url\":\"https:\\\/\\\/medicinasinc.com\\\/pt\\\/wp-content\\\/uploads\\\/sites\\\/20\\\/2022\\\/02\\\/Buy-Nirvana-Special-Cannabis.jpg\",\"contentUrl\":\"https:\\\/\\\/medicinasinc.com\\\/pt\\\/wp-content\\\/uploads\\\/sites\\\/20\\\/2022\\\/02\\\/Buy-Nirvana-Special-Cannabis.jpg\",\"width\":1920,\"height\":1920},{\"@type\":\"BreadcrumbList\",\"@id\":\"https:\\\/\\\/medicinasinc.com\\\/pt\\\/product\\\/comprar-nirvana-especial-cannabis\\\/#breadcrumb\",\"itemListElement\":[{\"@type\":\"ListItem\",\"position\":1,\"name\":\"Comprar\",\"item\":\"https:\\\/\\\/medicinasinc.com\\\/pt\\\/comprar\\\/\"},{\"@type\":\"ListItem\",\"position\":2,\"name\":\"Compre Nirvana Special Cannabis\"}]},{\"@type\":\"WebSite\",\"@id\":\"https:\\\/\\\/medicinasinc.com\\\/pt\\\/#website\",\"url\":\"https:\\\/\\\/medicinasinc.com\\\/pt\\\/\",\"name\":\"Medicinas Inc\",\"description\":\"Health Medical Clinic\",\"potentialAction\":[{\"@type\":\"SearchAction\",\"target\":{\"@type\":\"EntryPoint\",\"urlTemplate\":\"https:\\\/\\\/medicinasinc.com\\\/pt\\\/?s={search_term_string}\"},\"query-input\":{\"@type\":\"PropertyValueSpecification\",\"valueRequired\":true,\"valueName\":\"search_term_string\"}}],\"inLanguage\":\"pt-PT\"}]}<\/script>\n<!-- \/ Yoast SEO plugin. -->","yoast_head_json":{"title":"Compre Nirvana Special Cannabis - Best Best Global Meds","description":"Nirvana Special Cannabis Strain EUA. Esta \u00e9 uma cepa h\u00edbrida dominante rara (75% sativa\/25% indica). Compre Nirvana Special Cannabis Strain.","robots":{"index":"index","follow":"follow","max-snippet":"max-snippet:-1","max-image-preview":"max-image-preview:large","max-video-preview":"max-video-preview:-1"},"canonical":"https:\/\/medicinasinc.com\/pt\/product\/comprar-nirvana-especial-cannabis\/","og_locale":"pt_PT","og_type":"article","og_title":"Compre Nirvana Special Cannabis - Best Best Global Meds","og_description":"Nirvana Special Cannabis Strain EUA. Esta \u00e9 uma cepa h\u00edbrida dominante rara (75% sativa\/25% indica). Compre Nirvana Special Cannabis Strain.","og_url":"https:\/\/medicinasinc.com\/pt\/product\/comprar-nirvana-especial-cannabis\/","og_site_name":"Medicinas Inc","article_modified_time":"2022-07-05T23:29:31+00:00","og_image":[{"width":1920,"height":1920,"url":"https:\/\/medicinasinc.com\/pt\/wp-content\/uploads\/sites\/20\/2022\/02\/Buy-Nirvana-Special-Cannabis.jpg","type":"image\/jpeg"}],"twitter_card":"summary_large_image","twitter_misc":{"Tempo estimado de leitura":"1 minuto"},"schema":{"@context":"https:\/\/schema.org","@graph":[{"@type":"WebPage","@id":"https:\/\/medicinasinc.com\/pt\/product\/comprar-nirvana-especial-cannabis\/","url":"https:\/\/medicinasinc.com\/pt\/product\/comprar-nirvana-especial-cannabis\/","name":"Compre Nirvana Special Cannabis - Best Best Global Meds","isPartOf":{"@id":"https:\/\/medicinasinc.com\/pt\/#website"},"primaryImageOfPage":{"@id":"https:\/\/medicinasinc.com\/pt\/product\/comprar-nirvana-especial-cannabis\/#primaryimage"},"image":{"@id":"https:\/\/medicinasinc.com\/pt\/product\/comprar-nirvana-especial-cannabis\/#primaryimage"},"thumbnailUrl":"https:\/\/medicinasinc.com\/pt\/wp-content\/uploads\/sites\/20\/2022\/02\/Buy-Nirvana-Special-Cannabis.jpg","datePublished":"2022-02-20T19:24:52+00:00","dateModified":"2022-07-05T23:29:31+00:00","description":"Nirvana Special Cannabis Strain EUA. Esta \u00e9 uma cepa h\u00edbrida dominante rara (75% sativa\/25% indica). Compre Nirvana Special Cannabis Strain.","breadcrumb":{"@id":"https:\/\/medicinasinc.com\/pt\/product\/comprar-nirvana-especial-cannabis\/#breadcrumb"},"inLanguage":"pt-PT","potentialAction":[{"@type":"ReadAction","target":["https:\/\/medicinasinc.com\/pt\/product\/comprar-nirvana-especial-cannabis\/"]}]},{"@type":"ImageObject","inLanguage":"pt-PT","@id":"https:\/\/medicinasinc.com\/pt\/product\/comprar-nirvana-especial-cannabis\/#primaryimage","url":"https:\/\/medicinasinc.com\/pt\/wp-content\/uploads\/sites\/20\/2022\/02\/Buy-Nirvana-Special-Cannabis.jpg","contentUrl":"https:\/\/medicinasinc.com\/pt\/wp-content\/uploads\/sites\/20\/2022\/02\/Buy-Nirvana-Special-Cannabis.jpg","width":1920,"height":1920},{"@type":"BreadcrumbList","@id":"https:\/\/medicinasinc.com\/pt\/product\/comprar-nirvana-especial-cannabis\/#breadcrumb","itemListElement":[{"@type":"ListItem","position":1,"name":"Comprar","item":"https:\/\/medicinasinc.com\/pt\/comprar\/"},{"@type":"ListItem","position":2,"name":"Compre Nirvana Special Cannabis"}]},{"@type":"WebSite","@id":"https:\/\/medicinasinc.com\/pt\/#website","url":"https:\/\/medicinasinc.com\/pt\/","name":"Medicinas Inc","description":"Health Medical Clinic","potentialAction":[{"@type":"SearchAction","target":{"@type":"EntryPoint","urlTemplate":"https:\/\/medicinasinc.com\/pt\/?s={search_term_string}"},"query-input":{"@type":"PropertyValueSpecification","valueRequired":true,"valueName":"search_term_string"}}],"inLanguage":"pt-PT"}]}},"_links":{"self":[{"href":"https:\/\/medicinasinc.com\/pt\/wp-json\/wp\/v2\/product\/5037","targetHints":{"allow":["GET"]}}],"collection":[{"href":"https:\/\/medicinasinc.com\/pt\/wp-json\/wp\/v2\/product"}],"about":[{"href":"https:\/\/medicinasinc.com\/pt\/wp-json\/wp\/v2\/types\/product"}],"replies":[{"embeddable":true,"href":"https:\/\/medicinasinc.com\/pt\/wp-json\/wp\/v2\/comments?post=5037"}],"wp:featuredmedia":[{"embeddable":true,"href":"https:\/\/medicinasinc.com\/pt\/wp-json\/wp\/v2\/media\/5054"}],"wp:attachment":[{"href":"https:\/\/medicinasinc.com\/pt\/wp-json\/wp\/v2\/media?parent=5037"}],"wp:term":[{"taxonomy":"product_brand","embeddable":true,"href":"https:\/\/medicinasinc.com\/pt\/wp-json\/wp\/v2\/product_brand?post=5037"},{"taxonomy":"product_cat","embeddable":true,"href":"https:\/\/medicinasinc.com\/pt\/wp-json\/wp\/v2\/product_cat?post=5037"},{"taxonomy":"product_tag","embeddable":true,"href":"https:\/\/medicinasinc.com\/pt\/wp-json\/wp\/v2\/product_tag?post=5037"}],"curies":[{"name":"wp","href":"https:\/\/api.w.org\/{rel}","templated":true}]}}