{"id":5020,"date":"2022-02-20T19:11:16","date_gmt":"2022-02-20T19:11:16","guid":{"rendered":"https:\/\/medicinasinc.com\/pt\/?post_type=product&#038;p=5020"},"modified":"2022-07-05T23:29:50","modified_gmt":"2022-07-05T23:29:50","slug":"comprar-mae-de-dragoes-maconha","status":"publish","type":"product","link":"https:\/\/medicinasinc.com\/pt\/product\/comprar-mae-de-dragoes-maconha\/","title":{"rendered":"Compre maconha M\u00e3e dos Drag\u00f5es"},"content":{"rendered":"<p>Compra de maconha Mother of Dragons<\/p>\n<p>Mother of Dragons \u00e9 uma variedade h\u00edbrida uniformemente balanceada muito rara (50% Indica\/50% Sativa) com parentesco desconhecido devido ao sigilo do criador e uma falta geral de conhecimento sobre sua origens. Com o nome da famosa Daenerys Targaryen de Game of Thrones, esta variedade rara tem um sabor ardente que vai incendiar o seu paladar. O aroma \u00e9 uma combina\u00e7\u00e3o feita no c\u00e9u, com um tom forte e pungente de skunky kushy e um impacto gramado altamente picante liberado enquanto os nugs queimam. Depois de apenas alguns hits, o Mother of Dragons vai deixar voc\u00ea erguido e seus pensamentos voando por horas a fio. Come\u00e7a com uma influ\u00eancia cerebral que transporta sua mente para um estado de \u00eaxtase perfeito e seu esp\u00edrito para um estado de puro contentamento. Enquanto sua mente e esp\u00edrito voam sobre o c\u00e9u, seu corpo experimentar\u00e1 um leve n\u00edvel de relaxamento, o que pode deixar alguns se sentindo um pouco sonolentos. Esse humor \u00e9 conhecido por causar ansiedade em algumas pessoas, portanto, evite-o se voc\u00ea estiver propenso a isso. Mother of Dragons \u00e9 uma alternativa ideal para pessoas que sofrem de estresse cr\u00f4nico, tristeza, mudan\u00e7as de humor e dor cr\u00f4nica, devido a esses efeitos, al\u00e9m de seu alto teor m\u00e9dio de THC de 23-28%. Este bot\u00e3o \u00e9 composto de nugs verde floresta em forma de uva cobertos com p\u00ealos \u00e2mbar peludos e tricomas de cristais de \u00e2mbar deslumbrantes.<\/p>\n<p>Compre a maconha Mother of Dragons agora no dispens\u00e1rio de cannabis on-line da Tegridy Farms<\/p>\n","protected":false},"excerpt":{"rendered":"<div class=\"woocommerce-product-details__short-description\">\n<p>Compre maconha Mother of Dragons barata online. A maconha m\u00e3e dos drag\u00f5es \u00e9 h\u00edbrida \u2013 50% Sativa \/50% Indica THC: 23% \u2013 28%<\/p>\n<div class=\"woocommerce-product-details__short-description\">\n<p><strong>Tamanho do bot\u00e3o<\/strong> &gt;: Pequeno \u2013 M\u00e9dio<br \/> <strong>Tipo de Cepa<\/strong>: 40% Indica 60% Sativa<br \/> <strong>Textura<\/strong>: Normal \u2013 Pegajoso<br \/> <strong>Sabor<\/strong>: Ervas | Doce<br \/> <strong>Uso M\u00e9dico<\/strong>: Ansiedade | Dor Cr\u00f4nica | Depress\u00e3o | Estresse<br \/> <strong>Conte\u00fado de THC<\/strong>: teste de 26% mais alto\u00a0<strong>CBD<\/strong>: &gt;1%<\/p>\n<\/p><\/div>\n<p class=\"estoque esgotado estoque\"> <\/div>\n","protected":false},"featured_media":5038,"comment_status":"open","ping_status":"closed","template":"","meta":[],"product_brand":[],"product_cat":[778],"product_tag":[960,961,962,963,964,968,969,461,972,973,974,977,978,965,966,967,971,455,615,970,983,981,980,979,480,987,985,986,982,975,976,984],"class_list":{"0":"post-5020","1":"product","2":"type-product","3":"status-publish","4":"has-post-thumbnail","6":"product_cat-erva-a-venda","7":"product_tag-best-place-to-buy-marijuana-seeds-online","8":"product_tag-buy-actavis-syrup","9":"product_tag-buy-cough-syrup-with-codeine","10":"product_tag-buy-illegal-marijuana-online","11":"product_tag-buy-lean-codeine-online","12":"product_tag-buy-marijuana-seeds-online-canada","13":"product_tag-buy-marijuana-seeds-online-usa","14":"product_tag-buy-medical-marijuana-online","15":"product_tag-buy-real-marijuana-online","16":"product_tag-buy-safe-medical-marijuana-online","17":"product_tag-buy-synthetic-marijuana-online","18":"product_tag-can-you-buy-marijuana-seeds-online","19":"product_tag-como-comprar-maconha-online","20":"product_tag-comprar-maconha","21":"product_tag-comprar-maconha-online-canad","22":"product_tag-comprar-sementes-de-maconha-online","23":"product_tag-buy-online-actavis-tosse-xarope","24":"product_tag-comprar-maconha-online","25":"product_tag-compre-cannabis-oil-online","26":"product_tag-buy-nirvana-special-marijuana-strain-online","27":"product_tag-encomendar-codena-tosse-xarope-online","28":"product_tag-medicinal-marijuana-online","29":"product_tag-maconha-comprar-cannabis-online","30":"product_tag-leos-de-maconha-para-vaping-para-venda","31":"product_tag-onde-comprar-maconha-online","32":"product_tag-onde-comprar-leo-cbd-perto-de-mim","33":"product_tag-onde-posso-comprar-marijuana-online","34":"product_tag-onde-posso-comprar-sementes-marijuana-online","35":"product_tag-online-legalmente","36":"product_tag-voc-pode-comprar","37":"product_tag-voc-pode-comprar-maconha-online","38":"product_tag-cdigo-de-prometazinana-xarope-para-venda","40":"first","41":"instock","42":"shipping-taxable","43":"purchasable","44":"product-type-variable","45":"has-default-attributes"},"yoast_head":"<!-- This site is optimized with the Yoast SEO plugin v27.3 - https:\/\/yoast.com\/product\/yoast-seo-wordpress\/ -->\n<title>Compre maconha Mother of Dragons - Best Global Meds<\/title>\n<meta name=\"description\" content=\"Compre maconha m\u00e3e dos drag\u00f5es barato online. A maconha m\u00e3e dos drag\u00f5es \u00e9 h\u00edbrida \u2013 50% Sativa \/50% Indica THC: 23% \u2013 28%\" \/>\n<meta name=\"robots\" content=\"index, follow, max-snippet:-1, max-image-preview:large, max-video-preview:-1\" \/>\n<link rel=\"canonical\" href=\"https:\/\/medicinasinc.com\/pt\/product\/comprar-mae-de-dragoes-maconha\/\" \/>\n<meta property=\"og:locale\" content=\"pt_PT\" \/>\n<meta property=\"og:type\" content=\"article\" \/>\n<meta property=\"og:title\" content=\"Compre maconha Mother of Dragons - Best Global Meds\" \/>\n<meta property=\"og:description\" content=\"Compre maconha m\u00e3e dos drag\u00f5es barato online. A maconha m\u00e3e dos drag\u00f5es \u00e9 h\u00edbrida \u2013 50% Sativa \/50% Indica THC: 23% \u2013 28%\" \/>\n<meta property=\"og:url\" content=\"https:\/\/medicinasinc.com\/pt\/product\/comprar-mae-de-dragoes-maconha\/\" \/>\n<meta property=\"og:site_name\" content=\"Medicinas Inc\" \/>\n<meta property=\"article:modified_time\" content=\"2022-07-05T23:29:50+00:00\" \/>\n<meta property=\"og:image\" content=\"https:\/\/medicinasinc.com\/pt\/wp-content\/uploads\/sites\/20\/2022\/02\/Buy-Mother-of-Dragons-Marijuana.jpg\" \/>\n\t<meta property=\"og:image:width\" content=\"1000\" \/>\n\t<meta property=\"og:image:height\" content=\"1000\" \/>\n\t<meta property=\"og:image:type\" content=\"image\/jpeg\" \/>\n<meta name=\"twitter:card\" content=\"summary_large_image\" \/>\n<meta name=\"twitter:label1\" content=\"Tempo estimado de leitura\" \/>\n\t<meta name=\"twitter:data1\" content=\"2 minutos\" \/>\n<script type=\"application\/ld+json\" class=\"yoast-schema-graph\">{\"@context\":\"https:\\\/\\\/schema.org\",\"@graph\":[{\"@type\":\"WebPage\",\"@id\":\"https:\\\/\\\/medicinasinc.com\\\/pt\\\/product\\\/comprar-mae-de-dragoes-maconha\\\/\",\"url\":\"https:\\\/\\\/medicinasinc.com\\\/pt\\\/product\\\/comprar-mae-de-dragoes-maconha\\\/\",\"name\":\"Compre maconha Mother of Dragons - Best Global Meds\",\"isPartOf\":{\"@id\":\"https:\\\/\\\/medicinasinc.com\\\/pt\\\/#website\"},\"primaryImageOfPage\":{\"@id\":\"https:\\\/\\\/medicinasinc.com\\\/pt\\\/product\\\/comprar-mae-de-dragoes-maconha\\\/#primaryimage\"},\"image\":{\"@id\":\"https:\\\/\\\/medicinasinc.com\\\/pt\\\/product\\\/comprar-mae-de-dragoes-maconha\\\/#primaryimage\"},\"thumbnailUrl\":\"https:\\\/\\\/medicinasinc.com\\\/pt\\\/wp-content\\\/uploads\\\/sites\\\/20\\\/2022\\\/02\\\/Buy-Mother-of-Dragons-Marijuana.jpg\",\"datePublished\":\"2022-02-20T19:11:16+00:00\",\"dateModified\":\"2022-07-05T23:29:50+00:00\",\"description\":\"Compre maconha m\u00e3e dos drag\u00f5es barato online. A maconha m\u00e3e dos drag\u00f5es \u00e9 h\u00edbrida \u2013 50% Sativa \\\/50% Indica THC: 23% \u2013 28%\",\"breadcrumb\":{\"@id\":\"https:\\\/\\\/medicinasinc.com\\\/pt\\\/product\\\/comprar-mae-de-dragoes-maconha\\\/#breadcrumb\"},\"inLanguage\":\"pt-PT\",\"potentialAction\":[{\"@type\":\"ReadAction\",\"target\":[\"https:\\\/\\\/medicinasinc.com\\\/pt\\\/product\\\/comprar-mae-de-dragoes-maconha\\\/\"]}]},{\"@type\":\"ImageObject\",\"inLanguage\":\"pt-PT\",\"@id\":\"https:\\\/\\\/medicinasinc.com\\\/pt\\\/product\\\/comprar-mae-de-dragoes-maconha\\\/#primaryimage\",\"url\":\"https:\\\/\\\/medicinasinc.com\\\/pt\\\/wp-content\\\/uploads\\\/sites\\\/20\\\/2022\\\/02\\\/Buy-Mother-of-Dragons-Marijuana.jpg\",\"contentUrl\":\"https:\\\/\\\/medicinasinc.com\\\/pt\\\/wp-content\\\/uploads\\\/sites\\\/20\\\/2022\\\/02\\\/Buy-Mother-of-Dragons-Marijuana.jpg\",\"width\":1000,\"height\":1000},{\"@type\":\"BreadcrumbList\",\"@id\":\"https:\\\/\\\/medicinasinc.com\\\/pt\\\/product\\\/comprar-mae-de-dragoes-maconha\\\/#breadcrumb\",\"itemListElement\":[{\"@type\":\"ListItem\",\"position\":1,\"name\":\"Comprar\",\"item\":\"https:\\\/\\\/medicinasinc.com\\\/pt\\\/comprar\\\/\"},{\"@type\":\"ListItem\",\"position\":2,\"name\":\"Compre maconha M\u00e3e dos Drag\u00f5es\"}]},{\"@type\":\"WebSite\",\"@id\":\"https:\\\/\\\/medicinasinc.com\\\/pt\\\/#website\",\"url\":\"https:\\\/\\\/medicinasinc.com\\\/pt\\\/\",\"name\":\"Medicinas Inc\",\"description\":\"Health Medical Clinic\",\"potentialAction\":[{\"@type\":\"SearchAction\",\"target\":{\"@type\":\"EntryPoint\",\"urlTemplate\":\"https:\\\/\\\/medicinasinc.com\\\/pt\\\/?s={search_term_string}\"},\"query-input\":{\"@type\":\"PropertyValueSpecification\",\"valueRequired\":true,\"valueName\":\"search_term_string\"}}],\"inLanguage\":\"pt-PT\"}]}<\/script>\n<!-- \/ Yoast SEO plugin. -->","yoast_head_json":{"title":"Compre maconha Mother of Dragons - Best Global Meds","description":"Compre maconha m\u00e3e dos drag\u00f5es barato online. A maconha m\u00e3e dos drag\u00f5es \u00e9 h\u00edbrida \u2013 50% Sativa \/50% Indica THC: 23% \u2013 28%","robots":{"index":"index","follow":"follow","max-snippet":"max-snippet:-1","max-image-preview":"max-image-preview:large","max-video-preview":"max-video-preview:-1"},"canonical":"https:\/\/medicinasinc.com\/pt\/product\/comprar-mae-de-dragoes-maconha\/","og_locale":"pt_PT","og_type":"article","og_title":"Compre maconha Mother of Dragons - Best Global Meds","og_description":"Compre maconha m\u00e3e dos drag\u00f5es barato online. A maconha m\u00e3e dos drag\u00f5es \u00e9 h\u00edbrida \u2013 50% Sativa \/50% Indica THC: 23% \u2013 28%","og_url":"https:\/\/medicinasinc.com\/pt\/product\/comprar-mae-de-dragoes-maconha\/","og_site_name":"Medicinas Inc","article_modified_time":"2022-07-05T23:29:50+00:00","og_image":[{"width":1000,"height":1000,"url":"https:\/\/medicinasinc.com\/pt\/wp-content\/uploads\/sites\/20\/2022\/02\/Buy-Mother-of-Dragons-Marijuana.jpg","type":"image\/jpeg"}],"twitter_card":"summary_large_image","twitter_misc":{"Tempo estimado de leitura":"2 minutos"},"schema":{"@context":"https:\/\/schema.org","@graph":[{"@type":"WebPage","@id":"https:\/\/medicinasinc.com\/pt\/product\/comprar-mae-de-dragoes-maconha\/","url":"https:\/\/medicinasinc.com\/pt\/product\/comprar-mae-de-dragoes-maconha\/","name":"Compre maconha Mother of Dragons - Best Global Meds","isPartOf":{"@id":"https:\/\/medicinasinc.com\/pt\/#website"},"primaryImageOfPage":{"@id":"https:\/\/medicinasinc.com\/pt\/product\/comprar-mae-de-dragoes-maconha\/#primaryimage"},"image":{"@id":"https:\/\/medicinasinc.com\/pt\/product\/comprar-mae-de-dragoes-maconha\/#primaryimage"},"thumbnailUrl":"https:\/\/medicinasinc.com\/pt\/wp-content\/uploads\/sites\/20\/2022\/02\/Buy-Mother-of-Dragons-Marijuana.jpg","datePublished":"2022-02-20T19:11:16+00:00","dateModified":"2022-07-05T23:29:50+00:00","description":"Compre maconha m\u00e3e dos drag\u00f5es barato online. A maconha m\u00e3e dos drag\u00f5es \u00e9 h\u00edbrida \u2013 50% Sativa \/50% Indica THC: 23% \u2013 28%","breadcrumb":{"@id":"https:\/\/medicinasinc.com\/pt\/product\/comprar-mae-de-dragoes-maconha\/#breadcrumb"},"inLanguage":"pt-PT","potentialAction":[{"@type":"ReadAction","target":["https:\/\/medicinasinc.com\/pt\/product\/comprar-mae-de-dragoes-maconha\/"]}]},{"@type":"ImageObject","inLanguage":"pt-PT","@id":"https:\/\/medicinasinc.com\/pt\/product\/comprar-mae-de-dragoes-maconha\/#primaryimage","url":"https:\/\/medicinasinc.com\/pt\/wp-content\/uploads\/sites\/20\/2022\/02\/Buy-Mother-of-Dragons-Marijuana.jpg","contentUrl":"https:\/\/medicinasinc.com\/pt\/wp-content\/uploads\/sites\/20\/2022\/02\/Buy-Mother-of-Dragons-Marijuana.jpg","width":1000,"height":1000},{"@type":"BreadcrumbList","@id":"https:\/\/medicinasinc.com\/pt\/product\/comprar-mae-de-dragoes-maconha\/#breadcrumb","itemListElement":[{"@type":"ListItem","position":1,"name":"Comprar","item":"https:\/\/medicinasinc.com\/pt\/comprar\/"},{"@type":"ListItem","position":2,"name":"Compre maconha M\u00e3e dos Drag\u00f5es"}]},{"@type":"WebSite","@id":"https:\/\/medicinasinc.com\/pt\/#website","url":"https:\/\/medicinasinc.com\/pt\/","name":"Medicinas Inc","description":"Health Medical Clinic","potentialAction":[{"@type":"SearchAction","target":{"@type":"EntryPoint","urlTemplate":"https:\/\/medicinasinc.com\/pt\/?s={search_term_string}"},"query-input":{"@type":"PropertyValueSpecification","valueRequired":true,"valueName":"search_term_string"}}],"inLanguage":"pt-PT"}]}},"_links":{"self":[{"href":"https:\/\/medicinasinc.com\/pt\/wp-json\/wp\/v2\/product\/5020","targetHints":{"allow":["GET"]}}],"collection":[{"href":"https:\/\/medicinasinc.com\/pt\/wp-json\/wp\/v2\/product"}],"about":[{"href":"https:\/\/medicinasinc.com\/pt\/wp-json\/wp\/v2\/types\/product"}],"replies":[{"embeddable":true,"href":"https:\/\/medicinasinc.com\/pt\/wp-json\/wp\/v2\/comments?post=5020"}],"wp:featuredmedia":[{"embeddable":true,"href":"https:\/\/medicinasinc.com\/pt\/wp-json\/wp\/v2\/media\/5038"}],"wp:attachment":[{"href":"https:\/\/medicinasinc.com\/pt\/wp-json\/wp\/v2\/media?parent=5020"}],"wp:term":[{"taxonomy":"product_brand","embeddable":true,"href":"https:\/\/medicinasinc.com\/pt\/wp-json\/wp\/v2\/product_brand?post=5020"},{"taxonomy":"product_cat","embeddable":true,"href":"https:\/\/medicinasinc.com\/pt\/wp-json\/wp\/v2\/product_cat?post=5020"},{"taxonomy":"product_tag","embeddable":true,"href":"https:\/\/medicinasinc.com\/pt\/wp-json\/wp\/v2\/product_tag?post=5020"}],"curies":[{"name":"wp","href":"https:\/\/api.w.org\/{rel}","templated":true}]}}