{"id":5019,"date":"2022-02-20T19:10:26","date_gmt":"2022-02-20T19:10:26","guid":{"rendered":"https:\/\/medicinasinc.com\/pt\/?post_type=product&#038;p=5019"},"modified":"2022-07-05T23:30:06","modified_gmt":"2022-07-05T23:30:06","slug":"amnesia-neblina","status":"publish","type":"product","link":"https:\/\/medicinasinc.com\/pt\/product\/amnesia-neblina\/","title":{"rendered":"N\u00e9voa da Amn\u00e9sia"},"content":{"rendered":"<p>Amnesia Haze Strain Comprar Online<\/p>\n<p>Amnesia Haze Strain Online \u00e9 um h\u00edbrido Sativa-dominante criado pelo cruzamento de Haze com v\u00e1rias cepas terrestres distintas, incluindo tailandesa, havaiana e afeg\u00e3. A propor\u00e7\u00e3o de sativa para indica \u00e9 de aproximadamente 80:20. O THC \u00e9 bastante alto, excedendo 22% em certos testes, mas o CBD \u00e9 significativamente menos potente, chegando a um pouco menos de 1%. A alta \u00e9 euf\u00f3rica e criativa, com um impulso psicoativo de humor e um caso de risos. Amnesia Haze tem um sabor frutado e haxixe e um aroma doce e terroso com tra\u00e7os de pimenta ardente. Nugs s\u00e3o verde p\u00e1lido com filamentos marrons mais escuros e uma superf\u00edcie coberta de tricomas. \u00c9 uma excelente alternativa para al\u00edvio de ansiedade e depress\u00e3o, bem como fadiga, sintomas de TDAH, enxaquecas, altera\u00e7\u00f5es de humor e dores f\u00edsicas.<\/p>\n<p>Compre on-line na Best Global Meds a um pre\u00e7o barato!<\/p>\n<p> &gt; <\/p>\n<p>N\u00f3s da Best Global Meds oferecemos flores de maconha amnesia haze a um pre\u00e7o razo\u00e1vel. Amnesia haze \u00e9 um h\u00edbrido Sativa-dominante feito das duas principais variedades de cannabis, Sativa e Indica. \u00c9 utilizado para uma variedade de aplica\u00e7\u00f5es terap\u00eauticas e recreativas. Amnesia Haze \u00e9 uma excelente alternativa para se concentrar no trabalho em um local remoto. Com notas terrosas de lim\u00e3o e citrinos, Amnesia Haze \u00e9 a variedade ideal para come\u00e7ar o dia com um sorriso.<\/p>\n<div class=\"product-next-previous\">\n<div class=\"product-prev\"><\/div><\/div>\n","protected":false},"excerpt":{"rendered":"<p>Amnesia Haze \u00e0 venda online no Reino Unido e na Europa, Amnesia Haze \u00e9 um favorito europeu. Esta muito psicod\u00e9lica Sativa \u00e9 melhor reservada para consumidores experientes.<\/p>\n<p>Amnesia Haze \u00e9 possivelmente a variedade mais popular do mundo.<\/p>\n<p>Amnesia Haze \u00e9 uma variedade h\u00edbrida extremamente intoxicante e psicod\u00e9lica. <\/p>\n","protected":false},"featured_media":5036,"comment_status":"open","ping_status":"closed","template":"","meta":[],"product_brand":[],"product_cat":[778],"product_tag":[956,957,958,959],"class_list":{"0":"post-5019","1":"product","2":"type-product","3":"status-publish","4":"has-post-thumbnail","6":"product_cat-erva-a-venda","7":"product_tag-amnesia","8":"product_tag-compre-amnesia-haze-online","9":"product_tag-maconha","10":"product_tag-onde-comprar-amnesia-haze-strain-online","12":"first","13":"instock","14":"shipping-taxable","15":"purchasable","16":"product-type-variable","17":"has-default-attributes"},"yoast_head":"<!-- This site is optimized with the Yoast SEO plugin v27.2 - https:\/\/yoast.com\/product\/yoast-seo-wordpress\/ -->\n<title>Amnesia Haze - Amnesia Haze Weed Strains - Melhores Melhores Medicamentos Globais<\/title>\n<meta name=\"description\" content=\"Comprar Amnesia Haze Vende-se Reino Unido, Europa online, Amnesia Haze \u00e9 um favorito europeu. Esta variedade intensamente psicod\u00e9lica \u00e9 uma Sativa que \u00e9 melhor deixar para consumidores experientes.\" \/>\n<meta name=\"robots\" content=\"index, follow, max-snippet:-1, max-image-preview:large, max-video-preview:-1\" \/>\n<link rel=\"canonical\" href=\"https:\/\/medicinasinc.com\/pt\/product\/amnesia-neblina\/\" \/>\n<meta property=\"og:locale\" content=\"pt_PT\" \/>\n<meta property=\"og:type\" content=\"article\" \/>\n<meta property=\"og:title\" content=\"Amnesia Haze - Amnesia Haze Weed Strains - Melhores Melhores Medicamentos Globais\" \/>\n<meta property=\"og:description\" content=\"Comprar Amnesia Haze Vende-se Reino Unido, Europa online, Amnesia Haze \u00e9 um favorito europeu. Esta variedade intensamente psicod\u00e9lica \u00e9 uma Sativa que \u00e9 melhor deixar para consumidores experientes.\" \/>\n<meta property=\"og:url\" content=\"https:\/\/medicinasinc.com\/pt\/product\/amnesia-neblina\/\" \/>\n<meta property=\"og:site_name\" content=\"Medicinas Inc\" \/>\n<meta property=\"article:modified_time\" content=\"2022-07-05T23:30:06+00:00\" \/>\n<meta property=\"og:image\" content=\"https:\/\/medicinasinc.com\/pt\/wp-content\/uploads\/sites\/20\/2022\/02\/Buy-Amnesia-Haze.jpg\" \/>\n\t<meta property=\"og:image:width\" content=\"1159\" \/>\n\t<meta property=\"og:image:height\" content=\"1043\" \/>\n\t<meta property=\"og:image:type\" content=\"image\/jpeg\" \/>\n<meta name=\"twitter:card\" content=\"summary_large_image\" \/>\n<meta name=\"twitter:label1\" content=\"Tempo estimado de leitura\" \/>\n\t<meta name=\"twitter:data1\" content=\"1 minuto\" \/>\n<script type=\"application\/ld+json\" class=\"yoast-schema-graph\">{\"@context\":\"https:\/\/schema.org\",\"@graph\":[{\"@type\":\"WebPage\",\"@id\":\"https:\/\/medicinasinc.com\/pt\/product\/amnesia-neblina\/\",\"url\":\"https:\/\/medicinasinc.com\/pt\/product\/amnesia-neblina\/\",\"name\":\"Amnesia Haze - Amnesia Haze Weed Strains - Melhores Melhores Medicamentos Globais\",\"isPartOf\":{\"@id\":\"https:\/\/medicinasinc.com\/pt\/#website\"},\"primaryImageOfPage\":{\"@id\":\"https:\/\/medicinasinc.com\/pt\/product\/amnesia-neblina\/#primaryimage\"},\"image\":{\"@id\":\"https:\/\/medicinasinc.com\/pt\/product\/amnesia-neblina\/#primaryimage\"},\"thumbnailUrl\":\"https:\/\/medicinasinc.com\/pt\/wp-content\/uploads\/sites\/20\/2022\/02\/Buy-Amnesia-Haze.jpg\",\"datePublished\":\"2022-02-20T19:10:26+00:00\",\"dateModified\":\"2022-07-05T23:30:06+00:00\",\"description\":\"Comprar Amnesia Haze Vende-se Reino Unido, Europa online, Amnesia Haze \u00e9 um favorito europeu. Esta variedade intensamente psicod\u00e9lica \u00e9 uma Sativa que \u00e9 melhor deixar para consumidores experientes.\",\"breadcrumb\":{\"@id\":\"https:\/\/medicinasinc.com\/pt\/product\/amnesia-neblina\/#breadcrumb\"},\"inLanguage\":\"pt-PT\",\"potentialAction\":[{\"@type\":\"ReadAction\",\"target\":[\"https:\/\/medicinasinc.com\/pt\/product\/amnesia-neblina\/\"]}]},{\"@type\":\"ImageObject\",\"inLanguage\":\"pt-PT\",\"@id\":\"https:\/\/medicinasinc.com\/pt\/product\/amnesia-neblina\/#primaryimage\",\"url\":\"https:\/\/medicinasinc.com\/pt\/wp-content\/uploads\/sites\/20\/2022\/02\/Buy-Amnesia-Haze.jpg\",\"contentUrl\":\"https:\/\/medicinasinc.com\/pt\/wp-content\/uploads\/sites\/20\/2022\/02\/Buy-Amnesia-Haze.jpg\",\"width\":1159,\"height\":1043},{\"@type\":\"BreadcrumbList\",\"@id\":\"https:\/\/medicinasinc.com\/pt\/product\/amnesia-neblina\/#breadcrumb\",\"itemListElement\":[{\"@type\":\"ListItem\",\"position\":1,\"name\":\"Comprar\",\"item\":\"https:\/\/medicinasinc.com\/pt\/comprar\/\"},{\"@type\":\"ListItem\",\"position\":2,\"name\":\"N\u00e9voa da Amn\u00e9sia\"}]},{\"@type\":\"WebSite\",\"@id\":\"https:\/\/medicinasinc.com\/pt\/#website\",\"url\":\"https:\/\/medicinasinc.com\/pt\/\",\"name\":\"Medicinas Inc\",\"description\":\"Health Medical Clinic\",\"potentialAction\":[{\"@type\":\"SearchAction\",\"target\":{\"@type\":\"EntryPoint\",\"urlTemplate\":\"https:\/\/medicinasinc.com\/pt\/?s={search_term_string}\"},\"query-input\":{\"@type\":\"PropertyValueSpecification\",\"valueRequired\":true,\"valueName\":\"search_term_string\"}}],\"inLanguage\":\"pt-PT\"}]}<\/script>\n<!-- \/ Yoast SEO plugin. -->","yoast_head_json":{"title":"Amnesia Haze - Amnesia Haze Weed Strains - Melhores Melhores Medicamentos Globais","description":"Comprar Amnesia Haze Vende-se Reino Unido, Europa online, Amnesia Haze \u00e9 um favorito europeu. Esta variedade intensamente psicod\u00e9lica \u00e9 uma Sativa que \u00e9 melhor deixar para consumidores experientes.","robots":{"index":"index","follow":"follow","max-snippet":"max-snippet:-1","max-image-preview":"max-image-preview:large","max-video-preview":"max-video-preview:-1"},"canonical":"https:\/\/medicinasinc.com\/pt\/product\/amnesia-neblina\/","og_locale":"pt_PT","og_type":"article","og_title":"Amnesia Haze - Amnesia Haze Weed Strains - Melhores Melhores Medicamentos Globais","og_description":"Comprar Amnesia Haze Vende-se Reino Unido, Europa online, Amnesia Haze \u00e9 um favorito europeu. Esta variedade intensamente psicod\u00e9lica \u00e9 uma Sativa que \u00e9 melhor deixar para consumidores experientes.","og_url":"https:\/\/medicinasinc.com\/pt\/product\/amnesia-neblina\/","og_site_name":"Medicinas Inc","article_modified_time":"2022-07-05T23:30:06+00:00","og_image":[{"width":1159,"height":1043,"url":"https:\/\/medicinasinc.com\/pt\/wp-content\/uploads\/sites\/20\/2022\/02\/Buy-Amnesia-Haze.jpg","type":"image\/jpeg"}],"twitter_card":"summary_large_image","twitter_misc":{"Tempo estimado de leitura":"1 minuto"},"schema":{"@context":"https:\/\/schema.org","@graph":[{"@type":"WebPage","@id":"https:\/\/medicinasinc.com\/pt\/product\/amnesia-neblina\/","url":"https:\/\/medicinasinc.com\/pt\/product\/amnesia-neblina\/","name":"Amnesia Haze - Amnesia Haze Weed Strains - Melhores Melhores Medicamentos Globais","isPartOf":{"@id":"https:\/\/medicinasinc.com\/pt\/#website"},"primaryImageOfPage":{"@id":"https:\/\/medicinasinc.com\/pt\/product\/amnesia-neblina\/#primaryimage"},"image":{"@id":"https:\/\/medicinasinc.com\/pt\/product\/amnesia-neblina\/#primaryimage"},"thumbnailUrl":"https:\/\/medicinasinc.com\/pt\/wp-content\/uploads\/sites\/20\/2022\/02\/Buy-Amnesia-Haze.jpg","datePublished":"2022-02-20T19:10:26+00:00","dateModified":"2022-07-05T23:30:06+00:00","description":"Comprar Amnesia Haze Vende-se Reino Unido, Europa online, Amnesia Haze \u00e9 um favorito europeu. Esta variedade intensamente psicod\u00e9lica \u00e9 uma Sativa que \u00e9 melhor deixar para consumidores experientes.","breadcrumb":{"@id":"https:\/\/medicinasinc.com\/pt\/product\/amnesia-neblina\/#breadcrumb"},"inLanguage":"pt-PT","potentialAction":[{"@type":"ReadAction","target":["https:\/\/medicinasinc.com\/pt\/product\/amnesia-neblina\/"]}]},{"@type":"ImageObject","inLanguage":"pt-PT","@id":"https:\/\/medicinasinc.com\/pt\/product\/amnesia-neblina\/#primaryimage","url":"https:\/\/medicinasinc.com\/pt\/wp-content\/uploads\/sites\/20\/2022\/02\/Buy-Amnesia-Haze.jpg","contentUrl":"https:\/\/medicinasinc.com\/pt\/wp-content\/uploads\/sites\/20\/2022\/02\/Buy-Amnesia-Haze.jpg","width":1159,"height":1043},{"@type":"BreadcrumbList","@id":"https:\/\/medicinasinc.com\/pt\/product\/amnesia-neblina\/#breadcrumb","itemListElement":[{"@type":"ListItem","position":1,"name":"Comprar","item":"https:\/\/medicinasinc.com\/pt\/comprar\/"},{"@type":"ListItem","position":2,"name":"N\u00e9voa da Amn\u00e9sia"}]},{"@type":"WebSite","@id":"https:\/\/medicinasinc.com\/pt\/#website","url":"https:\/\/medicinasinc.com\/pt\/","name":"Medicinas Inc","description":"Health Medical Clinic","potentialAction":[{"@type":"SearchAction","target":{"@type":"EntryPoint","urlTemplate":"https:\/\/medicinasinc.com\/pt\/?s={search_term_string}"},"query-input":{"@type":"PropertyValueSpecification","valueRequired":true,"valueName":"search_term_string"}}],"inLanguage":"pt-PT"}]}},"_links":{"self":[{"href":"https:\/\/medicinasinc.com\/pt\/wp-json\/wp\/v2\/product\/5019","targetHints":{"allow":["GET"]}}],"collection":[{"href":"https:\/\/medicinasinc.com\/pt\/wp-json\/wp\/v2\/product"}],"about":[{"href":"https:\/\/medicinasinc.com\/pt\/wp-json\/wp\/v2\/types\/product"}],"replies":[{"embeddable":true,"href":"https:\/\/medicinasinc.com\/pt\/wp-json\/wp\/v2\/comments?post=5019"}],"wp:featuredmedia":[{"embeddable":true,"href":"https:\/\/medicinasinc.com\/pt\/wp-json\/wp\/v2\/media\/5036"}],"wp:attachment":[{"href":"https:\/\/medicinasinc.com\/pt\/wp-json\/wp\/v2\/media?parent=5019"}],"wp:term":[{"taxonomy":"product_brand","embeddable":true,"href":"https:\/\/medicinasinc.com\/pt\/wp-json\/wp\/v2\/product_brand?post=5019"},{"taxonomy":"product_cat","embeddable":true,"href":"https:\/\/medicinasinc.com\/pt\/wp-json\/wp\/v2\/product_cat?post=5019"},{"taxonomy":"product_tag","embeddable":true,"href":"https:\/\/medicinasinc.com\/pt\/wp-json\/wp\/v2\/product_tag?post=5019"}],"curies":[{"name":"wp","href":"https:\/\/api.w.org\/{rel}","templated":true}]}}