{"id":5018,"date":"2022-02-20T19:09:20","date_gmt":"2022-02-20T19:09:20","guid":{"rendered":"https:\/\/medicinasinc.com\/pt\/?post_type=product&#038;p=5018"},"modified":"2022-07-05T23:30:23","modified_gmt":"2022-07-05T23:30:23","slug":"comprar-abacaxi-express-maconha","status":"publish","type":"product","link":"https:\/\/medicinasinc.com\/pt\/product\/comprar-abacaxi-express-maconha\/","title":{"rendered":"Compre maconha expresso de abacaxi"},"content":{"rendered":"<h1>Compre a cepa de maconha Pineapple Express on-line.<\/h1>\n<p>Compre a cepa de maconha Pineapple Express on-line.<\/p>\n<p>Efeitos<br \/> Energiza\u00e7\u00e3o, euforia, foco<br \/> Pode aliviar<br \/> Dor Cr\u00f4nica, Depress\u00e3o, Fadiga, Perda de Apetite, Enxaquecas, N\u00e1useas, Pesadelos<br \/> Sabores<br \/> C\u00edtrico, Pinho, Abacaxi, Doce, Tropical<br \/> Aromas<br \/> Terroso, Pinho, Abacaxi, Doce<\/p>\n<p>No entanto, voc\u00ea deve ter em mente que a tens\u00e3o n\u00e3o \u00e9 t\u00e3o grande quanto o filme retrata. No entanto, o Pineapple Express fornece um efeito leve e agrad\u00e1vel de entorpecimento corporal, algo pelo qual ansiamos.<\/p>\n<p>A variedade est\u00e1 dispon\u00edvel na forma de pepitas de peso preciso que lembram pipoca de isopor. N\u00e3o tem um sabor doce, mas tem um aroma estranho devido aos tons c\u00edtricos. O sabor \u00e9 bastante \u00fanico, com uma pitada de abacaxi na inspira\u00e7\u00e3o. O Pineapple Express \u00e9 preferido para o tratamento de uma variedade de condi\u00e7\u00f5es m\u00e9dicas, incluindo ansiedade e estresse. No entanto, \u00e9 consideravelmente mais bem-sucedido no tratamento simult\u00e2neo dos sintomas da depress\u00e3o cr\u00f4nica. Se voc\u00ea est\u00e1 sentindo dores leves e dores, voc\u00ea veio ao lugar certo. Depois de uma tragada, voc\u00ea notar\u00e1 que o Pineapple Express \u00e9 pac\u00edfico e revigorante.<\/p>\n","protected":false},"excerpt":{"rendered":"<div class=\"woocommerce-product-details__short-description\">\n<p>Compre a variedade de maconha Pineapple Express para venda online. Compre a variedade de maconha Pineapple Express. Um h\u00edbrido sativa dominante \u2013 60% Sativa \/ 40% Indica THC: 25%, CBN: 1%<\/p>\n<\/p><\/div>\n","protected":false},"featured_media":5034,"comment_status":"open","ping_status":"closed","template":"","meta":[],"product_brand":[],"product_cat":[778],"product_tag":[948,954,955,950,951,952,953,949],"class_list":{"0":"post-5018","1":"product","2":"type-product","3":"status-publish","4":"has-post-thumbnail","6":"product_cat-erva-a-venda","7":"product_tag-pineapple-express-afghanistan","8":"product_tag-abacaxi-express-estirpe-sativa-or-indica","9":"product_tag-abacaxi-express-vape-cartucho","10":"product_tag-abacaxi-express-estirpe-allbud","11":"product_tag-efeitos-de-tenso-expresso-de-abacaxi","12":"product_tag-pineapple-express-strain-info","13":"product_tag-pineapple-express-strain-review","14":"product_tag-sementes-de-abacaxi","16":"first","17":"instock","18":"shipping-taxable","19":"purchasable","20":"product-type-variable","21":"has-default-attributes"},"yoast_head":"<!-- This site is optimized with the Yoast SEO plugin v27.3 - https:\/\/yoast.com\/product\/yoast-seo-wordpress\/ -->\n<title>Compre a maconha Pineapple Express - Best Best Global Meds<\/title>\n<meta name=\"description\" content=\"Compre a cepa de maconha Pineapple Express para venda on-line. Compre a variedade de maconha Pineapple Express. Um h\u00edbrido dominante sativa \u2013 60% Sativa \/ 40% Indica THC: 25%, CBN: 1%\" \/>\n<meta name=\"robots\" content=\"index, follow, max-snippet:-1, max-image-preview:large, max-video-preview:-1\" \/>\n<link rel=\"canonical\" href=\"https:\/\/medicinasinc.com\/pt\/product\/comprar-abacaxi-express-maconha\/\" \/>\n<meta property=\"og:locale\" content=\"pt_PT\" \/>\n<meta property=\"og:type\" content=\"article\" \/>\n<meta property=\"og:title\" content=\"Compre a maconha Pineapple Express - Best Best Global Meds\" \/>\n<meta property=\"og:description\" content=\"Compre a cepa de maconha Pineapple Express para venda on-line. Compre a variedade de maconha Pineapple Express. Um h\u00edbrido dominante sativa \u2013 60% Sativa \/ 40% Indica THC: 25%, CBN: 1%\" \/>\n<meta property=\"og:url\" content=\"https:\/\/medicinasinc.com\/pt\/product\/comprar-abacaxi-express-maconha\/\" \/>\n<meta property=\"og:site_name\" content=\"Medicinas Inc\" \/>\n<meta property=\"article:modified_time\" content=\"2022-07-05T23:30:23+00:00\" \/>\n<meta property=\"og:image\" content=\"https:\/\/medicinasinc.com\/pt\/wp-content\/uploads\/sites\/20\/2022\/02\/Buy-Pineapple-Express-Marijuana.jpeg\" \/>\n\t<meta property=\"og:image:width\" content=\"600\" \/>\n\t<meta property=\"og:image:height\" content=\"600\" \/>\n\t<meta property=\"og:image:type\" content=\"image\/jpeg\" \/>\n<meta name=\"twitter:card\" content=\"summary_large_image\" \/>\n<meta name=\"twitter:label1\" content=\"Tempo estimado de leitura\" \/>\n\t<meta name=\"twitter:data1\" content=\"1 minuto\" \/>\n<script type=\"application\/ld+json\" class=\"yoast-schema-graph\">{\"@context\":\"https:\\\/\\\/schema.org\",\"@graph\":[{\"@type\":\"WebPage\",\"@id\":\"https:\\\/\\\/medicinasinc.com\\\/pt\\\/product\\\/comprar-abacaxi-express-maconha\\\/\",\"url\":\"https:\\\/\\\/medicinasinc.com\\\/pt\\\/product\\\/comprar-abacaxi-express-maconha\\\/\",\"name\":\"Compre a maconha Pineapple Express - Best Best Global Meds\",\"isPartOf\":{\"@id\":\"https:\\\/\\\/medicinasinc.com\\\/pt\\\/#website\"},\"primaryImageOfPage\":{\"@id\":\"https:\\\/\\\/medicinasinc.com\\\/pt\\\/product\\\/comprar-abacaxi-express-maconha\\\/#primaryimage\"},\"image\":{\"@id\":\"https:\\\/\\\/medicinasinc.com\\\/pt\\\/product\\\/comprar-abacaxi-express-maconha\\\/#primaryimage\"},\"thumbnailUrl\":\"https:\\\/\\\/medicinasinc.com\\\/pt\\\/wp-content\\\/uploads\\\/sites\\\/20\\\/2022\\\/02\\\/Buy-Pineapple-Express-Marijuana.jpeg\",\"datePublished\":\"2022-02-20T19:09:20+00:00\",\"dateModified\":\"2022-07-05T23:30:23+00:00\",\"description\":\"Compre a cepa de maconha Pineapple Express para venda on-line. Compre a variedade de maconha Pineapple Express. Um h\u00edbrido dominante sativa \u2013 60% Sativa \\\/ 40% Indica THC: 25%, CBN: 1%\",\"breadcrumb\":{\"@id\":\"https:\\\/\\\/medicinasinc.com\\\/pt\\\/product\\\/comprar-abacaxi-express-maconha\\\/#breadcrumb\"},\"inLanguage\":\"pt-PT\",\"potentialAction\":[{\"@type\":\"ReadAction\",\"target\":[\"https:\\\/\\\/medicinasinc.com\\\/pt\\\/product\\\/comprar-abacaxi-express-maconha\\\/\"]}]},{\"@type\":\"ImageObject\",\"inLanguage\":\"pt-PT\",\"@id\":\"https:\\\/\\\/medicinasinc.com\\\/pt\\\/product\\\/comprar-abacaxi-express-maconha\\\/#primaryimage\",\"url\":\"https:\\\/\\\/medicinasinc.com\\\/pt\\\/wp-content\\\/uploads\\\/sites\\\/20\\\/2022\\\/02\\\/Buy-Pineapple-Express-Marijuana.jpeg\",\"contentUrl\":\"https:\\\/\\\/medicinasinc.com\\\/pt\\\/wp-content\\\/uploads\\\/sites\\\/20\\\/2022\\\/02\\\/Buy-Pineapple-Express-Marijuana.jpeg\",\"width\":600,\"height\":600},{\"@type\":\"BreadcrumbList\",\"@id\":\"https:\\\/\\\/medicinasinc.com\\\/pt\\\/product\\\/comprar-abacaxi-express-maconha\\\/#breadcrumb\",\"itemListElement\":[{\"@type\":\"ListItem\",\"position\":1,\"name\":\"Comprar\",\"item\":\"https:\\\/\\\/medicinasinc.com\\\/pt\\\/comprar\\\/\"},{\"@type\":\"ListItem\",\"position\":2,\"name\":\"Compre maconha expresso de abacaxi\"}]},{\"@type\":\"WebSite\",\"@id\":\"https:\\\/\\\/medicinasinc.com\\\/pt\\\/#website\",\"url\":\"https:\\\/\\\/medicinasinc.com\\\/pt\\\/\",\"name\":\"Medicinas Inc\",\"description\":\"Health Medical Clinic\",\"potentialAction\":[{\"@type\":\"SearchAction\",\"target\":{\"@type\":\"EntryPoint\",\"urlTemplate\":\"https:\\\/\\\/medicinasinc.com\\\/pt\\\/?s={search_term_string}\"},\"query-input\":{\"@type\":\"PropertyValueSpecification\",\"valueRequired\":true,\"valueName\":\"search_term_string\"}}],\"inLanguage\":\"pt-PT\"}]}<\/script>\n<!-- \/ Yoast SEO plugin. -->","yoast_head_json":{"title":"Compre a maconha Pineapple Express - Best Best Global Meds","description":"Compre a cepa de maconha Pineapple Express para venda on-line. Compre a variedade de maconha Pineapple Express. Um h\u00edbrido dominante sativa \u2013 60% Sativa \/ 40% Indica THC: 25%, CBN: 1%","robots":{"index":"index","follow":"follow","max-snippet":"max-snippet:-1","max-image-preview":"max-image-preview:large","max-video-preview":"max-video-preview:-1"},"canonical":"https:\/\/medicinasinc.com\/pt\/product\/comprar-abacaxi-express-maconha\/","og_locale":"pt_PT","og_type":"article","og_title":"Compre a maconha Pineapple Express - Best Best Global Meds","og_description":"Compre a cepa de maconha Pineapple Express para venda on-line. Compre a variedade de maconha Pineapple Express. Um h\u00edbrido dominante sativa \u2013 60% Sativa \/ 40% Indica THC: 25%, CBN: 1%","og_url":"https:\/\/medicinasinc.com\/pt\/product\/comprar-abacaxi-express-maconha\/","og_site_name":"Medicinas Inc","article_modified_time":"2022-07-05T23:30:23+00:00","og_image":[{"width":600,"height":600,"url":"https:\/\/medicinasinc.com\/pt\/wp-content\/uploads\/sites\/20\/2022\/02\/Buy-Pineapple-Express-Marijuana.jpeg","type":"image\/jpeg"}],"twitter_card":"summary_large_image","twitter_misc":{"Tempo estimado de leitura":"1 minuto"},"schema":{"@context":"https:\/\/schema.org","@graph":[{"@type":"WebPage","@id":"https:\/\/medicinasinc.com\/pt\/product\/comprar-abacaxi-express-maconha\/","url":"https:\/\/medicinasinc.com\/pt\/product\/comprar-abacaxi-express-maconha\/","name":"Compre a maconha Pineapple Express - Best Best Global Meds","isPartOf":{"@id":"https:\/\/medicinasinc.com\/pt\/#website"},"primaryImageOfPage":{"@id":"https:\/\/medicinasinc.com\/pt\/product\/comprar-abacaxi-express-maconha\/#primaryimage"},"image":{"@id":"https:\/\/medicinasinc.com\/pt\/product\/comprar-abacaxi-express-maconha\/#primaryimage"},"thumbnailUrl":"https:\/\/medicinasinc.com\/pt\/wp-content\/uploads\/sites\/20\/2022\/02\/Buy-Pineapple-Express-Marijuana.jpeg","datePublished":"2022-02-20T19:09:20+00:00","dateModified":"2022-07-05T23:30:23+00:00","description":"Compre a cepa de maconha Pineapple Express para venda on-line. Compre a variedade de maconha Pineapple Express. Um h\u00edbrido dominante sativa \u2013 60% Sativa \/ 40% Indica THC: 25%, CBN: 1%","breadcrumb":{"@id":"https:\/\/medicinasinc.com\/pt\/product\/comprar-abacaxi-express-maconha\/#breadcrumb"},"inLanguage":"pt-PT","potentialAction":[{"@type":"ReadAction","target":["https:\/\/medicinasinc.com\/pt\/product\/comprar-abacaxi-express-maconha\/"]}]},{"@type":"ImageObject","inLanguage":"pt-PT","@id":"https:\/\/medicinasinc.com\/pt\/product\/comprar-abacaxi-express-maconha\/#primaryimage","url":"https:\/\/medicinasinc.com\/pt\/wp-content\/uploads\/sites\/20\/2022\/02\/Buy-Pineapple-Express-Marijuana.jpeg","contentUrl":"https:\/\/medicinasinc.com\/pt\/wp-content\/uploads\/sites\/20\/2022\/02\/Buy-Pineapple-Express-Marijuana.jpeg","width":600,"height":600},{"@type":"BreadcrumbList","@id":"https:\/\/medicinasinc.com\/pt\/product\/comprar-abacaxi-express-maconha\/#breadcrumb","itemListElement":[{"@type":"ListItem","position":1,"name":"Comprar","item":"https:\/\/medicinasinc.com\/pt\/comprar\/"},{"@type":"ListItem","position":2,"name":"Compre maconha expresso de abacaxi"}]},{"@type":"WebSite","@id":"https:\/\/medicinasinc.com\/pt\/#website","url":"https:\/\/medicinasinc.com\/pt\/","name":"Medicinas Inc","description":"Health Medical Clinic","potentialAction":[{"@type":"SearchAction","target":{"@type":"EntryPoint","urlTemplate":"https:\/\/medicinasinc.com\/pt\/?s={search_term_string}"},"query-input":{"@type":"PropertyValueSpecification","valueRequired":true,"valueName":"search_term_string"}}],"inLanguage":"pt-PT"}]}},"_links":{"self":[{"href":"https:\/\/medicinasinc.com\/pt\/wp-json\/wp\/v2\/product\/5018","targetHints":{"allow":["GET"]}}],"collection":[{"href":"https:\/\/medicinasinc.com\/pt\/wp-json\/wp\/v2\/product"}],"about":[{"href":"https:\/\/medicinasinc.com\/pt\/wp-json\/wp\/v2\/types\/product"}],"replies":[{"embeddable":true,"href":"https:\/\/medicinasinc.com\/pt\/wp-json\/wp\/v2\/comments?post=5018"}],"wp:featuredmedia":[{"embeddable":true,"href":"https:\/\/medicinasinc.com\/pt\/wp-json\/wp\/v2\/media\/5034"}],"wp:attachment":[{"href":"https:\/\/medicinasinc.com\/pt\/wp-json\/wp\/v2\/media?parent=5018"}],"wp:term":[{"taxonomy":"product_brand","embeddable":true,"href":"https:\/\/medicinasinc.com\/pt\/wp-json\/wp\/v2\/product_brand?post=5018"},{"taxonomy":"product_cat","embeddable":true,"href":"https:\/\/medicinasinc.com\/pt\/wp-json\/wp\/v2\/product_cat?post=5018"},{"taxonomy":"product_tag","embeddable":true,"href":"https:\/\/medicinasinc.com\/pt\/wp-json\/wp\/v2\/product_tag?post=5018"}],"curies":[{"name":"wp","href":"https:\/\/api.w.org\/{rel}","templated":true}]}}