{"id":4996,"date":"2022-02-20T18:53:00","date_gmt":"2022-02-20T18:53:00","guid":{"rendered":"https:\/\/medicinasinc.com\/pt\/?post_type=product&#038;p=4996"},"modified":"2022-07-05T23:31:11","modified_gmt":"2022-07-05T23:31:11","slug":"comprar-limao-gamba","status":"publish","type":"product","link":"https:\/\/medicinasinc.com\/pt\/product\/comprar-limao-gamba\/","title":{"rendered":"Compre Lemon Skunk"},"content":{"rendered":"<p>A Lemon Skunk est\u00e1 dispon\u00edvel no dispens\u00e1rio online de maconha do Chronic Post.<\/p>\n<p>ChronicPost Lemon Skunk \u00e9 uma h\u00edbrida Sativa multi-premiada com sabor de lim\u00e3o e teor de THC de at\u00e9 22%. Em 2009, foi inclu\u00eddo no ranking da High Times das dez melhores cepas.<\/p>\n<p>O teor de THC da Lemon Skunk varia entre 14 e 15% em m\u00e9dia e foi testado at\u00e9 22% de THC. Sua alta \u00e9 conhecida por estimular a fun\u00e7\u00e3o cerebral, resultando em maior criatividade e envolvendo o usu\u00e1rio em um zumbido alegre e energizante. Numerosos revisores caracterizaram a sua Lemon Skunk alta como introspectiva, suscitando pensamentos e melhorando a inventividade. Ap\u00f3s uma a duas horas, os componentes indica da variedade come\u00e7am a fazer efeito, deixando o usu\u00e1rio um pouco cansado \u00e0 medida que os efeitos cerebrais desaparecem.<\/p>\n<p>A Lemon Skunk \u00e9 uma planta um pouco alta e produtiva que \u00e9 exatamente o que o o nome implica \u2013 uma variante Skunk fortemente c\u00edtrica com um efeito potente e calmante. Possui os caracter\u00edsticos bot\u00f5es verde-lim\u00e3o e pistilos laranja v\u00edvidos da Skunk, resultando em colas geladas, densas e em forma de lan\u00e7a.<\/p>\n","protected":false},"excerpt":{"rendered":"<div class=\"woocommerce-product-details__short-description\">\n<p>Lemon Skunk cont\u00e9m uma quantidade moderada de THC e muito pouco CBD. Descubra mais sobre DNA Genetics Lemon Skunk e fa\u00e7a sua compra com Tokyo Smoke hoje.<\/p>\n<p>Lemon Skunk Weed \u00e0 venda online. Lemon Kush \u00e9 uma mistura entre Master Kush e Lemon Joy e produz um rendimento baixo a moderado. Recomendado para pacientes com HIV\/AIDS, glaucoma, doen\u00e7a de Parkinson, ansiedade e dor cr\u00f4nica<\/p>\n<p><strong>Tamanho do broto:\u00a0<\/strong>Pequeno<br \/> <strong>Textura:\u00a0<\/strong>Seco<br \/> <strong>Sabores:\u00a0<\/strong>Lim\u00e3o \/ C\u00edtrico \/ Fresco<br \/> <strong>Uso Comum:<\/strong>\u00a0Dor \/ Apetite \/ Depress\u00e3o<br \/> <strong><a href=\"https:\/\/www.bestglobalmeds.com\/product\/marijuana\/lemon-skunk\/\">THC<\/a>:<\/strong>\u00a022%\u00a0 \u00a0<strong><a href=\"https:\/\/www.bestglobalmeds. com\/product\/marijuana\/lemon-skunk\/\">CBD<\/a>: &lt;<\/strong>1%<\/p>\n<\/p><\/div>\n","protected":false},"featured_media":5013,"comment_status":"open","ping_status":"closed","template":"","meta":[],"product_brand":[],"product_cat":[778],"product_tag":[932,933,934,939,935,936,937,938],"class_list":{"0":"post-4996","1":"product","2":"type-product","3":"status-publish","4":"has-post-thumbnail","6":"product_cat-erva-a-venda","7":"product_tag-best-lemon-skunk-seeds","8":"product_tag-limo-skunk-auto","9":"product_tag-cartucho-de-gamb-limo","10":"product_tag-gosto-de-limo","11":"product_tag-lemon-skunk-cbd","12":"product_tag-lemon-skunk-greenhouse-seeds-review","13":"product_tag-limo-skunk-indica-ou-sativa","14":"product_tag-preo-do-gamb-limo","16":"first","17":"instock","18":"shipping-taxable","19":"purchasable","20":"product-type-variable","21":"has-default-attributes"},"yoast_head":"<!-- This site is optimized with the Yoast SEO plugin v27.2 - https:\/\/yoast.com\/product\/yoast-seo-wordpress\/ -->\n<title>Compre Lemon Skunk - Melhores Melhores Medicamentos Globais<\/title>\n<meta name=\"description\" content=\"Compre Lemon Skunk Weed online. Lemon Kush \u00e9 um cruzamento entre Master Kush e Lemon Joy, tem um rendimento baixo a m\u00e9dio. Recomendado para pacientes com HIV\/AIDS, glaucoma, doen\u00e7a de Parkinson, ansiedade, dor cr\u00f4nica\u2026\" \/>\n<meta name=\"robots\" content=\"index, follow, max-snippet:-1, max-image-preview:large, max-video-preview:-1\" \/>\n<link rel=\"canonical\" href=\"https:\/\/medicinasinc.com\/pt\/product\/comprar-limao-gamba\/\" \/>\n<meta property=\"og:locale\" content=\"pt_PT\" \/>\n<meta property=\"og:type\" content=\"article\" \/>\n<meta property=\"og:title\" content=\"Compre Lemon Skunk - Melhores Melhores Medicamentos Globais\" \/>\n<meta property=\"og:description\" content=\"Compre Lemon Skunk Weed online. Lemon Kush \u00e9 um cruzamento entre Master Kush e Lemon Joy, tem um rendimento baixo a m\u00e9dio. Recomendado para pacientes com HIV\/AIDS, glaucoma, doen\u00e7a de Parkinson, ansiedade, dor cr\u00f4nica\u2026\" \/>\n<meta property=\"og:url\" content=\"https:\/\/medicinasinc.com\/pt\/product\/comprar-limao-gamba\/\" \/>\n<meta property=\"og:site_name\" content=\"Medicinas Inc\" \/>\n<meta property=\"article:modified_time\" content=\"2022-07-05T23:31:11+00:00\" \/>\n<meta property=\"og:image\" content=\"https:\/\/medicinasinc.com\/pt\/wp-content\/uploads\/sites\/20\/2022\/02\/Buy-Lemon-Skunk.jpg\" \/>\n\t<meta property=\"og:image:width\" content=\"2403\" \/>\n\t<meta property=\"og:image:height\" content=\"2403\" \/>\n\t<meta property=\"og:image:type\" content=\"image\/jpeg\" \/>\n<meta name=\"twitter:card\" content=\"summary_large_image\" \/>\n<meta name=\"twitter:label1\" content=\"Tempo estimado de leitura\" \/>\n\t<meta name=\"twitter:data1\" content=\"1 minuto\" \/>\n<script type=\"application\/ld+json\" class=\"yoast-schema-graph\">{\"@context\":\"https:\/\/schema.org\",\"@graph\":[{\"@type\":\"WebPage\",\"@id\":\"https:\/\/medicinasinc.com\/pt\/product\/comprar-limao-gamba\/\",\"url\":\"https:\/\/medicinasinc.com\/pt\/product\/comprar-limao-gamba\/\",\"name\":\"Compre Lemon Skunk - Melhores Melhores Medicamentos Globais\",\"isPartOf\":{\"@id\":\"https:\/\/medicinasinc.com\/pt\/#website\"},\"primaryImageOfPage\":{\"@id\":\"https:\/\/medicinasinc.com\/pt\/product\/comprar-limao-gamba\/#primaryimage\"},\"image\":{\"@id\":\"https:\/\/medicinasinc.com\/pt\/product\/comprar-limao-gamba\/#primaryimage\"},\"thumbnailUrl\":\"https:\/\/medicinasinc.com\/pt\/wp-content\/uploads\/sites\/20\/2022\/02\/Buy-Lemon-Skunk.jpg\",\"datePublished\":\"2022-02-20T18:53:00+00:00\",\"dateModified\":\"2022-07-05T23:31:11+00:00\",\"description\":\"Compre Lemon Skunk Weed online. Lemon Kush \u00e9 um cruzamento entre Master Kush e Lemon Joy, tem um rendimento baixo a m\u00e9dio. Recomendado para pacientes com HIV\/AIDS, glaucoma, doen\u00e7a de Parkinson, ansiedade, dor cr\u00f4nica\u2026\",\"breadcrumb\":{\"@id\":\"https:\/\/medicinasinc.com\/pt\/product\/comprar-limao-gamba\/#breadcrumb\"},\"inLanguage\":\"pt-PT\",\"potentialAction\":[{\"@type\":\"ReadAction\",\"target\":[\"https:\/\/medicinasinc.com\/pt\/product\/comprar-limao-gamba\/\"]}]},{\"@type\":\"ImageObject\",\"inLanguage\":\"pt-PT\",\"@id\":\"https:\/\/medicinasinc.com\/pt\/product\/comprar-limao-gamba\/#primaryimage\",\"url\":\"https:\/\/medicinasinc.com\/pt\/wp-content\/uploads\/sites\/20\/2022\/02\/Buy-Lemon-Skunk.jpg\",\"contentUrl\":\"https:\/\/medicinasinc.com\/pt\/wp-content\/uploads\/sites\/20\/2022\/02\/Buy-Lemon-Skunk.jpg\",\"width\":2403,\"height\":2403},{\"@type\":\"BreadcrumbList\",\"@id\":\"https:\/\/medicinasinc.com\/pt\/product\/comprar-limao-gamba\/#breadcrumb\",\"itemListElement\":[{\"@type\":\"ListItem\",\"position\":1,\"name\":\"Comprar\",\"item\":\"https:\/\/medicinasinc.com\/pt\/comprar\/\"},{\"@type\":\"ListItem\",\"position\":2,\"name\":\"Compre Lemon Skunk\"}]},{\"@type\":\"WebSite\",\"@id\":\"https:\/\/medicinasinc.com\/pt\/#website\",\"url\":\"https:\/\/medicinasinc.com\/pt\/\",\"name\":\"Medicinas Inc\",\"description\":\"Health Medical Clinic\",\"potentialAction\":[{\"@type\":\"SearchAction\",\"target\":{\"@type\":\"EntryPoint\",\"urlTemplate\":\"https:\/\/medicinasinc.com\/pt\/?s={search_term_string}\"},\"query-input\":{\"@type\":\"PropertyValueSpecification\",\"valueRequired\":true,\"valueName\":\"search_term_string\"}}],\"inLanguage\":\"pt-PT\"}]}<\/script>\n<!-- \/ Yoast SEO plugin. -->","yoast_head_json":{"title":"Compre Lemon Skunk - Melhores Melhores Medicamentos Globais","description":"Compre Lemon Skunk Weed online. Lemon Kush \u00e9 um cruzamento entre Master Kush e Lemon Joy, tem um rendimento baixo a m\u00e9dio. Recomendado para pacientes com HIV\/AIDS, glaucoma, doen\u00e7a de Parkinson, ansiedade, dor cr\u00f4nica\u2026","robots":{"index":"index","follow":"follow","max-snippet":"max-snippet:-1","max-image-preview":"max-image-preview:large","max-video-preview":"max-video-preview:-1"},"canonical":"https:\/\/medicinasinc.com\/pt\/product\/comprar-limao-gamba\/","og_locale":"pt_PT","og_type":"article","og_title":"Compre Lemon Skunk - Melhores Melhores Medicamentos Globais","og_description":"Compre Lemon Skunk Weed online. Lemon Kush \u00e9 um cruzamento entre Master Kush e Lemon Joy, tem um rendimento baixo a m\u00e9dio. Recomendado para pacientes com HIV\/AIDS, glaucoma, doen\u00e7a de Parkinson, ansiedade, dor cr\u00f4nica\u2026","og_url":"https:\/\/medicinasinc.com\/pt\/product\/comprar-limao-gamba\/","og_site_name":"Medicinas Inc","article_modified_time":"2022-07-05T23:31:11+00:00","og_image":[{"width":2403,"height":2403,"url":"https:\/\/medicinasinc.com\/pt\/wp-content\/uploads\/sites\/20\/2022\/02\/Buy-Lemon-Skunk.jpg","type":"image\/jpeg"}],"twitter_card":"summary_large_image","twitter_misc":{"Tempo estimado de leitura":"1 minuto"},"schema":{"@context":"https:\/\/schema.org","@graph":[{"@type":"WebPage","@id":"https:\/\/medicinasinc.com\/pt\/product\/comprar-limao-gamba\/","url":"https:\/\/medicinasinc.com\/pt\/product\/comprar-limao-gamba\/","name":"Compre Lemon Skunk - Melhores Melhores Medicamentos Globais","isPartOf":{"@id":"https:\/\/medicinasinc.com\/pt\/#website"},"primaryImageOfPage":{"@id":"https:\/\/medicinasinc.com\/pt\/product\/comprar-limao-gamba\/#primaryimage"},"image":{"@id":"https:\/\/medicinasinc.com\/pt\/product\/comprar-limao-gamba\/#primaryimage"},"thumbnailUrl":"https:\/\/medicinasinc.com\/pt\/wp-content\/uploads\/sites\/20\/2022\/02\/Buy-Lemon-Skunk.jpg","datePublished":"2022-02-20T18:53:00+00:00","dateModified":"2022-07-05T23:31:11+00:00","description":"Compre Lemon Skunk Weed online. Lemon Kush \u00e9 um cruzamento entre Master Kush e Lemon Joy, tem um rendimento baixo a m\u00e9dio. Recomendado para pacientes com HIV\/AIDS, glaucoma, doen\u00e7a de Parkinson, ansiedade, dor cr\u00f4nica\u2026","breadcrumb":{"@id":"https:\/\/medicinasinc.com\/pt\/product\/comprar-limao-gamba\/#breadcrumb"},"inLanguage":"pt-PT","potentialAction":[{"@type":"ReadAction","target":["https:\/\/medicinasinc.com\/pt\/product\/comprar-limao-gamba\/"]}]},{"@type":"ImageObject","inLanguage":"pt-PT","@id":"https:\/\/medicinasinc.com\/pt\/product\/comprar-limao-gamba\/#primaryimage","url":"https:\/\/medicinasinc.com\/pt\/wp-content\/uploads\/sites\/20\/2022\/02\/Buy-Lemon-Skunk.jpg","contentUrl":"https:\/\/medicinasinc.com\/pt\/wp-content\/uploads\/sites\/20\/2022\/02\/Buy-Lemon-Skunk.jpg","width":2403,"height":2403},{"@type":"BreadcrumbList","@id":"https:\/\/medicinasinc.com\/pt\/product\/comprar-limao-gamba\/#breadcrumb","itemListElement":[{"@type":"ListItem","position":1,"name":"Comprar","item":"https:\/\/medicinasinc.com\/pt\/comprar\/"},{"@type":"ListItem","position":2,"name":"Compre Lemon Skunk"}]},{"@type":"WebSite","@id":"https:\/\/medicinasinc.com\/pt\/#website","url":"https:\/\/medicinasinc.com\/pt\/","name":"Medicinas Inc","description":"Health Medical Clinic","potentialAction":[{"@type":"SearchAction","target":{"@type":"EntryPoint","urlTemplate":"https:\/\/medicinasinc.com\/pt\/?s={search_term_string}"},"query-input":{"@type":"PropertyValueSpecification","valueRequired":true,"valueName":"search_term_string"}}],"inLanguage":"pt-PT"}]}},"_links":{"self":[{"href":"https:\/\/medicinasinc.com\/pt\/wp-json\/wp\/v2\/product\/4996","targetHints":{"allow":["GET"]}}],"collection":[{"href":"https:\/\/medicinasinc.com\/pt\/wp-json\/wp\/v2\/product"}],"about":[{"href":"https:\/\/medicinasinc.com\/pt\/wp-json\/wp\/v2\/types\/product"}],"replies":[{"embeddable":true,"href":"https:\/\/medicinasinc.com\/pt\/wp-json\/wp\/v2\/comments?post=4996"}],"wp:featuredmedia":[{"embeddable":true,"href":"https:\/\/medicinasinc.com\/pt\/wp-json\/wp\/v2\/media\/5013"}],"wp:attachment":[{"href":"https:\/\/medicinasinc.com\/pt\/wp-json\/wp\/v2\/media?parent=4996"}],"wp:term":[{"taxonomy":"product_brand","embeddable":true,"href":"https:\/\/medicinasinc.com\/pt\/wp-json\/wp\/v2\/product_brand?post=4996"},{"taxonomy":"product_cat","embeddable":true,"href":"https:\/\/medicinasinc.com\/pt\/wp-json\/wp\/v2\/product_cat?post=4996"},{"taxonomy":"product_tag","embeddable":true,"href":"https:\/\/medicinasinc.com\/pt\/wp-json\/wp\/v2\/product_tag?post=4996"}],"curies":[{"name":"wp","href":"https:\/\/api.w.org\/{rel}","templated":true}]}}