{"id":4970,"date":"2022-02-20T18:30:09","date_gmt":"2022-02-20T18:30:09","guid":{"rendered":"https:\/\/medicinasinc.com\/pt\/?post_type=product&#038;p=4970"},"modified":"2022-07-05T23:34:03","modified_gmt":"2022-07-05T23:34:03","slug":"comprar-jesus-e-erva","status":"publish","type":"product","link":"https:\/\/medicinasinc.com\/pt\/product\/comprar-jesus-e-erva\/","title":{"rendered":"Compre Jesus OG Weed"},"content":{"rendered":"<p>A variedade de maconha Jesus OG pode ser comprada on-line. Jesus OG \u00e9 um h\u00edbrido Sativa Dominante &#8211; 80 por cento Sativa. Sativa \/ 20% Indica THC: 21% &#8211; 25%<\/p>\n<p>Efeitos energizantes, euf\u00f3ricos, focados, felizes e edificantes podem aliviar o TDAH, transtorno bipolar, dor cr\u00f4nica, depress\u00e3o, fadiga, dores de cabe\u00e7a, enxaquecas, Sabores de n\u00e1usea, estresse p\u00f3s-traum\u00e1tico e estresse<br \/> Lim\u00e3o, agulhas de pinheiro, doce e picante<br \/> Aromas<br \/> Lim\u00e3o, pungente e doce<\/p>\n","protected":false},"excerpt":{"rendered":"<p>Compre online a cepa de maconha Jesus OG. A variedade de maconha Jesus og \u00e9 uma Sativa Dominante H\u00edbrida &#8211; 80% Sativa \/ 20% Indica THC: 21% \u2013 25%<\/p>\n","protected":false},"featured_media":4983,"comment_status":"open","ping_status":"closed","template":"","meta":[],"product_brand":[],"product_cat":[778],"product_tag":[920,885,889,893,626,895,897,901,470,903,904,913,477,892,459,899,900,898,890,891,894,455,902,473,896,906,907,910,912,908,909,911,905,914,915,916,917,918,919,888,614,886,921,922,887,923],"class_list":{"0":"post-4970","1":"product","2":"type-product","3":"status-publish","4":"has-post-thumbnail","6":"product_cat-erva-a-venda","7":"product_tag-pacific-seed-bank-autoflower","8":"product_tag-best-marijuana-strains","9":"product_tag-buy-ace-killer-og-marijuana","10":"product_tag-buy-jesus-og-marijuana-strain-online","11":"product_tag-buy-legal-weed-online","12":"product_tag-buy-marijuana-online-no-medical-card","13":"product_tag-buy-my-weed-online-review","14":"product_tag-buy-skunk-online-uk","15":"product_tag-buy-weed-online","16":"product_tag-buy-weed-onlne-uk","17":"product_tag-charlottes-web-cannabis-strain","18":"product_tag-cepas-de-ervas-daninhas-de-dispensrio","19":"product_tag-comprando-maconha-online","20":"product_tag-comprar-ilegal-weed-online","21":"product_tag-compre-marijuana-online-eua","22":"product_tag-compre-verdadeira-erva-on-line","23":"product_tag-comprar-recreativo-erva-daninha-on-line","24":"product_tag-comprar-presidencial-kush-strain","25":"product_tag-buy-ahoe-hydro-og-indica","26":"product_tag-compre-gelato-marijuana-online","27":"product_tag-comprar-khalifa-kush-maconha","28":"product_tag-comprar-maconha-online","29":"product_tag-comprar-erva-on-line-comprar-maconha-online","30":"product_tag-buy-weed-online-europe","31":"product_tag-comprar-medical-cannabis-oil-online","32":"product_tag-dawg-cookies-indica-cepa","33":"product_tag-depresso","34":"product_tag-dispensaries-that-ship-out-of-state","35":"product_tag-dispensrio-perto-de-mim-recreativo","36":"product_tag-dispensrios-perto-de-mim-abrir-agora","37":"product_tag-dispensrios-que-no-exigem-carto-mdico-perto-de-mim","38":"product_tag-dispensary-near-me-open-late","39":"product_tag-dor-crnica","40":"product_tag-edibles-online-no-medical-card","41":"product_tag-fadiga","42":"product_tag-jesus-e-sementes-feminizadas","43":"product_tag-jesus-og-seeds","44":"product_tag-jesus-og-strain","45":"product_tag-lemon-og-autoflower","46":"product_tag-blue-dream-marijuana-cepa","47":"product_tag-melhor-dispensrio-online","48":"product_tag-melhor-dispensrio-online-canad","49":"product_tag-semente-de-platina-e-kush","50":"product_tag-tga-subcool-jesus-og","51":"product_tag-transtorno-bipolar","52":"product_tag-yoda-e-criador","54":"first","55":"instock","56":"shipping-taxable","57":"purchasable","58":"product-type-variable","59":"has-default-attributes"},"yoast_head":"<!-- This site is optimized with the Yoast SEO plugin v27.3 - https:\/\/yoast.com\/product\/yoast-seo-wordpress\/ -->\n<title>Compre Jesus OG Weed Marijuana Strain - Melhores Medicamentos Globais<\/title>\n<meta name=\"description\" content=\"Compre Jesus OG Marijuana Strain para venda online. A cepa de maconha Jesus og \u00e9 Sativa Dominante H\u00edbrida \u2013 80% Sativa \/ 20% Indica THC: 21% \u2013 25%\" \/>\n<meta name=\"robots\" content=\"index, follow, max-snippet:-1, max-image-preview:large, max-video-preview:-1\" \/>\n<link rel=\"canonical\" href=\"https:\/\/medicinasinc.com\/pt\/product\/comprar-jesus-e-erva\/\" \/>\n<meta property=\"og:locale\" content=\"pt_PT\" \/>\n<meta property=\"og:type\" content=\"article\" \/>\n<meta property=\"og:title\" content=\"Compre Jesus OG Weed Marijuana Strain - Melhores Medicamentos Globais\" \/>\n<meta property=\"og:description\" content=\"Compre Jesus OG Marijuana Strain para venda online. A cepa de maconha Jesus og \u00e9 Sativa Dominante H\u00edbrida \u2013 80% Sativa \/ 20% Indica THC: 21% \u2013 25%\" \/>\n<meta property=\"og:url\" content=\"https:\/\/medicinasinc.com\/pt\/product\/comprar-jesus-e-erva\/\" \/>\n<meta property=\"og:site_name\" content=\"Medicinas Inc\" \/>\n<meta property=\"article:modified_time\" content=\"2022-07-05T23:34:03+00:00\" \/>\n<meta property=\"og:image\" content=\"https:\/\/medicinasinc.com\/pt\/wp-content\/uploads\/sites\/20\/2022\/02\/buy-Jesus-OG.png\" \/>\n\t<meta property=\"og:image:width\" content=\"600\" \/>\n\t<meta property=\"og:image:height\" content=\"600\" \/>\n\t<meta property=\"og:image:type\" content=\"image\/png\" \/>\n<meta name=\"twitter:card\" content=\"summary_large_image\" \/>\n<meta name=\"twitter:label1\" content=\"Tempo estimado de leitura\" \/>\n\t<meta name=\"twitter:data1\" content=\"1 minuto\" \/>\n<script type=\"application\/ld+json\" class=\"yoast-schema-graph\">{\"@context\":\"https:\\\/\\\/schema.org\",\"@graph\":[{\"@type\":\"WebPage\",\"@id\":\"https:\\\/\\\/medicinasinc.com\\\/pt\\\/product\\\/comprar-jesus-e-erva\\\/\",\"url\":\"https:\\\/\\\/medicinasinc.com\\\/pt\\\/product\\\/comprar-jesus-e-erva\\\/\",\"name\":\"Compre Jesus OG Weed Marijuana Strain - Melhores Medicamentos Globais\",\"isPartOf\":{\"@id\":\"https:\\\/\\\/medicinasinc.com\\\/pt\\\/#website\"},\"primaryImageOfPage\":{\"@id\":\"https:\\\/\\\/medicinasinc.com\\\/pt\\\/product\\\/comprar-jesus-e-erva\\\/#primaryimage\"},\"image\":{\"@id\":\"https:\\\/\\\/medicinasinc.com\\\/pt\\\/product\\\/comprar-jesus-e-erva\\\/#primaryimage\"},\"thumbnailUrl\":\"https:\\\/\\\/medicinasinc.com\\\/pt\\\/wp-content\\\/uploads\\\/sites\\\/20\\\/2022\\\/02\\\/buy-Jesus-OG.png\",\"datePublished\":\"2022-02-20T18:30:09+00:00\",\"dateModified\":\"2022-07-05T23:34:03+00:00\",\"description\":\"Compre Jesus OG Marijuana Strain para venda online. A cepa de maconha Jesus og \u00e9 Sativa Dominante H\u00edbrida \u2013 80% Sativa \\\/ 20% Indica THC: 21% \u2013 25%\",\"breadcrumb\":{\"@id\":\"https:\\\/\\\/medicinasinc.com\\\/pt\\\/product\\\/comprar-jesus-e-erva\\\/#breadcrumb\"},\"inLanguage\":\"pt-PT\",\"potentialAction\":[{\"@type\":\"ReadAction\",\"target\":[\"https:\\\/\\\/medicinasinc.com\\\/pt\\\/product\\\/comprar-jesus-e-erva\\\/\"]}]},{\"@type\":\"ImageObject\",\"inLanguage\":\"pt-PT\",\"@id\":\"https:\\\/\\\/medicinasinc.com\\\/pt\\\/product\\\/comprar-jesus-e-erva\\\/#primaryimage\",\"url\":\"https:\\\/\\\/medicinasinc.com\\\/pt\\\/wp-content\\\/uploads\\\/sites\\\/20\\\/2022\\\/02\\\/buy-Jesus-OG.png\",\"contentUrl\":\"https:\\\/\\\/medicinasinc.com\\\/pt\\\/wp-content\\\/uploads\\\/sites\\\/20\\\/2022\\\/02\\\/buy-Jesus-OG.png\",\"width\":600,\"height\":600},{\"@type\":\"BreadcrumbList\",\"@id\":\"https:\\\/\\\/medicinasinc.com\\\/pt\\\/product\\\/comprar-jesus-e-erva\\\/#breadcrumb\",\"itemListElement\":[{\"@type\":\"ListItem\",\"position\":1,\"name\":\"Comprar\",\"item\":\"https:\\\/\\\/medicinasinc.com\\\/pt\\\/comprar\\\/\"},{\"@type\":\"ListItem\",\"position\":2,\"name\":\"Compre Jesus OG Weed\"}]},{\"@type\":\"WebSite\",\"@id\":\"https:\\\/\\\/medicinasinc.com\\\/pt\\\/#website\",\"url\":\"https:\\\/\\\/medicinasinc.com\\\/pt\\\/\",\"name\":\"Medicinas Inc\",\"description\":\"Health Medical Clinic\",\"potentialAction\":[{\"@type\":\"SearchAction\",\"target\":{\"@type\":\"EntryPoint\",\"urlTemplate\":\"https:\\\/\\\/medicinasinc.com\\\/pt\\\/?s={search_term_string}\"},\"query-input\":{\"@type\":\"PropertyValueSpecification\",\"valueRequired\":true,\"valueName\":\"search_term_string\"}}],\"inLanguage\":\"pt-PT\"}]}<\/script>\n<!-- \/ Yoast SEO plugin. -->","yoast_head_json":{"title":"Compre Jesus OG Weed Marijuana Strain - Melhores Medicamentos Globais","description":"Compre Jesus OG Marijuana Strain para venda online. A cepa de maconha Jesus og \u00e9 Sativa Dominante H\u00edbrida \u2013 80% Sativa \/ 20% Indica THC: 21% \u2013 25%","robots":{"index":"index","follow":"follow","max-snippet":"max-snippet:-1","max-image-preview":"max-image-preview:large","max-video-preview":"max-video-preview:-1"},"canonical":"https:\/\/medicinasinc.com\/pt\/product\/comprar-jesus-e-erva\/","og_locale":"pt_PT","og_type":"article","og_title":"Compre Jesus OG Weed Marijuana Strain - Melhores Medicamentos Globais","og_description":"Compre Jesus OG Marijuana Strain para venda online. A cepa de maconha Jesus og \u00e9 Sativa Dominante H\u00edbrida \u2013 80% Sativa \/ 20% Indica THC: 21% \u2013 25%","og_url":"https:\/\/medicinasinc.com\/pt\/product\/comprar-jesus-e-erva\/","og_site_name":"Medicinas Inc","article_modified_time":"2022-07-05T23:34:03+00:00","og_image":[{"width":600,"height":600,"url":"https:\/\/medicinasinc.com\/pt\/wp-content\/uploads\/sites\/20\/2022\/02\/buy-Jesus-OG.png","type":"image\/png"}],"twitter_card":"summary_large_image","twitter_misc":{"Tempo estimado de leitura":"1 minuto"},"schema":{"@context":"https:\/\/schema.org","@graph":[{"@type":"WebPage","@id":"https:\/\/medicinasinc.com\/pt\/product\/comprar-jesus-e-erva\/","url":"https:\/\/medicinasinc.com\/pt\/product\/comprar-jesus-e-erva\/","name":"Compre Jesus OG Weed Marijuana Strain - Melhores Medicamentos Globais","isPartOf":{"@id":"https:\/\/medicinasinc.com\/pt\/#website"},"primaryImageOfPage":{"@id":"https:\/\/medicinasinc.com\/pt\/product\/comprar-jesus-e-erva\/#primaryimage"},"image":{"@id":"https:\/\/medicinasinc.com\/pt\/product\/comprar-jesus-e-erva\/#primaryimage"},"thumbnailUrl":"https:\/\/medicinasinc.com\/pt\/wp-content\/uploads\/sites\/20\/2022\/02\/buy-Jesus-OG.png","datePublished":"2022-02-20T18:30:09+00:00","dateModified":"2022-07-05T23:34:03+00:00","description":"Compre Jesus OG Marijuana Strain para venda online. A cepa de maconha Jesus og \u00e9 Sativa Dominante H\u00edbrida \u2013 80% Sativa \/ 20% Indica THC: 21% \u2013 25%","breadcrumb":{"@id":"https:\/\/medicinasinc.com\/pt\/product\/comprar-jesus-e-erva\/#breadcrumb"},"inLanguage":"pt-PT","potentialAction":[{"@type":"ReadAction","target":["https:\/\/medicinasinc.com\/pt\/product\/comprar-jesus-e-erva\/"]}]},{"@type":"ImageObject","inLanguage":"pt-PT","@id":"https:\/\/medicinasinc.com\/pt\/product\/comprar-jesus-e-erva\/#primaryimage","url":"https:\/\/medicinasinc.com\/pt\/wp-content\/uploads\/sites\/20\/2022\/02\/buy-Jesus-OG.png","contentUrl":"https:\/\/medicinasinc.com\/pt\/wp-content\/uploads\/sites\/20\/2022\/02\/buy-Jesus-OG.png","width":600,"height":600},{"@type":"BreadcrumbList","@id":"https:\/\/medicinasinc.com\/pt\/product\/comprar-jesus-e-erva\/#breadcrumb","itemListElement":[{"@type":"ListItem","position":1,"name":"Comprar","item":"https:\/\/medicinasinc.com\/pt\/comprar\/"},{"@type":"ListItem","position":2,"name":"Compre Jesus OG Weed"}]},{"@type":"WebSite","@id":"https:\/\/medicinasinc.com\/pt\/#website","url":"https:\/\/medicinasinc.com\/pt\/","name":"Medicinas Inc","description":"Health Medical Clinic","potentialAction":[{"@type":"SearchAction","target":{"@type":"EntryPoint","urlTemplate":"https:\/\/medicinasinc.com\/pt\/?s={search_term_string}"},"query-input":{"@type":"PropertyValueSpecification","valueRequired":true,"valueName":"search_term_string"}}],"inLanguage":"pt-PT"}]}},"_links":{"self":[{"href":"https:\/\/medicinasinc.com\/pt\/wp-json\/wp\/v2\/product\/4970","targetHints":{"allow":["GET"]}}],"collection":[{"href":"https:\/\/medicinasinc.com\/pt\/wp-json\/wp\/v2\/product"}],"about":[{"href":"https:\/\/medicinasinc.com\/pt\/wp-json\/wp\/v2\/types\/product"}],"replies":[{"embeddable":true,"href":"https:\/\/medicinasinc.com\/pt\/wp-json\/wp\/v2\/comments?post=4970"}],"wp:featuredmedia":[{"embeddable":true,"href":"https:\/\/medicinasinc.com\/pt\/wp-json\/wp\/v2\/media\/4983"}],"wp:attachment":[{"href":"https:\/\/medicinasinc.com\/pt\/wp-json\/wp\/v2\/media?parent=4970"}],"wp:term":[{"taxonomy":"product_brand","embeddable":true,"href":"https:\/\/medicinasinc.com\/pt\/wp-json\/wp\/v2\/product_brand?post=4970"},{"taxonomy":"product_cat","embeddable":true,"href":"https:\/\/medicinasinc.com\/pt\/wp-json\/wp\/v2\/product_cat?post=4970"},{"taxonomy":"product_tag","embeddable":true,"href":"https:\/\/medicinasinc.com\/pt\/wp-json\/wp\/v2\/product_tag?post=4970"}],"curies":[{"name":"wp","href":"https:\/\/api.w.org\/{rel}","templated":true}]}}