{"id":4968,"date":"2022-02-20T18:28:25","date_gmt":"2022-02-20T18:28:25","guid":{"rendered":"https:\/\/medicinasinc.com\/pt\/?post_type=product&#038;p=4968"},"modified":"2022-07-05T23:34:19","modified_gmt":"2022-07-05T23:34:19","slug":"compre-infinite-euphoria-marijuana","status":"publish","type":"product","link":"https:\/\/medicinasinc.com\/pt\/product\/compre-infinite-euphoria-marijuana\/","title":{"rendered":"Compre maconha Infinite Euphoria"},"content":{"rendered":"<p>Compre Marijuana Infinite Euphoria Online.<\/p>\n<p>Compre Marijuana Infinite Euphoria Online.<\/p>\n<p>Efeitos energizantes, euf\u00f3ricos, felizes, prolongados e edificantes podem aliviar a ansiedade, a depress\u00e3o, a fadiga, as mudan\u00e7as de humor, e Sabores de Estresse<br \/> Citrus, agulhas de pinheiro, skunky e doce<\/p>\n","protected":false},"excerpt":{"rendered":"<p>Compre maconha Infinite Euphoria Online. Compre Infinite Euphoria Marijuana Hybrid &#8211; 50% Sativa\/50% Indica THC: 23% &#8211; 29%<\/p>\n","protected":false},"featured_media":4981,"comment_status":"open","ping_status":"closed","template":"","meta":[],"product_brand":[],"product_cat":[778],"product_tag":[853,856,857,858,860,861,863,852,866,859,862,455,864,881,854,876,877,884,883,868,882,867,869,870,879,871,872,855,873,878,875,874,865,880],"class_list":{"0":"post-4968","1":"product","2":"type-product","3":"status-publish","4":"has-post-thumbnail","6":"product_cat-erva-a-venda","7":"product_tag-ak47-marijuana-grade-aa-sativa","8":"product_tag-best-sativa-strains-cartridge","9":"product_tag-best-sativa-strains-for-energy-2020","10":"product_tag-buy-weed-online-cheap","11":"product_tag-buy-weed-online-legit","12":"product_tag-buy-weed-online-nyc","13":"product_tag-cannabis-oil-hemp-cbd-oil","14":"product_tag-cepas-100-sativa","15":"product_tag-cepas-sativa-de-maior-rendimento","16":"product_tag-buy-weed-online-colorado","17":"product_tag-comprar-erva-daninha-online-reddit","18":"product_tag-comprar-maconha-online","19":"product_tag-denver-weed--venda-nos-eua","20":"product_tag-erva-para-venda-perto-de-mim","21":"product_tag-austrlia-erva-daninha-para-venda-online","22":"product_tag-uk-weed-para-venda-online","23":"product_tag-uk-weed-for-sell-online","24":"product_tag-erva-on-line-erva-on-line-para-venda","25":"product_tag-erva-para-venda-online-no-canad","26":"product_tag-erva-legal-para-venda-online","27":"product_tag-erva-para-venda-online","28":"product_tag-khalifa-kush-grade-a-hbrido","29":"product_tag-maconha--venda-na-califrnia","30":"product_tag-maconha--venda-no-colorado","31":"product_tag-eua-maconha-para-vender-online","32":"product_tag-maconha-marijuana-para-venda","33":"product_tag-maconha-medicinal-para-venda-online","34":"product_tag-melhores-cepas-sativa-2020","35":"product_tag-nyc-weed-para-venda-online","36":"product_tag-eua-cannabis-leo","37":"product_tag-rare-sativa-strains","38":"product_tag-cepas-ao-ar-livre-sativa","39":"product_tag-cebola-deticas-2020","40":"product_tag-eua-erva-para-venda","42":"first","43":"instock","44":"shipping-taxable","45":"purchasable","46":"product-type-variable","47":"has-default-attributes"},"yoast_head":"<!-- This site is optimized with the Yoast SEO plugin v27.3 - https:\/\/yoast.com\/product\/yoast-seo-wordpress\/ -->\n<title>Compre Infinite Euphoria Marijuana - Best Best Global Meds<\/title>\n<meta name=\"description\" content=\"Compre maconha Infinite Euphoria para venda online. Compre Infinite Euphoria Marijuana Hybrid \u2013 50% Sativa \/ 50% Indica THC: 23% \u2013 29%\" \/>\n<meta name=\"robots\" content=\"index, follow, max-snippet:-1, max-image-preview:large, max-video-preview:-1\" \/>\n<link rel=\"canonical\" href=\"https:\/\/medicinasinc.com\/pt\/product\/compre-infinite-euphoria-marijuana\/\" \/>\n<meta property=\"og:locale\" content=\"pt_PT\" \/>\n<meta property=\"og:type\" content=\"article\" \/>\n<meta property=\"og:title\" content=\"Compre Infinite Euphoria Marijuana - Best Best Global Meds\" \/>\n<meta property=\"og:description\" content=\"Compre maconha Infinite Euphoria para venda online. Compre Infinite Euphoria Marijuana Hybrid \u2013 50% Sativa \/ 50% Indica THC: 23% \u2013 29%\" \/>\n<meta property=\"og:url\" content=\"https:\/\/medicinasinc.com\/pt\/product\/compre-infinite-euphoria-marijuana\/\" \/>\n<meta property=\"og:site_name\" content=\"Medicinas Inc\" \/>\n<meta property=\"article:modified_time\" content=\"2022-07-05T23:34:19+00:00\" \/>\n<meta property=\"og:image\" content=\"https:\/\/medicinasinc.com\/pt\/wp-content\/uploads\/sites\/20\/2022\/02\/Buy-Infinite-Euphoria-Marijuana.jpg\" \/>\n\t<meta property=\"og:image:width\" content=\"225\" \/>\n\t<meta property=\"og:image:height\" content=\"225\" \/>\n\t<meta property=\"og:image:type\" content=\"image\/jpeg\" \/>\n<meta name=\"twitter:card\" content=\"summary_large_image\" \/>\n<meta name=\"twitter:label1\" content=\"Tempo estimado de leitura\" \/>\n\t<meta name=\"twitter:data1\" content=\"1 minuto\" \/>\n<script type=\"application\/ld+json\" class=\"yoast-schema-graph\">{\"@context\":\"https:\\\/\\\/schema.org\",\"@graph\":[{\"@type\":\"WebPage\",\"@id\":\"https:\\\/\\\/medicinasinc.com\\\/pt\\\/product\\\/compre-infinite-euphoria-marijuana\\\/\",\"url\":\"https:\\\/\\\/medicinasinc.com\\\/pt\\\/product\\\/compre-infinite-euphoria-marijuana\\\/\",\"name\":\"Compre Infinite Euphoria Marijuana - Best Best Global Meds\",\"isPartOf\":{\"@id\":\"https:\\\/\\\/medicinasinc.com\\\/pt\\\/#website\"},\"primaryImageOfPage\":{\"@id\":\"https:\\\/\\\/medicinasinc.com\\\/pt\\\/product\\\/compre-infinite-euphoria-marijuana\\\/#primaryimage\"},\"image\":{\"@id\":\"https:\\\/\\\/medicinasinc.com\\\/pt\\\/product\\\/compre-infinite-euphoria-marijuana\\\/#primaryimage\"},\"thumbnailUrl\":\"https:\\\/\\\/medicinasinc.com\\\/pt\\\/wp-content\\\/uploads\\\/sites\\\/20\\\/2022\\\/02\\\/Buy-Infinite-Euphoria-Marijuana.jpg\",\"datePublished\":\"2022-02-20T18:28:25+00:00\",\"dateModified\":\"2022-07-05T23:34:19+00:00\",\"description\":\"Compre maconha Infinite Euphoria para venda online. Compre Infinite Euphoria Marijuana Hybrid \u2013 50% Sativa \\\/ 50% Indica THC: 23% \u2013 29%\",\"breadcrumb\":{\"@id\":\"https:\\\/\\\/medicinasinc.com\\\/pt\\\/product\\\/compre-infinite-euphoria-marijuana\\\/#breadcrumb\"},\"inLanguage\":\"pt-PT\",\"potentialAction\":[{\"@type\":\"ReadAction\",\"target\":[\"https:\\\/\\\/medicinasinc.com\\\/pt\\\/product\\\/compre-infinite-euphoria-marijuana\\\/\"]}]},{\"@type\":\"ImageObject\",\"inLanguage\":\"pt-PT\",\"@id\":\"https:\\\/\\\/medicinasinc.com\\\/pt\\\/product\\\/compre-infinite-euphoria-marijuana\\\/#primaryimage\",\"url\":\"https:\\\/\\\/medicinasinc.com\\\/pt\\\/wp-content\\\/uploads\\\/sites\\\/20\\\/2022\\\/02\\\/Buy-Infinite-Euphoria-Marijuana.jpg\",\"contentUrl\":\"https:\\\/\\\/medicinasinc.com\\\/pt\\\/wp-content\\\/uploads\\\/sites\\\/20\\\/2022\\\/02\\\/Buy-Infinite-Euphoria-Marijuana.jpg\",\"width\":225,\"height\":225},{\"@type\":\"BreadcrumbList\",\"@id\":\"https:\\\/\\\/medicinasinc.com\\\/pt\\\/product\\\/compre-infinite-euphoria-marijuana\\\/#breadcrumb\",\"itemListElement\":[{\"@type\":\"ListItem\",\"position\":1,\"name\":\"Comprar\",\"item\":\"https:\\\/\\\/medicinasinc.com\\\/pt\\\/comprar\\\/\"},{\"@type\":\"ListItem\",\"position\":2,\"name\":\"Compre maconha Infinite Euphoria\"}]},{\"@type\":\"WebSite\",\"@id\":\"https:\\\/\\\/medicinasinc.com\\\/pt\\\/#website\",\"url\":\"https:\\\/\\\/medicinasinc.com\\\/pt\\\/\",\"name\":\"Medicinas Inc\",\"description\":\"Health Medical Clinic\",\"potentialAction\":[{\"@type\":\"SearchAction\",\"target\":{\"@type\":\"EntryPoint\",\"urlTemplate\":\"https:\\\/\\\/medicinasinc.com\\\/pt\\\/?s={search_term_string}\"},\"query-input\":{\"@type\":\"PropertyValueSpecification\",\"valueRequired\":true,\"valueName\":\"search_term_string\"}}],\"inLanguage\":\"pt-PT\"}]}<\/script>\n<!-- \/ Yoast SEO plugin. -->","yoast_head_json":{"title":"Compre Infinite Euphoria Marijuana - Best Best Global Meds","description":"Compre maconha Infinite Euphoria para venda online. Compre Infinite Euphoria Marijuana Hybrid \u2013 50% Sativa \/ 50% Indica THC: 23% \u2013 29%","robots":{"index":"index","follow":"follow","max-snippet":"max-snippet:-1","max-image-preview":"max-image-preview:large","max-video-preview":"max-video-preview:-1"},"canonical":"https:\/\/medicinasinc.com\/pt\/product\/compre-infinite-euphoria-marijuana\/","og_locale":"pt_PT","og_type":"article","og_title":"Compre Infinite Euphoria Marijuana - Best Best Global Meds","og_description":"Compre maconha Infinite Euphoria para venda online. Compre Infinite Euphoria Marijuana Hybrid \u2013 50% Sativa \/ 50% Indica THC: 23% \u2013 29%","og_url":"https:\/\/medicinasinc.com\/pt\/product\/compre-infinite-euphoria-marijuana\/","og_site_name":"Medicinas Inc","article_modified_time":"2022-07-05T23:34:19+00:00","og_image":[{"width":225,"height":225,"url":"https:\/\/medicinasinc.com\/pt\/wp-content\/uploads\/sites\/20\/2022\/02\/Buy-Infinite-Euphoria-Marijuana.jpg","type":"image\/jpeg"}],"twitter_card":"summary_large_image","twitter_misc":{"Tempo estimado de leitura":"1 minuto"},"schema":{"@context":"https:\/\/schema.org","@graph":[{"@type":"WebPage","@id":"https:\/\/medicinasinc.com\/pt\/product\/compre-infinite-euphoria-marijuana\/","url":"https:\/\/medicinasinc.com\/pt\/product\/compre-infinite-euphoria-marijuana\/","name":"Compre Infinite Euphoria Marijuana - Best Best Global Meds","isPartOf":{"@id":"https:\/\/medicinasinc.com\/pt\/#website"},"primaryImageOfPage":{"@id":"https:\/\/medicinasinc.com\/pt\/product\/compre-infinite-euphoria-marijuana\/#primaryimage"},"image":{"@id":"https:\/\/medicinasinc.com\/pt\/product\/compre-infinite-euphoria-marijuana\/#primaryimage"},"thumbnailUrl":"https:\/\/medicinasinc.com\/pt\/wp-content\/uploads\/sites\/20\/2022\/02\/Buy-Infinite-Euphoria-Marijuana.jpg","datePublished":"2022-02-20T18:28:25+00:00","dateModified":"2022-07-05T23:34:19+00:00","description":"Compre maconha Infinite Euphoria para venda online. Compre Infinite Euphoria Marijuana Hybrid \u2013 50% Sativa \/ 50% Indica THC: 23% \u2013 29%","breadcrumb":{"@id":"https:\/\/medicinasinc.com\/pt\/product\/compre-infinite-euphoria-marijuana\/#breadcrumb"},"inLanguage":"pt-PT","potentialAction":[{"@type":"ReadAction","target":["https:\/\/medicinasinc.com\/pt\/product\/compre-infinite-euphoria-marijuana\/"]}]},{"@type":"ImageObject","inLanguage":"pt-PT","@id":"https:\/\/medicinasinc.com\/pt\/product\/compre-infinite-euphoria-marijuana\/#primaryimage","url":"https:\/\/medicinasinc.com\/pt\/wp-content\/uploads\/sites\/20\/2022\/02\/Buy-Infinite-Euphoria-Marijuana.jpg","contentUrl":"https:\/\/medicinasinc.com\/pt\/wp-content\/uploads\/sites\/20\/2022\/02\/Buy-Infinite-Euphoria-Marijuana.jpg","width":225,"height":225},{"@type":"BreadcrumbList","@id":"https:\/\/medicinasinc.com\/pt\/product\/compre-infinite-euphoria-marijuana\/#breadcrumb","itemListElement":[{"@type":"ListItem","position":1,"name":"Comprar","item":"https:\/\/medicinasinc.com\/pt\/comprar\/"},{"@type":"ListItem","position":2,"name":"Compre maconha Infinite Euphoria"}]},{"@type":"WebSite","@id":"https:\/\/medicinasinc.com\/pt\/#website","url":"https:\/\/medicinasinc.com\/pt\/","name":"Medicinas Inc","description":"Health Medical Clinic","potentialAction":[{"@type":"SearchAction","target":{"@type":"EntryPoint","urlTemplate":"https:\/\/medicinasinc.com\/pt\/?s={search_term_string}"},"query-input":{"@type":"PropertyValueSpecification","valueRequired":true,"valueName":"search_term_string"}}],"inLanguage":"pt-PT"}]}},"_links":{"self":[{"href":"https:\/\/medicinasinc.com\/pt\/wp-json\/wp\/v2\/product\/4968","targetHints":{"allow":["GET"]}}],"collection":[{"href":"https:\/\/medicinasinc.com\/pt\/wp-json\/wp\/v2\/product"}],"about":[{"href":"https:\/\/medicinasinc.com\/pt\/wp-json\/wp\/v2\/types\/product"}],"replies":[{"embeddable":true,"href":"https:\/\/medicinasinc.com\/pt\/wp-json\/wp\/v2\/comments?post=4968"}],"wp:featuredmedia":[{"embeddable":true,"href":"https:\/\/medicinasinc.com\/pt\/wp-json\/wp\/v2\/media\/4981"}],"wp:attachment":[{"href":"https:\/\/medicinasinc.com\/pt\/wp-json\/wp\/v2\/media?parent=4968"}],"wp:term":[{"taxonomy":"product_brand","embeddable":true,"href":"https:\/\/medicinasinc.com\/pt\/wp-json\/wp\/v2\/product_brand?post=4968"},{"taxonomy":"product_cat","embeddable":true,"href":"https:\/\/medicinasinc.com\/pt\/wp-json\/wp\/v2\/product_cat?post=4968"},{"taxonomy":"product_tag","embeddable":true,"href":"https:\/\/medicinasinc.com\/pt\/wp-json\/wp\/v2\/product_tag?post=4968"}],"curies":[{"name":"wp","href":"https:\/\/api.w.org\/{rel}","templated":true}]}}