{"id":4940,"date":"2022-02-20T18:04:10","date_gmt":"2022-02-20T18:04:10","guid":{"rendered":"https:\/\/medicinasinc.com\/pt\/?post_type=product&#038;p=4940"},"modified":"2022-07-05T23:37:36","modified_gmt":"2022-07-05T23:37:36","slug":"comprar-durban-veneno-maconha","status":"publish","type":"product","link":"https:\/\/medicinasinc.com\/pt\/product\/comprar-durban-veneno-maconha\/","title":{"rendered":"Compre maconha venenosa de Durban"},"content":{"rendered":"<p>Compra online de Durban Poison Marijuana Strain<\/p>\n<p>Esta cepa altamente potente causar\u00e1 um severo golpe no c\u00e9rebro. Durban Poison \u00e9 uma cepa de sativa pura que \u00e9 uma amada descendente pura de uma cepa de sativa sul-africana. Na d\u00e9cada de 1970, Ed Rosenthal, um ativista americano da cannabis, identificou a cepa original e a introduziu nos Estados Unidos. Tem sido um favorito de longa data entre maconheiros e pacientes de maconha medicinal nesta cidade. Durban Poison tem um teor de THC de at\u00e9 24%, tornando-se uma das cepas mais potentes dispon\u00edveis. Esta variedade oferece uma altura de cabe\u00e7a poderosa e agrad\u00e1vel, ideal para empreendimentos criativos e atividades diurnas. Junto com a boca seca, a paran\u00f3ia \u00e9 um poss\u00edvel efeito adverso. Durban Poison \u00e9 um poderoso tratamento para depress\u00e3o e ansiedade, bem como para dores cr\u00f4nicas e n\u00e1useas. Esta variedade \u00e9 boa para criar concentrados devido \u00e0 abund\u00e2ncia de grandes tricomas no bot\u00e3o. O aroma e o sabor predominantes de Durban Poison s\u00e3o terrosos e doces, com um leve aroma de pinho. Os bot\u00f5es s\u00e3o redondos e grossos, cobertos de tricomas abundantes. Essa variedade \u00e9 ideal para per\u00edodos de atividade f\u00edsica, tarefas dom\u00e9sticas e outras atividades diurnas.<\/p>\n","protected":false},"excerpt":{"rendered":"<div class=\"woocommerce-product-details__short-description\">\n<p>Durban Poison tem um teor de THC de at\u00e9 24%, tornando-o um dos mais importantes do mundo; que essas lojas vendem algumas dessas variedades \u00fanicas.<\/p>\n<p>A variedade Durban Poison conquistou apelo mundial devido ao seu aroma agrad\u00e1vel e efeitos energizantes e edificantes. Fa\u00e7a-nos uma visita.<\/p>\n<p>Durban Poison Marijuana Strain pode ser comprada online. Durban Poison \u00e9 uma variedade africana Sativa Landrace de Cannabis. Excelente para pacientes que procuram uma tens\u00e3o cerebral robusta que ajudar\u00e1 na luta contra o estresse e o cansa\u00e7o.<\/p>\n<\/p><\/div>\n","protected":false},"featured_media":4954,"comment_status":"open","ping_status":"closed","template":"","meta":[],"product_brand":[],"product_cat":[778],"product_tag":[820,821,826,823,819,824,825,822],"class_list":{"0":"post-4940","1":"product","2":"type-product","3":"status-publish","4":"has-post-thumbnail","6":"product_cat-erva-a-venda","7":"product_tag-durban-poison-autoflower","8":"product_tag-durban-poison-crosses","9":"product_tag--durban-o-mesmo-que-durban-veneno","10":"product_tag-durban-veneno-histria","11":"product_tag-melhores-sementes-de-veneno-de-durban","12":"product_tag-durban-poison-seeds-south-africa","13":"product_tag-durban-veneno-veg-time","14":"product_tag-durban-veneno-crescer","16":"first","17":"instock","18":"shipping-taxable","19":"purchasable","20":"product-type-variable","21":"has-default-attributes"},"yoast_head":"<!-- This site is optimized with the Yoast SEO plugin v27.3 - https:\/\/yoast.com\/product\/yoast-seo-wordpress\/ -->\n<title>Compre Durban Poison Marijuana - Best Best Global Meds<\/title>\n<meta name=\"description\" content=\"Compre a variedade Durban Poison\u00a0\u00e0 venda on-line, ganhou popularidade em todo o mundo por seu cheiro doce e efeitos energ\u00e9ticos e edificantes. Por favor, visite-nos.\" \/>\n<meta name=\"robots\" content=\"index, follow, max-snippet:-1, max-image-preview:large, max-video-preview:-1\" \/>\n<link rel=\"canonical\" href=\"https:\/\/medicinasinc.com\/pt\/product\/comprar-durban-veneno-maconha\/\" \/>\n<meta property=\"og:locale\" content=\"pt_PT\" \/>\n<meta property=\"og:type\" content=\"article\" \/>\n<meta property=\"og:title\" content=\"Compre Durban Poison Marijuana - Best Best Global Meds\" \/>\n<meta property=\"og:description\" content=\"Compre a variedade Durban Poison\u00a0\u00e0 venda on-line, ganhou popularidade em todo o mundo por seu cheiro doce e efeitos energ\u00e9ticos e edificantes. Por favor, visite-nos.\" \/>\n<meta property=\"og:url\" content=\"https:\/\/medicinasinc.com\/pt\/product\/comprar-durban-veneno-maconha\/\" \/>\n<meta property=\"og:site_name\" content=\"Medicinas Inc\" \/>\n<meta property=\"article:modified_time\" content=\"2022-07-05T23:37:36+00:00\" \/>\n<meta property=\"og:image\" content=\"https:\/\/medicinasinc.com\/pt\/wp-content\/uploads\/sites\/20\/2022\/02\/Buy-Durban-Poison-Marijuana.jpg\" \/>\n\t<meta property=\"og:image:width\" content=\"225\" \/>\n\t<meta property=\"og:image:height\" content=\"225\" \/>\n\t<meta property=\"og:image:type\" content=\"image\/jpeg\" \/>\n<meta name=\"twitter:card\" content=\"summary_large_image\" \/>\n<meta name=\"twitter:label1\" content=\"Tempo estimado de leitura\" \/>\n\t<meta name=\"twitter:data1\" content=\"1 minuto\" \/>\n<script type=\"application\/ld+json\" class=\"yoast-schema-graph\">{\"@context\":\"https:\\\/\\\/schema.org\",\"@graph\":[{\"@type\":\"WebPage\",\"@id\":\"https:\\\/\\\/medicinasinc.com\\\/pt\\\/product\\\/comprar-durban-veneno-maconha\\\/\",\"url\":\"https:\\\/\\\/medicinasinc.com\\\/pt\\\/product\\\/comprar-durban-veneno-maconha\\\/\",\"name\":\"Compre Durban Poison Marijuana - Best Best Global Meds\",\"isPartOf\":{\"@id\":\"https:\\\/\\\/medicinasinc.com\\\/pt\\\/#website\"},\"primaryImageOfPage\":{\"@id\":\"https:\\\/\\\/medicinasinc.com\\\/pt\\\/product\\\/comprar-durban-veneno-maconha\\\/#primaryimage\"},\"image\":{\"@id\":\"https:\\\/\\\/medicinasinc.com\\\/pt\\\/product\\\/comprar-durban-veneno-maconha\\\/#primaryimage\"},\"thumbnailUrl\":\"https:\\\/\\\/medicinasinc.com\\\/pt\\\/wp-content\\\/uploads\\\/sites\\\/20\\\/2022\\\/02\\\/Buy-Durban-Poison-Marijuana.jpg\",\"datePublished\":\"2022-02-20T18:04:10+00:00\",\"dateModified\":\"2022-07-05T23:37:36+00:00\",\"description\":\"Compre a variedade Durban Poison\u00a0\u00e0 venda on-line, ganhou popularidade em todo o mundo por seu cheiro doce e efeitos energ\u00e9ticos e edificantes. Por favor, visite-nos.\",\"breadcrumb\":{\"@id\":\"https:\\\/\\\/medicinasinc.com\\\/pt\\\/product\\\/comprar-durban-veneno-maconha\\\/#breadcrumb\"},\"inLanguage\":\"pt-PT\",\"potentialAction\":[{\"@type\":\"ReadAction\",\"target\":[\"https:\\\/\\\/medicinasinc.com\\\/pt\\\/product\\\/comprar-durban-veneno-maconha\\\/\"]}]},{\"@type\":\"ImageObject\",\"inLanguage\":\"pt-PT\",\"@id\":\"https:\\\/\\\/medicinasinc.com\\\/pt\\\/product\\\/comprar-durban-veneno-maconha\\\/#primaryimage\",\"url\":\"https:\\\/\\\/medicinasinc.com\\\/pt\\\/wp-content\\\/uploads\\\/sites\\\/20\\\/2022\\\/02\\\/Buy-Durban-Poison-Marijuana.jpg\",\"contentUrl\":\"https:\\\/\\\/medicinasinc.com\\\/pt\\\/wp-content\\\/uploads\\\/sites\\\/20\\\/2022\\\/02\\\/Buy-Durban-Poison-Marijuana.jpg\",\"width\":225,\"height\":225},{\"@type\":\"BreadcrumbList\",\"@id\":\"https:\\\/\\\/medicinasinc.com\\\/pt\\\/product\\\/comprar-durban-veneno-maconha\\\/#breadcrumb\",\"itemListElement\":[{\"@type\":\"ListItem\",\"position\":1,\"name\":\"Comprar\",\"item\":\"https:\\\/\\\/medicinasinc.com\\\/pt\\\/comprar\\\/\"},{\"@type\":\"ListItem\",\"position\":2,\"name\":\"Compre maconha venenosa de Durban\"}]},{\"@type\":\"WebSite\",\"@id\":\"https:\\\/\\\/medicinasinc.com\\\/pt\\\/#website\",\"url\":\"https:\\\/\\\/medicinasinc.com\\\/pt\\\/\",\"name\":\"Medicinas Inc\",\"description\":\"Health Medical Clinic\",\"potentialAction\":[{\"@type\":\"SearchAction\",\"target\":{\"@type\":\"EntryPoint\",\"urlTemplate\":\"https:\\\/\\\/medicinasinc.com\\\/pt\\\/?s={search_term_string}\"},\"query-input\":{\"@type\":\"PropertyValueSpecification\",\"valueRequired\":true,\"valueName\":\"search_term_string\"}}],\"inLanguage\":\"pt-PT\"}]}<\/script>\n<!-- \/ Yoast SEO plugin. -->","yoast_head_json":{"title":"Compre Durban Poison Marijuana - Best Best Global Meds","description":"Compre a variedade Durban Poison\u00a0\u00e0 venda on-line, ganhou popularidade em todo o mundo por seu cheiro doce e efeitos energ\u00e9ticos e edificantes. Por favor, visite-nos.","robots":{"index":"index","follow":"follow","max-snippet":"max-snippet:-1","max-image-preview":"max-image-preview:large","max-video-preview":"max-video-preview:-1"},"canonical":"https:\/\/medicinasinc.com\/pt\/product\/comprar-durban-veneno-maconha\/","og_locale":"pt_PT","og_type":"article","og_title":"Compre Durban Poison Marijuana - Best Best Global Meds","og_description":"Compre a variedade Durban Poison\u00a0\u00e0 venda on-line, ganhou popularidade em todo o mundo por seu cheiro doce e efeitos energ\u00e9ticos e edificantes. Por favor, visite-nos.","og_url":"https:\/\/medicinasinc.com\/pt\/product\/comprar-durban-veneno-maconha\/","og_site_name":"Medicinas Inc","article_modified_time":"2022-07-05T23:37:36+00:00","og_image":[{"width":225,"height":225,"url":"https:\/\/medicinasinc.com\/pt\/wp-content\/uploads\/sites\/20\/2022\/02\/Buy-Durban-Poison-Marijuana.jpg","type":"image\/jpeg"}],"twitter_card":"summary_large_image","twitter_misc":{"Tempo estimado de leitura":"1 minuto"},"schema":{"@context":"https:\/\/schema.org","@graph":[{"@type":"WebPage","@id":"https:\/\/medicinasinc.com\/pt\/product\/comprar-durban-veneno-maconha\/","url":"https:\/\/medicinasinc.com\/pt\/product\/comprar-durban-veneno-maconha\/","name":"Compre Durban Poison Marijuana - Best Best Global Meds","isPartOf":{"@id":"https:\/\/medicinasinc.com\/pt\/#website"},"primaryImageOfPage":{"@id":"https:\/\/medicinasinc.com\/pt\/product\/comprar-durban-veneno-maconha\/#primaryimage"},"image":{"@id":"https:\/\/medicinasinc.com\/pt\/product\/comprar-durban-veneno-maconha\/#primaryimage"},"thumbnailUrl":"https:\/\/medicinasinc.com\/pt\/wp-content\/uploads\/sites\/20\/2022\/02\/Buy-Durban-Poison-Marijuana.jpg","datePublished":"2022-02-20T18:04:10+00:00","dateModified":"2022-07-05T23:37:36+00:00","description":"Compre a variedade Durban Poison\u00a0\u00e0 venda on-line, ganhou popularidade em todo o mundo por seu cheiro doce e efeitos energ\u00e9ticos e edificantes. Por favor, visite-nos.","breadcrumb":{"@id":"https:\/\/medicinasinc.com\/pt\/product\/comprar-durban-veneno-maconha\/#breadcrumb"},"inLanguage":"pt-PT","potentialAction":[{"@type":"ReadAction","target":["https:\/\/medicinasinc.com\/pt\/product\/comprar-durban-veneno-maconha\/"]}]},{"@type":"ImageObject","inLanguage":"pt-PT","@id":"https:\/\/medicinasinc.com\/pt\/product\/comprar-durban-veneno-maconha\/#primaryimage","url":"https:\/\/medicinasinc.com\/pt\/wp-content\/uploads\/sites\/20\/2022\/02\/Buy-Durban-Poison-Marijuana.jpg","contentUrl":"https:\/\/medicinasinc.com\/pt\/wp-content\/uploads\/sites\/20\/2022\/02\/Buy-Durban-Poison-Marijuana.jpg","width":225,"height":225},{"@type":"BreadcrumbList","@id":"https:\/\/medicinasinc.com\/pt\/product\/comprar-durban-veneno-maconha\/#breadcrumb","itemListElement":[{"@type":"ListItem","position":1,"name":"Comprar","item":"https:\/\/medicinasinc.com\/pt\/comprar\/"},{"@type":"ListItem","position":2,"name":"Compre maconha venenosa de Durban"}]},{"@type":"WebSite","@id":"https:\/\/medicinasinc.com\/pt\/#website","url":"https:\/\/medicinasinc.com\/pt\/","name":"Medicinas Inc","description":"Health Medical Clinic","potentialAction":[{"@type":"SearchAction","target":{"@type":"EntryPoint","urlTemplate":"https:\/\/medicinasinc.com\/pt\/?s={search_term_string}"},"query-input":{"@type":"PropertyValueSpecification","valueRequired":true,"valueName":"search_term_string"}}],"inLanguage":"pt-PT"}]}},"_links":{"self":[{"href":"https:\/\/medicinasinc.com\/pt\/wp-json\/wp\/v2\/product\/4940","targetHints":{"allow":["GET"]}}],"collection":[{"href":"https:\/\/medicinasinc.com\/pt\/wp-json\/wp\/v2\/product"}],"about":[{"href":"https:\/\/medicinasinc.com\/pt\/wp-json\/wp\/v2\/types\/product"}],"replies":[{"embeddable":true,"href":"https:\/\/medicinasinc.com\/pt\/wp-json\/wp\/v2\/comments?post=4940"}],"wp:featuredmedia":[{"embeddable":true,"href":"https:\/\/medicinasinc.com\/pt\/wp-json\/wp\/v2\/media\/4954"}],"wp:attachment":[{"href":"https:\/\/medicinasinc.com\/pt\/wp-json\/wp\/v2\/media?parent=4940"}],"wp:term":[{"taxonomy":"product_brand","embeddable":true,"href":"https:\/\/medicinasinc.com\/pt\/wp-json\/wp\/v2\/product_brand?post=4940"},{"taxonomy":"product_cat","embeddable":true,"href":"https:\/\/medicinasinc.com\/pt\/wp-json\/wp\/v2\/product_cat?post=4940"},{"taxonomy":"product_tag","embeddable":true,"href":"https:\/\/medicinasinc.com\/pt\/wp-json\/wp\/v2\/product_tag?post=4940"}],"curies":[{"name":"wp","href":"https:\/\/api.w.org\/{rel}","templated":true}]}}