{"id":4938,"date":"2022-02-20T18:02:35","date_gmt":"2022-02-20T18:02:35","guid":{"rendered":"https:\/\/medicinasinc.com\/pt\/?post_type=product&#038;p=4938"},"modified":"2022-07-05T23:37:58","modified_gmt":"2022-07-05T23:37:58","slug":"comprar-torta-cereja-maconha-estirpe","status":"publish","type":"product","link":"https:\/\/medicinasinc.com\/pt\/product\/comprar-torta-cereja-maconha-estirpe\/","title":{"rendered":"Compre uma variedade de maconha para torta de cereja"},"content":{"rendered":"<p>Compra online da variedade de maconha Cherry Pie.<\/p>\n<p>Compra online da variedade de maconha Cherry Pie.<\/p>\n<p>A variedade de maconha Cherry Pie pode ser comprada online. H\u00edbrido &#8211; 80% Indica \/ 20% Sativa THC: 16\u201324%, CBD: 1%<\/p>\n<p>Efeitos<br \/> Criativo, euforia, contentamento e relaxamento<br \/> Possivelmente al\u00edvio<br \/> Transtorno de D\u00e9ficit de Aten\u00e7\u00e3o\/Hiperatividade, Ansiedade, Transtorno Bipolar, Dor Cr\u00f4nica, Depress\u00e3o, Hiperatividade e Ins\u00f4nia<br \/> Sabores<br \/> Bagas, cerejas e doces<br \/> Aromas<br \/> Cereja, mirtilo, terroso, e doce<\/p>\n","protected":false},"excerpt":{"rendered":"<p>Compre online a variedade de maconha Cherry Pie. Cherry Pie Marijuana Strain pode ser comprada online. H\u00edbrido &#8211; 80% Indica \/ 20% Sativa THC: 16\u201324%, CBD: 1%<\/p>\n","protected":false},"featured_media":4952,"comment_status":"open","ping_status":"closed","template":"","meta":[],"product_brand":[],"product_cat":[778],"product_tag":[814,815,816,817,812,818,813,811],"class_list":{"0":"post-4938","1":"product","2":"type-product","3":"status-publish","4":"has-post-thumbnail","6":"product_cat-erva-a-venda","7":"product_tag-cherry-pie-strain-allbud","8":"product_tag-cherry-pie-strain-effects","9":"product_tag-cherry-pie-strain-price","10":"product_tag-cherry-pie-strain-sativa-or-indica","11":"product_tag-receita-de-torta-de-cereja","12":"product_tag-cereja-torta-estirpe-rendimento","13":"product_tag-sementes-de-torta-de-cereja","14":"product_tag-torta-de-cereja-e-cepa","16":"first","17":"instock","18":"shipping-taxable","19":"purchasable","20":"product-type-variable","21":"has-default-attributes"},"yoast_head":"<!-- This site is optimized with the Yoast SEO plugin v27.2 - https:\/\/yoast.com\/product\/yoast-seo-wordpress\/ -->\n<title>Compre a variedade de maconha Cherry Pie - Best Best Global Meds<\/title>\n<meta name=\"description\" content=\"Compre a variedade de maconha Cherry Pie \u00e0 venda online. Compre a variedade de maconha Cherry Pie online. H\u00edbrido \u2013 80% Indica \/ 20% Sativa THC: 16% \u2013 24%, CBD: 1%\" \/>\n<meta name=\"robots\" content=\"index, follow, max-snippet:-1, max-image-preview:large, max-video-preview:-1\" \/>\n<link rel=\"canonical\" href=\"https:\/\/medicinasinc.com\/pt\/product\/comprar-torta-cereja-maconha-estirpe\/\" \/>\n<meta property=\"og:locale\" content=\"pt_PT\" \/>\n<meta property=\"og:type\" content=\"article\" \/>\n<meta property=\"og:title\" content=\"Compre a variedade de maconha Cherry Pie - Best Best Global Meds\" \/>\n<meta property=\"og:description\" content=\"Compre a variedade de maconha Cherry Pie \u00e0 venda online. Compre a variedade de maconha Cherry Pie online. H\u00edbrido \u2013 80% Indica \/ 20% Sativa THC: 16% \u2013 24%, CBD: 1%\" \/>\n<meta property=\"og:url\" content=\"https:\/\/medicinasinc.com\/pt\/product\/comprar-torta-cereja-maconha-estirpe\/\" \/>\n<meta property=\"og:site_name\" content=\"Medicinas Inc\" \/>\n<meta property=\"article:modified_time\" content=\"2022-07-05T23:37:58+00:00\" \/>\n<meta property=\"og:image\" content=\"https:\/\/medicinasinc.com\/pt\/wp-content\/uploads\/sites\/20\/2022\/02\/Buy-Cherry-Pie-Marijuana.jpg\" \/>\n\t<meta property=\"og:image:width\" content=\"1080\" \/>\n\t<meta property=\"og:image:height\" content=\"1080\" \/>\n\t<meta property=\"og:image:type\" content=\"image\/jpeg\" \/>\n<meta name=\"twitter:card\" content=\"summary_large_image\" \/>\n<meta name=\"twitter:label1\" content=\"Tempo estimado de leitura\" \/>\n\t<meta name=\"twitter:data1\" content=\"1 minuto\" \/>\n<script type=\"application\/ld+json\" class=\"yoast-schema-graph\">{\"@context\":\"https:\/\/schema.org\",\"@graph\":[{\"@type\":\"WebPage\",\"@id\":\"https:\/\/medicinasinc.com\/pt\/product\/comprar-torta-cereja-maconha-estirpe\/\",\"url\":\"https:\/\/medicinasinc.com\/pt\/product\/comprar-torta-cereja-maconha-estirpe\/\",\"name\":\"Compre a variedade de maconha Cherry Pie - Best Best Global Meds\",\"isPartOf\":{\"@id\":\"https:\/\/medicinasinc.com\/pt\/#website\"},\"primaryImageOfPage\":{\"@id\":\"https:\/\/medicinasinc.com\/pt\/product\/comprar-torta-cereja-maconha-estirpe\/#primaryimage\"},\"image\":{\"@id\":\"https:\/\/medicinasinc.com\/pt\/product\/comprar-torta-cereja-maconha-estirpe\/#primaryimage\"},\"thumbnailUrl\":\"https:\/\/medicinasinc.com\/pt\/wp-content\/uploads\/sites\/20\/2022\/02\/Buy-Cherry-Pie-Marijuana.jpg\",\"datePublished\":\"2022-02-20T18:02:35+00:00\",\"dateModified\":\"2022-07-05T23:37:58+00:00\",\"description\":\"Compre a variedade de maconha Cherry Pie \u00e0 venda online. Compre a variedade de maconha Cherry Pie online. H\u00edbrido \u2013 80% Indica \/ 20% Sativa THC: 16% \u2013 24%, CBD: 1%\",\"breadcrumb\":{\"@id\":\"https:\/\/medicinasinc.com\/pt\/product\/comprar-torta-cereja-maconha-estirpe\/#breadcrumb\"},\"inLanguage\":\"pt-PT\",\"potentialAction\":[{\"@type\":\"ReadAction\",\"target\":[\"https:\/\/medicinasinc.com\/pt\/product\/comprar-torta-cereja-maconha-estirpe\/\"]}]},{\"@type\":\"ImageObject\",\"inLanguage\":\"pt-PT\",\"@id\":\"https:\/\/medicinasinc.com\/pt\/product\/comprar-torta-cereja-maconha-estirpe\/#primaryimage\",\"url\":\"https:\/\/medicinasinc.com\/pt\/wp-content\/uploads\/sites\/20\/2022\/02\/Buy-Cherry-Pie-Marijuana.jpg\",\"contentUrl\":\"https:\/\/medicinasinc.com\/pt\/wp-content\/uploads\/sites\/20\/2022\/02\/Buy-Cherry-Pie-Marijuana.jpg\",\"width\":1080,\"height\":1080},{\"@type\":\"BreadcrumbList\",\"@id\":\"https:\/\/medicinasinc.com\/pt\/product\/comprar-torta-cereja-maconha-estirpe\/#breadcrumb\",\"itemListElement\":[{\"@type\":\"ListItem\",\"position\":1,\"name\":\"Comprar\",\"item\":\"https:\/\/medicinasinc.com\/pt\/comprar\/\"},{\"@type\":\"ListItem\",\"position\":2,\"name\":\"Compre uma variedade de maconha para torta de cereja\"}]},{\"@type\":\"WebSite\",\"@id\":\"https:\/\/medicinasinc.com\/pt\/#website\",\"url\":\"https:\/\/medicinasinc.com\/pt\/\",\"name\":\"Medicinas Inc\",\"description\":\"Health Medical Clinic\",\"potentialAction\":[{\"@type\":\"SearchAction\",\"target\":{\"@type\":\"EntryPoint\",\"urlTemplate\":\"https:\/\/medicinasinc.com\/pt\/?s={search_term_string}\"},\"query-input\":{\"@type\":\"PropertyValueSpecification\",\"valueRequired\":true,\"valueName\":\"search_term_string\"}}],\"inLanguage\":\"pt-PT\"}]}<\/script>\n<!-- \/ Yoast SEO plugin. -->","yoast_head_json":{"title":"Compre a variedade de maconha Cherry Pie - Best Best Global Meds","description":"Compre a variedade de maconha Cherry Pie \u00e0 venda online. Compre a variedade de maconha Cherry Pie online. H\u00edbrido \u2013 80% Indica \/ 20% Sativa THC: 16% \u2013 24%, CBD: 1%","robots":{"index":"index","follow":"follow","max-snippet":"max-snippet:-1","max-image-preview":"max-image-preview:large","max-video-preview":"max-video-preview:-1"},"canonical":"https:\/\/medicinasinc.com\/pt\/product\/comprar-torta-cereja-maconha-estirpe\/","og_locale":"pt_PT","og_type":"article","og_title":"Compre a variedade de maconha Cherry Pie - Best Best Global Meds","og_description":"Compre a variedade de maconha Cherry Pie \u00e0 venda online. Compre a variedade de maconha Cherry Pie online. H\u00edbrido \u2013 80% Indica \/ 20% Sativa THC: 16% \u2013 24%, CBD: 1%","og_url":"https:\/\/medicinasinc.com\/pt\/product\/comprar-torta-cereja-maconha-estirpe\/","og_site_name":"Medicinas Inc","article_modified_time":"2022-07-05T23:37:58+00:00","og_image":[{"width":1080,"height":1080,"url":"https:\/\/medicinasinc.com\/pt\/wp-content\/uploads\/sites\/20\/2022\/02\/Buy-Cherry-Pie-Marijuana.jpg","type":"image\/jpeg"}],"twitter_card":"summary_large_image","twitter_misc":{"Tempo estimado de leitura":"1 minuto"},"schema":{"@context":"https:\/\/schema.org","@graph":[{"@type":"WebPage","@id":"https:\/\/medicinasinc.com\/pt\/product\/comprar-torta-cereja-maconha-estirpe\/","url":"https:\/\/medicinasinc.com\/pt\/product\/comprar-torta-cereja-maconha-estirpe\/","name":"Compre a variedade de maconha Cherry Pie - Best Best Global Meds","isPartOf":{"@id":"https:\/\/medicinasinc.com\/pt\/#website"},"primaryImageOfPage":{"@id":"https:\/\/medicinasinc.com\/pt\/product\/comprar-torta-cereja-maconha-estirpe\/#primaryimage"},"image":{"@id":"https:\/\/medicinasinc.com\/pt\/product\/comprar-torta-cereja-maconha-estirpe\/#primaryimage"},"thumbnailUrl":"https:\/\/medicinasinc.com\/pt\/wp-content\/uploads\/sites\/20\/2022\/02\/Buy-Cherry-Pie-Marijuana.jpg","datePublished":"2022-02-20T18:02:35+00:00","dateModified":"2022-07-05T23:37:58+00:00","description":"Compre a variedade de maconha Cherry Pie \u00e0 venda online. Compre a variedade de maconha Cherry Pie online. H\u00edbrido \u2013 80% Indica \/ 20% Sativa THC: 16% \u2013 24%, CBD: 1%","breadcrumb":{"@id":"https:\/\/medicinasinc.com\/pt\/product\/comprar-torta-cereja-maconha-estirpe\/#breadcrumb"},"inLanguage":"pt-PT","potentialAction":[{"@type":"ReadAction","target":["https:\/\/medicinasinc.com\/pt\/product\/comprar-torta-cereja-maconha-estirpe\/"]}]},{"@type":"ImageObject","inLanguage":"pt-PT","@id":"https:\/\/medicinasinc.com\/pt\/product\/comprar-torta-cereja-maconha-estirpe\/#primaryimage","url":"https:\/\/medicinasinc.com\/pt\/wp-content\/uploads\/sites\/20\/2022\/02\/Buy-Cherry-Pie-Marijuana.jpg","contentUrl":"https:\/\/medicinasinc.com\/pt\/wp-content\/uploads\/sites\/20\/2022\/02\/Buy-Cherry-Pie-Marijuana.jpg","width":1080,"height":1080},{"@type":"BreadcrumbList","@id":"https:\/\/medicinasinc.com\/pt\/product\/comprar-torta-cereja-maconha-estirpe\/#breadcrumb","itemListElement":[{"@type":"ListItem","position":1,"name":"Comprar","item":"https:\/\/medicinasinc.com\/pt\/comprar\/"},{"@type":"ListItem","position":2,"name":"Compre uma variedade de maconha para torta de cereja"}]},{"@type":"WebSite","@id":"https:\/\/medicinasinc.com\/pt\/#website","url":"https:\/\/medicinasinc.com\/pt\/","name":"Medicinas Inc","description":"Health Medical Clinic","potentialAction":[{"@type":"SearchAction","target":{"@type":"EntryPoint","urlTemplate":"https:\/\/medicinasinc.com\/pt\/?s={search_term_string}"},"query-input":{"@type":"PropertyValueSpecification","valueRequired":true,"valueName":"search_term_string"}}],"inLanguage":"pt-PT"}]}},"_links":{"self":[{"href":"https:\/\/medicinasinc.com\/pt\/wp-json\/wp\/v2\/product\/4938","targetHints":{"allow":["GET"]}}],"collection":[{"href":"https:\/\/medicinasinc.com\/pt\/wp-json\/wp\/v2\/product"}],"about":[{"href":"https:\/\/medicinasinc.com\/pt\/wp-json\/wp\/v2\/types\/product"}],"replies":[{"embeddable":true,"href":"https:\/\/medicinasinc.com\/pt\/wp-json\/wp\/v2\/comments?post=4938"}],"wp:featuredmedia":[{"embeddable":true,"href":"https:\/\/medicinasinc.com\/pt\/wp-json\/wp\/v2\/media\/4952"}],"wp:attachment":[{"href":"https:\/\/medicinasinc.com\/pt\/wp-json\/wp\/v2\/media?parent=4938"}],"wp:term":[{"taxonomy":"product_brand","embeddable":true,"href":"https:\/\/medicinasinc.com\/pt\/wp-json\/wp\/v2\/product_brand?post=4938"},{"taxonomy":"product_cat","embeddable":true,"href":"https:\/\/medicinasinc.com\/pt\/wp-json\/wp\/v2\/product_cat?post=4938"},{"taxonomy":"product_tag","embeddable":true,"href":"https:\/\/medicinasinc.com\/pt\/wp-json\/wp\/v2\/product_tag?post=4938"}],"curies":[{"name":"wp","href":"https:\/\/api.w.org\/{rel}","templated":true}]}}