{"id":4928,"date":"2022-02-20T17:53:26","date_gmt":"2022-02-20T17:53:26","guid":{"rendered":"https:\/\/medicinasinc.com\/pt\/?post_type=product&#038;p=4928"},"modified":"2022-07-05T23:38:19","modified_gmt":"2022-07-05T23:38:19","slug":"comprar-cookies-gelato","status":"publish","type":"product","link":"https:\/\/medicinasinc.com\/pt\/product\/comprar-cookies-gelato\/","title":{"rendered":"Compre biscoitos gelados"},"content":{"rendered":"<p>Cookies Gelato \u00e9 filho de duas ilustres variedades de maconha. Ela herdou uma quantidade insana de pot\u00eancia, um sabor doce e uma incr\u00edvel quantidade de produtividade. E Cali Bliss otimizou cada um desses elementos. Este \u00e9 agora o n\u00famero 2 e foi significativamente melhorado. Al\u00e9m disso, 25% de THC \u00e9 usado em vez de 23% de THC.<\/p>\n<p>Para come\u00e7ar, gostar\u00edamos de fornecer algum contexto para os produtores desta ador\u00e1vel variedade de Cookies Gelato. Cali Bliss \u00e9 uma equipe de produtores relativamente nova. Estes s\u00e3o pesos pesados, e levamos cerca de um ano e meio para estocar algumas de suas variedades. Tivemos a sorte de adquirir tr\u00eas deles a partir de agora. Eles s\u00e3o dedicados \u00e0 gen\u00e9tica aut\u00eantica da Calif\u00f3rnia, mas com um toque diferente. Certas variedades levam anos para se desenvolver at\u00e9 o ponto em que esses caras ficam satisfeitos.<\/p>\n<p>&#8220;\u00c0 medida que voc\u00ea consome mais cannabis, sua toler\u00e2ncia aumenta. Para iniciantes, n\u00e3o \u00e9 preciso muito para ficar chapado. Algumas baforadas de uma cepa fraca ser\u00e1 suficiente. Depois de v\u00e1rios anos, no entanto, fumantes experientes precisam de maconha mais forte para obter os mesmos efeitos. Uma dessas cepas \u00e9 a Cookies Gelato. Ela fornece uma dose monstruosa de THC que transporta instantaneamente a mente para um estado alterado de consci\u00eancia e mant\u00e9m durante horas.&#8221;<\/p>\n<p>Os poderosos efeitos de Cookies Gelato s\u00e3o resultado de suas poderosas linhagens parentais, Girl Scout Cookies e Gelato. Essa dupla din\u00e2mica, no entanto, \u00e9 conhecida por mais do que sua for\u00e7a bruta. Como seus nomes indicam, ambos t\u00eam perfis de terpenos doces e a\u00e7ucarados. Cookies Gelato incorpora as melhores caracter\u00edsticas dessas duas variedades lend\u00e1rias.<\/p>\n<p>Os bot\u00f5es desse cara s\u00e3o esparsos e pequenos (isso \u00e9 determinado geneticamente \u2013 n\u00e3o h\u00e1 como evitar). Fluff adicional e suavidade. Ou seja, o pr\u00f3prio bot\u00e3o tem mais espa\u00e7o a\u00e9reo. Isso pode resultar em uma queima mais r\u00e1pida e uma sensa\u00e7\u00e3o mais dura se n\u00e3o for levado em considera\u00e7\u00e3o. Portanto, simplesmente certifique-se de que esteja bem embalado para eliminar qualquer espa\u00e7o de ar. Ao enrolar um baseado ou fumar uma tigela, embale-a bem. Esta \u00e9 a natureza da cepa.<\/p>\n<p>O QUE SIGNIFICA O N\u00daMERO DOIS?<\/p>\n<p>\u2013 Efeitos extensivos (mais refinados)<\/p>\n<p>\u2013 Sabor melhorado (perfil terp mais refinado) <\/p>\n<p>\u2013 Maior teor de THC (antes era 23% , agora \u00e9 25%)<\/p>\n<p>\u2013 Al\u00e9m disso, cura e apara melhor<\/p>\n<p>EFEITOS:<\/p>\n<p>Criativo, alegre e euf\u00f3rico<\/p>\n<p>M\u00c9DICO:<\/p>\n<p>Ansiedade, Estresse e Dor Cr\u00f4nica<\/p>\n<p>THC:<\/p>\n<p>25% <\/p>\n<div class=\"product-next-previous\">\n<div class=\"product-prev\"><\/div><\/div>\n","protected":false},"excerpt":{"rendered":"<p>Compre biscoitos de maconha Gelato para venda online. Chem Willie \u00e9 um h\u00edbrido Sativa Dominante \u2013 70% Sativa e 30% Indica. Indica THC: 15%<\/p>\n","protected":false},"featured_media":4941,"comment_status":"open","ping_status":"closed","template":"","meta":[],"product_brand":[],"product_cat":[778],"product_tag":[809,810,803,806,804,805,808,807],"class_list":{"0":"post-4928","1":"product","2":"type-product","3":"status-publish","4":"has-post-thumbnail","6":"product_cat-erva-a-venda","7":"product_tag-gelato-cookies-strain-allbud","8":"product_tag-gelato-cookies-strain-wikileaf","9":"product_tag-cookies-gelato-42","10":"product_tag-cookies-gelato-grow-dirio","11":"product_tag-cookies-gelato-41","12":"product_tag-cookies-gelato-flowering-time","13":"product_tag-gelato-cookies-and-cream","14":"product_tag-biscoitos-sorvete-rendimento","16":"first","17":"instock","18":"shipping-taxable","19":"purchasable","20":"product-type-variable","21":"has-default-attributes"},"yoast_head":"<!-- This site is optimized with the Yoast SEO plugin v27.3 - https:\/\/yoast.com\/product\/yoast-seo-wordpress\/ -->\n<title>Compre Cookies Gelato - Cookies Gelato para venda - Best Best Global Meds<\/title>\n<meta name=\"description\" content=\"Compre Cookies Gelato Maconha para venda Online. Chem willie \u00e9 Sativa Dominante H\u00edbrido \u2013 70% Sativa \/ 30% Indica THC: 15%\" \/>\n<meta name=\"robots\" content=\"index, follow, max-snippet:-1, max-image-preview:large, max-video-preview:-1\" \/>\n<link rel=\"canonical\" href=\"https:\/\/medicinasinc.com\/pt\/product\/comprar-cookies-gelato\/\" \/>\n<meta property=\"og:locale\" content=\"pt_PT\" \/>\n<meta property=\"og:type\" content=\"article\" \/>\n<meta property=\"og:title\" content=\"Compre Cookies Gelato - Cookies Gelato para venda - Best Best Global Meds\" \/>\n<meta property=\"og:description\" content=\"Compre Cookies Gelato Maconha para venda Online. Chem willie \u00e9 Sativa Dominante H\u00edbrido \u2013 70% Sativa \/ 30% Indica THC: 15%\" \/>\n<meta property=\"og:url\" content=\"https:\/\/medicinasinc.com\/pt\/product\/comprar-cookies-gelato\/\" \/>\n<meta property=\"og:site_name\" content=\"Medicinas Inc\" \/>\n<meta property=\"article:modified_time\" content=\"2022-07-05T23:38:19+00:00\" \/>\n<meta property=\"og:image\" content=\"https:\/\/medicinasinc.com\/pt\/wp-content\/uploads\/sites\/20\/2022\/02\/Buy-Cookies-Gelato.jpg\" \/>\n\t<meta property=\"og:image:width\" content=\"420\" \/>\n\t<meta property=\"og:image:height\" content=\"630\" \/>\n\t<meta property=\"og:image:type\" content=\"image\/jpeg\" \/>\n<meta name=\"twitter:card\" content=\"summary_large_image\" \/>\n<meta name=\"twitter:label1\" content=\"Tempo estimado de leitura\" \/>\n\t<meta name=\"twitter:data1\" content=\"2 minutos\" \/>\n<script type=\"application\/ld+json\" class=\"yoast-schema-graph\">{\"@context\":\"https:\\\/\\\/schema.org\",\"@graph\":[{\"@type\":\"WebPage\",\"@id\":\"https:\\\/\\\/medicinasinc.com\\\/pt\\\/product\\\/comprar-cookies-gelato\\\/\",\"url\":\"https:\\\/\\\/medicinasinc.com\\\/pt\\\/product\\\/comprar-cookies-gelato\\\/\",\"name\":\"Compre Cookies Gelato - Cookies Gelato para venda - Best Best Global Meds\",\"isPartOf\":{\"@id\":\"https:\\\/\\\/medicinasinc.com\\\/pt\\\/#website\"},\"primaryImageOfPage\":{\"@id\":\"https:\\\/\\\/medicinasinc.com\\\/pt\\\/product\\\/comprar-cookies-gelato\\\/#primaryimage\"},\"image\":{\"@id\":\"https:\\\/\\\/medicinasinc.com\\\/pt\\\/product\\\/comprar-cookies-gelato\\\/#primaryimage\"},\"thumbnailUrl\":\"https:\\\/\\\/medicinasinc.com\\\/pt\\\/wp-content\\\/uploads\\\/sites\\\/20\\\/2022\\\/02\\\/Buy-Cookies-Gelato.jpg\",\"datePublished\":\"2022-02-20T17:53:26+00:00\",\"dateModified\":\"2022-07-05T23:38:19+00:00\",\"description\":\"Compre Cookies Gelato Maconha para venda Online. Chem willie \u00e9 Sativa Dominante H\u00edbrido \u2013 70% Sativa \\\/ 30% Indica THC: 15%\",\"breadcrumb\":{\"@id\":\"https:\\\/\\\/medicinasinc.com\\\/pt\\\/product\\\/comprar-cookies-gelato\\\/#breadcrumb\"},\"inLanguage\":\"pt-PT\",\"potentialAction\":[{\"@type\":\"ReadAction\",\"target\":[\"https:\\\/\\\/medicinasinc.com\\\/pt\\\/product\\\/comprar-cookies-gelato\\\/\"]}]},{\"@type\":\"ImageObject\",\"inLanguage\":\"pt-PT\",\"@id\":\"https:\\\/\\\/medicinasinc.com\\\/pt\\\/product\\\/comprar-cookies-gelato\\\/#primaryimage\",\"url\":\"https:\\\/\\\/medicinasinc.com\\\/pt\\\/wp-content\\\/uploads\\\/sites\\\/20\\\/2022\\\/02\\\/Buy-Cookies-Gelato.jpg\",\"contentUrl\":\"https:\\\/\\\/medicinasinc.com\\\/pt\\\/wp-content\\\/uploads\\\/sites\\\/20\\\/2022\\\/02\\\/Buy-Cookies-Gelato.jpg\",\"width\":420,\"height\":630},{\"@type\":\"BreadcrumbList\",\"@id\":\"https:\\\/\\\/medicinasinc.com\\\/pt\\\/product\\\/comprar-cookies-gelato\\\/#breadcrumb\",\"itemListElement\":[{\"@type\":\"ListItem\",\"position\":1,\"name\":\"Comprar\",\"item\":\"https:\\\/\\\/medicinasinc.com\\\/pt\\\/comprar\\\/\"},{\"@type\":\"ListItem\",\"position\":2,\"name\":\"Compre biscoitos gelados\"}]},{\"@type\":\"WebSite\",\"@id\":\"https:\\\/\\\/medicinasinc.com\\\/pt\\\/#website\",\"url\":\"https:\\\/\\\/medicinasinc.com\\\/pt\\\/\",\"name\":\"Medicinas Inc\",\"description\":\"Health Medical Clinic\",\"potentialAction\":[{\"@type\":\"SearchAction\",\"target\":{\"@type\":\"EntryPoint\",\"urlTemplate\":\"https:\\\/\\\/medicinasinc.com\\\/pt\\\/?s={search_term_string}\"},\"query-input\":{\"@type\":\"PropertyValueSpecification\",\"valueRequired\":true,\"valueName\":\"search_term_string\"}}],\"inLanguage\":\"pt-PT\"}]}<\/script>\n<!-- \/ Yoast SEO plugin. -->","yoast_head_json":{"title":"Compre Cookies Gelato - Cookies Gelato para venda - Best Best Global Meds","description":"Compre Cookies Gelato Maconha para venda Online. Chem willie \u00e9 Sativa Dominante H\u00edbrido \u2013 70% Sativa \/ 30% Indica THC: 15%","robots":{"index":"index","follow":"follow","max-snippet":"max-snippet:-1","max-image-preview":"max-image-preview:large","max-video-preview":"max-video-preview:-1"},"canonical":"https:\/\/medicinasinc.com\/pt\/product\/comprar-cookies-gelato\/","og_locale":"pt_PT","og_type":"article","og_title":"Compre Cookies Gelato - Cookies Gelato para venda - Best Best Global Meds","og_description":"Compre Cookies Gelato Maconha para venda Online. Chem willie \u00e9 Sativa Dominante H\u00edbrido \u2013 70% Sativa \/ 30% Indica THC: 15%","og_url":"https:\/\/medicinasinc.com\/pt\/product\/comprar-cookies-gelato\/","og_site_name":"Medicinas Inc","article_modified_time":"2022-07-05T23:38:19+00:00","og_image":[{"width":420,"height":630,"url":"https:\/\/medicinasinc.com\/pt\/wp-content\/uploads\/sites\/20\/2022\/02\/Buy-Cookies-Gelato.jpg","type":"image\/jpeg"}],"twitter_card":"summary_large_image","twitter_misc":{"Tempo estimado de leitura":"2 minutos"},"schema":{"@context":"https:\/\/schema.org","@graph":[{"@type":"WebPage","@id":"https:\/\/medicinasinc.com\/pt\/product\/comprar-cookies-gelato\/","url":"https:\/\/medicinasinc.com\/pt\/product\/comprar-cookies-gelato\/","name":"Compre Cookies Gelato - Cookies Gelato para venda - Best Best Global Meds","isPartOf":{"@id":"https:\/\/medicinasinc.com\/pt\/#website"},"primaryImageOfPage":{"@id":"https:\/\/medicinasinc.com\/pt\/product\/comprar-cookies-gelato\/#primaryimage"},"image":{"@id":"https:\/\/medicinasinc.com\/pt\/product\/comprar-cookies-gelato\/#primaryimage"},"thumbnailUrl":"https:\/\/medicinasinc.com\/pt\/wp-content\/uploads\/sites\/20\/2022\/02\/Buy-Cookies-Gelato.jpg","datePublished":"2022-02-20T17:53:26+00:00","dateModified":"2022-07-05T23:38:19+00:00","description":"Compre Cookies Gelato Maconha para venda Online. Chem willie \u00e9 Sativa Dominante H\u00edbrido \u2013 70% Sativa \/ 30% Indica THC: 15%","breadcrumb":{"@id":"https:\/\/medicinasinc.com\/pt\/product\/comprar-cookies-gelato\/#breadcrumb"},"inLanguage":"pt-PT","potentialAction":[{"@type":"ReadAction","target":["https:\/\/medicinasinc.com\/pt\/product\/comprar-cookies-gelato\/"]}]},{"@type":"ImageObject","inLanguage":"pt-PT","@id":"https:\/\/medicinasinc.com\/pt\/product\/comprar-cookies-gelato\/#primaryimage","url":"https:\/\/medicinasinc.com\/pt\/wp-content\/uploads\/sites\/20\/2022\/02\/Buy-Cookies-Gelato.jpg","contentUrl":"https:\/\/medicinasinc.com\/pt\/wp-content\/uploads\/sites\/20\/2022\/02\/Buy-Cookies-Gelato.jpg","width":420,"height":630},{"@type":"BreadcrumbList","@id":"https:\/\/medicinasinc.com\/pt\/product\/comprar-cookies-gelato\/#breadcrumb","itemListElement":[{"@type":"ListItem","position":1,"name":"Comprar","item":"https:\/\/medicinasinc.com\/pt\/comprar\/"},{"@type":"ListItem","position":2,"name":"Compre biscoitos gelados"}]},{"@type":"WebSite","@id":"https:\/\/medicinasinc.com\/pt\/#website","url":"https:\/\/medicinasinc.com\/pt\/","name":"Medicinas Inc","description":"Health Medical Clinic","potentialAction":[{"@type":"SearchAction","target":{"@type":"EntryPoint","urlTemplate":"https:\/\/medicinasinc.com\/pt\/?s={search_term_string}"},"query-input":{"@type":"PropertyValueSpecification","valueRequired":true,"valueName":"search_term_string"}}],"inLanguage":"pt-PT"}]}},"_links":{"self":[{"href":"https:\/\/medicinasinc.com\/pt\/wp-json\/wp\/v2\/product\/4928","targetHints":{"allow":["GET"]}}],"collection":[{"href":"https:\/\/medicinasinc.com\/pt\/wp-json\/wp\/v2\/product"}],"about":[{"href":"https:\/\/medicinasinc.com\/pt\/wp-json\/wp\/v2\/types\/product"}],"replies":[{"embeddable":true,"href":"https:\/\/medicinasinc.com\/pt\/wp-json\/wp\/v2\/comments?post=4928"}],"wp:featuredmedia":[{"embeddable":true,"href":"https:\/\/medicinasinc.com\/pt\/wp-json\/wp\/v2\/media\/4941"}],"wp:attachment":[{"href":"https:\/\/medicinasinc.com\/pt\/wp-json\/wp\/v2\/media?parent=4928"}],"wp:term":[{"taxonomy":"product_brand","embeddable":true,"href":"https:\/\/medicinasinc.com\/pt\/wp-json\/wp\/v2\/product_brand?post=4928"},{"taxonomy":"product_cat","embeddable":true,"href":"https:\/\/medicinasinc.com\/pt\/wp-json\/wp\/v2\/product_cat?post=4928"},{"taxonomy":"product_tag","embeddable":true,"href":"https:\/\/medicinasinc.com\/pt\/wp-json\/wp\/v2\/product_tag?post=4928"}],"curies":[{"name":"wp","href":"https:\/\/api.w.org\/{rel}","templated":true}]}}