{"id":4912,"date":"2022-02-20T17:40:16","date_gmt":"2022-02-20T17:40:16","guid":{"rendered":"https:\/\/medicinasinc.com\/pt\/?post_type=product&#038;p=4912"},"modified":"2022-07-05T23:38:57","modified_gmt":"2022-07-05T23:38:57","slug":"comprar-sonho-azul-cepa","status":"publish","type":"product","link":"https:\/\/medicinasinc.com\/pt\/product\/comprar-sonho-azul-cepa\/","title":{"rendered":"Compre a linhagem Blue Dream"},"content":{"rendered":"<p>A cepa Blue Dream Sativa pode ser comprada online.<\/p>\n<p>A cepa Blue Dream Sativa pode ser comprada online.<\/p>\n<p>60% Sativa Dominante H\u00edbrida Sativa \/ 40% Indica<br \/> THC o conte\u00fado varia entre 17% e 24%, o conte\u00fado de CBD \u00e9 de 2% e o conte\u00fado de CBN \u00e9 de 1%.<\/p>\n<p>Efeitos criativos, energizantes, euf\u00f3ricos e felizes podem aliviar os sintomas de TDAH, ansiedade, transtorno bipolar , dor cr\u00f4nica, depress\u00e3o, fadiga, dores de cabe\u00e7a e hiperatividade.<br \/> Sabores<br \/> Frutado, Baga, Mirtilo, Herbal, Doce, Baunilha<br \/> Aromas<br \/> Terroso, frutado, doce e baunilha -sabor<\/p>\n","protected":false},"excerpt":{"rendered":"<p>Compre o Blue Dream Sativa AA com frete gr\u00e1tis para qualquer localidade da Europa. BudStars \u00e9 a loja online de maconha n\u00ba 1 do mundo. Receba descontos substanciais em sua compra inicial.<\/p>\n<p>A cepa Blue Dream Sativa pode ser comprada on-line.<\/p>\n<p>Voc\u00ea pode comprar maconha on-line com ou sem um cart\u00e3o de maconha medicinal. Maconha por correspond\u00eancia.<\/p>\n","protected":false},"featured_media":4926,"comment_status":"open","ping_status":"closed","template":"","meta":[],"product_brand":[],"product_cat":[778],"product_tag":[],"class_list":{"0":"post-4912","1":"product","2":"type-product","3":"status-publish","4":"has-post-thumbnail","6":"product_cat-erva-a-venda","8":"first","9":"instock","10":"shipping-taxable","11":"purchasable","12":"product-type-variable","13":"has-default-attributes"},"yoast_head":"<!-- This site is optimized with the Yoast SEO plugin v27.3 - https:\/\/yoast.com\/product\/yoast-seo-wordpress\/ -->\n<title>Compre Blue Dream Strain - Melhores Melhores Medicamentos Globais<\/title>\n<meta name=\"description\" content=\"Compre Blue Dream Sativa Strain para venda online. compre maconha online com ou sem cart\u00e3o de maconha medicinal. Encomenda de maconha pelo correio.\" \/>\n<meta name=\"robots\" content=\"index, follow, max-snippet:-1, max-image-preview:large, max-video-preview:-1\" \/>\n<link rel=\"canonical\" href=\"https:\/\/medicinasinc.com\/pt\/product\/comprar-sonho-azul-cepa\/\" \/>\n<meta property=\"og:locale\" content=\"pt_PT\" \/>\n<meta property=\"og:type\" content=\"article\" \/>\n<meta property=\"og:title\" content=\"Compre Blue Dream Strain - Melhores Melhores Medicamentos Globais\" \/>\n<meta property=\"og:description\" content=\"Compre Blue Dream Sativa Strain para venda online. compre maconha online com ou sem cart\u00e3o de maconha medicinal. Encomenda de maconha pelo correio.\" \/>\n<meta property=\"og:url\" content=\"https:\/\/medicinasinc.com\/pt\/product\/comprar-sonho-azul-cepa\/\" \/>\n<meta property=\"og:site_name\" content=\"Medicinas Inc\" \/>\n<meta property=\"article:modified_time\" content=\"2022-07-05T23:38:57+00:00\" \/>\n<meta property=\"og:image\" content=\"https:\/\/medicinasinc.com\/pt\/wp-content\/uploads\/sites\/20\/2022\/02\/Buy-Blue-Dream-Strain.jpg\" \/>\n\t<meta property=\"og:image:width\" content=\"225\" \/>\n\t<meta property=\"og:image:height\" content=\"225\" \/>\n\t<meta property=\"og:image:type\" content=\"image\/jpeg\" \/>\n<meta name=\"twitter:card\" content=\"summary_large_image\" \/>\n<meta name=\"twitter:label1\" content=\"Tempo estimado de leitura\" \/>\n\t<meta name=\"twitter:data1\" content=\"1 minuto\" \/>\n<script type=\"application\/ld+json\" class=\"yoast-schema-graph\">{\"@context\":\"https:\\\/\\\/schema.org\",\"@graph\":[{\"@type\":\"WebPage\",\"@id\":\"https:\\\/\\\/medicinasinc.com\\\/pt\\\/product\\\/comprar-sonho-azul-cepa\\\/\",\"url\":\"https:\\\/\\\/medicinasinc.com\\\/pt\\\/product\\\/comprar-sonho-azul-cepa\\\/\",\"name\":\"Compre Blue Dream Strain - Melhores Melhores Medicamentos Globais\",\"isPartOf\":{\"@id\":\"https:\\\/\\\/medicinasinc.com\\\/pt\\\/#website\"},\"primaryImageOfPage\":{\"@id\":\"https:\\\/\\\/medicinasinc.com\\\/pt\\\/product\\\/comprar-sonho-azul-cepa\\\/#primaryimage\"},\"image\":{\"@id\":\"https:\\\/\\\/medicinasinc.com\\\/pt\\\/product\\\/comprar-sonho-azul-cepa\\\/#primaryimage\"},\"thumbnailUrl\":\"https:\\\/\\\/medicinasinc.com\\\/pt\\\/wp-content\\\/uploads\\\/sites\\\/20\\\/2022\\\/02\\\/Buy-Blue-Dream-Strain.jpg\",\"datePublished\":\"2022-02-20T17:40:16+00:00\",\"dateModified\":\"2022-07-05T23:38:57+00:00\",\"description\":\"Compre Blue Dream Sativa Strain para venda online. compre maconha online com ou sem cart\u00e3o de maconha medicinal. Encomenda de maconha pelo correio.\",\"breadcrumb\":{\"@id\":\"https:\\\/\\\/medicinasinc.com\\\/pt\\\/product\\\/comprar-sonho-azul-cepa\\\/#breadcrumb\"},\"inLanguage\":\"pt-PT\",\"potentialAction\":[{\"@type\":\"ReadAction\",\"target\":[\"https:\\\/\\\/medicinasinc.com\\\/pt\\\/product\\\/comprar-sonho-azul-cepa\\\/\"]}]},{\"@type\":\"ImageObject\",\"inLanguage\":\"pt-PT\",\"@id\":\"https:\\\/\\\/medicinasinc.com\\\/pt\\\/product\\\/comprar-sonho-azul-cepa\\\/#primaryimage\",\"url\":\"https:\\\/\\\/medicinasinc.com\\\/pt\\\/wp-content\\\/uploads\\\/sites\\\/20\\\/2022\\\/02\\\/Buy-Blue-Dream-Strain.jpg\",\"contentUrl\":\"https:\\\/\\\/medicinasinc.com\\\/pt\\\/wp-content\\\/uploads\\\/sites\\\/20\\\/2022\\\/02\\\/Buy-Blue-Dream-Strain.jpg\",\"width\":225,\"height\":225},{\"@type\":\"BreadcrumbList\",\"@id\":\"https:\\\/\\\/medicinasinc.com\\\/pt\\\/product\\\/comprar-sonho-azul-cepa\\\/#breadcrumb\",\"itemListElement\":[{\"@type\":\"ListItem\",\"position\":1,\"name\":\"Comprar\",\"item\":\"https:\\\/\\\/medicinasinc.com\\\/pt\\\/comprar\\\/\"},{\"@type\":\"ListItem\",\"position\":2,\"name\":\"Compre a linhagem Blue Dream\"}]},{\"@type\":\"WebSite\",\"@id\":\"https:\\\/\\\/medicinasinc.com\\\/pt\\\/#website\",\"url\":\"https:\\\/\\\/medicinasinc.com\\\/pt\\\/\",\"name\":\"Medicinas Inc\",\"description\":\"Health Medical Clinic\",\"potentialAction\":[{\"@type\":\"SearchAction\",\"target\":{\"@type\":\"EntryPoint\",\"urlTemplate\":\"https:\\\/\\\/medicinasinc.com\\\/pt\\\/?s={search_term_string}\"},\"query-input\":{\"@type\":\"PropertyValueSpecification\",\"valueRequired\":true,\"valueName\":\"search_term_string\"}}],\"inLanguage\":\"pt-PT\"}]}<\/script>\n<!-- \/ Yoast SEO plugin. -->","yoast_head_json":{"title":"Compre Blue Dream Strain - Melhores Melhores Medicamentos Globais","description":"Compre Blue Dream Sativa Strain para venda online. compre maconha online com ou sem cart\u00e3o de maconha medicinal. Encomenda de maconha pelo correio.","robots":{"index":"index","follow":"follow","max-snippet":"max-snippet:-1","max-image-preview":"max-image-preview:large","max-video-preview":"max-video-preview:-1"},"canonical":"https:\/\/medicinasinc.com\/pt\/product\/comprar-sonho-azul-cepa\/","og_locale":"pt_PT","og_type":"article","og_title":"Compre Blue Dream Strain - Melhores Melhores Medicamentos Globais","og_description":"Compre Blue Dream Sativa Strain para venda online. compre maconha online com ou sem cart\u00e3o de maconha medicinal. Encomenda de maconha pelo correio.","og_url":"https:\/\/medicinasinc.com\/pt\/product\/comprar-sonho-azul-cepa\/","og_site_name":"Medicinas Inc","article_modified_time":"2022-07-05T23:38:57+00:00","og_image":[{"width":225,"height":225,"url":"https:\/\/medicinasinc.com\/pt\/wp-content\/uploads\/sites\/20\/2022\/02\/Buy-Blue-Dream-Strain.jpg","type":"image\/jpeg"}],"twitter_card":"summary_large_image","twitter_misc":{"Tempo estimado de leitura":"1 minuto"},"schema":{"@context":"https:\/\/schema.org","@graph":[{"@type":"WebPage","@id":"https:\/\/medicinasinc.com\/pt\/product\/comprar-sonho-azul-cepa\/","url":"https:\/\/medicinasinc.com\/pt\/product\/comprar-sonho-azul-cepa\/","name":"Compre Blue Dream Strain - Melhores Melhores Medicamentos Globais","isPartOf":{"@id":"https:\/\/medicinasinc.com\/pt\/#website"},"primaryImageOfPage":{"@id":"https:\/\/medicinasinc.com\/pt\/product\/comprar-sonho-azul-cepa\/#primaryimage"},"image":{"@id":"https:\/\/medicinasinc.com\/pt\/product\/comprar-sonho-azul-cepa\/#primaryimage"},"thumbnailUrl":"https:\/\/medicinasinc.com\/pt\/wp-content\/uploads\/sites\/20\/2022\/02\/Buy-Blue-Dream-Strain.jpg","datePublished":"2022-02-20T17:40:16+00:00","dateModified":"2022-07-05T23:38:57+00:00","description":"Compre Blue Dream Sativa Strain para venda online. compre maconha online com ou sem cart\u00e3o de maconha medicinal. Encomenda de maconha pelo correio.","breadcrumb":{"@id":"https:\/\/medicinasinc.com\/pt\/product\/comprar-sonho-azul-cepa\/#breadcrumb"},"inLanguage":"pt-PT","potentialAction":[{"@type":"ReadAction","target":["https:\/\/medicinasinc.com\/pt\/product\/comprar-sonho-azul-cepa\/"]}]},{"@type":"ImageObject","inLanguage":"pt-PT","@id":"https:\/\/medicinasinc.com\/pt\/product\/comprar-sonho-azul-cepa\/#primaryimage","url":"https:\/\/medicinasinc.com\/pt\/wp-content\/uploads\/sites\/20\/2022\/02\/Buy-Blue-Dream-Strain.jpg","contentUrl":"https:\/\/medicinasinc.com\/pt\/wp-content\/uploads\/sites\/20\/2022\/02\/Buy-Blue-Dream-Strain.jpg","width":225,"height":225},{"@type":"BreadcrumbList","@id":"https:\/\/medicinasinc.com\/pt\/product\/comprar-sonho-azul-cepa\/#breadcrumb","itemListElement":[{"@type":"ListItem","position":1,"name":"Comprar","item":"https:\/\/medicinasinc.com\/pt\/comprar\/"},{"@type":"ListItem","position":2,"name":"Compre a linhagem Blue Dream"}]},{"@type":"WebSite","@id":"https:\/\/medicinasinc.com\/pt\/#website","url":"https:\/\/medicinasinc.com\/pt\/","name":"Medicinas Inc","description":"Health Medical Clinic","potentialAction":[{"@type":"SearchAction","target":{"@type":"EntryPoint","urlTemplate":"https:\/\/medicinasinc.com\/pt\/?s={search_term_string}"},"query-input":{"@type":"PropertyValueSpecification","valueRequired":true,"valueName":"search_term_string"}}],"inLanguage":"pt-PT"}]}},"_links":{"self":[{"href":"https:\/\/medicinasinc.com\/pt\/wp-json\/wp\/v2\/product\/4912","targetHints":{"allow":["GET"]}}],"collection":[{"href":"https:\/\/medicinasinc.com\/pt\/wp-json\/wp\/v2\/product"}],"about":[{"href":"https:\/\/medicinasinc.com\/pt\/wp-json\/wp\/v2\/types\/product"}],"replies":[{"embeddable":true,"href":"https:\/\/medicinasinc.com\/pt\/wp-json\/wp\/v2\/comments?post=4912"}],"wp:featuredmedia":[{"embeddable":true,"href":"https:\/\/medicinasinc.com\/pt\/wp-json\/wp\/v2\/media\/4926"}],"wp:attachment":[{"href":"https:\/\/medicinasinc.com\/pt\/wp-json\/wp\/v2\/media?parent=4912"}],"wp:term":[{"taxonomy":"product_brand","embeddable":true,"href":"https:\/\/medicinasinc.com\/pt\/wp-json\/wp\/v2\/product_brand?post=4912"},{"taxonomy":"product_cat","embeddable":true,"href":"https:\/\/medicinasinc.com\/pt\/wp-json\/wp\/v2\/product_cat?post=4912"},{"taxonomy":"product_tag","embeddable":true,"href":"https:\/\/medicinasinc.com\/pt\/wp-json\/wp\/v2\/product_tag?post=4912"}],"curies":[{"name":"wp","href":"https:\/\/api.w.org\/{rel}","templated":true}]}}