{"id":4908,"date":"2022-02-20T17:37:57","date_gmt":"2022-02-20T17:37:57","guid":{"rendered":"https:\/\/medicinasinc.com\/pt\/?post_type=product&#038;p=4908"},"modified":"2022-07-05T23:39:55","modified_gmt":"2022-07-05T23:39:55","slug":"comprar-triplo-g-estirpe","status":"publish","type":"product","link":"https:\/\/medicinasinc.com\/pt\/product\/comprar-triplo-g-estirpe\/","title":{"rendered":"Compre a linhagem Triple G"},"content":{"rendered":"<p>Em rela\u00e7\u00e3o a esta variedade h\u00edbrida<\/p>\n<p>Triple G, tamb\u00e9m conhecido como Ghost OG, produz bot\u00f5es perfumados, tropicais, mas ligeiramente skunky, com tons frescos e terrosos. Devido \u00e0 sua domin\u00e2ncia indica, alguns bot\u00f5es podem exibir tons roxos profundos e atraentes. Quando defumado ou vaporizado, o sabor se inclina para um sabor doce, mas semelhante ao lim\u00e3o.<\/p>\n<p>Os n\u00edveis de THC geralmente variam entre vinte e poucos anos, e muitos revisores elogiam o potencial dessa cepa para aliviar a dor associada a uma variedade de condi\u00e7\u00f5es e sintomas, incluindo desconforto na coluna.<\/p>\n<p>Al\u00e9m disso, os f\u00e3s do Triple G afirmaram que \u00e9 uma excelente tens\u00e3o para acalmar os nervos, aliviar o estresse psicol\u00f3gico e permitir que a mente descanse do ataque de pensamentos que nos mant\u00e9m acordados \u00e0 noite.<\/p>\n<p>Esta cepa com domin\u00e2ncia indica pode induzir fome ou seda\u00e7\u00e3o, portanto, mantenha alguns lanches saud\u00e1veis \u200b\u200b\u00e0 m\u00e3o e um lugar confort\u00e1vel para descansar ou dormir nas proximidades.<\/p>\n<p>Comprar Azul Dream Sativa AA com Frete Gr\u00e1tis para qualquer localidade da Europa. BudStars \u00e9 a loja online de maconha n\u00ba 1 do mundo. Receba descontos substanciais em sua compra inicial.<\/p>\n<p>A cepa Blue Dream Sativa pode ser comprada on-line.<\/p>\n<p>Voc\u00ea pode comprar maconha on-line com ou sem um cart\u00e3o de maconha medicinal. Maconha por correspond\u00eancia.<\/p>\n","protected":false},"excerpt":{"rendered":"<p>A cepa Triple G \u00e0 venda \u00e9 um h\u00edbrido e um cruzamento entre duas cepas lend\u00e1rias na comunidade de cannabis: Gorilla Glue e Gelato.<\/p>\n<table>\n<caption>Cannabinoid Lab Data<\/caption>\n<thead>\n<tr>\n<th>canabin\u00f3ide<\/th>\n<th>quantidade<\/th>\n<\/tr>\n<\/thead>\n<tbody>\n<tr>\n<td>THC:<\/td>\n<td>21,69%<\/td>\n<\/tr>\n<tr>\n<td>\u03949-THC:<\/td>\n<td>1,04%<\/td>\n<\/tr>\n<tr>\n<td>THC-A:<\/td>\n<td>23,54% <\/td>\n<\/tr>\n<\/tbody>\n<\/table>\n<p>&nbsp;<\/p>\n<table>\n<caption>Dados do laborat\u00f3rio de terpeno<\/caption>\n<thead>\n<tr>\n<th>Terpeno<\/th>\n<th>Quantidade<\/th>\n<\/tr>\n<\/thead>\n<tbody>\n<tr>\n<td>Limoneno:<\/td>\n<td>0,68%<\/td>\n<\/tr>\n<tr>\n<td>Beta Cariofileno:<\/td>\n<td>0,27%<\/td>\n<\/tr>\n<tr>\n<td>Beta Mirceno:<\/td>\n<td>0,22%<\/td>\n<\/tr>\n<\/table>\n","protected":false},"featured_media":4922,"comment_status":"open","ping_status":"closed","template":"","meta":[],"product_brand":[],"product_cat":[778],"product_tag":[788,791,790,794,793,789,792,787],"class_list":{"0":"post-4908","1":"product","2":"type-product","3":"status-publish","4":"has-post-thumbnail","6":"product_cat-erva-a-venda","7":"product_tag-cepa-de-hulkberry","8":"product_tag-triple-g-strain-allbud","9":"product_tag-dirio-de-crescimento-triplo","10":"product_tag-triplo-g-estirpe-perto-de-mim","11":"product_tag-triplo-g-estirpe-folha","12":"product_tag-la-patron-estirpe-folha","13":"product_tag-triplo-g-estirpe-tempo-de-florao","14":"product_tag-ggg-linhagem","16":"first","17":"instock","18":"shipping-taxable","19":"purchasable","20":"product-type-variable","21":"has-default-attributes"},"yoast_head":"<!-- This site is optimized with the Yoast SEO plugin v27.3 - https:\/\/yoast.com\/product\/yoast-seo-wordpress\/ -->\n<title>Compre Triple G Strain - Best Best Global Meds<\/title>\n<meta name=\"description\" content=\"A cepa Buy Triple G \u00e0 venda \u00e9 um h\u00edbrido e um cruzamento entre duas cepas poderosas que se tornaram nomes familiares na comunidade de cannabis: Gorilla Glue e Gelato.\" \/>\n<meta name=\"robots\" content=\"index, follow, max-snippet:-1, max-image-preview:large, max-video-preview:-1\" \/>\n<link rel=\"canonical\" href=\"https:\/\/medicinasinc.com\/pt\/product\/comprar-triplo-g-estirpe\/\" \/>\n<meta property=\"og:locale\" content=\"pt_PT\" \/>\n<meta property=\"og:type\" content=\"article\" \/>\n<meta property=\"og:title\" content=\"Compre Triple G Strain - Best Best Global Meds\" \/>\n<meta property=\"og:description\" content=\"A cepa Buy Triple G \u00e0 venda \u00e9 um h\u00edbrido e um cruzamento entre duas cepas poderosas que se tornaram nomes familiares na comunidade de cannabis: Gorilla Glue e Gelato.\" \/>\n<meta property=\"og:url\" content=\"https:\/\/medicinasinc.com\/pt\/product\/comprar-triplo-g-estirpe\/\" \/>\n<meta property=\"og:site_name\" content=\"Medicinas Inc\" \/>\n<meta property=\"article:modified_time\" content=\"2022-07-05T23:39:55+00:00\" \/>\n<meta property=\"og:image\" content=\"https:\/\/medicinasinc.com\/pt\/wp-content\/uploads\/sites\/20\/2022\/02\/Buy-Triple-G-Strain-1.jpg\" \/>\n\t<meta property=\"og:image:width\" content=\"800\" \/>\n\t<meta property=\"og:image:height\" content=\"800\" \/>\n\t<meta property=\"og:image:type\" content=\"image\/jpeg\" \/>\n<meta name=\"twitter:card\" content=\"summary_large_image\" \/>\n<meta name=\"twitter:label1\" content=\"Tempo estimado de leitura\" \/>\n\t<meta name=\"twitter:data1\" content=\"1 minuto\" \/>\n<script type=\"application\/ld+json\" class=\"yoast-schema-graph\">{\"@context\":\"https:\\\/\\\/schema.org\",\"@graph\":[{\"@type\":\"WebPage\",\"@id\":\"https:\\\/\\\/medicinasinc.com\\\/pt\\\/product\\\/comprar-triplo-g-estirpe\\\/\",\"url\":\"https:\\\/\\\/medicinasinc.com\\\/pt\\\/product\\\/comprar-triplo-g-estirpe\\\/\",\"name\":\"Compre Triple G Strain - Best Best Global Meds\",\"isPartOf\":{\"@id\":\"https:\\\/\\\/medicinasinc.com\\\/pt\\\/#website\"},\"primaryImageOfPage\":{\"@id\":\"https:\\\/\\\/medicinasinc.com\\\/pt\\\/product\\\/comprar-triplo-g-estirpe\\\/#primaryimage\"},\"image\":{\"@id\":\"https:\\\/\\\/medicinasinc.com\\\/pt\\\/product\\\/comprar-triplo-g-estirpe\\\/#primaryimage\"},\"thumbnailUrl\":\"https:\\\/\\\/medicinasinc.com\\\/pt\\\/wp-content\\\/uploads\\\/sites\\\/20\\\/2022\\\/02\\\/Buy-Triple-G-Strain-1.jpg\",\"datePublished\":\"2022-02-20T17:37:57+00:00\",\"dateModified\":\"2022-07-05T23:39:55+00:00\",\"description\":\"A cepa Buy Triple G \u00e0 venda \u00e9 um h\u00edbrido e um cruzamento entre duas cepas poderosas que se tornaram nomes familiares na comunidade de cannabis: Gorilla Glue e Gelato.\",\"breadcrumb\":{\"@id\":\"https:\\\/\\\/medicinasinc.com\\\/pt\\\/product\\\/comprar-triplo-g-estirpe\\\/#breadcrumb\"},\"inLanguage\":\"pt-PT\",\"potentialAction\":[{\"@type\":\"ReadAction\",\"target\":[\"https:\\\/\\\/medicinasinc.com\\\/pt\\\/product\\\/comprar-triplo-g-estirpe\\\/\"]}]},{\"@type\":\"ImageObject\",\"inLanguage\":\"pt-PT\",\"@id\":\"https:\\\/\\\/medicinasinc.com\\\/pt\\\/product\\\/comprar-triplo-g-estirpe\\\/#primaryimage\",\"url\":\"https:\\\/\\\/medicinasinc.com\\\/pt\\\/wp-content\\\/uploads\\\/sites\\\/20\\\/2022\\\/02\\\/Buy-Triple-G-Strain-1.jpg\",\"contentUrl\":\"https:\\\/\\\/medicinasinc.com\\\/pt\\\/wp-content\\\/uploads\\\/sites\\\/20\\\/2022\\\/02\\\/Buy-Triple-G-Strain-1.jpg\",\"width\":800,\"height\":800},{\"@type\":\"BreadcrumbList\",\"@id\":\"https:\\\/\\\/medicinasinc.com\\\/pt\\\/product\\\/comprar-triplo-g-estirpe\\\/#breadcrumb\",\"itemListElement\":[{\"@type\":\"ListItem\",\"position\":1,\"name\":\"Comprar\",\"item\":\"https:\\\/\\\/medicinasinc.com\\\/pt\\\/comprar\\\/\"},{\"@type\":\"ListItem\",\"position\":2,\"name\":\"Compre a linhagem Triple G\"}]},{\"@type\":\"WebSite\",\"@id\":\"https:\\\/\\\/medicinasinc.com\\\/pt\\\/#website\",\"url\":\"https:\\\/\\\/medicinasinc.com\\\/pt\\\/\",\"name\":\"Medicinas Inc\",\"description\":\"Health Medical Clinic\",\"potentialAction\":[{\"@type\":\"SearchAction\",\"target\":{\"@type\":\"EntryPoint\",\"urlTemplate\":\"https:\\\/\\\/medicinasinc.com\\\/pt\\\/?s={search_term_string}\"},\"query-input\":{\"@type\":\"PropertyValueSpecification\",\"valueRequired\":true,\"valueName\":\"search_term_string\"}}],\"inLanguage\":\"pt-PT\"}]}<\/script>\n<!-- \/ Yoast SEO plugin. -->","yoast_head_json":{"title":"Compre Triple G Strain - Best Best Global Meds","description":"A cepa Buy Triple G \u00e0 venda \u00e9 um h\u00edbrido e um cruzamento entre duas cepas poderosas que se tornaram nomes familiares na comunidade de cannabis: Gorilla Glue e Gelato.","robots":{"index":"index","follow":"follow","max-snippet":"max-snippet:-1","max-image-preview":"max-image-preview:large","max-video-preview":"max-video-preview:-1"},"canonical":"https:\/\/medicinasinc.com\/pt\/product\/comprar-triplo-g-estirpe\/","og_locale":"pt_PT","og_type":"article","og_title":"Compre Triple G Strain - Best Best Global Meds","og_description":"A cepa Buy Triple G \u00e0 venda \u00e9 um h\u00edbrido e um cruzamento entre duas cepas poderosas que se tornaram nomes familiares na comunidade de cannabis: Gorilla Glue e Gelato.","og_url":"https:\/\/medicinasinc.com\/pt\/product\/comprar-triplo-g-estirpe\/","og_site_name":"Medicinas Inc","article_modified_time":"2022-07-05T23:39:55+00:00","og_image":[{"width":800,"height":800,"url":"https:\/\/medicinasinc.com\/pt\/wp-content\/uploads\/sites\/20\/2022\/02\/Buy-Triple-G-Strain-1.jpg","type":"image\/jpeg"}],"twitter_card":"summary_large_image","twitter_misc":{"Tempo estimado de leitura":"1 minuto"},"schema":{"@context":"https:\/\/schema.org","@graph":[{"@type":"WebPage","@id":"https:\/\/medicinasinc.com\/pt\/product\/comprar-triplo-g-estirpe\/","url":"https:\/\/medicinasinc.com\/pt\/product\/comprar-triplo-g-estirpe\/","name":"Compre Triple G Strain - Best Best Global Meds","isPartOf":{"@id":"https:\/\/medicinasinc.com\/pt\/#website"},"primaryImageOfPage":{"@id":"https:\/\/medicinasinc.com\/pt\/product\/comprar-triplo-g-estirpe\/#primaryimage"},"image":{"@id":"https:\/\/medicinasinc.com\/pt\/product\/comprar-triplo-g-estirpe\/#primaryimage"},"thumbnailUrl":"https:\/\/medicinasinc.com\/pt\/wp-content\/uploads\/sites\/20\/2022\/02\/Buy-Triple-G-Strain-1.jpg","datePublished":"2022-02-20T17:37:57+00:00","dateModified":"2022-07-05T23:39:55+00:00","description":"A cepa Buy Triple G \u00e0 venda \u00e9 um h\u00edbrido e um cruzamento entre duas cepas poderosas que se tornaram nomes familiares na comunidade de cannabis: Gorilla Glue e Gelato.","breadcrumb":{"@id":"https:\/\/medicinasinc.com\/pt\/product\/comprar-triplo-g-estirpe\/#breadcrumb"},"inLanguage":"pt-PT","potentialAction":[{"@type":"ReadAction","target":["https:\/\/medicinasinc.com\/pt\/product\/comprar-triplo-g-estirpe\/"]}]},{"@type":"ImageObject","inLanguage":"pt-PT","@id":"https:\/\/medicinasinc.com\/pt\/product\/comprar-triplo-g-estirpe\/#primaryimage","url":"https:\/\/medicinasinc.com\/pt\/wp-content\/uploads\/sites\/20\/2022\/02\/Buy-Triple-G-Strain-1.jpg","contentUrl":"https:\/\/medicinasinc.com\/pt\/wp-content\/uploads\/sites\/20\/2022\/02\/Buy-Triple-G-Strain-1.jpg","width":800,"height":800},{"@type":"BreadcrumbList","@id":"https:\/\/medicinasinc.com\/pt\/product\/comprar-triplo-g-estirpe\/#breadcrumb","itemListElement":[{"@type":"ListItem","position":1,"name":"Comprar","item":"https:\/\/medicinasinc.com\/pt\/comprar\/"},{"@type":"ListItem","position":2,"name":"Compre a linhagem Triple G"}]},{"@type":"WebSite","@id":"https:\/\/medicinasinc.com\/pt\/#website","url":"https:\/\/medicinasinc.com\/pt\/","name":"Medicinas Inc","description":"Health Medical Clinic","potentialAction":[{"@type":"SearchAction","target":{"@type":"EntryPoint","urlTemplate":"https:\/\/medicinasinc.com\/pt\/?s={search_term_string}"},"query-input":{"@type":"PropertyValueSpecification","valueRequired":true,"valueName":"search_term_string"}}],"inLanguage":"pt-PT"}]}},"_links":{"self":[{"href":"https:\/\/medicinasinc.com\/pt\/wp-json\/wp\/v2\/product\/4908","targetHints":{"allow":["GET"]}}],"collection":[{"href":"https:\/\/medicinasinc.com\/pt\/wp-json\/wp\/v2\/product"}],"about":[{"href":"https:\/\/medicinasinc.com\/pt\/wp-json\/wp\/v2\/types\/product"}],"replies":[{"embeddable":true,"href":"https:\/\/medicinasinc.com\/pt\/wp-json\/wp\/v2\/comments?post=4908"}],"wp:featuredmedia":[{"embeddable":true,"href":"https:\/\/medicinasinc.com\/pt\/wp-json\/wp\/v2\/media\/4922"}],"wp:attachment":[{"href":"https:\/\/medicinasinc.com\/pt\/wp-json\/wp\/v2\/media?parent=4908"}],"wp:term":[{"taxonomy":"product_brand","embeddable":true,"href":"https:\/\/medicinasinc.com\/pt\/wp-json\/wp\/v2\/product_brand?post=4908"},{"taxonomy":"product_cat","embeddable":true,"href":"https:\/\/medicinasinc.com\/pt\/wp-json\/wp\/v2\/product_cat?post=4908"},{"taxonomy":"product_tag","embeddable":true,"href":"https:\/\/medicinasinc.com\/pt\/wp-json\/wp\/v2\/product_tag?post=4908"}],"curies":[{"name":"wp","href":"https:\/\/api.w.org\/{rel}","templated":true}]}}