{"id":4896,"date":"2022-02-20T17:28:28","date_gmt":"2022-02-20T17:28:28","guid":{"rendered":"https:\/\/medicinasinc.com\/pt\/?post_type=product&#038;p=4896"},"modified":"2022-07-05T23:40:14","modified_gmt":"2022-07-05T23:40:14","slug":"comprar-apolo-11-maconha","status":"publish","type":"product","link":"https:\/\/medicinasinc.com\/pt\/product\/comprar-apolo-11-maconha\/","title":{"rendered":"Compre maconha Apollo 11"},"content":{"rendered":"<div class=\"woocommerce-tabs wc-tabs-wrapper\">\n<div id=\"tab-description\" class=\"woocommerce-Tabs-panel woocommerce-Tabs-panel--description panel entry-content wc-tab\" role=\"tabpanel\" aria-labelledby=\"tab-title-description\">\n<p>COMPRE MARIJUANA APOLLO 11 STRAIN<\/p>\n<p>Apollo 11 \u00e9 uma variedade de cannabis h\u00edbrida altamente potente com fortes efeitos cerebrais que podem fazer sua cabe\u00e7a parecer t\u00e3o se est\u00e1 prestes a pousar na lua. A variedade de maconha Apollo 11 tem um efeito calmante e uma forte sensa\u00e7\u00e3o de relaxamento f\u00edsico. Os bot\u00f5es s\u00e3o alongados, verde-claros e extremamente resinosos.<\/p>\n<p>COMO USAR MARIJUANA APOLLO 11 STRAIN?<\/p>\n<p>Apollo 11 \u00e9 adequado para fumar em um baseado, bong, cachimbo ou tigela. <\/p>\n<p>Os canabin\u00f3ides s\u00e3o absorvidos pela corrente sangu\u00ednea quando a fuma\u00e7a entra nos pulm\u00f5es. Esta del\u00edcia da tarde \u00e9 energizante e criativa, e pode ajud\u00e1-lo a sintonizar a conversa mental e se concentrar no que est\u00e1 diretamente \u00e0 sua frente.<\/p>\n<p>QUAIS S\u00c3O OS EFEITOS COLATERAIS DA cepa de maconha APOLLO 11?<\/p>\n<p> &gt; <\/p>\n<p>Depois de fumar Apollo 11, voc\u00ea pode encontrar as seguintes dificuldades:<br \/> \u2022 Tonturas \u2022 Inconsci\u00eancia \u2022 Boca seca \u2022 Olhos secos \u2022 Perda de apetite<\/p>\n<p>QUAIS S\u00c3O AS INTERA\u00c7\u00d5ES DA cepa de maconha APOLLO 11?<\/p>\n<p>Intera\u00e7\u00e3o de doen\u00e7a:<br \/> \u2022 Problemas cardiovasculares<br \/> \u2022 Dificuldades sexuais<\/p>\n<p>Intera\u00e7\u00f5es de alimentos\/drogas incluem o seguinte: \u2022 \u00c1lcool \u2022 Ester\u00f3ides<\/p>\n<p>O QUE \u00c9 O MELHOR LUGAR PARA COMPRAR APOLLO 11 MARIJUANA STRAIN?<\/p>\n<p>O fornecedor de cannabis OTC \u00e9 a melhor farm\u00e1cia on-line que vende apenas produtos genu\u00ednos e de alta qualidade. Voc\u00ea pode comprar a Apollo 11 Cannabis online. Compre a cepa Apollo 11 com os melhores pre\u00e7os dispon\u00edveis aqui.<\/p>\n<\/p><\/div><\/div>\n","protected":false},"excerpt":{"rendered":"<div class=\"woocommerce-product-details__short-description\">\n<p>Compre Apollo 11 Marijuana Strain. Esta flor psicoativa \u00e9 rica em THC e vai coloc\u00e1-lo no clima para o amor.<\/p>\n<p>Compre 1\/2 on\u00e7a de maconha Apollo 11 Strain. Apollo 11 \u00e9 uma variedade sativa dominante que apresenta bot\u00f5es longos e verdes brilhantes que s\u00e3o cobertos por longos cabelos claros. Os bot\u00f5es s\u00e3o extremamente resinosos, resultando em uma sensa\u00e7\u00e3o pegajosa na m\u00e3o. Cannabis \u00e0 venda, onde obter maconha da miss\u00e3o Apollo 11.<\/p>\n<\/p><\/div>\n","protected":false},"featured_media":4911,"comment_status":"open","ping_status":"closed","template":"","meta":[],"product_brand":[],"product_cat":[778],"product_tag":[],"class_list":{"0":"post-4896","1":"product","2":"type-product","3":"status-publish","4":"has-post-thumbnail","6":"product_cat-erva-a-venda","8":"first","9":"instock","10":"shipping-taxable","11":"purchasable","12":"product-type-variable","13":"has-default-attributes"},"yoast_head":"<!-- This site is optimized with the Yoast SEO plugin v27.3 - https:\/\/yoast.com\/product\/yoast-seo-wordpress\/ -->\n<title>Compre maconha Apollo 11 - Best Best Global Meds<\/title>\n<meta name=\"description\" content=\"Compre Apollo 11 Maconha Strain para venda. Rica em THC, esta flor psicoativa vai deixar voc\u00ea com vontade de amar\" \/>\n<meta name=\"robots\" content=\"index, follow, max-snippet:-1, max-image-preview:large, max-video-preview:-1\" \/>\n<link rel=\"canonical\" href=\"https:\/\/medicinasinc.com\/pt\/product\/comprar-apolo-11-maconha\/\" \/>\n<meta property=\"og:locale\" content=\"pt_PT\" \/>\n<meta property=\"og:type\" content=\"article\" \/>\n<meta property=\"og:title\" content=\"Compre maconha Apollo 11 - Best Best Global Meds\" \/>\n<meta property=\"og:description\" content=\"Compre Apollo 11 Maconha Strain para venda. Rica em THC, esta flor psicoativa vai deixar voc\u00ea com vontade de amar\" \/>\n<meta property=\"og:url\" content=\"https:\/\/medicinasinc.com\/pt\/product\/comprar-apolo-11-maconha\/\" \/>\n<meta property=\"og:site_name\" content=\"Medicinas Inc\" \/>\n<meta property=\"article:modified_time\" content=\"2022-07-05T23:40:14+00:00\" \/>\n<meta property=\"og:image\" content=\"https:\/\/medicinasinc.com\/pt\/wp-content\/uploads\/sites\/20\/2022\/02\/Buy-Apollo-11-Marijuana-1.jpg\" \/>\n\t<meta property=\"og:image:width\" content=\"243\" \/>\n\t<meta property=\"og:image:height\" content=\"207\" \/>\n\t<meta property=\"og:image:type\" content=\"image\/jpeg\" \/>\n<meta name=\"twitter:card\" content=\"summary_large_image\" \/>\n<meta name=\"twitter:label1\" content=\"Tempo estimado de leitura\" \/>\n\t<meta name=\"twitter:data1\" content=\"1 minuto\" \/>\n<script type=\"application\/ld+json\" class=\"yoast-schema-graph\">{\"@context\":\"https:\\\/\\\/schema.org\",\"@graph\":[{\"@type\":\"WebPage\",\"@id\":\"https:\\\/\\\/medicinasinc.com\\\/pt\\\/product\\\/comprar-apolo-11-maconha\\\/\",\"url\":\"https:\\\/\\\/medicinasinc.com\\\/pt\\\/product\\\/comprar-apolo-11-maconha\\\/\",\"name\":\"Compre maconha Apollo 11 - Best Best Global Meds\",\"isPartOf\":{\"@id\":\"https:\\\/\\\/medicinasinc.com\\\/pt\\\/#website\"},\"primaryImageOfPage\":{\"@id\":\"https:\\\/\\\/medicinasinc.com\\\/pt\\\/product\\\/comprar-apolo-11-maconha\\\/#primaryimage\"},\"image\":{\"@id\":\"https:\\\/\\\/medicinasinc.com\\\/pt\\\/product\\\/comprar-apolo-11-maconha\\\/#primaryimage\"},\"thumbnailUrl\":\"https:\\\/\\\/medicinasinc.com\\\/pt\\\/wp-content\\\/uploads\\\/sites\\\/20\\\/2022\\\/02\\\/Buy-Apollo-11-Marijuana-1.jpg\",\"datePublished\":\"2022-02-20T17:28:28+00:00\",\"dateModified\":\"2022-07-05T23:40:14+00:00\",\"description\":\"Compre Apollo 11 Maconha Strain para venda. Rica em THC, esta flor psicoativa vai deixar voc\u00ea com vontade de amar\",\"breadcrumb\":{\"@id\":\"https:\\\/\\\/medicinasinc.com\\\/pt\\\/product\\\/comprar-apolo-11-maconha\\\/#breadcrumb\"},\"inLanguage\":\"pt-PT\",\"potentialAction\":[{\"@type\":\"ReadAction\",\"target\":[\"https:\\\/\\\/medicinasinc.com\\\/pt\\\/product\\\/comprar-apolo-11-maconha\\\/\"]}]},{\"@type\":\"ImageObject\",\"inLanguage\":\"pt-PT\",\"@id\":\"https:\\\/\\\/medicinasinc.com\\\/pt\\\/product\\\/comprar-apolo-11-maconha\\\/#primaryimage\",\"url\":\"https:\\\/\\\/medicinasinc.com\\\/pt\\\/wp-content\\\/uploads\\\/sites\\\/20\\\/2022\\\/02\\\/Buy-Apollo-11-Marijuana-1.jpg\",\"contentUrl\":\"https:\\\/\\\/medicinasinc.com\\\/pt\\\/wp-content\\\/uploads\\\/sites\\\/20\\\/2022\\\/02\\\/Buy-Apollo-11-Marijuana-1.jpg\",\"width\":243,\"height\":207},{\"@type\":\"BreadcrumbList\",\"@id\":\"https:\\\/\\\/medicinasinc.com\\\/pt\\\/product\\\/comprar-apolo-11-maconha\\\/#breadcrumb\",\"itemListElement\":[{\"@type\":\"ListItem\",\"position\":1,\"name\":\"Comprar\",\"item\":\"https:\\\/\\\/medicinasinc.com\\\/pt\\\/comprar\\\/\"},{\"@type\":\"ListItem\",\"position\":2,\"name\":\"Compre maconha Apollo 11\"}]},{\"@type\":\"WebSite\",\"@id\":\"https:\\\/\\\/medicinasinc.com\\\/pt\\\/#website\",\"url\":\"https:\\\/\\\/medicinasinc.com\\\/pt\\\/\",\"name\":\"Medicinas Inc\",\"description\":\"Health Medical Clinic\",\"potentialAction\":[{\"@type\":\"SearchAction\",\"target\":{\"@type\":\"EntryPoint\",\"urlTemplate\":\"https:\\\/\\\/medicinasinc.com\\\/pt\\\/?s={search_term_string}\"},\"query-input\":{\"@type\":\"PropertyValueSpecification\",\"valueRequired\":true,\"valueName\":\"search_term_string\"}}],\"inLanguage\":\"pt-PT\"}]}<\/script>\n<!-- \/ Yoast SEO plugin. -->","yoast_head_json":{"title":"Compre maconha Apollo 11 - Best Best Global Meds","description":"Compre Apollo 11 Maconha Strain para venda. Rica em THC, esta flor psicoativa vai deixar voc\u00ea com vontade de amar","robots":{"index":"index","follow":"follow","max-snippet":"max-snippet:-1","max-image-preview":"max-image-preview:large","max-video-preview":"max-video-preview:-1"},"canonical":"https:\/\/medicinasinc.com\/pt\/product\/comprar-apolo-11-maconha\/","og_locale":"pt_PT","og_type":"article","og_title":"Compre maconha Apollo 11 - Best Best Global Meds","og_description":"Compre Apollo 11 Maconha Strain para venda. Rica em THC, esta flor psicoativa vai deixar voc\u00ea com vontade de amar","og_url":"https:\/\/medicinasinc.com\/pt\/product\/comprar-apolo-11-maconha\/","og_site_name":"Medicinas Inc","article_modified_time":"2022-07-05T23:40:14+00:00","og_image":[{"width":243,"height":207,"url":"https:\/\/medicinasinc.com\/pt\/wp-content\/uploads\/sites\/20\/2022\/02\/Buy-Apollo-11-Marijuana-1.jpg","type":"image\/jpeg"}],"twitter_card":"summary_large_image","twitter_misc":{"Tempo estimado de leitura":"1 minuto"},"schema":{"@context":"https:\/\/schema.org","@graph":[{"@type":"WebPage","@id":"https:\/\/medicinasinc.com\/pt\/product\/comprar-apolo-11-maconha\/","url":"https:\/\/medicinasinc.com\/pt\/product\/comprar-apolo-11-maconha\/","name":"Compre maconha Apollo 11 - Best Best Global Meds","isPartOf":{"@id":"https:\/\/medicinasinc.com\/pt\/#website"},"primaryImageOfPage":{"@id":"https:\/\/medicinasinc.com\/pt\/product\/comprar-apolo-11-maconha\/#primaryimage"},"image":{"@id":"https:\/\/medicinasinc.com\/pt\/product\/comprar-apolo-11-maconha\/#primaryimage"},"thumbnailUrl":"https:\/\/medicinasinc.com\/pt\/wp-content\/uploads\/sites\/20\/2022\/02\/Buy-Apollo-11-Marijuana-1.jpg","datePublished":"2022-02-20T17:28:28+00:00","dateModified":"2022-07-05T23:40:14+00:00","description":"Compre Apollo 11 Maconha Strain para venda. Rica em THC, esta flor psicoativa vai deixar voc\u00ea com vontade de amar","breadcrumb":{"@id":"https:\/\/medicinasinc.com\/pt\/product\/comprar-apolo-11-maconha\/#breadcrumb"},"inLanguage":"pt-PT","potentialAction":[{"@type":"ReadAction","target":["https:\/\/medicinasinc.com\/pt\/product\/comprar-apolo-11-maconha\/"]}]},{"@type":"ImageObject","inLanguage":"pt-PT","@id":"https:\/\/medicinasinc.com\/pt\/product\/comprar-apolo-11-maconha\/#primaryimage","url":"https:\/\/medicinasinc.com\/pt\/wp-content\/uploads\/sites\/20\/2022\/02\/Buy-Apollo-11-Marijuana-1.jpg","contentUrl":"https:\/\/medicinasinc.com\/pt\/wp-content\/uploads\/sites\/20\/2022\/02\/Buy-Apollo-11-Marijuana-1.jpg","width":243,"height":207},{"@type":"BreadcrumbList","@id":"https:\/\/medicinasinc.com\/pt\/product\/comprar-apolo-11-maconha\/#breadcrumb","itemListElement":[{"@type":"ListItem","position":1,"name":"Comprar","item":"https:\/\/medicinasinc.com\/pt\/comprar\/"},{"@type":"ListItem","position":2,"name":"Compre maconha Apollo 11"}]},{"@type":"WebSite","@id":"https:\/\/medicinasinc.com\/pt\/#website","url":"https:\/\/medicinasinc.com\/pt\/","name":"Medicinas Inc","description":"Health Medical Clinic","potentialAction":[{"@type":"SearchAction","target":{"@type":"EntryPoint","urlTemplate":"https:\/\/medicinasinc.com\/pt\/?s={search_term_string}"},"query-input":{"@type":"PropertyValueSpecification","valueRequired":true,"valueName":"search_term_string"}}],"inLanguage":"pt-PT"}]}},"_links":{"self":[{"href":"https:\/\/medicinasinc.com\/pt\/wp-json\/wp\/v2\/product\/4896","targetHints":{"allow":["GET"]}}],"collection":[{"href":"https:\/\/medicinasinc.com\/pt\/wp-json\/wp\/v2\/product"}],"about":[{"href":"https:\/\/medicinasinc.com\/pt\/wp-json\/wp\/v2\/types\/product"}],"replies":[{"embeddable":true,"href":"https:\/\/medicinasinc.com\/pt\/wp-json\/wp\/v2\/comments?post=4896"}],"wp:featuredmedia":[{"embeddable":true,"href":"https:\/\/medicinasinc.com\/pt\/wp-json\/wp\/v2\/media\/4911"}],"wp:attachment":[{"href":"https:\/\/medicinasinc.com\/pt\/wp-json\/wp\/v2\/media?parent=4896"}],"wp:term":[{"taxonomy":"product_brand","embeddable":true,"href":"https:\/\/medicinasinc.com\/pt\/wp-json\/wp\/v2\/product_brand?post=4896"},{"taxonomy":"product_cat","embeddable":true,"href":"https:\/\/medicinasinc.com\/pt\/wp-json\/wp\/v2\/product_cat?post=4896"},{"taxonomy":"product_tag","embeddable":true,"href":"https:\/\/medicinasinc.com\/pt\/wp-json\/wp\/v2\/product_tag?post=4896"}],"curies":[{"name":"wp","href":"https:\/\/api.w.org\/{rel}","templated":true}]}}