{"id":4895,"date":"2022-02-20T17:27:17","date_gmt":"2022-02-20T17:27:17","guid":{"rendered":"https:\/\/medicinasinc.com\/pt\/?post_type=product&#038;p=4895"},"modified":"2022-07-05T23:40:40","modified_gmt":"2022-07-05T23:40:40","slug":"comprar-ak-47-marijuana","status":"publish","type":"product","link":"https:\/\/medicinasinc.com\/pt\/product\/comprar-ak-47-marijuana\/","title":{"rendered":"Compre maconha AK-47"},"content":{"rendered":"<p><strong>Compre AK-47 Marijuana Sativa Strain online.<\/strong><\/p>\n<p><strong>Compra online AK-47 Marijuana Sativa Strain.<\/strong><\/p>\n<p> A maconha AK-47 \u00e9 um h\u00edbrido Sativa Dominante \u2013 65% Sativa e 35% Indica. Indica<br \/> O conte\u00fado de THC varia entre 13% e 20%, o conte\u00fado de CBD \u00e9 de 1% e o conte\u00fado de CBN \u00e9 de 1%.<\/p>\n<p>Sabores criativos, energizantes, euf\u00f3ricos e felizes podem aliviar o transtorno bipolar cr\u00f4nico Dor, Depress\u00e3o, Dores de Cabe\u00e7a, Ins\u00f4nia, Perda de Apetite, Enxaquecas, PTSD e Estresse<br \/> Aromas de gamb\u00e1, do\u00e7ura e madeira<br \/> Pungente, skunky, azedo e picante<\/p>\n","protected":false},"excerpt":{"rendered":"<p>Compre AK-47 Marijuana Sativa Strain \u00e0 venda online no Reino Unido e na Europa. COMPRE ERVA ONLINE AUSTR\u00c1LIA<\/p>\n<p>&nbsp;<\/p>\n","protected":false},"featured_media":4909,"comment_status":"open","ping_status":"closed","template":"","meta":[],"product_brand":[],"product_cat":[778],"product_tag":[779,780,781,782,784,783,786,785],"class_list":{"0":"post-4895","1":"product","2":"type-product","3":"status-publish","4":"has-post-thumbnail","6":"product_cat-erva-a-venda","7":"product_tag-ak-47-runtz-strain","8":"product_tag-ak-47-seeds-feminized-uk","9":"product_tag-ak-47-strain-effects","10":"product_tag-ak-47-tenso-para-ansiedade","11":"product_tag-ak-47-estirpe-cheiro","12":"product_tag-ak-47-strain-price","13":"product_tag-review-seeds-ak-47-review","14":"product_tag-cereja-ak-47-sementes","16":"first","17":"instock","18":"shipping-taxable","19":"purchasable","20":"product-type-variable","21":"has-default-attributes"},"yoast_head":"<!-- This site is optimized with the Yoast SEO plugin v27.3 - https:\/\/yoast.com\/product\/yoast-seo-wordpress\/ -->\n<title>Compre maconha AK-47 - Bes Best Global Meds<\/title>\n<meta name=\"description\" content=\"Compre AK-47 Marijuana Sativa Strain para venda online Reino Unido, Europa. BUY WEED ONLINE AUSTR\u00c1LIA comprar maconha online Austr\u00e1lia, Austr\u00e1lia erva daninha para venda.\" \/>\n<meta name=\"robots\" content=\"index, follow, max-snippet:-1, max-image-preview:large, max-video-preview:-1\" \/>\n<link rel=\"canonical\" href=\"https:\/\/medicinasinc.com\/pt\/product\/comprar-ak-47-marijuana\/\" \/>\n<meta property=\"og:locale\" content=\"pt_PT\" \/>\n<meta property=\"og:type\" content=\"article\" \/>\n<meta property=\"og:title\" content=\"Compre maconha AK-47 - Bes Best Global Meds\" \/>\n<meta property=\"og:description\" content=\"Compre AK-47 Marijuana Sativa Strain para venda online Reino Unido, Europa. BUY WEED ONLINE AUSTR\u00c1LIA comprar maconha online Austr\u00e1lia, Austr\u00e1lia erva daninha para venda.\" \/>\n<meta property=\"og:url\" content=\"https:\/\/medicinasinc.com\/pt\/product\/comprar-ak-47-marijuana\/\" \/>\n<meta property=\"og:site_name\" content=\"Medicinas Inc\" \/>\n<meta property=\"article:modified_time\" content=\"2022-07-05T23:40:40+00:00\" \/>\n<meta property=\"og:image\" content=\"https:\/\/medicinasinc.com\/pt\/wp-content\/uploads\/sites\/20\/2022\/02\/Buy-AK-47-Marijuana.jpeg\" \/>\n\t<meta property=\"og:image:width\" content=\"1242\" \/>\n\t<meta property=\"og:image:height\" content=\"1051\" \/>\n\t<meta property=\"og:image:type\" content=\"image\/jpeg\" \/>\n<meta name=\"twitter:card\" content=\"summary_large_image\" \/>\n<meta name=\"twitter:label1\" content=\"Tempo estimado de leitura\" \/>\n\t<meta name=\"twitter:data1\" content=\"1 minuto\" \/>\n<script type=\"application\/ld+json\" class=\"yoast-schema-graph\">{\"@context\":\"https:\\\/\\\/schema.org\",\"@graph\":[{\"@type\":\"WebPage\",\"@id\":\"https:\\\/\\\/medicinasinc.com\\\/pt\\\/product\\\/comprar-ak-47-marijuana\\\/\",\"url\":\"https:\\\/\\\/medicinasinc.com\\\/pt\\\/product\\\/comprar-ak-47-marijuana\\\/\",\"name\":\"Compre maconha AK-47 - Bes Best Global Meds\",\"isPartOf\":{\"@id\":\"https:\\\/\\\/medicinasinc.com\\\/pt\\\/#website\"},\"primaryImageOfPage\":{\"@id\":\"https:\\\/\\\/medicinasinc.com\\\/pt\\\/product\\\/comprar-ak-47-marijuana\\\/#primaryimage\"},\"image\":{\"@id\":\"https:\\\/\\\/medicinasinc.com\\\/pt\\\/product\\\/comprar-ak-47-marijuana\\\/#primaryimage\"},\"thumbnailUrl\":\"https:\\\/\\\/medicinasinc.com\\\/pt\\\/wp-content\\\/uploads\\\/sites\\\/20\\\/2022\\\/02\\\/Buy-AK-47-Marijuana.jpeg\",\"datePublished\":\"2022-02-20T17:27:17+00:00\",\"dateModified\":\"2022-07-05T23:40:40+00:00\",\"description\":\"Compre AK-47 Marijuana Sativa Strain para venda online Reino Unido, Europa. BUY WEED ONLINE AUSTR\u00c1LIA comprar maconha online Austr\u00e1lia, Austr\u00e1lia erva daninha para venda.\",\"breadcrumb\":{\"@id\":\"https:\\\/\\\/medicinasinc.com\\\/pt\\\/product\\\/comprar-ak-47-marijuana\\\/#breadcrumb\"},\"inLanguage\":\"pt-PT\",\"potentialAction\":[{\"@type\":\"ReadAction\",\"target\":[\"https:\\\/\\\/medicinasinc.com\\\/pt\\\/product\\\/comprar-ak-47-marijuana\\\/\"]}]},{\"@type\":\"ImageObject\",\"inLanguage\":\"pt-PT\",\"@id\":\"https:\\\/\\\/medicinasinc.com\\\/pt\\\/product\\\/comprar-ak-47-marijuana\\\/#primaryimage\",\"url\":\"https:\\\/\\\/medicinasinc.com\\\/pt\\\/wp-content\\\/uploads\\\/sites\\\/20\\\/2022\\\/02\\\/Buy-AK-47-Marijuana.jpeg\",\"contentUrl\":\"https:\\\/\\\/medicinasinc.com\\\/pt\\\/wp-content\\\/uploads\\\/sites\\\/20\\\/2022\\\/02\\\/Buy-AK-47-Marijuana.jpeg\",\"width\":1242,\"height\":1051},{\"@type\":\"BreadcrumbList\",\"@id\":\"https:\\\/\\\/medicinasinc.com\\\/pt\\\/product\\\/comprar-ak-47-marijuana\\\/#breadcrumb\",\"itemListElement\":[{\"@type\":\"ListItem\",\"position\":1,\"name\":\"Comprar\",\"item\":\"https:\\\/\\\/medicinasinc.com\\\/pt\\\/comprar\\\/\"},{\"@type\":\"ListItem\",\"position\":2,\"name\":\"Compre maconha AK-47\"}]},{\"@type\":\"WebSite\",\"@id\":\"https:\\\/\\\/medicinasinc.com\\\/pt\\\/#website\",\"url\":\"https:\\\/\\\/medicinasinc.com\\\/pt\\\/\",\"name\":\"Medicinas Inc\",\"description\":\"Health Medical Clinic\",\"potentialAction\":[{\"@type\":\"SearchAction\",\"target\":{\"@type\":\"EntryPoint\",\"urlTemplate\":\"https:\\\/\\\/medicinasinc.com\\\/pt\\\/?s={search_term_string}\"},\"query-input\":{\"@type\":\"PropertyValueSpecification\",\"valueRequired\":true,\"valueName\":\"search_term_string\"}}],\"inLanguage\":\"pt-PT\"}]}<\/script>\n<!-- \/ Yoast SEO plugin. -->","yoast_head_json":{"title":"Compre maconha AK-47 - Bes Best Global Meds","description":"Compre AK-47 Marijuana Sativa Strain para venda online Reino Unido, Europa. BUY WEED ONLINE AUSTR\u00c1LIA comprar maconha online Austr\u00e1lia, Austr\u00e1lia erva daninha para venda.","robots":{"index":"index","follow":"follow","max-snippet":"max-snippet:-1","max-image-preview":"max-image-preview:large","max-video-preview":"max-video-preview:-1"},"canonical":"https:\/\/medicinasinc.com\/pt\/product\/comprar-ak-47-marijuana\/","og_locale":"pt_PT","og_type":"article","og_title":"Compre maconha AK-47 - Bes Best Global Meds","og_description":"Compre AK-47 Marijuana Sativa Strain para venda online Reino Unido, Europa. BUY WEED ONLINE AUSTR\u00c1LIA comprar maconha online Austr\u00e1lia, Austr\u00e1lia erva daninha para venda.","og_url":"https:\/\/medicinasinc.com\/pt\/product\/comprar-ak-47-marijuana\/","og_site_name":"Medicinas Inc","article_modified_time":"2022-07-05T23:40:40+00:00","og_image":[{"width":1242,"height":1051,"url":"https:\/\/medicinasinc.com\/pt\/wp-content\/uploads\/sites\/20\/2022\/02\/Buy-AK-47-Marijuana.jpeg","type":"image\/jpeg"}],"twitter_card":"summary_large_image","twitter_misc":{"Tempo estimado de leitura":"1 minuto"},"schema":{"@context":"https:\/\/schema.org","@graph":[{"@type":"WebPage","@id":"https:\/\/medicinasinc.com\/pt\/product\/comprar-ak-47-marijuana\/","url":"https:\/\/medicinasinc.com\/pt\/product\/comprar-ak-47-marijuana\/","name":"Compre maconha AK-47 - Bes Best Global Meds","isPartOf":{"@id":"https:\/\/medicinasinc.com\/pt\/#website"},"primaryImageOfPage":{"@id":"https:\/\/medicinasinc.com\/pt\/product\/comprar-ak-47-marijuana\/#primaryimage"},"image":{"@id":"https:\/\/medicinasinc.com\/pt\/product\/comprar-ak-47-marijuana\/#primaryimage"},"thumbnailUrl":"https:\/\/medicinasinc.com\/pt\/wp-content\/uploads\/sites\/20\/2022\/02\/Buy-AK-47-Marijuana.jpeg","datePublished":"2022-02-20T17:27:17+00:00","dateModified":"2022-07-05T23:40:40+00:00","description":"Compre AK-47 Marijuana Sativa Strain para venda online Reino Unido, Europa. BUY WEED ONLINE AUSTR\u00c1LIA comprar maconha online Austr\u00e1lia, Austr\u00e1lia erva daninha para venda.","breadcrumb":{"@id":"https:\/\/medicinasinc.com\/pt\/product\/comprar-ak-47-marijuana\/#breadcrumb"},"inLanguage":"pt-PT","potentialAction":[{"@type":"ReadAction","target":["https:\/\/medicinasinc.com\/pt\/product\/comprar-ak-47-marijuana\/"]}]},{"@type":"ImageObject","inLanguage":"pt-PT","@id":"https:\/\/medicinasinc.com\/pt\/product\/comprar-ak-47-marijuana\/#primaryimage","url":"https:\/\/medicinasinc.com\/pt\/wp-content\/uploads\/sites\/20\/2022\/02\/Buy-AK-47-Marijuana.jpeg","contentUrl":"https:\/\/medicinasinc.com\/pt\/wp-content\/uploads\/sites\/20\/2022\/02\/Buy-AK-47-Marijuana.jpeg","width":1242,"height":1051},{"@type":"BreadcrumbList","@id":"https:\/\/medicinasinc.com\/pt\/product\/comprar-ak-47-marijuana\/#breadcrumb","itemListElement":[{"@type":"ListItem","position":1,"name":"Comprar","item":"https:\/\/medicinasinc.com\/pt\/comprar\/"},{"@type":"ListItem","position":2,"name":"Compre maconha AK-47"}]},{"@type":"WebSite","@id":"https:\/\/medicinasinc.com\/pt\/#website","url":"https:\/\/medicinasinc.com\/pt\/","name":"Medicinas Inc","description":"Health Medical Clinic","potentialAction":[{"@type":"SearchAction","target":{"@type":"EntryPoint","urlTemplate":"https:\/\/medicinasinc.com\/pt\/?s={search_term_string}"},"query-input":{"@type":"PropertyValueSpecification","valueRequired":true,"valueName":"search_term_string"}}],"inLanguage":"pt-PT"}]}},"_links":{"self":[{"href":"https:\/\/medicinasinc.com\/pt\/wp-json\/wp\/v2\/product\/4895","targetHints":{"allow":["GET"]}}],"collection":[{"href":"https:\/\/medicinasinc.com\/pt\/wp-json\/wp\/v2\/product"}],"about":[{"href":"https:\/\/medicinasinc.com\/pt\/wp-json\/wp\/v2\/types\/product"}],"replies":[{"embeddable":true,"href":"https:\/\/medicinasinc.com\/pt\/wp-json\/wp\/v2\/comments?post=4895"}],"wp:featuredmedia":[{"embeddable":true,"href":"https:\/\/medicinasinc.com\/pt\/wp-json\/wp\/v2\/media\/4909"}],"wp:attachment":[{"href":"https:\/\/medicinasinc.com\/pt\/wp-json\/wp\/v2\/media?parent=4895"}],"wp:term":[{"taxonomy":"product_brand","embeddable":true,"href":"https:\/\/medicinasinc.com\/pt\/wp-json\/wp\/v2\/product_brand?post=4895"},{"taxonomy":"product_cat","embeddable":true,"href":"https:\/\/medicinasinc.com\/pt\/wp-json\/wp\/v2\/product_cat?post=4895"},{"taxonomy":"product_tag","embeddable":true,"href":"https:\/\/medicinasinc.com\/pt\/wp-json\/wp\/v2\/product_tag?post=4895"}],"curies":[{"name":"wp","href":"https:\/\/api.w.org\/{rel}","templated":true}]}}