{"id":4884,"date":"2022-02-20T17:19:27","date_gmt":"2022-02-20T17:19:27","guid":{"rendered":"https:\/\/medicinasinc.com\/pt\/?post_type=product&#038;p=4884"},"modified":"2022-07-05T23:41:02","modified_gmt":"2022-07-05T23:41:02","slug":"comprar-viuva-branca-despedacar","status":"publish","type":"product","link":"https:\/\/medicinasinc.com\/pt\/product\/comprar-viuva-branca-despedacar\/","title":{"rendered":"Compre Vi\u00fava Branca Estilha\u00e7ada"},"content":{"rendered":"<p>COMPRE ONLINE NA MELHOR LOJA ONLINE WHITE WIDOW SHATTER<\/p>\n<p>Se voc\u00ea deseja comprar White Widow Shatter online, entre em contato com a MJ Online Bud Store. Oferecemos os melhores pre\u00e7os em White Widow Shatter. Como a melhor loja do mercado on-line dos Estados Unidos da Am\u00e9rica, Reino Unido, Canad\u00e1, Alemanha e Austr\u00e1lia, n\u00e3o negligenciamos nenhum aspecto de atender aos requisitos especificados pelos clientes ao encomendar o White Widow Shatter on-line.<\/p>\n<p>Por que as pessoas devem usar o White Widow Shatter?<\/p>\n<p>White Widow Shatter \u00e9 uma linhagem h\u00edbrida lend\u00e1ria que \u00e9 adorada em todo o mundo. Esta variedade \u00e9 produzida exclusivamente pelo cruzamento de uma Sativa Landrace brasileira com uma \u00cdndica do Sul da \u00cdndia. Sua cor \u00e9 \u00e2mbar escuro. Este concentrado tem uma textura extremamente crocante, o que o torna muito f\u00e1cil de usar. Quando fumada, esta variedade proporciona uma experi\u00eancia tradicional de cannabis. Cont\u00e9m entre 75% e 80% de THC. Al\u00e9m disso, \u00e9 bem conhecido por ser um excelente dab matinal ou diurno. O sabor desta cepa \u00e9 tipicamente terroso, amadeirado e floral.<\/p>\n<p>\u00c9 uma cepa bem conhecida por seus efeitos euf\u00f3ricos e cerebrais.<br \/> Proporciona uma excita\u00e7\u00e3o cerebral instant\u00e2nea e euf\u00f3rica.<br \/> Induz uma forte euforia, o que resulta em maior criatividade.<br \/> Alivia a dor e promove a tranquilidade final.<br \/> \u00c9 uma tens\u00e3o ideal para dores leves a moderadas, estresse, depress\u00e3o e fadiga.<br \/> Promove atividades como trabalho moderado ou atividade f\u00edsica, intera\u00e7\u00e3o social, recrea\u00e7\u00e3o e empreendimentos criativos.<br \/> Qual \u00e9 a melhor loja online para comprar White Widow Shatter?<\/p>\n<p>White Widow Shatter pode ser comprada em ningu\u00e9m menos que MJ Online Bud Store. Voc\u00ea receber\u00e1 seu pedido on-line para White Widow Shatter em um curto per\u00edodo de tempo. Encomende o White Widow Shatter online hoje e conecte-se com os melhores vendedores e fornecedores em nosso dispens\u00e1rio online.<\/p>\n","protected":false},"excerpt":{"rendered":"<p>Se quiser comprar o White Widow Shatter \u00e0 venda online, entre em contacto com medicinasinc.com\/pt Loja Online. Temos White Widow Shatter \u00e0 venda com os melhores pre\u00e7os.<\/p>\n<p>&nbsp;<\/p>\n<ul>\n<li>Envio para todo o mundo<\/li>\n<li><strong>Grau: AAAAA<\/strong> <\/li>\n<li><strong>Entre em contato<\/strong>\u00a0para pedidos maiores<\/li>\n<\/ul>\n","protected":false},"featured_media":4899,"comment_status":"open","ping_status":"closed","template":"","meta":[],"product_brand":[],"product_cat":[777],"product_tag":[],"class_list":{"0":"post-4884","1":"product","2":"type-product","3":"status-publish","4":"has-post-thumbnail","6":"product_cat-comprar-estilhacar","8":"first","9":"instock","10":"shipping-taxable","11":"purchasable","12":"product-type-variable","13":"has-default-attributes"},"yoast_head":"<!-- This site is optimized with the Yoast SEO plugin v27.3 - https:\/\/yoast.com\/product\/yoast-seo-wordpress\/ -->\n<title>Compre White Widow Shatter - Best Best Global Meds<\/title>\n<meta name=\"description\" content=\"Se quiser comprar o White Widow Shatter \u00e0 venda online, entre em contacto com medicinasinc.com\/pt Loja Online. Temos White Widow Shatter \u00e0 venda aos melhores pre\u00e7os.\" \/>\n<meta name=\"robots\" content=\"index, follow, max-snippet:-1, max-image-preview:large, max-video-preview:-1\" \/>\n<link rel=\"canonical\" href=\"https:\/\/medicinasinc.com\/pt\/product\/comprar-viuva-branca-despedacar\/\" \/>\n<meta property=\"og:locale\" content=\"pt_PT\" \/>\n<meta property=\"og:type\" content=\"article\" \/>\n<meta property=\"og:title\" content=\"Compre White Widow Shatter - Best Best Global Meds\" \/>\n<meta property=\"og:description\" content=\"Se quiser comprar o White Widow Shatter \u00e0 venda online, entre em contacto com medicinasinc.com\/pt Loja Online. Temos White Widow Shatter \u00e0 venda aos melhores pre\u00e7os.\" \/>\n<meta property=\"og:url\" content=\"https:\/\/medicinasinc.com\/pt\/product\/comprar-viuva-branca-despedacar\/\" \/>\n<meta property=\"og:site_name\" content=\"Medicinas Inc\" \/>\n<meta property=\"article:modified_time\" content=\"2022-07-05T23:41:02+00:00\" \/>\n<meta property=\"og:image\" content=\"https:\/\/medicinasinc.com\/pt\/wp-content\/uploads\/sites\/20\/2022\/02\/Buy-White-Widow-Shatter.jpg\" \/>\n\t<meta property=\"og:image:width\" content=\"600\" \/>\n\t<meta property=\"og:image:height\" content=\"600\" \/>\n\t<meta property=\"og:image:type\" content=\"image\/jpeg\" \/>\n<meta name=\"twitter:card\" content=\"summary_large_image\" \/>\n<script type=\"application\/ld+json\" class=\"yoast-schema-graph\">{\"@context\":\"https:\\\/\\\/schema.org\",\"@graph\":[{\"@type\":\"WebPage\",\"@id\":\"https:\\\/\\\/medicinasinc.com\\\/pt\\\/product\\\/comprar-viuva-branca-despedacar\\\/\",\"url\":\"https:\\\/\\\/medicinasinc.com\\\/pt\\\/product\\\/comprar-viuva-branca-despedacar\\\/\",\"name\":\"Compre White Widow Shatter - Best Best Global Meds\",\"isPartOf\":{\"@id\":\"https:\\\/\\\/medicinasinc.com\\\/pt\\\/#website\"},\"primaryImageOfPage\":{\"@id\":\"https:\\\/\\\/medicinasinc.com\\\/pt\\\/product\\\/comprar-viuva-branca-despedacar\\\/#primaryimage\"},\"image\":{\"@id\":\"https:\\\/\\\/medicinasinc.com\\\/pt\\\/product\\\/comprar-viuva-branca-despedacar\\\/#primaryimage\"},\"thumbnailUrl\":\"https:\\\/\\\/medicinasinc.com\\\/pt\\\/wp-content\\\/uploads\\\/sites\\\/20\\\/2022\\\/02\\\/Buy-White-Widow-Shatter.jpg\",\"datePublished\":\"2022-02-20T17:19:27+00:00\",\"dateModified\":\"2022-07-05T23:41:02+00:00\",\"description\":\"Se quiser comprar o White Widow Shatter \u00e0 venda online, entre em contacto com medicinasinc.com\\\/pt Loja Online. Temos White Widow Shatter \u00e0 venda aos melhores pre\u00e7os.\",\"breadcrumb\":{\"@id\":\"https:\\\/\\\/medicinasinc.com\\\/pt\\\/product\\\/comprar-viuva-branca-despedacar\\\/#breadcrumb\"},\"inLanguage\":\"pt-PT\",\"potentialAction\":[{\"@type\":\"ReadAction\",\"target\":[\"https:\\\/\\\/medicinasinc.com\\\/pt\\\/product\\\/comprar-viuva-branca-despedacar\\\/\"]}]},{\"@type\":\"ImageObject\",\"inLanguage\":\"pt-PT\",\"@id\":\"https:\\\/\\\/medicinasinc.com\\\/pt\\\/product\\\/comprar-viuva-branca-despedacar\\\/#primaryimage\",\"url\":\"https:\\\/\\\/medicinasinc.com\\\/pt\\\/wp-content\\\/uploads\\\/sites\\\/20\\\/2022\\\/02\\\/Buy-White-Widow-Shatter.jpg\",\"contentUrl\":\"https:\\\/\\\/medicinasinc.com\\\/pt\\\/wp-content\\\/uploads\\\/sites\\\/20\\\/2022\\\/02\\\/Buy-White-Widow-Shatter.jpg\",\"width\":600,\"height\":600},{\"@type\":\"BreadcrumbList\",\"@id\":\"https:\\\/\\\/medicinasinc.com\\\/pt\\\/product\\\/comprar-viuva-branca-despedacar\\\/#breadcrumb\",\"itemListElement\":[{\"@type\":\"ListItem\",\"position\":1,\"name\":\"Comprar\",\"item\":\"https:\\\/\\\/medicinasinc.com\\\/pt\\\/comprar\\\/\"},{\"@type\":\"ListItem\",\"position\":2,\"name\":\"Compre Vi\u00fava Branca Estilha\u00e7ada\"}]},{\"@type\":\"WebSite\",\"@id\":\"https:\\\/\\\/medicinasinc.com\\\/pt\\\/#website\",\"url\":\"https:\\\/\\\/medicinasinc.com\\\/pt\\\/\",\"name\":\"Medicinas Inc\",\"description\":\"Health Medical Clinic\",\"potentialAction\":[{\"@type\":\"SearchAction\",\"target\":{\"@type\":\"EntryPoint\",\"urlTemplate\":\"https:\\\/\\\/medicinasinc.com\\\/pt\\\/?s={search_term_string}\"},\"query-input\":{\"@type\":\"PropertyValueSpecification\",\"valueRequired\":true,\"valueName\":\"search_term_string\"}}],\"inLanguage\":\"pt-PT\"}]}<\/script>\n<!-- \/ Yoast SEO plugin. -->","yoast_head_json":{"title":"Compre White Widow Shatter - Best Best Global Meds","description":"Se quiser comprar o White Widow Shatter \u00e0 venda online, entre em contacto com medicinasinc.com\/pt Loja Online. Temos White Widow Shatter \u00e0 venda aos melhores pre\u00e7os.","robots":{"index":"index","follow":"follow","max-snippet":"max-snippet:-1","max-image-preview":"max-image-preview:large","max-video-preview":"max-video-preview:-1"},"canonical":"https:\/\/medicinasinc.com\/pt\/product\/comprar-viuva-branca-despedacar\/","og_locale":"pt_PT","og_type":"article","og_title":"Compre White Widow Shatter - Best Best Global Meds","og_description":"Se quiser comprar o White Widow Shatter \u00e0 venda online, entre em contacto com medicinasinc.com\/pt Loja Online. Temos White Widow Shatter \u00e0 venda aos melhores pre\u00e7os.","og_url":"https:\/\/medicinasinc.com\/pt\/product\/comprar-viuva-branca-despedacar\/","og_site_name":"Medicinas Inc","article_modified_time":"2022-07-05T23:41:02+00:00","og_image":[{"width":600,"height":600,"url":"https:\/\/medicinasinc.com\/pt\/wp-content\/uploads\/sites\/20\/2022\/02\/Buy-White-Widow-Shatter.jpg","type":"image\/jpeg"}],"twitter_card":"summary_large_image","schema":{"@context":"https:\/\/schema.org","@graph":[{"@type":"WebPage","@id":"https:\/\/medicinasinc.com\/pt\/product\/comprar-viuva-branca-despedacar\/","url":"https:\/\/medicinasinc.com\/pt\/product\/comprar-viuva-branca-despedacar\/","name":"Compre White Widow Shatter - Best Best Global Meds","isPartOf":{"@id":"https:\/\/medicinasinc.com\/pt\/#website"},"primaryImageOfPage":{"@id":"https:\/\/medicinasinc.com\/pt\/product\/comprar-viuva-branca-despedacar\/#primaryimage"},"image":{"@id":"https:\/\/medicinasinc.com\/pt\/product\/comprar-viuva-branca-despedacar\/#primaryimage"},"thumbnailUrl":"https:\/\/medicinasinc.com\/pt\/wp-content\/uploads\/sites\/20\/2022\/02\/Buy-White-Widow-Shatter.jpg","datePublished":"2022-02-20T17:19:27+00:00","dateModified":"2022-07-05T23:41:02+00:00","description":"Se quiser comprar o White Widow Shatter \u00e0 venda online, entre em contacto com medicinasinc.com\/pt Loja Online. Temos White Widow Shatter \u00e0 venda aos melhores pre\u00e7os.","breadcrumb":{"@id":"https:\/\/medicinasinc.com\/pt\/product\/comprar-viuva-branca-despedacar\/#breadcrumb"},"inLanguage":"pt-PT","potentialAction":[{"@type":"ReadAction","target":["https:\/\/medicinasinc.com\/pt\/product\/comprar-viuva-branca-despedacar\/"]}]},{"@type":"ImageObject","inLanguage":"pt-PT","@id":"https:\/\/medicinasinc.com\/pt\/product\/comprar-viuva-branca-despedacar\/#primaryimage","url":"https:\/\/medicinasinc.com\/pt\/wp-content\/uploads\/sites\/20\/2022\/02\/Buy-White-Widow-Shatter.jpg","contentUrl":"https:\/\/medicinasinc.com\/pt\/wp-content\/uploads\/sites\/20\/2022\/02\/Buy-White-Widow-Shatter.jpg","width":600,"height":600},{"@type":"BreadcrumbList","@id":"https:\/\/medicinasinc.com\/pt\/product\/comprar-viuva-branca-despedacar\/#breadcrumb","itemListElement":[{"@type":"ListItem","position":1,"name":"Comprar","item":"https:\/\/medicinasinc.com\/pt\/comprar\/"},{"@type":"ListItem","position":2,"name":"Compre Vi\u00fava Branca Estilha\u00e7ada"}]},{"@type":"WebSite","@id":"https:\/\/medicinasinc.com\/pt\/#website","url":"https:\/\/medicinasinc.com\/pt\/","name":"Medicinas Inc","description":"Health Medical Clinic","potentialAction":[{"@type":"SearchAction","target":{"@type":"EntryPoint","urlTemplate":"https:\/\/medicinasinc.com\/pt\/?s={search_term_string}"},"query-input":{"@type":"PropertyValueSpecification","valueRequired":true,"valueName":"search_term_string"}}],"inLanguage":"pt-PT"}]}},"_links":{"self":[{"href":"https:\/\/medicinasinc.com\/pt\/wp-json\/wp\/v2\/product\/4884","targetHints":{"allow":["GET"]}}],"collection":[{"href":"https:\/\/medicinasinc.com\/pt\/wp-json\/wp\/v2\/product"}],"about":[{"href":"https:\/\/medicinasinc.com\/pt\/wp-json\/wp\/v2\/types\/product"}],"replies":[{"embeddable":true,"href":"https:\/\/medicinasinc.com\/pt\/wp-json\/wp\/v2\/comments?post=4884"}],"wp:featuredmedia":[{"embeddable":true,"href":"https:\/\/medicinasinc.com\/pt\/wp-json\/wp\/v2\/media\/4899"}],"wp:attachment":[{"href":"https:\/\/medicinasinc.com\/pt\/wp-json\/wp\/v2\/media?parent=4884"}],"wp:term":[{"taxonomy":"product_brand","embeddable":true,"href":"https:\/\/medicinasinc.com\/pt\/wp-json\/wp\/v2\/product_brand?post=4884"},{"taxonomy":"product_cat","embeddable":true,"href":"https:\/\/medicinasinc.com\/pt\/wp-json\/wp\/v2\/product_cat?post=4884"},{"taxonomy":"product_tag","embeddable":true,"href":"https:\/\/medicinasinc.com\/pt\/wp-json\/wp\/v2\/product_tag?post=4884"}],"curies":[{"name":"wp","href":"https:\/\/api.w.org\/{rel}","templated":true}]}}