{"id":4883,"date":"2022-02-20T17:18:33","date_gmt":"2022-02-20T17:18:33","guid":{"rendered":"https:\/\/medicinasinc.com\/pt\/?post_type=product&#038;p=4883"},"modified":"2022-07-05T23:41:26","modified_gmt":"2022-07-05T23:41:26","slug":"comprar-por-do-sol-sherbert-estilhacar","status":"publish","type":"product","link":"https:\/\/medicinasinc.com\/pt\/product\/comprar-por-do-sol-sherbert-estilhacar\/","title":{"rendered":"Compre Sunset Sherbert Shatter"},"content":{"rendered":"<p>Compre Sunset Sherbert Shatter \u2013 Premium Indica Dominante H\u00edbrido \u2013 85% Indica \/ 15% Sativa<\/p>\n<p>Sunset Sherbert, alternativamente conhecido como Sherbet, \u00e9 o herdeiro aparente do trono da Girl Scout Cookie. Sunset Sherbert herdou as caracter\u00edsticas gen\u00e9ticas de sua m\u00e3e Girl Scout Cookies, que inclu\u00eda OG Kush, Durban Poison e Cherry Pie em sua linhagem gen\u00e9tica. Essas gen\u00e9ticas foram ent\u00e3o cruzadas com Pink Panties, um pai indica. Sunset Sherbert combina um forte zumbido de corpo inteiro com uma revigorante explos\u00e3o de energia criativa. Ap\u00f3s fumar, os usu\u00e1rios sentir\u00e3o uma onda imediata de energia \u2013 principalmente na mente \u2013 que os deixar\u00e1 se sentindo sociais e euf\u00f3ricos em poucos minutos. \u00c0 medida que os efeitos come\u00e7am a fazer efeito, uma sensa\u00e7\u00e3o de aquecimento suave se espalhar\u00e1 por todo o corpo, envolvendo o usu\u00e1rio em completo relaxamento e felicidade. Sunset Sherbert tem sido usado para tratar depress\u00e3o, estresse, ansiedade e dor leve a moderada devido aos seus efeitos potentes.<\/p>\n<p>&nbsp;<\/p>\n<p>Por favor, esteja ciente de que devido a circunst\u00e2ncias imprevistas, tais como o calor do ver\u00e3o, a umidade e at\u00e9 mesmo o tempo, sempre h\u00e1 uma chance de que o fragmento que voc\u00ea encomendou se transforme em cera ou broto antes de chegar at\u00e9 voc\u00ea. ao calor, mas isso de forma alguma diminui a seguran\u00e7a ou a pot\u00eancia do seu estilha\u00e7amento. De fato, se isso ocorrer, os terpenos e arom\u00e1ticos ser\u00e3o aprimorados, aumentando assim o sabor.<\/p>\n<p>N\u00e3o oferecemos reembolsos ou trocas se seu fragmento se transformar em broto ou cera.<\/p>\n<div class=\"product-next-previous\">\n<div class=\"product-prev\"><\/div><\/div>\n","protected":false},"excerpt":{"rendered":"<p>Comprar estilha\u00e7ar &#8211; Sunset Sherbert est\u00e1 dispon\u00edvel para compra on-line na Europa e no Reino Unido em \u00a0best global meds. Na Europa, voc\u00ea pode encontrar o Shatter &#8211; da mais alta qualidade; Produtos de cannabis Sunset Sherbert.<\/p>\n<p>&nbsp;<\/p>\n<ul>\n<li>Envio para todo o mundo<\/li>\n<li><strong>Grau: AAAAA<\/strong><\/li>\n<li> <strong>Entre em contato<\/strong>\u00a0para pedidos maiores<\/li>\n<\/ul>\n","protected":false},"featured_media":4897,"comment_status":"open","ping_status":"closed","template":"","meta":[],"product_brand":[],"product_cat":[777],"product_tag":[],"class_list":{"0":"post-4883","1":"product","2":"type-product","3":"status-publish","4":"has-post-thumbnail","6":"product_cat-comprar-estilhacar","8":"first","9":"instock","10":"shipping-taxable","11":"purchasable","12":"product-type-variable","13":"has-default-attributes"},"yoast_head":"<!-- This site is optimized with the Yoast SEO plugin v27.3 - https:\/\/yoast.com\/product\/yoast-seo-wordpress\/ -->\n<title>Compre Sunset Sherbert Shatter - Best Best Global Meds<\/title>\n<meta name=\"description\" content=\"Compre Shatter - Sunset Sherbert para venda online Europa, Reino Unido em The global medicinas. Encontre os produtos de cannabis Shatter - Sunset Sherbert da mais alta qualidade na Europa.\" \/>\n<meta name=\"robots\" content=\"index, follow, max-snippet:-1, max-image-preview:large, max-video-preview:-1\" \/>\n<link rel=\"canonical\" href=\"https:\/\/medicinasinc.com\/pt\/product\/comprar-por-do-sol-sherbert-estilhacar\/\" \/>\n<meta property=\"og:locale\" content=\"pt_PT\" \/>\n<meta property=\"og:type\" content=\"article\" \/>\n<meta property=\"og:title\" content=\"Compre Sunset Sherbert Shatter - Best Best Global Meds\" \/>\n<meta property=\"og:description\" content=\"Compre Shatter - Sunset Sherbert para venda online Europa, Reino Unido em The global medicinas. Encontre os produtos de cannabis Shatter - Sunset Sherbert da mais alta qualidade na Europa.\" \/>\n<meta property=\"og:url\" content=\"https:\/\/medicinasinc.com\/pt\/product\/comprar-por-do-sol-sherbert-estilhacar\/\" \/>\n<meta property=\"og:site_name\" content=\"Medicinas Inc\" \/>\n<meta property=\"article:modified_time\" content=\"2022-07-05T23:41:26+00:00\" \/>\n<meta property=\"og:image\" content=\"https:\/\/medicinasinc.com\/pt\/wp-content\/uploads\/sites\/20\/2022\/02\/Buy-Sunset-Sherbert-Shatter.jpg\" \/>\n\t<meta property=\"og:image:width\" content=\"600\" \/>\n\t<meta property=\"og:image:height\" content=\"600\" \/>\n\t<meta property=\"og:image:type\" content=\"image\/jpeg\" \/>\n<meta name=\"twitter:card\" content=\"summary_large_image\" \/>\n<meta name=\"twitter:label1\" content=\"Tempo estimado de leitura\" \/>\n\t<meta name=\"twitter:data1\" content=\"2 minutos\" \/>\n<script type=\"application\/ld+json\" class=\"yoast-schema-graph\">{\"@context\":\"https:\\\/\\\/schema.org\",\"@graph\":[{\"@type\":\"WebPage\",\"@id\":\"https:\\\/\\\/medicinasinc.com\\\/pt\\\/product\\\/comprar-por-do-sol-sherbert-estilhacar\\\/\",\"url\":\"https:\\\/\\\/medicinasinc.com\\\/pt\\\/product\\\/comprar-por-do-sol-sherbert-estilhacar\\\/\",\"name\":\"Compre Sunset Sherbert Shatter - Best Best Global Meds\",\"isPartOf\":{\"@id\":\"https:\\\/\\\/medicinasinc.com\\\/pt\\\/#website\"},\"primaryImageOfPage\":{\"@id\":\"https:\\\/\\\/medicinasinc.com\\\/pt\\\/product\\\/comprar-por-do-sol-sherbert-estilhacar\\\/#primaryimage\"},\"image\":{\"@id\":\"https:\\\/\\\/medicinasinc.com\\\/pt\\\/product\\\/comprar-por-do-sol-sherbert-estilhacar\\\/#primaryimage\"},\"thumbnailUrl\":\"https:\\\/\\\/medicinasinc.com\\\/pt\\\/wp-content\\\/uploads\\\/sites\\\/20\\\/2022\\\/02\\\/Buy-Sunset-Sherbert-Shatter.jpg\",\"datePublished\":\"2022-02-20T17:18:33+00:00\",\"dateModified\":\"2022-07-05T23:41:26+00:00\",\"description\":\"Compre Shatter - Sunset Sherbert para venda online Europa, Reino Unido em The global medicinas. Encontre os produtos de cannabis Shatter - Sunset Sherbert da mais alta qualidade na Europa.\",\"breadcrumb\":{\"@id\":\"https:\\\/\\\/medicinasinc.com\\\/pt\\\/product\\\/comprar-por-do-sol-sherbert-estilhacar\\\/#breadcrumb\"},\"inLanguage\":\"pt-PT\",\"potentialAction\":[{\"@type\":\"ReadAction\",\"target\":[\"https:\\\/\\\/medicinasinc.com\\\/pt\\\/product\\\/comprar-por-do-sol-sherbert-estilhacar\\\/\"]}]},{\"@type\":\"ImageObject\",\"inLanguage\":\"pt-PT\",\"@id\":\"https:\\\/\\\/medicinasinc.com\\\/pt\\\/product\\\/comprar-por-do-sol-sherbert-estilhacar\\\/#primaryimage\",\"url\":\"https:\\\/\\\/medicinasinc.com\\\/pt\\\/wp-content\\\/uploads\\\/sites\\\/20\\\/2022\\\/02\\\/Buy-Sunset-Sherbert-Shatter.jpg\",\"contentUrl\":\"https:\\\/\\\/medicinasinc.com\\\/pt\\\/wp-content\\\/uploads\\\/sites\\\/20\\\/2022\\\/02\\\/Buy-Sunset-Sherbert-Shatter.jpg\",\"width\":600,\"height\":600},{\"@type\":\"BreadcrumbList\",\"@id\":\"https:\\\/\\\/medicinasinc.com\\\/pt\\\/product\\\/comprar-por-do-sol-sherbert-estilhacar\\\/#breadcrumb\",\"itemListElement\":[{\"@type\":\"ListItem\",\"position\":1,\"name\":\"Comprar\",\"item\":\"https:\\\/\\\/medicinasinc.com\\\/pt\\\/comprar\\\/\"},{\"@type\":\"ListItem\",\"position\":2,\"name\":\"Compre Sunset Sherbert Shatter\"}]},{\"@type\":\"WebSite\",\"@id\":\"https:\\\/\\\/medicinasinc.com\\\/pt\\\/#website\",\"url\":\"https:\\\/\\\/medicinasinc.com\\\/pt\\\/\",\"name\":\"Medicinas Inc\",\"description\":\"Health Medical Clinic\",\"potentialAction\":[{\"@type\":\"SearchAction\",\"target\":{\"@type\":\"EntryPoint\",\"urlTemplate\":\"https:\\\/\\\/medicinasinc.com\\\/pt\\\/?s={search_term_string}\"},\"query-input\":{\"@type\":\"PropertyValueSpecification\",\"valueRequired\":true,\"valueName\":\"search_term_string\"}}],\"inLanguage\":\"pt-PT\"}]}<\/script>\n<!-- \/ Yoast SEO plugin. -->","yoast_head_json":{"title":"Compre Sunset Sherbert Shatter - Best Best Global Meds","description":"Compre Shatter - Sunset Sherbert para venda online Europa, Reino Unido em The global medicinas. Encontre os produtos de cannabis Shatter - Sunset Sherbert da mais alta qualidade na Europa.","robots":{"index":"index","follow":"follow","max-snippet":"max-snippet:-1","max-image-preview":"max-image-preview:large","max-video-preview":"max-video-preview:-1"},"canonical":"https:\/\/medicinasinc.com\/pt\/product\/comprar-por-do-sol-sherbert-estilhacar\/","og_locale":"pt_PT","og_type":"article","og_title":"Compre Sunset Sherbert Shatter - Best Best Global Meds","og_description":"Compre Shatter - Sunset Sherbert para venda online Europa, Reino Unido em The global medicinas. Encontre os produtos de cannabis Shatter - Sunset Sherbert da mais alta qualidade na Europa.","og_url":"https:\/\/medicinasinc.com\/pt\/product\/comprar-por-do-sol-sherbert-estilhacar\/","og_site_name":"Medicinas Inc","article_modified_time":"2022-07-05T23:41:26+00:00","og_image":[{"width":600,"height":600,"url":"https:\/\/medicinasinc.com\/pt\/wp-content\/uploads\/sites\/20\/2022\/02\/Buy-Sunset-Sherbert-Shatter.jpg","type":"image\/jpeg"}],"twitter_card":"summary_large_image","twitter_misc":{"Tempo estimado de leitura":"2 minutos"},"schema":{"@context":"https:\/\/schema.org","@graph":[{"@type":"WebPage","@id":"https:\/\/medicinasinc.com\/pt\/product\/comprar-por-do-sol-sherbert-estilhacar\/","url":"https:\/\/medicinasinc.com\/pt\/product\/comprar-por-do-sol-sherbert-estilhacar\/","name":"Compre Sunset Sherbert Shatter - Best Best Global Meds","isPartOf":{"@id":"https:\/\/medicinasinc.com\/pt\/#website"},"primaryImageOfPage":{"@id":"https:\/\/medicinasinc.com\/pt\/product\/comprar-por-do-sol-sherbert-estilhacar\/#primaryimage"},"image":{"@id":"https:\/\/medicinasinc.com\/pt\/product\/comprar-por-do-sol-sherbert-estilhacar\/#primaryimage"},"thumbnailUrl":"https:\/\/medicinasinc.com\/pt\/wp-content\/uploads\/sites\/20\/2022\/02\/Buy-Sunset-Sherbert-Shatter.jpg","datePublished":"2022-02-20T17:18:33+00:00","dateModified":"2022-07-05T23:41:26+00:00","description":"Compre Shatter - Sunset Sherbert para venda online Europa, Reino Unido em The global medicinas. Encontre os produtos de cannabis Shatter - Sunset Sherbert da mais alta qualidade na Europa.","breadcrumb":{"@id":"https:\/\/medicinasinc.com\/pt\/product\/comprar-por-do-sol-sherbert-estilhacar\/#breadcrumb"},"inLanguage":"pt-PT","potentialAction":[{"@type":"ReadAction","target":["https:\/\/medicinasinc.com\/pt\/product\/comprar-por-do-sol-sherbert-estilhacar\/"]}]},{"@type":"ImageObject","inLanguage":"pt-PT","@id":"https:\/\/medicinasinc.com\/pt\/product\/comprar-por-do-sol-sherbert-estilhacar\/#primaryimage","url":"https:\/\/medicinasinc.com\/pt\/wp-content\/uploads\/sites\/20\/2022\/02\/Buy-Sunset-Sherbert-Shatter.jpg","contentUrl":"https:\/\/medicinasinc.com\/pt\/wp-content\/uploads\/sites\/20\/2022\/02\/Buy-Sunset-Sherbert-Shatter.jpg","width":600,"height":600},{"@type":"BreadcrumbList","@id":"https:\/\/medicinasinc.com\/pt\/product\/comprar-por-do-sol-sherbert-estilhacar\/#breadcrumb","itemListElement":[{"@type":"ListItem","position":1,"name":"Comprar","item":"https:\/\/medicinasinc.com\/pt\/comprar\/"},{"@type":"ListItem","position":2,"name":"Compre Sunset Sherbert Shatter"}]},{"@type":"WebSite","@id":"https:\/\/medicinasinc.com\/pt\/#website","url":"https:\/\/medicinasinc.com\/pt\/","name":"Medicinas Inc","description":"Health Medical Clinic","potentialAction":[{"@type":"SearchAction","target":{"@type":"EntryPoint","urlTemplate":"https:\/\/medicinasinc.com\/pt\/?s={search_term_string}"},"query-input":{"@type":"PropertyValueSpecification","valueRequired":true,"valueName":"search_term_string"}}],"inLanguage":"pt-PT"}]}},"_links":{"self":[{"href":"https:\/\/medicinasinc.com\/pt\/wp-json\/wp\/v2\/product\/4883","targetHints":{"allow":["GET"]}}],"collection":[{"href":"https:\/\/medicinasinc.com\/pt\/wp-json\/wp\/v2\/product"}],"about":[{"href":"https:\/\/medicinasinc.com\/pt\/wp-json\/wp\/v2\/types\/product"}],"replies":[{"embeddable":true,"href":"https:\/\/medicinasinc.com\/pt\/wp-json\/wp\/v2\/comments?post=4883"}],"wp:featuredmedia":[{"embeddable":true,"href":"https:\/\/medicinasinc.com\/pt\/wp-json\/wp\/v2\/media\/4897"}],"wp:attachment":[{"href":"https:\/\/medicinasinc.com\/pt\/wp-json\/wp\/v2\/media?parent=4883"}],"wp:term":[{"taxonomy":"product_brand","embeddable":true,"href":"https:\/\/medicinasinc.com\/pt\/wp-json\/wp\/v2\/product_brand?post=4883"},{"taxonomy":"product_cat","embeddable":true,"href":"https:\/\/medicinasinc.com\/pt\/wp-json\/wp\/v2\/product_cat?post=4883"},{"taxonomy":"product_tag","embeddable":true,"href":"https:\/\/medicinasinc.com\/pt\/wp-json\/wp\/v2\/product_tag?post=4883"}],"curies":[{"name":"wp","href":"https:\/\/api.w.org\/{rel}","templated":true}]}}