{"id":4871,"date":"2022-02-20T17:08:15","date_gmt":"2022-02-20T17:08:15","guid":{"rendered":"https:\/\/medicinasinc.com\/pt\/?post_type=product&#038;p=4871"},"modified":"2022-07-05T23:42:10","modified_gmt":"2022-07-05T23:42:10","slug":"comprar-blueberry-nuken-shatter-top-shelf","status":"publish","type":"product","link":"https:\/\/medicinasinc.com\/pt\/product\/comprar-blueberry-nuken-shatter-top-shelf\/","title":{"rendered":"Compre Blueberry Nuken Shatter \u2013 prateleira superior"},"content":{"rendered":"<div class=\"descblock ff\">Nuken oferece os benef\u00edcios medicinais de uma indica sem a fadiga ou seda\u00e7\u00e3o associada \u00e0 indica. Nuken produz uma alta de longa dura\u00e7\u00e3o e extremamente relaxante, permitindo ao usu\u00e1rio realizar tarefas e interagir com amigos. \u00c0 medida que os efeitos da tens\u00e3o se instalam, os usu\u00e1rios experimentam uma leve sensa\u00e7\u00e3o de aquecimento que come\u00e7a na coluna e se espalha gradualmente por todo o corpo, aliviando qualquer dor ou desconforto muscular. Esses efeitos s\u00e3o acompanhados de intensa introspec\u00e7\u00e3o, o que pode fazer com que alguns usu\u00e1rios novatos se sintam um pouco desorientados. Nuken tem sido usado para tratar dor cr\u00f4nica e inflama\u00e7\u00e3o, bem como depress\u00e3o leve, ansiedade e estresse cr\u00f4nico.<\/div>\n<div class=\"product-next-previous\">\n<div class=\"product-prev\"><\/div><\/div>\n","protected":false},"excerpt":{"rendered":"<p>Compre Blueberry Nuken Shatter UK, Europe Online no dispens\u00e1rio medicinasinc.com\/pt online, EZ Weed Online Cannabis Dispensary.<\/p>\n<ul>\n<li>Envio para todo o mundo<\/li>\n<li><strong>Grau : AAAAA<\/strong><\/li>\n<li><strong>Entre em contato<\/strong>\u00a0para pedidos maiores<\/li>\n<li>DPD Post Xpresspost Frete GR\u00c1TIS para pedidos acima de US$ 200<\/li>\n<\/ul>\n","protected":false},"featured_media":4885,"comment_status":"open","ping_status":"closed","template":"","meta":[],"product_brand":[],"product_cat":[777],"product_tag":[],"class_list":{"0":"post-4871","1":"product","2":"type-product","3":"status-publish","4":"has-post-thumbnail","6":"product_cat-comprar-estilhacar","8":"first","9":"instock","10":"shipping-taxable","11":"purchasable","12":"product-type-variable","13":"has-default-attributes"},"yoast_head":"<!-- This site is optimized with the Yoast SEO plugin v27.3 - https:\/\/yoast.com\/product\/yoast-seo-wordpress\/ -->\n<title>Compre Blueberry Nuken Shatter \u2013 Prateleira Superior - Melhores Melhores Medicamentos Globais<\/title>\n<meta name=\"description\" content=\"Compre Blueberry Nuken Shatter UK, Europe Online no dispens\u00e1rio on-line n\u00ba 1 do Canad\u00e1, Best Global Weed Online Cannabis Dispensary.\" \/>\n<meta name=\"robots\" content=\"index, follow, max-snippet:-1, max-image-preview:large, max-video-preview:-1\" \/>\n<link rel=\"canonical\" href=\"https:\/\/medicinasinc.com\/pt\/product\/comprar-blueberry-nuken-shatter-top-shelf\/\" \/>\n<meta property=\"og:locale\" content=\"pt_PT\" \/>\n<meta property=\"og:type\" content=\"article\" \/>\n<meta property=\"og:title\" content=\"Compre Blueberry Nuken Shatter \u2013 Prateleira Superior - Melhores Melhores Medicamentos Globais\" \/>\n<meta property=\"og:description\" content=\"Compre Blueberry Nuken Shatter UK, Europe Online no dispens\u00e1rio on-line n\u00ba 1 do Canad\u00e1, Best Global Weed Online Cannabis Dispensary.\" \/>\n<meta property=\"og:url\" content=\"https:\/\/medicinasinc.com\/pt\/product\/comprar-blueberry-nuken-shatter-top-shelf\/\" \/>\n<meta property=\"og:site_name\" content=\"Medicinas Inc\" \/>\n<meta property=\"article:modified_time\" content=\"2022-07-05T23:42:10+00:00\" \/>\n<meta property=\"og:image\" content=\"https:\/\/medicinasinc.com\/pt\/wp-content\/uploads\/sites\/20\/2022\/02\/Buy-Blueberry-Nuken-Shatter.jpg\" \/>\n\t<meta property=\"og:image:width\" content=\"600\" \/>\n\t<meta property=\"og:image:height\" content=\"600\" \/>\n\t<meta property=\"og:image:type\" content=\"image\/jpeg\" \/>\n<meta name=\"twitter:card\" content=\"summary_large_image\" \/>\n<meta name=\"twitter:label1\" content=\"Tempo estimado de leitura\" \/>\n\t<meta name=\"twitter:data1\" content=\"1 minuto\" \/>\n<script type=\"application\/ld+json\" class=\"yoast-schema-graph\">{\"@context\":\"https:\\\/\\\/schema.org\",\"@graph\":[{\"@type\":\"WebPage\",\"@id\":\"https:\\\/\\\/medicinasinc.com\\\/pt\\\/product\\\/comprar-blueberry-nuken-shatter-top-shelf\\\/\",\"url\":\"https:\\\/\\\/medicinasinc.com\\\/pt\\\/product\\\/comprar-blueberry-nuken-shatter-top-shelf\\\/\",\"name\":\"Compre Blueberry Nuken Shatter \u2013 Prateleira Superior - Melhores Melhores Medicamentos Globais\",\"isPartOf\":{\"@id\":\"https:\\\/\\\/medicinasinc.com\\\/pt\\\/#website\"},\"primaryImageOfPage\":{\"@id\":\"https:\\\/\\\/medicinasinc.com\\\/pt\\\/product\\\/comprar-blueberry-nuken-shatter-top-shelf\\\/#primaryimage\"},\"image\":{\"@id\":\"https:\\\/\\\/medicinasinc.com\\\/pt\\\/product\\\/comprar-blueberry-nuken-shatter-top-shelf\\\/#primaryimage\"},\"thumbnailUrl\":\"https:\\\/\\\/medicinasinc.com\\\/pt\\\/wp-content\\\/uploads\\\/sites\\\/20\\\/2022\\\/02\\\/Buy-Blueberry-Nuken-Shatter.jpg\",\"datePublished\":\"2022-02-20T17:08:15+00:00\",\"dateModified\":\"2022-07-05T23:42:10+00:00\",\"description\":\"Compre Blueberry Nuken Shatter UK, Europe Online no dispens\u00e1rio on-line n\u00ba 1 do Canad\u00e1, Best Global Weed Online Cannabis Dispensary.\",\"breadcrumb\":{\"@id\":\"https:\\\/\\\/medicinasinc.com\\\/pt\\\/product\\\/comprar-blueberry-nuken-shatter-top-shelf\\\/#breadcrumb\"},\"inLanguage\":\"pt-PT\",\"potentialAction\":[{\"@type\":\"ReadAction\",\"target\":[\"https:\\\/\\\/medicinasinc.com\\\/pt\\\/product\\\/comprar-blueberry-nuken-shatter-top-shelf\\\/\"]}]},{\"@type\":\"ImageObject\",\"inLanguage\":\"pt-PT\",\"@id\":\"https:\\\/\\\/medicinasinc.com\\\/pt\\\/product\\\/comprar-blueberry-nuken-shatter-top-shelf\\\/#primaryimage\",\"url\":\"https:\\\/\\\/medicinasinc.com\\\/pt\\\/wp-content\\\/uploads\\\/sites\\\/20\\\/2022\\\/02\\\/Buy-Blueberry-Nuken-Shatter.jpg\",\"contentUrl\":\"https:\\\/\\\/medicinasinc.com\\\/pt\\\/wp-content\\\/uploads\\\/sites\\\/20\\\/2022\\\/02\\\/Buy-Blueberry-Nuken-Shatter.jpg\",\"width\":600,\"height\":600},{\"@type\":\"BreadcrumbList\",\"@id\":\"https:\\\/\\\/medicinasinc.com\\\/pt\\\/product\\\/comprar-blueberry-nuken-shatter-top-shelf\\\/#breadcrumb\",\"itemListElement\":[{\"@type\":\"ListItem\",\"position\":1,\"name\":\"Comprar\",\"item\":\"https:\\\/\\\/medicinasinc.com\\\/pt\\\/comprar\\\/\"},{\"@type\":\"ListItem\",\"position\":2,\"name\":\"Compre Blueberry Nuken Shatter \u2013 prateleira superior\"}]},{\"@type\":\"WebSite\",\"@id\":\"https:\\\/\\\/medicinasinc.com\\\/pt\\\/#website\",\"url\":\"https:\\\/\\\/medicinasinc.com\\\/pt\\\/\",\"name\":\"Medicinas Inc\",\"description\":\"Health Medical Clinic\",\"potentialAction\":[{\"@type\":\"SearchAction\",\"target\":{\"@type\":\"EntryPoint\",\"urlTemplate\":\"https:\\\/\\\/medicinasinc.com\\\/pt\\\/?s={search_term_string}\"},\"query-input\":{\"@type\":\"PropertyValueSpecification\",\"valueRequired\":true,\"valueName\":\"search_term_string\"}}],\"inLanguage\":\"pt-PT\"}]}<\/script>\n<!-- \/ Yoast SEO plugin. -->","yoast_head_json":{"title":"Compre Blueberry Nuken Shatter \u2013 Prateleira Superior - Melhores Melhores Medicamentos Globais","description":"Compre Blueberry Nuken Shatter UK, Europe Online no dispens\u00e1rio on-line n\u00ba 1 do Canad\u00e1, Best Global Weed Online Cannabis Dispensary.","robots":{"index":"index","follow":"follow","max-snippet":"max-snippet:-1","max-image-preview":"max-image-preview:large","max-video-preview":"max-video-preview:-1"},"canonical":"https:\/\/medicinasinc.com\/pt\/product\/comprar-blueberry-nuken-shatter-top-shelf\/","og_locale":"pt_PT","og_type":"article","og_title":"Compre Blueberry Nuken Shatter \u2013 Prateleira Superior - Melhores Melhores Medicamentos Globais","og_description":"Compre Blueberry Nuken Shatter UK, Europe Online no dispens\u00e1rio on-line n\u00ba 1 do Canad\u00e1, Best Global Weed Online Cannabis Dispensary.","og_url":"https:\/\/medicinasinc.com\/pt\/product\/comprar-blueberry-nuken-shatter-top-shelf\/","og_site_name":"Medicinas Inc","article_modified_time":"2022-07-05T23:42:10+00:00","og_image":[{"width":600,"height":600,"url":"https:\/\/medicinasinc.com\/pt\/wp-content\/uploads\/sites\/20\/2022\/02\/Buy-Blueberry-Nuken-Shatter.jpg","type":"image\/jpeg"}],"twitter_card":"summary_large_image","twitter_misc":{"Tempo estimado de leitura":"1 minuto"},"schema":{"@context":"https:\/\/schema.org","@graph":[{"@type":"WebPage","@id":"https:\/\/medicinasinc.com\/pt\/product\/comprar-blueberry-nuken-shatter-top-shelf\/","url":"https:\/\/medicinasinc.com\/pt\/product\/comprar-blueberry-nuken-shatter-top-shelf\/","name":"Compre Blueberry Nuken Shatter \u2013 Prateleira Superior - Melhores Melhores Medicamentos Globais","isPartOf":{"@id":"https:\/\/medicinasinc.com\/pt\/#website"},"primaryImageOfPage":{"@id":"https:\/\/medicinasinc.com\/pt\/product\/comprar-blueberry-nuken-shatter-top-shelf\/#primaryimage"},"image":{"@id":"https:\/\/medicinasinc.com\/pt\/product\/comprar-blueberry-nuken-shatter-top-shelf\/#primaryimage"},"thumbnailUrl":"https:\/\/medicinasinc.com\/pt\/wp-content\/uploads\/sites\/20\/2022\/02\/Buy-Blueberry-Nuken-Shatter.jpg","datePublished":"2022-02-20T17:08:15+00:00","dateModified":"2022-07-05T23:42:10+00:00","description":"Compre Blueberry Nuken Shatter UK, Europe Online no dispens\u00e1rio on-line n\u00ba 1 do Canad\u00e1, Best Global Weed Online Cannabis Dispensary.","breadcrumb":{"@id":"https:\/\/medicinasinc.com\/pt\/product\/comprar-blueberry-nuken-shatter-top-shelf\/#breadcrumb"},"inLanguage":"pt-PT","potentialAction":[{"@type":"ReadAction","target":["https:\/\/medicinasinc.com\/pt\/product\/comprar-blueberry-nuken-shatter-top-shelf\/"]}]},{"@type":"ImageObject","inLanguage":"pt-PT","@id":"https:\/\/medicinasinc.com\/pt\/product\/comprar-blueberry-nuken-shatter-top-shelf\/#primaryimage","url":"https:\/\/medicinasinc.com\/pt\/wp-content\/uploads\/sites\/20\/2022\/02\/Buy-Blueberry-Nuken-Shatter.jpg","contentUrl":"https:\/\/medicinasinc.com\/pt\/wp-content\/uploads\/sites\/20\/2022\/02\/Buy-Blueberry-Nuken-Shatter.jpg","width":600,"height":600},{"@type":"BreadcrumbList","@id":"https:\/\/medicinasinc.com\/pt\/product\/comprar-blueberry-nuken-shatter-top-shelf\/#breadcrumb","itemListElement":[{"@type":"ListItem","position":1,"name":"Comprar","item":"https:\/\/medicinasinc.com\/pt\/comprar\/"},{"@type":"ListItem","position":2,"name":"Compre Blueberry Nuken Shatter \u2013 prateleira superior"}]},{"@type":"WebSite","@id":"https:\/\/medicinasinc.com\/pt\/#website","url":"https:\/\/medicinasinc.com\/pt\/","name":"Medicinas Inc","description":"Health Medical Clinic","potentialAction":[{"@type":"SearchAction","target":{"@type":"EntryPoint","urlTemplate":"https:\/\/medicinasinc.com\/pt\/?s={search_term_string}"},"query-input":{"@type":"PropertyValueSpecification","valueRequired":true,"valueName":"search_term_string"}}],"inLanguage":"pt-PT"}]}},"_links":{"self":[{"href":"https:\/\/medicinasinc.com\/pt\/wp-json\/wp\/v2\/product\/4871","targetHints":{"allow":["GET"]}}],"collection":[{"href":"https:\/\/medicinasinc.com\/pt\/wp-json\/wp\/v2\/product"}],"about":[{"href":"https:\/\/medicinasinc.com\/pt\/wp-json\/wp\/v2\/types\/product"}],"replies":[{"embeddable":true,"href":"https:\/\/medicinasinc.com\/pt\/wp-json\/wp\/v2\/comments?post=4871"}],"wp:featuredmedia":[{"embeddable":true,"href":"https:\/\/medicinasinc.com\/pt\/wp-json\/wp\/v2\/media\/4885"}],"wp:attachment":[{"href":"https:\/\/medicinasinc.com\/pt\/wp-json\/wp\/v2\/media?parent=4871"}],"wp:term":[{"taxonomy":"product_brand","embeddable":true,"href":"https:\/\/medicinasinc.com\/pt\/wp-json\/wp\/v2\/product_brand?post=4871"},{"taxonomy":"product_cat","embeddable":true,"href":"https:\/\/medicinasinc.com\/pt\/wp-json\/wp\/v2\/product_cat?post=4871"},{"taxonomy":"product_tag","embeddable":true,"href":"https:\/\/medicinasinc.com\/pt\/wp-json\/wp\/v2\/product_tag?post=4871"}],"curies":[{"name":"wp","href":"https:\/\/api.w.org\/{rel}","templated":true}]}}