{"id":4861,"date":"2022-02-20T17:01:48","date_gmt":"2022-02-20T17:01:48","guid":{"rendered":"https:\/\/medicinasinc.com\/pt\/?post_type=product&#038;p=4861"},"modified":"2022-07-05T23:42:30","modified_gmt":"2022-07-05T23:42:30","slug":"comprar-lsd-100mcg-blotters","status":"publish","type":"product","link":"https:\/\/medicinasinc.com\/pt\/product\/comprar-lsd-100mcg-blotters\/","title":{"rendered":"Compre BLOTTERS LSD 100mcg"},"content":{"rendered":"<p>BLOTTERS LSD 100mcg podem ser adquiridos online.<\/p>\n<p>BLOTTERS LSD 100mcg podem ser adquiridos online. Tamb\u00e9m vendemos pastilhas de LSD. Para obter informa\u00e7\u00f5es adicionais sobre o LSD, visite esta p\u00e1gina.<\/p>\n<p>Compra online de papel de sal\/borr\u00e3o LSD (Lysergic Acid Dietylamide)<\/p>\n<p>&nbsp;<\/p>\n<p>LSD (Lysergic Acid Diethylamide), abreviado LSD ou LSD-25, \u00e9 uma droga psicod\u00e9lica semi-sint\u00e9tica da fam\u00edlia ergolina que \u00e9 bem conhecida por seus efeitos psicol\u00f3gicos. )<br \/> Produtos qu\u00edmicos &amp; P\u00f3s para pesquisa<br \/> Marca n\u00e3o propriet\u00e1ria<br \/> \u00c1cido, sais de banho, mata-borr\u00e3o, mata-borr\u00e3o, produtos qu\u00edmicos, hits, LSD, LSD-25, \u00e1cido lis\u00e9rgico, dietilamida do \u00e1cido lis\u00e9rgico, papel, produtos qu\u00edmicos de pesquisa e pap\u00e9is mata-borr\u00e3o, \u00e1cido lis\u00e9rgico, dietilamida do \u00e1cido lis\u00e9rgico, sal, folha<\/p>\n","protected":false},"excerpt":{"rendered":"<div class=\"woocommerce-product-details__short-description\">\n<p>Os BLOTTERS LSD 100mcg podem ser adquiridos online. Compre LSD 100mcg BLOTTERS em p\u00f3 com desconto | Onde comprar LSD 100mcg BLOTTERS em p\u00f3 online. Compra online de BLOTTERS de Dietilamida de \u00c1cido Lis\u00e9rgico &#8211; LSD BLOTTERS \u00e0 venda<\/p>\n<p>Vendedores online vendem sal\/blotter de LSD (Lysergic Acid Dietylamide).<br \/> O pre\u00e7o do produto \u00e9 o seguinte: por folha (papel de mata-borr\u00e3o)<\/p>\n<\/p><\/div>\n","protected":false},"featured_media":4876,"comment_status":"open","ping_status":"closed","template":"","meta":[],"product_brand":[],"product_cat":[703],"product_tag":[745,746,750,747,758,749,752,753,754,755,756,751,773,768,762,748,763,764,759,760,761,766,757,770,769,771,772,774,775,776,765,767],"class_list":{"0":"post-4861","1":"product","2":"type-product","3":"status-publish","4":"has-post-thumbnail","6":"product_cat-compre-drogas-psicodelicas","7":"product_tag-1p-lsd-buy-usa","8":"product_tag-1p-lsd-blotter-100-mcg","9":"product_tag-cido-mata-borro-para-venda","10":"product_tag-are-lsd","11":"product_tag-lsd-blotter-art-para-venda","12":"product_tag-blotter","13":"product_tag-buy-lsd-blotter-sheets","14":"product_tag-buy-lsd-blotters-legal-highs-online","15":"product_tag-buy-lysergic-acid-diethylamide-blotter-list","16":"product_tag-como-voc-pode-dizer-se-seu-blotter-lsd--real-ou-um-da-famlia-2c","17":"product_tag-como-voc-usa-uma-guia-lsd-blotter","18":"product_tag-compre-1-p-lsd","19":"product_tag-cido-lisrgico-dietilamida-para-venda","20":"product_tag-lsd-blotters-dose","21":"product_tag-lsd-blotter-sheet","22":"product_tag-arte-folhas-comestveis","23":"product_tag-lsd-blotter-sheets","24":"product_tag-lsd-blotter-shop","25":"product_tag-lsd-blotter-cost","26":"product_tag-lsd-blotter-hofmann","27":"product_tag-lsd-blotter-paper-acid","28":"product_tag-lsd-blotter-storage","29":"product_tag-lsd-andra-sa-c2-b6kte-a-c2-a4ven-eter","30":"product_tag-lsd-para-comprar","31":"product_tag-lsd-tabs-buy","32":"product_tag-lysergic-acid-diethylamide-blotterazzi","33":"product_tag-lysergic-acid-diethylamide-blottery","34":"product_tag-nomes-de-ruas-de-cido-lisrgico-dietilamida","35":"product_tag-onde-comprar-papel-mata-borro","36":"product_tag-por-que-lsd-blotter-tabs-have-designs-on-los","37":"product_tag-site-lsd-blotter","38":"product_tag-lsd-blotter-tab-tab","40":"first","41":"instock","42":"shipping-taxable","43":"purchasable","44":"product-type-variable","45":"has-default-attributes"},"yoast_head":"<!-- This site is optimized with the Yoast SEO plugin v27.3 - https:\/\/yoast.com\/product\/yoast-seo-wordpress\/ -->\n<title>Compre LSD 100mcg BLOTTERS - Best Best Global Meds<\/title>\n<meta name=\"description\" content=\"Compre LSD 100mcg blotters na Europa Reino Unido para venda 1-Propionyl-LSD (aka 1P-LSD Blotters) a um \u00f3timo pre\u00e7o. Clique no site para encomendar hoje!\" \/>\n<meta name=\"robots\" content=\"index, follow, max-snippet:-1, max-image-preview:large, max-video-preview:-1\" \/>\n<link rel=\"canonical\" href=\"https:\/\/medicinasinc.com\/pt\/product\/comprar-lsd-100mcg-blotters\/\" \/>\n<meta property=\"og:locale\" content=\"pt_PT\" \/>\n<meta property=\"og:type\" content=\"article\" \/>\n<meta property=\"og:title\" content=\"Compre LSD 100mcg BLOTTERS - Best Best Global Meds\" \/>\n<meta property=\"og:description\" content=\"Compre LSD 100mcg blotters na Europa Reino Unido para venda 1-Propionyl-LSD (aka 1P-LSD Blotters) a um \u00f3timo pre\u00e7o. Clique no site para encomendar hoje!\" \/>\n<meta property=\"og:url\" content=\"https:\/\/medicinasinc.com\/pt\/product\/comprar-lsd-100mcg-blotters\/\" \/>\n<meta property=\"og:site_name\" content=\"Medicinas Inc\" \/>\n<meta property=\"article:modified_time\" content=\"2022-07-05T23:42:30+00:00\" \/>\n<meta property=\"og:image\" content=\"https:\/\/medicinasinc.com\/pt\/wp-content\/uploads\/sites\/20\/2022\/02\/Buy-LSD-100mcg-blotters-1.jpg\" \/>\n\t<meta property=\"og:image:width\" content=\"960\" \/>\n\t<meta property=\"og:image:height\" content=\"720\" \/>\n\t<meta property=\"og:image:type\" content=\"image\/jpeg\" \/>\n<meta name=\"twitter:card\" content=\"summary_large_image\" \/>\n<meta name=\"twitter:label1\" content=\"Tempo estimado de leitura\" \/>\n\t<meta name=\"twitter:data1\" content=\"1 minuto\" \/>\n<script type=\"application\/ld+json\" class=\"yoast-schema-graph\">{\"@context\":\"https:\\\/\\\/schema.org\",\"@graph\":[{\"@type\":\"WebPage\",\"@id\":\"https:\\\/\\\/medicinasinc.com\\\/pt\\\/product\\\/comprar-lsd-100mcg-blotters\\\/\",\"url\":\"https:\\\/\\\/medicinasinc.com\\\/pt\\\/product\\\/comprar-lsd-100mcg-blotters\\\/\",\"name\":\"Compre LSD 100mcg BLOTTERS - Best Best Global Meds\",\"isPartOf\":{\"@id\":\"https:\\\/\\\/medicinasinc.com\\\/pt\\\/#website\"},\"primaryImageOfPage\":{\"@id\":\"https:\\\/\\\/medicinasinc.com\\\/pt\\\/product\\\/comprar-lsd-100mcg-blotters\\\/#primaryimage\"},\"image\":{\"@id\":\"https:\\\/\\\/medicinasinc.com\\\/pt\\\/product\\\/comprar-lsd-100mcg-blotters\\\/#primaryimage\"},\"thumbnailUrl\":\"https:\\\/\\\/medicinasinc.com\\\/pt\\\/wp-content\\\/uploads\\\/sites\\\/20\\\/2022\\\/02\\\/Buy-LSD-100mcg-blotters-1.jpg\",\"datePublished\":\"2022-02-20T17:01:48+00:00\",\"dateModified\":\"2022-07-05T23:42:30+00:00\",\"description\":\"Compre LSD 100mcg blotters na Europa Reino Unido para venda 1-Propionyl-LSD (aka 1P-LSD Blotters) a um \u00f3timo pre\u00e7o. Clique no site para encomendar hoje!\",\"breadcrumb\":{\"@id\":\"https:\\\/\\\/medicinasinc.com\\\/pt\\\/product\\\/comprar-lsd-100mcg-blotters\\\/#breadcrumb\"},\"inLanguage\":\"pt-PT\",\"potentialAction\":[{\"@type\":\"ReadAction\",\"target\":[\"https:\\\/\\\/medicinasinc.com\\\/pt\\\/product\\\/comprar-lsd-100mcg-blotters\\\/\"]}]},{\"@type\":\"ImageObject\",\"inLanguage\":\"pt-PT\",\"@id\":\"https:\\\/\\\/medicinasinc.com\\\/pt\\\/product\\\/comprar-lsd-100mcg-blotters\\\/#primaryimage\",\"url\":\"https:\\\/\\\/medicinasinc.com\\\/pt\\\/wp-content\\\/uploads\\\/sites\\\/20\\\/2022\\\/02\\\/Buy-LSD-100mcg-blotters-1.jpg\",\"contentUrl\":\"https:\\\/\\\/medicinasinc.com\\\/pt\\\/wp-content\\\/uploads\\\/sites\\\/20\\\/2022\\\/02\\\/Buy-LSD-100mcg-blotters-1.jpg\",\"width\":960,\"height\":720},{\"@type\":\"BreadcrumbList\",\"@id\":\"https:\\\/\\\/medicinasinc.com\\\/pt\\\/product\\\/comprar-lsd-100mcg-blotters\\\/#breadcrumb\",\"itemListElement\":[{\"@type\":\"ListItem\",\"position\":1,\"name\":\"Comprar\",\"item\":\"https:\\\/\\\/medicinasinc.com\\\/pt\\\/comprar\\\/\"},{\"@type\":\"ListItem\",\"position\":2,\"name\":\"Compre BLOTTERS LSD 100mcg\"}]},{\"@type\":\"WebSite\",\"@id\":\"https:\\\/\\\/medicinasinc.com\\\/pt\\\/#website\",\"url\":\"https:\\\/\\\/medicinasinc.com\\\/pt\\\/\",\"name\":\"Medicinas Inc\",\"description\":\"Health Medical Clinic\",\"potentialAction\":[{\"@type\":\"SearchAction\",\"target\":{\"@type\":\"EntryPoint\",\"urlTemplate\":\"https:\\\/\\\/medicinasinc.com\\\/pt\\\/?s={search_term_string}\"},\"query-input\":{\"@type\":\"PropertyValueSpecification\",\"valueRequired\":true,\"valueName\":\"search_term_string\"}}],\"inLanguage\":\"pt-PT\"}]}<\/script>\n<!-- \/ Yoast SEO plugin. -->","yoast_head_json":{"title":"Compre LSD 100mcg BLOTTERS - Best Best Global Meds","description":"Compre LSD 100mcg blotters na Europa Reino Unido para venda 1-Propionyl-LSD (aka 1P-LSD Blotters) a um \u00f3timo pre\u00e7o. Clique no site para encomendar hoje!","robots":{"index":"index","follow":"follow","max-snippet":"max-snippet:-1","max-image-preview":"max-image-preview:large","max-video-preview":"max-video-preview:-1"},"canonical":"https:\/\/medicinasinc.com\/pt\/product\/comprar-lsd-100mcg-blotters\/","og_locale":"pt_PT","og_type":"article","og_title":"Compre LSD 100mcg BLOTTERS - Best Best Global Meds","og_description":"Compre LSD 100mcg blotters na Europa Reino Unido para venda 1-Propionyl-LSD (aka 1P-LSD Blotters) a um \u00f3timo pre\u00e7o. Clique no site para encomendar hoje!","og_url":"https:\/\/medicinasinc.com\/pt\/product\/comprar-lsd-100mcg-blotters\/","og_site_name":"Medicinas Inc","article_modified_time":"2022-07-05T23:42:30+00:00","og_image":[{"width":960,"height":720,"url":"https:\/\/medicinasinc.com\/pt\/wp-content\/uploads\/sites\/20\/2022\/02\/Buy-LSD-100mcg-blotters-1.jpg","type":"image\/jpeg"}],"twitter_card":"summary_large_image","twitter_misc":{"Tempo estimado de leitura":"1 minuto"},"schema":{"@context":"https:\/\/schema.org","@graph":[{"@type":"WebPage","@id":"https:\/\/medicinasinc.com\/pt\/product\/comprar-lsd-100mcg-blotters\/","url":"https:\/\/medicinasinc.com\/pt\/product\/comprar-lsd-100mcg-blotters\/","name":"Compre LSD 100mcg BLOTTERS - Best Best Global Meds","isPartOf":{"@id":"https:\/\/medicinasinc.com\/pt\/#website"},"primaryImageOfPage":{"@id":"https:\/\/medicinasinc.com\/pt\/product\/comprar-lsd-100mcg-blotters\/#primaryimage"},"image":{"@id":"https:\/\/medicinasinc.com\/pt\/product\/comprar-lsd-100mcg-blotters\/#primaryimage"},"thumbnailUrl":"https:\/\/medicinasinc.com\/pt\/wp-content\/uploads\/sites\/20\/2022\/02\/Buy-LSD-100mcg-blotters-1.jpg","datePublished":"2022-02-20T17:01:48+00:00","dateModified":"2022-07-05T23:42:30+00:00","description":"Compre LSD 100mcg blotters na Europa Reino Unido para venda 1-Propionyl-LSD (aka 1P-LSD Blotters) a um \u00f3timo pre\u00e7o. Clique no site para encomendar hoje!","breadcrumb":{"@id":"https:\/\/medicinasinc.com\/pt\/product\/comprar-lsd-100mcg-blotters\/#breadcrumb"},"inLanguage":"pt-PT","potentialAction":[{"@type":"ReadAction","target":["https:\/\/medicinasinc.com\/pt\/product\/comprar-lsd-100mcg-blotters\/"]}]},{"@type":"ImageObject","inLanguage":"pt-PT","@id":"https:\/\/medicinasinc.com\/pt\/product\/comprar-lsd-100mcg-blotters\/#primaryimage","url":"https:\/\/medicinasinc.com\/pt\/wp-content\/uploads\/sites\/20\/2022\/02\/Buy-LSD-100mcg-blotters-1.jpg","contentUrl":"https:\/\/medicinasinc.com\/pt\/wp-content\/uploads\/sites\/20\/2022\/02\/Buy-LSD-100mcg-blotters-1.jpg","width":960,"height":720},{"@type":"BreadcrumbList","@id":"https:\/\/medicinasinc.com\/pt\/product\/comprar-lsd-100mcg-blotters\/#breadcrumb","itemListElement":[{"@type":"ListItem","position":1,"name":"Comprar","item":"https:\/\/medicinasinc.com\/pt\/comprar\/"},{"@type":"ListItem","position":2,"name":"Compre BLOTTERS LSD 100mcg"}]},{"@type":"WebSite","@id":"https:\/\/medicinasinc.com\/pt\/#website","url":"https:\/\/medicinasinc.com\/pt\/","name":"Medicinas Inc","description":"Health Medical Clinic","potentialAction":[{"@type":"SearchAction","target":{"@type":"EntryPoint","urlTemplate":"https:\/\/medicinasinc.com\/pt\/?s={search_term_string}"},"query-input":{"@type":"PropertyValueSpecification","valueRequired":true,"valueName":"search_term_string"}}],"inLanguage":"pt-PT"}]}},"_links":{"self":[{"href":"https:\/\/medicinasinc.com\/pt\/wp-json\/wp\/v2\/product\/4861","targetHints":{"allow":["GET"]}}],"collection":[{"href":"https:\/\/medicinasinc.com\/pt\/wp-json\/wp\/v2\/product"}],"about":[{"href":"https:\/\/medicinasinc.com\/pt\/wp-json\/wp\/v2\/types\/product"}],"replies":[{"embeddable":true,"href":"https:\/\/medicinasinc.com\/pt\/wp-json\/wp\/v2\/comments?post=4861"}],"wp:featuredmedia":[{"embeddable":true,"href":"https:\/\/medicinasinc.com\/pt\/wp-json\/wp\/v2\/media\/4876"}],"wp:attachment":[{"href":"https:\/\/medicinasinc.com\/pt\/wp-json\/wp\/v2\/media?parent=4861"}],"wp:term":[{"taxonomy":"product_brand","embeddable":true,"href":"https:\/\/medicinasinc.com\/pt\/wp-json\/wp\/v2\/product_brand?post=4861"},{"taxonomy":"product_cat","embeddable":true,"href":"https:\/\/medicinasinc.com\/pt\/wp-json\/wp\/v2\/product_cat?post=4861"},{"taxonomy":"product_tag","embeddable":true,"href":"https:\/\/medicinasinc.com\/pt\/wp-json\/wp\/v2\/product_tag?post=4861"}],"curies":[{"name":"wp","href":"https:\/\/api.w.org\/{rel}","templated":true}]}}