{"id":4859,"date":"2022-02-20T17:00:55","date_gmt":"2022-02-20T17:00:55","guid":{"rendered":"https:\/\/medicinasinc.com\/pt\/?post_type=product&#038;p=4859"},"modified":"2022-07-05T23:42:43","modified_gmt":"2022-07-05T23:42:43","slug":"compre-qualidade-al-lad-blotters","status":"publish","type":"product","link":"https:\/\/medicinasinc.com\/pt\/product\/compre-qualidade-al-lad-blotters\/","title":{"rendered":"Compre mata-borr\u00f5es AL-LAD de qualidade"},"content":{"rendered":"<p>Compre online mata-borr\u00f5es AL-LAD baratos. 150mcg AL-LAD blotters.<\/p>\n<p>O que exatamente \u00e9 AL-LAD?<\/p>\n<p>6-allyl-6-nor-<\/p>\n<p>AL-LAD, mais comumente referido como o LSD, \u00e9 uma droga psicod\u00e9lica com propriedades semelhantes ao LSD (dietilamida do \u00e1cido lis\u00e9rgico). Foi sintetizado pela primeira vez em 1976 e, desde ent\u00e3o, tornou-se uma droga popular no mercado de &#8220;produtos qu\u00edmicos de pesquisa&#8221; e &#8220;novas subst\u00e2ncias psicoativas&#8221;. AL-LAD produz uma &#8220;viagem&#8221; psicoativa que \u00e9 muito semelhante \u00e0 do LSD.<\/p>\n<p>AL-LAD foi usado pela primeira vez recreativamente na Irlanda e no Reino Unido. Foi apresentado no livro de 1997 de Alexander Shulgin, TIHKAL (Triptaminas que conheci e amei). Como resultado, a popularidade da droga se espalhou globalmente. Agora, pessoas de todo o mundo, incluindo os Estados Unidos, est\u00e3o experimentando a droga.<\/p>\n<p>O status legal do AL-LAD \u00e9 um tanto amb\u00edguo. N\u00e3o \u00e9 classificado como subst\u00e2ncia controlada sob a lei federal dos Estados Unidos. No entanto, \u00e9 um an\u00e1logo do LSD, o que significa que a venda ou posse com a inten\u00e7\u00e3o de distribuir pode resultar em processo sob a Lei Federal Anal\u00f3gica.<\/p>\n<p>Viagens AL-LAD se assemelham a viagens de LSD na maioria das maneiras. A droga \u00e9 tomada por via oral, frequentemente atrav\u00e9s de pap\u00e9is mata-borr\u00e3o. Como resultado, os efeitos come\u00e7am a se manifestar de vinte minutos a uma hora ap\u00f3s o consumo. Os usu\u00e1rios encontrar\u00e3o o seguinte:<\/p>\n<p>Estimula\u00e7\u00e3o ou aumento de energia<br \/> Euforia<br \/> Formigamento ou dorm\u00eancia nas extremidades<br \/> Sensibiliza\u00e7\u00e3o<br \/> Desorienta\u00e7\u00e3o visual<br \/> Alucina\u00e7\u00f5es<\/p>\n<p>Entre os poss\u00edveis efeitos adversos do uso de AL-LAD est\u00e3o os seguintes:<br \/> Dificuldade de concentra\u00e7\u00e3o ou pensamento<br \/> Aumento da frequ\u00eancia card\u00edaca<br \/> Flutua\u00e7\u00f5es de temperatura no corpo<br \/> N\u00e1usea<br \/> \/&gt; Del\u00edrios<br \/> La\u00e7os de pensamento negativo<br \/> Constri\u00e7\u00e3o dos vasos (aperto dos vasos sangu\u00edneos)<br \/> Convuls\u00f5es<\/p>\n<p>LSD \u00e9 uma das subst\u00e2ncias psicod\u00e9licas mais amplamente pesquisadas. Apesar do r\u00f3tulo &#8216;droga de pesquisa&#8217;, muito pouca pesquisa cient\u00edfica real foi conduzida em AL-LAD. Isso significa que a lista de consequ\u00eancias imediatas pode n\u00e3o ser exaustiva. Al\u00e9m disso, h\u00e1 pouca ou nenhuma pesquisa sobre os efeitos a longo prazo da droga.<\/p>\n<p>O abuso prolongado de alucin\u00f3genos pode ter uma variedade de consequ\u00eancias negativas. HPPD \u00e9 uma condi\u00e7\u00e3o na qual uma pessoa experimenta flashbacks espont\u00e2neos de distor\u00e7\u00f5es visuais ou alucina\u00e7\u00f5es. Esse dist\u00farbio cr\u00f4nico foi observado em indiv\u00edduos que usaram uma variedade de subst\u00e2ncias alucin\u00f3genas, incluindo LSD, cogumelos e DMT.<\/p>\n","protected":false},"excerpt":{"rendered":"<p>Compre mata-borr\u00f5es AL-LAD Barato para venda no Reino Unido, Europa Online. 6-alil-6-nor-LSD \u00e9 uma lisergamida psicod\u00e9lica tamb\u00e9m conhecida como AL LAD (dietilamida do \u00e1cido lis\u00e9rgico). 150mcg AL-LAD blotters.<\/p>\n<p>O pedido m\u00ednimo \u00e9 de 15 blotters.<\/p>\n","protected":false},"featured_media":4874,"comment_status":"open","ping_status":"closed","template":"","meta":[],"product_brand":[],"product_cat":[703],"product_tag":[],"class_list":{"0":"post-4859","1":"product","2":"type-product","3":"status-publish","4":"has-post-thumbnail","6":"product_cat-compre-drogas-psicodelicas","8":"first","9":"instock","10":"shipping-taxable","11":"purchasable","12":"product-type-variable","13":"has-default-attributes"},"yoast_head":"<!-- This site is optimized with the Yoast SEO plugin v27.3 - https:\/\/yoast.com\/product\/yoast-seo-wordpress\/ -->\n<title>Compre mata-borr\u00e3o AL-LAD de qualidade - Best Best Global Meds<\/title>\n<meta name=\"description\" content=\"Compre mata-borr\u00e3o AL-LAD Barato para venda no Reino Unido, Europa Online. 6-alil-6-nor-LSD \u00e9 uma lisergamida psicod\u00e9lica tamb\u00e9m conhecida como AL LAD (dietilamida do \u00e1cido lis\u00e9rgico). 150mcg AL-LAD mata-borr\u00e3o.\" \/>\n<meta name=\"robots\" content=\"index, follow, max-snippet:-1, max-image-preview:large, max-video-preview:-1\" \/>\n<link rel=\"canonical\" href=\"https:\/\/medicinasinc.com\/pt\/product\/compre-qualidade-al-lad-blotters\/\" \/>\n<meta property=\"og:locale\" content=\"pt_PT\" \/>\n<meta property=\"og:type\" content=\"article\" \/>\n<meta property=\"og:title\" content=\"Compre mata-borr\u00e3o AL-LAD de qualidade - Best Best Global Meds\" \/>\n<meta property=\"og:description\" content=\"Compre mata-borr\u00e3o AL-LAD Barato para venda no Reino Unido, Europa Online. 6-alil-6-nor-LSD \u00e9 uma lisergamida psicod\u00e9lica tamb\u00e9m conhecida como AL LAD (dietilamida do \u00e1cido lis\u00e9rgico). 150mcg AL-LAD mata-borr\u00e3o.\" \/>\n<meta property=\"og:url\" content=\"https:\/\/medicinasinc.com\/pt\/product\/compre-qualidade-al-lad-blotters\/\" \/>\n<meta property=\"og:site_name\" content=\"Medicinas Inc\" \/>\n<meta property=\"article:modified_time\" content=\"2022-07-05T23:42:43+00:00\" \/>\n<meta property=\"og:image\" content=\"https:\/\/medicinasinc.com\/pt\/wp-content\/uploads\/sites\/20\/2022\/02\/Buy-Quality-AL-LAD-blotters.jpg\" \/>\n\t<meta property=\"og:image:width\" content=\"225\" \/>\n\t<meta property=\"og:image:height\" content=\"225\" \/>\n\t<meta property=\"og:image:type\" content=\"image\/jpeg\" \/>\n<meta name=\"twitter:card\" content=\"summary_large_image\" \/>\n<meta name=\"twitter:label1\" content=\"Tempo estimado de leitura\" \/>\n\t<meta name=\"twitter:data1\" content=\"2 minutos\" \/>\n<script type=\"application\/ld+json\" class=\"yoast-schema-graph\">{\"@context\":\"https:\\\/\\\/schema.org\",\"@graph\":[{\"@type\":\"WebPage\",\"@id\":\"https:\\\/\\\/medicinasinc.com\\\/pt\\\/product\\\/compre-qualidade-al-lad-blotters\\\/\",\"url\":\"https:\\\/\\\/medicinasinc.com\\\/pt\\\/product\\\/compre-qualidade-al-lad-blotters\\\/\",\"name\":\"Compre mata-borr\u00e3o AL-LAD de qualidade - Best Best Global Meds\",\"isPartOf\":{\"@id\":\"https:\\\/\\\/medicinasinc.com\\\/pt\\\/#website\"},\"primaryImageOfPage\":{\"@id\":\"https:\\\/\\\/medicinasinc.com\\\/pt\\\/product\\\/compre-qualidade-al-lad-blotters\\\/#primaryimage\"},\"image\":{\"@id\":\"https:\\\/\\\/medicinasinc.com\\\/pt\\\/product\\\/compre-qualidade-al-lad-blotters\\\/#primaryimage\"},\"thumbnailUrl\":\"https:\\\/\\\/medicinasinc.com\\\/pt\\\/wp-content\\\/uploads\\\/sites\\\/20\\\/2022\\\/02\\\/Buy-Quality-AL-LAD-blotters.jpg\",\"datePublished\":\"2022-02-20T17:00:55+00:00\",\"dateModified\":\"2022-07-05T23:42:43+00:00\",\"description\":\"Compre mata-borr\u00e3o AL-LAD Barato para venda no Reino Unido, Europa Online. 6-alil-6-nor-LSD \u00e9 uma lisergamida psicod\u00e9lica tamb\u00e9m conhecida como AL LAD (dietilamida do \u00e1cido lis\u00e9rgico). 150mcg AL-LAD mata-borr\u00e3o.\",\"breadcrumb\":{\"@id\":\"https:\\\/\\\/medicinasinc.com\\\/pt\\\/product\\\/compre-qualidade-al-lad-blotters\\\/#breadcrumb\"},\"inLanguage\":\"pt-PT\",\"potentialAction\":[{\"@type\":\"ReadAction\",\"target\":[\"https:\\\/\\\/medicinasinc.com\\\/pt\\\/product\\\/compre-qualidade-al-lad-blotters\\\/\"]}]},{\"@type\":\"ImageObject\",\"inLanguage\":\"pt-PT\",\"@id\":\"https:\\\/\\\/medicinasinc.com\\\/pt\\\/product\\\/compre-qualidade-al-lad-blotters\\\/#primaryimage\",\"url\":\"https:\\\/\\\/medicinasinc.com\\\/pt\\\/wp-content\\\/uploads\\\/sites\\\/20\\\/2022\\\/02\\\/Buy-Quality-AL-LAD-blotters.jpg\",\"contentUrl\":\"https:\\\/\\\/medicinasinc.com\\\/pt\\\/wp-content\\\/uploads\\\/sites\\\/20\\\/2022\\\/02\\\/Buy-Quality-AL-LAD-blotters.jpg\",\"width\":225,\"height\":225},{\"@type\":\"BreadcrumbList\",\"@id\":\"https:\\\/\\\/medicinasinc.com\\\/pt\\\/product\\\/compre-qualidade-al-lad-blotters\\\/#breadcrumb\",\"itemListElement\":[{\"@type\":\"ListItem\",\"position\":1,\"name\":\"Comprar\",\"item\":\"https:\\\/\\\/medicinasinc.com\\\/pt\\\/comprar\\\/\"},{\"@type\":\"ListItem\",\"position\":2,\"name\":\"Compre mata-borr\u00f5es AL-LAD de qualidade\"}]},{\"@type\":\"WebSite\",\"@id\":\"https:\\\/\\\/medicinasinc.com\\\/pt\\\/#website\",\"url\":\"https:\\\/\\\/medicinasinc.com\\\/pt\\\/\",\"name\":\"Medicinas Inc\",\"description\":\"Health Medical Clinic\",\"potentialAction\":[{\"@type\":\"SearchAction\",\"target\":{\"@type\":\"EntryPoint\",\"urlTemplate\":\"https:\\\/\\\/medicinasinc.com\\\/pt\\\/?s={search_term_string}\"},\"query-input\":{\"@type\":\"PropertyValueSpecification\",\"valueRequired\":true,\"valueName\":\"search_term_string\"}}],\"inLanguage\":\"pt-PT\"}]}<\/script>\n<!-- \/ Yoast SEO plugin. -->","yoast_head_json":{"title":"Compre mata-borr\u00e3o AL-LAD de qualidade - Best Best Global Meds","description":"Compre mata-borr\u00e3o AL-LAD Barato para venda no Reino Unido, Europa Online. 6-alil-6-nor-LSD \u00e9 uma lisergamida psicod\u00e9lica tamb\u00e9m conhecida como AL LAD (dietilamida do \u00e1cido lis\u00e9rgico). 150mcg AL-LAD mata-borr\u00e3o.","robots":{"index":"index","follow":"follow","max-snippet":"max-snippet:-1","max-image-preview":"max-image-preview:large","max-video-preview":"max-video-preview:-1"},"canonical":"https:\/\/medicinasinc.com\/pt\/product\/compre-qualidade-al-lad-blotters\/","og_locale":"pt_PT","og_type":"article","og_title":"Compre mata-borr\u00e3o AL-LAD de qualidade - Best Best Global Meds","og_description":"Compre mata-borr\u00e3o AL-LAD Barato para venda no Reino Unido, Europa Online. 6-alil-6-nor-LSD \u00e9 uma lisergamida psicod\u00e9lica tamb\u00e9m conhecida como AL LAD (dietilamida do \u00e1cido lis\u00e9rgico). 150mcg AL-LAD mata-borr\u00e3o.","og_url":"https:\/\/medicinasinc.com\/pt\/product\/compre-qualidade-al-lad-blotters\/","og_site_name":"Medicinas Inc","article_modified_time":"2022-07-05T23:42:43+00:00","og_image":[{"width":225,"height":225,"url":"https:\/\/medicinasinc.com\/pt\/wp-content\/uploads\/sites\/20\/2022\/02\/Buy-Quality-AL-LAD-blotters.jpg","type":"image\/jpeg"}],"twitter_card":"summary_large_image","twitter_misc":{"Tempo estimado de leitura":"2 minutos"},"schema":{"@context":"https:\/\/schema.org","@graph":[{"@type":"WebPage","@id":"https:\/\/medicinasinc.com\/pt\/product\/compre-qualidade-al-lad-blotters\/","url":"https:\/\/medicinasinc.com\/pt\/product\/compre-qualidade-al-lad-blotters\/","name":"Compre mata-borr\u00e3o AL-LAD de qualidade - Best Best Global Meds","isPartOf":{"@id":"https:\/\/medicinasinc.com\/pt\/#website"},"primaryImageOfPage":{"@id":"https:\/\/medicinasinc.com\/pt\/product\/compre-qualidade-al-lad-blotters\/#primaryimage"},"image":{"@id":"https:\/\/medicinasinc.com\/pt\/product\/compre-qualidade-al-lad-blotters\/#primaryimage"},"thumbnailUrl":"https:\/\/medicinasinc.com\/pt\/wp-content\/uploads\/sites\/20\/2022\/02\/Buy-Quality-AL-LAD-blotters.jpg","datePublished":"2022-02-20T17:00:55+00:00","dateModified":"2022-07-05T23:42:43+00:00","description":"Compre mata-borr\u00e3o AL-LAD Barato para venda no Reino Unido, Europa Online. 6-alil-6-nor-LSD \u00e9 uma lisergamida psicod\u00e9lica tamb\u00e9m conhecida como AL LAD (dietilamida do \u00e1cido lis\u00e9rgico). 150mcg AL-LAD mata-borr\u00e3o.","breadcrumb":{"@id":"https:\/\/medicinasinc.com\/pt\/product\/compre-qualidade-al-lad-blotters\/#breadcrumb"},"inLanguage":"pt-PT","potentialAction":[{"@type":"ReadAction","target":["https:\/\/medicinasinc.com\/pt\/product\/compre-qualidade-al-lad-blotters\/"]}]},{"@type":"ImageObject","inLanguage":"pt-PT","@id":"https:\/\/medicinasinc.com\/pt\/product\/compre-qualidade-al-lad-blotters\/#primaryimage","url":"https:\/\/medicinasinc.com\/pt\/wp-content\/uploads\/sites\/20\/2022\/02\/Buy-Quality-AL-LAD-blotters.jpg","contentUrl":"https:\/\/medicinasinc.com\/pt\/wp-content\/uploads\/sites\/20\/2022\/02\/Buy-Quality-AL-LAD-blotters.jpg","width":225,"height":225},{"@type":"BreadcrumbList","@id":"https:\/\/medicinasinc.com\/pt\/product\/compre-qualidade-al-lad-blotters\/#breadcrumb","itemListElement":[{"@type":"ListItem","position":1,"name":"Comprar","item":"https:\/\/medicinasinc.com\/pt\/comprar\/"},{"@type":"ListItem","position":2,"name":"Compre mata-borr\u00f5es AL-LAD de qualidade"}]},{"@type":"WebSite","@id":"https:\/\/medicinasinc.com\/pt\/#website","url":"https:\/\/medicinasinc.com\/pt\/","name":"Medicinas Inc","description":"Health Medical Clinic","potentialAction":[{"@type":"SearchAction","target":{"@type":"EntryPoint","urlTemplate":"https:\/\/medicinasinc.com\/pt\/?s={search_term_string}"},"query-input":{"@type":"PropertyValueSpecification","valueRequired":true,"valueName":"search_term_string"}}],"inLanguage":"pt-PT"}]}},"_links":{"self":[{"href":"https:\/\/medicinasinc.com\/pt\/wp-json\/wp\/v2\/product\/4859","targetHints":{"allow":["GET"]}}],"collection":[{"href":"https:\/\/medicinasinc.com\/pt\/wp-json\/wp\/v2\/product"}],"about":[{"href":"https:\/\/medicinasinc.com\/pt\/wp-json\/wp\/v2\/types\/product"}],"replies":[{"embeddable":true,"href":"https:\/\/medicinasinc.com\/pt\/wp-json\/wp\/v2\/comments?post=4859"}],"wp:featuredmedia":[{"embeddable":true,"href":"https:\/\/medicinasinc.com\/pt\/wp-json\/wp\/v2\/media\/4874"}],"wp:attachment":[{"href":"https:\/\/medicinasinc.com\/pt\/wp-json\/wp\/v2\/media?parent=4859"}],"wp:term":[{"taxonomy":"product_brand","embeddable":true,"href":"https:\/\/medicinasinc.com\/pt\/wp-json\/wp\/v2\/product_brand?post=4859"},{"taxonomy":"product_cat","embeddable":true,"href":"https:\/\/medicinasinc.com\/pt\/wp-json\/wp\/v2\/product_cat?post=4859"},{"taxonomy":"product_tag","embeddable":true,"href":"https:\/\/medicinasinc.com\/pt\/wp-json\/wp\/v2\/product_tag?post=4859"}],"curies":[{"name":"wp","href":"https:\/\/api.w.org\/{rel}","templated":true}]}}