{"id":4854,"date":"2022-02-20T16:56:44","date_gmt":"2022-02-20T16:56:44","guid":{"rendered":"https:\/\/medicinasinc.com\/pt\/?post_type=product&#038;p=4854"},"modified":"2022-07-05T23:42:55","modified_gmt":"2022-07-05T23:42:55","slug":"buy-lsd-liquid-200ug-drop","status":"publish","type":"product","link":"https:\/\/medicinasinc.com\/pt\/product\/buy-lsd-liquid-200ug-drop\/","title":{"rendered":"Compre LSD l\u00edquido 200ug Drop"},"content":{"rendered":"<p>Compre LSD l\u00edquido 200ug &amp; baixe online com desconto.<\/p>\n<p>O que \u00e9 LSD L\u00edquido?<\/p>\n<p>LSD, ou dietilamida do \u00e1cido lis\u00e9rgico, \u00e9 uma subst\u00e2ncia alucin\u00f3gena derivada de um produto qu\u00edmico encontrado no fungo do centeio. \u00c9 mais conhecido por seu uso na contracultura dos anos 1960, e sua proibi\u00e7\u00e3o subsequente lhe rendeu uma reputa\u00e7\u00e3o predominantemente negativa.<\/p>\n<p>Albert Hofmann, um cientista su\u00ed\u00e7o, sintetizou o LSD em 1938 em seu laborat\u00f3rio em Zurique. Em 1943, quando uma pequena quantidade entrou em contato com sua pele, ele inesperadamente descobriu suas propriedades alucin\u00f3genas.<\/p>\n<p>Compre LSD O LSD \u00e9 um alucin\u00f3geno altamente potente com enormes implica\u00e7\u00f5es terap\u00eauticas, espirituais e culturais.<\/p>\n<p>Compre LSD l\u00edquido 200ug &amp; drop online a um pre\u00e7o com desconto \u2013 Farmacologia<\/p>\n<p>Quando ingerido, o LSD atua como um ativador do receptor 5-HT (serotonina), ao mesmo tempo em que aumenta significativamente os n\u00edveis de serotonina no c\u00e9rebro, inibindo os sistemas reguladores da serotonina. Compre LSD l\u00edquido 200ug &amp; cair on-line a um pre\u00e7o com desconto. 200ug l\u00edquido LSD pre\u00e7o LSD LSD prefere o subtipo 2A dos 15 receptores de serotonina encontrados no c\u00e9rebro (5-HT2A). O receptor 5-HT2A est\u00e1 envolvido nos processos cognitivos do c\u00f3rtex pr\u00e9-frontal. Isso \u00e9 fundamental, pois muitos dos benef\u00edcios do LSD s\u00e3o derivados de seu envolvimento no c\u00f3rtex pr\u00e9-frontal.<\/p>\n<p>Como o LSD \u00e9 sintetizado?<\/p>\n<p>A produ\u00e7\u00e3o de LSD requer um forte conhecimento pr\u00e1tico de qu\u00edmica org\u00e2nica, um laborat\u00f3rio totalmente equipado (incluindo a capacidade de esterilizar equipamentos e acesso a uma sala escura), e v\u00e1rios produtos qu\u00edmicos que s\u00e3o atualmente proibidos de venda ou est\u00e3o sujeitos a monitoramento rigoroso pela Drug Enforcement Agency (DEA). Ao contr\u00e1rio dos produtos qu\u00edmicos usados \u200b\u200bpara fazer metanfetaminas, eles n\u00e3o s\u00e3o encontrados em itens dom\u00e9sticos comumente usados.<\/p>\n<p>Acredita-se que o c\u00f3rtex pr\u00e9-frontal esteja envolvido no planejamento do comportamento cognitivo complexo, express\u00e3o da personalidade, tomada de decis\u00f5es e modera\u00e7\u00e3o do comportamento social . Compre LSD l\u00edquido 200ug &amp; cair on-line a um pre\u00e7o com desconto. Al\u00e9m disso, \u00e9 fundamental para a capacidade de um humano processar dados de todos os outros sistemas cerebrais e, como resultado, tomar decis\u00f5es direcionadas a objetivos.<\/p>\n<p>A dietilamida do \u00e1cido lis\u00e9rgico, mais comumente chamada de LSD, \u00e9 uma subst\u00e2ncia psicoativa que altera a percep\u00e7\u00e3o e causa alucina\u00e7\u00f5es.<\/p>\n","protected":false},"excerpt":{"rendered":"<p>LSD Liquid 200ug \u00e0 venda no Reino Unido, Europa ao melhor pre\u00e7o de mercado. Todos os nossos produtos s\u00e3o feitos com ingredientes totalmente naturais e livres de THC. Fa\u00e7a seu pedido on-line agora!<\/p>\n<p>Compre lsd l\u00edquido 200ug &amp; cair on-line a um pre\u00e7o com desconto. Comprar LSD \u00e9 um processo simples; est\u00e1 prontamente dispon\u00edvel on-line nos Estados Unidos da Am\u00e9rica.<\/p>\n<p>200ug custa &#8211; 350<\/p>\n<p>&nbsp;<\/p>\n<p>&nbsp;<\/p>\n","protected":false},"featured_media":4868,"comment_status":"open","ping_status":"closed","template":"","meta":[],"product_brand":[],"product_cat":[703],"product_tag":[],"class_list":{"0":"post-4854","1":"product","2":"type-product","3":"status-publish","4":"has-post-thumbnail","6":"product_cat-compre-drogas-psicodelicas","8":"first","9":"instock","10":"shipping-taxable","11":"purchasable","12":"product-type-simple"},"yoast_head":"<!-- This site is optimized with the Yoast SEO plugin v27.3 - https:\/\/yoast.com\/product\/yoast-seo-wordpress\/ -->\n<title>Compre LSD l\u00edquido 200ug Drop - Best Best Global Meds<\/title>\n<meta name=\"description\" content=\"Compre LSD Liquid 200ug drop no Reino Unido, Europa para venda ao melhor pre\u00e7o de mercado. Todos os nossos produtos s\u00e3o feitos com ingredientes naturais puros e livres de THC. Pe\u00e7a online agora!\" \/>\n<meta name=\"robots\" content=\"index, follow, max-snippet:-1, max-image-preview:large, max-video-preview:-1\" \/>\n<link rel=\"canonical\" href=\"https:\/\/medicinasinc.com\/pt\/product\/buy-lsd-liquid-200ug-drop\/\" \/>\n<meta property=\"og:locale\" content=\"pt_PT\" \/>\n<meta property=\"og:type\" content=\"article\" \/>\n<meta property=\"og:title\" content=\"Compre LSD l\u00edquido 200ug Drop - Best Best Global Meds\" \/>\n<meta property=\"og:description\" content=\"Compre LSD Liquid 200ug drop no Reino Unido, Europa para venda ao melhor pre\u00e7o de mercado. Todos os nossos produtos s\u00e3o feitos com ingredientes naturais puros e livres de THC. Pe\u00e7a online agora!\" \/>\n<meta property=\"og:url\" content=\"https:\/\/medicinasinc.com\/pt\/product\/buy-lsd-liquid-200ug-drop\/\" \/>\n<meta property=\"og:site_name\" content=\"Medicinas Inc\" \/>\n<meta property=\"article:modified_time\" content=\"2022-07-05T23:42:55+00:00\" \/>\n<meta property=\"og:image\" content=\"https:\/\/medicinasinc.com\/pt\/wp-content\/uploads\/sites\/20\/2022\/02\/Buy-LSD-liquid-200ug-Drop.jpg\" \/>\n\t<meta property=\"og:image:width\" content=\"363\" \/>\n\t<meta property=\"og:image:height\" content=\"445\" \/>\n\t<meta property=\"og:image:type\" content=\"image\/jpeg\" \/>\n<meta name=\"twitter:card\" content=\"summary_large_image\" \/>\n<meta name=\"twitter:label1\" content=\"Tempo estimado de leitura\" \/>\n\t<meta name=\"twitter:data1\" content=\"2 minutos\" \/>\n<script type=\"application\/ld+json\" class=\"yoast-schema-graph\">{\"@context\":\"https:\\\/\\\/schema.org\",\"@graph\":[{\"@type\":\"WebPage\",\"@id\":\"https:\\\/\\\/medicinasinc.com\\\/pt\\\/product\\\/buy-lsd-liquid-200ug-drop\\\/\",\"url\":\"https:\\\/\\\/medicinasinc.com\\\/pt\\\/product\\\/buy-lsd-liquid-200ug-drop\\\/\",\"name\":\"Compre LSD l\u00edquido 200ug Drop - Best Best Global Meds\",\"isPartOf\":{\"@id\":\"https:\\\/\\\/medicinasinc.com\\\/pt\\\/#website\"},\"primaryImageOfPage\":{\"@id\":\"https:\\\/\\\/medicinasinc.com\\\/pt\\\/product\\\/buy-lsd-liquid-200ug-drop\\\/#primaryimage\"},\"image\":{\"@id\":\"https:\\\/\\\/medicinasinc.com\\\/pt\\\/product\\\/buy-lsd-liquid-200ug-drop\\\/#primaryimage\"},\"thumbnailUrl\":\"https:\\\/\\\/medicinasinc.com\\\/pt\\\/wp-content\\\/uploads\\\/sites\\\/20\\\/2022\\\/02\\\/Buy-LSD-liquid-200ug-Drop.jpg\",\"datePublished\":\"2022-02-20T16:56:44+00:00\",\"dateModified\":\"2022-07-05T23:42:55+00:00\",\"description\":\"Compre LSD Liquid 200ug drop no Reino Unido, Europa para venda ao melhor pre\u00e7o de mercado. Todos os nossos produtos s\u00e3o feitos com ingredientes naturais puros e livres de THC. Pe\u00e7a online agora!\",\"breadcrumb\":{\"@id\":\"https:\\\/\\\/medicinasinc.com\\\/pt\\\/product\\\/buy-lsd-liquid-200ug-drop\\\/#breadcrumb\"},\"inLanguage\":\"pt-PT\",\"potentialAction\":[{\"@type\":\"ReadAction\",\"target\":[\"https:\\\/\\\/medicinasinc.com\\\/pt\\\/product\\\/buy-lsd-liquid-200ug-drop\\\/\"]}]},{\"@type\":\"ImageObject\",\"inLanguage\":\"pt-PT\",\"@id\":\"https:\\\/\\\/medicinasinc.com\\\/pt\\\/product\\\/buy-lsd-liquid-200ug-drop\\\/#primaryimage\",\"url\":\"https:\\\/\\\/medicinasinc.com\\\/pt\\\/wp-content\\\/uploads\\\/sites\\\/20\\\/2022\\\/02\\\/Buy-LSD-liquid-200ug-Drop.jpg\",\"contentUrl\":\"https:\\\/\\\/medicinasinc.com\\\/pt\\\/wp-content\\\/uploads\\\/sites\\\/20\\\/2022\\\/02\\\/Buy-LSD-liquid-200ug-Drop.jpg\",\"width\":363,\"height\":445},{\"@type\":\"BreadcrumbList\",\"@id\":\"https:\\\/\\\/medicinasinc.com\\\/pt\\\/product\\\/buy-lsd-liquid-200ug-drop\\\/#breadcrumb\",\"itemListElement\":[{\"@type\":\"ListItem\",\"position\":1,\"name\":\"Comprar\",\"item\":\"https:\\\/\\\/medicinasinc.com\\\/pt\\\/comprar\\\/\"},{\"@type\":\"ListItem\",\"position\":2,\"name\":\"Compre LSD l\u00edquido 200ug Drop\"}]},{\"@type\":\"WebSite\",\"@id\":\"https:\\\/\\\/medicinasinc.com\\\/pt\\\/#website\",\"url\":\"https:\\\/\\\/medicinasinc.com\\\/pt\\\/\",\"name\":\"Medicinas Inc\",\"description\":\"Health Medical Clinic\",\"potentialAction\":[{\"@type\":\"SearchAction\",\"target\":{\"@type\":\"EntryPoint\",\"urlTemplate\":\"https:\\\/\\\/medicinasinc.com\\\/pt\\\/?s={search_term_string}\"},\"query-input\":{\"@type\":\"PropertyValueSpecification\",\"valueRequired\":true,\"valueName\":\"search_term_string\"}}],\"inLanguage\":\"pt-PT\"}]}<\/script>\n<!-- \/ Yoast SEO plugin. -->","yoast_head_json":{"title":"Compre LSD l\u00edquido 200ug Drop - Best Best Global Meds","description":"Compre LSD Liquid 200ug drop no Reino Unido, Europa para venda ao melhor pre\u00e7o de mercado. Todos os nossos produtos s\u00e3o feitos com ingredientes naturais puros e livres de THC. Pe\u00e7a online agora!","robots":{"index":"index","follow":"follow","max-snippet":"max-snippet:-1","max-image-preview":"max-image-preview:large","max-video-preview":"max-video-preview:-1"},"canonical":"https:\/\/medicinasinc.com\/pt\/product\/buy-lsd-liquid-200ug-drop\/","og_locale":"pt_PT","og_type":"article","og_title":"Compre LSD l\u00edquido 200ug Drop - Best Best Global Meds","og_description":"Compre LSD Liquid 200ug drop no Reino Unido, Europa para venda ao melhor pre\u00e7o de mercado. Todos os nossos produtos s\u00e3o feitos com ingredientes naturais puros e livres de THC. Pe\u00e7a online agora!","og_url":"https:\/\/medicinasinc.com\/pt\/product\/buy-lsd-liquid-200ug-drop\/","og_site_name":"Medicinas Inc","article_modified_time":"2022-07-05T23:42:55+00:00","og_image":[{"width":363,"height":445,"url":"https:\/\/medicinasinc.com\/pt\/wp-content\/uploads\/sites\/20\/2022\/02\/Buy-LSD-liquid-200ug-Drop.jpg","type":"image\/jpeg"}],"twitter_card":"summary_large_image","twitter_misc":{"Tempo estimado de leitura":"2 minutos"},"schema":{"@context":"https:\/\/schema.org","@graph":[{"@type":"WebPage","@id":"https:\/\/medicinasinc.com\/pt\/product\/buy-lsd-liquid-200ug-drop\/","url":"https:\/\/medicinasinc.com\/pt\/product\/buy-lsd-liquid-200ug-drop\/","name":"Compre LSD l\u00edquido 200ug Drop - Best Best Global Meds","isPartOf":{"@id":"https:\/\/medicinasinc.com\/pt\/#website"},"primaryImageOfPage":{"@id":"https:\/\/medicinasinc.com\/pt\/product\/buy-lsd-liquid-200ug-drop\/#primaryimage"},"image":{"@id":"https:\/\/medicinasinc.com\/pt\/product\/buy-lsd-liquid-200ug-drop\/#primaryimage"},"thumbnailUrl":"https:\/\/medicinasinc.com\/pt\/wp-content\/uploads\/sites\/20\/2022\/02\/Buy-LSD-liquid-200ug-Drop.jpg","datePublished":"2022-02-20T16:56:44+00:00","dateModified":"2022-07-05T23:42:55+00:00","description":"Compre LSD Liquid 200ug drop no Reino Unido, Europa para venda ao melhor pre\u00e7o de mercado. Todos os nossos produtos s\u00e3o feitos com ingredientes naturais puros e livres de THC. Pe\u00e7a online agora!","breadcrumb":{"@id":"https:\/\/medicinasinc.com\/pt\/product\/buy-lsd-liquid-200ug-drop\/#breadcrumb"},"inLanguage":"pt-PT","potentialAction":[{"@type":"ReadAction","target":["https:\/\/medicinasinc.com\/pt\/product\/buy-lsd-liquid-200ug-drop\/"]}]},{"@type":"ImageObject","inLanguage":"pt-PT","@id":"https:\/\/medicinasinc.com\/pt\/product\/buy-lsd-liquid-200ug-drop\/#primaryimage","url":"https:\/\/medicinasinc.com\/pt\/wp-content\/uploads\/sites\/20\/2022\/02\/Buy-LSD-liquid-200ug-Drop.jpg","contentUrl":"https:\/\/medicinasinc.com\/pt\/wp-content\/uploads\/sites\/20\/2022\/02\/Buy-LSD-liquid-200ug-Drop.jpg","width":363,"height":445},{"@type":"BreadcrumbList","@id":"https:\/\/medicinasinc.com\/pt\/product\/buy-lsd-liquid-200ug-drop\/#breadcrumb","itemListElement":[{"@type":"ListItem","position":1,"name":"Comprar","item":"https:\/\/medicinasinc.com\/pt\/comprar\/"},{"@type":"ListItem","position":2,"name":"Compre LSD l\u00edquido 200ug Drop"}]},{"@type":"WebSite","@id":"https:\/\/medicinasinc.com\/pt\/#website","url":"https:\/\/medicinasinc.com\/pt\/","name":"Medicinas Inc","description":"Health Medical Clinic","potentialAction":[{"@type":"SearchAction","target":{"@type":"EntryPoint","urlTemplate":"https:\/\/medicinasinc.com\/pt\/?s={search_term_string}"},"query-input":{"@type":"PropertyValueSpecification","valueRequired":true,"valueName":"search_term_string"}}],"inLanguage":"pt-PT"}]}},"_links":{"self":[{"href":"https:\/\/medicinasinc.com\/pt\/wp-json\/wp\/v2\/product\/4854","targetHints":{"allow":["GET"]}}],"collection":[{"href":"https:\/\/medicinasinc.com\/pt\/wp-json\/wp\/v2\/product"}],"about":[{"href":"https:\/\/medicinasinc.com\/pt\/wp-json\/wp\/v2\/types\/product"}],"replies":[{"embeddable":true,"href":"https:\/\/medicinasinc.com\/pt\/wp-json\/wp\/v2\/comments?post=4854"}],"wp:featuredmedia":[{"embeddable":true,"href":"https:\/\/medicinasinc.com\/pt\/wp-json\/wp\/v2\/media\/4868"}],"wp:attachment":[{"href":"https:\/\/medicinasinc.com\/pt\/wp-json\/wp\/v2\/media?parent=4854"}],"wp:term":[{"taxonomy":"product_brand","embeddable":true,"href":"https:\/\/medicinasinc.com\/pt\/wp-json\/wp\/v2\/product_brand?post=4854"},{"taxonomy":"product_cat","embeddable":true,"href":"https:\/\/medicinasinc.com\/pt\/wp-json\/wp\/v2\/product_cat?post=4854"},{"taxonomy":"product_tag","embeddable":true,"href":"https:\/\/medicinasinc.com\/pt\/wp-json\/wp\/v2\/product_tag?post=4854"}],"curies":[{"name":"wp","href":"https:\/\/api.w.org\/{rel}","templated":true}]}}