{"id":4849,"date":"2022-02-20T16:51:26","date_gmt":"2022-02-20T16:51:26","guid":{"rendered":"https:\/\/medicinasinc.com\/pt\/?post_type=product&#038;p=4849"},"modified":"2022-07-05T23:43:11","modified_gmt":"2022-07-05T23:43:11","slug":"comprar-ibogaina-po","status":"publish","type":"product","link":"https:\/\/medicinasinc.com\/pt\/product\/comprar-ibogaina-po\/","title":{"rendered":"Compre Iboga\u00edna em P\u00f3"},"content":{"rendered":"<p>Cloridrato de iboga\u00edna<\/p>\n<p>Iboga\u00edna HCL \u00e9 uma subst\u00e2ncia psicoativa natural encontrada em plantas pertencentes \u00e0 fam\u00edlia Apocynaceae, incluindo Tabernanthe iboga, Voacanga africana e Tabernaemontana undulata.<\/p>\n<p>\u00c9 um psicod\u00e9lico dissociativo. Pesquisas preliminares indicam que pode ser ben\u00e9fico no tratamento da depend\u00eancia de drogas. A iboga\u00edna est\u00e1 dispon\u00edvel para compra. Iboga\u00edna HCL pode ser comprada online. Cloridrato de iboga\u00edna em p\u00f3. A iboga\u00edna pode ser comprada online.<\/p>\n<p>Al\u00e9m disso, a partir de 2016, existem in\u00fameras formas de iboga\u00edna dispon\u00edveis, desde o p\u00f3 de raiz, que cont\u00e9m quantidades extremamente pequenas de iboga\u00edna e tem muito pouco efeito quando usado para aliviar opi\u00f3ides sintomas de abstin\u00eancia, para Iboga\u00edna HCL altamente purificada, 99,7% pura. Iboga\u00edna HCL \u00e0 venda on-line<\/p>\n<p>Cloridrato de Iboga\u00edna \u00e0 venda<\/p>\n<p>Para come\u00e7ar, usamos 99,7% de pureza farmac\u00eautica Iboga\u00edna HCL no centro de tratamento de iboga\u00edna da Meds Consulting. N\u00e3o usamos iboga\u00edna semi-sint\u00e9tica barata derivada de Voacanga africana, nem usamos extratos de TA (alcal\u00f3ide total) ou PTA (alcal\u00f3ide total purificado). A iboga\u00edna pode ser comprada on-line.<\/p>\n<p>Nossas mat\u00e9rias-primas s\u00e3o origin\u00e1rias de Camar\u00f5es (n\u00e3o do Gab\u00e3o), por meio de uma cooperativa de agricultores que cultiva a iboga TA para nosso uso desde meados da d\u00e9cada de 1990, utilizando uma agricultura sustent\u00e1vel e ecologicamente correta pr\u00e1ticas. N\u00e3o usamos materiais dos mercados negro ou cinza que sejam desconhecidos em termos de origem ou pureza. A Iboga\u00edna HCL pode ser comprada online.<\/p>\n<p>Nosso cloridrato de iboga\u00edna foi fabricado em um laborat\u00f3rio compat\u00edvel com cGMP que est\u00e1 em conformidade com todas as diretrizes da USFDA. A Meds Consulting usa a mais pura Iboga\u00edna HCL dispon\u00edvel ao utilizar produtos qu\u00edmicos naturais; nossos materiais s\u00e3o certificados como 99,7% puros por meio de ensaio HPLC.<\/p>\n<p>Propriedades psicoativas da iboga\u00edna<\/p>\n<p>Para come\u00e7ar, as propriedades psicoativas da iboga\u00edna produzem uma experi\u00eancia espiritual aprimorada. O paciente ganha uma vis\u00e3o profunda, que lhe d\u00e1 clareza sobre suas vidas e os motiva a fazer mudan\u00e7as psicol\u00f3gicas e viver uma vida livre de drogas. A iboga\u00edna est\u00e1 dispon\u00edvel para compra.<\/p>\n<p>A iboga\u00edna tem um potencial significativo para o tratamento de depend\u00eancias de drogas pesadas, como hero\u00edna, metadona, coca\u00edna, crack e \u00e1lcool, de acordo com estudos. Al\u00e9m disso, h\u00e1 evid\u00eancias de que \u00e9 ben\u00e9fico no tratamento da depend\u00eancia do tabaco. A iboga\u00edna pode ser comprada online.<\/p>\n<p>Al\u00e9m disso, a iboga\u00edna oferece oportunidades para psicoterapia e professor espiritual. Al\u00e9m disso, a iboga\u00edna pode ser usada em psicoterapia para tratar os efeitos de trauma ou condicionamento. A iboga\u00edna est\u00e1 dispon\u00edvel para compra.<\/p>\n<p>A terapia \u00e9 eficaz e segura?<\/p>\n<p>Indiv\u00edduos ocasionalmente procuram a iboga\u00edna \u00e0 venda na esperan\u00e7a de se submeterem \u00e0 terapia com iboga\u00edna para o v\u00edcio em opi\u00e1ceos. No entanto, como em qualquer tratamento, a terapia com iboga\u00edna n\u00e3o garante o sucesso. O melhor p\u00f3 de cloridrato de iboga\u00edna<\/p>\n<p>Al\u00e9m disso, a terapia com iboga\u00edna HCL pode ser usada para ajudar um indiv\u00edduo a superar um v\u00edcio em opi\u00e1ceos. A iboga\u00edna est\u00e1 dispon\u00edvel para compra.<\/p>\n<p>Al\u00e9m disso, a iboga\u00edna ajuda a redefinir os n\u00edveis qu\u00edmicos no c\u00e9rebro, mas o c\u00e9rebro se torna fisicamente dependente da iboga\u00edna de forma relativamente r\u00e1pida. Assim, se um indiv\u00edduo consumir uma quantidade excessiva de iboga\u00edna de uma s\u00f3 vez, poder\u00e1 sofrer uma overdose fatal. A iboga\u00edna pode ser comprada online.<\/p>\n<p>Nem todas as iboga\u00ednas s\u00e3o iguais. Materiais diversos podem ter efeitos marcadamente diferentes. Nossa iboga\u00edna \u00e9 id\u00eantica \u00e0 usada em todas as monografias publicadas em peri\u00f3dicos revisados \u200b\u200bpor pares at\u00e9 o momento, demonstrando a suposta capacidade da iboga\u00edna de aliviar os sintomas de abstin\u00eancia associados a dist\u00farbios de abuso de polisubst\u00e2ncias. A iboga\u00edna pode ser comprada online.<\/p>\n<p>N\u00f3s fornecemos o programa de desintoxica\u00e7\u00e3o de iboga\u00edna mais seguro e eficaz do mundo, usando o cloridrato de iboga\u00edna mais puro dispon\u00edvel no planeta. Cloridrato de iboga\u00edna em p\u00f3.<\/p>\n","protected":false},"excerpt":{"rendered":"<div class=\"woocommerce-product-details__short-description\">\n<p>Compre Ibogaine Powder da \u00c1frica no Reino Unido, Europa para venda no melhor site, Ibogaine para venda online. Obtenha cascas de raiz de Iboga, Iboga\u00edna hcl, Iboga TA, c\u00e1psula de iboga\u00edna e voacanga em obter iboga\u00edna.<\/p>\n<p>Iboga\u00edna HCL (cloridrato) \u00e9 isolado do nosso extrato de Iboga TA e \u00e9 ~95-99% puro de iboga\u00edna HCL.<\/p>\n<\/p><\/div>\n","protected":false},"featured_media":4862,"comment_status":"open","ping_status":"closed","template":"","meta":[],"product_brand":[],"product_cat":[703],"product_tag":[730,731,732,738,740,737,729,726,727,728,733,742,734,735,739,736,741,725,744,743],"class_list":{"0":"post-4849","1":"product","2":"type-product","3":"status-publish","4":"has-post-thumbnail","6":"product_cat-compre-drogas-psicodelicas","7":"product_tag-buy-iboga-root-bark-online","8":"product_tag-buy-ibogaine","9":"product_tag-buy-ibogaine-online","10":"product_tag-iboga-root-bark-para-venda","11":"product_tag-iboga-root-bark-for-sale-online","12":"product_tag-iboga-root-bark-chips-para-venda","13":"product_tag-comprar-iboga-raiz-casca-chips","14":"product_tag-comprar-iboga","15":"product_tag-comprar-manter-raiz-back","16":"product_tag-comprar-iboga-raiz-casca","17":"product_tag-eboka","18":"product_tag-encomenda-iboga-online","19":"product_tag-iboga-para-venda","20":"product_tag-iboga-em-p","21":"product_tag-iboga-root-bark-for-sale","22":"product_tag-iboga-root-back-para-venda","23":"product_tag-ibogana-para-venda","24":"product_tag-madeira-sagrada","25":"product_tag-tabernculo-obrigado","26":"product_tag-puro-iboga-p-c3-b3-para-venda","28":"first","29":"instock","30":"shipping-taxable","31":"purchasable","32":"product-type-variable","33":"has-default-attributes"},"yoast_head":"<!-- This site is optimized with the Yoast SEO plugin v27.3 - https:\/\/yoast.com\/product\/yoast-seo-wordpress\/ -->\n<title>Compre Iboga\u00edna em P\u00f3 - Iboga \u00e0 venda - Best Best Global Meds<\/title>\n<meta name=\"description\" content=\"Compre Iboga\u00edna em P\u00f3 da \u00c1frica no Reino Unido, Europa para venda no melhor site, Iboga\u00edna para venda online. Obtenha cascas de raiz de Iboga, Ibogaine hcl, Iboga TA, c\u00e1psula de Ibogaine e voacanga em obter ibogaine.\" \/>\n<meta name=\"robots\" content=\"index, follow, max-snippet:-1, max-image-preview:large, max-video-preview:-1\" \/>\n<link rel=\"canonical\" href=\"https:\/\/medicinasinc.com\/pt\/product\/comprar-ibogaina-po\/\" \/>\n<meta property=\"og:locale\" content=\"pt_PT\" \/>\n<meta property=\"og:type\" content=\"article\" \/>\n<meta property=\"og:title\" content=\"Compre Iboga\u00edna em P\u00f3 - Iboga \u00e0 venda - Best Best Global Meds\" \/>\n<meta property=\"og:description\" content=\"Compre Iboga\u00edna em P\u00f3 da \u00c1frica no Reino Unido, Europa para venda no melhor site, Iboga\u00edna para venda online. Obtenha cascas de raiz de Iboga, Ibogaine hcl, Iboga TA, c\u00e1psula de Ibogaine e voacanga em obter ibogaine.\" \/>\n<meta property=\"og:url\" content=\"https:\/\/medicinasinc.com\/pt\/product\/comprar-ibogaina-po\/\" \/>\n<meta property=\"og:site_name\" content=\"Medicinas Inc\" \/>\n<meta property=\"article:modified_time\" content=\"2022-07-05T23:43:11+00:00\" \/>\n<meta property=\"og:image\" content=\"https:\/\/medicinasinc.com\/pt\/wp-content\/uploads\/sites\/20\/2022\/02\/Buy-Ibogaine-Powder.webp\" \/>\n\t<meta property=\"og:image:width\" content=\"400\" \/>\n\t<meta property=\"og:image:height\" content=\"533\" \/>\n\t<meta property=\"og:image:type\" content=\"image\/webp\" \/>\n<meta name=\"twitter:card\" content=\"summary_large_image\" \/>\n<meta name=\"twitter:label1\" content=\"Tempo estimado de leitura\" \/>\n\t<meta name=\"twitter:data1\" content=\"3 minutos\" \/>\n<script type=\"application\/ld+json\" class=\"yoast-schema-graph\">{\"@context\":\"https:\\\/\\\/schema.org\",\"@graph\":[{\"@type\":\"WebPage\",\"@id\":\"https:\\\/\\\/medicinasinc.com\\\/pt\\\/product\\\/comprar-ibogaina-po\\\/\",\"url\":\"https:\\\/\\\/medicinasinc.com\\\/pt\\\/product\\\/comprar-ibogaina-po\\\/\",\"name\":\"Compre Iboga\u00edna em P\u00f3 - Iboga \u00e0 venda - Best Best Global Meds\",\"isPartOf\":{\"@id\":\"https:\\\/\\\/medicinasinc.com\\\/pt\\\/#website\"},\"primaryImageOfPage\":{\"@id\":\"https:\\\/\\\/medicinasinc.com\\\/pt\\\/product\\\/comprar-ibogaina-po\\\/#primaryimage\"},\"image\":{\"@id\":\"https:\\\/\\\/medicinasinc.com\\\/pt\\\/product\\\/comprar-ibogaina-po\\\/#primaryimage\"},\"thumbnailUrl\":\"https:\\\/\\\/medicinasinc.com\\\/pt\\\/wp-content\\\/uploads\\\/sites\\\/20\\\/2022\\\/02\\\/Buy-Ibogaine-Powder.webp\",\"datePublished\":\"2022-02-20T16:51:26+00:00\",\"dateModified\":\"2022-07-05T23:43:11+00:00\",\"description\":\"Compre Iboga\u00edna em P\u00f3 da \u00c1frica no Reino Unido, Europa para venda no melhor site, Iboga\u00edna para venda online. Obtenha cascas de raiz de Iboga, Ibogaine hcl, Iboga TA, c\u00e1psula de Ibogaine e voacanga em obter ibogaine.\",\"breadcrumb\":{\"@id\":\"https:\\\/\\\/medicinasinc.com\\\/pt\\\/product\\\/comprar-ibogaina-po\\\/#breadcrumb\"},\"inLanguage\":\"pt-PT\",\"potentialAction\":[{\"@type\":\"ReadAction\",\"target\":[\"https:\\\/\\\/medicinasinc.com\\\/pt\\\/product\\\/comprar-ibogaina-po\\\/\"]}]},{\"@type\":\"ImageObject\",\"inLanguage\":\"pt-PT\",\"@id\":\"https:\\\/\\\/medicinasinc.com\\\/pt\\\/product\\\/comprar-ibogaina-po\\\/#primaryimage\",\"url\":\"https:\\\/\\\/medicinasinc.com\\\/pt\\\/wp-content\\\/uploads\\\/sites\\\/20\\\/2022\\\/02\\\/Buy-Ibogaine-Powder.webp\",\"contentUrl\":\"https:\\\/\\\/medicinasinc.com\\\/pt\\\/wp-content\\\/uploads\\\/sites\\\/20\\\/2022\\\/02\\\/Buy-Ibogaine-Powder.webp\",\"width\":400,\"height\":533},{\"@type\":\"BreadcrumbList\",\"@id\":\"https:\\\/\\\/medicinasinc.com\\\/pt\\\/product\\\/comprar-ibogaina-po\\\/#breadcrumb\",\"itemListElement\":[{\"@type\":\"ListItem\",\"position\":1,\"name\":\"Comprar\",\"item\":\"https:\\\/\\\/medicinasinc.com\\\/pt\\\/comprar\\\/\"},{\"@type\":\"ListItem\",\"position\":2,\"name\":\"Compre Iboga\u00edna em P\u00f3\"}]},{\"@type\":\"WebSite\",\"@id\":\"https:\\\/\\\/medicinasinc.com\\\/pt\\\/#website\",\"url\":\"https:\\\/\\\/medicinasinc.com\\\/pt\\\/\",\"name\":\"Medicinas Inc\",\"description\":\"Health Medical Clinic\",\"potentialAction\":[{\"@type\":\"SearchAction\",\"target\":{\"@type\":\"EntryPoint\",\"urlTemplate\":\"https:\\\/\\\/medicinasinc.com\\\/pt\\\/?s={search_term_string}\"},\"query-input\":{\"@type\":\"PropertyValueSpecification\",\"valueRequired\":true,\"valueName\":\"search_term_string\"}}],\"inLanguage\":\"pt-PT\"}]}<\/script>\n<!-- \/ Yoast SEO plugin. -->","yoast_head_json":{"title":"Compre Iboga\u00edna em P\u00f3 - Iboga \u00e0 venda - Best Best Global Meds","description":"Compre Iboga\u00edna em P\u00f3 da \u00c1frica no Reino Unido, Europa para venda no melhor site, Iboga\u00edna para venda online. Obtenha cascas de raiz de Iboga, Ibogaine hcl, Iboga TA, c\u00e1psula de Ibogaine e voacanga em obter ibogaine.","robots":{"index":"index","follow":"follow","max-snippet":"max-snippet:-1","max-image-preview":"max-image-preview:large","max-video-preview":"max-video-preview:-1"},"canonical":"https:\/\/medicinasinc.com\/pt\/product\/comprar-ibogaina-po\/","og_locale":"pt_PT","og_type":"article","og_title":"Compre Iboga\u00edna em P\u00f3 - Iboga \u00e0 venda - Best Best Global Meds","og_description":"Compre Iboga\u00edna em P\u00f3 da \u00c1frica no Reino Unido, Europa para venda no melhor site, Iboga\u00edna para venda online. Obtenha cascas de raiz de Iboga, Ibogaine hcl, Iboga TA, c\u00e1psula de Ibogaine e voacanga em obter ibogaine.","og_url":"https:\/\/medicinasinc.com\/pt\/product\/comprar-ibogaina-po\/","og_site_name":"Medicinas Inc","article_modified_time":"2022-07-05T23:43:11+00:00","og_image":[{"width":400,"height":533,"url":"https:\/\/medicinasinc.com\/pt\/wp-content\/uploads\/sites\/20\/2022\/02\/Buy-Ibogaine-Powder.webp","type":"image\/webp"}],"twitter_card":"summary_large_image","twitter_misc":{"Tempo estimado de leitura":"3 minutos"},"schema":{"@context":"https:\/\/schema.org","@graph":[{"@type":"WebPage","@id":"https:\/\/medicinasinc.com\/pt\/product\/comprar-ibogaina-po\/","url":"https:\/\/medicinasinc.com\/pt\/product\/comprar-ibogaina-po\/","name":"Compre Iboga\u00edna em P\u00f3 - Iboga \u00e0 venda - Best Best Global Meds","isPartOf":{"@id":"https:\/\/medicinasinc.com\/pt\/#website"},"primaryImageOfPage":{"@id":"https:\/\/medicinasinc.com\/pt\/product\/comprar-ibogaina-po\/#primaryimage"},"image":{"@id":"https:\/\/medicinasinc.com\/pt\/product\/comprar-ibogaina-po\/#primaryimage"},"thumbnailUrl":"https:\/\/medicinasinc.com\/pt\/wp-content\/uploads\/sites\/20\/2022\/02\/Buy-Ibogaine-Powder.webp","datePublished":"2022-02-20T16:51:26+00:00","dateModified":"2022-07-05T23:43:11+00:00","description":"Compre Iboga\u00edna em P\u00f3 da \u00c1frica no Reino Unido, Europa para venda no melhor site, Iboga\u00edna para venda online. Obtenha cascas de raiz de Iboga, Ibogaine hcl, Iboga TA, c\u00e1psula de Ibogaine e voacanga em obter ibogaine.","breadcrumb":{"@id":"https:\/\/medicinasinc.com\/pt\/product\/comprar-ibogaina-po\/#breadcrumb"},"inLanguage":"pt-PT","potentialAction":[{"@type":"ReadAction","target":["https:\/\/medicinasinc.com\/pt\/product\/comprar-ibogaina-po\/"]}]},{"@type":"ImageObject","inLanguage":"pt-PT","@id":"https:\/\/medicinasinc.com\/pt\/product\/comprar-ibogaina-po\/#primaryimage","url":"https:\/\/medicinasinc.com\/pt\/wp-content\/uploads\/sites\/20\/2022\/02\/Buy-Ibogaine-Powder.webp","contentUrl":"https:\/\/medicinasinc.com\/pt\/wp-content\/uploads\/sites\/20\/2022\/02\/Buy-Ibogaine-Powder.webp","width":400,"height":533},{"@type":"BreadcrumbList","@id":"https:\/\/medicinasinc.com\/pt\/product\/comprar-ibogaina-po\/#breadcrumb","itemListElement":[{"@type":"ListItem","position":1,"name":"Comprar","item":"https:\/\/medicinasinc.com\/pt\/comprar\/"},{"@type":"ListItem","position":2,"name":"Compre Iboga\u00edna em P\u00f3"}]},{"@type":"WebSite","@id":"https:\/\/medicinasinc.com\/pt\/#website","url":"https:\/\/medicinasinc.com\/pt\/","name":"Medicinas Inc","description":"Health Medical Clinic","potentialAction":[{"@type":"SearchAction","target":{"@type":"EntryPoint","urlTemplate":"https:\/\/medicinasinc.com\/pt\/?s={search_term_string}"},"query-input":{"@type":"PropertyValueSpecification","valueRequired":true,"valueName":"search_term_string"}}],"inLanguage":"pt-PT"}]}},"_links":{"self":[{"href":"https:\/\/medicinasinc.com\/pt\/wp-json\/wp\/v2\/product\/4849","targetHints":{"allow":["GET"]}}],"collection":[{"href":"https:\/\/medicinasinc.com\/pt\/wp-json\/wp\/v2\/product"}],"about":[{"href":"https:\/\/medicinasinc.com\/pt\/wp-json\/wp\/v2\/types\/product"}],"replies":[{"embeddable":true,"href":"https:\/\/medicinasinc.com\/pt\/wp-json\/wp\/v2\/comments?post=4849"}],"wp:featuredmedia":[{"embeddable":true,"href":"https:\/\/medicinasinc.com\/pt\/wp-json\/wp\/v2\/media\/4862"}],"wp:attachment":[{"href":"https:\/\/medicinasinc.com\/pt\/wp-json\/wp\/v2\/media?parent=4849"}],"wp:term":[{"taxonomy":"product_brand","embeddable":true,"href":"https:\/\/medicinasinc.com\/pt\/wp-json\/wp\/v2\/product_brand?post=4849"},{"taxonomy":"product_cat","embeddable":true,"href":"https:\/\/medicinasinc.com\/pt\/wp-json\/wp\/v2\/product_cat?post=4849"},{"taxonomy":"product_tag","embeddable":true,"href":"https:\/\/medicinasinc.com\/pt\/wp-json\/wp\/v2\/product_tag?post=4849"}],"curies":[{"name":"wp","href":"https:\/\/api.w.org\/{rel}","templated":true}]}}