{"id":4848,"date":"2022-02-20T16:50:30","date_gmt":"2022-02-20T16:50:30","guid":{"rendered":"https:\/\/medicinasinc.com\/pt\/?post_type=product&#038;p=4848"},"modified":"2022-07-05T23:43:24","modified_gmt":"2022-07-05T23:43:24","slug":"comprar-cetamina-po","status":"publish","type":"product","link":"https:\/\/medicinasinc.com\/pt\/product\/comprar-cetamina-po\/","title":{"rendered":"Compre o p\u00f3 de cetamina"},"content":{"rendered":"<p>O p\u00f3 de cetamina pode ser comprado on-line.<\/p>\n<p>Compre o p\u00f3 de cetamina para controle da dor p\u00f3s-operat\u00f3ria<br \/> A dor p\u00f3s-operat\u00f3ria ocorre ap\u00f3s uma grande cirurgia que inclui incis\u00e3o e enxerto. Pode persistir por dois a cinco dias, e o manejo adequado \u00e9 necess\u00e1rio para erradic\u00e1-lo. O controle inadequado pode resultar em imobilidade, dificuldade em recuperar a fun\u00e7\u00e3o e atraso na recupera\u00e7\u00e3o. O objetivo \u00e9 aliviar o desconforto com o menor n\u00famero poss\u00edvel de efeitos colaterais. Apesar de anos de avan\u00e7os no controle da dor, a principal perman\u00eancia da terapia p\u00f3s-operat\u00f3ria continua sendo os anest\u00e9sicos, como o p\u00f3 de cetamina \u00e0 venda. Eles se ligam aos receptores do sistema nervoso central e inibem a transmiss\u00e3o de sinais de dor. Tem um in\u00edcio de a\u00e7\u00e3o r\u00e1pido e uma dura\u00e7\u00e3o de efeito de uma hora. Os respons\u00e1veis \u200b\u200bpela administra\u00e7\u00e3o do medicamento devem garantir que n\u00e3o ocorram intera\u00e7\u00f5es letais.<\/p>\n<p>Best Global Meds \u2013 A \u00fanica fonte de p\u00f3 de cetamina acess\u00edvel<br \/> Uma ampla variedade de medicamentos prescritos est\u00e1 agora acess\u00edvel sem mover um polegada de um local. Na Best Global Meds, voc\u00ea pode encomendar o p\u00f3 de cetamina na conveni\u00eancia de sua casa ou escrit\u00f3rio. N\u00f3s nos esfor\u00e7amos para tornar as compras online simples e seguras para nossos clientes. \u00c9 por isso que aceitamos uma variedade de m\u00e9todos de pagamento, incluindo criptomoeda, e protegemos suas informa\u00e7\u00f5es de cart\u00e3o de cr\u00e9dito por meio de criptografia de cart\u00e3o de cr\u00e9dito. Al\u00e9m disso, o procedimento de envio \u00e9 livre de riscos. Trabalhamos com servi\u00e7os de transporte de renome para proteger seus medicamentos e envi\u00e1-los diretamente para sua casa.<\/p>\n<p>Se voc\u00ea tiver alguma d\u00favida sobre n\u00f3s ou nossos produtos, entre em contato com um de nossos executivos. Responderemos com prazer a quaisquer perguntas que voc\u00ea possa ter!<\/p>\n","protected":false},"excerpt":{"rendered":"<div class=\"woocommerce-product-details__short-description\">\n<p>Compre p\u00f3 de cetamina Envio para a Uni\u00e3o Europeia, pagamento via Bitcoin. P\u00f3 de cetamina com desconto &#8211; comprar produtos qu\u00edmicos de pesquisa na Europa. Maior varejista da Europa de p\u00f3 de cetamina.<\/p>\n<p>O p\u00f3 de cetamina pode ser comprado on-line. Compre p\u00f3 de cetamina HCL online \u2013 Compre p\u00f3 de cetamina online \u2013 Encomende p\u00f3 de cetamina<\/p>\n<\/p><\/div>\n","protected":false},"featured_media":4860,"comment_status":"open","ping_status":"closed","template":"","meta":[],"product_brand":[],"product_cat":[703],"product_tag":[],"class_list":{"0":"post-4848","1":"product","2":"type-product","3":"status-publish","4":"has-post-thumbnail","6":"product_cat-compre-drogas-psicodelicas","8":"first","9":"instock","10":"shipping-taxable","11":"purchasable","12":"product-type-variable","13":"has-default-attributes"},"yoast_head":"<!-- This site is optimized with the Yoast SEO plugin v27.3 - https:\/\/yoast.com\/product\/yoast-seo-wordpress\/ -->\n<title>Comprar ketamina em p\u00f3 - venda de ketamina na Europa - Best Best Global Meds<\/title>\n<meta name=\"description\" content=\"Compre cetamina em p\u00f3 para venda envio da UE, pagamento Bitcoin. Fornecedor de p\u00f3 de cetamina barato - compre produtos qu\u00edmicos de pesquisa na Europa. Loja de p\u00f3 de cetamina na Europa.\" \/>\n<meta name=\"robots\" content=\"index, follow, max-snippet:-1, max-image-preview:large, max-video-preview:-1\" \/>\n<link rel=\"canonical\" href=\"https:\/\/medicinasinc.com\/pt\/product\/comprar-cetamina-po\/\" \/>\n<meta property=\"og:locale\" content=\"pt_PT\" \/>\n<meta property=\"og:type\" content=\"article\" \/>\n<meta property=\"og:title\" content=\"Comprar ketamina em p\u00f3 - venda de ketamina na Europa - Best Best Global Meds\" \/>\n<meta property=\"og:description\" content=\"Compre cetamina em p\u00f3 para venda envio da UE, pagamento Bitcoin. Fornecedor de p\u00f3 de cetamina barato - compre produtos qu\u00edmicos de pesquisa na Europa. Loja de p\u00f3 de cetamina na Europa.\" \/>\n<meta property=\"og:url\" content=\"https:\/\/medicinasinc.com\/pt\/product\/comprar-cetamina-po\/\" \/>\n<meta property=\"og:site_name\" content=\"Medicinas Inc\" \/>\n<meta property=\"article:modified_time\" content=\"2022-07-05T23:43:24+00:00\" \/>\n<meta property=\"og:image\" content=\"https:\/\/medicinasinc.com\/pt\/wp-content\/uploads\/sites\/20\/2022\/02\/Buy-Ketamine-powder.jpg\" \/>\n\t<meta property=\"og:image:width\" content=\"900\" \/>\n\t<meta property=\"og:image:height\" content=\"675\" \/>\n\t<meta property=\"og:image:type\" content=\"image\/jpeg\" \/>\n<meta name=\"twitter:card\" content=\"summary_large_image\" \/>\n<meta name=\"twitter:label1\" content=\"Tempo estimado de leitura\" \/>\n\t<meta name=\"twitter:data1\" content=\"2 minutos\" \/>\n<script type=\"application\/ld+json\" class=\"yoast-schema-graph\">{\"@context\":\"https:\\\/\\\/schema.org\",\"@graph\":[{\"@type\":\"WebPage\",\"@id\":\"https:\\\/\\\/medicinasinc.com\\\/pt\\\/product\\\/comprar-cetamina-po\\\/\",\"url\":\"https:\\\/\\\/medicinasinc.com\\\/pt\\\/product\\\/comprar-cetamina-po\\\/\",\"name\":\"Comprar ketamina em p\u00f3 - venda de ketamina na Europa - Best Best Global Meds\",\"isPartOf\":{\"@id\":\"https:\\\/\\\/medicinasinc.com\\\/pt\\\/#website\"},\"primaryImageOfPage\":{\"@id\":\"https:\\\/\\\/medicinasinc.com\\\/pt\\\/product\\\/comprar-cetamina-po\\\/#primaryimage\"},\"image\":{\"@id\":\"https:\\\/\\\/medicinasinc.com\\\/pt\\\/product\\\/comprar-cetamina-po\\\/#primaryimage\"},\"thumbnailUrl\":\"https:\\\/\\\/medicinasinc.com\\\/pt\\\/wp-content\\\/uploads\\\/sites\\\/20\\\/2022\\\/02\\\/Buy-Ketamine-powder.jpg\",\"datePublished\":\"2022-02-20T16:50:30+00:00\",\"dateModified\":\"2022-07-05T23:43:24+00:00\",\"description\":\"Compre cetamina em p\u00f3 para venda envio da UE, pagamento Bitcoin. Fornecedor de p\u00f3 de cetamina barato - compre produtos qu\u00edmicos de pesquisa na Europa. Loja de p\u00f3 de cetamina na Europa.\",\"breadcrumb\":{\"@id\":\"https:\\\/\\\/medicinasinc.com\\\/pt\\\/product\\\/comprar-cetamina-po\\\/#breadcrumb\"},\"inLanguage\":\"pt-PT\",\"potentialAction\":[{\"@type\":\"ReadAction\",\"target\":[\"https:\\\/\\\/medicinasinc.com\\\/pt\\\/product\\\/comprar-cetamina-po\\\/\"]}]},{\"@type\":\"ImageObject\",\"inLanguage\":\"pt-PT\",\"@id\":\"https:\\\/\\\/medicinasinc.com\\\/pt\\\/product\\\/comprar-cetamina-po\\\/#primaryimage\",\"url\":\"https:\\\/\\\/medicinasinc.com\\\/pt\\\/wp-content\\\/uploads\\\/sites\\\/20\\\/2022\\\/02\\\/Buy-Ketamine-powder.jpg\",\"contentUrl\":\"https:\\\/\\\/medicinasinc.com\\\/pt\\\/wp-content\\\/uploads\\\/sites\\\/20\\\/2022\\\/02\\\/Buy-Ketamine-powder.jpg\",\"width\":900,\"height\":675},{\"@type\":\"BreadcrumbList\",\"@id\":\"https:\\\/\\\/medicinasinc.com\\\/pt\\\/product\\\/comprar-cetamina-po\\\/#breadcrumb\",\"itemListElement\":[{\"@type\":\"ListItem\",\"position\":1,\"name\":\"Comprar\",\"item\":\"https:\\\/\\\/medicinasinc.com\\\/pt\\\/comprar\\\/\"},{\"@type\":\"ListItem\",\"position\":2,\"name\":\"Compre o p\u00f3 de cetamina\"}]},{\"@type\":\"WebSite\",\"@id\":\"https:\\\/\\\/medicinasinc.com\\\/pt\\\/#website\",\"url\":\"https:\\\/\\\/medicinasinc.com\\\/pt\\\/\",\"name\":\"Medicinas Inc\",\"description\":\"Health Medical Clinic\",\"potentialAction\":[{\"@type\":\"SearchAction\",\"target\":{\"@type\":\"EntryPoint\",\"urlTemplate\":\"https:\\\/\\\/medicinasinc.com\\\/pt\\\/?s={search_term_string}\"},\"query-input\":{\"@type\":\"PropertyValueSpecification\",\"valueRequired\":true,\"valueName\":\"search_term_string\"}}],\"inLanguage\":\"pt-PT\"}]}<\/script>\n<!-- \/ Yoast SEO plugin. -->","yoast_head_json":{"title":"Comprar ketamina em p\u00f3 - venda de ketamina na Europa - Best Best Global Meds","description":"Compre cetamina em p\u00f3 para venda envio da UE, pagamento Bitcoin. Fornecedor de p\u00f3 de cetamina barato - compre produtos qu\u00edmicos de pesquisa na Europa. Loja de p\u00f3 de cetamina na Europa.","robots":{"index":"index","follow":"follow","max-snippet":"max-snippet:-1","max-image-preview":"max-image-preview:large","max-video-preview":"max-video-preview:-1"},"canonical":"https:\/\/medicinasinc.com\/pt\/product\/comprar-cetamina-po\/","og_locale":"pt_PT","og_type":"article","og_title":"Comprar ketamina em p\u00f3 - venda de ketamina na Europa - Best Best Global Meds","og_description":"Compre cetamina em p\u00f3 para venda envio da UE, pagamento Bitcoin. Fornecedor de p\u00f3 de cetamina barato - compre produtos qu\u00edmicos de pesquisa na Europa. Loja de p\u00f3 de cetamina na Europa.","og_url":"https:\/\/medicinasinc.com\/pt\/product\/comprar-cetamina-po\/","og_site_name":"Medicinas Inc","article_modified_time":"2022-07-05T23:43:24+00:00","og_image":[{"width":900,"height":675,"url":"https:\/\/medicinasinc.com\/pt\/wp-content\/uploads\/sites\/20\/2022\/02\/Buy-Ketamine-powder.jpg","type":"image\/jpeg"}],"twitter_card":"summary_large_image","twitter_misc":{"Tempo estimado de leitura":"2 minutos"},"schema":{"@context":"https:\/\/schema.org","@graph":[{"@type":"WebPage","@id":"https:\/\/medicinasinc.com\/pt\/product\/comprar-cetamina-po\/","url":"https:\/\/medicinasinc.com\/pt\/product\/comprar-cetamina-po\/","name":"Comprar ketamina em p\u00f3 - venda de ketamina na Europa - Best Best Global Meds","isPartOf":{"@id":"https:\/\/medicinasinc.com\/pt\/#website"},"primaryImageOfPage":{"@id":"https:\/\/medicinasinc.com\/pt\/product\/comprar-cetamina-po\/#primaryimage"},"image":{"@id":"https:\/\/medicinasinc.com\/pt\/product\/comprar-cetamina-po\/#primaryimage"},"thumbnailUrl":"https:\/\/medicinasinc.com\/pt\/wp-content\/uploads\/sites\/20\/2022\/02\/Buy-Ketamine-powder.jpg","datePublished":"2022-02-20T16:50:30+00:00","dateModified":"2022-07-05T23:43:24+00:00","description":"Compre cetamina em p\u00f3 para venda envio da UE, pagamento Bitcoin. Fornecedor de p\u00f3 de cetamina barato - compre produtos qu\u00edmicos de pesquisa na Europa. Loja de p\u00f3 de cetamina na Europa.","breadcrumb":{"@id":"https:\/\/medicinasinc.com\/pt\/product\/comprar-cetamina-po\/#breadcrumb"},"inLanguage":"pt-PT","potentialAction":[{"@type":"ReadAction","target":["https:\/\/medicinasinc.com\/pt\/product\/comprar-cetamina-po\/"]}]},{"@type":"ImageObject","inLanguage":"pt-PT","@id":"https:\/\/medicinasinc.com\/pt\/product\/comprar-cetamina-po\/#primaryimage","url":"https:\/\/medicinasinc.com\/pt\/wp-content\/uploads\/sites\/20\/2022\/02\/Buy-Ketamine-powder.jpg","contentUrl":"https:\/\/medicinasinc.com\/pt\/wp-content\/uploads\/sites\/20\/2022\/02\/Buy-Ketamine-powder.jpg","width":900,"height":675},{"@type":"BreadcrumbList","@id":"https:\/\/medicinasinc.com\/pt\/product\/comprar-cetamina-po\/#breadcrumb","itemListElement":[{"@type":"ListItem","position":1,"name":"Comprar","item":"https:\/\/medicinasinc.com\/pt\/comprar\/"},{"@type":"ListItem","position":2,"name":"Compre o p\u00f3 de cetamina"}]},{"@type":"WebSite","@id":"https:\/\/medicinasinc.com\/pt\/#website","url":"https:\/\/medicinasinc.com\/pt\/","name":"Medicinas Inc","description":"Health Medical Clinic","potentialAction":[{"@type":"SearchAction","target":{"@type":"EntryPoint","urlTemplate":"https:\/\/medicinasinc.com\/pt\/?s={search_term_string}"},"query-input":{"@type":"PropertyValueSpecification","valueRequired":true,"valueName":"search_term_string"}}],"inLanguage":"pt-PT"}]}},"_links":{"self":[{"href":"https:\/\/medicinasinc.com\/pt\/wp-json\/wp\/v2\/product\/4848","targetHints":{"allow":["GET"]}}],"collection":[{"href":"https:\/\/medicinasinc.com\/pt\/wp-json\/wp\/v2\/product"}],"about":[{"href":"https:\/\/medicinasinc.com\/pt\/wp-json\/wp\/v2\/types\/product"}],"replies":[{"embeddable":true,"href":"https:\/\/medicinasinc.com\/pt\/wp-json\/wp\/v2\/comments?post=4848"}],"wp:featuredmedia":[{"embeddable":true,"href":"https:\/\/medicinasinc.com\/pt\/wp-json\/wp\/v2\/media\/4860"}],"wp:attachment":[{"href":"https:\/\/medicinasinc.com\/pt\/wp-json\/wp\/v2\/media?parent=4848"}],"wp:term":[{"taxonomy":"product_brand","embeddable":true,"href":"https:\/\/medicinasinc.com\/pt\/wp-json\/wp\/v2\/product_brand?post=4848"},{"taxonomy":"product_cat","embeddable":true,"href":"https:\/\/medicinasinc.com\/pt\/wp-json\/wp\/v2\/product_cat?post=4848"},{"taxonomy":"product_tag","embeddable":true,"href":"https:\/\/medicinasinc.com\/pt\/wp-json\/wp\/v2\/product_tag?post=4848"}],"curies":[{"name":"wp","href":"https:\/\/api.w.org\/{rel}","templated":true}]}}