{"id":4830,"date":"2022-02-20T16:34:51","date_gmt":"2022-02-20T16:34:51","guid":{"rendered":"https:\/\/medicinasinc.com\/pt\/?post_type=product&#038;p=4830"},"modified":"2022-07-05T23:43:39","modified_gmt":"2022-07-05T23:43:39","slug":"comprar-cristal-metanfetamina-2","status":"publish","type":"product","link":"https:\/\/medicinasinc.com\/pt\/product\/comprar-cristal-metanfetamina-2\/","title":{"rendered":"Comprar metanfetamina"},"content":{"rendered":"<p>Onde comprar Crystal Meth \u2013 Metanfetamina<\/p>\n<p>Desejo comprar Crystal Meth, tamb\u00e9m conhecido como metanfetamina de pedras preciosas, \u00e9 um medicamento estimulante do Sistema Nervoso Central (SNC) que tem in\u00fameras semelhan\u00e7as com as anfetaminas, o segundo medicamento do mundo classe mais popular de medicamentos ilegais, atr\u00e1s da maryjane.<br \/> Assim como as anfetaminas, promove aumento da atividade, diminui\u00e7\u00e3o da fome e uma sensa\u00e7\u00e3o geral de bem-estar.<\/p>\n<p>Existem alguns usos medicinais reconhecidos para Crystal Meth \u2013 Metanfetamina, incluindo o tratamento de narcolepsia, falta de capacidade de concentra\u00e7\u00e3o consistente e para uso moment\u00e2neo, como robustez; no entanto, esses usos medicinais s\u00e3o limitados.<\/p>\n<p>Crystal Meth, como a coca\u00edna, pode ser fumada. Chemical Inc. vende Crystal Meth \u2013 Metanfetamina.<\/p>\n<p>As metanfetaminas s\u00e3o usadas para tratar as seguintes condi\u00e7\u00f5es:<\/p>\n<p>TDAHsNarcolepsia<\/p>\n<p>As aplica\u00e7\u00f5es m\u00e9dicas s\u00e3o limitadas.<\/p>\n<p>Crystal Meth \u2013 Metanfetamina, como coca\u00edna, pode ser fumada.<\/p>\n<p>Compre Crystal Meth usando Bitcoins<\/p>\n<p>Crystal Meth \u2013 A metanfetamina \u00e9 usada para tratar as seguintes condi\u00e7\u00f5es:<\/p>\n<p> Obesidade Hiperatividade Desordem Narcolepsia Como resultado, promove o aumento da a\u00e7\u00e3o, diminui\u00e7\u00e3o da fome e uma sensa\u00e7\u00e3o geral de prosperidade. Quando usado em excesso, tem efeitos progressivamente destrutivos no sistema sensorial prim\u00e1rio.<br \/> Se voc\u00ea acredita que pode ter engravidado enquanto toma a medica\u00e7\u00e3o, entre em contato com seu especialista imediatamente para evitar complica\u00e7\u00f5es.<br \/> Se voc\u00ea sofre de problemas card\u00edacos,<\/p>\n<p>As metanfetaminas t\u00eam v\u00e1rias consequ\u00eancias negativas, incluindo as seguintes:<\/p>\n<p>Aumento da frequ\u00eancia card\u00edaca<br \/> Aumento da temperatura do corpo<br \/> Um aumento na frequ\u00eancia card\u00edaca qual relaxa<br \/> Alunos com pupilas dilatadas<br \/> Tremores Emo\u00e7\u00f5es de arrebatamento<br \/> Ansiedade aumentada<br \/> Irritabilidade<br \/> Paran\u00f3ia<br \/> Comportamento violento e evasivo<br \/> Hiperatividade em temporariamente Consulte um especialista sobre op\u00e7\u00f5es terap\u00eauticas.<\/p>\n<p>Evitar uma por\u00e7\u00e3o de metanfetaminas n\u00e3o \u00e9 dif\u00edcil, mas voc\u00ea deve evitar fazer medi\u00e7\u00f5es duplas.<\/p>\n<p>&nbsp;<\/p>\n<p> &nbsp;<\/p>\n<p>&nbsp;<\/p>\n<p>&nbsp;<\/p>\n<p>&nbsp;<\/p>\n<p>&nbsp;<\/p>\n<p>Enquanto a metanfetamina se destina a manter o foco, o que Em caso de abuso, pode facilmente resultar em s\u00e9rios problemas m\u00e9dicos, portanto, procurar assist\u00eancia de profissionais de sa\u00fade qualificados \u00e9 o melhor curso de a\u00e7\u00e3o.<\/p>\n<p>&nbsp;<\/p>\n<p>&nbsp;<\/p>\n<p>&nbsp;<\/p>\n<p>&nbsp;<\/p>\n<p>&nbsp;<\/p>\n<p>&nbsp;<\/p>\n<p>Melhores rem\u00e9dios globais. oferece Crystal Meth \u2013 Metanfetamina para venda online.<\/p>\n<p>Al\u00e9m disso, mantenha as metanfetaminas \u00e0 temperatura ambiente em \u00e1reas desprovidas de luz e calor. Da mesma forma, n\u00e3o lave este medicamento. Seus filhos e animais de estima\u00e7\u00e3o n\u00e3o devem ser expostos a este medicamento de forma alguma.<\/p>\n<p>Voc\u00ea pode, no entanto, comprar Crystal Meth \u2013 Metanfetamina on-line do varejista on-line mais respeit\u00e1vel \u2013 Chemical Inc.<\/p>\n<p> Compre metanfetaminas sem receita m\u00e9dica, as metanfetaminas est\u00e3o dispon\u00edveis para compra on-line ao melhor pre\u00e7o poss\u00edvel.<br \/> Compre os medicamentos mais eficazes agora mesmo!<br \/> Compra on-line de Crystal Meth<\/p>\n<p>Usu\u00e1rios de metanfetamina devem procurar tratamento imediatamente.<\/p>\n<p>Embora muitos sintomas f\u00edsicos possam ser revertidos com o tratamento adequado, o envelhecimento avan\u00e7ado e a c\u00e1rie dent\u00e1ria s\u00e3o mais dif\u00edceis de reverter, e o dano \u00e9 frequentemente irrevers\u00edvel.<\/p>\n<p>Al\u00e9m disso, o uso de metanfetaminas pode resultar em psicose, ou comportamento psic\u00f3tico, em que os usu\u00e1rios perdem o contato com a realidade e experimentam del\u00edrios graves, paran\u00f3ia, alucina\u00e7\u00f5es e comportamento obsessivo que os impedem de compreender verdadeiramente o dano que est\u00e3o causando a si mesmos.<\/p>\n<p>\u00c9 \u00e9 fundamental para o viciado procure ajuda imediatamente, caso contr\u00e1rio sofrer\u00e3o essas consequ\u00eancias f\u00edsicas e psicol\u00f3gicas, al\u00e9m de outros sintomas comuns, como relacionamentos destru\u00eddos, mis\u00e9ria financeira e acusa\u00e7\u00f5es criminais.<\/p>\n<p>Quase todas as fam\u00edlias s\u00e3o afetadas pelo v\u00edcio, que causa estragos na sa\u00fade f\u00edsica e mental, relacionamentos e finan\u00e7as pessoais. M\u00e3es, pais, irm\u00e3os, irm\u00e3s, filhas e filhos est\u00e3o todos inclu\u00eddos nesta categoria.<\/p>\n<p>Ningu\u00e9m est\u00e1 imune \u00e0s terr\u00edveis consequ\u00eancias a longo prazo do abuso de drogas pesadas.<br \/> O que se segue \u00e9 um retrato s\u00f3brio de Pessoas REAIS.<\/p>\n<p>N\u00f3s sucumbimos ao fasc\u00ednio do uso de drogas \u2013 neste caso, metanfetamina \u2013 e suas consequ\u00eancias devastadoras s\u00e3o muito evidentes.<br \/> Se voc\u00ea ou um ente querido est\u00e1 lutando com um depend\u00eancia de metanfetamina, ou se voc\u00ea estiver interessado em saber mais, visite os seguintes sites para obter ajuda com a recupera\u00e7\u00e3o.<\/p>\n<p>&nbsp;<\/p>\n<p>efeitos colaterais da metanfetamina, estrutura da metanfetamina, quanto tempo dura a metanfetamina permanecer em seu sistema, como fumar metanfetamina, hero\u00edna, coca\u00edna, metanfetamina, cigarros e \u00e1lcool s\u00e3o exemplos de ________. , e como \u00e9 a metanfetamina? super metanfetamina, efeitos colaterais da metanfetamina, estrutura da metanfetamina, quanto tempo a metanfetamina permanece em seu sistema, como fumar metanfetamina, hero\u00edna, coca\u00edna, metanfetamina, cigarros e \u00e1lcool s\u00e3o todos exemplos de ________., metanfetamina rosa, cheirar metanfetamina de cristal, pre\u00e7os de metanfetamina Qual \u00e9 o gosto da metanfetamina, quanto tempo ela permanece na sua urina e qual \u00e9 a apar\u00eancia da metanfetamina? metanfetamina suprema<\/p>\n","protected":false},"excerpt":{"rendered":"<p>Compre Crystal Meth para venda Reino Unido, Europa \u00c1sia, Metanfetamina Online compre metanfetamina conosco, podemos entregar a voc\u00ea de qualquer lugar em todo o mundo.<\/p>\n<p>Compre crystal meth online Comprimidos \u2013 Compre 96,8% de metanfetamina de cristal puro \u2013 Onde comprar metanfetamina online \u2013 Compre metanfetamina 96,8% pura \u2013 Compre metanfetamina online<\/p>\n","protected":false},"featured_media":4844,"comment_status":"open","ping_status":"closed","template":"","meta":[],"product_brand":[],"product_cat":[703],"product_tag":[706,707,723,720,704,705,721,712,709,713,714,715,716,718,717,710,711,722,708,719,724],"class_list":{"0":"post-4830","1":"product","2":"type-product","3":"status-publish","4":"has-post-thumbnail","6":"product_cat-compre-drogas-psicodelicas","7":"product_tag-buy-crystal-meth-in-germany","8":"product_tag-buy-crystal-meth-in-spain","9":"product_tag-cheirando-cristal-metanfetamina","10":"product_tag-como--cristal-metanfetamina-fumado","11":"product_tag-comprar-cristal-metanfetamina-na-austrlia","12":"product_tag-comprar-cristal-metanfetamina-na-frana","13":"product_tag-cristal-de-metanfetamina","14":"product_tag-crystal-meth-alemanha","15":"product_tag-crystal-meth-australia","16":"product_tag-crystal-meth-pic","17":"product_tag-crystal-meth-pipe","18":"product_tag-crystal-meth-spain","19":"product_tag-cristal-met-sucia","20":"product_tag-crystal-meth-vendor-eua","21":"product_tag-cristal-metanfetamina-frana","22":"product_tag-cristal-metanfetamina","23":"product_tag-efeitos-de-metanfetamina","24":"product_tag-fotos-de-cristal-metanfetamina","25":"product_tag-metanfetamina","26":"product_tag-metanfetamina-de-cristal-falso","27":"product_tag-o-que--metanfetamina","29":"first","30":"instock","31":"shipping-taxable","32":"purchasable","33":"product-type-variable"},"yoast_head":"<!-- This site is optimized with the Yoast SEO plugin v27.3 - https:\/\/yoast.com\/product\/yoast-seo-wordpress\/ -->\n<title>Compre Crystal Meth - Metanfetamina - Best Best Global Meds<\/title>\n<meta name=\"description\" content=\"Compre Crystal Meth para venda Reino Unido, Europa \u00c1sia, Metanfetamina Online compre Metanfetamina conosco, podemos entreg\u00e1-lo de qualquer lugar em todo o mundo.\" \/>\n<meta name=\"robots\" content=\"index, follow, max-snippet:-1, max-image-preview:large, max-video-preview:-1\" \/>\n<link rel=\"canonical\" href=\"https:\/\/medicinasinc.com\/pt\/product\/comprar-cristal-metanfetamina-2\/\" \/>\n<meta property=\"og:locale\" content=\"pt_PT\" \/>\n<meta property=\"og:type\" content=\"article\" \/>\n<meta property=\"og:title\" content=\"Compre Crystal Meth - Metanfetamina - Best Best Global Meds\" \/>\n<meta property=\"og:description\" content=\"Compre Crystal Meth para venda Reino Unido, Europa \u00c1sia, Metanfetamina Online compre Metanfetamina conosco, podemos entreg\u00e1-lo de qualquer lugar em todo o mundo.\" \/>\n<meta property=\"og:url\" content=\"https:\/\/medicinasinc.com\/pt\/product\/comprar-cristal-metanfetamina-2\/\" \/>\n<meta property=\"og:site_name\" content=\"Medicinas Inc\" \/>\n<meta property=\"article:modified_time\" content=\"2022-07-05T23:43:39+00:00\" \/>\n<meta property=\"og:image\" content=\"https:\/\/medicinasinc.com\/pt\/wp-content\/uploads\/sites\/20\/2022\/02\/Buy-Crystal-Meth-1.jpg\" \/>\n\t<meta property=\"og:image:width\" content=\"1024\" \/>\n\t<meta property=\"og:image:height\" content=\"768\" \/>\n\t<meta property=\"og:image:type\" content=\"image\/jpeg\" \/>\n<meta name=\"twitter:card\" content=\"summary_large_image\" \/>\n<meta name=\"twitter:label1\" content=\"Tempo estimado de leitura\" \/>\n\t<meta name=\"twitter:data1\" content=\"4 minutos\" \/>\n<script type=\"application\/ld+json\" class=\"yoast-schema-graph\">{\"@context\":\"https:\\\/\\\/schema.org\",\"@graph\":[{\"@type\":\"WebPage\",\"@id\":\"https:\\\/\\\/medicinasinc.com\\\/pt\\\/product\\\/comprar-cristal-metanfetamina-2\\\/\",\"url\":\"https:\\\/\\\/medicinasinc.com\\\/pt\\\/product\\\/comprar-cristal-metanfetamina-2\\\/\",\"name\":\"Compre Crystal Meth - Metanfetamina - Best Best Global Meds\",\"isPartOf\":{\"@id\":\"https:\\\/\\\/medicinasinc.com\\\/pt\\\/#website\"},\"primaryImageOfPage\":{\"@id\":\"https:\\\/\\\/medicinasinc.com\\\/pt\\\/product\\\/comprar-cristal-metanfetamina-2\\\/#primaryimage\"},\"image\":{\"@id\":\"https:\\\/\\\/medicinasinc.com\\\/pt\\\/product\\\/comprar-cristal-metanfetamina-2\\\/#primaryimage\"},\"thumbnailUrl\":\"https:\\\/\\\/medicinasinc.com\\\/pt\\\/wp-content\\\/uploads\\\/sites\\\/20\\\/2022\\\/02\\\/Buy-Crystal-Meth-1.jpg\",\"datePublished\":\"2022-02-20T16:34:51+00:00\",\"dateModified\":\"2022-07-05T23:43:39+00:00\",\"description\":\"Compre Crystal Meth para venda Reino Unido, Europa \u00c1sia, Metanfetamina Online compre Metanfetamina conosco, podemos entreg\u00e1-lo de qualquer lugar em todo o mundo.\",\"breadcrumb\":{\"@id\":\"https:\\\/\\\/medicinasinc.com\\\/pt\\\/product\\\/comprar-cristal-metanfetamina-2\\\/#breadcrumb\"},\"inLanguage\":\"pt-PT\",\"potentialAction\":[{\"@type\":\"ReadAction\",\"target\":[\"https:\\\/\\\/medicinasinc.com\\\/pt\\\/product\\\/comprar-cristal-metanfetamina-2\\\/\"]}]},{\"@type\":\"ImageObject\",\"inLanguage\":\"pt-PT\",\"@id\":\"https:\\\/\\\/medicinasinc.com\\\/pt\\\/product\\\/comprar-cristal-metanfetamina-2\\\/#primaryimage\",\"url\":\"https:\\\/\\\/medicinasinc.com\\\/pt\\\/wp-content\\\/uploads\\\/sites\\\/20\\\/2022\\\/02\\\/Buy-Crystal-Meth-1.jpg\",\"contentUrl\":\"https:\\\/\\\/medicinasinc.com\\\/pt\\\/wp-content\\\/uploads\\\/sites\\\/20\\\/2022\\\/02\\\/Buy-Crystal-Meth-1.jpg\",\"width\":1024,\"height\":768},{\"@type\":\"BreadcrumbList\",\"@id\":\"https:\\\/\\\/medicinasinc.com\\\/pt\\\/product\\\/comprar-cristal-metanfetamina-2\\\/#breadcrumb\",\"itemListElement\":[{\"@type\":\"ListItem\",\"position\":1,\"name\":\"Comprar\",\"item\":\"https:\\\/\\\/medicinasinc.com\\\/pt\\\/comprar\\\/\"},{\"@type\":\"ListItem\",\"position\":2,\"name\":\"Comprar metanfetamina\"}]},{\"@type\":\"WebSite\",\"@id\":\"https:\\\/\\\/medicinasinc.com\\\/pt\\\/#website\",\"url\":\"https:\\\/\\\/medicinasinc.com\\\/pt\\\/\",\"name\":\"Medicinas Inc\",\"description\":\"Health Medical Clinic\",\"potentialAction\":[{\"@type\":\"SearchAction\",\"target\":{\"@type\":\"EntryPoint\",\"urlTemplate\":\"https:\\\/\\\/medicinasinc.com\\\/pt\\\/?s={search_term_string}\"},\"query-input\":{\"@type\":\"PropertyValueSpecification\",\"valueRequired\":true,\"valueName\":\"search_term_string\"}}],\"inLanguage\":\"pt-PT\"}]}<\/script>\n<!-- \/ Yoast SEO plugin. -->","yoast_head_json":{"title":"Compre Crystal Meth - Metanfetamina - Best Best Global Meds","description":"Compre Crystal Meth para venda Reino Unido, Europa \u00c1sia, Metanfetamina Online compre Metanfetamina conosco, podemos entreg\u00e1-lo de qualquer lugar em todo o mundo.","robots":{"index":"index","follow":"follow","max-snippet":"max-snippet:-1","max-image-preview":"max-image-preview:large","max-video-preview":"max-video-preview:-1"},"canonical":"https:\/\/medicinasinc.com\/pt\/product\/comprar-cristal-metanfetamina-2\/","og_locale":"pt_PT","og_type":"article","og_title":"Compre Crystal Meth - Metanfetamina - Best Best Global Meds","og_description":"Compre Crystal Meth para venda Reino Unido, Europa \u00c1sia, Metanfetamina Online compre Metanfetamina conosco, podemos entreg\u00e1-lo de qualquer lugar em todo o mundo.","og_url":"https:\/\/medicinasinc.com\/pt\/product\/comprar-cristal-metanfetamina-2\/","og_site_name":"Medicinas Inc","article_modified_time":"2022-07-05T23:43:39+00:00","og_image":[{"width":1024,"height":768,"url":"https:\/\/medicinasinc.com\/pt\/wp-content\/uploads\/sites\/20\/2022\/02\/Buy-Crystal-Meth-1.jpg","type":"image\/jpeg"}],"twitter_card":"summary_large_image","twitter_misc":{"Tempo estimado de leitura":"4 minutos"},"schema":{"@context":"https:\/\/schema.org","@graph":[{"@type":"WebPage","@id":"https:\/\/medicinasinc.com\/pt\/product\/comprar-cristal-metanfetamina-2\/","url":"https:\/\/medicinasinc.com\/pt\/product\/comprar-cristal-metanfetamina-2\/","name":"Compre Crystal Meth - Metanfetamina - Best Best Global Meds","isPartOf":{"@id":"https:\/\/medicinasinc.com\/pt\/#website"},"primaryImageOfPage":{"@id":"https:\/\/medicinasinc.com\/pt\/product\/comprar-cristal-metanfetamina-2\/#primaryimage"},"image":{"@id":"https:\/\/medicinasinc.com\/pt\/product\/comprar-cristal-metanfetamina-2\/#primaryimage"},"thumbnailUrl":"https:\/\/medicinasinc.com\/pt\/wp-content\/uploads\/sites\/20\/2022\/02\/Buy-Crystal-Meth-1.jpg","datePublished":"2022-02-20T16:34:51+00:00","dateModified":"2022-07-05T23:43:39+00:00","description":"Compre Crystal Meth para venda Reino Unido, Europa \u00c1sia, Metanfetamina Online compre Metanfetamina conosco, podemos entreg\u00e1-lo de qualquer lugar em todo o mundo.","breadcrumb":{"@id":"https:\/\/medicinasinc.com\/pt\/product\/comprar-cristal-metanfetamina-2\/#breadcrumb"},"inLanguage":"pt-PT","potentialAction":[{"@type":"ReadAction","target":["https:\/\/medicinasinc.com\/pt\/product\/comprar-cristal-metanfetamina-2\/"]}]},{"@type":"ImageObject","inLanguage":"pt-PT","@id":"https:\/\/medicinasinc.com\/pt\/product\/comprar-cristal-metanfetamina-2\/#primaryimage","url":"https:\/\/medicinasinc.com\/pt\/wp-content\/uploads\/sites\/20\/2022\/02\/Buy-Crystal-Meth-1.jpg","contentUrl":"https:\/\/medicinasinc.com\/pt\/wp-content\/uploads\/sites\/20\/2022\/02\/Buy-Crystal-Meth-1.jpg","width":1024,"height":768},{"@type":"BreadcrumbList","@id":"https:\/\/medicinasinc.com\/pt\/product\/comprar-cristal-metanfetamina-2\/#breadcrumb","itemListElement":[{"@type":"ListItem","position":1,"name":"Comprar","item":"https:\/\/medicinasinc.com\/pt\/comprar\/"},{"@type":"ListItem","position":2,"name":"Comprar metanfetamina"}]},{"@type":"WebSite","@id":"https:\/\/medicinasinc.com\/pt\/#website","url":"https:\/\/medicinasinc.com\/pt\/","name":"Medicinas Inc","description":"Health Medical Clinic","potentialAction":[{"@type":"SearchAction","target":{"@type":"EntryPoint","urlTemplate":"https:\/\/medicinasinc.com\/pt\/?s={search_term_string}"},"query-input":{"@type":"PropertyValueSpecification","valueRequired":true,"valueName":"search_term_string"}}],"inLanguage":"pt-PT"}]}},"_links":{"self":[{"href":"https:\/\/medicinasinc.com\/pt\/wp-json\/wp\/v2\/product\/4830","targetHints":{"allow":["GET"]}}],"collection":[{"href":"https:\/\/medicinasinc.com\/pt\/wp-json\/wp\/v2\/product"}],"about":[{"href":"https:\/\/medicinasinc.com\/pt\/wp-json\/wp\/v2\/types\/product"}],"replies":[{"embeddable":true,"href":"https:\/\/medicinasinc.com\/pt\/wp-json\/wp\/v2\/comments?post=4830"}],"wp:featuredmedia":[{"embeddable":true,"href":"https:\/\/medicinasinc.com\/pt\/wp-json\/wp\/v2\/media\/4844"}],"wp:attachment":[{"href":"https:\/\/medicinasinc.com\/pt\/wp-json\/wp\/v2\/media?parent=4830"}],"wp:term":[{"taxonomy":"product_brand","embeddable":true,"href":"https:\/\/medicinasinc.com\/pt\/wp-json\/wp\/v2\/product_brand?post=4830"},{"taxonomy":"product_cat","embeddable":true,"href":"https:\/\/medicinasinc.com\/pt\/wp-json\/wp\/v2\/product_cat?post=4830"},{"taxonomy":"product_tag","embeddable":true,"href":"https:\/\/medicinasinc.com\/pt\/wp-json\/wp\/v2\/product_tag?post=4830"}],"curies":[{"name":"wp","href":"https:\/\/api.w.org\/{rel}","templated":true}]}}