{"id":4829,"date":"2022-02-20T16:33:58","date_gmt":"2022-02-20T16:33:58","guid":{"rendered":"https:\/\/medicinasinc.com\/pt\/?post_type=product&#038;p=4829"},"modified":"2022-07-05T23:43:53","modified_gmt":"2022-07-05T23:43:53","slug":"comprar-liquido-lsd","status":"publish","type":"product","link":"https:\/\/medicinasinc.com\/pt\/product\/comprar-liquido-lsd\/","title":{"rendered":"Compre LSD L\u00edquido"},"content":{"rendered":"<p>Compre LSD L\u00edquido com Desconto Online<\/p>\n<p>Assim como Green Crack (e n\u00e3o deve ser confundido com LSD), Acid \u00e9 uma cepa com o nome de uma subst\u00e2ncia levemente psicoativa. Tudo considerado, Acid possui for\u00e7a, combinando efeitos contra-intuitivos com uma fragr\u00e2ncia desconcertante. Acid \u00e9 uma variedade desenvolvida pela Paradise Seeds, os criadores de Delahaze e Sensi Star. \u00c9 derivado das caracter\u00edsticas heredit\u00e1rias da cepa New York Sour Diesel mais popular. Seu fasc\u00ednio lhe rendeu o terceiro lugar na Copa THC Valencia 2016 da Espanha como Melhor Flor Cultivada em Interior. O teor de THC do Corrosive foi estimado entre 16 e 23%.<\/p>\n<p>Corrosivo deslumbra com flores estimadas m\u00e9dias a enormes que t\u00eam uma forma articulada em forma de p\u00e1, lembrando \u00e1rvores de Natal em miniatura, apertando de uma ampla base redonda a uma ponta pontiaguda. Com sua estrutura compacta e densa, esses bot\u00f5es s\u00e3o inconfundivelmente indica-dominantes. As folhas s\u00e3o de um verde escuro e s\u00e3o contorcidas com pistilos ondulados de cor terrosa. Finalmente, tricomas brancos brilhantes cobrem as superf\u00edcies interna e externa das flores de Acid, transmitindo as propriedades psicoativas da cepa e tornando os bot\u00f5es extremamente dif\u00edceis de separar sem a ajuda de um processador. fragr\u00e2ncia levemente \u00e1cida, que \u00e9 compensada por um forte toque c\u00edtrico. Da mesma forma, h\u00e1 notas de base s\u00f3lidas e almiscaradas que lembram solo \u00famido e incenso. Enquanto isso, separar ou granular esses peda\u00e7os densos produz o g\u00e1s de exaust\u00e3o adstringente que d\u00e1 \u00e0 cepa original New York Sour Diesel seu sabor acentuado e bem conhecido. Quando combust\u00edveis s\u00e3o inflamados em uma linha ou junta, o \u00e1cido produz uma fuma\u00e7a suave e facilmente ingerida. Ao expirar, essa fuma\u00e7a densa deixa um sabor residual de lim\u00e3o e diesel.<\/p>\n<p>A alta do Corrosive come\u00e7a gradualmente e distorce a percep\u00e7\u00e3o do fumante de suas atualiza\u00e7\u00f5es externas. Certos sons podem ser amplificados, como se fossem gerados dentro de uma c\u00e2mara de reverbera\u00e7\u00e3o. Al\u00e9m disso, tons distintos e luzes brilhantes podem adquirir um novo significado. Quando esses efeitos tang\u00edveis se tornam esmagadores, maravilhas alucin\u00f3genas mais v\u00edvidas come\u00e7am a se manifestar, semelhantes a contor\u00e7\u00f5es internas e externas de percep\u00e7\u00e3o e uma sensa\u00e7\u00e3o s\u00f3lida de expans\u00e3o do tempo. Fumantes podem experimentar um peso deliberado em torno dos santu\u00e1rios e \u00f3rg\u00e3os linf\u00e1ticos ao longo do tempo, bem como um ligeiro aumento na saliva\u00e7\u00e3o. Esses arrepios se transformam em inunda\u00e7\u00f5es de relaxamento que percorrem a espinha e saem pelo sistema nervoso central e ap\u00eandices. Embora esses efeitos de al\u00edvio possam n\u00e3o imobilizar completamente os clientes, eles podem se sentir compelidos a relaxar nos fatores ambientais mais pr\u00f3ximos.<\/p>\n<p>O efeito corrosivo tamb\u00e9m \u00e9 caracterizado por uma mentalidade cerebral na qual o fumante pode se conectar com pensamentos ou ideias incomuns , achando-os mais fascinantes do que s\u00e3o em qualquer caso. Esse racioc\u00ednio abertamente conhecido pode ser um m\u00e9todo eficaz para descobrir novas solu\u00e7\u00f5es para quest\u00f5es desconcertantes ou para gerenciar tarefas espec\u00edficas de trabalho. Com o tempo \u2013 ou \u00e0 medida que a medi\u00e7\u00e3o \u00e9 aumentada \u2013 os efeitos psicol\u00f3gicos do \u00e1cido tornam-se mais maravilhosos do que \u00f3bvios, tornando nula e sem efeito qualquer efici\u00eancia anterior. Devido \u00e0 sua perda progressiva de energia, esta variedade \u00e9 melhor apreciada no final da noite ou \u00e0 noite.<\/p>\n<p>LSD L\u00edquido 200ug\/gota, \u00e1cido \u00e0 venda online, LSD \u00e0 venda online, compra lsd online, \u00e1cido LSD \u00e0 venda on-line, loja on-line lsd, lsd l\u00edquido \u00e0 venda, \u00e1cido \u00e0 venda on-line<\/p>\n","protected":false},"excerpt":{"rendered":"<p>Compre LSD Online LSD L\u00edquido, Detalhes Lysergide (LSD) \u00e9 um alucin\u00f3geno semi-sint\u00e9tico e \u00e9 uma das drogas mais potentes conhecidas. Uso recreativo .<\/p>\n<p>Compre LSD l\u00edquido de baixo custo online. LSD l\u00edquido genu\u00edno para venda online | Compre LSD l\u00edquido online | Comprar LSD l\u00edquido para venda| Comprar LSD l\u00edquido barato | Onde comprar LSD l\u00edquido online<\/p>\n","protected":false},"featured_media":4842,"comment_status":"open","ping_status":"closed","template":"","meta":[],"product_brand":[],"product_cat":[703],"product_tag":[],"class_list":{"0":"post-4829","1":"product","2":"type-product","3":"status-publish","4":"has-post-thumbnail","6":"product_cat-compre-drogas-psicodelicas","8":"first","9":"instock","10":"shipping-taxable","11":"purchasable","12":"product-type-variable","13":"has-default-attributes"},"yoast_head":"<!-- This site is optimized with the Yoast SEO plugin v27.3 - https:\/\/yoast.com\/product\/yoast-seo-wordpress\/ -->\n<title>Compre LSD L\u00edquido - Melhores Melhores Medicamentos Globais<\/title>\n<meta name=\"description\" content=\"Compre LSD Online LSD L\u00edquido, Detalhes Lysergide (LSD) \u00e9 um alucin\u00f3geno semi-sint\u00e9tico e \u00e9 uma das drogas mais potentes conhecidas. Uso recreativo .\" \/>\n<meta name=\"robots\" content=\"index, follow, max-snippet:-1, max-image-preview:large, max-video-preview:-1\" \/>\n<link rel=\"canonical\" href=\"https:\/\/medicinasinc.com\/pt\/product\/comprar-liquido-lsd\/\" \/>\n<meta property=\"og:locale\" content=\"pt_PT\" \/>\n<meta property=\"og:type\" content=\"article\" \/>\n<meta property=\"og:title\" content=\"Compre LSD L\u00edquido - Melhores Melhores Medicamentos Globais\" \/>\n<meta property=\"og:description\" content=\"Compre LSD Online LSD L\u00edquido, Detalhes Lysergide (LSD) \u00e9 um alucin\u00f3geno semi-sint\u00e9tico e \u00e9 uma das drogas mais potentes conhecidas. Uso recreativo .\" \/>\n<meta property=\"og:url\" content=\"https:\/\/medicinasinc.com\/pt\/product\/comprar-liquido-lsd\/\" \/>\n<meta property=\"og:site_name\" content=\"Medicinas Inc\" \/>\n<meta property=\"article:modified_time\" content=\"2022-07-05T23:43:53+00:00\" \/>\n<meta property=\"og:image\" content=\"https:\/\/medicinasinc.com\/pt\/wp-content\/uploads\/sites\/20\/2022\/02\/Buy-Liquid-LSD.jpg\" \/>\n\t<meta property=\"og:image:width\" content=\"512\" \/>\n\t<meta property=\"og:image:height\" content=\"512\" \/>\n\t<meta property=\"og:image:type\" content=\"image\/jpeg\" \/>\n<meta name=\"twitter:card\" content=\"summary_large_image\" \/>\n<meta name=\"twitter:label1\" content=\"Tempo estimado de leitura\" \/>\n\t<meta name=\"twitter:data1\" content=\"3 minutos\" \/>\n<script type=\"application\/ld+json\" class=\"yoast-schema-graph\">{\"@context\":\"https:\\\/\\\/schema.org\",\"@graph\":[{\"@type\":\"WebPage\",\"@id\":\"https:\\\/\\\/medicinasinc.com\\\/pt\\\/product\\\/comprar-liquido-lsd\\\/\",\"url\":\"https:\\\/\\\/medicinasinc.com\\\/pt\\\/product\\\/comprar-liquido-lsd\\\/\",\"name\":\"Compre LSD L\u00edquido - Melhores Melhores Medicamentos Globais\",\"isPartOf\":{\"@id\":\"https:\\\/\\\/medicinasinc.com\\\/pt\\\/#website\"},\"primaryImageOfPage\":{\"@id\":\"https:\\\/\\\/medicinasinc.com\\\/pt\\\/product\\\/comprar-liquido-lsd\\\/#primaryimage\"},\"image\":{\"@id\":\"https:\\\/\\\/medicinasinc.com\\\/pt\\\/product\\\/comprar-liquido-lsd\\\/#primaryimage\"},\"thumbnailUrl\":\"https:\\\/\\\/medicinasinc.com\\\/pt\\\/wp-content\\\/uploads\\\/sites\\\/20\\\/2022\\\/02\\\/Buy-Liquid-LSD.jpg\",\"datePublished\":\"2022-02-20T16:33:58+00:00\",\"dateModified\":\"2022-07-05T23:43:53+00:00\",\"description\":\"Compre LSD Online LSD L\u00edquido, Detalhes Lysergide (LSD) \u00e9 um alucin\u00f3geno semi-sint\u00e9tico e \u00e9 uma das drogas mais potentes conhecidas. Uso recreativo .\",\"breadcrumb\":{\"@id\":\"https:\\\/\\\/medicinasinc.com\\\/pt\\\/product\\\/comprar-liquido-lsd\\\/#breadcrumb\"},\"inLanguage\":\"pt-PT\",\"potentialAction\":[{\"@type\":\"ReadAction\",\"target\":[\"https:\\\/\\\/medicinasinc.com\\\/pt\\\/product\\\/comprar-liquido-lsd\\\/\"]}]},{\"@type\":\"ImageObject\",\"inLanguage\":\"pt-PT\",\"@id\":\"https:\\\/\\\/medicinasinc.com\\\/pt\\\/product\\\/comprar-liquido-lsd\\\/#primaryimage\",\"url\":\"https:\\\/\\\/medicinasinc.com\\\/pt\\\/wp-content\\\/uploads\\\/sites\\\/20\\\/2022\\\/02\\\/Buy-Liquid-LSD.jpg\",\"contentUrl\":\"https:\\\/\\\/medicinasinc.com\\\/pt\\\/wp-content\\\/uploads\\\/sites\\\/20\\\/2022\\\/02\\\/Buy-Liquid-LSD.jpg\",\"width\":512,\"height\":512},{\"@type\":\"BreadcrumbList\",\"@id\":\"https:\\\/\\\/medicinasinc.com\\\/pt\\\/product\\\/comprar-liquido-lsd\\\/#breadcrumb\",\"itemListElement\":[{\"@type\":\"ListItem\",\"position\":1,\"name\":\"Comprar\",\"item\":\"https:\\\/\\\/medicinasinc.com\\\/pt\\\/comprar\\\/\"},{\"@type\":\"ListItem\",\"position\":2,\"name\":\"Compre LSD L\u00edquido\"}]},{\"@type\":\"WebSite\",\"@id\":\"https:\\\/\\\/medicinasinc.com\\\/pt\\\/#website\",\"url\":\"https:\\\/\\\/medicinasinc.com\\\/pt\\\/\",\"name\":\"Medicinas Inc\",\"description\":\"Health Medical Clinic\",\"potentialAction\":[{\"@type\":\"SearchAction\",\"target\":{\"@type\":\"EntryPoint\",\"urlTemplate\":\"https:\\\/\\\/medicinasinc.com\\\/pt\\\/?s={search_term_string}\"},\"query-input\":{\"@type\":\"PropertyValueSpecification\",\"valueRequired\":true,\"valueName\":\"search_term_string\"}}],\"inLanguage\":\"pt-PT\"}]}<\/script>\n<!-- \/ Yoast SEO plugin. -->","yoast_head_json":{"title":"Compre LSD L\u00edquido - Melhores Melhores Medicamentos Globais","description":"Compre LSD Online LSD L\u00edquido, Detalhes Lysergide (LSD) \u00e9 um alucin\u00f3geno semi-sint\u00e9tico e \u00e9 uma das drogas mais potentes conhecidas. Uso recreativo .","robots":{"index":"index","follow":"follow","max-snippet":"max-snippet:-1","max-image-preview":"max-image-preview:large","max-video-preview":"max-video-preview:-1"},"canonical":"https:\/\/medicinasinc.com\/pt\/product\/comprar-liquido-lsd\/","og_locale":"pt_PT","og_type":"article","og_title":"Compre LSD L\u00edquido - Melhores Melhores Medicamentos Globais","og_description":"Compre LSD Online LSD L\u00edquido, Detalhes Lysergide (LSD) \u00e9 um alucin\u00f3geno semi-sint\u00e9tico e \u00e9 uma das drogas mais potentes conhecidas. Uso recreativo .","og_url":"https:\/\/medicinasinc.com\/pt\/product\/comprar-liquido-lsd\/","og_site_name":"Medicinas Inc","article_modified_time":"2022-07-05T23:43:53+00:00","og_image":[{"width":512,"height":512,"url":"https:\/\/medicinasinc.com\/pt\/wp-content\/uploads\/sites\/20\/2022\/02\/Buy-Liquid-LSD.jpg","type":"image\/jpeg"}],"twitter_card":"summary_large_image","twitter_misc":{"Tempo estimado de leitura":"3 minutos"},"schema":{"@context":"https:\/\/schema.org","@graph":[{"@type":"WebPage","@id":"https:\/\/medicinasinc.com\/pt\/product\/comprar-liquido-lsd\/","url":"https:\/\/medicinasinc.com\/pt\/product\/comprar-liquido-lsd\/","name":"Compre LSD L\u00edquido - Melhores Melhores Medicamentos Globais","isPartOf":{"@id":"https:\/\/medicinasinc.com\/pt\/#website"},"primaryImageOfPage":{"@id":"https:\/\/medicinasinc.com\/pt\/product\/comprar-liquido-lsd\/#primaryimage"},"image":{"@id":"https:\/\/medicinasinc.com\/pt\/product\/comprar-liquido-lsd\/#primaryimage"},"thumbnailUrl":"https:\/\/medicinasinc.com\/pt\/wp-content\/uploads\/sites\/20\/2022\/02\/Buy-Liquid-LSD.jpg","datePublished":"2022-02-20T16:33:58+00:00","dateModified":"2022-07-05T23:43:53+00:00","description":"Compre LSD Online LSD L\u00edquido, Detalhes Lysergide (LSD) \u00e9 um alucin\u00f3geno semi-sint\u00e9tico e \u00e9 uma das drogas mais potentes conhecidas. Uso recreativo .","breadcrumb":{"@id":"https:\/\/medicinasinc.com\/pt\/product\/comprar-liquido-lsd\/#breadcrumb"},"inLanguage":"pt-PT","potentialAction":[{"@type":"ReadAction","target":["https:\/\/medicinasinc.com\/pt\/product\/comprar-liquido-lsd\/"]}]},{"@type":"ImageObject","inLanguage":"pt-PT","@id":"https:\/\/medicinasinc.com\/pt\/product\/comprar-liquido-lsd\/#primaryimage","url":"https:\/\/medicinasinc.com\/pt\/wp-content\/uploads\/sites\/20\/2022\/02\/Buy-Liquid-LSD.jpg","contentUrl":"https:\/\/medicinasinc.com\/pt\/wp-content\/uploads\/sites\/20\/2022\/02\/Buy-Liquid-LSD.jpg","width":512,"height":512},{"@type":"BreadcrumbList","@id":"https:\/\/medicinasinc.com\/pt\/product\/comprar-liquido-lsd\/#breadcrumb","itemListElement":[{"@type":"ListItem","position":1,"name":"Comprar","item":"https:\/\/medicinasinc.com\/pt\/comprar\/"},{"@type":"ListItem","position":2,"name":"Compre LSD L\u00edquido"}]},{"@type":"WebSite","@id":"https:\/\/medicinasinc.com\/pt\/#website","url":"https:\/\/medicinasinc.com\/pt\/","name":"Medicinas Inc","description":"Health Medical Clinic","potentialAction":[{"@type":"SearchAction","target":{"@type":"EntryPoint","urlTemplate":"https:\/\/medicinasinc.com\/pt\/?s={search_term_string}"},"query-input":{"@type":"PropertyValueSpecification","valueRequired":true,"valueName":"search_term_string"}}],"inLanguage":"pt-PT"}]}},"_links":{"self":[{"href":"https:\/\/medicinasinc.com\/pt\/wp-json\/wp\/v2\/product\/4829","targetHints":{"allow":["GET"]}}],"collection":[{"href":"https:\/\/medicinasinc.com\/pt\/wp-json\/wp\/v2\/product"}],"about":[{"href":"https:\/\/medicinasinc.com\/pt\/wp-json\/wp\/v2\/types\/product"}],"replies":[{"embeddable":true,"href":"https:\/\/medicinasinc.com\/pt\/wp-json\/wp\/v2\/comments?post=4829"}],"wp:featuredmedia":[{"embeddable":true,"href":"https:\/\/medicinasinc.com\/pt\/wp-json\/wp\/v2\/media\/4842"}],"wp:attachment":[{"href":"https:\/\/medicinasinc.com\/pt\/wp-json\/wp\/v2\/media?parent=4829"}],"wp:term":[{"taxonomy":"product_brand","embeddable":true,"href":"https:\/\/medicinasinc.com\/pt\/wp-json\/wp\/v2\/product_brand?post=4829"},{"taxonomy":"product_cat","embeddable":true,"href":"https:\/\/medicinasinc.com\/pt\/wp-json\/wp\/v2\/product_cat?post=4829"},{"taxonomy":"product_tag","embeddable":true,"href":"https:\/\/medicinasinc.com\/pt\/wp-json\/wp\/v2\/product_tag?post=4829"}],"curies":[{"name":"wp","href":"https:\/\/api.w.org\/{rel}","templated":true}]}}