{"id":4810,"date":"2022-02-20T16:18:47","date_gmt":"2022-02-20T16:18:47","guid":{"rendered":"https:\/\/medicinasinc.com\/pt\/?post_type=product&#038;p=4810"},"modified":"2022-07-05T23:44:22","modified_gmt":"2022-07-05T23:44:22","slug":"comprar-thca-crystals-top-shelf","status":"publish","type":"product","link":"https:\/\/medicinasinc.com\/pt\/product\/comprar-thca-crystals-top-shelf\/","title":{"rendered":"Compre cristais de THCA &#8211; prateleira superior"},"content":{"rendered":"<p>THCA cristalino<\/p>\n<p>THCA cristalino, alternativamente referido como &#8220;cristais&#8221;, &#8220;cristais de THC&#8221; ou &#8220;diamantes&#8221;, \u00e9 um concentrado de cannabis de estado s\u00f3lido. Tem a apar\u00eancia de a\u00e7\u00facar grosso, do tipo que normalmente \u00e9 usado para decorar biscoitos de a\u00e7\u00facar ou para dar brilho no topo de tortas de frutas assadas. Crystalline \u00e9 fabricado para remover mat\u00e9ria vegetal e terpenos, que s\u00e3o as caracter\u00edsticas arom\u00e1ticas e de sabor distintivas de uma variedade ou variedade de cannabis.<\/p>\n<p>SIGNIFICADO DO THCA Crystalline<\/p>\n<p>Voc\u00ea pode ter ouvido o termo &#8221; Cristais de THC&#8221; ou &#8220;THC cristalino&#8221; usado para se referir a cristalino, mas o THC, que produz uma alta intoxicante, n\u00e3o \u00e9 cristalino; quimicamente, o THC \u00e9 incapaz de formar uma estrutura cristalina. Em outras palavras, o que \u00e9 freq\u00fcentemente chamado de &#8220;cristais de THC&#8221; n\u00e3o \u00e9 THC puro, mas uma forma de THCA puro. No momento do consumo, o THCA cristaliza em THC ativo via descarboxila\u00e7\u00e3o. Crystalline \u00e9 produzido com um \u00fanico canabin\u00f3ide. THCA, CBDA e CBD s\u00e3o os \u00fanicos canabin\u00f3ides dispon\u00edveis na forma cristalina. Qualquer pessoa que consuma THCA, CBDA ou CBD n\u00e3o experimentar\u00e1 uma alta intoxicante, embora o THCA se converta em THC quando aquecido, tornando o cristalino intoxicante.<\/p>\n<p>COMO CRIAR THCA CRISTALINO<\/p>\n<p>Cristalino \u00e9 frequentemente fumado ou enxugado com um dab rig. Um dab rig \u00e9 um aparelho de fumar, semelhante a um pequeno bong de \u00e1gua, que vaporiza o cristal aquecido para inala\u00e7\u00e3o em doses \u00fanicas e medidas. Os cristalinos s\u00e3o frequentemente consumidos por via oral, seja como ingrediente em comest\u00edveis ou dissolvidos em \u00f3leo para criar um produto semelhante a uma tintura. Os cristais s\u00e3o frequentemente dissolvidos em \u00f3leo vegetal ou manteiga e usados \u200b\u200bcomo ingrediente em comest\u00edveis caseiros. Os \u00f3leos vegetais e de copra s\u00e3o os solventes mais usados \u200b\u200bpara dissolver cristais para criar um produto semelhante a uma tintura.<\/p>\n","protected":false},"excerpt":{"rendered":"<p>Compre thca crystalline online na Europa, thca crystal \u00e0 venda, crystalline diamonds na Holanda, thc crystalline perto de mim, thc crystals \u00e0 venda na Europa.<\/p>\n<ul>\n<li>Envio para todo o mundo<\/li>\n<li><strong>Um concentrado composto por 97-99% de THC<\/strong><\/li>\n<li><strong>99% de THC-A puro<\/strong><\/li>\n<li><strong>Fale conosco <\/strong>\u00a0para pedidos maiores<\/li>\n<\/ul>\n","protected":false},"featured_media":4823,"comment_status":"open","ping_status":"closed","template":"","meta":[],"product_brand":[],"product_cat":[702],"product_tag":[],"class_list":{"0":"post-4810","1":"product","2":"type-product","3":"status-publish","4":"has-post-thumbnail","6":"product_cat-compre-cera-de-maconha","8":"first","9":"instock","10":"shipping-taxable","11":"purchasable","12":"product-type-variable","13":"has-default-attributes"},"yoast_head":"<!-- This site is optimized with the Yoast SEO plugin v27.3 - https:\/\/yoast.com\/product\/yoast-seo-wordpress\/ -->\n<title>Compre Cristais THCA - Prateleira Superior - Melhores Melhores Medicamentos Globais<\/title>\n<meta name=\"description\" content=\"Compre thca crystalline online Europa, thca crystal \u00e0 venda, crystalline diamonds NL, thc crystalline perto de mim, compre thc crystals na Europa.\" \/>\n<meta name=\"robots\" content=\"index, follow, max-snippet:-1, max-image-preview:large, max-video-preview:-1\" \/>\n<link rel=\"canonical\" href=\"https:\/\/medicinasinc.com\/pt\/product\/comprar-thca-crystals-top-shelf\/\" \/>\n<meta property=\"og:locale\" content=\"pt_PT\" \/>\n<meta property=\"og:type\" content=\"article\" \/>\n<meta property=\"og:title\" content=\"Compre Cristais THCA - Prateleira Superior - Melhores Melhores Medicamentos Globais\" \/>\n<meta property=\"og:description\" content=\"Compre thca crystalline online Europa, thca crystal \u00e0 venda, crystalline diamonds NL, thc crystalline perto de mim, compre thc crystals na Europa.\" \/>\n<meta property=\"og:url\" content=\"https:\/\/medicinasinc.com\/pt\/product\/comprar-thca-crystals-top-shelf\/\" \/>\n<meta property=\"og:site_name\" content=\"Medicinas Inc\" \/>\n<meta property=\"article:modified_time\" content=\"2022-07-05T23:44:22+00:00\" \/>\n<meta property=\"og:image\" content=\"https:\/\/medicinasinc.com\/pt\/wp-content\/uploads\/sites\/20\/2022\/02\/Buy-THCA-Crystals-Top-Shelf.jpg\" \/>\n\t<meta property=\"og:image:width\" content=\"600\" \/>\n\t<meta property=\"og:image:height\" content=\"600\" \/>\n\t<meta property=\"og:image:type\" content=\"image\/jpeg\" \/>\n<meta name=\"twitter:card\" content=\"summary_large_image\" \/>\n<meta name=\"twitter:label1\" content=\"Tempo estimado de leitura\" \/>\n\t<meta name=\"twitter:data1\" content=\"2 minutos\" \/>\n<script type=\"application\/ld+json\" class=\"yoast-schema-graph\">{\"@context\":\"https:\\\/\\\/schema.org\",\"@graph\":[{\"@type\":\"WebPage\",\"@id\":\"https:\\\/\\\/medicinasinc.com\\\/pt\\\/product\\\/comprar-thca-crystals-top-shelf\\\/\",\"url\":\"https:\\\/\\\/medicinasinc.com\\\/pt\\\/product\\\/comprar-thca-crystals-top-shelf\\\/\",\"name\":\"Compre Cristais THCA - Prateleira Superior - Melhores Melhores Medicamentos Globais\",\"isPartOf\":{\"@id\":\"https:\\\/\\\/medicinasinc.com\\\/pt\\\/#website\"},\"primaryImageOfPage\":{\"@id\":\"https:\\\/\\\/medicinasinc.com\\\/pt\\\/product\\\/comprar-thca-crystals-top-shelf\\\/#primaryimage\"},\"image\":{\"@id\":\"https:\\\/\\\/medicinasinc.com\\\/pt\\\/product\\\/comprar-thca-crystals-top-shelf\\\/#primaryimage\"},\"thumbnailUrl\":\"https:\\\/\\\/medicinasinc.com\\\/pt\\\/wp-content\\\/uploads\\\/sites\\\/20\\\/2022\\\/02\\\/Buy-THCA-Crystals-Top-Shelf.jpg\",\"datePublished\":\"2022-02-20T16:18:47+00:00\",\"dateModified\":\"2022-07-05T23:44:22+00:00\",\"description\":\"Compre thca crystalline online Europa, thca crystal \u00e0 venda, crystalline diamonds NL, thc crystalline perto de mim, compre thc crystals na Europa.\",\"breadcrumb\":{\"@id\":\"https:\\\/\\\/medicinasinc.com\\\/pt\\\/product\\\/comprar-thca-crystals-top-shelf\\\/#breadcrumb\"},\"inLanguage\":\"pt-PT\",\"potentialAction\":[{\"@type\":\"ReadAction\",\"target\":[\"https:\\\/\\\/medicinasinc.com\\\/pt\\\/product\\\/comprar-thca-crystals-top-shelf\\\/\"]}]},{\"@type\":\"ImageObject\",\"inLanguage\":\"pt-PT\",\"@id\":\"https:\\\/\\\/medicinasinc.com\\\/pt\\\/product\\\/comprar-thca-crystals-top-shelf\\\/#primaryimage\",\"url\":\"https:\\\/\\\/medicinasinc.com\\\/pt\\\/wp-content\\\/uploads\\\/sites\\\/20\\\/2022\\\/02\\\/Buy-THCA-Crystals-Top-Shelf.jpg\",\"contentUrl\":\"https:\\\/\\\/medicinasinc.com\\\/pt\\\/wp-content\\\/uploads\\\/sites\\\/20\\\/2022\\\/02\\\/Buy-THCA-Crystals-Top-Shelf.jpg\",\"width\":600,\"height\":600},{\"@type\":\"BreadcrumbList\",\"@id\":\"https:\\\/\\\/medicinasinc.com\\\/pt\\\/product\\\/comprar-thca-crystals-top-shelf\\\/#breadcrumb\",\"itemListElement\":[{\"@type\":\"ListItem\",\"position\":1,\"name\":\"Comprar\",\"item\":\"https:\\\/\\\/medicinasinc.com\\\/pt\\\/comprar\\\/\"},{\"@type\":\"ListItem\",\"position\":2,\"name\":\"Compre cristais de THCA &#8211; prateleira superior\"}]},{\"@type\":\"WebSite\",\"@id\":\"https:\\\/\\\/medicinasinc.com\\\/pt\\\/#website\",\"url\":\"https:\\\/\\\/medicinasinc.com\\\/pt\\\/\",\"name\":\"Medicinas Inc\",\"description\":\"Health Medical Clinic\",\"potentialAction\":[{\"@type\":\"SearchAction\",\"target\":{\"@type\":\"EntryPoint\",\"urlTemplate\":\"https:\\\/\\\/medicinasinc.com\\\/pt\\\/?s={search_term_string}\"},\"query-input\":{\"@type\":\"PropertyValueSpecification\",\"valueRequired\":true,\"valueName\":\"search_term_string\"}}],\"inLanguage\":\"pt-PT\"}]}<\/script>\n<!-- \/ Yoast SEO plugin. -->","yoast_head_json":{"title":"Compre Cristais THCA - Prateleira Superior - Melhores Melhores Medicamentos Globais","description":"Compre thca crystalline online Europa, thca crystal \u00e0 venda, crystalline diamonds NL, thc crystalline perto de mim, compre thc crystals na Europa.","robots":{"index":"index","follow":"follow","max-snippet":"max-snippet:-1","max-image-preview":"max-image-preview:large","max-video-preview":"max-video-preview:-1"},"canonical":"https:\/\/medicinasinc.com\/pt\/product\/comprar-thca-crystals-top-shelf\/","og_locale":"pt_PT","og_type":"article","og_title":"Compre Cristais THCA - Prateleira Superior - Melhores Melhores Medicamentos Globais","og_description":"Compre thca crystalline online Europa, thca crystal \u00e0 venda, crystalline diamonds NL, thc crystalline perto de mim, compre thc crystals na Europa.","og_url":"https:\/\/medicinasinc.com\/pt\/product\/comprar-thca-crystals-top-shelf\/","og_site_name":"Medicinas Inc","article_modified_time":"2022-07-05T23:44:22+00:00","og_image":[{"width":600,"height":600,"url":"https:\/\/medicinasinc.com\/pt\/wp-content\/uploads\/sites\/20\/2022\/02\/Buy-THCA-Crystals-Top-Shelf.jpg","type":"image\/jpeg"}],"twitter_card":"summary_large_image","twitter_misc":{"Tempo estimado de leitura":"2 minutos"},"schema":{"@context":"https:\/\/schema.org","@graph":[{"@type":"WebPage","@id":"https:\/\/medicinasinc.com\/pt\/product\/comprar-thca-crystals-top-shelf\/","url":"https:\/\/medicinasinc.com\/pt\/product\/comprar-thca-crystals-top-shelf\/","name":"Compre Cristais THCA - Prateleira Superior - Melhores Melhores Medicamentos Globais","isPartOf":{"@id":"https:\/\/medicinasinc.com\/pt\/#website"},"primaryImageOfPage":{"@id":"https:\/\/medicinasinc.com\/pt\/product\/comprar-thca-crystals-top-shelf\/#primaryimage"},"image":{"@id":"https:\/\/medicinasinc.com\/pt\/product\/comprar-thca-crystals-top-shelf\/#primaryimage"},"thumbnailUrl":"https:\/\/medicinasinc.com\/pt\/wp-content\/uploads\/sites\/20\/2022\/02\/Buy-THCA-Crystals-Top-Shelf.jpg","datePublished":"2022-02-20T16:18:47+00:00","dateModified":"2022-07-05T23:44:22+00:00","description":"Compre thca crystalline online Europa, thca crystal \u00e0 venda, crystalline diamonds NL, thc crystalline perto de mim, compre thc crystals na Europa.","breadcrumb":{"@id":"https:\/\/medicinasinc.com\/pt\/product\/comprar-thca-crystals-top-shelf\/#breadcrumb"},"inLanguage":"pt-PT","potentialAction":[{"@type":"ReadAction","target":["https:\/\/medicinasinc.com\/pt\/product\/comprar-thca-crystals-top-shelf\/"]}]},{"@type":"ImageObject","inLanguage":"pt-PT","@id":"https:\/\/medicinasinc.com\/pt\/product\/comprar-thca-crystals-top-shelf\/#primaryimage","url":"https:\/\/medicinasinc.com\/pt\/wp-content\/uploads\/sites\/20\/2022\/02\/Buy-THCA-Crystals-Top-Shelf.jpg","contentUrl":"https:\/\/medicinasinc.com\/pt\/wp-content\/uploads\/sites\/20\/2022\/02\/Buy-THCA-Crystals-Top-Shelf.jpg","width":600,"height":600},{"@type":"BreadcrumbList","@id":"https:\/\/medicinasinc.com\/pt\/product\/comprar-thca-crystals-top-shelf\/#breadcrumb","itemListElement":[{"@type":"ListItem","position":1,"name":"Comprar","item":"https:\/\/medicinasinc.com\/pt\/comprar\/"},{"@type":"ListItem","position":2,"name":"Compre cristais de THCA &#8211; prateleira superior"}]},{"@type":"WebSite","@id":"https:\/\/medicinasinc.com\/pt\/#website","url":"https:\/\/medicinasinc.com\/pt\/","name":"Medicinas Inc","description":"Health Medical Clinic","potentialAction":[{"@type":"SearchAction","target":{"@type":"EntryPoint","urlTemplate":"https:\/\/medicinasinc.com\/pt\/?s={search_term_string}"},"query-input":{"@type":"PropertyValueSpecification","valueRequired":true,"valueName":"search_term_string"}}],"inLanguage":"pt-PT"}]}},"_links":{"self":[{"href":"https:\/\/medicinasinc.com\/pt\/wp-json\/wp\/v2\/product\/4810","targetHints":{"allow":["GET"]}}],"collection":[{"href":"https:\/\/medicinasinc.com\/pt\/wp-json\/wp\/v2\/product"}],"about":[{"href":"https:\/\/medicinasinc.com\/pt\/wp-json\/wp\/v2\/types\/product"}],"replies":[{"embeddable":true,"href":"https:\/\/medicinasinc.com\/pt\/wp-json\/wp\/v2\/comments?post=4810"}],"wp:featuredmedia":[{"embeddable":true,"href":"https:\/\/medicinasinc.com\/pt\/wp-json\/wp\/v2\/media\/4823"}],"wp:attachment":[{"href":"https:\/\/medicinasinc.com\/pt\/wp-json\/wp\/v2\/media?parent=4810"}],"wp:term":[{"taxonomy":"product_brand","embeddable":true,"href":"https:\/\/medicinasinc.com\/pt\/wp-json\/wp\/v2\/product_brand?post=4810"},{"taxonomy":"product_cat","embeddable":true,"href":"https:\/\/medicinasinc.com\/pt\/wp-json\/wp\/v2\/product_cat?post=4810"},{"taxonomy":"product_tag","embeddable":true,"href":"https:\/\/medicinasinc.com\/pt\/wp-json\/wp\/v2\/product_tag?post=4810"}],"curies":[{"name":"wp","href":"https:\/\/api.w.org\/{rel}","templated":true}]}}