{"id":4768,"date":"2022-02-20T15:46:58","date_gmt":"2022-02-20T15:46:58","guid":{"rendered":"https:\/\/medicinasinc.com\/pt\/?post_type=product&#038;p=4768"},"modified":"2022-07-05T23:48:02","modified_gmt":"2022-07-05T23:48:02","slug":"comprar-k2-incenso-spray","status":"publish","type":"product","link":"https:\/\/medicinasinc.com\/pt\/product\/comprar-k2-incenso-spray\/","title":{"rendered":"Compre o spray de incenso K2"},"content":{"rendered":"<p>Compra online de spray de incenso K2<\/p>\n<p>Al\u00e9m disso, vendemos papel K2.<\/p>\n<p>O spray K2 est\u00e1 dispon\u00edvel para compra. \u00c9 inodoro e incolor.<\/p>\n<p>25ml s\u00e3o suficientes para pulverizar uma folha de papel A4 inteira.<\/p>\n<p>Sabor e K2 s\u00e3o os dois nomes mais comuns para a maconha sint\u00e9tica. Eles s\u00e3o constru\u00eddos usando material vegetal seco que foi infundido com um canabin\u00f3ide projetado. Os canabin\u00f3ides projetados s\u00e3o compostos sint\u00e9ticos que atuam nos receptores de canabin\u00f3ides do c\u00e9rebro da mesma forma que o Delta9-tetrahidrocanabinol (THC). Indiv\u00edduos que usam Spice relatam ter sensa\u00e7\u00f5es semelhantes \u00e0s associadas \u00e0 maconha. A maconha \u00e9 uma planta que cont\u00e9m canabin\u00f3ides, que s\u00e3o misturas. Sabor e K2 s\u00e3o dois termos que se referem a uma cole\u00e7\u00e3o de prescri\u00e7\u00f5es referidas como canabin\u00f3ides projetados (projetados). Eles s\u00e3o constru\u00eddos a partir de materiais vegetais secos que foram pulverizados com produtos qu\u00edmicos sint\u00e9ticos que alteram a mente. Os analistas inicialmente organizaram esses medicamentos fabricados para us\u00e1-los no exame.<\/p>\n<p>Al\u00e9m disso, o K2 est\u00e1 dispon\u00edvel em uma forma l\u00edquida que se degrada em cigarros eletr\u00f4nicos. Al\u00e9m disso, \u00e9 fumado em cachimbos, articula\u00e7\u00f5es ou transformado em ch\u00e1. K2 \u00e9 ent\u00e3o aspergido em plantas, papel e fibras em seu estado l\u00edquido. Embora os efeitos de fumar Spice possam se assemelhar aos de fumar maconha, a principal raz\u00e3o pela qual as pessoas fumam Spice \u00e9 porque \u00e9 modesto e considerando como \u00e9 conhecido&#8230; Normalmente, essa subst\u00e2ncia \u00e9 vendida como mat\u00e9ria vegetal. Independentemente do fato de vendermos um sabor k2 excepcional, o agregado de nossas misturas projetadas adere a todos os regulamentos atuais. Compre incenso de ervas on-line Acenda seus sentidos com o incenso de ervas K2 forte! Enquanto outros vendem misturas mortas sem representa\u00e7\u00e3o de poder, quando voc\u00ea compra o K2 de n\u00f3s, nossa qualidade fala por si! Vendemos incensos de ervas excepcionais e somos \u00fanicos entre os comerciantes de ervas zing. Tamb\u00e9m conhecido como spray de incenso K2, maconha sint\u00e9tica e erva daninha sint\u00e9tica, o spray k2 \u00e0 venda \u00e9 um tranquilizante de rua artificial que cont\u00e9m subst\u00e2ncias projetadas pulverizadas em sabores. No papel, l\u00edquido k2. Na web, voc\u00ea pode comprar K2 Spray e incenso fluido. Compre papel zing K2 de alta qualidade e receba-o \u00e0 sua porta. Voc\u00ea veio ao lugar certo se estiver procurando os melhores l\u00edquidos de incenso local K2 e polvilha E-Liquids na web. Vendemos a maioria do l\u00edquido K2 localmente com os pre\u00e7os mais baixos poss\u00edveis, a fim de atender \u00e0s necessidades de todos os clientes nos Estados Unidos da Am\u00e9rica e em todo o mundo. Outra aplica\u00e7\u00e3o not\u00e1vel \u00e9 a cria\u00e7\u00e3o de um chuveiro K2 que ser\u00e1 aplicado topicamente em geral. \u00c9 absolutamente necess\u00e1rio. Os canabin\u00f3ides produzidos, comumente chamados de &#8220;Flavor&#8221; ou &#8220;K2&#8221;, tornaram-se legais nos Estados Unidos no in\u00edcio dos anos 2000. Papel de especiarias K2 genu\u00edno. Vendemos o melhor papel misto K2 dispon\u00edvel online. Compre-o imediatamente. O que \u00e9 criado Marijuana (tamb\u00e9m conhecido como canabin\u00f3ides sint\u00e9ticos, K2 ou Spice)? Temos a melhor sele\u00e7\u00e3o de incenso local na web.<\/p>\n","protected":false},"excerpt":{"rendered":"<div class=\"woocommerce-product-details__short-description\">\n<p>Compre o spray de incenso K2, um spray de incenso inodoro e incolor. 25ml s\u00e3o suficientes para pulverizar uma folha de papel A4 inteira. Al\u00e9m disso, vendemos papel K2.<\/p>\n<p>k2 spray de especiarias diablo amazon, k2 spray atacado, spray k2 mais forte para venda, spray k2 legal para venda, spray k2 para venda on-line uk, incenso em spray l\u00edquido, papel k2 ingredientes, folhas de papel de especiarias k2<\/p>\n<\/p><\/div>\n","protected":false},"featured_media":4783,"comment_status":"open","ping_status":"closed","template":"","meta":[],"product_brand":[],"product_cat":[690],"product_tag":[695,699,694,696,698,701,700,697],"class_list":{"0":"post-4768","1":"product","2":"type-product","3":"status-publish","4":"has-post-thumbnail","6":"product_cat-compre-papel-k2","7":"product_tag-k2-spice-paper-folhas","8":"product_tag-incenso-lquido-spray","9":"product_tag-k2-papel-ingredientes","10":"product_tag-k2-spice-spray-diablo-amazon","11":"product_tag-legal-spray-alta-especiaria-para-venda","12":"product_tag-atacado-k2-spray","13":"product_tag-mais-forte-k2-spray-para-venda","14":"product_tag-k2-spray-for-sale-online-uk","16":"first","17":"instock","18":"shipping-taxable","19":"purchasable","20":"product-type-variable","21":"has-default-attributes"},"yoast_head":"<!-- This site is optimized with the Yoast SEO plugin v27.3 - https:\/\/yoast.com\/product\/yoast-seo-wordpress\/ -->\n<title>Compre o Spray de Incenso K2 Online - Melhores Melhores Medicamentos Globais<\/title>\n<meta name=\"description\" content=\"Compre o spray de incenso K2, spray K2 inodoro e incolor dispon\u00edvel para venda. Voc\u00ea precisa de 25ml para pulverizar uma folha de papel A4 inteira. Temos tamb\u00e9m papel K2 para venda.\" \/>\n<meta name=\"robots\" content=\"index, follow, max-snippet:-1, max-image-preview:large, max-video-preview:-1\" \/>\n<link rel=\"canonical\" href=\"https:\/\/medicinasinc.com\/pt\/product\/comprar-k2-incenso-spray\/\" \/>\n<meta property=\"og:locale\" content=\"pt_PT\" \/>\n<meta property=\"og:type\" content=\"article\" \/>\n<meta property=\"og:title\" content=\"Compre o Spray de Incenso K2 Online - Melhores Melhores Medicamentos Globais\" \/>\n<meta property=\"og:description\" content=\"Compre o spray de incenso K2, spray K2 inodoro e incolor dispon\u00edvel para venda. Voc\u00ea precisa de 25ml para pulverizar uma folha de papel A4 inteira. Temos tamb\u00e9m papel K2 para venda.\" \/>\n<meta property=\"og:url\" content=\"https:\/\/medicinasinc.com\/pt\/product\/comprar-k2-incenso-spray\/\" \/>\n<meta property=\"og:site_name\" content=\"Medicinas Inc\" \/>\n<meta property=\"article:modified_time\" content=\"2022-07-05T23:48:02+00:00\" \/>\n<meta property=\"og:image\" content=\"https:\/\/medicinasinc.com\/pt\/wp-content\/uploads\/sites\/20\/2022\/02\/Buy-K2-Incense-Spray.png\" \/>\n\t<meta property=\"og:image:width\" content=\"873\" \/>\n\t<meta property=\"og:image:height\" content=\"433\" \/>\n\t<meta property=\"og:image:type\" content=\"image\/png\" \/>\n<meta name=\"twitter:card\" content=\"summary_large_image\" \/>\n<meta name=\"twitter:label1\" content=\"Tempo estimado de leitura\" \/>\n\t<meta name=\"twitter:data1\" content=\"3 minutos\" \/>\n<script type=\"application\/ld+json\" class=\"yoast-schema-graph\">{\"@context\":\"https:\\\/\\\/schema.org\",\"@graph\":[{\"@type\":\"WebPage\",\"@id\":\"https:\\\/\\\/medicinasinc.com\\\/pt\\\/product\\\/comprar-k2-incenso-spray\\\/\",\"url\":\"https:\\\/\\\/medicinasinc.com\\\/pt\\\/product\\\/comprar-k2-incenso-spray\\\/\",\"name\":\"Compre o Spray de Incenso K2 Online - Melhores Melhores Medicamentos Globais\",\"isPartOf\":{\"@id\":\"https:\\\/\\\/medicinasinc.com\\\/pt\\\/#website\"},\"primaryImageOfPage\":{\"@id\":\"https:\\\/\\\/medicinasinc.com\\\/pt\\\/product\\\/comprar-k2-incenso-spray\\\/#primaryimage\"},\"image\":{\"@id\":\"https:\\\/\\\/medicinasinc.com\\\/pt\\\/product\\\/comprar-k2-incenso-spray\\\/#primaryimage\"},\"thumbnailUrl\":\"https:\\\/\\\/medicinasinc.com\\\/pt\\\/wp-content\\\/uploads\\\/sites\\\/20\\\/2022\\\/02\\\/Buy-K2-Incense-Spray.png\",\"datePublished\":\"2022-02-20T15:46:58+00:00\",\"dateModified\":\"2022-07-05T23:48:02+00:00\",\"description\":\"Compre o spray de incenso K2, spray K2 inodoro e incolor dispon\u00edvel para venda. Voc\u00ea precisa de 25ml para pulverizar uma folha de papel A4 inteira. Temos tamb\u00e9m papel K2 para venda.\",\"breadcrumb\":{\"@id\":\"https:\\\/\\\/medicinasinc.com\\\/pt\\\/product\\\/comprar-k2-incenso-spray\\\/#breadcrumb\"},\"inLanguage\":\"pt-PT\",\"potentialAction\":[{\"@type\":\"ReadAction\",\"target\":[\"https:\\\/\\\/medicinasinc.com\\\/pt\\\/product\\\/comprar-k2-incenso-spray\\\/\"]}]},{\"@type\":\"ImageObject\",\"inLanguage\":\"pt-PT\",\"@id\":\"https:\\\/\\\/medicinasinc.com\\\/pt\\\/product\\\/comprar-k2-incenso-spray\\\/#primaryimage\",\"url\":\"https:\\\/\\\/medicinasinc.com\\\/pt\\\/wp-content\\\/uploads\\\/sites\\\/20\\\/2022\\\/02\\\/Buy-K2-Incense-Spray.png\",\"contentUrl\":\"https:\\\/\\\/medicinasinc.com\\\/pt\\\/wp-content\\\/uploads\\\/sites\\\/20\\\/2022\\\/02\\\/Buy-K2-Incense-Spray.png\",\"width\":873,\"height\":433},{\"@type\":\"BreadcrumbList\",\"@id\":\"https:\\\/\\\/medicinasinc.com\\\/pt\\\/product\\\/comprar-k2-incenso-spray\\\/#breadcrumb\",\"itemListElement\":[{\"@type\":\"ListItem\",\"position\":1,\"name\":\"Comprar\",\"item\":\"https:\\\/\\\/medicinasinc.com\\\/pt\\\/comprar\\\/\"},{\"@type\":\"ListItem\",\"position\":2,\"name\":\"Compre o spray de incenso K2\"}]},{\"@type\":\"WebSite\",\"@id\":\"https:\\\/\\\/medicinasinc.com\\\/pt\\\/#website\",\"url\":\"https:\\\/\\\/medicinasinc.com\\\/pt\\\/\",\"name\":\"Medicinas Inc\",\"description\":\"Health Medical Clinic\",\"potentialAction\":[{\"@type\":\"SearchAction\",\"target\":{\"@type\":\"EntryPoint\",\"urlTemplate\":\"https:\\\/\\\/medicinasinc.com\\\/pt\\\/?s={search_term_string}\"},\"query-input\":{\"@type\":\"PropertyValueSpecification\",\"valueRequired\":true,\"valueName\":\"search_term_string\"}}],\"inLanguage\":\"pt-PT\"}]}<\/script>\n<!-- \/ Yoast SEO plugin. -->","yoast_head_json":{"title":"Compre o Spray de Incenso K2 Online - Melhores Melhores Medicamentos Globais","description":"Compre o spray de incenso K2, spray K2 inodoro e incolor dispon\u00edvel para venda. Voc\u00ea precisa de 25ml para pulverizar uma folha de papel A4 inteira. Temos tamb\u00e9m papel K2 para venda.","robots":{"index":"index","follow":"follow","max-snippet":"max-snippet:-1","max-image-preview":"max-image-preview:large","max-video-preview":"max-video-preview:-1"},"canonical":"https:\/\/medicinasinc.com\/pt\/product\/comprar-k2-incenso-spray\/","og_locale":"pt_PT","og_type":"article","og_title":"Compre o Spray de Incenso K2 Online - Melhores Melhores Medicamentos Globais","og_description":"Compre o spray de incenso K2, spray K2 inodoro e incolor dispon\u00edvel para venda. Voc\u00ea precisa de 25ml para pulverizar uma folha de papel A4 inteira. Temos tamb\u00e9m papel K2 para venda.","og_url":"https:\/\/medicinasinc.com\/pt\/product\/comprar-k2-incenso-spray\/","og_site_name":"Medicinas Inc","article_modified_time":"2022-07-05T23:48:02+00:00","og_image":[{"width":873,"height":433,"url":"https:\/\/medicinasinc.com\/pt\/wp-content\/uploads\/sites\/20\/2022\/02\/Buy-K2-Incense-Spray.png","type":"image\/png"}],"twitter_card":"summary_large_image","twitter_misc":{"Tempo estimado de leitura":"3 minutos"},"schema":{"@context":"https:\/\/schema.org","@graph":[{"@type":"WebPage","@id":"https:\/\/medicinasinc.com\/pt\/product\/comprar-k2-incenso-spray\/","url":"https:\/\/medicinasinc.com\/pt\/product\/comprar-k2-incenso-spray\/","name":"Compre o Spray de Incenso K2 Online - Melhores Melhores Medicamentos Globais","isPartOf":{"@id":"https:\/\/medicinasinc.com\/pt\/#website"},"primaryImageOfPage":{"@id":"https:\/\/medicinasinc.com\/pt\/product\/comprar-k2-incenso-spray\/#primaryimage"},"image":{"@id":"https:\/\/medicinasinc.com\/pt\/product\/comprar-k2-incenso-spray\/#primaryimage"},"thumbnailUrl":"https:\/\/medicinasinc.com\/pt\/wp-content\/uploads\/sites\/20\/2022\/02\/Buy-K2-Incense-Spray.png","datePublished":"2022-02-20T15:46:58+00:00","dateModified":"2022-07-05T23:48:02+00:00","description":"Compre o spray de incenso K2, spray K2 inodoro e incolor dispon\u00edvel para venda. Voc\u00ea precisa de 25ml para pulverizar uma folha de papel A4 inteira. Temos tamb\u00e9m papel K2 para venda.","breadcrumb":{"@id":"https:\/\/medicinasinc.com\/pt\/product\/comprar-k2-incenso-spray\/#breadcrumb"},"inLanguage":"pt-PT","potentialAction":[{"@type":"ReadAction","target":["https:\/\/medicinasinc.com\/pt\/product\/comprar-k2-incenso-spray\/"]}]},{"@type":"ImageObject","inLanguage":"pt-PT","@id":"https:\/\/medicinasinc.com\/pt\/product\/comprar-k2-incenso-spray\/#primaryimage","url":"https:\/\/medicinasinc.com\/pt\/wp-content\/uploads\/sites\/20\/2022\/02\/Buy-K2-Incense-Spray.png","contentUrl":"https:\/\/medicinasinc.com\/pt\/wp-content\/uploads\/sites\/20\/2022\/02\/Buy-K2-Incense-Spray.png","width":873,"height":433},{"@type":"BreadcrumbList","@id":"https:\/\/medicinasinc.com\/pt\/product\/comprar-k2-incenso-spray\/#breadcrumb","itemListElement":[{"@type":"ListItem","position":1,"name":"Comprar","item":"https:\/\/medicinasinc.com\/pt\/comprar\/"},{"@type":"ListItem","position":2,"name":"Compre o spray de incenso K2"}]},{"@type":"WebSite","@id":"https:\/\/medicinasinc.com\/pt\/#website","url":"https:\/\/medicinasinc.com\/pt\/","name":"Medicinas Inc","description":"Health Medical Clinic","potentialAction":[{"@type":"SearchAction","target":{"@type":"EntryPoint","urlTemplate":"https:\/\/medicinasinc.com\/pt\/?s={search_term_string}"},"query-input":{"@type":"PropertyValueSpecification","valueRequired":true,"valueName":"search_term_string"}}],"inLanguage":"pt-PT"}]}},"_links":{"self":[{"href":"https:\/\/medicinasinc.com\/pt\/wp-json\/wp\/v2\/product\/4768","targetHints":{"allow":["GET"]}}],"collection":[{"href":"https:\/\/medicinasinc.com\/pt\/wp-json\/wp\/v2\/product"}],"about":[{"href":"https:\/\/medicinasinc.com\/pt\/wp-json\/wp\/v2\/types\/product"}],"replies":[{"embeddable":true,"href":"https:\/\/medicinasinc.com\/pt\/wp-json\/wp\/v2\/comments?post=4768"}],"wp:featuredmedia":[{"embeddable":true,"href":"https:\/\/medicinasinc.com\/pt\/wp-json\/wp\/v2\/media\/4783"}],"wp:attachment":[{"href":"https:\/\/medicinasinc.com\/pt\/wp-json\/wp\/v2\/media?parent=4768"}],"wp:term":[{"taxonomy":"product_brand","embeddable":true,"href":"https:\/\/medicinasinc.com\/pt\/wp-json\/wp\/v2\/product_brand?post=4768"},{"taxonomy":"product_cat","embeddable":true,"href":"https:\/\/medicinasinc.com\/pt\/wp-json\/wp\/v2\/product_cat?post=4768"},{"taxonomy":"product_tag","embeddable":true,"href":"https:\/\/medicinasinc.com\/pt\/wp-json\/wp\/v2\/product_tag?post=4768"}],"curies":[{"name":"wp","href":"https:\/\/api.w.org\/{rel}","templated":true}]}}