{"id":4767,"date":"2022-02-20T15:46:01","date_gmt":"2022-02-20T15:46:01","guid":{"rendered":"https:\/\/medicinasinc.com\/pt\/?post_type=product&#038;p=4767"},"modified":"2022-07-05T23:48:19","modified_gmt":"2022-07-05T23:48:19","slug":"comprar-k2-papel","status":"publish","type":"product","link":"https:\/\/medicinasinc.com\/pt\/product\/comprar-k2-papel\/","title":{"rendered":"Compre papel K2"},"content":{"rendered":"<p>Obtenha folhas de papel K2 de baixo custo entregues diretamente \u00e0 sua porta.<\/p>\n<p>A maconha sint\u00e9tica est\u00e1 ganhando popularidade rapidamente entre os consumidores de maconha. O papel infundido K2 \u00e9 uma mistura de materiais vegetais triturados e produtos qu\u00edmicos sint\u00e9ticos com propriedades psicod\u00e9licas. De acordo com a pesquisa, os produtos qu\u00edmicos se ligam aos mesmos receptores de c\u00e9lulas nervosas no c\u00e9rebro que o THC, provocando sentimentos de bem-estar, relaxamento, percep\u00e7\u00e3o alterada e psicose. Se voc\u00ea est\u00e1 procurando uma loja online respeit\u00e1vel para comprar um produto de alta qualidade, n\u00e3o procure mais, nossa loja online respeit\u00e1vel. Para garantir a seguran\u00e7a de nossos clientes, adquirimos nosso estoque de fabricantes respeit\u00e1veis. D\u00ea-nos uma tentativa; garantimos que voc\u00ea n\u00e3o ficar\u00e1 desapontado.<\/p>\n<p>Os canabin\u00f3ides s\u00e3o compostos qu\u00edmicos encontrados naturalmente nas plantas de maconha e servem como base para uma variedade de drogas sint\u00e9ticas. Quimicamente, o papel sint\u00e9tico K2 est\u00e1 relacionado ao ingrediente ativo da maconha. Os efeitos s\u00e3o mais intensos e, ao final de uma sess\u00e3o, pode-se sentir relaxado e elevado. \u00c0 medida que mais pessoas se conscientizam dos verdadeiros benef\u00edcios da maconha, este produto est\u00e1 sendo usado como uma alternativa segura para uma variedade de fins m\u00e9dicos e recreativos. No entanto, voc\u00ea deve ter cuidado, pois o consumo excessivo pode resultar em efeitos colaterais adversos, como ansiedade, alucina\u00e7\u00f5es, hipertens\u00e3o, dor no peito, falta de ar, convuls\u00f5es e v\u00f4mitos. Certos produtos de especiarias K2 no mercado tamb\u00e9m podem conter ingredientes t\u00f3xicos. Como resultado, \u00e9 fundamental comprar de um fornecedor respeit\u00e1vel.<\/p>\n<p>Voc\u00ea deseja comprar produtos \u00e0 base de plantas da mais alta qualidade? Com uma base de clientes global, oferecemos a voc\u00ea uma excelente oportunidade de comprar papel K2 online a pre\u00e7os competitivos. Juntamente com a maior sele\u00e7\u00e3o, oferecemos m\u00e9todos de pagamento seguros e envio discreto. Voc\u00ea n\u00e3o \u00e9 obrigado a visitar lojas de conveni\u00eancia pr\u00f3ximas ou paradas para descanso. O objetivo da empresa \u00e9 melhorar continuamente a qualidade do produto e o atendimento ao cliente para ficar \u00e0 frente da concorr\u00eancia. Nossa primeira prioridade \u00e9 a sua satisfa\u00e7\u00e3o, e temos uma equipe experiente \u00e0 disposi\u00e7\u00e3o para lidar com quaisquer contratempos. N\u00e3o hesite em nos contatar se tiver alguma d\u00favida ou preocupa\u00e7\u00e3o.<\/p>\n","protected":false},"excerpt":{"rendered":"<div class=\"woocommerce-product-details__short-description\">\n<p>Cada folha A4 \u00e9 infundida com\u00a0<em><strong>25 ml=0,845351 on\u00e7as fluidas<\/strong><\/em>\u00a0de K2 l\u00edquido. <strong>Papel K2 inodoro e incolor<\/strong>\u00a0\u00e0 venda. <strong>Tamb\u00e9m temos o spray K2 \u00e0 venda<\/strong><\/p>\n<\/p><\/div>\n","protected":false},"featured_media":4781,"comment_status":"open","ping_status":"closed","template":"","meta":[],"product_brand":[],"product_cat":[690],"product_tag":[691,693,692],"class_list":{"0":"post-4767","1":"product","2":"type-product","3":"status-publish","4":"has-post-thumbnail","6":"product_cat-compre-papel-k2","7":"product_tag-buy-k2-paper-online-uk","8":"product_tag-comprar-k2-folha-de-papel","9":"product_tag-compre-k2-papel","11":"first","12":"instock","13":"shipping-taxable","14":"purchasable","15":"product-type-variable","16":"has-default-attributes"},"yoast_head":"<!-- This site is optimized with the Yoast SEO plugin v27.3 - https:\/\/yoast.com\/product\/yoast-seo-wordpress\/ -->\n<title>Compre o papel K2 online - Best Best Global Meds<\/title>\n<meta name=\"description\" content=\"Compre papel K2 online a pre\u00e7os baratos Cada folha A4 \u00e9 infundida com 25 ml = 0,845351 on\u00e7as fluidas de l\u00edquido K2. Vende-se papel K2 inodoro e incolor. Temos tamb\u00e9m K2 Spray para venda\" \/>\n<meta name=\"robots\" content=\"index, follow, max-snippet:-1, max-image-preview:large, max-video-preview:-1\" \/>\n<link rel=\"canonical\" href=\"https:\/\/medicinasinc.com\/pt\/product\/comprar-k2-papel\/\" \/>\n<meta property=\"og:locale\" content=\"pt_PT\" \/>\n<meta property=\"og:type\" content=\"article\" \/>\n<meta property=\"og:title\" content=\"Compre o papel K2 online - Best Best Global Meds\" \/>\n<meta property=\"og:description\" content=\"Compre papel K2 online a pre\u00e7os baratos Cada folha A4 \u00e9 infundida com 25 ml = 0,845351 on\u00e7as fluidas de l\u00edquido K2. Vende-se papel K2 inodoro e incolor. Temos tamb\u00e9m K2 Spray para venda\" \/>\n<meta property=\"og:url\" content=\"https:\/\/medicinasinc.com\/pt\/product\/comprar-k2-papel\/\" \/>\n<meta property=\"og:site_name\" content=\"Medicinas Inc\" \/>\n<meta property=\"article:modified_time\" content=\"2022-07-05T23:48:19+00:00\" \/>\n<meta property=\"og:image\" content=\"https:\/\/medicinasinc.com\/pt\/wp-content\/uploads\/sites\/20\/2022\/02\/Buy-K2-paper-online.jpg\" \/>\n\t<meta property=\"og:image:width\" content=\"600\" \/>\n\t<meta property=\"og:image:height\" content=\"600\" \/>\n\t<meta property=\"og:image:type\" content=\"image\/jpeg\" \/>\n<meta name=\"twitter:card\" content=\"summary_large_image\" \/>\n<meta name=\"twitter:label1\" content=\"Tempo estimado de leitura\" \/>\n\t<meta name=\"twitter:data1\" content=\"2 minutos\" \/>\n<script type=\"application\/ld+json\" class=\"yoast-schema-graph\">{\"@context\":\"https:\\\/\\\/schema.org\",\"@graph\":[{\"@type\":\"WebPage\",\"@id\":\"https:\\\/\\\/medicinasinc.com\\\/pt\\\/product\\\/comprar-k2-papel\\\/\",\"url\":\"https:\\\/\\\/medicinasinc.com\\\/pt\\\/product\\\/comprar-k2-papel\\\/\",\"name\":\"Compre o papel K2 online - Best Best Global Meds\",\"isPartOf\":{\"@id\":\"https:\\\/\\\/medicinasinc.com\\\/pt\\\/#website\"},\"primaryImageOfPage\":{\"@id\":\"https:\\\/\\\/medicinasinc.com\\\/pt\\\/product\\\/comprar-k2-papel\\\/#primaryimage\"},\"image\":{\"@id\":\"https:\\\/\\\/medicinasinc.com\\\/pt\\\/product\\\/comprar-k2-papel\\\/#primaryimage\"},\"thumbnailUrl\":\"https:\\\/\\\/medicinasinc.com\\\/pt\\\/wp-content\\\/uploads\\\/sites\\\/20\\\/2022\\\/02\\\/Buy-K2-paper-online.jpg\",\"datePublished\":\"2022-02-20T15:46:01+00:00\",\"dateModified\":\"2022-07-05T23:48:19+00:00\",\"description\":\"Compre papel K2 online a pre\u00e7os baratos Cada folha A4 \u00e9 infundida com 25 ml = 0,845351 on\u00e7as fluidas de l\u00edquido K2. Vende-se papel K2 inodoro e incolor. Temos tamb\u00e9m K2 Spray para venda\",\"breadcrumb\":{\"@id\":\"https:\\\/\\\/medicinasinc.com\\\/pt\\\/product\\\/comprar-k2-papel\\\/#breadcrumb\"},\"inLanguage\":\"pt-PT\",\"potentialAction\":[{\"@type\":\"ReadAction\",\"target\":[\"https:\\\/\\\/medicinasinc.com\\\/pt\\\/product\\\/comprar-k2-papel\\\/\"]}]},{\"@type\":\"ImageObject\",\"inLanguage\":\"pt-PT\",\"@id\":\"https:\\\/\\\/medicinasinc.com\\\/pt\\\/product\\\/comprar-k2-papel\\\/#primaryimage\",\"url\":\"https:\\\/\\\/medicinasinc.com\\\/pt\\\/wp-content\\\/uploads\\\/sites\\\/20\\\/2022\\\/02\\\/Buy-K2-paper-online.jpg\",\"contentUrl\":\"https:\\\/\\\/medicinasinc.com\\\/pt\\\/wp-content\\\/uploads\\\/sites\\\/20\\\/2022\\\/02\\\/Buy-K2-paper-online.jpg\",\"width\":600,\"height\":600},{\"@type\":\"BreadcrumbList\",\"@id\":\"https:\\\/\\\/medicinasinc.com\\\/pt\\\/product\\\/comprar-k2-papel\\\/#breadcrumb\",\"itemListElement\":[{\"@type\":\"ListItem\",\"position\":1,\"name\":\"Comprar\",\"item\":\"https:\\\/\\\/medicinasinc.com\\\/pt\\\/comprar\\\/\"},{\"@type\":\"ListItem\",\"position\":2,\"name\":\"Compre papel K2\"}]},{\"@type\":\"WebSite\",\"@id\":\"https:\\\/\\\/medicinasinc.com\\\/pt\\\/#website\",\"url\":\"https:\\\/\\\/medicinasinc.com\\\/pt\\\/\",\"name\":\"Medicinas Inc\",\"description\":\"Health Medical Clinic\",\"potentialAction\":[{\"@type\":\"SearchAction\",\"target\":{\"@type\":\"EntryPoint\",\"urlTemplate\":\"https:\\\/\\\/medicinasinc.com\\\/pt\\\/?s={search_term_string}\"},\"query-input\":{\"@type\":\"PropertyValueSpecification\",\"valueRequired\":true,\"valueName\":\"search_term_string\"}}],\"inLanguage\":\"pt-PT\"}]}<\/script>\n<!-- \/ Yoast SEO plugin. -->","yoast_head_json":{"title":"Compre o papel K2 online - Best Best Global Meds","description":"Compre papel K2 online a pre\u00e7os baratos Cada folha A4 \u00e9 infundida com 25 ml = 0,845351 on\u00e7as fluidas de l\u00edquido K2. Vende-se papel K2 inodoro e incolor. Temos tamb\u00e9m K2 Spray para venda","robots":{"index":"index","follow":"follow","max-snippet":"max-snippet:-1","max-image-preview":"max-image-preview:large","max-video-preview":"max-video-preview:-1"},"canonical":"https:\/\/medicinasinc.com\/pt\/product\/comprar-k2-papel\/","og_locale":"pt_PT","og_type":"article","og_title":"Compre o papel K2 online - Best Best Global Meds","og_description":"Compre papel K2 online a pre\u00e7os baratos Cada folha A4 \u00e9 infundida com 25 ml = 0,845351 on\u00e7as fluidas de l\u00edquido K2. Vende-se papel K2 inodoro e incolor. Temos tamb\u00e9m K2 Spray para venda","og_url":"https:\/\/medicinasinc.com\/pt\/product\/comprar-k2-papel\/","og_site_name":"Medicinas Inc","article_modified_time":"2022-07-05T23:48:19+00:00","og_image":[{"width":600,"height":600,"url":"https:\/\/medicinasinc.com\/pt\/wp-content\/uploads\/sites\/20\/2022\/02\/Buy-K2-paper-online.jpg","type":"image\/jpeg"}],"twitter_card":"summary_large_image","twitter_misc":{"Tempo estimado de leitura":"2 minutos"},"schema":{"@context":"https:\/\/schema.org","@graph":[{"@type":"WebPage","@id":"https:\/\/medicinasinc.com\/pt\/product\/comprar-k2-papel\/","url":"https:\/\/medicinasinc.com\/pt\/product\/comprar-k2-papel\/","name":"Compre o papel K2 online - Best Best Global Meds","isPartOf":{"@id":"https:\/\/medicinasinc.com\/pt\/#website"},"primaryImageOfPage":{"@id":"https:\/\/medicinasinc.com\/pt\/product\/comprar-k2-papel\/#primaryimage"},"image":{"@id":"https:\/\/medicinasinc.com\/pt\/product\/comprar-k2-papel\/#primaryimage"},"thumbnailUrl":"https:\/\/medicinasinc.com\/pt\/wp-content\/uploads\/sites\/20\/2022\/02\/Buy-K2-paper-online.jpg","datePublished":"2022-02-20T15:46:01+00:00","dateModified":"2022-07-05T23:48:19+00:00","description":"Compre papel K2 online a pre\u00e7os baratos Cada folha A4 \u00e9 infundida com 25 ml = 0,845351 on\u00e7as fluidas de l\u00edquido K2. Vende-se papel K2 inodoro e incolor. Temos tamb\u00e9m K2 Spray para venda","breadcrumb":{"@id":"https:\/\/medicinasinc.com\/pt\/product\/comprar-k2-papel\/#breadcrumb"},"inLanguage":"pt-PT","potentialAction":[{"@type":"ReadAction","target":["https:\/\/medicinasinc.com\/pt\/product\/comprar-k2-papel\/"]}]},{"@type":"ImageObject","inLanguage":"pt-PT","@id":"https:\/\/medicinasinc.com\/pt\/product\/comprar-k2-papel\/#primaryimage","url":"https:\/\/medicinasinc.com\/pt\/wp-content\/uploads\/sites\/20\/2022\/02\/Buy-K2-paper-online.jpg","contentUrl":"https:\/\/medicinasinc.com\/pt\/wp-content\/uploads\/sites\/20\/2022\/02\/Buy-K2-paper-online.jpg","width":600,"height":600},{"@type":"BreadcrumbList","@id":"https:\/\/medicinasinc.com\/pt\/product\/comprar-k2-papel\/#breadcrumb","itemListElement":[{"@type":"ListItem","position":1,"name":"Comprar","item":"https:\/\/medicinasinc.com\/pt\/comprar\/"},{"@type":"ListItem","position":2,"name":"Compre papel K2"}]},{"@type":"WebSite","@id":"https:\/\/medicinasinc.com\/pt\/#website","url":"https:\/\/medicinasinc.com\/pt\/","name":"Medicinas Inc","description":"Health Medical Clinic","potentialAction":[{"@type":"SearchAction","target":{"@type":"EntryPoint","urlTemplate":"https:\/\/medicinasinc.com\/pt\/?s={search_term_string}"},"query-input":{"@type":"PropertyValueSpecification","valueRequired":true,"valueName":"search_term_string"}}],"inLanguage":"pt-PT"}]}},"_links":{"self":[{"href":"https:\/\/medicinasinc.com\/pt\/wp-json\/wp\/v2\/product\/4767","targetHints":{"allow":["GET"]}}],"collection":[{"href":"https:\/\/medicinasinc.com\/pt\/wp-json\/wp\/v2\/product"}],"about":[{"href":"https:\/\/medicinasinc.com\/pt\/wp-json\/wp\/v2\/types\/product"}],"replies":[{"embeddable":true,"href":"https:\/\/medicinasinc.com\/pt\/wp-json\/wp\/v2\/comments?post=4767"}],"wp:featuredmedia":[{"embeddable":true,"href":"https:\/\/medicinasinc.com\/pt\/wp-json\/wp\/v2\/media\/4781"}],"wp:attachment":[{"href":"https:\/\/medicinasinc.com\/pt\/wp-json\/wp\/v2\/media?parent=4767"}],"wp:term":[{"taxonomy":"product_brand","embeddable":true,"href":"https:\/\/medicinasinc.com\/pt\/wp-json\/wp\/v2\/product_brand?post=4767"},{"taxonomy":"product_cat","embeddable":true,"href":"https:\/\/medicinasinc.com\/pt\/wp-json\/wp\/v2\/product_cat?post=4767"},{"taxonomy":"product_tag","embeddable":true,"href":"https:\/\/medicinasinc.com\/pt\/wp-json\/wp\/v2\/product_tag?post=4767"}],"curies":[{"name":"wp","href":"https:\/\/api.w.org\/{rel}","templated":true}]}}