{"id":4761,"date":"2022-02-20T15:41:01","date_gmt":"2022-02-20T15:41:01","guid":{"rendered":"https:\/\/medicinasinc.com\/pt\/?post_type=product&#038;p=4761"},"modified":"2022-07-05T23:48:34","modified_gmt":"2022-07-05T23:48:34","slug":"compre-sour-diesel-cbd-hemp-flower-online","status":"publish","type":"product","link":"https:\/\/medicinasinc.com\/pt\/product\/compre-sour-diesel-cbd-hemp-flower-online\/","title":{"rendered":"Compre a flor de c\u00e2nhamo Sour Diesel CBD on-line"},"content":{"rendered":"<div class=\"woocommerce-tabs wc-tabs-wrapper\">\n<div id=\"tab-description\" class=\"woocommerce-Tabs-panel woocommerce-Tabs-panel--description panel entry-content wc-tab\" role=\"tabpanel\" aria-labelledby=\"tab-title-description\">\n<p>Sour Diesel \u00e9 uma cultivar lend\u00e1ria descendente de dois cl\u00e1ssicos. Ele combina a amargura avassaladora da gasolina com o formigamento dos c\u00edtricos azedos. A erva ic\u00f4nica produziu uma infinidade de cepas, devido \u00e0 sua gen\u00e9tica superior e efeitos distintos, que a tornam a favorita entre os agricultores que desejam cultivar a pr\u00f3xima grande novidade da ind\u00fastria do c\u00e2nhamo.<\/p>\n<p>A cepa Sour Diesel atua rapidamente e altamente potente, proporcionando efeitos que podem sobrecarregar seu sistema com os benef\u00edcios por excel\u00eancia de uma variedade sativa. Ou seja, a possibilidade de uma vig\u00edlia contundente, de parar o show e de levantar o corpo que pode promover energia, produtividade, motiva\u00e7\u00e3o e criatividade.<\/p>\n<p>&nbsp;<\/p>\n<p>A Hist\u00f3ria da Sour Diesel<\/p>\n<p>Sour Diesel \u00e9 frequentemente considerado como uma das variedades de c\u00e2nhamo mais essenciais dispon\u00edveis. Qualquer conhecedor de c\u00e2nhamo lhe dir\u00e1 que Sour Diesel \u00e9 uma experi\u00eancia obrigat\u00f3ria para quem professa valorizar os benef\u00edcios da erva. Na maior parte, a popularidade da variedade decorre da reputa\u00e7\u00e3o de seus pais \u2013 Chemdog 91 e Super Skunk. Essas lendas do c\u00e2nhamo elevaram a reputa\u00e7\u00e3o da linhagem Sour Diesel a novos patamares, dotando-a de uma gen\u00e9tica incompar\u00e1vel que resultou na prole da linhagem se tornando o sucesso do c\u00e2nhamo que \u00e9 hoje.<\/p>\n<p>Chemdog 91 \u00e9 uma variedade enigm\u00e1tica que acredita-se fizeram sua estr\u00e9ia no mercado em 1991. A cultivar n\u00e3o identificada emite um aroma pungente e skunk misturado com notas \u00e1speras de gasolina. Essas caracter\u00edsticas s\u00e3o proeminentes na erva Sour Diesel, com seu perfil de sabor muito parecido com o da cepa Chemdog 91.<\/p>\n<p>Por outro lado, Super Skunk \u00e9 uma cepa nomeada por raz\u00f5es \u00f3bvias. A cultivar ultra-skunky produz uma fragr\u00e2ncia (ou odor, dependendo do seu n\u00edvel de toler\u00e2ncia) que vai tirar seus sentidos olfativos do parque. Apesar do aroma ofensivo da cepa, ela oferece uma do\u00e7ura deliciosamente surpreendente e delicada que reveste a l\u00edngua com um toque de mel.<\/p>\n<p>&nbsp;<\/p>\n<p>Est\u00e9tica e aroma<\/p>\n<p>Suas impress\u00f5es iniciais da linhagem Sour Diesel podem ser decepcionantes. Afinal, \u00e9 apenas um pouco de verde, com outros tons esverdeados percorrendo todo o interior para criar uma paleta monocrom\u00e1tica de tons gramados. Cabelos loiros de morango emaranham as folhas no exterior, criando uma rede de gavinhas amarelas que s\u00e3o polvilhadas com uma camada gelada de tricomas a\u00e7ucarados. Al\u00e9m disso, h\u00e1 pouco mais a notar sobre a cultivar. No entanto, o que falta em cor, compensa com seu cheiro.<\/p>\n<p>Com ambos os pais exibindo fragr\u00e2ncias extremamente pungentes, n\u00e3o \u00e9 surpreendente que Sour Diesel tenha um aroma t\u00e3o estranho. A cepa estranhamente perfumada ataca seus receptores olfativos como um trem de carga gamb\u00e1. Ofensivos e avassaladores, alguns usu\u00e1rios afirmam detectar notas de queijo que se misturam com gasolina em cima do aroma de gamb\u00e1 para criar uma experi\u00eancia de c\u00e2nhamo inesquec\u00edvel.<\/p>\n<p>&nbsp;<\/p>\n<p>Experi\u00eancias e consequ\u00eancias<\/p>\n<p>Para come\u00e7ar, Sour Diesel n\u00e3o \u00e9 uma piada quando se trata de sabor. A fuma\u00e7a da cepa cont\u00e9m um sabor extremamente potente que pode facilmente sobrecarregar novatos e usu\u00e1rios com baixa toler\u00e2ncia. Portanto, considere isso um aviso justo \u2013 Sour Diesel vai foder sua merda, come\u00e7ando com o gosto. Simplificando, a cepa produz um sabor quase id\u00eantico ao seu odor. Ou seja, uma grande quantidade de gamb\u00e1 combinada com fortes jabs de gasolina.<\/p>\n<p>Entre as ondas irresist\u00edveis de sabor pungente, ondas de c\u00edtricos azedos quebram o gamb\u00e1. As notas delicadas adicionam bastante prazer \u00e0 experi\u00eancia, transformando-a em um encontro de sabores verdadeiramente din\u00e2mico e interessante.<\/p>\n<p>Outro aspecto que contribui para o fasc\u00ednio de Sour Diesel \u00e9 seu efeito imediato. Os efeitos come\u00e7am minutos ap\u00f3s a inala\u00e7\u00e3o, proporcionando efeitos de alta inclina\u00e7\u00e3o sativa que estimulam os sentidos e despertar seu vigor. De muitas maneiras, pode-se dizer que a tens\u00e3o ajuda voc\u00ea a superar suas inibi\u00e7\u00f5es, fazendo voc\u00ea se sentir mais ousado, ousado e confiante.<\/p>\n<p>Capaz de aliviar desconfortos f\u00edsicos e cognitivos, a tens\u00e3o Sour Diesel infunde seu sistema com energia adicional, fornecendo-lhe for\u00e7a e motiva\u00e7\u00e3o para passar um dia de trabalho e responsabilidades. No entanto, uma palavra de cautela &#8211; Sour Diesel n\u00e3o \u00e9 para os fracos de cora\u00e7\u00e3o. Antes de tomar um gole dessa variedade monstruosa, certifique-se de ter toler\u00e2ncia para efeitos fortes de sativa e sabor potente.<\/p>\n<p>&nbsp;<\/p>\n<p>Planta\u00e7\u00e3o e processamento<\/p>\n<p> Embora a variedade Sour Diesel seja moderadamente dif\u00edcil para cultivadores iniciantes, sua gen\u00e9tica \u00fanica a torna uma excelente escolha para quem busca efeitos poderosos com o m\u00ednimo esfor\u00e7o. As cepas com requisitos de cultivo mais especializados s\u00e3o normalmente muito mais adequadas para extra\u00e7\u00e3o, produzindo concentrados de espectro total mais potentes para produtos de c\u00e2nhamo de alta qualidade. Assim, apesar de sua dificuldade moderada, a Sour Diesel compensa com o c\u00e2nhamo supremo, ideal para uma variedade de processos p\u00f3s-colheita.<\/p>\n<p>Em cerca de 11 semanas, mais ou menos uma semana, a Sour Diesel floresce. O rendimento moderado \u00e9 limitado a 3 on\u00e7as por p\u00e9 de altura da planta. No m\u00e1ximo, sua erva atingir\u00e1 uma altura de mais de 7 p\u00e9s, tornando-a um pouco mais alta do que a maioria das outras variedades.<\/p>\n<p>Devido aos requisitos de espa\u00e7o da planta, cultiv\u00e1-la ao ar livre pode ser ideal, especialmente se voc\u00ea estiver estou trabalhando com espa\u00e7o limitado. No entanto, as condi\u00e7\u00f5es internas podem ser favor\u00e1veis \u200b\u200bpara o Sour Diesel, desde que sejam fornecidos calor, luz e baixa umidade adequados. Suplementando com nutrientes ricos em f\u00f3sforo no final do per\u00edodo de crescimento da planta e interrompendo a rega aproximadamente tr\u00eas dias antes da colheita, voc\u00ea deve obter um odor pungente e uma camada densa de tricomas para uma excelente viagem.<\/p>\n<p>&nbsp;<\/p>\n<p>Para quem \u00e9 projetado?<\/p>\n<p>Devido ao sabor intenso e aos efeitos monstruosos do Sour Diesel, nem todos v\u00e3o gostar da experi\u00eancia que ele proporciona. Usu\u00e1rios de baixa toler\u00e2ncia e iniciantes podem ficar impressionados n\u00e3o apenas pelo sabor incr\u00edvel, mas tamb\u00e9m pelos efeitos esmagadores, que podem causar ansiedade e inquieta\u00e7\u00e3o em alguns.<\/p>\n<p>No entanto, Sour Diesel continua sendo uma variedade lend\u00e1ria para veteranos e puristas que apreciam c\u00e2nhamo potente. Para aqueles com mais experi\u00eancia, a sensa\u00e7\u00e3o estrondosa do fluxo de energia sem precedentes percorrendo seu sistema pode fornecer a for\u00e7a, a motiva\u00e7\u00e3o e a mentalidade necess\u00e1rias para completar um dia de responsabilidades \u2013 e muito mais.<\/p>\n<\/p><\/div><\/div>\n<section class=\"related products\">\n<h2><\/h2>\n<\/section>\n<div class=\"product-next-previous\">\n<div class=\"product-prev\"><\/div><\/div>\n","protected":false},"excerpt":{"rendered":"<div class=\"woocommerce-product-details__short-description\">\n<p>Compre a flor de CBD Sour Diesel \u00e0 venda no Reino Unido, a Europa \u00e9 uma variedade energizante com domin\u00e2ncia Sativa que o ajudar\u00e1 a permanecer focado, produtivo e equilibrado durante todo o dia.<\/p>\n<\/p><\/div>\n","protected":false},"featured_media":4775,"comment_status":"open","ping_status":"closed","template":"","meta":[],"product_brand":[],"product_cat":[689],"product_tag":[],"class_list":{"0":"post-4761","1":"product","2":"type-product","3":"status-publish","4":"has-post-thumbnail","6":"product_cat-comprar-flor-de-canhamo","8":"first","9":"instock","10":"shipping-taxable","11":"purchasable","12":"product-type-variable","13":"has-default-attributes"},"yoast_head":"<!-- This site is optimized with the Yoast SEO plugin v27.3 - https:\/\/yoast.com\/product\/yoast-seo-wordpress\/ -->\n<title>Compre a flor de c\u00e2nhamo Sour Diesel CBD on-line - Melhores Melhores Medicamentos Globais<\/title>\n<meta name=\"description\" content=\"Compre Sour Diesel CBD flower UK, Europe \u00e9 uma variedade energizante com domin\u00e2ncia Sativa que o ajudar\u00e1 a manter o foco, a produtividade e o equil\u00edbrio ao longo do dia.\" \/>\n<meta name=\"robots\" content=\"index, follow, max-snippet:-1, max-image-preview:large, max-video-preview:-1\" \/>\n<link rel=\"canonical\" href=\"https:\/\/medicinasinc.com\/pt\/product\/compre-sour-diesel-cbd-hemp-flower-online\/\" \/>\n<meta property=\"og:locale\" content=\"pt_PT\" \/>\n<meta property=\"og:type\" content=\"article\" \/>\n<meta property=\"og:title\" content=\"Compre a flor de c\u00e2nhamo Sour Diesel CBD on-line - Melhores Melhores Medicamentos Globais\" \/>\n<meta property=\"og:description\" content=\"Compre Sour Diesel CBD flower UK, Europe \u00e9 uma variedade energizante com domin\u00e2ncia Sativa que o ajudar\u00e1 a manter o foco, a produtividade e o equil\u00edbrio ao longo do dia.\" \/>\n<meta property=\"og:url\" content=\"https:\/\/medicinasinc.com\/pt\/product\/compre-sour-diesel-cbd-hemp-flower-online\/\" \/>\n<meta property=\"og:site_name\" content=\"Medicinas Inc\" \/>\n<meta property=\"article:modified_time\" content=\"2022-07-05T23:48:34+00:00\" \/>\n<meta property=\"og:image\" content=\"https:\/\/medicinasinc.com\/pt\/wp-content\/uploads\/sites\/20\/2022\/02\/Buy-Sour-Diesel-CBD-Hemp-Flower-Online.jpg\" \/>\n\t<meta property=\"og:image:width\" content=\"600\" \/>\n\t<meta property=\"og:image:height\" content=\"600\" \/>\n\t<meta property=\"og:image:type\" content=\"image\/jpeg\" \/>\n<meta name=\"twitter:card\" content=\"summary_large_image\" \/>\n<meta name=\"twitter:label1\" content=\"Tempo estimado de leitura\" \/>\n\t<meta name=\"twitter:data1\" content=\"5 minutos\" \/>\n<script type=\"application\/ld+json\" class=\"yoast-schema-graph\">{\"@context\":\"https:\\\/\\\/schema.org\",\"@graph\":[{\"@type\":\"WebPage\",\"@id\":\"https:\\\/\\\/medicinasinc.com\\\/pt\\\/product\\\/compre-sour-diesel-cbd-hemp-flower-online\\\/\",\"url\":\"https:\\\/\\\/medicinasinc.com\\\/pt\\\/product\\\/compre-sour-diesel-cbd-hemp-flower-online\\\/\",\"name\":\"Compre a flor de c\u00e2nhamo Sour Diesel CBD on-line - Melhores Melhores Medicamentos Globais\",\"isPartOf\":{\"@id\":\"https:\\\/\\\/medicinasinc.com\\\/pt\\\/#website\"},\"primaryImageOfPage\":{\"@id\":\"https:\\\/\\\/medicinasinc.com\\\/pt\\\/product\\\/compre-sour-diesel-cbd-hemp-flower-online\\\/#primaryimage\"},\"image\":{\"@id\":\"https:\\\/\\\/medicinasinc.com\\\/pt\\\/product\\\/compre-sour-diesel-cbd-hemp-flower-online\\\/#primaryimage\"},\"thumbnailUrl\":\"https:\\\/\\\/medicinasinc.com\\\/pt\\\/wp-content\\\/uploads\\\/sites\\\/20\\\/2022\\\/02\\\/Buy-Sour-Diesel-CBD-Hemp-Flower-Online.jpg\",\"datePublished\":\"2022-02-20T15:41:01+00:00\",\"dateModified\":\"2022-07-05T23:48:34+00:00\",\"description\":\"Compre Sour Diesel CBD flower UK, Europe \u00e9 uma variedade energizante com domin\u00e2ncia Sativa que o ajudar\u00e1 a manter o foco, a produtividade e o equil\u00edbrio ao longo do dia.\",\"breadcrumb\":{\"@id\":\"https:\\\/\\\/medicinasinc.com\\\/pt\\\/product\\\/compre-sour-diesel-cbd-hemp-flower-online\\\/#breadcrumb\"},\"inLanguage\":\"pt-PT\",\"potentialAction\":[{\"@type\":\"ReadAction\",\"target\":[\"https:\\\/\\\/medicinasinc.com\\\/pt\\\/product\\\/compre-sour-diesel-cbd-hemp-flower-online\\\/\"]}]},{\"@type\":\"ImageObject\",\"inLanguage\":\"pt-PT\",\"@id\":\"https:\\\/\\\/medicinasinc.com\\\/pt\\\/product\\\/compre-sour-diesel-cbd-hemp-flower-online\\\/#primaryimage\",\"url\":\"https:\\\/\\\/medicinasinc.com\\\/pt\\\/wp-content\\\/uploads\\\/sites\\\/20\\\/2022\\\/02\\\/Buy-Sour-Diesel-CBD-Hemp-Flower-Online.jpg\",\"contentUrl\":\"https:\\\/\\\/medicinasinc.com\\\/pt\\\/wp-content\\\/uploads\\\/sites\\\/20\\\/2022\\\/02\\\/Buy-Sour-Diesel-CBD-Hemp-Flower-Online.jpg\",\"width\":600,\"height\":600},{\"@type\":\"BreadcrumbList\",\"@id\":\"https:\\\/\\\/medicinasinc.com\\\/pt\\\/product\\\/compre-sour-diesel-cbd-hemp-flower-online\\\/#breadcrumb\",\"itemListElement\":[{\"@type\":\"ListItem\",\"position\":1,\"name\":\"Comprar\",\"item\":\"https:\\\/\\\/medicinasinc.com\\\/pt\\\/comprar\\\/\"},{\"@type\":\"ListItem\",\"position\":2,\"name\":\"Compre a flor de c\u00e2nhamo Sour Diesel CBD on-line\"}]},{\"@type\":\"WebSite\",\"@id\":\"https:\\\/\\\/medicinasinc.com\\\/pt\\\/#website\",\"url\":\"https:\\\/\\\/medicinasinc.com\\\/pt\\\/\",\"name\":\"Medicinas Inc\",\"description\":\"Health Medical Clinic\",\"potentialAction\":[{\"@type\":\"SearchAction\",\"target\":{\"@type\":\"EntryPoint\",\"urlTemplate\":\"https:\\\/\\\/medicinasinc.com\\\/pt\\\/?s={search_term_string}\"},\"query-input\":{\"@type\":\"PropertyValueSpecification\",\"valueRequired\":true,\"valueName\":\"search_term_string\"}}],\"inLanguage\":\"pt-PT\"}]}<\/script>\n<!-- \/ Yoast SEO plugin. -->","yoast_head_json":{"title":"Compre a flor de c\u00e2nhamo Sour Diesel CBD on-line - Melhores Melhores Medicamentos Globais","description":"Compre Sour Diesel CBD flower UK, Europe \u00e9 uma variedade energizante com domin\u00e2ncia Sativa que o ajudar\u00e1 a manter o foco, a produtividade e o equil\u00edbrio ao longo do dia.","robots":{"index":"index","follow":"follow","max-snippet":"max-snippet:-1","max-image-preview":"max-image-preview:large","max-video-preview":"max-video-preview:-1"},"canonical":"https:\/\/medicinasinc.com\/pt\/product\/compre-sour-diesel-cbd-hemp-flower-online\/","og_locale":"pt_PT","og_type":"article","og_title":"Compre a flor de c\u00e2nhamo Sour Diesel CBD on-line - Melhores Melhores Medicamentos Globais","og_description":"Compre Sour Diesel CBD flower UK, Europe \u00e9 uma variedade energizante com domin\u00e2ncia Sativa que o ajudar\u00e1 a manter o foco, a produtividade e o equil\u00edbrio ao longo do dia.","og_url":"https:\/\/medicinasinc.com\/pt\/product\/compre-sour-diesel-cbd-hemp-flower-online\/","og_site_name":"Medicinas Inc","article_modified_time":"2022-07-05T23:48:34+00:00","og_image":[{"width":600,"height":600,"url":"https:\/\/medicinasinc.com\/pt\/wp-content\/uploads\/sites\/20\/2022\/02\/Buy-Sour-Diesel-CBD-Hemp-Flower-Online.jpg","type":"image\/jpeg"}],"twitter_card":"summary_large_image","twitter_misc":{"Tempo estimado de leitura":"5 minutos"},"schema":{"@context":"https:\/\/schema.org","@graph":[{"@type":"WebPage","@id":"https:\/\/medicinasinc.com\/pt\/product\/compre-sour-diesel-cbd-hemp-flower-online\/","url":"https:\/\/medicinasinc.com\/pt\/product\/compre-sour-diesel-cbd-hemp-flower-online\/","name":"Compre a flor de c\u00e2nhamo Sour Diesel CBD on-line - Melhores Melhores Medicamentos Globais","isPartOf":{"@id":"https:\/\/medicinasinc.com\/pt\/#website"},"primaryImageOfPage":{"@id":"https:\/\/medicinasinc.com\/pt\/product\/compre-sour-diesel-cbd-hemp-flower-online\/#primaryimage"},"image":{"@id":"https:\/\/medicinasinc.com\/pt\/product\/compre-sour-diesel-cbd-hemp-flower-online\/#primaryimage"},"thumbnailUrl":"https:\/\/medicinasinc.com\/pt\/wp-content\/uploads\/sites\/20\/2022\/02\/Buy-Sour-Diesel-CBD-Hemp-Flower-Online.jpg","datePublished":"2022-02-20T15:41:01+00:00","dateModified":"2022-07-05T23:48:34+00:00","description":"Compre Sour Diesel CBD flower UK, Europe \u00e9 uma variedade energizante com domin\u00e2ncia Sativa que o ajudar\u00e1 a manter o foco, a produtividade e o equil\u00edbrio ao longo do dia.","breadcrumb":{"@id":"https:\/\/medicinasinc.com\/pt\/product\/compre-sour-diesel-cbd-hemp-flower-online\/#breadcrumb"},"inLanguage":"pt-PT","potentialAction":[{"@type":"ReadAction","target":["https:\/\/medicinasinc.com\/pt\/product\/compre-sour-diesel-cbd-hemp-flower-online\/"]}]},{"@type":"ImageObject","inLanguage":"pt-PT","@id":"https:\/\/medicinasinc.com\/pt\/product\/compre-sour-diesel-cbd-hemp-flower-online\/#primaryimage","url":"https:\/\/medicinasinc.com\/pt\/wp-content\/uploads\/sites\/20\/2022\/02\/Buy-Sour-Diesel-CBD-Hemp-Flower-Online.jpg","contentUrl":"https:\/\/medicinasinc.com\/pt\/wp-content\/uploads\/sites\/20\/2022\/02\/Buy-Sour-Diesel-CBD-Hemp-Flower-Online.jpg","width":600,"height":600},{"@type":"BreadcrumbList","@id":"https:\/\/medicinasinc.com\/pt\/product\/compre-sour-diesel-cbd-hemp-flower-online\/#breadcrumb","itemListElement":[{"@type":"ListItem","position":1,"name":"Comprar","item":"https:\/\/medicinasinc.com\/pt\/comprar\/"},{"@type":"ListItem","position":2,"name":"Compre a flor de c\u00e2nhamo Sour Diesel CBD on-line"}]},{"@type":"WebSite","@id":"https:\/\/medicinasinc.com\/pt\/#website","url":"https:\/\/medicinasinc.com\/pt\/","name":"Medicinas Inc","description":"Health Medical Clinic","potentialAction":[{"@type":"SearchAction","target":{"@type":"EntryPoint","urlTemplate":"https:\/\/medicinasinc.com\/pt\/?s={search_term_string}"},"query-input":{"@type":"PropertyValueSpecification","valueRequired":true,"valueName":"search_term_string"}}],"inLanguage":"pt-PT"}]}},"_links":{"self":[{"href":"https:\/\/medicinasinc.com\/pt\/wp-json\/wp\/v2\/product\/4761","targetHints":{"allow":["GET"]}}],"collection":[{"href":"https:\/\/medicinasinc.com\/pt\/wp-json\/wp\/v2\/product"}],"about":[{"href":"https:\/\/medicinasinc.com\/pt\/wp-json\/wp\/v2\/types\/product"}],"replies":[{"embeddable":true,"href":"https:\/\/medicinasinc.com\/pt\/wp-json\/wp\/v2\/comments?post=4761"}],"wp:featuredmedia":[{"embeddable":true,"href":"https:\/\/medicinasinc.com\/pt\/wp-json\/wp\/v2\/media\/4775"}],"wp:attachment":[{"href":"https:\/\/medicinasinc.com\/pt\/wp-json\/wp\/v2\/media?parent=4761"}],"wp:term":[{"taxonomy":"product_brand","embeddable":true,"href":"https:\/\/medicinasinc.com\/pt\/wp-json\/wp\/v2\/product_brand?post=4761"},{"taxonomy":"product_cat","embeddable":true,"href":"https:\/\/medicinasinc.com\/pt\/wp-json\/wp\/v2\/product_cat?post=4761"},{"taxonomy":"product_tag","embeddable":true,"href":"https:\/\/medicinasinc.com\/pt\/wp-json\/wp\/v2\/product_tag?post=4761"}],"curies":[{"name":"wp","href":"https:\/\/api.w.org\/{rel}","templated":true}]}}