{"id":4759,"date":"2022-02-20T15:39:59","date_gmt":"2022-02-20T15:39:59","guid":{"rendered":"https:\/\/medicinasinc.com\/pt\/?post_type=product&#038;p=4759"},"modified":"2022-07-05T23:48:49","modified_gmt":"2022-07-05T23:48:49","slug":"compre-suzy-q-cbd-flor-de-canhamo","status":"publish","type":"product","link":"https:\/\/medicinasinc.com\/pt\/product\/compre-suzy-q-cbd-flor-de-canhamo\/","title":{"rendered":"Compre a flor de c\u00e2nhamo Suzy Q CBD"},"content":{"rendered":"<p>Suzy Q \u00e9 uma variedade verde-oliva de densidade m\u00e9dia com pelos escuros em tons de \u00e2mbar. \u00c9 recomendado para os entusiastas da cannabis que procuram um efeito l\u00facido e edificante. O sabor robusto desta variedade \u00e9 caracterizado por notas amadeiradas e um toque de especiarias. A Suzy Q \u00e9 bem conhecida por seu aroma doce e terroso e perfil terpeno de pinho, terpenos picantes.<\/p>\n<p>O h\u00edbrido uniformemente equilibrado cont\u00e9m 50% de sativa (uma variedade mais estimulante) e 50% de indica (uma variedade mais relaxante cepa), resultando em um efeito sin\u00e9rgico. Devido ao seu conte\u00fado de CBD relativamente alto, \u00e9 uma excelente op\u00e7\u00e3o para quem busca uma experi\u00eancia calmante. \u00c9 amplamente considerada como uma das variedades mais calmantes dispon\u00edveis.<\/p>\n<p>Suzy Q cont\u00e9m uma alta concentra\u00e7\u00e3o de CBD e apenas um tra\u00e7o de THC, bem abaixo do limite legal para o c\u00e2nhamo. Essa propor\u00e7\u00e3o indica que voc\u00ea deve antecipar uma experi\u00eancia levemente edificante.<\/p>\n<p>Garantindo a qualidade das flores de c\u00e2nhamo da fazenda \u00e0 venda<\/p>\n<p>As flores de c\u00e2nhamo Suzy Q s\u00e3o cultivadas em uma pitoresca fazenda de 100 acres em Calif\u00f3rnia do Norte. O clima id\u00edlico do norte da Calif\u00f3rnia cria a ilus\u00e3o de um ver\u00e3o sem fim, e esses dias secos e claros resultam em colheitas abundantes de lindas flores livres de mofo ou o\u00eddio.<\/p>\n<p>Nossa fazenda \u00e9 certificada como org\u00e2nica, o que significa que nenhum produto qu\u00edmico fertilizantes ou pesticidas s\u00e3o usados. Tomamos muito cuidado para garantir uma permacultura adequada \u2013 o cultivo de um ecossistema agr\u00edcola autossustent\u00e1vel e autossuficiente. Uma maneira de fazer isso \u00e9 por meio de ra\u00e7\u00e3o de cobertura, que for\u00e7a as ra\u00edzes a trabalhar mais para promover um ambiente de solo saud\u00e1vel prop\u00edcio ao crescimento das plantas.<\/p>\n<p>Quando nossas plantas de c\u00e2nhamo atingem todo o seu potencial, elas s\u00e3o penduradas de cabe\u00e7a para baixo. at\u00e9 secar, depois curado a seco e aparado \u00e0 m\u00e3o. A cannabis \u00e9 uma planta extremamente delicada. Mesmo pequenos erros durante o cultivo ou colheita podem degradar rapidamente a qualidade dos bot\u00f5es. Exigimos total transpar\u00eancia e controle de qualidade&#8230; e voc\u00ea tamb\u00e9m. Nada menos \u00e9 exigido das flores de c\u00e2nhamo.<\/p>\n<p>Nossa flor de c\u00e2nhamo CBD passou por testes independentes<\/p>\n<p>Cada cultura \u00e9 testada quanto \u00e0 pureza e pot\u00eancia em uma AHCA registrada pela DEA, credenciada pela ISO 17025, AHCA -laborat\u00f3rio independente credenciado e credenciado pela CLIA. O teste de painel completo examina o seguinte:<\/p>\n<p>pot\u00eancia de CBD, THC e outros canabin\u00f3ides.<br \/> Metais lourdes (chumbo, merc\u00fario, ars\u00eanico, c\u00e1dmio).<br \/> Bact\u00e9rias como E. coli, bem como outros pat\u00f3genos<br \/> Contaminantes como micotoxinas.<\/p>\n<p>Cada pedido vem com um Certificado de An\u00e1lise, garantindo que voc\u00ea sempre saiba exatamente o que est\u00e1 recebendo ao comprar Crescent Flower .<\/p>\n","protected":false},"excerpt":{"rendered":"<p>Suzy Q CBD Hemp Flower Full Spectrum Hemp Flower &#8211; Compre Suzy Q CBD Hemp Flower Full Spectrum Hemp Flower. Suzy Q \u00e9 uma cepa com alto teor de CBD e baixo teor de THC com sabor de pinho que ajuda no tratamento dos sintomas enquanto produz pouca ou nenhuma euforia.<\/p>\n<p>Suzy Q \u00e9 uma cepa com alto teor de CBD e baixo teor de THC com um sabor de pinho que auxilia no tratamento de sintomas com pouco ou nenhum efeito psicoativo. Esta \u00e9 uma excelente variedade para adicionar \u00e0 fam\u00edlia CBD.<br \/> Cbd: 15%\u201317%<\/p>\n<p>0,2% thc<\/p>\n","protected":false},"featured_media":4773,"comment_status":"open","ping_status":"closed","template":"","meta":[],"product_brand":[],"product_cat":[689],"product_tag":[],"class_list":{"0":"post-4759","1":"product","2":"type-product","3":"status-publish","4":"has-post-thumbnail","6":"product_cat-comprar-flor-de-canhamo","8":"first","9":"instock","10":"shipping-taxable","11":"purchasable","12":"product-type-variable","13":"has-default-attributes"},"yoast_head":"<!-- This site is optimized with the Yoast SEO plugin v27.3 - https:\/\/yoast.com\/product\/yoast-seo-wordpress\/ -->\n<title>Compre Suzy Q CBD Hemp Flower - Melhores Melhores Medicamentos Globais<\/title>\n<meta name=\"description\" content=\"Compre Suzy Q CBD Hemp Flower Full Spectrum Hemp Flower. Suzy Q \u00e9 uma cepa com alto teor de CBD e baixo THC com sabor de pinho que ajuda a tratar os sintomas com pouca ou nenhuma euforia.\" \/>\n<meta name=\"robots\" content=\"index, follow, max-snippet:-1, max-image-preview:large, max-video-preview:-1\" \/>\n<link rel=\"canonical\" href=\"https:\/\/medicinasinc.com\/pt\/product\/compre-suzy-q-cbd-flor-de-canhamo\/\" \/>\n<meta property=\"og:locale\" content=\"pt_PT\" \/>\n<meta property=\"og:type\" content=\"article\" \/>\n<meta property=\"og:title\" content=\"Compre Suzy Q CBD Hemp Flower - Melhores Melhores Medicamentos Globais\" \/>\n<meta property=\"og:description\" content=\"Compre Suzy Q CBD Hemp Flower Full Spectrum Hemp Flower. Suzy Q \u00e9 uma cepa com alto teor de CBD e baixo THC com sabor de pinho que ajuda a tratar os sintomas com pouca ou nenhuma euforia.\" \/>\n<meta property=\"og:url\" content=\"https:\/\/medicinasinc.com\/pt\/product\/compre-suzy-q-cbd-flor-de-canhamo\/\" \/>\n<meta property=\"og:site_name\" content=\"Medicinas Inc\" \/>\n<meta property=\"article:modified_time\" content=\"2022-07-05T23:48:49+00:00\" \/>\n<meta property=\"og:image\" content=\"https:\/\/medicinasinc.com\/pt\/wp-content\/uploads\/sites\/20\/2022\/02\/Buy-Suzy-Q-CBD-Hemp-Flower-Online.jpg\" \/>\n\t<meta property=\"og:image:width\" content=\"600\" \/>\n\t<meta property=\"og:image:height\" content=\"600\" \/>\n\t<meta property=\"og:image:type\" content=\"image\/jpeg\" \/>\n<meta name=\"twitter:card\" content=\"summary_large_image\" \/>\n<meta name=\"twitter:label1\" content=\"Tempo estimado de leitura\" \/>\n\t<meta name=\"twitter:data1\" content=\"2 minutos\" \/>\n<script type=\"application\/ld+json\" class=\"yoast-schema-graph\">{\"@context\":\"https:\\\/\\\/schema.org\",\"@graph\":[{\"@type\":\"WebPage\",\"@id\":\"https:\\\/\\\/medicinasinc.com\\\/pt\\\/product\\\/compre-suzy-q-cbd-flor-de-canhamo\\\/\",\"url\":\"https:\\\/\\\/medicinasinc.com\\\/pt\\\/product\\\/compre-suzy-q-cbd-flor-de-canhamo\\\/\",\"name\":\"Compre Suzy Q CBD Hemp Flower - Melhores Melhores Medicamentos Globais\",\"isPartOf\":{\"@id\":\"https:\\\/\\\/medicinasinc.com\\\/pt\\\/#website\"},\"primaryImageOfPage\":{\"@id\":\"https:\\\/\\\/medicinasinc.com\\\/pt\\\/product\\\/compre-suzy-q-cbd-flor-de-canhamo\\\/#primaryimage\"},\"image\":{\"@id\":\"https:\\\/\\\/medicinasinc.com\\\/pt\\\/product\\\/compre-suzy-q-cbd-flor-de-canhamo\\\/#primaryimage\"},\"thumbnailUrl\":\"https:\\\/\\\/medicinasinc.com\\\/pt\\\/wp-content\\\/uploads\\\/sites\\\/20\\\/2022\\\/02\\\/Buy-Suzy-Q-CBD-Hemp-Flower-Online.jpg\",\"datePublished\":\"2022-02-20T15:39:59+00:00\",\"dateModified\":\"2022-07-05T23:48:49+00:00\",\"description\":\"Compre Suzy Q CBD Hemp Flower Full Spectrum Hemp Flower. Suzy Q \u00e9 uma cepa com alto teor de CBD e baixo THC com sabor de pinho que ajuda a tratar os sintomas com pouca ou nenhuma euforia.\",\"breadcrumb\":{\"@id\":\"https:\\\/\\\/medicinasinc.com\\\/pt\\\/product\\\/compre-suzy-q-cbd-flor-de-canhamo\\\/#breadcrumb\"},\"inLanguage\":\"pt-PT\",\"potentialAction\":[{\"@type\":\"ReadAction\",\"target\":[\"https:\\\/\\\/medicinasinc.com\\\/pt\\\/product\\\/compre-suzy-q-cbd-flor-de-canhamo\\\/\"]}]},{\"@type\":\"ImageObject\",\"inLanguage\":\"pt-PT\",\"@id\":\"https:\\\/\\\/medicinasinc.com\\\/pt\\\/product\\\/compre-suzy-q-cbd-flor-de-canhamo\\\/#primaryimage\",\"url\":\"https:\\\/\\\/medicinasinc.com\\\/pt\\\/wp-content\\\/uploads\\\/sites\\\/20\\\/2022\\\/02\\\/Buy-Suzy-Q-CBD-Hemp-Flower-Online.jpg\",\"contentUrl\":\"https:\\\/\\\/medicinasinc.com\\\/pt\\\/wp-content\\\/uploads\\\/sites\\\/20\\\/2022\\\/02\\\/Buy-Suzy-Q-CBD-Hemp-Flower-Online.jpg\",\"width\":600,\"height\":600},{\"@type\":\"BreadcrumbList\",\"@id\":\"https:\\\/\\\/medicinasinc.com\\\/pt\\\/product\\\/compre-suzy-q-cbd-flor-de-canhamo\\\/#breadcrumb\",\"itemListElement\":[{\"@type\":\"ListItem\",\"position\":1,\"name\":\"Comprar\",\"item\":\"https:\\\/\\\/medicinasinc.com\\\/pt\\\/comprar\\\/\"},{\"@type\":\"ListItem\",\"position\":2,\"name\":\"Compre a flor de c\u00e2nhamo Suzy Q CBD\"}]},{\"@type\":\"WebSite\",\"@id\":\"https:\\\/\\\/medicinasinc.com\\\/pt\\\/#website\",\"url\":\"https:\\\/\\\/medicinasinc.com\\\/pt\\\/\",\"name\":\"Medicinas Inc\",\"description\":\"Health Medical Clinic\",\"potentialAction\":[{\"@type\":\"SearchAction\",\"target\":{\"@type\":\"EntryPoint\",\"urlTemplate\":\"https:\\\/\\\/medicinasinc.com\\\/pt\\\/?s={search_term_string}\"},\"query-input\":{\"@type\":\"PropertyValueSpecification\",\"valueRequired\":true,\"valueName\":\"search_term_string\"}}],\"inLanguage\":\"pt-PT\"}]}<\/script>\n<!-- \/ Yoast SEO plugin. -->","yoast_head_json":{"title":"Compre Suzy Q CBD Hemp Flower - Melhores Melhores Medicamentos Globais","description":"Compre Suzy Q CBD Hemp Flower Full Spectrum Hemp Flower. Suzy Q \u00e9 uma cepa com alto teor de CBD e baixo THC com sabor de pinho que ajuda a tratar os sintomas com pouca ou nenhuma euforia.","robots":{"index":"index","follow":"follow","max-snippet":"max-snippet:-1","max-image-preview":"max-image-preview:large","max-video-preview":"max-video-preview:-1"},"canonical":"https:\/\/medicinasinc.com\/pt\/product\/compre-suzy-q-cbd-flor-de-canhamo\/","og_locale":"pt_PT","og_type":"article","og_title":"Compre Suzy Q CBD Hemp Flower - Melhores Melhores Medicamentos Globais","og_description":"Compre Suzy Q CBD Hemp Flower Full Spectrum Hemp Flower. Suzy Q \u00e9 uma cepa com alto teor de CBD e baixo THC com sabor de pinho que ajuda a tratar os sintomas com pouca ou nenhuma euforia.","og_url":"https:\/\/medicinasinc.com\/pt\/product\/compre-suzy-q-cbd-flor-de-canhamo\/","og_site_name":"Medicinas Inc","article_modified_time":"2022-07-05T23:48:49+00:00","og_image":[{"width":600,"height":600,"url":"https:\/\/medicinasinc.com\/pt\/wp-content\/uploads\/sites\/20\/2022\/02\/Buy-Suzy-Q-CBD-Hemp-Flower-Online.jpg","type":"image\/jpeg"}],"twitter_card":"summary_large_image","twitter_misc":{"Tempo estimado de leitura":"2 minutos"},"schema":{"@context":"https:\/\/schema.org","@graph":[{"@type":"WebPage","@id":"https:\/\/medicinasinc.com\/pt\/product\/compre-suzy-q-cbd-flor-de-canhamo\/","url":"https:\/\/medicinasinc.com\/pt\/product\/compre-suzy-q-cbd-flor-de-canhamo\/","name":"Compre Suzy Q CBD Hemp Flower - Melhores Melhores Medicamentos Globais","isPartOf":{"@id":"https:\/\/medicinasinc.com\/pt\/#website"},"primaryImageOfPage":{"@id":"https:\/\/medicinasinc.com\/pt\/product\/compre-suzy-q-cbd-flor-de-canhamo\/#primaryimage"},"image":{"@id":"https:\/\/medicinasinc.com\/pt\/product\/compre-suzy-q-cbd-flor-de-canhamo\/#primaryimage"},"thumbnailUrl":"https:\/\/medicinasinc.com\/pt\/wp-content\/uploads\/sites\/20\/2022\/02\/Buy-Suzy-Q-CBD-Hemp-Flower-Online.jpg","datePublished":"2022-02-20T15:39:59+00:00","dateModified":"2022-07-05T23:48:49+00:00","description":"Compre Suzy Q CBD Hemp Flower Full Spectrum Hemp Flower. Suzy Q \u00e9 uma cepa com alto teor de CBD e baixo THC com sabor de pinho que ajuda a tratar os sintomas com pouca ou nenhuma euforia.","breadcrumb":{"@id":"https:\/\/medicinasinc.com\/pt\/product\/compre-suzy-q-cbd-flor-de-canhamo\/#breadcrumb"},"inLanguage":"pt-PT","potentialAction":[{"@type":"ReadAction","target":["https:\/\/medicinasinc.com\/pt\/product\/compre-suzy-q-cbd-flor-de-canhamo\/"]}]},{"@type":"ImageObject","inLanguage":"pt-PT","@id":"https:\/\/medicinasinc.com\/pt\/product\/compre-suzy-q-cbd-flor-de-canhamo\/#primaryimage","url":"https:\/\/medicinasinc.com\/pt\/wp-content\/uploads\/sites\/20\/2022\/02\/Buy-Suzy-Q-CBD-Hemp-Flower-Online.jpg","contentUrl":"https:\/\/medicinasinc.com\/pt\/wp-content\/uploads\/sites\/20\/2022\/02\/Buy-Suzy-Q-CBD-Hemp-Flower-Online.jpg","width":600,"height":600},{"@type":"BreadcrumbList","@id":"https:\/\/medicinasinc.com\/pt\/product\/compre-suzy-q-cbd-flor-de-canhamo\/#breadcrumb","itemListElement":[{"@type":"ListItem","position":1,"name":"Comprar","item":"https:\/\/medicinasinc.com\/pt\/comprar\/"},{"@type":"ListItem","position":2,"name":"Compre a flor de c\u00e2nhamo Suzy Q CBD"}]},{"@type":"WebSite","@id":"https:\/\/medicinasinc.com\/pt\/#website","url":"https:\/\/medicinasinc.com\/pt\/","name":"Medicinas Inc","description":"Health Medical Clinic","potentialAction":[{"@type":"SearchAction","target":{"@type":"EntryPoint","urlTemplate":"https:\/\/medicinasinc.com\/pt\/?s={search_term_string}"},"query-input":{"@type":"PropertyValueSpecification","valueRequired":true,"valueName":"search_term_string"}}],"inLanguage":"pt-PT"}]}},"_links":{"self":[{"href":"https:\/\/medicinasinc.com\/pt\/wp-json\/wp\/v2\/product\/4759","targetHints":{"allow":["GET"]}}],"collection":[{"href":"https:\/\/medicinasinc.com\/pt\/wp-json\/wp\/v2\/product"}],"about":[{"href":"https:\/\/medicinasinc.com\/pt\/wp-json\/wp\/v2\/types\/product"}],"replies":[{"embeddable":true,"href":"https:\/\/medicinasinc.com\/pt\/wp-json\/wp\/v2\/comments?post=4759"}],"wp:featuredmedia":[{"embeddable":true,"href":"https:\/\/medicinasinc.com\/pt\/wp-json\/wp\/v2\/media\/4773"}],"wp:attachment":[{"href":"https:\/\/medicinasinc.com\/pt\/wp-json\/wp\/v2\/media?parent=4759"}],"wp:term":[{"taxonomy":"product_brand","embeddable":true,"href":"https:\/\/medicinasinc.com\/pt\/wp-json\/wp\/v2\/product_brand?post=4759"},{"taxonomy":"product_cat","embeddable":true,"href":"https:\/\/medicinasinc.com\/pt\/wp-json\/wp\/v2\/product_cat?post=4759"},{"taxonomy":"product_tag","embeddable":true,"href":"https:\/\/medicinasinc.com\/pt\/wp-json\/wp\/v2\/product_tag?post=4759"}],"curies":[{"name":"wp","href":"https:\/\/api.w.org\/{rel}","templated":true}]}}